{"id":21839,"date":"2018-01-02T01:04:22","date_gmt":"2018-01-02T01:04:22","guid":{"rendered":"http:\/\/biblian.is\/videy\/lukasargudspjall-17-kafli\/"},"modified":"2018-01-02T01:04:22","modified_gmt":"2018-01-02T01:04:22","slug":"lukasargudspjall-17-kafli","status":"publish","type":"page","link":"https:\/\/biblian.is\/videy\/lukasargudspjall-17-kafli\/","title":{"rendered":"L\u00fakasargu\u00f0spjall 17. kafli"},"content":{"rendered":"<div class=\"fyrirsognVidey\">Jes\u00fas talar um hneykslanir, s\u00e1ttgirni, tr\u00fa; a\u00f0 menn eigi ekki a\u00f0 \u00e6tla til launa, \u00fe\u00f3 \u00feeir gj\u00f6ri skyldu s\u00edna; l\u00e6knar t\u00edu l\u00edk\u00fer\u00e1a; talar um hv\u00f6rninn Gu\u00f0s r\u00edki koma muni.<\/div>\n<p><a name=\"1\"><span class=\"versanumer\">1<\/span><\/a>S\u00ed\u00f0an sag\u00f0i hann vi\u00f0 l\u00e6risveina s\u00edna: ekki getur hj\u00e1 \u00fev\u00ed fari\u00f0, a\u00f0 ekki komi hneyksli; en vei \u00feeim, er \u00fev\u00ed veldur.<a name=\"2\"><span class=\"versanumer\">2<\/span><\/a>Betra v\u00e6ri honum, a\u00f0 myllusteinn v\u00e6ri hengdur um h\u00e1ls honum, og honum v\u00e6ri s\u00f6kkt \u00ed sj\u00f3, en a\u00f0 hann hneyksli einn af \u00feessum sm\u00e6lingjum.<a name=\"3\"><span class=\"versanumer\">3<\/span><\/a>G\u00e6ti\u00f0 y\u00f0ar \u00fev\u00ed. Hafi einhv\u00f6r gj\u00f6rt \u00e1 hluta \u00feinn, \u00fe\u00e1 \u00e1tel hann, og i\u00f0ri hann \u00feess, \u00fe\u00e1 fyrirgef honum \u00fea\u00f0,<a name=\"4\"><span class=\"versanumer\">4<\/span><\/a>og \u00fe\u00f3tt hann sj\u00f6 sinnum \u00e1 degi hafi misgj\u00f6rt vi\u00f0 \u00feig, og komi sj\u00f6 sinnum og segi sig i\u00f0ra \u00feess, \u00fe\u00e1 \u00e1ttu a\u00f0 fyrirgefa honum.<a name=\"5\"><span class=\"versanumer\">5<\/span><\/a>Einhv\u00f6rju sinni s\u00f6g\u00f0u postularnir til Drottins: auk \u00fe\u00fa oss tr\u00fana.<a name=\"6\"><span class=\"versanumer\">6<\/span><\/a>\u00de\u00e1 sag\u00f0i hann: \u00fe\u00f3 y\u00f0ar tr\u00fa v\u00e6ri ekki st\u00e6rri, en svara\u00f0i mustar\u00f0skorni, mundu\u00f0 \u00fe\u00e9r geta sagt til \u00feessa m\u00f3rberjatr\u00e9s: r\u00edf \u00fe\u00fa \u00feig upp me\u00f0 r\u00f3tum, og fest\u00fa aftur r\u00e6tur \u00ed hafinu; \u00fe\u00e1 mundi \u00fea\u00f0 hl\u00fd\u00f0a y\u00f0ur.<a name=\"7\"><span class=\"versanumer\">7<\/span><\/a>Hv\u00f6r er s\u00e1 af y\u00f0ur, sem hefir \u00fej\u00f3n, er pl\u00e6gir j\u00f6r\u00f0 og g\u00e6tir fj\u00e1r, a\u00f0 hann segi vi\u00f0 hann, n\u00e6r hann kemur af akri, a\u00f0 hann skuli setjast til matar;<a name=\"8\"><span class=\"versanumer\">8<\/span><\/a>mun hann ekki fyrst segja: b\u00fa \u00fe\u00fa m\u00e9r kv\u00f6ldver\u00f0, gir\u00f0 \u00fe\u00fa \u00feig, og \u00fej\u00f3na \u00fe\u00fa m\u00e9r, me\u00f0an eg et og drekk, eftir \u00feetta m\u00e1ttu f\u00e1 \u00fe\u00e9r mat og drykk;<a name=\"9\"><span class=\"versanumer\">9<\/span><\/a>hv\u00f6rt mun hann gjalda \u00fej\u00f3ni \u00feeim \u00feakkir, \u00fe\u00f3tt hann gj\u00f6ri \u00fea\u00f0, sem honum var bo\u00f0i\u00f0? eg held ekki.<a name=\"10\"><span class=\"versanumer\">10<\/span><\/a>S\u00f6mulei\u00f0is eigi\u00f0 \u00fe\u00e9r a\u00f0 segja, n\u00e6r \u00fe\u00e9r hafi\u00f0 gj\u00f6rt allt hva\u00f0 y\u00f0ur var bo\u00f0i\u00f0: \u00f3n\u00fdtir \u00fej\u00f3nar erum v\u00e9r, \u00fear e\u00f0 v\u00e9r h\u00f6fum einungis gj\u00f6rt hva\u00f0 vor skylda var.<br \/><a name=\"11\"><span class=\"versanumer\">11<\/span><\/a>\u00deegar hann var \u00e1 fer\u00f0 sinni til Jer\u00fasalem, og lei\u00f0 hans l\u00e1 millum Samar\u00edu og Galileu,<a name=\"12\"><span class=\"versanumer\">12<\/span><\/a>og hann f\u00f3r inn \u00ed \u00feorp nokkurt, \u00fe\u00e1 m\u00e6ttu honum t\u00edu menn l\u00edk\u00fer\u00e1ir; \u00feeir st\u00f3\u00f0u langt fr\u00e1 <span class='VideyAth'>a)<\/span>,<a name=\"13\"><span class=\"versanumer\">13<\/span><\/a>k\u00f6llu\u00f0u og s\u00f6g\u00f0u: Jes\u00fa Meistari! miskunna \u00fe\u00fa oss!<a name=\"14\"><span class=\"versanumer\">14<\/span><\/a>og er hann leit \u00fe\u00e1, sag\u00f0i hann: fari\u00f0 og s\u00fdni\u00f0 y\u00f0ur prestunum. En svo bar vi\u00f0, er \u00feeir f\u00f3ru, a\u00f0 \u00feeir ur\u00f0u heilbrig\u00f0ir.<a name=\"15\"><span class=\"versanumer\">15<\/span><\/a>En einn af \u00feeim, \u00feegar hann s\u00e1, a\u00f0 hann var heill or\u00f0inn, sneri aftur og lofa\u00f0i Gu\u00f0 me\u00f0 h\u00e1rri raustu,<a name=\"16\"><span class=\"versanumer\">16<\/span><\/a>og f\u00e9ll til f\u00f3ta Jes\u00fa og \u00feakka\u00f0i honum; en \u00feessi ma\u00f0ur var samverskur.<a name=\"17\"><span class=\"versanumer\">17<\/span><\/a>\u00de\u00e1 sag\u00f0i Jes\u00fas: v\u00f3ru \u00feeir ekki t\u00edu, sem heilbrig\u00f0ir ur\u00f0u? hvar eru hinir n\u00edu?<a name=\"18\"><span class=\"versanumer\">18<\/span><\/a>fundust engir, sem vildu aftur sn\u00faa og lofa Gu\u00f0, nema \u00feessi \u00fatlendingur?<a name=\"19\"><span class=\"versanumer\">19<\/span><\/a>S\u00ed\u00f0an sag\u00f0i Jes\u00fas vi\u00f0 hann: statt\u00fa \u00e1 f\u00e6tur, og far \u00fe\u00fa lei\u00f0ar \u00feinnar; \u00fe\u00edn tr\u00fa hefir frelsa\u00f0 \u00feig.<br \/><a name=\"20\"><span class=\"versanumer\">20<\/span><\/a>Einhv\u00f6rju sinni spur\u00f0u farisear hann a\u00f0, n\u00e6r Gu\u00f0s r\u00edki mundi koma? \u00de\u00e1 svara\u00f0i hann \u00feeim: Gu\u00f0s r\u00edki kemur ekki \u00feannig, a\u00f0 \u00e1 \u00fev\u00ed beri;<a name=\"21\"><span class=\"versanumer\">21<\/span><\/a>og ekki ver\u00f0ur sagt: sj\u00e1! \u00fea\u00f0 er \u00fear, e\u00f0a \u00fea\u00f0 er h\u00e9r; \u00fev\u00ed Gu\u00f0s r\u00edki er hi\u00f0 innra \u00ed y\u00f0ur.<a name=\"22\"><span class=\"versanumer\">22<\/span><\/a>S\u00ed\u00f0an sag\u00f0i hann til l\u00e6risveina sinna: s\u00e1 t\u00edmi mun koma a\u00f0 y\u00f0ur mun langa eftir a\u00f0 sj\u00e1 einn dag Mannsins Sonar <span class='VideyAth'>b)<\/span>, og \u00fe\u00e9r munu\u00f0 ekki sj\u00e1 hann.<a name=\"23\"><span class=\"versanumer\">23<\/span><\/a>\u00de\u00e1 munu sumir segja vi\u00f0 y\u00f0ur: sj\u00e1i\u00f0! hann er \u00fear! hann er h\u00e9r! en fari\u00f0 ekki \u00feanga\u00f0 og fylgi\u00f0 \u00feeim ekki;<a name=\"24\"><span class=\"versanumer\">24<\/span><\/a>\u00fev\u00ed eins og leiftrandi elding l\u00ed\u00f0ur fr\u00e1 einu skauti himins til annars, eins mun og ver\u00f0a tilkoma Mannsins Sonar;<a name=\"25\"><span class=\"versanumer\">25<\/span><\/a>en \u00e1\u00f0ur hl\u00fdtur hann margt a\u00f0 l\u00ed\u00f0a og fyrirlitinn a\u00f0 ver\u00f0a af \u00feessarar aldar m\u00f6nnum.<a name=\"26\"><span class=\"versanumer\">26<\/span><\/a>\u00dev\u00ed eins og gekk til \u00e1 d\u00f6gum N\u00f3a, eins mun tilganga vi\u00f0 tilkomu Mannsins Sonar.<a name=\"27\"><span class=\"versanumer\">27<\/span><\/a>\u00deeir h\u00e9ldu veislur, t\u00f3ku s\u00e9r konur og giftust, allt til \u00feess dags, er N\u00f3i f\u00f3r inn \u00ed \u00f6rkina og fl\u00f3\u00f0i\u00f0 kom, sem ey\u00f0ilag\u00f0i \u00fe\u00e1 alla.<a name=\"28\"><span class=\"versanumer\">28<\/span><\/a>Eins gekk til \u00e1 d\u00f6gum Lots, \u00feeir s\u00e1tu a\u00f0 veislum, keyptu, seldu, pl\u00f6ntu\u00f0u og bygg\u00f0u h\u00fas;<a name=\"29\"><span class=\"versanumer\">29<\/span><\/a>en \u00e1 \u00feeim degi, \u00feegar Lot f\u00f3r \u00fat af S\u00f3d\u00f3mu, rigndi eldi og brennisteini af himni, sem ey\u00f0ilag\u00f0i \u00fe\u00e1 alla.<a name=\"30\"><span class=\"versanumer\">30<\/span><\/a>Eins mun tilganga \u00e1 \u00feeim degi \u00feegar Mannsins Sonur birtist.<a name=\"31\"><span class=\"versanumer\">31<\/span><\/a>\u00c1 \u00feeim degi \u00fe\u00e1 varist \u00fe\u00e1, sem er \u00e1 \u00feaki uppi, a\u00f0 fara ni\u00f0ur \u00ed h\u00fasi\u00f0 a\u00f0 taka b\u00fasg\u00f6gn s\u00edn; eins s\u00e1, sem er \u00e1 akri, a\u00f0 sn\u00faa aftur.<a name=\"32\"><span class=\"versanumer\">32<\/span><\/a>Muni\u00f0 til konu Lots;<a name=\"33\"><span class=\"versanumer\">33<\/span><\/a>s\u00e1, sem \u00fe\u00e1 vill for\u00f0a l\u00edfi s\u00ednu mun t\u00fdna \u00fev\u00ed, en s\u00e1, sem stofnar \u00fev\u00ed \u00ed h\u00e6ttu, mun f\u00e1 \u00fev\u00ed borgi\u00f0.<a name=\"34\"><span class=\"versanumer\">34<\/span><\/a>Tr\u00fai\u00f0 m\u00e9r! \u00e1 \u00feeirri n\u00f3ttu munu tveir vera \u00ed einu hv\u00edlur\u00fami, s\u00e1 eini mun ver\u00f0a me\u00f0tekinn, og hinn eftirskilinn;<a name=\"35\"><span class=\"versanumer\">35<\/span><\/a>tv\u00e6r munu mala saman, \u00f6nnur \u00feeirra mun ver\u00f0a me\u00f0tekin, hin eftirskilin.<a name=\"36\"><span class=\"versanumer\">36<\/span><\/a>\u00de\u00e1 spur\u00f0u \u00feeir hann a\u00f0: hvar \u00fe\u00e1, Herra? hann sag\u00f0i: \u00fear <span class='VideyAth'>c)<\/span>, sem hr\u00e6i\u00f0 er, \u00feanga\u00f0 munu ernirnir safnast.<\/p>\n<div class=\"footnoteVidey\">V. 1\u20135. Matt. 18,6\u20138.15.21.22.  Mark. 9,42.  V. 6. Matt. 17,20. 21,21. Mark. 11,23.  V. 12. a. \u00deeir m\u00e1ttu ekki koma n\u00e1l\u00e6gt heilbrig\u00f0um m\u00f6nnum. 3 M\u00f3s. 13,45.46.  V. 22. b. \u00de. e. einn dag hans tilkomanda r\u00edkis.  V. 23. Matt. 24,23.26.27.  V. 26. Matt. 24,37\u201339. 1 M\u00f3s. 6,2.4. 7,1.21.  V. 28. 1 M\u00f3s. 19,24.  V. 31. Matt. 24,17.18. Mark. 13,15.16.  V. 34. Matt. 24,40.41.  V. 36. Matt. 24,28. c. \u00dear, nefnil. \u00ed Jer\u00fasalemsborg; af \u00fev\u00ed \u00f3gu\u00f0leikinn var \u00fear mestur, lag\u00f0ist straffi\u00f0 \u00feyngst \u00e1 hana. \u00dear sem sekt er, \u00fear er hegningin v\u00eds.<\/div>\n","protected":false},"excerpt":{"rendered":"<p>Jes\u00fas talar um hneykslanir, s\u00e1ttgirni, tr\u00fa; a\u00f0 menn eigi ekki a\u00f0 \u00e6tla til launa, \u00fe\u00f3 \u00feeir gj\u00f6ri skyldu s\u00edna; l\u00e6knar t\u00edu l\u00edk\u00fer\u00e1a; talar um hv\u00f6rninn Gu\u00f0s r\u00edki koma muni. 1S\u00ed\u00f0an sag\u00f0i hann vi\u00f0 l\u00e6risveina s\u00edna: ekki getur hj\u00e1 \u00fev\u00ed fari\u00f0, a\u00f0 ekki komi hneyksli; en vei \u00feeim, er \u00fev\u00ed veldur.2Betra v\u00e6ri honum, a\u00f0 myllusteinn v\u00e6ri hengdur um h\u00e1ls honum, og honum v\u00e6ri s\u00f6kkt \u00ed sj\u00f3, en a\u00f0 hann hneyksli einn af \u00feessum sm\u00e6lingjum.3G\u00e6ti\u00f0 y\u00f0ar \u00fev\u00ed. Hafi einhv\u00f6r gj\u00f6rt \u00e1 hluta \u00feinn, \u00fe\u00e1 \u00e1tel hann, og i\u00f0ri hann \u00feess, \u00fe\u00e1 fyrirgef honum \u00fea\u00f0,4og \u00fe\u00f3tt hann sj\u00f6 sinnum \u00e1 degi hafi misgj\u00f6rt <a href=\"https:\/\/biblian.is\/videy\/lukasargudspjall-17-kafli\/\"> [&#8230;]<\/a><\/p>\n","protected":false},"author":1,"featured_media":0,"parent":0,"menu_order":0,"comment_status":"open","ping_status":"open","template":"bibliukaflar.php","meta":{"footnotes":""},"class_list":["post-21839","page","type-page","status-publish","hentry"],"_links":{"self":[{"href":"https:\/\/biblian.is\/videy\/wp-json\/wp\/v2\/pages\/21839","targetHints":{"allow":["GET"]}}],"collection":[{"href":"https:\/\/biblian.is\/videy\/wp-json\/wp\/v2\/pages"}],"about":[{"href":"https:\/\/biblian.is\/videy\/wp-json\/wp\/v2\/types\/page"}],"author":[{"embeddable":true,"href":"https:\/\/biblian.is\/videy\/wp-json\/wp\/v2\/users\/1"}],"replies":[{"embeddable":true,"href":"https:\/\/biblian.is\/videy\/wp-json\/wp\/v2\/comments?post=21839"}],"version-history":[{"count":0,"href":"https:\/\/biblian.is\/videy\/wp-json\/wp\/v2\/pages\/21839\/revisions"}],"wp:attachment":[{"href":"https:\/\/biblian.is\/videy\/wp-json\/wp\/v2\/media?parent=21839"}],"curies":[{"name":"wp","href":"https:\/\/api.w.org\/{rel}","templated":true}]}}