{"id":21837,"date":"2018-01-02T01:04:22","date_gmt":"2018-01-02T01:04:22","guid":{"rendered":"http:\/\/biblian.is\/videy\/lukasargudspjall-15-kafli\/"},"modified":"2018-01-02T01:04:22","modified_gmt":"2018-01-02T01:04:22","slug":"lukasargudspjall-15-kafli","status":"publish","type":"page","link":"https:\/\/biblian.is\/videy\/lukasargudspjall-15-kafli\/","title":{"rendered":"L\u00fakasargu\u00f0spjall 15. kafli"},"content":{"rendered":"<div class=\"fyrirsognVidey\">D\u00e6misagan um \u00feann t\u00fdnda sau\u00f0; hinn missta pening og \u00feann tapa\u00f0a son.<\/div>\n<p><a name=\"1\"><span class=\"versanumer\">1<\/span><\/a>\u00de\u00e1 komu til hans margir tollheimtumenn og bersyndugir a\u00f0 heyra kenningu hans;<a name=\"2\"><span class=\"versanumer\">2<\/span><\/a>en far\u00edsear og skriftl\u00e6r\u00f0ir \u00f6mu\u00f0ust vi\u00f0 \u00fev\u00ed, og spur\u00f0u, \u00fev\u00ed hann t\u00e6ki a\u00f0 s\u00e9r bersynduga, og hef\u00f0i samneyti vi\u00f0 \u00fe\u00e1?<a name=\"3\"><span class=\"versanumer\">3<\/span><\/a>\u00de\u00e1 sag\u00f0i Jes\u00fas \u00feeim \u00feessa d\u00e6mis\u00f6gu:<a name=\"4\"><span class=\"versanumer\">4<\/span><\/a>hv\u00f6r er s\u00e1 af y\u00f0ur er \u00e1 hundra\u00f0 sau\u00f0i, og t\u00fdnir einum af \u00feeim, a\u00f0 hann ekki skilji \u00fe\u00e1 n\u00edu og n\u00edut\u00edu eftir \u00ed au\u00f0n, og fari a\u00f0 leita \u00feess, er t\u00fdndur var, \u00feanga\u00f0 til hann finnur hann?<a name=\"5\"><span class=\"versanumer\">5<\/span><\/a>og \u00feegar hann hefir fundi\u00f0 hann, leggur hann hann me\u00f0 gle\u00f0i \u00e1 her\u00f0ar s\u00e9r,<a name=\"6\"><span class=\"versanumer\">6<\/span><\/a>og n\u00e6r hann er heim kominn, kallar hann saman vini s\u00edna og n\u00e1granna, og segir: gle\u00f0jist me\u00f0 m\u00e9r, eg hefi minn sau\u00f0 aftur fundi\u00f0, sem eg t\u00fdndi.<a name=\"7\"><span class=\"versanumer\">7<\/span><\/a>Tr\u00fai\u00f0 m\u00e9r, meiri gle\u00f0i mun \u00e1 himni ver\u00f0a yfir einum syndugum, sem b\u00e6tir r\u00e1\u00f0 sitt, en yfir n\u00edut\u00edu og n\u00edu r\u00e9ttl\u00e1tum, er ekki \u00feurfa endurb\u00f3tar vi\u00f0.<a name=\"8\"><span class=\"versanumer\">8<\/span><\/a>E\u00f0ur hv\u00f6r er s\u00fa kona, sem \u00e1 t\u00edu peninga, og t\u00fdni h\u00fan einum, a\u00f0 h\u00fan ekki kveiki lj\u00f3s, s\u00f3pi h\u00fasi\u00f0 og leiti vandlega til \u00feess h\u00fan finnur hann?<a name=\"9\"><span class=\"versanumer\">9<\/span><\/a>Og \u00feegar h\u00fan hefir fundi\u00f0 hann, kallar h\u00fan \u00e1 vinkonur s\u00ednar og grannkonur, og segir: samgle\u00f0jist me\u00f0 m\u00e9r! eg hefi minn pening aftur fundi\u00f0, sem eg t\u00fdndi.<a name=\"10\"><span class=\"versanumer\">10<\/span><\/a>\u00deannig munu englar Gu\u00f0s gle\u00f0jast yfir einum syndugum, sem b\u00e6tir r\u00e1\u00f0 sitt.<a name=\"11\"><span class=\"versanumer\">11<\/span><\/a>Framvegis sag\u00f0i hann: ma\u00f0ur nokkur \u00e1tti tvo sonu,<a name=\"12\"><span class=\"versanumer\">12<\/span><\/a>s\u00e1 yngri \u00feeirra sag\u00f0i vi\u00f0 f\u00f6\u00f0ur sinn: l\u00e1t mig f\u00e1 \u00feann hluta fj\u00e1rins, sem m\u00e9r ber; og hann skipti milli \u00feeirra f\u00e9nu.<a name=\"13\"><span class=\"versanumer\">13<\/span><\/a>Sk\u00f6mmu s\u00ed\u00f0ar t\u00f3k s\u00e1 yngri allt f\u00e9 sitt og fer\u00f0a\u00f0ist \u00ed fjarl\u00e6gt land; \u00fear s\u00f3a\u00f0i hann f\u00e9 s\u00ednu \u00ed \u00f3h\u00f3fs\u00f6mum lifna\u00f0i.<a name=\"14\"><span class=\"versanumer\">14<\/span><\/a>N\u00fa er hann haf\u00f0i eytt \u00f6llum eigum s\u00ednum, kom \u00fear miki\u00f0 hall\u00e6ri \u00ed landi\u00f0, t\u00f3k hann \u00fe\u00e1 a\u00f0 l\u00ed\u00f0a nau\u00f0,<a name=\"15\"><span class=\"versanumer\">15<\/span><\/a>f\u00f3r hann \u00fe\u00e1 og h\u00e9lt sig til eins borgarmanns \u00fear \u00ed bygg\u00f0arlaginu, sem sendi hann \u00fat \u00e1 b\u00fa sitt, a\u00f0 g\u00e6ta \u00fear sv\u00edna sinna;<a name=\"16\"><span class=\"versanumer\">16<\/span><\/a>girntist hann \u00fe\u00e1 a\u00f0 se\u00f0ja sig af drafi \u00fev\u00ed, er sv\u00ednin \u00e1tu; enginn var s\u00e1, er g\u00e6fi honum nokku\u00f0.<a name=\"17\"><span class=\"versanumer\">17<\/span><\/a>N\u00fa s\u00e1 hann a\u00f0 s\u00e9r og sag\u00f0i: hv\u00f6rsu marga daglaunamenn heldur fa\u00f0ir minn, sem hafa gn\u00e6g\u00f0 matar, en eg ferst \u00ed hungri;<a name=\"18\"><span class=\"versanumer\">18<\/span><\/a>eg vil taka mig upp og fara til f\u00f6\u00f0ur m\u00edns, og segja vi\u00f0 hann: Fa\u00f0ir! eg hefi misbroti\u00f0 vi\u00f0 Gu\u00f0 og \u00feig,<a name=\"19\"><span class=\"versanumer\">19<\/span><\/a>og er ekki lengur ver\u00f0ur a\u00f0 heita sonur \u00feinn. L\u00e1t \u00fe\u00fa mig hafa \u00e1rangur me\u00f0 einum af verkam\u00f6nnum \u00fe\u00ednum.<a name=\"20\"><span class=\"versanumer\">20<\/span><\/a>Bj\u00f3st hann \u00fe\u00e1 til fer\u00f0ar til f\u00f6\u00f0ur s\u00edns; en er hann var enn n\u00fa langt \u00ed burtu, \u00feekkti fa\u00f0ir hans hann og kenndi \u00ed brj\u00f3sti um hann, hlj\u00f3p og f\u00e9ll um h\u00e1ls honum og kyssti hann.<a name=\"21\"><span class=\"versanumer\">21<\/span><\/a>En sonurinn sag\u00f0i vi\u00f0 hann: Fa\u00f0ir minn! eg hefi misbroti\u00f0 vi\u00f0 Gu\u00f0 og \u00feig, og er n\u00fa ekki framar ver\u00f0ur a\u00f0 heita sonur \u00feinn.<a name=\"22\"><span class=\"versanumer\">22<\/span><\/a>\u00de\u00e1 sag\u00f0i fa\u00f0irinn vi\u00f0 \u00fej\u00f3na s\u00edna: f\u00e6ri\u00f0 hinga\u00f0 hina bestu skikkju og f\u00e6ri\u00f0 hann \u00ed, dragi\u00f0 hring \u00e1 h\u00f6nd hans og sk\u00f3 \u00e1 f\u00e6tur honum;<a name=\"23\"><span class=\"versanumer\">23<\/span><\/a>komi\u00f0 me\u00f0 alik\u00e1lf og sl\u00e1tri\u00f0, svo v\u00e9r getum matast og veri\u00f0 gla\u00f0ir;<a name=\"24\"><span class=\"versanumer\">24<\/span><\/a>\u00fev\u00ed \u00feessi sonur minn, sem var dau\u00f0ur, er lifna\u00f0ur aftur, og hann, sem t\u00fdndur var, er fundinn; t\u00f3ku menn n\u00fa a\u00f0 gle\u00f0jast.<a name=\"25\"><span class=\"versanumer\">25<\/span><\/a>En svo bar vi\u00f0 a\u00f0 eldri br\u00f3\u00f0ir hans var \u00e1 akri, og er hann kom og n\u00e1lga\u00f0ist h\u00fasi\u00f0, heyr\u00f0i hann sams\u00f6ng og dans;<a name=\"26\"><span class=\"versanumer\">26<\/span><\/a>kalla\u00f0i hann \u00fe\u00e1 \u00e1 einn af \u00fej\u00f3nustum\u00f6nnunum, og fr\u00e9tti hann, hva\u00f0 um v\u00e6ri;<a name=\"27\"><span class=\"versanumer\">27<\/span><\/a>hann sag\u00f0i: br\u00f3\u00f0ir \u00feinn er kominn, og fa\u00f0ir \u00feinn hefir sl\u00e1tra\u00f0 alik\u00e1lfi, af \u00fev\u00ed hann heimti son sinn heilan heim.<a name=\"28\"><span class=\"versanumer\">28<\/span><\/a>Reiddist hann \u00fe\u00e1 og vildi ekki fara inn. Fa\u00f0ir hans f\u00f3r \u00fev\u00ed \u00fat og bau\u00f0 honum inn a\u00f0 koma.<a name=\"29\"><span class=\"versanumer\">29<\/span><\/a>Hann sag\u00f0i vi\u00f0 f\u00f6\u00f0ur sinn: \u00ed svo m\u00f6rg \u00e1r hefi eg n\u00fa \u00fej\u00f3na\u00f0 \u00fe\u00e9r og aldrei breytt \u00fat af bo\u00f0um \u00fe\u00ednum, \u00fe\u00f3 hefir \u00fe\u00fa aldrei gefi\u00f0 m\u00e9r ki\u00f0ling, a\u00f0 eg m\u00e6tti gle\u00f0jast me\u00f0 vinum m\u00ednum;<a name=\"30\"><span class=\"versanumer\">30<\/span><\/a>en \u00feessi sonur \u00feinn, sem s\u00f3a\u00f0 hefir aleigu sinni me\u00f0 sk\u00e6kjum, er n\u00fa kominn, og hans vegna sl\u00e1trar \u00fe\u00fa alik\u00e1lfi.<a name=\"31\"><span class=\"versanumer\">31<\/span><\/a>Hinn m\u00e6lti: sonur minn! \u00fe\u00fa ert alltaf me\u00f0 m\u00e9r og allar m\u00ednar eigur heyra \u00fe\u00e9r til;<a name=\"32\"><span class=\"versanumer\">32<\/span><\/a>n\u00fa \u00e6ttir \u00fe\u00fa a\u00f0 vera gla\u00f0ur og \u00ed g\u00f3\u00f0u skapi, \u00fear br\u00f3\u00f0ir \u00feinn, sem dau\u00f0ur var, er lifna\u00f0ur aftur, og hann, sem t\u00fdndur var, er fundinn.<\/p>\n<div class=\"footnoteVidey\">V. 4\u20137. Matt. 8,12.14.<\/div>\n","protected":false},"excerpt":{"rendered":"<p>D\u00e6misagan um \u00feann t\u00fdnda sau\u00f0; hinn missta pening og \u00feann tapa\u00f0a son. 1\u00de\u00e1 komu til hans margir tollheimtumenn og bersyndugir a\u00f0 heyra kenningu hans;2en far\u00edsear og skriftl\u00e6r\u00f0ir \u00f6mu\u00f0ust vi\u00f0 \u00fev\u00ed, og spur\u00f0u, \u00fev\u00ed hann t\u00e6ki a\u00f0 s\u00e9r bersynduga, og hef\u00f0i samneyti vi\u00f0 \u00fe\u00e1?3\u00de\u00e1 sag\u00f0i Jes\u00fas \u00feeim \u00feessa d\u00e6mis\u00f6gu:4hv\u00f6r er s\u00e1 af y\u00f0ur er \u00e1 hundra\u00f0 sau\u00f0i, og t\u00fdnir einum af \u00feeim, a\u00f0 hann ekki skilji \u00fe\u00e1 n\u00edu og n\u00edut\u00edu eftir \u00ed au\u00f0n, og fari a\u00f0 leita \u00feess, er t\u00fdndur var, \u00feanga\u00f0 til hann finnur hann?5og \u00feegar hann hefir fundi\u00f0 hann, leggur hann hann me\u00f0 gle\u00f0i \u00e1 her\u00f0ar s\u00e9r,6og n\u00e6r hann <a href=\"https:\/\/biblian.is\/videy\/lukasargudspjall-15-kafli\/\"> [&#8230;]<\/a><\/p>\n","protected":false},"author":1,"featured_media":0,"parent":0,"menu_order":0,"comment_status":"open","ping_status":"open","template":"bibliukaflar.php","meta":{"footnotes":""},"class_list":["post-21837","page","type-page","status-publish","hentry"],"_links":{"self":[{"href":"https:\/\/biblian.is\/videy\/wp-json\/wp\/v2\/pages\/21837","targetHints":{"allow":["GET"]}}],"collection":[{"href":"https:\/\/biblian.is\/videy\/wp-json\/wp\/v2\/pages"}],"about":[{"href":"https:\/\/biblian.is\/videy\/wp-json\/wp\/v2\/types\/page"}],"author":[{"embeddable":true,"href":"https:\/\/biblian.is\/videy\/wp-json\/wp\/v2\/users\/1"}],"replies":[{"embeddable":true,"href":"https:\/\/biblian.is\/videy\/wp-json\/wp\/v2\/comments?post=21837"}],"version-history":[{"count":0,"href":"https:\/\/biblian.is\/videy\/wp-json\/wp\/v2\/pages\/21837\/revisions"}],"wp:attachment":[{"href":"https:\/\/biblian.is\/videy\/wp-json\/wp\/v2\/media?parent=21837"}],"curies":[{"name":"wp","href":"https:\/\/api.w.org\/{rel}","templated":true}]}}