{"id":21836,"date":"2018-01-02T01:04:22","date_gmt":"2018-01-02T01:04:22","guid":{"rendered":"http:\/\/biblian.is\/videy\/lukasargudspjall-14-kafli\/"},"modified":"2018-01-02T01:04:22","modified_gmt":"2018-01-02T01:04:22","slug":"lukasargudspjall-14-kafli","status":"publish","type":"page","link":"https:\/\/biblian.is\/videy\/lukasargudspjall-14-kafli\/","title":{"rendered":"L\u00fakasargu\u00f0spjall 14. kafli"},"content":{"rendered":"<div class=\"fyrirsognVidey\">Jes\u00fas l\u00e6knar vatnssj\u00fakan; r\u00e6\u00f0ur fr\u00e1 \u00fev\u00ed a\u00f0 metast um s\u00e6ti; framsetur d\u00e6mis\u00f6guna um \u00fe\u00e1 miklu kv\u00f6ldm\u00e1lt\u00ed\u00f0; talar um \u00fea\u00f0, sem krefst af \u00feeim, sem vilja ver\u00f0a hans l\u00e6risveinar, og vi\u00f0 hv\u00f6rju \u00feeir megi b\u00faast.<\/div>\n<p><a name=\"1\"><span class=\"versanumer\">1<\/span><\/a>Svo bar vi\u00f0 einhv\u00f6rn t\u00edma, a\u00f0 hann kom \u00e1 hv\u00edldardegi \u00ed h\u00fas eins af h\u00f6f\u00f0ingjum far\u00edseanna til m\u00e1lt\u00ed\u00f0ar; h\u00f6f\u00f0u \u00feeir \u00fe\u00e1 v\u00f6r\u00f0 \u00e1 honum.<a name=\"2\"><span class=\"versanumer\">2<\/span><\/a>En frammi fyrir honum st\u00f3\u00f0 ma\u00f0ur nokkur vatnssj\u00fakur.<a name=\"3\"><span class=\"versanumer\">3<\/span><\/a>\u00de\u00e1 spur\u00f0i Jes\u00fas \u00fe\u00e1 skriftl\u00e6r\u00f0u og far\u00edseana, hv\u00f6rt leyfilegt v\u00e6ri a\u00f0 l\u00e6kna \u00e1 hv\u00edldardegi, en \u00feeir \u00fe\u00f6g\u00f0u vi\u00f0.<a name=\"4\"><span class=\"versanumer\">4<\/span><\/a>Hr\u00e6r\u00f0i \u00fe\u00e1 Jes\u00fas vi\u00f0 honum, l\u00e6kna\u00f0i hann og l\u00e9t hann burt fara.<a name=\"5\"><span class=\"versanumer\">5<\/span><\/a>S\u00ed\u00f0an sag\u00f0i hann vi\u00f0 \u00fe\u00e1: ef einhv\u00f6r y\u00f0ar \u00e1 asna e\u00f0a naut, sem fellur \u00ed pytt, dregur hann \u00fea\u00f0 ekki jafnskj\u00f3tt upp, \u00fe\u00f3tt hv\u00edldardagur s\u00e9?<a name=\"6\"><span class=\"versanumer\">6<\/span><\/a>hvar til \u00feeir g\u00e1tu engu svara\u00f0.<a name=\"7\"><span class=\"versanumer\">7<\/span><\/a>S\u00ed\u00f0an sag\u00f0i hann vi\u00f0 \u00fe\u00e1, er til bor\u00f0sins s\u00e1tu, \u00feegar hann s\u00e1, a\u00f0 \u00feeir v\u00f6ldu s\u00e9r \u00e6\u00f0stu s\u00e6ti:<a name=\"8\"><span class=\"versanumer\">8<\/span><\/a>\u00feegar einhv\u00f6r b\u00fd\u00f0ur \u00fe\u00e9r til veislu, \u00fe\u00e1 set \u00feig ekki \u00ed hin \u00e6\u00f0stu s\u00e6ti; vera kann a\u00f0 annar \u00e6\u00f0ri \u00fe\u00e9r s\u00e9 bo\u00f0inn,<a name=\"9\"><span class=\"versanumer\">9<\/span><\/a>og s\u00e1 komi, sem bau\u00f0 \u00fe\u00e9r og honum, og segi vi\u00f0 \u00feig: gef \u00fe\u00fa \u00feessum r\u00fam, og hlj\u00f3tir \u00fe\u00fa \u00fe\u00e1 me\u00f0 blyg\u00f0un a\u00f0 hafa hinn ysta sess;<a name=\"10\"><span class=\"versanumer\">10<\/span><\/a>heldur, n\u00e6r \u00fe\u00e9r er bo\u00f0i\u00f0, \u00fe\u00e1 set \u00feig \u00ed hi\u00f0 ysta r\u00fam, svo \u00feegar s\u00e1 kemur, sem \u00fe\u00e9r bau\u00f0, segi hann vi\u00f0 \u00feig: vinur, \u00feoka \u00fe\u00e9r upp betur! n\u00fdtur \u00fe\u00fa \u00fe\u00e1 vir\u00f0ingar af \u00fe\u00ednum sessunautum;<a name=\"11\"><span class=\"versanumer\">11<\/span><\/a>\u00fev\u00ed a\u00f0 hv\u00f6r sig sj\u00e1lfan upphefur, hann mun ni\u00f0url\u00e6gjast, og hv\u00f6r sig sj\u00e1lfan ni\u00f0url\u00e6gir, hann mun upphafinn ver\u00f0a.<br \/><a name=\"12\"><span class=\"versanumer\">12<\/span><\/a>Framvegis sag\u00f0i hann vi\u00f0 \u00feann, er honum haf\u00f0i bo\u00f0i\u00f0: \u00feegar \u00fe\u00fa b\u00fd\u00f0ur til mi\u00f0dags- e\u00f0ur kv\u00f6ldver\u00f0ar, bj\u00f3\u00f0 \u00fe\u00fa \u00fe\u00e1 hv\u00f6rki vinum \u00fe\u00ednum, br\u00e6\u00f0rum e\u00f0ur n\u00e1ungum, ekki heldur r\u00edkum n\u00e1gr\u00f6nnum \u00fe\u00ednum, svo ekki bj\u00f3\u00f0i \u00feeir \u00fe\u00e9r aftur, og nj\u00f3tir \u00fe\u00fa svo endurgjalds.<a name=\"13\"><span class=\"versanumer\">13<\/span><\/a>Heldur n\u00e6r \u00fe\u00fa gj\u00f6rir heimbo\u00f0, svo bj\u00f3\u00f0 \u00fe\u00fa f\u00e1t\u00e6kum, v\u00f6nu\u00f0um, h\u00f6ltum og blindum,<a name=\"14\"><span class=\"versanumer\">14<\/span><\/a>og s\u00e6ll ert \u00fe\u00fa \u00fe\u00e1, \u00fev\u00ed \u00feeir hafa ekki \u00fea\u00f0, me\u00f0 hv\u00f6rju \u00feeir skuli endurgjalda \u00fe\u00e9r; en \u00fea\u00f0 mun ver\u00f0a \u00fe\u00e9r endurgoldi\u00f0 \u00ed upprisu r\u00e9ttl\u00e1tra.<a name=\"15\"><span class=\"versanumer\">15<\/span><\/a>En er \u00feetta heyr\u00f0i einn af \u00feeim, er til bor\u00f0sins s\u00e1tu, m\u00e6lti hann: s\u00e6ll er s\u00e1, sem situr til bor\u00f0s \u00ed Gu\u00f0s r\u00edki.<a name=\"16\"><span class=\"versanumer\">16<\/span><\/a>Honum svara\u00f0i Jes\u00fas: ma\u00f0ur nokkur bj\u00f3 til mikla kv\u00f6ldm\u00e1lt\u00ed\u00f0 og bau\u00f0 \u00feanga\u00f0 m\u00f6rgum;<a name=\"17\"><span class=\"versanumer\">17<\/span><\/a>og \u00feegar matm\u00e1lst\u00edmi var kominn, sendi hann \u00fej\u00f3n sinn a\u00f0 segja \u00feeim til, er bo\u00f0nir v\u00f3ru, a\u00f0 \u00feeir skyldu koma, \u00fev\u00ed allt v\u00e6ri til rei\u00f0u; en \u00feeir afs\u00f6ku\u00f0u sig allir \u00ed einu hlj\u00f3\u00f0i.<a name=\"18\"><span class=\"versanumer\">18<\/span><\/a>S\u00e1 fyrsti sag\u00f0i: eg hefi keypt m\u00e9r akur, og er m\u00e9r \u00fev\u00ed nau\u00f0syn \u00e1 a\u00f0 fara og sko\u00f0a hann; eg bi\u00f0 \u00feig, afsaka mig.<a name=\"19\"><span class=\"versanumer\">19<\/span><\/a>Annar sag\u00f0i: fimm p\u00f6r akneyta keypta eg, fer eg n\u00fa \u00fat a\u00f0 reyna \u00feau, eg bi\u00f0 \u00feig, afsaka mig.<a name=\"20\"><span class=\"versanumer\">20<\/span><\/a>S\u00e1 \u00feri\u00f0ji sag\u00f0i: konu hefi eg m\u00e9r keypta, og get eg \u00feess vegna ekki komi\u00f0.<a name=\"21\"><span class=\"versanumer\">21<\/span><\/a>\u00dej\u00f3ninn f\u00f3r og kunngj\u00f6r\u00f0i h\u00fasb\u00f3nda s\u00ednum allt \u00feetta; \u00fe\u00e1 reiddist h\u00fasb\u00f3ndinn og sag\u00f0i vi\u00f0 \u00fej\u00f3n sinn: far \u00fe\u00fa snarlega \u00fat \u00e1 str\u00e6ti og g\u00f6tur borgarinnar, og f\u00e6r \u00fe\u00fa hinga\u00f0 vola\u00f0a, vana\u00f0a, halta og blinda.<a name=\"22\"><span class=\"versanumer\">22<\/span><\/a>\u00dej\u00f3ninn sag\u00f0i: eg hefi gj\u00f6rt \u00fea\u00f0 \u00fe\u00fa bau\u00f0st, Herra! en \u00fear er enn n\u00fa meira r\u00fam.<a name=\"23\"><span class=\"versanumer\">23<\/span><\/a>\u00de\u00e1 sag\u00f0i h\u00fasb\u00f3ndinn vi\u00f0 hann: far \u00fe\u00fa \u00fat \u00e1 stigu og \u00fej\u00f3\u00f0vegi, og \u00fer\u00fdstu \u00feeim svo fast a\u00f0 koma, a\u00f0 mitt h\u00fas ver\u00f0i fullt;<a name=\"24\"><span class=\"versanumer\">24<\/span><\/a>\u00fev\u00ed eg segi y\u00f0ur, a\u00f0 enginn \u00feeirra manna, er bo\u00f0nir v\u00f3ru, munu nj\u00f3ta minnar m\u00e1lt\u00ed\u00f0ar.<br \/><a name=\"25\"><span class=\"versanumer\">25<\/span><\/a>Honum var\u00f0 samfer\u00f0a mikill fj\u00f6ldi f\u00f3lks; snerist hann \u00fe\u00e1 vi\u00f0 \u00feeim og t\u00f3k svo til or\u00f0a:<a name=\"26\"><span class=\"versanumer\">26<\/span><\/a>ef s\u00e1 er nokkur, sem til m\u00edn kemur, og metur ekki minna f\u00f6\u00f0ur sinn og m\u00f3\u00f0ur, konu, b\u00f6rn, br\u00e6\u00f0ur og systur, og jafnvel sitt eigi\u00f0 l\u00edf, hann kann ekki minn l\u00e6risveinn a\u00f0 vera;<a name=\"27\"><span class=\"versanumer\">27<\/span><\/a>og s\u00e1, sem ekki er f\u00fas a\u00f0 taka sinn kross \u00e1 her\u00f0ar og fylgja m\u00e9r eftir, getur ekki minn l\u00e6risveinn veri\u00f0.<a name=\"28\"><span class=\"versanumer\">28<\/span><\/a>\u00dev\u00ed hv\u00f6r er s\u00e1 af y\u00f0ur, sem vill byggja s\u00e9r st\u00f3rt h\u00fas, er ekki setjist fyrst ni\u00f0ur og reikni kostna\u00f0inn, hv\u00f6rt hann hafi \u00fea\u00f0 hann vi\u00f0\u00fearf,<a name=\"29\"><span class=\"versanumer\">29<\/span><\/a>svo a\u00f0 \u00feegar hann er b\u00fainn a\u00f0 leggja grundv\u00f6llinn, en getur ekki fullkomna\u00f0 bygginguna, \u00fe\u00e1 skuli ekki allir, sem \u00fea\u00f0 sj\u00e1, gera gys a\u00f0 honum og segja:<a name=\"30\"><span class=\"versanumer\">30<\/span><\/a>ma\u00f0ur \u00feessi t\u00f3k a\u00f0 byggja, en gat ekki fullkomna\u00f0 bygginguna.<a name=\"31\"><span class=\"versanumer\">31<\/span><\/a>E\u00f0a hv\u00f6r er s\u00e1 konungur, sem byrjar a\u00f0 hefja str\u00ed\u00f0 m\u00f3ti \u00f6\u00f0rum konungi, er ekki r\u00e1\u00f0slagi fyrst um, hv\u00f6r hann me\u00f0 t\u00edu \u00fe\u00fasundum geti m\u00e6tt \u00feeim, sem hefir tuttugu \u00fe\u00fasundir gegn honum!<a name=\"32\"><span class=\"versanumer\">32<\/span><\/a>A\u00f0 \u00f6\u00f0rum kosti mun hann senda bo\u00f0skap til hins, me\u00f0an hann er enn n\u00fa \u00ed fjarska, og leita fri\u00f0ar.<a name=\"33\"><span class=\"versanumer\">33<\/span><\/a>\u00deannig er \u00fev\u00ed og vari\u00f0 me\u00f0 hv\u00f6rn af y\u00f0ur, sem ekki yfirgefur allar eigur s\u00ednar, a\u00f0 hann ekki f\u00e6r minn l\u00e6risveinn veri\u00f0.<a name=\"34\"><span class=\"versanumer\">34<\/span><\/a>Salti\u00f0 er gott, en missi \u00fea\u00f0 kraft sinn, me\u00f0 hv\u00f6rju skal \u00fea\u00f0 \u00fe\u00e1 selta?<a name=\"35\"><span class=\"versanumer\">35<\/span><\/a>\u00fea\u00f0 er \u00fe\u00e1 hv\u00f6rki \u00e1 t\u00fanj\u00f6r\u00f0, n\u00e9 til \u00e1bur\u00f0ar h\u00e6filegt, heldur kasta menn \u00fev\u00ed \u00fat. Hv\u00f6r eyru hefir a\u00f0 heyra, hann heyri!<\/p>\n<div class=\"footnoteVidey\">V. 12. Sbr. L\u00fak. 6,32. ff.  V. 13. Sbr. Matt. 6,2.5.16.  V. 26. Matt. 10,37.38.  V. 34. Matt. 5,13. Mark. 9,50.<\/div>\n","protected":false},"excerpt":{"rendered":"<p>Jes\u00fas l\u00e6knar vatnssj\u00fakan; r\u00e6\u00f0ur fr\u00e1 \u00fev\u00ed a\u00f0 metast um s\u00e6ti; framsetur d\u00e6mis\u00f6guna um \u00fe\u00e1 miklu kv\u00f6ldm\u00e1lt\u00ed\u00f0; talar um \u00fea\u00f0, sem krefst af \u00feeim, sem vilja ver\u00f0a hans l\u00e6risveinar, og vi\u00f0 hv\u00f6rju \u00feeir megi b\u00faast. 1Svo bar vi\u00f0 einhv\u00f6rn t\u00edma, a\u00f0 hann kom \u00e1 hv\u00edldardegi \u00ed h\u00fas eins af h\u00f6f\u00f0ingjum far\u00edseanna til m\u00e1lt\u00ed\u00f0ar; h\u00f6f\u00f0u \u00feeir \u00fe\u00e1 v\u00f6r\u00f0 \u00e1 honum.2En frammi fyrir honum st\u00f3\u00f0 ma\u00f0ur nokkur vatnssj\u00fakur.3\u00de\u00e1 spur\u00f0i Jes\u00fas \u00fe\u00e1 skriftl\u00e6r\u00f0u og far\u00edseana, hv\u00f6rt leyfilegt v\u00e6ri a\u00f0 l\u00e6kna \u00e1 hv\u00edldardegi, en \u00feeir \u00fe\u00f6g\u00f0u vi\u00f0.4Hr\u00e6r\u00f0i \u00fe\u00e1 Jes\u00fas vi\u00f0 honum, l\u00e6kna\u00f0i hann og l\u00e9t hann burt fara.5S\u00ed\u00f0an sag\u00f0i hann vi\u00f0 \u00fe\u00e1: ef einhv\u00f6r y\u00f0ar <a href=\"https:\/\/biblian.is\/videy\/lukasargudspjall-14-kafli\/\"> [&#8230;]<\/a><\/p>\n","protected":false},"author":1,"featured_media":0,"parent":0,"menu_order":0,"comment_status":"open","ping_status":"open","template":"bibliukaflar.php","meta":{"footnotes":""},"class_list":["post-21836","page","type-page","status-publish","hentry"],"_links":{"self":[{"href":"https:\/\/biblian.is\/videy\/wp-json\/wp\/v2\/pages\/21836","targetHints":{"allow":["GET"]}}],"collection":[{"href":"https:\/\/biblian.is\/videy\/wp-json\/wp\/v2\/pages"}],"about":[{"href":"https:\/\/biblian.is\/videy\/wp-json\/wp\/v2\/types\/page"}],"author":[{"embeddable":true,"href":"https:\/\/biblian.is\/videy\/wp-json\/wp\/v2\/users\/1"}],"replies":[{"embeddable":true,"href":"https:\/\/biblian.is\/videy\/wp-json\/wp\/v2\/comments?post=21836"}],"version-history":[{"count":0,"href":"https:\/\/biblian.is\/videy\/wp-json\/wp\/v2\/pages\/21836\/revisions"}],"wp:attachment":[{"href":"https:\/\/biblian.is\/videy\/wp-json\/wp\/v2\/media?parent=21836"}],"curies":[{"name":"wp","href":"https:\/\/api.w.org\/{rel}","templated":true}]}}