{"id":21835,"date":"2018-01-02T01:04:22","date_gmt":"2018-01-02T01:04:22","guid":{"rendered":"http:\/\/biblian.is\/videy\/lukasargudspjall-13-kafli\/"},"modified":"2018-01-02T01:04:22","modified_gmt":"2018-01-02T01:04:22","slug":"lukasargudspjall-13-kafli","status":"publish","type":"page","link":"https:\/\/biblian.is\/videy\/lukasargudspjall-13-kafli\/","title":{"rendered":"L\u00fakasargu\u00f0spjall 13. kafli"},"content":{"rendered":"<div class=\"fyrirsognVidey\">Af l\u00edfl\u00e1ti nokkura gal\u00edleiskra tekur Jes\u00fas s\u00e9r tilefni til a\u00f0 \u00e1minna til betrunar; d\u00e6misagan um f\u00edkjutr\u00e9\u00f0; Jes\u00fas l\u00e6knar kreppta konu; framsetur d\u00e6mis\u00f6guna um mustar\u00f0skorni\u00f0 og s\u00fardeigi\u00f0; talar um \u00fatsk\u00fafun margra, en innt\u00f6ku hei\u00f0ingja \u00ed Krists r\u00edki; hr\u00e6\u00f0ist ekki Her\u00f3des; \u00e1v\u00edtar Jer\u00fasalem.<\/div>\n<p><a name=\"1\"><span class=\"versanumer\">1<\/span><\/a>Um \u00feessar mundir komu nokkrir til hans, er s\u00f6g\u00f0u honum fr\u00e1 \u00feeim gal\u00edleisku, hv\u00f6rra bl\u00f3\u00f0i P\u00edlatus haf\u00f0i blanda\u00f0 vi\u00f0 f\u00f3rnir \u00feeirra.<a name=\"2\"><span class=\"versanumer\">2<\/span><\/a>Jes\u00fas m\u00e6lti til \u00feeirra: haldi\u00f0 \u00fe\u00e9r a\u00f0 \u00feessir Gal\u00edlear hafi veri\u00f0 verri menn, en allir a\u00f0rir \u00ed Gal\u00edleu fyrir \u00fea\u00f0, a\u00f0 \u00feeir li\u00f0u \u00feetta? <br \/><a name=\"3\"><span class=\"versanumer\">3<\/span><\/a>alls ekki! en tr\u00fai\u00f0 m\u00e9r, nema \u00fe\u00e9r b\u00e6ti\u00f0 r\u00e1\u00f0 y\u00f0ar, munu\u00f0 \u00fe\u00e9r allir eins fyrirfarast; <br \/><a name=\"4\"><span class=\"versanumer\">4<\/span><\/a>e\u00f0ur hv\u00f6rt \u00e6tli\u00f0 \u00fe\u00e9r, a\u00f0 \u00feeir \u00e1tj\u00e1n, sem turninn f\u00e9ll yfir \u00ed S\u00edl\u00f3am og var\u00f0 a\u00f0 bana, hafi veri\u00f0 meira sekir en allir \u00feeir \u00ed Jer\u00fasalem b\u00faa?<a name=\"5\"><span class=\"versanumer\">5<\/span><\/a>alls ekki! eg segi y\u00f0ur satt: nema \u00fe\u00e9r b\u00e6ti\u00f0 r\u00e1\u00f0 y\u00f0ar, munu\u00f0 \u00fe\u00e9r allir f\u00e1 s\u00f6mu afdrif.<a name=\"6\"><span class=\"versanumer\">6<\/span><\/a>S\u00ed\u00f0an sag\u00f0i hann \u00feessa d\u00e6mis\u00f6gu: ma\u00f0ur nokkur, sem haf\u00f0i planta\u00f0 f\u00edkjutr\u00e9 \u00ed v\u00edngar\u00f0i s\u00ednum, kom og leita\u00f0i \u00e1vaxta \u00e1 \u00fev\u00ed, og fann ekki;<a name=\"7\"><span class=\"versanumer\">7<\/span><\/a>\u00fe\u00e1 sag\u00f0i hann vi\u00f0 v\u00edngar\u00f0smanninn: \u00ed \u00ferj\u00fa \u00e1r hefi eg komi\u00f0 og leita\u00f0 \u00e1vaxta \u00e1 \u00feessu f\u00edkjutr\u00e9 og ekki fundi\u00f0; h\u00f6gg \u00fe\u00fa \u00fea\u00f0 upp, hv\u00f6rs vegna skal \u00fea\u00f0 spilla j\u00f6r\u00f0unni?<a name=\"8\"><span class=\"versanumer\">8<\/span><\/a>Hinn m\u00e6lti: leyf \u00fe\u00fa \u00fev\u00ed, Herra! enn n\u00fa a\u00f0 standa \u00feetta \u00e1ri\u00f0, \u00fear til eg hefi grafi\u00f0 um \u00fea\u00f0 og bori\u00f0 a\u00f0 myki,<a name=\"9\"><span class=\"versanumer\">9<\/span><\/a>ef vera kynni a\u00f0 \u00fea\u00f0 beri \u00e1v\u00f6xt; en ef ekki, \u00fe\u00e1 l\u00e1t \u00fe\u00fa h\u00f6ggva \u00fea\u00f0 upp s\u00ed\u00f0ar.<br \/><a name=\"10\"><span class=\"versanumer\">10<\/span><\/a>Eitt sinn, er hann kenndi \u00ed einhv\u00f6rju samkunduh\u00fasi \u00e1 sabbatsdegi,<a name=\"11\"><span class=\"versanumer\">11<\/span><\/a>bar svo vi\u00f0, a\u00f0 \u00fear var kona, sem haldin haf\u00f0i veri\u00f0 af sj\u00fakleiksanda \u00ed \u00e1tj\u00e1n \u00e1r, h\u00fan var kreppt og gat me\u00f0 engu m\u00f3ti r\u00e9tt sig upp.<a name=\"12\"><span class=\"versanumer\">12<\/span><\/a>\u00deegar Jes\u00fas s\u00e1 hana, kalla\u00f0i hann til hennar og m\u00e6lti: kona! vert\u00fa laus vi\u00f0 sj\u00fakleika \u00feinn!<a name=\"13\"><span class=\"versanumer\">13<\/span><\/a>s\u00ed\u00f0an lag\u00f0i hann hendur yfir hana; strax r\u00e9ttist h\u00fan upp og lofa\u00f0i Gu\u00f0;<a name=\"14\"><span class=\"versanumer\">14<\/span><\/a>en forst\u00f6\u00f0uma\u00f0ur samkunduh\u00fassins, sem l\u00edka\u00f0i illa, a\u00f0 Jes\u00fas l\u00e6kna\u00f0i \u00e1 sabbatsdegi, sag\u00f0i vi\u00f0 f\u00f3lki\u00f0: sex eru dagar \u00feeir, \u00e1 hv\u00f6rjum leyft er a\u00f0 vinna, komi\u00f0 \u00fe\u00e9r \u00e1 \u00feeim og l\u00e1ti\u00f0 y\u00f0ur l\u00e6kna, en ekki \u00e1 hv\u00edldardegi.<a name=\"15\"><span class=\"versanumer\">15<\/span><\/a>Honum svara\u00f0i Jes\u00fas \u00e1 \u00feessa lei\u00f0: hr\u00e6snari! hv\u00f6r er s\u00e1 y\u00f0ar, sem ekki leysi naut sitt e\u00f0ur asna af stalli, og lei\u00f0i til vatns \u00e1 hv\u00edldardegi?<a name=\"16\"><span class=\"versanumer\">16<\/span><\/a>hv\u00f6rt skyldi \u00fe\u00e1 ekki leyfilegt a\u00f0 leysa \u00feessa d\u00f3ttur Abrahams \u00e1 sabbatsdegi \u00far fj\u00f6trum \u00feeim, \u00ed hv\u00f6rjum Satan hefir haldi\u00f0 henni \u00ed \u00e1tj\u00e1n \u00e1r?<a name=\"17\"><span class=\"versanumer\">17<\/span><\/a>og er hann haf\u00f0i \u00feetta m\u00e6lt, blyg\u00f0u\u00f0ust allir m\u00f3tst\u00f6\u00f0umenn hans, en f\u00f3lki\u00f0 gladdist yfir \u00f6llum \u00feeim d\u00e1semdarverkum, er hann gj\u00f6r\u00f0i.<br \/><a name=\"18\"><span class=\"versanumer\">18<\/span><\/a>Einhv\u00f6rju sinni sag\u00f0i hann: hv\u00f6rju er Gu\u00f0s r\u00edki l\u00edkt? e\u00f0ur vi\u00f0 hva\u00f0 skal eg \u00fev\u00ed samjafna?<a name=\"19\"><span class=\"versanumer\">19<\/span><\/a>l\u00edkt er \u00fea\u00f0 mustar\u00f0skorni, sem ma\u00f0ur t\u00f3k og s\u00e1\u00f0i \u00ed jurtagar\u00f0 sinn; \u00fea\u00f0 \u00f3x og var\u00f0 a\u00f0 svo st\u00f3ru tr\u00e9, a\u00f0 fuglar himins hrei\u00f0ru\u00f0u sig \u00ed greinum \u00feess.<a name=\"20\"><span class=\"versanumer\">20<\/span><\/a>Aftur sag\u00f0i hann: vi\u00f0 hva\u00f0 skal eg l\u00edkja Gu\u00f0s r\u00edki?<a name=\"21\"><span class=\"versanumer\">21<\/span><\/a>l\u00edkt er \u00fea\u00f0 s\u00fardeigi \u00fev\u00ed, er kona t\u00f3k og menga\u00f0i vi\u00f0 \u00ferj\u00e1 m\u00e6lira mj\u00f6ls, og s\u00fdr\u00f0ist \u00fe\u00e1 alltsaman.<br \/><a name=\"22\"><span class=\"versanumer\">22<\/span><\/a>\u00deegar hann var \u00e1 fer\u00f0 til Jer\u00fasalem, f\u00f3r hann um borgir og \u00feorp, og kenndi;<a name=\"23\"><span class=\"versanumer\">23<\/span><\/a>\u00fe\u00e1 spur\u00f0i einhv\u00f6r hann: Meistari! munu \u00feeir ekki ver\u00f0a f\u00e1ir, sem h\u00f3lpnir ver\u00f0a? en hann sag\u00f0i til f\u00f3lksins:<a name=\"24\"><span class=\"versanumer\">24<\/span><\/a>keppist a\u00f0 komast gegnum hi\u00f0 \u00fer\u00f6ngva hli\u00f0i\u00f0; \u00fev\u00ed eg segi y\u00f0ur satt: a\u00f0 margir eru \u00feeir, sem leitast vi\u00f0 a\u00f0 koma \u00fear inn, en geta \u00fea\u00f0 ekki <span class='VideyAth'>a)<\/span>.<a name=\"25\"><span class=\"versanumer\">25<\/span><\/a>Fr\u00e1 \u00feeim t\u00edma a\u00f0 h\u00fasb\u00f3ndinn er uppsta\u00f0inn og hefir loka\u00f0 dyrunum, munu\u00f0 \u00fe\u00e9r, sem fyrir utan standi\u00f0, taka a\u00f0 berja upp \u00e1 og segja: l\u00fak \u00fe\u00fa upp fyrir oss, Herra! en hann mun svara: eg \u00feekki y\u00f0ur ekki, eg veit ekki hva\u00f0an \u00fe\u00e9r eru\u00f0.<a name=\"26\"><span class=\"versanumer\">26<\/span><\/a>\u00de\u00e1 munu\u00f0 \u00fe\u00e9r segja: v\u00e9r h\u00f6fum eti\u00f0 og drukki\u00f0 me\u00f0 \u00fe\u00e9r og \u00e1 str\u00e6tum vorum kenndir \u00fe\u00fa.<a name=\"27\"><span class=\"versanumer\">27<\/span><\/a>En hann mun segja: eg \u00feekki y\u00f0ur ekki, n\u00e9 veit hva\u00f0an \u00fe\u00e9r eru\u00f0; fari\u00f0 fr\u00e1 m\u00e9r allir illgj\u00f6r\u00f0a menn!<a name=\"28\"><span class=\"versanumer\">28<\/span><\/a>mun \u00fear \u00fe\u00e1 ver\u00f0a vein og tannagn\u00edstran, n\u00e6r \u00fe\u00e9r sj\u00e1i\u00f0 Abraham, \u00cdsaak og Jakob og alla sp\u00e1mennina \u00ed Gu\u00f0s r\u00edki, en y\u00f0ur \u00fatrekna.<a name=\"29\"><span class=\"versanumer\">29<\/span><\/a>\u00de\u00e1 munu \u00feeir koma fr\u00e1 austri og vestri, nor\u00f0ri og su\u00f0ri, og sitja til bor\u00f0s \u00ed Gu\u00f0s r\u00edki;<a name=\"30\"><span class=\"versanumer\">30<\/span><\/a>\u00fev\u00ed gefi\u00f0 g\u00e6tur a\u00f0 \u00fev\u00ed, a\u00f0 enir s\u00ed\u00f0ustu munu ver\u00f0a hinir fyrstu, og \u00feeir s\u00ed\u00f0astir, er fyrstir v\u00f3ru.<br \/><a name=\"31\"><span class=\"versanumer\">31<\/span><\/a>\u00deenna sama dag komu til hans nokkrir far\u00edsear og s\u00f6g\u00f0u: far \u00fe\u00fa h\u00e9\u00f0an, \u00fev\u00ed Her\u00f3des situr um l\u00edf \u00feitt.<a name=\"32\"><span class=\"versanumer\">32<\/span><\/a>Hann m\u00e6lti: fari\u00f0 \u00fe\u00e9r og segi\u00f0 \u00feessum ref: eg rek dj\u00f6fla \u00fat, og held \u00e1fram a\u00f0 l\u00e6kna \u00ed dag og \u00e1 morgun, en \u00e1 \u00feri\u00f0ja degi mun l\u00edf mitt enda;<a name=\"33\"><span class=\"versanumer\">33<\/span><\/a>\u00fe\u00f3 ver\u00f0 eg a\u00f0 halda \u00e1fram \u00ed dag og \u00e1 morgun og \u00feann komanda dag; \u00fev\u00ed \u00fea\u00f0 h\u00e6fir ekki a\u00f0 nokkur sp\u00e1ma\u00f0ur s\u00e9 l\u00edfl\u00e1tinn fyrir utan Jer\u00fasalem.<a name=\"34\"><span class=\"versanumer\">34<\/span><\/a>Jer\u00fasalem, Jer\u00fasalem! \u00fe\u00fa, sem afl\u00edfar sp\u00e1mennina, og gr\u00fdtir \u00fe\u00e1, sem til \u00fe\u00edn eru sendir, hv\u00f6rsu oft hefi eg ekki vilja\u00f0 samansafna b\u00f6rnum \u00fe\u00ednum, eins og h\u00e6nan safnar ungum s\u00ednum undir v\u00e6ngi s\u00e9r, en \u00fe\u00e9r hafi\u00f0 ekki vilja\u00f0.<a name=\"35\"><span class=\"versanumer\">35<\/span><\/a>\u00dear fyrir mun y\u00f0ar b\u00fasta\u00f0ur \u00ed ey\u00f0i l\u00e1tinn ver\u00f0a. Tr\u00fai\u00f0 m\u00e9r, a\u00f0 \u00fe\u00e9r munu\u00f0 ekki sj\u00e1 mig til \u00feess a\u00f0 s\u00e1 t\u00edmi kemur, er \u00fe\u00e9r segi\u00f0: velkominn veri oss s\u00e1, er kemur \u00ed Drottins erindi!<\/p>\n<div class=\"footnoteVidey\">V. 18\u201321. Matt. 13,31\u201333. Mark. 4,30\u201332.  V. 24. Matt. 7,13.14. a. \u00de. e. af \u00fev\u00ed \u00feeir eru \u00feess ekki ver\u00f0ir.  V. 26. Matt. 7,21\u201323.  V. 29. Matt. 8,11.12.  V. 30. Matt. 19,30. 20,16. Mark. 10,31.  V. 34\u201335. Matt. 23,37\u201339.<\/div>\n","protected":false},"excerpt":{"rendered":"<p>Af l\u00edfl\u00e1ti nokkura gal\u00edleiskra tekur Jes\u00fas s\u00e9r tilefni til a\u00f0 \u00e1minna til betrunar; d\u00e6misagan um f\u00edkjutr\u00e9\u00f0; Jes\u00fas l\u00e6knar kreppta konu; framsetur d\u00e6mis\u00f6guna um mustar\u00f0skorni\u00f0 og s\u00fardeigi\u00f0; talar um \u00fatsk\u00fafun margra, en innt\u00f6ku hei\u00f0ingja \u00ed Krists r\u00edki; hr\u00e6\u00f0ist ekki Her\u00f3des; \u00e1v\u00edtar Jer\u00fasalem. 1Um \u00feessar mundir komu nokkrir til hans, er s\u00f6g\u00f0u honum fr\u00e1 \u00feeim gal\u00edleisku, hv\u00f6rra bl\u00f3\u00f0i P\u00edlatus haf\u00f0i blanda\u00f0 vi\u00f0 f\u00f3rnir \u00feeirra.2Jes\u00fas m\u00e6lti til \u00feeirra: haldi\u00f0 \u00fe\u00e9r a\u00f0 \u00feessir Gal\u00edlear hafi veri\u00f0 verri menn, en allir a\u00f0rir \u00ed Gal\u00edleu fyrir \u00fea\u00f0, a\u00f0 \u00feeir li\u00f0u \u00feetta? 3alls ekki! en tr\u00fai\u00f0 m\u00e9r, nema \u00fe\u00e9r b\u00e6ti\u00f0 r\u00e1\u00f0 y\u00f0ar, munu\u00f0 \u00fe\u00e9r allir eins fyrirfarast; <a href=\"https:\/\/biblian.is\/videy\/lukasargudspjall-13-kafli\/\"> [&#8230;]<\/a><\/p>\n","protected":false},"author":1,"featured_media":0,"parent":0,"menu_order":0,"comment_status":"open","ping_status":"open","template":"bibliukaflar.php","meta":{"footnotes":""},"class_list":["post-21835","page","type-page","status-publish","hentry"],"_links":{"self":[{"href":"https:\/\/biblian.is\/videy\/wp-json\/wp\/v2\/pages\/21835","targetHints":{"allow":["GET"]}}],"collection":[{"href":"https:\/\/biblian.is\/videy\/wp-json\/wp\/v2\/pages"}],"about":[{"href":"https:\/\/biblian.is\/videy\/wp-json\/wp\/v2\/types\/page"}],"author":[{"embeddable":true,"href":"https:\/\/biblian.is\/videy\/wp-json\/wp\/v2\/users\/1"}],"replies":[{"embeddable":true,"href":"https:\/\/biblian.is\/videy\/wp-json\/wp\/v2\/comments?post=21835"}],"version-history":[{"count":0,"href":"https:\/\/biblian.is\/videy\/wp-json\/wp\/v2\/pages\/21835\/revisions"}],"wp:attachment":[{"href":"https:\/\/biblian.is\/videy\/wp-json\/wp\/v2\/media?parent=21835"}],"curies":[{"name":"wp","href":"https:\/\/api.w.org\/{rel}","templated":true}]}}