{"id":21834,"date":"2018-01-02T01:04:22","date_gmt":"2018-01-02T01:04:22","guid":{"rendered":"http:\/\/biblian.is\/videy\/lukasargudspjall-12-kafli\/"},"modified":"2018-01-02T01:04:22","modified_gmt":"2018-01-02T01:04:22","slug":"lukasargudspjall-12-kafli","status":"publish","type":"page","link":"https:\/\/biblian.is\/videy\/lukasargudspjall-12-kafli\/","title":{"rendered":"L\u00fakasargu\u00f0spjall 12. kafli"},"content":{"rendered":"<div class=\"fyrirsognVidey\">Jes\u00fas varar vi\u00f0 s\u00fardeigi far\u00edseanna, og vi\u00f0 \u00fev\u00ed, a\u00f0 hr\u00e6\u00f0ast menn, vill ekki skipta arfi; varar vi\u00f0 \u00e1girni og b\u00faksorg; hvetur til \u00e1rvekni og tr\u00faskapar; talar um h\u00f6rmungar fyrir hans l\u00e6rd\u00f3ms skuld, og um a\u00f0g\u00e6slu t\u00ed\u00f0arinnar.<\/div>\n<p><a name=\"1\"><span class=\"versanumer\">1<\/span><\/a>\u00deegar svo margar \u00fe\u00fasundir voru samankomnar, a\u00f0 n\u00e6stum tr\u00f3\u00f0 hv\u00f6r annan undir, h\u00f3f hann svo tal sitt vi\u00f0 l\u00e6risveina s\u00edna: varist fyrst og fremst s\u00fardeig far\u00edseanna, \u00fea\u00f0 er, hr\u00e6snina;<a name=\"2\"><span class=\"versanumer\">2<\/span><\/a>ekkert er svo duli\u00f0, a\u00f0 ekki ver\u00f0i opinbert, og ekkert svo leynt, a\u00f0 ekki ver\u00f0i  kunnugt;<a name=\"3\"><span class=\"versanumer\">3<\/span><\/a>\u00fev\u00ed mun hva\u00f0 eina, sem \u00fe\u00e9r tali\u00f0 \u00ed leyni, koma \u00ed h\u00e1m\u00e6li, og hv\u00f6rju \u00fe\u00e9r hv\u00edsli\u00f0 \u00ed launkofum, \u00fea\u00f0 mun kunngj\u00f6rt ver\u00f0a \u00e1 \u00fe\u00f6kum uppi.<a name=\"4\"><span class=\"versanumer\">4<\/span><\/a>\u00dea\u00f0 segi eg y\u00f0ur vinum m\u00ednum: hr\u00e6\u00f0ist ekki \u00fe\u00e1, sem afl\u00edfa l\u00edkamann, og f\u00e1 ekki meira a\u00f0gj\u00f6rt;<a name=\"5\"><span class=\"versanumer\">5<\/span><\/a>en eg skal s\u00fdna y\u00f0ur, hv\u00f6rn \u00fe\u00e9r eigi\u00f0 a\u00f0 hr\u00e6\u00f0ast: hr\u00e6\u00f0ist \u00feann, sem eftir a\u00f0 hann hefir l\u00edfl\u00e1ti\u00f0, hefir vald til a\u00f0 kasta y\u00f0ur \u00ed helv\u00edti; j\u00e1, \u00fea\u00f0 \u00e1minni eg y\u00f0ur um, hann eigi\u00f0 \u00fe\u00e9r a\u00f0 hr\u00e6\u00f0ast.<a name=\"6\"><span class=\"versanumer\">6<\/span><\/a>Seljast ekki fimm tittlingar fyrir tvo sm\u00e1peninga, og \u00fe\u00f3 gleymir Gu\u00f0 engum af \u00feeim,<a name=\"7\"><span class=\"versanumer\">7<\/span><\/a>og enn fremur: \u00f6ll y\u00f0ar h\u00f6fu\u00f0 h\u00e1r eru talin; veri\u00f0 \u00fev\u00ed ekki hr\u00e6ddir, meira eru\u00f0 \u00fe\u00e9r ver\u00f0ir en margir tittlingar.<a name=\"8\"><span class=\"versanumer\">8<\/span><\/a>Eg segi y\u00f0ur \u00fea\u00f0, a\u00f0 hv\u00f6r, sem vi\u00f0urkennir fyrir m\u00f6nnum, a\u00f0 hann s\u00e9 minn l\u00e6risveinn, \u00feann mun og Mannsins Sonur vi\u00f0urkenna sinn a\u00f0 vera \u00ed vi\u00f0urvist engla Gu\u00f0s;<a name=\"9\"><span class=\"versanumer\">9<\/span><\/a>en hv\u00f6r, sem ekki vill kannast vi\u00f0 mig fyrir m\u00f6nnum, vi\u00f0 hann mun heldur ekki ver\u00f0a kannast fyrir englum Gu\u00f0s.<a name=\"10\"><span class=\"versanumer\">10<\/span><\/a>Hv\u00f6r sem lastar Mannsins Son, honum kann a\u00f0 ver\u00f0a \u00fea\u00f0 fyrirgefi\u00f0; en s\u00e1, sem illm\u00e6lir heil\u00f6gum Anda, hefir ekki fyrirgefningar a\u00f0 v\u00e6nta.<a name=\"11\"><span class=\"versanumer\">11<\/span><\/a>\u00deegar \u00feeir f\u00e6ra y\u00f0ur \u00ed samkunduh\u00fas s\u00edn og fyrir h\u00f6f\u00f0ingja s\u00edna og valdsmenn, veri\u00f0 \u00fe\u00e1 ekki hugsj\u00fakir, hv\u00f6rnig \u00fe\u00e9r eigi\u00f0 a\u00f0 forsvara y\u00f0ur, e\u00f0ur hva\u00f0 \u00fe\u00e9r eigi\u00f0 a\u00f0 tala,<a name=\"12\"><span class=\"versanumer\">12<\/span><\/a>\u00fev\u00ed heilagur Andi mun kenna y\u00f0ur \u00e1 s\u00f6mu stundu, hva\u00f0 \u00fe\u00e9r eigi\u00f0 a\u00f0 segja.<br \/><a name=\"13\"><span class=\"versanumer\">13<\/span><\/a>\u00de\u00e1 sag\u00f0i einn af f\u00f3lkinu vi\u00f0 hann: Meistari! skipa\u00f0\u00fa br\u00f3\u00f0ur m\u00ednum, a\u00f0 hann skipti me\u00f0 m\u00e9r arfi okkar.<a name=\"14\"><span class=\"versanumer\">14<\/span><\/a>\u00deessum svara\u00f0i hann: \u00fe\u00fa ma\u00f0ur! hv\u00f6r hefir sett mig fyrir d\u00f3mara e\u00f0ur arfskiptamann \u00e1 milli ykkar?<a name=\"15\"><span class=\"versanumer\">15<\/span><\/a>Framvegis sag\u00f0i hann til \u00feeirra: g\u00e6ti\u00f0 y\u00f0ar, og vari\u00f0 y\u00f0ur vi\u00f0 \u00e1girni, \u00fev\u00ed enginn ver\u00f0ur s\u00e6lli fyrir \u00fea\u00f0, \u00fe\u00f3 hann hafi au\u00f0 fj\u00e1r.<a name=\"16\"><span class=\"versanumer\">16<\/span><\/a>\u00de\u00e1 sag\u00f0i hann \u00feeim d\u00e6mis\u00f6gu \u00feessa: \u00fea\u00f0 var ma\u00f0ur nokkur au\u00f0ugur, hv\u00f6rs akur haf\u00f0i bori\u00f0 honum mikinn \u00e1v\u00f6xt;<a name=\"17\"><span class=\"versanumer\">17<\/span><\/a>\u00fe\u00e1 hugsa\u00f0i hann me\u00f0 s\u00e9r: hva\u00f0 skal eg n\u00fa gj\u00f6ra? eg hefi ekki, hvar eg geti samansafna\u00f0 \u00e1v\u00f6xtum m\u00ednum\u2014,<a name=\"18\"><span class=\"versanumer\">18<\/span><\/a>sag\u00f0i hann \u00fe\u00e1 vi\u00f0 sj\u00e1lfan sig\u2014\u00feetta skal eg gj\u00f6ra, r\u00edfa ni\u00f0ur hl\u00f6\u00f0ur m\u00ednar og byggja a\u00f0rar st\u00e6rri, \u00feanga\u00f0 vil eg safna \u00f6llum \u00e1v\u00f6xtum m\u00ednum og au\u00f0\u00e6fum;<a name=\"19\"><span class=\"versanumer\">19<\/span><\/a>og \u00fe\u00e1 vil eg segja vi\u00f0 sj\u00e1lfan mig: \u00fe\u00fa hefir fengi\u00f0 mikinn au\u00f0, og ert byrgur \u00ed m\u00f6rg \u00e1r, hv\u00edl \u00fe\u00fa \u00feig n\u00fa, et \u00fe\u00fa og drekk og ver \u00fe\u00fa gla\u00f0ur!<a name=\"20\"><span class=\"versanumer\">20<\/span><\/a>En Gu\u00f0 sag\u00f0i vi\u00f0 hann: d\u00e1ri! \u00ed n\u00f3tt mun l\u00edf \u00feitt ver\u00f0a fr\u00e1 \u00fe\u00e9r teki\u00f0, og hv\u00f6rs ver\u00f0ur \u00fe\u00e1 \u00fea\u00f0 \u00fe\u00fa hefir safna\u00f0?<a name=\"21\"><span class=\"versanumer\">21<\/span><\/a>Svo fer \u00feeim, er s\u00e9r safnar f\u00e9, \u00e1n \u00feess a\u00f0 vera \u00ed Gu\u00f0i r\u00edkur.<a name=\"22\"><span class=\"versanumer\">22<\/span><\/a>En vi\u00f0 l\u00e6risveina s\u00edna sag\u00f0i hann: \u00fear fyrir segi eg y\u00f0ur a\u00f0 vera ekki hugsj\u00fakir fyri l\u00edfi y\u00f0ru, hva\u00f0 \u00fe\u00e9r skulu\u00f0 hafa til f\u00e6\u00f0u; ekki heldur fyrir l\u00edkama y\u00f0rum, hv\u00f6rju \u00fe\u00e9r skulu\u00f0 kl\u00e6\u00f0ast;<a name=\"23\"><span class=\"versanumer\">23<\/span><\/a>l\u00edfi\u00f0 er meira vert en f\u00e6\u00f0an, og l\u00edkaminn meir en kl\u00e6\u00f0na\u00f0urinn.<a name=\"24\"><span class=\"versanumer\">24<\/span><\/a>G\u00e6ti\u00f0 a\u00f0 hr\u00f6fnunum, \u00feeir s\u00e1 hv\u00f6rki n\u00e9 uppskera, og ekki hafa \u00feeir kornhl\u00f6\u00f0ur n\u00e9 for\u00f0ab\u00far, samt f\u00e6\u00f0ir Gu\u00f0 \u00fe\u00e1; hva\u00f0 miklu eru\u00f0 \u00fe\u00e9r ekki fuglunum \u00e1g\u00e6tari?<a name=\"25\"><span class=\"versanumer\">25<\/span><\/a>hv\u00f6r af y\u00f0ur getur me\u00f0 allri sinni \u00e1hyggju auki\u00f0 h\u00e6\u00f0 s\u00edna um eina alin,<a name=\"26\"><span class=\"versanumer\">26<\/span><\/a>og \u00fe\u00e9r ekki geti\u00f0 komi\u00f0 \u00fev\u00ed til lei\u00f0ar, sem minnst er \u00ed vari\u00f0, hv\u00ed eru\u00f0 \u00fe\u00e9r \u00fe\u00e1 \u00e1hyggjufullir um hitt anna\u00f0?<a name=\"27\"><span class=\"versanumer\">27<\/span><\/a>Sko\u00f0i\u00f0 liljugr\u00f6s \u00feessi, hv\u00f6rnig \u00feau vaxa, hv\u00f6rki vinna \u00feau n\u00e9 spinna; en tr\u00fai\u00f0 m\u00e9r: a\u00f0 Sal\u00f3mon \u00ed \u00f6llu s\u00ednu skrauti var ekki svo fagurlega b\u00fainn, sem eitt af \u00feeim.<a name=\"28\"><span class=\"versanumer\">28<\/span><\/a>Ef a\u00f0 Gu\u00f0 skr\u00fd\u00f0ir svo grasi\u00f0, sem \u00ed dag vex \u00e1 akrinum og \u00e1 morgun ver\u00f0ur \u00ed ofn kasta\u00f0, hv\u00f6rsu miklu framar mun hann ekki kl\u00e6\u00f0a y\u00f0ur? \u00fe\u00e9r tr\u00faarveikir!<a name=\"29\"><span class=\"versanumer\">29<\/span><\/a>Ekki skulu\u00f0 \u00fe\u00e9r heldur spyrja um, hva\u00f0 \u00fe\u00e9r skulu\u00f0 hafa til matar e\u00f0ur drykkjar, og hugsi\u00f0 ekki h\u00e1tt <span class='VideyAth'>a)<\/span>;<a name=\"30\"><span class=\"versanumer\">30<\/span><\/a>fyrir sl\u00edku bera hei\u00f0nir menn \u00e1hyggju en Fa\u00f0ir y\u00f0ar veit a\u00f0 \u00fe\u00e9r \u00feurfi\u00f0 \u00feessa vi\u00f0.<a name=\"31\"><span class=\"versanumer\">31<\/span><\/a>Kappkosti\u00f0 heldur a\u00f0 \u00f6\u00f0last Gu\u00f0s r\u00edki, \u00fe\u00e1 munu\u00f0 \u00fe\u00e9r f\u00e1 allt \u00feetta \u00ed vi\u00f0b\u00f3t.<a name=\"32\"><span class=\"versanumer\">32<\/span><\/a>Vert\u00fa ekki hr\u00e6dd, m\u00edn litla hj\u00f6r\u00f0!! \u00fev\u00ed F\u00f6\u00f0ur y\u00f0ar hefir \u00fe\u00f3knast a\u00f0 gefa y\u00f0ur sitt r\u00edki;<a name=\"33\"><span class=\"versanumer\">33<\/span><\/a>selji\u00f0 eigur y\u00f0ar og gefi\u00f0 f\u00e1t\u00e6kum, safni\u00f0 y\u00f0ur fj\u00e1rsj\u00f3\u00f0um, sem aldrei \u00feverrar, hv\u00f6rn \u00fej\u00f3far ekki geta n\u00e1lgast e\u00f0ur m\u00f6lur skemmt;<a name=\"34\"><span class=\"versanumer\">34<\/span><\/a>\u00fev\u00ed hvar y\u00f0ar fj\u00e1rsj\u00f3\u00f0ur er, \u00fear er y\u00f0ar hjarta.<a name=\"35\"><span class=\"versanumer\">35<\/span><\/a>Y\u00f0ar lendar s\u00e9u girtar, og lj\u00f3s y\u00f0ar logandi,<a name=\"36\"><span class=\"versanumer\">36<\/span><\/a>svo a\u00f0 \u00fe\u00e9r l\u00edkist \u00feeim m\u00f6nnum, er v\u00e6nta h\u00fasb\u00f3nda s\u00edns, n\u00e6r hann muni koma fr\u00e1 veislu, svo n\u00e6r hann kemur og ber a\u00f0 dyrum, a\u00f0 \u00feeir \u00fe\u00e1 strax lj\u00faki upp fyrir honum.<a name=\"37\"><span class=\"versanumer\">37<\/span><\/a>S\u00e6lir eru \u00feeir \u00fej\u00f3nar, hv\u00f6rja h\u00fasb\u00f3ndinn finnur vakandi, \u00fe\u00e1 hann kemur. Tr\u00fai\u00f0 m\u00e9r: hann mun binda belti um sig, setja \u00feeim bor\u00f0 og veita \u00feeim sj\u00e1lfur beina.<a name=\"38\"><span class=\"versanumer\">38<\/span><\/a>Finni hann \u00fe\u00e1 svo, hv\u00f6rt sem hann kemur um a\u00f0ra e\u00f0ur \u00feri\u00f0ju eykt n\u00e6tur, \u00fe\u00e1 er \u00feeim vel fari\u00f0;<a name=\"39\"><span class=\"versanumer\">39<\/span><\/a>\u00fev\u00ed viti\u00f0 \u00fea\u00f0, ef h\u00fasb\u00f3ndinn vissi \u00e1 hv\u00f6rjum t\u00edma \u00fej\u00f3furinn mundi koma, \u00fe\u00e1 vekti hann og l\u00e9ti ekki rj\u00fafa h\u00fas sitt.<a name=\"40\"><span class=\"versanumer\">40<\/span><\/a>Veri\u00f0 \u00fear fyrir rei\u00f0ub\u00fanir, \u00fev\u00ed Mannsins Sonur mun koma \u00e1 \u00feeirri stundu, sem \u00fe\u00e9r ekki \u00e6tli\u00f0.<a name=\"41\"><span class=\"versanumer\">41<\/span><\/a>\u00de\u00e1 spur\u00f0i P\u00e9tur: Meistari! hv\u00f6rt meinar \u00fe\u00fa oss me\u00f0 \u00feessari d\u00e6mis\u00f6gu, e\u00f0ur alla?<a name=\"42\"><span class=\"versanumer\">42<\/span><\/a>Jes\u00fas m\u00e6lti: hv\u00f6r er s\u00e1 dyggi og forsj\u00e1li r\u00e1\u00f0sma\u00f0ur, hv\u00f6rn h\u00fasb\u00f3ndi hans hefir sett yfir hj\u00fa s\u00edn til a\u00f0 \u00fathluta \u00feeim \u00ed r\u00e9ttan t\u00edma \u00feeirra skammt,<a name=\"43\"><span class=\"versanumer\">43<\/span><\/a>a\u00f0 hann eigi ekki von \u00e1 umbun, ef h\u00fasb\u00f3ndi hans finnur hann svo breyta, n\u00e6r hann kemur.<a name=\"44\"><span class=\"versanumer\">44<\/span><\/a>Eg segi y\u00f0ur satt: a\u00f0 hann mun setja hann yfir allar eigur s\u00ednar;<a name=\"45\"><span class=\"versanumer\">45<\/span><\/a>en ef \u00fej\u00f3ninn hugsar svo me\u00f0 s\u00e9r: h\u00fasb\u00f3ndi minn mun ekki koma svo br\u00e1\u00f0um; og tekur a\u00f0 berja \u00fej\u00f3nustumenn og amb\u00e1ttir, og lifa \u00ed \u00f3h\u00f3fi til matar og drykkjar;<a name=\"46\"><span class=\"versanumer\">46<\/span><\/a>\u00fe\u00e1 mun h\u00fasb\u00f3ndi \u00feess \u00fej\u00f3ns koma \u00e1 \u00feeim degi, sem hann ekki \u00e6tla\u00f0i og \u00e1 \u00feeirri stundu, sem hann ekki var\u00f0i; straffa hann \u00feunglega <span class='VideyAth'>b)<\/span>, og gj\u00f6ra hlut hans jafnann \u00f3tr\u00farra \u00fej\u00f3na.<a name=\"47\"><span class=\"versanumer\">47<\/span><\/a>\u00dev\u00ed s\u00e1 \u00fej\u00f3n, sem veit vilja h\u00fasb\u00f3nda s\u00edns og hir\u00f0ir ekki um a\u00f0 hl\u00fd\u00f0a honum, mun s\u00e6ta \u00feungu straffi;<a name=\"48\"><span class=\"versanumer\">48<\/span><\/a>en s\u00e1, sem \u00f3vitandi gj\u00f6rir \u00fea\u00f0, sem straffs er vert, mun s\u00e6ta v\u00e6gri hegningu; en hv\u00f6rjum, sem miki\u00f0 er gefi\u00f0, af honum mun og mikils krafist ver\u00f0a, og \u00feeim, sem miki\u00f0 er \u00ed hendur selt, af honum ver\u00f0ur og meira heimta\u00f0.<a name=\"49\"><span class=\"versanumer\">49<\/span><\/a>Eg er kominn a\u00f0 senda eld <span class='VideyAth'>c)<\/span> \u00e1 j\u00f6r\u00f0u; og hva\u00f0 segi eg? hann er \u00feegar kveiktur,<a name=\"50\"><span class=\"versanumer\">50<\/span><\/a>en eg hefi sk\u00edrn <span class='VideyAth'>d)<\/span> a\u00f0 sk\u00edrast, og hv\u00f6rsu \u00feungt er m\u00e9r \u00ed skapi til \u00feess henni er loki\u00f0.<a name=\"51\"><span class=\"versanumer\">51<\/span><\/a>Hv\u00f6rt \u00e6tli\u00f0 \u00fe\u00e9r, a\u00f0 eg s\u00e9 kominn til a\u00f0 senda fri\u00f0 \u00e1 j\u00f6r\u00f0u? ekki \u00fea\u00f0, heldur \u00f3samlyndi.<a name=\"52\"><span class=\"versanumer\">52<\/span><\/a>Upp fr\u00e1 \u00feessu munu fimm vera \u00ed einu h\u00fasi, allir sundur\u00feykkir; \u00fer\u00edr m\u00f3ti tveimur, og tveir \u00e1 m\u00f3ti \u00feremur.<a name=\"53\"><span class=\"versanumer\">53<\/span><\/a>Fa\u00f0irinn mun hefja fjandskap m\u00f3ti syni s\u00ednum, og sonurinn gegn f\u00f6\u00f0urnum, m\u00f3\u00f0irin gegn d\u00f3tturinni, og d\u00f3ttirin gegn m\u00f3\u00f0urinni, m\u00f3\u00f0ir konu manns m\u00f3ti sonarkonu sinni, og sonarkonan gegn m\u00f3\u00f0ur mannsins.<a name=\"54\"><span class=\"versanumer\">54<\/span><\/a>Enn tala\u00f0i hann \u00feannig til f\u00f3lksins: n\u00e6r \u00fe\u00e9r sj\u00e1i\u00f0 sk\u00fd draga upp \u00ed vestri, segi\u00f0 \u00fe\u00e9r jafnskj\u00f3tt, a\u00f0 regn muni koma, og \u00fea\u00f0 gengst eftir,<a name=\"55\"><span class=\"versanumer\">55<\/span><\/a>og \u00feegar sunnanvindur bl\u00e6s, \u00fe\u00e1 segi\u00f0 \u00fe\u00e9r, a\u00f0 hiti muni ver\u00f0a, og \u00fea\u00f0 ske\u00f0ur.<a name=\"56\"><span class=\"versanumer\">56<\/span><\/a>\u00de\u00e9r hr\u00e6snarar! \u00fe\u00e9r hafi\u00f0 vit \u00e1 a\u00f0 taka eftir \u00fatliti lofts og jar\u00f0ar; hv\u00ed hafi\u00f0 \u00fe\u00e9r \u00fe\u00e1 ekki vit \u00e1 a\u00f0 gefa gaum a\u00f0 \u00feessum t\u00edma?<a name=\"57\"><span class=\"versanumer\">57<\/span><\/a>og hv\u00ed d\u00e6mi\u00f0 \u00fe\u00e9r ekki af sj\u00e1lfum y\u00f0ur <span class='VideyAth'>a)<\/span>, hva\u00f0 r\u00e9tt s\u00e9?<a name=\"58\"><span class=\"versanumer\">58<\/span><\/a>\u00deegar \u00fe\u00fa fer me\u00f0 m\u00f3tst\u00f6\u00f0umanni \u00fe\u00ednum til d\u00f3marans, \u00fe\u00e1 kosta\u00f0u \u00e1 veginum kapps um a\u00f0 s\u00e6ttast vi\u00f0 hann, svo ekki dragi hann \u00feig fyrir d\u00f3marann, og d\u00f3marinn afhendi \u00feig fangaver\u00f0inum, og fangav\u00f6r\u00f0urinn kasti \u00fe\u00e9r \u00ed d\u00fdflissu.<a name=\"59\"><span class=\"versanumer\">59<\/span><\/a>Tr\u00fa \u00fe\u00fa m\u00e9r! ekki munt\u00fa \u00fea\u00f0an \u00fatkomast, fyrr en \u00fe\u00fa hefir borga\u00f0 \u00feann s\u00ed\u00f0asta pening.<\/p>\n<div class=\"footnoteVidey\">V. 1. Matt. 16,6. Mark. 8,15.  V. 2. L\u00fak. 8,17. Matt. 10,26.27.  V. 4\u20139. Matt. 10,28\u201333.  V. 10. Matt. 12,32. Mark. 3,28\u201330.  V. 11. 16,17\u201323.  V. 22\u201331. Matt. 6,25\u201333.  V. 29. a. \u00de. e. \u00f3ski\u00f0 y\u00f0ur ekki mikils af jar\u00f0neskum g\u00e6\u00f0um.  V. 33\u201334. Matt. 6,19\u201321.  V. 35. ff. Sbr. Matt. 25,1. ff.  V. 39\u201346. Matt. 24,43\u201351.  V. 46. b. Or\u00f0 textans \u00fe\u00fd\u00f0ir, a\u00f0 hluta \u00ed tvennt, sem br\u00faka\u00f0 var vi\u00f0 verstu \u00f3d\u00e1\u00f0amenn. Dan. 2,5. 3,29. sbr. D\u00f3m. 19,29.  V. 49. c. \u00d3fri\u00f0. Matt. 10,34.  V. 50. d. Fyrir m\u00e9r liggja \u00feungar \u00ferautir.  V. 51\u201355. Matt. 10,34\u201336.  V. 54\u201356. Matt. 16,2.3.  V. 57\u201359. Matt. 5,25.26. a. \u00de. e. eftir samvisku y\u00f0ar.<\/div>\n","protected":false},"excerpt":{"rendered":"<p>Jes\u00fas varar vi\u00f0 s\u00fardeigi far\u00edseanna, og vi\u00f0 \u00fev\u00ed, a\u00f0 hr\u00e6\u00f0ast menn, vill ekki skipta arfi; varar vi\u00f0 \u00e1girni og b\u00faksorg; hvetur til \u00e1rvekni og tr\u00faskapar; talar um h\u00f6rmungar fyrir hans l\u00e6rd\u00f3ms skuld, og um a\u00f0g\u00e6slu t\u00ed\u00f0arinnar. 1\u00deegar svo margar \u00fe\u00fasundir voru samankomnar, a\u00f0 n\u00e6stum tr\u00f3\u00f0 hv\u00f6r annan undir, h\u00f3f hann svo tal sitt vi\u00f0 l\u00e6risveina s\u00edna: varist fyrst og fremst s\u00fardeig far\u00edseanna, \u00fea\u00f0 er, hr\u00e6snina;2ekkert er svo duli\u00f0, a\u00f0 ekki ver\u00f0i opinbert, og ekkert svo leynt, a\u00f0 ekki ver\u00f0i kunnugt;3\u00fev\u00ed mun hva\u00f0 eina, sem \u00fe\u00e9r tali\u00f0 \u00ed leyni, koma \u00ed h\u00e1m\u00e6li, og hv\u00f6rju \u00fe\u00e9r hv\u00edsli\u00f0 \u00ed launkofum, \u00fea\u00f0 mun kunngj\u00f6rt <a href=\"https:\/\/biblian.is\/videy\/lukasargudspjall-12-kafli\/\"> [&#8230;]<\/a><\/p>\n","protected":false},"author":1,"featured_media":0,"parent":0,"menu_order":0,"comment_status":"open","ping_status":"open","template":"bibliukaflar.php","meta":{"footnotes":""},"class_list":["post-21834","page","type-page","status-publish","hentry"],"_links":{"self":[{"href":"https:\/\/biblian.is\/videy\/wp-json\/wp\/v2\/pages\/21834","targetHints":{"allow":["GET"]}}],"collection":[{"href":"https:\/\/biblian.is\/videy\/wp-json\/wp\/v2\/pages"}],"about":[{"href":"https:\/\/biblian.is\/videy\/wp-json\/wp\/v2\/types\/page"}],"author":[{"embeddable":true,"href":"https:\/\/biblian.is\/videy\/wp-json\/wp\/v2\/users\/1"}],"replies":[{"embeddable":true,"href":"https:\/\/biblian.is\/videy\/wp-json\/wp\/v2\/comments?post=21834"}],"version-history":[{"count":0,"href":"https:\/\/biblian.is\/videy\/wp-json\/wp\/v2\/pages\/21834\/revisions"}],"wp:attachment":[{"href":"https:\/\/biblian.is\/videy\/wp-json\/wp\/v2\/media?parent=21834"}],"curies":[{"name":"wp","href":"https:\/\/api.w.org\/{rel}","templated":true}]}}