{"id":21833,"date":"2018-01-02T01:04:22","date_gmt":"2018-01-02T01:04:22","guid":{"rendered":"http:\/\/biblian.is\/videy\/lukasargudspjall-11-kafli\/"},"modified":"2018-01-02T01:04:22","modified_gmt":"2018-01-02T01:04:22","slug":"lukasargudspjall-11-kafli","status":"publish","type":"page","link":"https:\/\/biblian.is\/videy\/lukasargudspjall-11-kafli\/","title":{"rendered":"L\u00fakasargu\u00f0spjall 11. kafli"},"content":{"rendered":"<div class=\"fyrirsognVidey\">Jes\u00fas kennir s\u00ednum l\u00e6risveinum a\u00f0 bi\u00f0ja; rekur dj\u00f6ful \u00fat, og hrindir lastm\u00e6lum hinna skriftl\u00e6r\u00f0u; etur me\u00f0 far\u00edseum og \u00e1v\u00edtar \u00fe\u00e1 og hina l\u00f6gl\u00e6r\u00f0u.<\/div>\n<p><a name=\"1\"><span class=\"versanumer\">1<\/span><\/a>Eitt sinn bar svo vi\u00f0, a\u00f0 hann var \u00e1 b\u00e6n sinni einhv\u00f6rs sta\u00f0ar; en er hann haf\u00f0i loki\u00f0 b\u00e6nagj\u00f6r\u00f0inni, sag\u00f0i einn af l\u00e6risveinum hans vi\u00f0 hann: kenn \u00fe\u00fa oss, Herra! a\u00f0 bi\u00f0ja, eins og J\u00f3hannes kenndi s\u00ednum l\u00e6risveinum.<a name=\"2\"><span class=\"versanumer\">2<\/span><\/a>\u00de\u00e1 sag\u00f0i hann vi\u00f0 \u00fe\u00e1: n\u00e6r \u00fe\u00e9r gj\u00f6ri\u00f0 b\u00e6n y\u00f0ar, \u00fe\u00e1 bi\u00f0ji\u00f0 \u00e1 \u00feessa lei\u00f0: Fa\u00f0ir vor! helgist \u00feitt nafn, tilkomi \u00feitt r\u00edki;<a name=\"3\"><span class=\"versanumer\">3<\/span><\/a>gef oss hv\u00f6rn dag vort daglegt brau\u00f0;<a name=\"4\"><span class=\"versanumer\">4<\/span><\/a>fyrirgef oss vorar misgj\u00f6r\u00f0ir, \u00fev\u00ed v\u00e9r fyrirgefum og \u00feeim, sem vi\u00f0 oss hafa misgj\u00f6rt; lei\u00f0 oss ekki \u00ed freistni.<a name=\"5\"><span class=\"versanumer\">5<\/span><\/a>Framvegis sag\u00f0i hann: ef \u00fear er einhv\u00f6r af y\u00f0ur, sem \u00e1 vin, og fer til hans um mi\u00f0n\u00e6tti og segir vi\u00f0 hann: vinur! l\u00e1na\u00f0u m\u00e9r \u00ferj\u00fa brau\u00f0;<a name=\"6\"><span class=\"versanumer\">6<\/span><\/a>\u00fev\u00ed vinur minn er kominn til m\u00edn \u00far fer\u00f0 sinni, og eg hefi ekkert a\u00f0 bj\u00f3\u00f0a honum;<a name=\"7\"><span class=\"versanumer\">7<\/span><\/a>og s\u00e1, sem inni er, svarar: gj\u00f6r\u00f0\u00fa m\u00e9r ekki \u00f3n\u00e6\u00f0i, dyr eru loka\u00f0ar, og b\u00f6rn m\u00edn eru \u00e1samt m\u00e9r gengin til hv\u00edlu; eg get \u00feess vegna ekki fari\u00f0 \u00e1 f\u00e6tur til a\u00f0 f\u00e1 \u00fe\u00e9r \u00feau.<a name=\"8\"><span class=\"versanumer\">8<\/span><\/a>Tr\u00fai\u00f0 m\u00e9r, ef hann ekki fer \u00e1 f\u00e6tur a\u00f0 l\u00e1na honum \u00feau fyrir \u00feeirra vinskapar skuld, \u00fe\u00e1 mun hann samt fara \u00e1 f\u00e6tur vegna \u00fer\u00e1bei\u00f0ni hans, og f\u00e1 honum svo miki\u00f0, sem hann vi\u00f0\u00fearf.<a name=\"9\"><span class=\"versanumer\">9<\/span><\/a>\u00dear fyrir segi eg y\u00f0ur: bi\u00f0ji\u00f0 og mun y\u00f0ur gefast; leiti\u00f0 og \u00fe\u00e9r munu\u00f0 finna; kn\u00fdi\u00f0 \u00e1 og mun fyrir y\u00f0ur upploki\u00f0 ver\u00f0a;<a name=\"10\"><span class=\"versanumer\">10<\/span><\/a>\u00fev\u00ed s\u00e1 f\u00e6r, sem bi\u00f0ur, s\u00e1 finnur, sem leitar, og fyrir \u00feeim, sem \u00e1kn\u00fdr, mun upploki\u00f0 ver\u00f0a.<a name=\"11\"><span class=\"versanumer\">11<\/span><\/a>Ef sonur einhv\u00f6rs y\u00f0ar \u00e1 me\u00f0al beiddi f\u00f6\u00f0ur sinn um brau\u00f0, hv\u00f6rt mundi hann gefa honum stein? og ef hann b\u00e6\u00f0i um fisk, mundi hann \u00fe\u00e1 gefa honum sn\u00e1k \u00ed sta\u00f0inn fyrir fisk?<a name=\"12\"><span class=\"versanumer\">12<\/span><\/a>e\u00f0ur b\u00e6\u00f0i hann um egg, mundi hann \u00fe\u00e1 gefa honum h\u00f6ggorm?<a name=\"13\"><span class=\"versanumer\">13<\/span><\/a>Ef n\u00fa \u00fe\u00e9r, sem vondir eru\u00f0, t\u00edmi\u00f0 a\u00f0 gefa b\u00f6rnum y\u00f0ar g\u00f3\u00f0ar gjafir, hva\u00f0 miklu framar mun \u00fe\u00e1 ekki Fa\u00f0ir y\u00f0ar \u00e1 himnum gefa \u00feeim heilagan Anda, sem \u00feess bei\u00f0ast. <br \/><a name=\"14\"><span class=\"versanumer\">14<\/span><\/a>\u00dear eftir rak hann \u00fat dj\u00f6ful \u00feann, er m\u00e1llaus var, og er dj\u00f6fullinn var \u00fatfarinn, t\u00f3k s\u00e1, er m\u00e1llaus var, a\u00f0 m\u00e6la.<a name=\"15\"><span class=\"versanumer\">15<\/span><\/a>\u00deetta undra\u00f0ist f\u00f3lki\u00f0, en sumir s\u00f6g\u00f0u, a\u00f0 hann r\u00e6ki dj\u00f6fla \u00fat me\u00f0 fulltingi dj\u00f6flah\u00f6f\u00f0ingjans Belseb\u00fals;<a name=\"16\"><span class=\"versanumer\">16<\/span><\/a>a\u00f0rir vildu freista hans og kr\u00f6f\u00f0ust af honum teikns af himni;<a name=\"17\"><span class=\"versanumer\">17<\/span><\/a>en hann, er vissi hva\u00f0 \u00feeir hugsu\u00f0u, t\u00f3k svo til or\u00f0a: hv\u00f6rt \u00fea\u00f0 r\u00edki, hvar innbyr\u00f0is sundur\u00feykki er, mun leggjast \u00ed au\u00f0n, og hv\u00f6rt h\u00fas mun \u00fear yfir anna\u00f0 hrapa.<a name=\"18\"><span class=\"versanumer\">18<\/span><\/a>Ef n\u00fa Satan er sj\u00e1lfum s\u00e9r sundur\u00feykkur, hv\u00f6rninn f\u00e6r hans r\u00edki \u00fe\u00e1 sta\u00f0ist? \u00fear \u00fe\u00e9r segi\u00f0 eg \u00fatreki dj\u00f6fla fyrir fulltingi Belseb\u00fals.<a name=\"19\"><span class=\"versanumer\">19<\/span><\/a>En ef eg \u00fatrek dj\u00f6fla me\u00f0 fulltingi Belseb\u00fals, fyrir hv\u00f6rs fulltingi \u00fatreka \u00fe\u00e1 y\u00f0rir l\u00e6risveinar \u00fe\u00e1? \u00feess vegna skulu \u00feeir og vera y\u00f0rir d\u00f3mendur.<a name=\"20\"><span class=\"versanumer\">20<\/span><\/a>En ef eg rek dj\u00f6fla \u00fat me\u00f0 Gu\u00f0s krafti, \u00fe\u00e1 er Gu\u00f0s r\u00edki \u00feegar til y\u00f0ar komi\u00f0.<a name=\"21\"><span class=\"versanumer\">21<\/span><\/a>N\u00e6r ein vopnu\u00f0 hetja var\u00f0veitir sitt anddyri, er allt \u00ed fri\u00f0i, sem h\u00fan \u00e1;<a name=\"22\"><span class=\"versanumer\">22<\/span><\/a>en komi annar yfirsterkari og sigri hann, flettir hann hann hertygjum s\u00ednum, er hann treysti \u00e1, og skiptir herfanginu.<a name=\"23\"><span class=\"versanumer\">23<\/span><\/a>Hv\u00f6r, sem ekki er me\u00f0 m\u00e9r, hann er \u00e1 m\u00f3ti m\u00e9r; og hv\u00f6r, sem ekki samansafnar me\u00f0 m\u00e9r, hann sundurdreifir.<a name=\"24\"><span class=\"versanumer\">24<\/span><\/a>\u00deegar \u00f3hreinn andi fer \u00fat af manni, r\u00e1far hann um vatnslausar ey\u00f0imerkur, leitar h\u00e6lis, og n\u00e6r hann ekki finnur \u00fea\u00f0, \u00fe\u00e1 segir hann vi\u00f0 sj\u00e1lfan sig: eg vil hverfa aftur \u00ed h\u00fas mitt, hva\u00f0an eg f\u00f3r,<a name=\"25\"><span class=\"versanumer\">25<\/span><\/a>og er hann kemur, finnur hann \u00fea\u00f0 s\u00f3pa\u00f0 og pr\u00fdtt.<a name=\"26\"><span class=\"versanumer\">26<\/span><\/a>\u00de\u00e1 fer hann og tekur me\u00f0 s\u00e9r a\u00f0ra sj\u00f6 anda s\u00e9r verri, og er \u00feeir eru innkomnir, byggja \u00feeir \u00fear; ver\u00f0ur svo \u00fea\u00f0 s\u00ed\u00f0ara \u00e1sigkomulag mannsins, verra en hi\u00f0 fyrra.<a name=\"27\"><span class=\"versanumer\">27<\/span><\/a>\u00deegar hann m\u00e6lti \u00feetta, h\u00f3f kona nokkur me\u00f0al f\u00f3lksins upp raust s\u00edna, og sag\u00f0i: s\u00e6ll er s\u00e1 kvi\u00f0ur er \u00feig bar, og \u00feau brj\u00f3st, er \u00fe\u00fa mylktir.<a name=\"28\"><span class=\"versanumer\">28<\/span><\/a>En hann sag\u00f0i: j\u00e1, a\u00f0 v\u00edsu! s\u00e6lir eru \u00feeir, sem heyra Gu\u00f0s or\u00f0 og g\u00e6ta \u00feess.<a name=\"29\"><span class=\"versanumer\">29<\/span><\/a>\u00deegar f\u00f3lki\u00f0 \u00feyrptist a\u00f0 honum, t\u00f3k hann svo til or\u00f0a: \u00feessi \u00fej\u00f3\u00f0 er vond, h\u00fan krefst teikns; en henni skal ekkert teikn ver\u00f0a gefi\u00f0, nema teikn J\u00f3nasar;<a name=\"30\"><span class=\"versanumer\">30<\/span><\/a>\u00fev\u00ed eins og J\u00f3nas var Nin\u00edveborgarm\u00f6nnum teikn, eins mun og Mannsins Sonur ver\u00f0a \u00fej\u00f3\u00f0 \u00feessari.<a name=\"31\"><span class=\"versanumer\">31<\/span><\/a>Drottningin \u00far su\u00f0ur\u00e1tt mun r\u00edsa upp, \u00feegar d\u00f3murinn fellur gegn \u00feessari \u00fej\u00f3\u00f0, og s\u00fdna hana straffs seka, \u00fev\u00ed h\u00fan kom af fjarl\u00e6gu landi a\u00f0 heyra speki Sal\u00f3mons; en g\u00e6ti\u00f0 \u00feess, a\u00f0 h\u00e9r er s\u00e1, sem Sal\u00f3moni er meiri.<a name=\"32\"><span class=\"versanumer\">32<\/span><\/a>Nin\u00edveborgarmenn munu r\u00edsa upp, \u00feegar d\u00f3murinn fellur gegn \u00feessari \u00fej\u00f3\u00f0, og s\u00fdna hana straffs seka, \u00fev\u00ed \u00feeir b\u00e6ttu r\u00e1\u00f0 sitt vi\u00f0 kenningu J\u00f3nasar, en sj\u00e1i\u00f0! h\u00e9r er s\u00e1, sem J\u00f3nasi er meiri.<a name=\"33\"><span class=\"versanumer\">33<\/span><\/a>Enginn kveikir lj\u00f3s og setur \u00fea\u00f0 \u00ed skot e\u00f0ur undir m\u00e6liker, heldur \u00ed lj\u00f3sahald, svo \u00feeir, sem inn koma, nj\u00f3ti birtu \u00feess.<a name=\"34\"><span class=\"versanumer\">34<\/span><\/a>Auga\u00f0 er lj\u00f3s l\u00edkamans; n\u00fdtur \u00fev\u00ed, ef auga \u00feitt er heilskyggnt, allur \u00feinn l\u00edkami birtu; en s\u00e9 \u00fea\u00f0 galla\u00f0, er l\u00edkami \u00feinn \u00ed myrkri;<a name=\"35\"><span class=\"versanumer\">35<\/span><\/a>g\u00e6t \u00fe\u00fa \u00fear fyrir \u00feess, a\u00f0 \u00feitt innra lj\u00f3s ver\u00f0i ekki a\u00f0 myrkri.<a name=\"36\"><span class=\"versanumer\">36<\/span><\/a>S\u00e9 \u00fev\u00ed l\u00edkami \u00feinn allur uppl\u00fdstur, svo hv\u00f6rgi beri skugga \u00e1, \u00fe\u00e1 n\u00fdtur hann allrar birtunnar, eins og \u00feegar lj\u00f3si\u00f0 l\u00fdsir me\u00f0 birtu sinni.<br \/><a name=\"37\"><span class=\"versanumer\">37<\/span><\/a>\u00deegar hann var \u00feetta a\u00f0 m\u00e6la, bau\u00f0 einhv\u00f6r af far\u00edseunum honum til matar. Hann f\u00f3r og settist undir bor\u00f0.<a name=\"38\"><span class=\"versanumer\">38<\/span><\/a>\u00deegar far\u00edseinn s\u00e1 \u00fea\u00f0, undra\u00f0ist hann, a\u00f0 Jes\u00fas t\u00f3k ekki handlaugar, \u00e1\u00f0ur en hann t\u00f3k til matar.<a name=\"39\"><span class=\"versanumer\">39<\/span><\/a>\u00de\u00e1 sag\u00f0i Drottinn vi\u00f0 hann: \u00fe\u00e9r far\u00edsear plagi\u00f0 a\u00f0 l\u00e1ta \u00fev\u00f3 ker y\u00f0ar og bikara utan, en y\u00f0vart hi\u00f0 innra er fullt me\u00f0 r\u00e1n og vonsku.<a name=\"40\"><span class=\"versanumer\">40<\/span><\/a>\u00de\u00e9r, heimskingjar! s\u00e1, sem hefir hreinsa\u00f0 hi\u00f0 ytra, mun hann \u00fear fyrir hafa hreinsa\u00f0 hi\u00f0 innra?<a name=\"41\"><span class=\"versanumer\">41<\/span><\/a>en \u00feegar \u00fe\u00e9r gefi\u00f0 \u00f6lmusur af \u00fev\u00ed, sem \u00fear er, \u00fe\u00e1 haldi\u00f0 \u00fe\u00e9r, a\u00f0 allt s\u00e9 y\u00f0ur hreint.<a name=\"42\"><span class=\"versanumer\">42<\/span><\/a>En vei y\u00f0ur far\u00edseum, sem t\u00edundi\u00f0 myntu og r\u00fa\u00f0u og allar matjurtir, en hir\u00f0i\u00f0 hv\u00f6rki um r\u00e9ttv\u00edsi n\u00e9 elskuna til Gu\u00f0s; hitt byrjar a\u00f0 v\u00edsu a\u00f0 gj\u00f6ra, en \u00feetta ekki \u00f3gj\u00f6rt a\u00f0 l\u00e1ta.<a name=\"43\"><span class=\"versanumer\">43<\/span><\/a>Vei y\u00f0ur, \u00fe\u00e9r far\u00edsear! sem keppist eftir efstu s\u00e6tum \u00ed samkunduh\u00fasum og a\u00f0 y\u00f0ur s\u00e9 heilsa\u00f0 \u00e1 mannam\u00f3tum.<a name=\"44\"><span class=\"versanumer\">44<\/span><\/a>Vei y\u00f0ur, \u00fev\u00ed eins eru\u00f0 \u00fe\u00e9r og grafir dau\u00f0ra manna, sem ekki ber \u00e1, yfir hv\u00f6rjar menn ganga \u00e1n \u00feess a\u00f0 vita \u00fea\u00f0.<a name=\"45\"><span class=\"versanumer\">45<\/span><\/a>\u00de\u00e1 t\u00f3k einn af \u00feeim skriftl\u00e6r\u00f0u svo til or\u00f0a: Meistari! \u00fe\u00fa stingur oss einnig snei\u00f0 me\u00f0 \u00feessu;<a name=\"46\"><span class=\"versanumer\">46<\/span><\/a>en hann m\u00e6lti: vei y\u00f0ur l\u00edka, \u00fe\u00e9r skriftl\u00e6r\u00f0ir! \u00fe\u00e9r bindi\u00f0 m\u00f6nnum l\u00edtt b\u00e6rar byr\u00f0ar, en sj\u00e1lfir snerti\u00f0 \u00fe\u00e9r \u00fe\u00e6r ekki me\u00f0 einum fingri.<a name=\"47\"><span class=\"versanumer\">47<\/span><\/a>Vei y\u00f0ur, sem byggi\u00f0 upp grafir sp\u00e1mannanna, sem fe\u00f0ur y\u00f0ar l\u00edfl\u00e9tu;<a name=\"48\"><span class=\"versanumer\">48<\/span><\/a>\u00feannig hr\u00f3si\u00f0 \u00fe\u00e9r og sam\u00feykki\u00f0 ath\u00f6fnum fe\u00f0ra y\u00f0varra, er \u00fe\u00e9r uppbyggi\u00f0 grafir \u00feeirra, sem \u00feeir dr\u00e1pu.<a name=\"49\"><span class=\"versanumer\">49<\/span><\/a>Fyrir \u00fev\u00ed segir og speki Gu\u00f0s: \u201eeg mun senda \u00feeim sp\u00e1menn og postula, suma af \u00feeim munu \u00feeir r\u00e1\u00f0a af d\u00f6gum og a\u00f0ra ofs\u00e6kja,<a name=\"50\"><span class=\"versanumer\">50<\/span><\/a>svo a\u00f0 af \u00feessari kynsl\u00f3\u00f0 krafi\u00f0 ver\u00f0i bl\u00f3\u00f0 allra sp\u00e1manna, er \u00fathellt hefir veri\u00f0 fr\u00e1 heims upphafi,<a name=\"51\"><span class=\"versanumer\">51<\/span><\/a>fr\u00e1 \u00fev\u00ed Abel var drepinn til l\u00edfl\u00e1ts Sakkar\u00edasar, sem drepinn var millum musteris og altaris. Eg segi y\u00f0ur satt, a\u00f0 \u00feessi \u00fej\u00f3\u00f0 mun f\u00e1 makleg m\u00e1lagj\u00f6ld fyrir \u00f6ll \u00feessi manndr\u00e1p.<a name=\"52\"><span class=\"versanumer\">52<\/span><\/a>Vei y\u00f0ur, \u00fe\u00e9r skriftl\u00e6r\u00f0ir! sem hafi\u00f0 hrifsa\u00f0 til y\u00f0ar lykil viskunnar, en sj\u00e1lfir fari\u00f0 \u00fe\u00e9r \u00fear ekki inn, og fyrirmuni\u00f0 \u00f6\u00f0rum inng\u00f6ngu.<a name=\"53\"><span class=\"versanumer\">53<\/span><\/a>\u00deegar hann haf\u00f0i svo m\u00e6lt, t\u00f3ku hinir skriftl\u00e6r\u00f0u og far\u00edsear \u00feunglega a\u00f0 rei\u00f0ast honum og lokka af honum andsv\u00f6r um \u00fdmislegt,<a name=\"54\"><span class=\"versanumer\">54<\/span><\/a>sitja um hann og leitast vi\u00f0 a\u00f0 vei\u00f0a eitthva\u00f0 af munni hans, er \u00feeir g\u00e6ti sakfellt hann fyrir.<\/p>\n<div class=\"footnoteVidey\">V. 2\u20134. Matt. 6,9\u201315.  V. 9\u201313. Matt. 7,7. Sbr. L\u00fak. 18,1\u20137.  V. 14\u201322. Matt. 12,22\u201330. Mark. 3,22\u201327.  V. 23. Matt. 12,30. Mark. 9,40.  V. 24\u201326. Matt. 12,43\u201345.  V. 29\u201332. Matt. 12,38\u201342.  V. 31. 1 K\u00f3ng. 10,1.  V. 32. J\u00f3n. 3,5.  V. 33\u201336. L\u00fak. 8,16. Matt. 5,15. 6,22.23.  V. 39\u201341. Matt. 23,25.26.  V. 42. Matt. 23,23.  V. 43. Matt. 23,6.7.  V. 44. Matt. 23,26.  V. 46. Matt. 23,4.  V. 47\u201351. Matt. 23,29\u201336.  V. 51. 1 M\u00f3s. 4,8.  V. 52. Matt. 23,14.<\/div>\n","protected":false},"excerpt":{"rendered":"<p>Jes\u00fas kennir s\u00ednum l\u00e6risveinum a\u00f0 bi\u00f0ja; rekur dj\u00f6ful \u00fat, og hrindir lastm\u00e6lum hinna skriftl\u00e6r\u00f0u; etur me\u00f0 far\u00edseum og \u00e1v\u00edtar \u00fe\u00e1 og hina l\u00f6gl\u00e6r\u00f0u. 1Eitt sinn bar svo vi\u00f0, a\u00f0 hann var \u00e1 b\u00e6n sinni einhv\u00f6rs sta\u00f0ar; en er hann haf\u00f0i loki\u00f0 b\u00e6nagj\u00f6r\u00f0inni, sag\u00f0i einn af l\u00e6risveinum hans vi\u00f0 hann: kenn \u00fe\u00fa oss, Herra! a\u00f0 bi\u00f0ja, eins og J\u00f3hannes kenndi s\u00ednum l\u00e6risveinum.2\u00de\u00e1 sag\u00f0i hann vi\u00f0 \u00fe\u00e1: n\u00e6r \u00fe\u00e9r gj\u00f6ri\u00f0 b\u00e6n y\u00f0ar, \u00fe\u00e1 bi\u00f0ji\u00f0 \u00e1 \u00feessa lei\u00f0: Fa\u00f0ir vor! helgist \u00feitt nafn, tilkomi \u00feitt r\u00edki;3gef oss hv\u00f6rn dag vort daglegt brau\u00f0;4fyrirgef oss vorar misgj\u00f6r\u00f0ir, \u00fev\u00ed v\u00e9r fyrirgefum og \u00feeim, sem vi\u00f0 oss <a href=\"https:\/\/biblian.is\/videy\/lukasargudspjall-11-kafli\/\"> [&#8230;]<\/a><\/p>\n","protected":false},"author":1,"featured_media":0,"parent":0,"menu_order":0,"comment_status":"open","ping_status":"open","template":"bibliukaflar.php","meta":{"footnotes":""},"class_list":["post-21833","page","type-page","status-publish","hentry"],"_links":{"self":[{"href":"https:\/\/biblian.is\/videy\/wp-json\/wp\/v2\/pages\/21833","targetHints":{"allow":["GET"]}}],"collection":[{"href":"https:\/\/biblian.is\/videy\/wp-json\/wp\/v2\/pages"}],"about":[{"href":"https:\/\/biblian.is\/videy\/wp-json\/wp\/v2\/types\/page"}],"author":[{"embeddable":true,"href":"https:\/\/biblian.is\/videy\/wp-json\/wp\/v2\/users\/1"}],"replies":[{"embeddable":true,"href":"https:\/\/biblian.is\/videy\/wp-json\/wp\/v2\/comments?post=21833"}],"version-history":[{"count":0,"href":"https:\/\/biblian.is\/videy\/wp-json\/wp\/v2\/pages\/21833\/revisions"}],"wp:attachment":[{"href":"https:\/\/biblian.is\/videy\/wp-json\/wp\/v2\/media?parent=21833"}],"curies":[{"name":"wp","href":"https:\/\/api.w.org\/{rel}","templated":true}]}}