{"id":21831,"date":"2018-01-02T01:04:22","date_gmt":"2018-01-02T01:04:22","guid":{"rendered":"http:\/\/biblian.is\/videy\/lukasargudspjall-9-kafli\/"},"modified":"2018-01-02T01:04:22","modified_gmt":"2018-01-02T01:04:22","slug":"lukasargudspjall-9-kafli","status":"publish","type":"page","link":"https:\/\/biblian.is\/videy\/lukasargudspjall-9-kafli\/","title":{"rendered":"L\u00fakasargu\u00f0spjall 9. kafli"},"content":{"rendered":"<div class=\"fyrirsognVidey\">\u00deeir t\u00f3lf l\u00e6risveinar eru \u00fatsendir; Her\u00f3des vill sj\u00e1 Jes\u00fam; postularnir koma aftur; Kristur kennir, l\u00e6knar, mettar fimm \u00fe\u00fasundir manna. P\u00e9tur j\u00e1tar Jes\u00fam vera Gu\u00f0s Son. Jes\u00fas talar um s\u00edna p\u00ednu, um sj\u00e1lfs afneitun og sitt r\u00edki; forkl\u00e1rast \u00e1 fjalli; l\u00e6knar tunglsj\u00fakan; segir s\u00edna p\u00ednu fyrir; talar um au\u00f0m\u00fdkt, og \u00f3tilhl\u00fd\u00f0ilegt vandl\u00e6ti, og um \u00fea\u00f0, hv\u00f6rs hans fylgjarar m\u00e6ttu v\u00e6nta.<\/div>\n<p><a name=\"1\"><span class=\"versanumer\">1<\/span><\/a>S\u00ed\u00f0an kalla\u00f0i hann \u00fe\u00e1 t\u00f3lf saman, og gaf \u00feeim vald og r\u00e1\u00f0 yfir \u00f6llum dj\u00f6flum, og til a\u00f0 l\u00e6kna s\u00f3ttir,<a name=\"2\"><span class=\"versanumer\">2<\/span><\/a>og sendi \u00fe\u00e1 til a\u00f0 bo\u00f0a l\u00e6rd\u00f3minn um Gu\u00f0s r\u00edki, og til a\u00f0 gr\u00e6\u00f0a sj\u00faka, og m\u00e6lti:<a name=\"3\"><span class=\"versanumer\">3<\/span><\/a>ekkert skulu\u00f0 \u00fe\u00e9r taka me\u00f0 y\u00f0ur, hv\u00f6rki staf e\u00f0ur t\u00f6sku, til fer\u00f0arinnar, og ekki brau\u00f0 e\u00f0ur silfur, og ekki tvo kyrtla.<a name=\"4\"><span class=\"versanumer\">4<\/span><\/a>\u00deegar \u00fe\u00e9r hafi\u00f0 teki\u00f0 y\u00f0ur a\u00f0setur \u00e1 einu heimili, \u00fe\u00e1 veri\u00f0 \u00fear til \u00feess \u00fe\u00e9r fari\u00f0 \u00fea\u00f0an.<a name=\"5\"><span class=\"versanumer\">5<\/span><\/a>En vilji einhv\u00f6r ekki veita y\u00f0ur vi\u00f0urt\u00f6ku, \u00fe\u00e1 fari\u00f0 burt \u00far \u00feeirri borg og hristi\u00f0 duft af f\u00f3tum y\u00f0rum, til vitnis gegn \u00feeim.<a name=\"6\"><span class=\"versanumer\">6<\/span><\/a>En \u00feeir f\u00f3ru \u00e1 sta\u00f0 og fer\u00f0u\u00f0ust um \u00feorpin, bo\u00f0u\u00f0u gle\u00f0ibo\u00f0skapinn, og l\u00e6knu\u00f0u allsta\u00f0ar.<br \/><a name=\"7\"><span class=\"versanumer\">7<\/span><\/a>En sem fj\u00f3r\u00f0ungsh\u00f6f\u00f0inginn Her\u00f3des f\u00e9kk a\u00f0 heyra um allt \u00fea\u00f0, sem Jes\u00fas haf\u00f0i gj\u00f6rt, vissi hann ekki hva\u00f0 hann \u00e1tti a\u00f0 gj\u00f6ra s\u00e9r \u00ed hugarlund, \u00fev\u00ed sumir s\u00f6g\u00f0u, a\u00f0 J\u00f3hannes v\u00e6ri endurlifna\u00f0ur,<a name=\"8\"><span class=\"versanumer\">8<\/span><\/a>a\u00f0rir a\u00f0 El\u00edas v\u00e6ri kominn, og sumir, a\u00f0 einn af \u00feeim g\u00f6mlu sp\u00e1m\u00f6nnum v\u00e6ri risinn upp.<a name=\"9\"><span class=\"versanumer\">9<\/span><\/a>Sag\u00f0i hann \u00fe\u00e1: J\u00f3hannes hefi eg l\u00e1ti\u00f0 h\u00e1lsh\u00f6ggva, en hv\u00f6r er \u00feessi, af hv\u00f6rjum eg heyri \u00feessa hluti? og hann langa\u00f0i til a\u00f0 sj\u00e1 hann.<br \/><a name=\"10\"><span class=\"versanumer\">10<\/span><\/a>\u00de\u00e1 komu l\u00e6risveinar Jes\u00fa, sem hann haf\u00f0i sent fr\u00e1 s\u00e9r, til baka, og s\u00f6g\u00f0u honum fr\u00e1, hva\u00f0 \u00feeir h\u00f6f\u00f0u a\u00f0hafst; f\u00f3r hann \u00fe\u00e1 me\u00f0 \u00feeim einslega \u00ed ey\u00f0ista\u00f0 nokkurn hj\u00e1 borginni Betsa\u00eddu;<a name=\"11\"><span class=\"versanumer\">11<\/span><\/a>en er f\u00f3lki\u00f0 var\u00f0 \u00feess vart, fylgdi \u00fea\u00f0 eftir honum, og veitti hann \u00fev\u00ed vi\u00f0urt\u00f6ku, og kenndi \u00fev\u00ed um Gu\u00f0s r\u00edki, og l\u00e6kna\u00f0i \u00fe\u00e1, er \u00feess \u00feurftu vi\u00f0.<a name=\"12\"><span class=\"versanumer\">12<\/span><\/a>En er degi t\u00f3k a\u00f0 halla, komu \u00feeir t\u00f3lf til hans, og b\u00e1\u00f0u a\u00f0 hann l\u00e9ti f\u00f3lki\u00f0 fara fr\u00e1 s\u00e9r, svo \u00fea\u00f0 f\u00e6ri \u00ed \u00feorpin og landsbygg\u00f0ina \u00fear \u00ed kring, og leita\u00f0i s\u00e9r n\u00e1ttsta\u00f0ar og matar, \u00fear \u00feeir v\u00e6ru \u00ed \u00f3bygg\u00f0um.<a name=\"13\"><span class=\"versanumer\">13<\/span><\/a>\u00de\u00e1 sag\u00f0i hann vi\u00f0 \u00fe\u00e1: gefi\u00f0 \u00fe\u00e9r \u00feeim mat. \u00deeir m\u00e6ltu: ekki h\u00f6fum v\u00e9r nema fimm brau\u00f0 og fiska tvo, nema ef v\u00e9r eigum a\u00f0 fara og kaupa \u00f6llum \u00feessum mannfj\u00f6lda mat;<a name=\"14\"><span class=\"versanumer\">14<\/span><\/a>\u00fev\u00ed \u00fear voru h\u00e9r um fimm \u00fe\u00fasundir manna. \u00de\u00e1 segir hann vi\u00f0 l\u00e6risveina s\u00edna: l\u00e1ti\u00f0 \u00fe\u00e9r \u00fe\u00e1 setjast ni\u00f0ur \u00ed h\u00f3pa, fimmt\u00edu \u00ed hv\u00f6rjum h\u00f3p;<a name=\"15\"><span class=\"versanumer\">15<\/span><\/a>\u00feeir gj\u00f6r\u00f0u svo, og l\u00e9tu \u00fe\u00e1 alla setjast ni\u00f0ur.<a name=\"16\"><span class=\"versanumer\">16<\/span><\/a>\u00de\u00e1 t\u00f3k hann \u00feau fimm brau\u00f0 og tvo fiska, leit upp til himins, gj\u00f6r\u00f0i Gu\u00f0i \u00feakkir, braut \u00feau, og f\u00e9kk \u00feau l\u00e6risveinunum, a\u00f0 \u00feeir leg\u00f0u \u00feau fyrir f\u00f3lki\u00f0,<a name=\"17\"><span class=\"versanumer\">17<\/span><\/a>m\u00f6tu\u00f0ust \u00feeir allir og ur\u00f0u saddir; v\u00f3ru \u00fe\u00e1 uppteknar leifarnar og voru \u00fea\u00f0 t\u00f3lf karfir fullar.<br \/><a name=\"18\"><span class=\"versanumer\">18<\/span><\/a>Einhv\u00f6rju sinni, er hann var einnsaman \u00e1 b\u00e6n, og l\u00e6risveinar hans hj\u00e1 honum, spur\u00f0i hann \u00fe\u00e1, hv\u00f6rn f\u00f3lki\u00f0 \u00e1liti hann a\u00f0 vera.<a name=\"19\"><span class=\"versanumer\">19<\/span><\/a>\u00deeir s\u00f6g\u00f0u: sumir \u00e6tla, a\u00f0 \u00fe\u00fa s\u00e9rt J\u00f3hannes sk\u00edrari, a\u00f0rir El\u00edas, og sumir a\u00f0 einn af \u00feeim g\u00f6mlu sp\u00e1m\u00f6nnum s\u00e9 upprisinn.<a name=\"20\"><span class=\"versanumer\">20<\/span><\/a>\u00de\u00e1 sag\u00f0i hann: en hv\u00f6r \u00e6tli\u00f0 \u00fe\u00e9r eg s\u00e9? P\u00e9tur m\u00e6lti: v\u00e9r \u00e6tlum, a\u00f0 \u00fe\u00fa s\u00e9rt Kristur Gu\u00f0s.<a name=\"21\"><span class=\"versanumer\">21<\/span><\/a>\u00de\u00e1 lag\u00f0i hann r\u00edkt \u00e1 vi\u00f0 \u00fe\u00e1, a\u00f0 \u00feeir ekki seg\u00f0u nokkrum fr\u00e1 \u00fev\u00ed,<a name=\"22\"><span class=\"versanumer\">22<\/span><\/a>\u00fev\u00ed mannsins Sonur\u2014sag\u00f0i hann\u2014\u00e1 margt a\u00f0 l\u00ed\u00f0a, ver\u00f0a \u00fatsk\u00fafa\u00f0ur af \u00f6ldungunum og \u00feeim \u00e6\u00f0stu prestum og enum skriftl\u00e6r\u00f0u, l\u00edfl\u00e1tast, en uppr\u00edsa \u00e1 \u00feri\u00f0ja degi.<a name=\"23\"><span class=\"versanumer\">23<\/span><\/a>S\u00ed\u00f0an sag\u00f0i hann til \u00feeirra allra: hv\u00f6r, sem vill fylgja m\u00e9r, afneiti sj\u00e1lfum s\u00e9r, taki \u00e1 sig sinn kross hv\u00f6rs daglega, og fylgi m\u00e9r eftir;<a name=\"24\"><span class=\"versanumer\">24<\/span><\/a>\u00fev\u00ed hv\u00f6r, sem vill f\u00e1 borgi\u00f0 l\u00edfi s\u00ednu, mun t\u00fdna \u00fev\u00ed; og hv\u00f6r, sem l\u00e6tur l\u00edf sitt m\u00edn vegna, hann mun frelsa \u00fea\u00f0;<a name=\"25\"><span class=\"versanumer\">25<\/span><\/a>\u00fev\u00ed a\u00f0 hv\u00f6rju gagni k\u00e6mi \u00fea\u00f0, \u00fe\u00f3tt ma\u00f0ur eigna\u00f0ist allan heiminn, en t\u00fdndi sj\u00e1lfum s\u00e9r, og ska\u00f0a\u00f0i sig?<a name=\"26\"><span class=\"versanumer\">26<\/span><\/a>\u00dev\u00ed hv\u00f6r, sem l\u00e6tur s\u00e9r minnkun \u00feykja a\u00f0 m\u00e9r og minni kenningu, a\u00f0 \u00feeim mun og Mannsins Syni minnkun \u00feykja, \u00feegar hann kemur me\u00f0 vegsemd sinni og F\u00f6\u00f0ur s\u00edns og helgum englum.<a name=\"27\"><span class=\"versanumer\">27<\/span><\/a>En eg segi y\u00f0ur: a\u00f0 nokkrir af \u00feeim, sem h\u00e9r eru n\u00fa vi\u00f0staddir, munu ekki deyja fyrr en \u00feeir sj\u00e1 Gu\u00f0s r\u00edki.<br \/><a name=\"28\"><span class=\"versanumer\">28<\/span><\/a>H\u00e9r um \u00e1tta d\u00f6gum eftir a\u00f0 hann tala\u00f0i \u00feetta, t\u00f3k hann me\u00f0 s\u00e9r P\u00e9tur, J\u00f3hannes og Jakob, og f\u00f3r upp \u00e1 fjall nokkurt til a\u00f0 gj\u00f6ra b\u00e6n s\u00edna.<a name=\"29\"><span class=\"versanumer\">29<\/span><\/a>\u00de\u00e1 ske\u00f0i \u00fea\u00f0, er hann var \u00e1 b\u00e6ninni, a\u00f0 yfirlitur hans umbreyttist, og kl\u00e6\u00f0i hans ur\u00f0u lj\u00f3mandi hv\u00edt.<a name=\"30\"><span class=\"versanumer\">30<\/span><\/a>\u00dear birtust tveir menn \u00ed lj\u00f3ma, er t\u00f6lu\u00f0u vi\u00f0 hann;<a name=\"31\"><span class=\"versanumer\">31<\/span><\/a>voru \u00fea\u00f0 \u00feeir M\u00f3ses og El\u00edas, t\u00f6lu\u00f0u \u00feeir um hans tilkomanda l\u00edfl\u00e1t \u00ed Jer\u00fasalem.<a name=\"32\"><span class=\"versanumer\">32<\/span><\/a>En P\u00e9tur og \u00feeir, sem me\u00f0 honum voru, voru yfirkomnir af svefni; og er \u00feeir v\u00f6knu\u00f0u, s\u00e1u \u00feeir lj\u00f3mann af honum, og \u00fe\u00e1 tvo menn, er hj\u00e1 honum voru.<a name=\"33\"><span class=\"versanumer\">33<\/span><\/a>En \u00feegar \u00feeir skildust vi\u00f0 hann, m\u00e6lti P\u00e9tur vi\u00f0 Jes\u00fam: gott er oss h\u00e9r a\u00f0 vera, Meistari! l\u00e1tum oss sl\u00e1 h\u00e9r \u00feremur tj\u00f6ldum, einu handa \u00fe\u00e9r, \u00f6\u00f0ru handa M\u00f3si, og enu \u00feri\u00f0ja handa El\u00edasi, \u00fev\u00ed ekki vissi hann, hva\u00f0 hann sag\u00f0i.<a name=\"34\"><span class=\"versanumer\">34<\/span><\/a>En er hann var \u00feetta a\u00f0 m\u00e6la, kom sk\u00fd og skygg\u00f0i yfir \u00fe\u00e1, ur\u00f0u \u00feeir hr\u00e6ddir, er \u00feeir komu inn \u00ed sk\u00fdi\u00f0;<a name=\"35\"><span class=\"versanumer\">35<\/span><\/a>kom \u00fe\u00e1 r\u00f6dd \u00far sk\u00fdinu, er sag\u00f0i: \u00feessi er Sonur minn elskulegur, hl\u00fd\u00f0i\u00f0 \u00fe\u00e9r honum.<a name=\"36\"><span class=\"versanumer\">36<\/span><\/a>En \u00ed \u00fev\u00ed r\u00f6ddin kom, fundu \u00feeir Jes\u00fam einan. Um \u00feetta \u00fe\u00f6g\u00f0u \u00feeir, og s\u00f6g\u00f0u \u00e1 \u00feeim d\u00f6gum engum fr\u00e1, hva\u00f0 \u00feeir h\u00f6f\u00f0u s\u00e9\u00f0.<br \/><a name=\"37\"><span class=\"versanumer\">37<\/span><\/a>Deginum eftir, er \u00feeir f\u00f3ru ni\u00f0ur af fjallinu, kom mikill fj\u00f6ldi f\u00f3lks \u00e1 m\u00f3ti honum,<a name=\"38\"><span class=\"versanumer\">38<\/span><\/a>kalla\u00f0i \u00fe\u00e1 ma\u00f0ur nokkur \u00far flokkinum og sag\u00f0i: Meistari! eg bi\u00f0 \u00feig, l\u00edt \u00fe\u00fa n\u00e1\u00f0arsamlega til sonar m\u00edns, \u00fev\u00ed hann er einkabarn mitt.<a name=\"39\"><span class=\"versanumer\">39<\/span><\/a>\u00dev\u00ed sj\u00e1, \u00feegar andinn hr\u00edfur hann, hr\u00edn hann strax upp, og teygist sundur og saman me\u00f0 fro\u00f0ufalli, og varla v\u00edkur andinn fr\u00e1 honum, \u00fe\u00e1 hann tekur til a\u00f0 kvelja hann.<a name=\"40\"><span class=\"versanumer\">40<\/span><\/a>Eg ba\u00f0 l\u00e6risveina \u00fe\u00edna, a\u00f0 \u00feeir r\u00e6kju hann \u00fat, en \u00feeir g\u00e1tu \u00fea\u00f0 ekki.<a name=\"41\"><span class=\"versanumer\">41<\/span><\/a>\u00de\u00e1 m\u00e6lti Jes\u00fas: \u00fe\u00fa tr\u00faarlausa og rangsn\u00fana \u00fej\u00f3\u00f0! hv\u00f6rsu lengi skal eg vera me\u00f0 y\u00f0ur og umbera y\u00f0ur; f\u00e6r \u00fe\u00fa hinga\u00f0 son \u00feinn!<a name=\"42\"><span class=\"versanumer\">42<\/span><\/a>En er hann kom, hreif hinn illi andi hann og teyg\u00f0i hann sundur og saman. Hasta\u00f0i \u00fe\u00e1 Jes\u00fas \u00e1 hinn \u00f3hreina anda og l\u00e6kna\u00f0i sveininn og gaf hann aftur f\u00f6\u00f0ur s\u00ednum;<a name=\"43\"><span class=\"versanumer\">43<\/span><\/a>en allir undru\u00f0ust Gu\u00f0s mikla m\u00e1tt.<br \/>En er allir v\u00f3ru n\u00fa a\u00f0 fur\u00f0a sig yfir \u00f6llu \u00fev\u00ed, sem Jes\u00fas gj\u00f6r\u00f0i, t\u00f3k hann svo til or\u00f0a, vi\u00f0 l\u00e6risveina s\u00edna:<a name=\"44\"><span class=\"versanumer\">44<\/span><\/a>taki\u00f0 eftir \u00feessum or\u00f0um: Mannsins Sonur \u00e1 a\u00f0 ofurseljast \u00ed manna hendur.<a name=\"45\"><span class=\"versanumer\">45<\/span><\/a>En \u00feeir skildu \u00fea\u00f0 ekki, og \u00fea\u00f0 var svo huli\u00f0 fyrir \u00feeim, a\u00f0 \u00feeir skynju\u00f0u \u00fea\u00f0 ekki, en \u00feor\u00f0u \u00fe\u00f3 ekki a\u00f0 spyrja hann a\u00f0, hva\u00f0 hann meinti me\u00f0 \u00fev\u00ed.<br \/><a name=\"46\"><span class=\"versanumer\">46<\/span><\/a>Einhv\u00f6rju sinni kom \u00fer\u00e6ta me\u00f0al \u00feeirra um \u00fea\u00f0, hv\u00f6r \u00feeirra v\u00e6ri mestur.<a name=\"47\"><span class=\"versanumer\">47<\/span><\/a>En er Jes\u00fas var\u00f0 var vi\u00f0 \u00feeirra hugrenningar, t\u00f3k hann barn eitt og setti \u00fea\u00f0 hj\u00e1 s\u00e9r,<a name=\"48\"><span class=\"versanumer\">48<\/span><\/a>og sag\u00f0i vi\u00f0 \u00fe\u00e1: hv\u00f6r, sem veitir \u00feessu barni vi\u00f0urt\u00f6ku m\u00edn vegna, \u00fea\u00f0 er sem veitti hann m\u00e9r vi\u00f0urt\u00f6ku, en hv\u00f6r hann veitir m\u00e9r vi\u00f0urt\u00f6ku, hann veitir og \u00feeim vi\u00f0urt\u00f6ku sem mig sendi; \u00fev\u00ed s\u00e1 af y\u00f0ur, sem l\u00e6tur minnst yfir s\u00e9r, hann mun mikill ver\u00f0a.<a name=\"49\"><span class=\"versanumer\">49<\/span><\/a>\u00de\u00e1 sag\u00f0i J\u00f3hannes: Meistari! v\u00e9r s\u00e1um mann nokkurn, sem \u00ed \u00fe\u00ednu nafni rak \u00fat dj\u00f6fla, og v\u00e9r b\u00f6nnu\u00f0um honum \u00fea\u00f0, \u00fear sem hann ekki var af vorum flokki.<a name=\"50\"><span class=\"versanumer\">50<\/span><\/a>Jes\u00fas m\u00e6lti: banni\u00f0 \u00fea\u00f0 ekki, \u00fev\u00ed s\u00e1, sem ekki er m\u00f3t y\u00f0ur, hann er me\u00f0 y\u00f0ur. <br \/><a name=\"51\"><span class=\"versanumer\">51<\/span><\/a>N\u00fa er lei\u00f0 a\u00f0 hans upphafningart\u00edma, <span class='VideyAth'>a)<\/span> h\u00e9lt hann til Jer\u00fasalem, og sendi menn undan s\u00e9r;<a name=\"52\"><span class=\"versanumer\">52<\/span><\/a>\u00feeir f\u00f3ru og komu \u00ed \u00feorp nokkurt samverskt til a\u00f0 fala honum \u00fear gisting;<a name=\"53\"><span class=\"versanumer\">53<\/span><\/a>en b\u00e6jarmenn vildu ekki vi\u00f0 honum taka, af \u00fev\u00ed hann \u00e6tla\u00f0i til Jer\u00fasalem.<a name=\"54\"><span class=\"versanumer\">54<\/span><\/a>En er l\u00e6risveinar hans, Jakob og J\u00f3hannes, ur\u00f0u \u00feess v\u00edsir, s\u00f6g\u00f0u \u00feeir: vilt\u00fa, Herra! a\u00f0 v\u00e9r bj\u00f3\u00f0um eldi a\u00f0 falla af himni og tort\u00fdna \u00feeim, eins og El\u00edas gj\u00f6r\u00f0i.<a name=\"55\"><span class=\"versanumer\">55<\/span><\/a>\u00de\u00e1 snerist hann vi\u00f0, \u00e1v\u00edta\u00f0i \u00fe\u00e1 og sag\u00f0i: viti\u00f0 \u00fe\u00e9r ekki hv\u00f6rs anda <span class='VideyAth'>b)<\/span> \u00fe\u00e9r eru\u00f0?<a name=\"56\"><span class=\"versanumer\">56<\/span><\/a>Ekki er Mannsins Sonur kominn til a\u00f0 tort\u00fdna l\u00edfi manna, heldur til a\u00f0 frelsa \u00fea\u00f0. S\u00ed\u00f0an f\u00f3ru \u00feeir \u00ed anna\u00f0 \u00feorp. <br \/><a name=\"57\"><span class=\"versanumer\">57<\/span><\/a>Svo bar vi\u00f0 \u00e1 veginum, a\u00f0 ma\u00f0ur nokkur sag\u00f0i til hans: eg vil fylgja \u00fe\u00e9r, Herra! hv\u00f6rt sem \u00fe\u00fa fer.<a name=\"58\"><span class=\"versanumer\">58<\/span><\/a>Jes\u00fas m\u00e6lti: refar hafa greni og fuglar sk\u00fdli, en Mannsins Sonur hefir hv\u00f6rgi h\u00f6f\u00f0i s\u00ednu a\u00f0 halla.<a name=\"59\"><span class=\"versanumer\">59<\/span><\/a>Vi\u00f0 annan sag\u00f0i hann: fylg \u00fe\u00fa m\u00e9r! hann m\u00e6lti: leyf m\u00e9r fyrst, Herra! a\u00f0 fara og grafa f\u00f6\u00f0ur minn.<a name=\"60\"><span class=\"versanumer\">60<\/span><\/a>Jes\u00fas sag\u00f0i: l\u00e1t \u00fe\u00e1 dau\u00f0u grafa s\u00edna dau\u00f0u, en far \u00fe\u00fa og flyt l\u00e6rd\u00f3minn um Gu\u00f0s r\u00edki.<a name=\"61\"><span class=\"versanumer\">61<\/span><\/a>Enn n\u00fa annar sag\u00f0i: eg vil fylgja \u00fe\u00e9r, Herra! en leyf m\u00e9r fyrst a\u00f0 fara og kve\u00f0ja heimilisf\u00f3lk mitt.<a name=\"62\"><span class=\"versanumer\">62<\/span><\/a>Jes\u00fas m\u00e6lti: enginn s\u00e1, sem leggur h\u00f6nd \u00e1 pl\u00f3ginn og sn\u00fdr til baka, er h\u00e6fur til Gu\u00f0s r\u00edkis.<\/p>\n<div class=\"footnoteVidey\">V. 1\u20136. Matt. 10,5. ff. Mark. 6,7\u201313.  V. 7\u20139. Matt. 14,1.2. Mark. 6,14\u201316.  V. 10. ff. Matt. 14,13\u201320. Mark. 6,32\u201344. J\u00f3h. 6,1\u201315.  V. 18. ff. Matt. 16,13\u201328. Mark. 8,27\u201339.  V. 28. Matt. 17,1\u20139. Mark. 9,1\u20138.  V. 37\u201343. Matt. 17,14\u201321. Mark. 9,14\u201329.  V. 43. Matt. 17,22.23. Mark. 9,30\u201332. Sbr. L\u00fak. 18,31\u201334.  V. 46\u201350. Matt. 18,1\u20135. Mark. 9,33\u201340.  V. 51. a. \u00de. e. uppstigningar.  V. 54. 2 K\u00f3ng. 1,10. ff.  V. 55. b. El\u00edas var strangur, en \u00fea\u00f0 hugarfar, sem Jes\u00fas innprenta\u00f0i, var umbur\u00f0arlyndi.  V. 62. \u00datbrei\u00f0sla kristninnar krefur, a\u00f0 menn hafi ekki hugann \u00e1 \u00f6\u00f0ru.<\/div>\n","protected":false},"excerpt":{"rendered":"<p>\u00deeir t\u00f3lf l\u00e6risveinar eru \u00fatsendir; Her\u00f3des vill sj\u00e1 Jes\u00fam; postularnir koma aftur; Kristur kennir, l\u00e6knar, mettar fimm \u00fe\u00fasundir manna. P\u00e9tur j\u00e1tar Jes\u00fam vera Gu\u00f0s Son. Jes\u00fas talar um s\u00edna p\u00ednu, um sj\u00e1lfs afneitun og sitt r\u00edki; forkl\u00e1rast \u00e1 fjalli; l\u00e6knar tunglsj\u00fakan; segir s\u00edna p\u00ednu fyrir; talar um au\u00f0m\u00fdkt, og \u00f3tilhl\u00fd\u00f0ilegt vandl\u00e6ti, og um \u00fea\u00f0, hv\u00f6rs hans fylgjarar m\u00e6ttu v\u00e6nta. 1S\u00ed\u00f0an kalla\u00f0i hann \u00fe\u00e1 t\u00f3lf saman, og gaf \u00feeim vald og r\u00e1\u00f0 yfir \u00f6llum dj\u00f6flum, og til a\u00f0 l\u00e6kna s\u00f3ttir,2og sendi \u00fe\u00e1 til a\u00f0 bo\u00f0a l\u00e6rd\u00f3minn um Gu\u00f0s r\u00edki, og til a\u00f0 gr\u00e6\u00f0a sj\u00faka, og m\u00e6lti:3ekkert skulu\u00f0 \u00fe\u00e9r taka me\u00f0 y\u00f0ur, <a href=\"https:\/\/biblian.is\/videy\/lukasargudspjall-9-kafli\/\"> [&#8230;]<\/a><\/p>\n","protected":false},"author":1,"featured_media":0,"parent":0,"menu_order":0,"comment_status":"open","ping_status":"open","template":"bibliukaflar.php","meta":{"footnotes":""},"class_list":["post-21831","page","type-page","status-publish","hentry"],"_links":{"self":[{"href":"https:\/\/biblian.is\/videy\/wp-json\/wp\/v2\/pages\/21831","targetHints":{"allow":["GET"]}}],"collection":[{"href":"https:\/\/biblian.is\/videy\/wp-json\/wp\/v2\/pages"}],"about":[{"href":"https:\/\/biblian.is\/videy\/wp-json\/wp\/v2\/types\/page"}],"author":[{"embeddable":true,"href":"https:\/\/biblian.is\/videy\/wp-json\/wp\/v2\/users\/1"}],"replies":[{"embeddable":true,"href":"https:\/\/biblian.is\/videy\/wp-json\/wp\/v2\/comments?post=21831"}],"version-history":[{"count":0,"href":"https:\/\/biblian.is\/videy\/wp-json\/wp\/v2\/pages\/21831\/revisions"}],"wp:attachment":[{"href":"https:\/\/biblian.is\/videy\/wp-json\/wp\/v2\/media?parent=21831"}],"curies":[{"name":"wp","href":"https:\/\/api.w.org\/{rel}","templated":true}]}}