{"id":21830,"date":"2018-01-02T01:04:22","date_gmt":"2018-01-02T01:04:22","guid":{"rendered":"http:\/\/biblian.is\/videy\/lukasargudspjall-8-kafli\/"},"modified":"2018-01-02T01:04:22","modified_gmt":"2018-01-02T01:04:22","slug":"lukasargudspjall-8-kafli","status":"publish","type":"page","link":"https:\/\/biblian.is\/videy\/lukasargudspjall-8-kafli\/","title":{"rendered":"L\u00fakasargu\u00f0spjall 8. kafli"},"content":{"rendered":"<div class=\"fyrirsognVidey\">Jes\u00fas fer\u00f0ast um kring og pr\u00e9dikar; framsetur d\u00e6mis\u00f6guna um S\u00e1\u00f0manninn; um lj\u00f3si\u00f0 \u00e1 lj\u00f3sahaldinu; segist meta s\u00edna tilheyrendur sem n\u00e1skylda \u00e6ttingja; kyrrir vind og sj\u00f3; \u00fatrekur dj\u00f6fla; l\u00e6knar bl\u00f3\u00f0fallssj\u00faka kvinnu og uppvekur d\u00f3ttur Ja\u00edrusar.<\/div>\n<p><a name=\"1\"><span class=\"versanumer\">1<\/span><\/a>S\u00ed\u00f0an f\u00f3r hann borg \u00far borg og \u00feorp \u00far \u00feorpi og kenndi \u00feeim og flutti l\u00e6rd\u00f3minn um Gu\u00f0s r\u00edki;<a name=\"2\"><span class=\"versanumer\">2<\/span><\/a>v\u00f3ru \u00fe\u00e1 me\u00f0 honum \u00feeir t\u00f3lf og konur nokkrar, er hann haf\u00f0i l\u00e6kna\u00f0 af illum \u00f6ndum og \u00f6\u00f0rum sj\u00fakleikum; me\u00f0al \u00feeirra var Mar\u00eda fr\u00e1 Magd\u00f6lum, fr\u00e1 hv\u00f6rri sj\u00f6 illir andar h\u00f6f\u00f0u \u00fat fari\u00f0,<a name=\"3\"><span class=\"versanumer\">3<\/span><\/a>og J\u00f3hanna kona K\u00fasa, \u00e1rmanns Her\u00f3desar, S\u00fasanna og margar a\u00f0rar, sem veittu honum framf\u00e6ri af eigum s\u00ednum.<br \/><a name=\"4\"><span class=\"versanumer\">4<\/span><\/a>N\u00fa er margt f\u00f3lk var samankomi\u00f0, og fj\u00f6ldi \u00far st\u00f6\u00f0unum var farinn \u00fat til hans, sag\u00f0i hann \u00feeim \u00feessa d\u00e6mis\u00f6gu:<a name=\"5\"><span class=\"versanumer\">5<\/span><\/a>S\u00e1\u00f0ma\u00f0ur nokkur f\u00f3r a\u00f0 s\u00e1 akur sinn, en er hann var a\u00f0 s\u00e1, f\u00e9ll sumt s\u00e6\u00f0i\u00f0 vi\u00f0 veginn og var\u00f0 f\u00f3ttro\u00f0i\u00f0, og \u00e1tu fuglar \u00fea\u00f0.<a name=\"6\"><span class=\"versanumer\">6<\/span><\/a>Sumt f\u00e9ll \u00ed gr\u00fdtta j\u00f6r\u00f0, og er \u00fea\u00f0 \u00f3x, skr\u00e6lna\u00f0i \u00fea\u00f0, \u00fev\u00ed \u00fea\u00f0 vanta\u00f0i v\u00f6kva;<a name=\"7\"><span class=\"versanumer\">7<\/span><\/a>sumt f\u00e9ll me\u00f0al \u00feyrna, uxu \u00feeir upp me\u00f0 og k\u00e6f\u00f0u \u00fea\u00f0;<a name=\"8\"><span class=\"versanumer\">8<\/span><\/a>en sumt f\u00e9ll \u00ed g\u00f3\u00f0a j\u00f6r\u00f0, \u00f3x upp og bar hundra\u00f0faldan \u00e1v\u00f6xt. \u00deegar hann haf\u00f0i \u00feetta sagt, kalla\u00f0i hann h\u00e1tt og sag\u00f0i: hv\u00f6r hann hefir eyru a\u00f0 heyra me\u00f0, hann heyri.<a name=\"9\"><span class=\"versanumer\">9<\/span><\/a>S\u00ed\u00f0an spur\u00f0u l\u00e6risveinar hans, hva\u00f0 \u00feessi d\u00e6mi-saga \u00e6tti a\u00f0 \u00fe\u00fd\u00f0a.<a name=\"10\"><span class=\"versanumer\">10<\/span><\/a>Hann m\u00e6lti: y\u00f0ur er unnt a\u00f0 skilja leynda l\u00e6rd\u00f3ma Gu\u00f0s r\u00edkis; hinum \u00f6\u00f0rum kenni eg \u00ed d\u00e6mis\u00f6gum. \u00dev\u00ed \u00fe\u00f3 \u00feeir sj\u00e1i, er \u00fea\u00f0, sem s\u00e6ju \u00feeir ekki; og \u00fe\u00f3 \u00feeir heyri, sem heyr\u00f0u \u00feeir ekki.<a name=\"11\"><span class=\"versanumer\">11<\/span><\/a>En \u00feessi er \u00fatsk\u00fdring d\u00e6mis\u00f6gunnar: S\u00e6\u00f0i\u00f0 merkir Gu\u00f0s or\u00f0;<a name=\"12\"><span class=\"versanumer\">12<\/span><\/a>\u00fea\u00f0, sem f\u00e9ll vi\u00f0 veginn, \u00fe\u00fd\u00f0ir \u00fe\u00e1, sem nema \u00fea\u00f0; s\u00ed\u00f0an kemur dj\u00f6fullinn og tekur \u00fea\u00f0 burt \u00far hugskotum \u00feeirra, a\u00f0 \u00feeir ekki skuli tr\u00faa og ver\u00f0a h\u00f3lpnir.<a name=\"13\"><span class=\"versanumer\">13<\/span><\/a>En \u00fea\u00f0, sem f\u00e9ll \u00ed gr\u00fdtta j\u00f6r\u00f0, merkir \u00fe\u00e1, sem heyra m\u00edna kenningu og taka vi\u00f0 henni me\u00f0 f\u00f6gnu\u00f0i, en vegna \u00feess \u00feeir hafa ekki r\u00e6tur, tr\u00faa \u00feeir a\u00f0eins um stundarsakir, en falla fr\u00e1 \u00e1 t\u00edmum freistinganna.<a name=\"14\"><span class=\"versanumer\">14<\/span><\/a>En \u00fea\u00f0 s\u00e6\u00f0i\u00f0, er me\u00f0al \u00feyrna f\u00e9ll, merkir \u00fe\u00e1, sem heyra m\u00edna kenningu, en s\u00f6kum b\u00faksorgar og \u00feessa l\u00edfs vellystinga kefjast \u00feeir jafn\u00f3tt og n\u00e1 ekki \u00feroska.<a name=\"15\"><span class=\"versanumer\">15<\/span><\/a>En \u00fea\u00f0, er f\u00e9ll \u00ed g\u00f3\u00f0a j\u00f6r\u00f0, merkir \u00fe\u00e1, er heyra m\u00edna kenningu, geyma hennar \u00ed g\u00f3\u00f0u og si\u00f0s\u00f6mu hjarta og bera \u00e1v\u00f6xt me\u00f0 st\u00f6\u00f0uglyndi.<br \/><a name=\"16\"><span class=\"versanumer\">16<\/span><\/a>Enginn kveikir lj\u00f3s og sk\u00fdlir \u00fev\u00ed me\u00f0 keri, e\u00f0ur setur \u00fea\u00f0 undir bekk, heldur plaga menn a\u00f0 setja \u00fea\u00f0 \u00ed lj\u00f3sahald, svo \u00feeir sj\u00e1i til, er inn koma.<a name=\"17\"><span class=\"versanumer\">17<\/span><\/a>Varla er nokkur hlutur svo hulinn, a\u00f0 ekki muni auglj\u00f3s ver\u00f0a, e\u00f0ur svo heimuglegur, a\u00f0 ekki ver\u00f0i hann kunnur og komi \u00ed lj\u00f3s;<a name=\"18\"><span class=\"versanumer\">18<\/span><\/a>gefi\u00f0 \u00fev\u00ed gaum a\u00f0, hv\u00f6rsu \u00fe\u00e9r hl\u00fd\u00f0i\u00f0 minni kenningu, \u00fev\u00ed s\u00e1, sem hefir, honum mun gefi\u00f0 ver\u00f0a <span class='VideyAth'>a)<\/span>; en s\u00e1, sem ekki hefir, fr\u00e1 honum mun teki\u00f0 ver\u00f0a, einnig \u00fea\u00f0 sem hann \u00e6tlar sig hafa.<br \/><a name=\"19\"><span class=\"versanumer\">19<\/span><\/a>\u00de\u00e1 var \u00fear komin m\u00f3\u00f0ir hans og br\u00e6\u00f0ur, en g\u00e1tu ekki n\u00e1\u00f0 fundi hans vegna f\u00f3lksfj\u00f6ldans;<a name=\"20\"><span class=\"versanumer\">20<\/span><\/a>\u00fe\u00e1 var honum sagt, a\u00f0 m\u00f3\u00f0ir hans og br\u00e6\u00f0ur st\u00e6\u00f0u fyrir dyrum \u00fati og vildu finna hann.<a name=\"21\"><span class=\"versanumer\">21<\/span><\/a>Hann m\u00e6lti: m\u00f3\u00f0ir m\u00edn og br\u00e6\u00f0ur m\u00ednir eru \u00feeir, sem heyra Gu\u00f0s or\u00f0 og breyta eftir \u00fev\u00ed.<br \/><a name=\"22\"><span class=\"versanumer\">22<\/span><\/a>Svo bar vi\u00f0 einhv\u00f6rn dag, a\u00f0 hann steig \u00e1 skip, og l\u00e6risveinar hans; segir hann \u00fe\u00e1 vi\u00f0 \u00fe\u00e1: l\u00e1tum oss fara yfir um vatni\u00f0.<a name=\"23\"><span class=\"versanumer\">23<\/span><\/a>L\u00e9tu \u00feeir \u00fe\u00e1 fr\u00e1 landi; en \u00e1 lei\u00f0inni sofna\u00f0i hann. \u00de\u00e1 kom hvirfilvindur \u00e1 vatni\u00f0, svo skipi\u00f0 fyllti undir \u00feeim, og voru \u00feeir \u00fe\u00e1 nau\u00f0uglega staddir;<a name=\"24\"><span class=\"versanumer\">24<\/span><\/a>f\u00f3ru \u00feeir \u00fe\u00e1 og v\u00f6ktu hann, og s\u00f6g\u00f0u: Meistari! v\u00e9r f\u00f6rumst. En hann reis upp, hasta\u00f0i \u00e1 storminn og sj\u00e1var\u00f3lguna, svo h\u00fan sefa\u00f0ist, og gj\u00f6r\u00f0i logn.<a name=\"25\"><span class=\"versanumer\">25<\/span><\/a>S\u00ed\u00f0an sag\u00f0i hann vi\u00f0 \u00fe\u00e1: hvar er n\u00fa tr\u00fa y\u00f0ar? en \u00feeir ur\u00f0u hr\u00e6ddir, og undru\u00f0ust \u00feetta, og s\u00f6g\u00f0u s\u00edn \u00e1 milli: hv\u00f6r er \u00feessi, er hann b\u00fd\u00f0ur b\u00e6\u00f0i vindi og sj\u00f3, og \u00feeir hl\u00fd\u00f0a honum?<br \/><a name=\"26\"><span class=\"versanumer\">26<\/span><\/a>S\u00ed\u00f0an lentu \u00feeir vi\u00f0 h\u00e9ra\u00f0 Gadaramanna, sem liggur hinumegin gagnvart Gal\u00edleu.<a name=\"27\"><span class=\"versanumer\">27<\/span><\/a>En er hann steig \u00e1 land, kom \u00e1 m\u00f3ti honum ma\u00f0ur nokkur \u00far borginni, sem langan t\u00edma haf\u00f0i veri\u00f0 dj\u00f6ful\u00f3\u00f0ur. Hann kl\u00e6ddist ekki f\u00f6tum, og var ekki \u00ed h\u00fasum, heldur \u00ed gr\u00f6fum dau\u00f0ra manna.<a name=\"28\"><span class=\"versanumer\">28<\/span><\/a>\u00deegar hann s\u00e1 Jes\u00fam, hrein hann, laut honum og sag\u00f0i me\u00f0 h\u00e1rri raustu: hva\u00f0 h\u00f6fum vi\u00f0 saman a\u00f0 s\u00e6lda, Jes\u00fa, Sonur hins \u00e6\u00f0sta Gu\u00f0s! eg bi\u00f0 \u00feig: kvel \u00fe\u00fa mig ekki!<a name=\"29\"><span class=\"versanumer\">29<\/span><\/a>\u00fev\u00ed Jes\u00fas haf\u00f0i bo\u00f0i\u00f0 \u00feeim \u00f3hreina anda a\u00f0 fara \u00fat af honum. \u00cd langa t\u00edma haf\u00f0i \u00feessi andi kvali\u00f0 hann; hann haf\u00f0i veri\u00f0 bundinn vi\u00f0jum og fj\u00f6trum og haf\u00f0ur \u00ed g\u00e6slu, en hann haf\u00f0i sliti\u00f0 af s\u00e9r fj\u00f6trin og hlaupi\u00f0 \u00ed dj\u00f6ful\u00e6\u00f0i \u00ed \u00f3bygg\u00f0ir.<a name=\"30\"><span class=\"versanumer\">30<\/span><\/a>\u00de\u00e1 fr\u00e9tti Jes\u00fas hann a\u00f0 heiti, hann kva\u00f0st heita Leg\u00ed\u00f3, \u00fev\u00ed margir dj\u00f6flar v\u00f3ru \u00ed hann farnir.<a name=\"31\"><span class=\"versanumer\">31<\/span><\/a>S\u00ed\u00f0an ba\u00f0 hann Jes\u00fam a\u00f0 skipa \u00feeim ekki \u00ed undirdj\u00fapi\u00f0;<a name=\"32\"><span class=\"versanumer\">32<\/span><\/a>en af \u00fev\u00ed \u00fear var st\u00f3r sv\u00ednahj\u00f6r\u00f0 \u00e1 beit \u00ed fjallinu, \u00fe\u00e1 beiddu \u00feeir Jes\u00fam leyfis a\u00f0 fara \u00ed \u00feau, og l\u00e9t hann \u00fea\u00f0 eftir \u00feeim.<a name=\"33\"><span class=\"versanumer\">33<\/span><\/a>S\u00ed\u00f0an f\u00f3ru dj\u00f6flarnir \u00fat af manninum, og \u00ed sv\u00ednin, \u00e6r\u00f0ist \u00fe\u00e1 hj\u00f6r\u00f0in, og steypti s\u00e9r ofan fyrir \u00feverhn\u00edpi \u00ed sj\u00f3inn, og drukkna\u00f0i.<a name=\"34\"><span class=\"versanumer\">34<\/span><\/a>\u00deegar hjar\u00f0sveinarnir s\u00e1u \u00feetta, fl\u00fd\u00f0u \u00feeir, og s\u00f6g\u00f0u fr\u00e1 \u00fev\u00ed b\u00e6\u00f0i \u00ed borginni og \u00fear \u00ed bygg\u00f0arlaginu;<a name=\"35\"><span class=\"versanumer\">35<\/span><\/a>f\u00f3ru \u00fe\u00e1 borgarmenn \u00fat a\u00f0 sj\u00e1 \u00feennan atbur\u00f0, og komu til Jes\u00fam. Sat \u00fe\u00e1 ma\u00f0urinn, af hv\u00f6rjum dj\u00f6flarnir h\u00f6f\u00f0u \u00fatfari\u00f0, kl\u00e6ddur og heilvita vi\u00f0 f\u00e6tur hans, ur\u00f0u \u00feeir \u00fe\u00e1 felmtursfullir.<a name=\"36\"><span class=\"versanumer\">36<\/span><\/a>En \u00feeir, sem vi\u00f0 h\u00f6f\u00f0u veri\u00f0, s\u00f6g\u00f0u \u00feeim fr\u00e1, hv\u00f6rninn hann hef\u00f0i or\u00f0i\u00f0 heill heilsu sinnar.<a name=\"37\"><span class=\"versanumer\">37<\/span><\/a>Ba\u00f0 \u00fe\u00e1 mannfj\u00f6ldinn \u00far h\u00e9r\u00f6\u00f0unum hj\u00e1 Gadara, a\u00f0 hann f\u00e6ri burt fr\u00e1 \u00feeim, \u00fev\u00ed \u00feeir voru or\u00f0nir n\u00e6sta hr\u00e6ddir. Steig hann n\u00fa \u00e1 skip og f\u00f3r aftur yfir um.<a name=\"38\"><span class=\"versanumer\">38<\/span><\/a>Beiddist \u00fe\u00e1 ma\u00f0urinn, fr\u00e1 hv\u00f6rjum hann haf\u00f0i \u00fatreki\u00f0 dj\u00f6flana, a\u00f0 hann m\u00e6tti vera me\u00f0 honum; en Jes\u00fas l\u00e9t hann fr\u00e1 s\u00e9r, og m\u00e6lti:<a name=\"39\"><span class=\"versanumer\">39<\/span><\/a>far \u00fe\u00fa til heimilis \u00fe\u00edns, og seg \u00fe\u00fa fr\u00e1, hva\u00f0 Gu\u00f0 hafi gj\u00f6rt vi\u00f0 \u00feig. Hann f\u00f3r, og kunngj\u00f6r\u00f0i \u00ed allri borginni, hva\u00f0 Jes\u00fas haf\u00f0i honum gj\u00f6rt. <br \/><a name=\"40\"><span class=\"versanumer\">40<\/span><\/a>\u00deegar Jes\u00fas kom aftur, t\u00f3k f\u00f3lksfj\u00f6ldinn vel vi\u00f0 honum, \u00fev\u00ed allir h\u00f6f\u00f0u v\u00e6nt hans.<a name=\"41\"><span class=\"versanumer\">41<\/span><\/a>\u00de\u00e1 kom ma\u00f0ur nokkur, Ja\u00edrus a\u00f0 nafni, hann var forst\u00f6\u00f0uma\u00f0ur samkunduh\u00fassins; hann f\u00e9ll til f\u00f3ta Jes\u00fa og ba\u00f0 hann koma heim til s\u00edn;<a name=\"42\"><span class=\"versanumer\">42<\/span><\/a>\u00fev\u00ed d\u00f3ttir hans, einbirni, h\u00e9r um bil 12 vetra, var a\u00f0komin a\u00f0 dau\u00f0a. \u00c1 veginum \u00ferengdist f\u00f3lki\u00f0 a\u00f0 honum,<a name=\"43\"><span class=\"versanumer\">43<\/span><\/a>og var \u00fear kona s\u00fa, er haft haf\u00f0i bl\u00f3\u00f0fall \u00ed t\u00f3lf \u00e1r, og vari\u00f0 allri eigu sinni til l\u00e6knara, og gat \u00fe\u00f3 enginn l\u00e6kna\u00f0 hana.<a name=\"44\"><span class=\"versanumer\">44<\/span><\/a>H\u00fan kom a\u00f0 baki honum og hr\u00e6r\u00f0i vi\u00f0 faldi kl\u00e6\u00f0a hans; stilltist \u00fe\u00e1 strax bl\u00f3\u00f0fall hennar.<a name=\"45\"><span class=\"versanumer\">45<\/span><\/a>\u00de\u00e1 spur\u00f0i Jes\u00fas, hv\u00f6r hr\u00e6rt hef\u00f0i vi\u00f0 s\u00e9r. \u00deegar allir synju\u00f0u \u00feess, sag\u00f0i P\u00e9tur og \u00feeir, sem me\u00f0 honum voru: Meistari! f\u00f3lki\u00f0 \u00ferengist og tre\u00f0st a\u00f0 \u00fe\u00e9r, og \u00fe\u00fa spyr, hv\u00f6r hafi hr\u00e6rt vi\u00f0 \u00fe\u00e9r.<a name=\"46\"><span class=\"versanumer\">46<\/span><\/a>Jes\u00fas m\u00e6lti: einhv\u00f6r hr\u00e6r\u00f0i vi\u00f0 m\u00e9r, \u00fev\u00ed eg fann kraft \u00fat af m\u00e9r ganga.<a name=\"47\"><span class=\"versanumer\">47<\/span><\/a>N\u00fa er konan s\u00e1, a\u00f0 h\u00fan f\u00e9kk ekki dulist, kom h\u00fan skj\u00e1lfandi, f\u00e9ll til f\u00f3ta honum og sag\u00f0i fr\u00e1, svo allur l\u00fd\u00f0urinn heyr\u00f0i, hv\u00f6rs vegna h\u00fan hef\u00f0i hr\u00e6rt vi\u00f0 honum, samt a\u00f0 h\u00fan hef\u00f0i strax heilbrig\u00f0 or\u00f0i\u00f0.<a name=\"48\"><span class=\"versanumer\">48<\/span><\/a>\u00de\u00e1 sag\u00f0i hann vi\u00f0 hana: vert\u00fa hughraust, d\u00f3ttir! tr\u00fa \u00fe\u00edn hefir frelsa\u00f0 \u00feig, far \u00fe\u00fa \u00ed fri\u00f0i!<a name=\"49\"><span class=\"versanumer\">49<\/span><\/a>N\u00fa er hann var enn \u00feetta a\u00f0 m\u00e6la, kom ma\u00f0ur fr\u00e1 heimili samkunduh\u00f6f\u00f0ingjans, er sag\u00f0i honum: d\u00f3ttir \u00fe\u00edn er l\u00e1tin, \u00f3maka ekki Meistarann.<a name=\"50\"><span class=\"versanumer\">50<\/span><\/a>\u00deegar Jes\u00fas heyr\u00f0i \u00feetta, sag\u00f0i hann: \u00f3ttast \u00fe\u00fa ekki! tr\u00fa \u00fe\u00fa, og mun h\u00fan heil ver\u00f0a.<a name=\"51\"><span class=\"versanumer\">51<\/span><\/a>\u00deegar hann kom \u00ed h\u00fasi\u00f0, l\u00e9t hann engan fara inn nema P\u00e9tur, Jakob og J\u00f3hannes og foreldra barnsins;<a name=\"52\"><span class=\"versanumer\">52<\/span><\/a>en allir gr\u00e9tu og syrg\u00f0u hana. Hann m\u00e6lti: gr\u00e1ti\u00f0 ekki! ekki er h\u00fan dau\u00f0, heldur sefur h\u00fan;<a name=\"53\"><span class=\"versanumer\">53<\/span><\/a>gj\u00f6r\u00f0u \u00feeir \u00fe\u00e1 gys a\u00f0 honum, \u00fev\u00ed \u00feeir vissu a\u00f0 h\u00fan var dau\u00f0.<a name=\"54\"><span class=\"versanumer\">54<\/span><\/a>S\u00ed\u00f0an r\u00fdmdi hann \u00f6llum \u00fat, t\u00f3k \u00ed h\u00f6nd hennar og sag\u00f0i: st\u00falka! statt\u00fa upp!<a name=\"55\"><span class=\"versanumer\">55<\/span><\/a>lifna\u00f0i h\u00fan \u00fe\u00e1 vi\u00f0 aftur, og reis strax upp; bau\u00f0 hann \u00fe\u00e1 a\u00f0 gefa henni mat.<a name=\"56\"><span class=\"versanumer\">56<\/span><\/a>\u00deetta undru\u00f0ust foreldrar hennar, en hann banna\u00f0i \u00feeim a\u00f0 segja nokkrum fr\u00e1 \u00feessum atbur\u00f0i.<\/p>\n<div class=\"footnoteVidey\">V. 1\u201315. Matt. 13,3\u201322. Mark. 4,1\u201320.  V. 16. Matt. 5,14.15.  Mark. 4,21\u201325. L\u00fak. 11,33.36.  V. 17. Matt. 10,26.  V. 18. Matt. 25,29. 13,12. L\u00fak. 19,26.  V. 18. a. \u00de. e. hann mun uppl\u00fdsast meir og meir.  V. 19\u201321. Matt. 12,46\u201350. Mark. 3,31\u201335.  V. 22\u201325. Matt. 8,23\u201327. Mark. 4,35\u201341.  V. 26\u201339. Mark. 5,1\u201320. Matt. 8,28\u201334.  V. 40\u201356. Matt. 9,18\u201326. Mark. 5,21\u201343.  V. 46. L\u00fak. 6,19.  V. 52. J\u00f3h. 11,11.<\/div>\n","protected":false},"excerpt":{"rendered":"<p>Jes\u00fas fer\u00f0ast um kring og pr\u00e9dikar; framsetur d\u00e6mis\u00f6guna um S\u00e1\u00f0manninn; um lj\u00f3si\u00f0 \u00e1 lj\u00f3sahaldinu; segist meta s\u00edna tilheyrendur sem n\u00e1skylda \u00e6ttingja; kyrrir vind og sj\u00f3; \u00fatrekur dj\u00f6fla; l\u00e6knar bl\u00f3\u00f0fallssj\u00faka kvinnu og uppvekur d\u00f3ttur Ja\u00edrusar. 1S\u00ed\u00f0an f\u00f3r hann borg \u00far borg og \u00feorp \u00far \u00feorpi og kenndi \u00feeim og flutti l\u00e6rd\u00f3minn um Gu\u00f0s r\u00edki;2v\u00f3ru \u00fe\u00e1 me\u00f0 honum \u00feeir t\u00f3lf og konur nokkrar, er hann haf\u00f0i l\u00e6kna\u00f0 af illum \u00f6ndum og \u00f6\u00f0rum sj\u00fakleikum; me\u00f0al \u00feeirra var Mar\u00eda fr\u00e1 Magd\u00f6lum, fr\u00e1 hv\u00f6rri sj\u00f6 illir andar h\u00f6f\u00f0u \u00fat fari\u00f0,3og J\u00f3hanna kona K\u00fasa, \u00e1rmanns Her\u00f3desar, S\u00fasanna og margar a\u00f0rar, sem veittu honum framf\u00e6ri af eigum <a href=\"https:\/\/biblian.is\/videy\/lukasargudspjall-8-kafli\/\"> [&#8230;]<\/a><\/p>\n","protected":false},"author":1,"featured_media":0,"parent":0,"menu_order":0,"comment_status":"open","ping_status":"open","template":"bibliukaflar.php","meta":{"footnotes":""},"class_list":["post-21830","page","type-page","status-publish","hentry"],"_links":{"self":[{"href":"https:\/\/biblian.is\/videy\/wp-json\/wp\/v2\/pages\/21830","targetHints":{"allow":["GET"]}}],"collection":[{"href":"https:\/\/biblian.is\/videy\/wp-json\/wp\/v2\/pages"}],"about":[{"href":"https:\/\/biblian.is\/videy\/wp-json\/wp\/v2\/types\/page"}],"author":[{"embeddable":true,"href":"https:\/\/biblian.is\/videy\/wp-json\/wp\/v2\/users\/1"}],"replies":[{"embeddable":true,"href":"https:\/\/biblian.is\/videy\/wp-json\/wp\/v2\/comments?post=21830"}],"version-history":[{"count":0,"href":"https:\/\/biblian.is\/videy\/wp-json\/wp\/v2\/pages\/21830\/revisions"}],"wp:attachment":[{"href":"https:\/\/biblian.is\/videy\/wp-json\/wp\/v2\/media?parent=21830"}],"curies":[{"name":"wp","href":"https:\/\/api.w.org\/{rel}","templated":true}]}}