{"id":21829,"date":"2018-01-02T01:04:15","date_gmt":"2018-01-02T01:04:15","guid":{"rendered":"http:\/\/biblian.is\/videy\/lukasargudspjall-7-kafli\/"},"modified":"2018-01-02T01:04:15","modified_gmt":"2018-01-02T01:04:15","slug":"lukasargudspjall-7-kafli","status":"publish","type":"page","link":"https:\/\/biblian.is\/videy\/lukasargudspjall-7-kafli\/","title":{"rendered":"L\u00fakasargu\u00f0spjall 7. kafli"},"content":{"rendered":"<div class=\"fyrirsognVidey\">Jes\u00fas l\u00e6knar \u00fej\u00f3n hundra\u00f0sh\u00f6f\u00f0ingja nokkurs; endurl\u00edfgar son einnar ekkju; talar vi\u00f0 J\u00f3hannesar l\u00e6risveina um sj\u00e1lfan sig; vi\u00f0 f\u00f3lki\u00f0 um J\u00f3hannes og \u00fej\u00f3\u00f0arinnar vantr\u00fa; forsvarar sj\u00e1lfan sig, og afleysir bersynduga kvinnu.<\/div>\n<p><a name=\"1\"><span class=\"versanumer\">1<\/span><\/a>\u00deegar Jes\u00fas haf\u00f0i loki\u00f0 \u00feessari r\u00e6\u00f0u \u00ed \u00e1heyrn l\u00fd\u00f0sins, f\u00f3r hann inn \u00ed Kapernaum.<a name=\"2\"><span class=\"versanumer\">2<\/span><\/a>En \u00fej\u00f3n hundra\u00f0sh\u00f6f\u00f0ingja nokkurs l\u00e1 sj\u00fakur, a\u00f0kominn dau\u00f0a, sem honum var n\u00e6sta k\u00e6r.<a name=\"3\"><span class=\"versanumer\">3<\/span><\/a>\u00deessi ma\u00f0ur haf\u00f0i heyrt af Jes\u00fa, og sendi \u00fev\u00ed til hans \u00f6ldunga Gy\u00f0inga, og ba\u00f0 hann koma til s\u00edn, og l\u00e6kna \u00fej\u00f3n sinn.<a name=\"4\"><span class=\"versanumer\">4<\/span><\/a>\u00deeir komu til Jes\u00fa, og beiddu hann al\u00fa\u00f0lega, \u00fev\u00ed hann er\u2014s\u00f6g\u00f0u \u00feeir\u2014ver\u00f0ur a\u00f0 \u00fe\u00fa veitir honum \u00feetta,<a name=\"5\"><span class=\"versanumer\">5<\/span><\/a>\u00fev\u00ed hann elskar \u00fej\u00f3\u00f0 vora, og hefir byggt handa oss samkundu h\u00fasi\u00f0.<a name=\"6\"><span class=\"versanumer\">6<\/span><\/a>Jes\u00fas f\u00f3r me\u00f0 \u00feeim; en er hann \u00e1tti skammt eitt til hans, sendi hundra\u00f0sh\u00f6f\u00f0inginn vini s\u00edna og l\u00e9t segja honum: \u00f3maka \u00feig ekki, Herra! \u00fev\u00ed eg er ekki ver\u00f0ugur a\u00f0 \u00fe\u00fa komir \u00ed h\u00fas mitt;<a name=\"7\"><span class=\"versanumer\">7<\/span><\/a>\u00fear fyrir hefi eg ekki heldur \u00e1liti\u00f0 sj\u00e1lfan mig ver\u00f0an a\u00f0 koma til \u00fe\u00edn; heldur m\u00e6l \u00fe\u00fa eitt or\u00f0 og mun \u00fej\u00f3n minn heill ver\u00f0a.<a name=\"8\"><span class=\"versanumer\">8<\/span><\/a>\u00dev\u00ed eg, sem er sj\u00e1lfur yfirvaldi undirgefinn, hefi a\u00f0 r\u00e1\u00f0a fyrir str\u00ed\u00f0sm\u00f6nnum, og n\u00e6r eg b\u00fd\u00f0 \u00feessum a\u00f0 fara, \u00fe\u00e1 fer hann og hinum a\u00f0 koma, \u00fe\u00e1 kemur hann, og \u00fer\u00e6li m\u00ednum a\u00f0 vinna \u00feetta e\u00f0ur hitt, \u00fe\u00e1 vinnur hann \u00fea\u00f0.<a name=\"9\"><span class=\"versanumer\">9<\/span><\/a>\u00deegar n\u00fa Jes\u00fas heyr\u00f0i \u00feetta, fur\u00f0a\u00f0i hann \u00e1 \u00feessum manni, og snerist a\u00f0 \u00feeim, sem me\u00f0 honum voru, og m\u00e6lti: sannlega segi eg y\u00f0ur, sl\u00edka tr\u00fa hefi eg ekki fundi\u00f0 jafnvel me\u00f0al \u00cdsraelsmanna.<a name=\"10\"><span class=\"versanumer\">10<\/span><\/a>En \u00feeir sneru aftur heim, er sendir voru, og fundu \u00fej\u00f3ninn, er sj\u00fakur haf\u00f0i veri\u00f0, heilan heilsu. <br \/><a name=\"11\"><span class=\"versanumer\">11<\/span><\/a>Daginn eftir ske\u00f0i \u00fea\u00f0, a\u00f0 hann f\u00f3r til borgar \u00feeirrar, sem heitir Nain; voru \u00fe\u00e1 \u00ed fer\u00f0 me\u00f0 honum margir af l\u00e6risveinum hans og fj\u00f6ldi f\u00f3lks.<a name=\"12\"><span class=\"versanumer\">12<\/span><\/a>N\u00fa er \u00feeir komu a\u00f0 borgarhli\u00f0inu, st\u00f3\u00f0 svo \u00e1, a\u00f0 \u00fear var borinn \u00fat dau\u00f0ur ma\u00f0ur, hann var einbirni, og m\u00f3\u00f0ir hans ekkja; fylgdi henni fj\u00f6ldi b\u00e6jarmanna.<a name=\"13\"><span class=\"versanumer\">13<\/span><\/a>\u00deegar Drottinn s\u00e1 hana, kenndi hann \u00ed brj\u00f3sti um hana, og sag\u00f0i: gr\u00e1t \u00fe\u00fa ekki!<a name=\"14\"><span class=\"versanumer\">14<\/span><\/a>s\u00ed\u00f0an gekk hann n\u00e6r, og hr\u00e6r\u00f0i vi\u00f0 l\u00edkb\u00f6runum, en \u00feeir, sem b\u00e1ru, st\u00f3\u00f0u vi\u00f0. \u00de\u00e1 sag\u00f0i hann: eg b\u00fd\u00f0 \u00fe\u00e9r, \u00fe\u00fa ungi ma\u00f0ur! a\u00f0 \u00fe\u00fa r\u00edsir upp.<a name=\"15\"><span class=\"versanumer\">15<\/span><\/a>\u00de\u00e1 settist s\u00e1 upp, er dau\u00f0ur var og t\u00f3k a\u00f0 m\u00e6la: og hann gaf hann aftur m\u00f3\u00f0ur sinni. Vi\u00f0 \u00feetta kom \u00f3tti yfir alla,<a name=\"16\"><span class=\"versanumer\">16<\/span><\/a>vegs\u00f6mu\u00f0u \u00feeir Gu\u00f0 og s\u00f6g\u00f0u: sp\u00e1ma\u00f0ur mikill er kominn til vor, Gu\u00f0 hefir liti\u00f0 \u00ed n\u00e1\u00f0 sinni til s\u00edns l\u00fd\u00f0s.<a name=\"17\"><span class=\"versanumer\">17<\/span><\/a>En \u00feessi fregn um hann barst \u00fat um alla J\u00fadeu og \u00f6ll \u00feau h\u00e9r\u00f6\u00f0, er \u00ed grennd voru.<br \/><a name=\"18\"><span class=\"versanumer\">18<\/span><\/a>Fr\u00e1 \u00f6llu \u00feessu s\u00f6g\u00f0u l\u00e6risveinar J\u00f3hannesar honum;<a name=\"19\"><span class=\"versanumer\">19<\/span><\/a>kalla\u00f0i \u00fe\u00e1 J\u00f3hannes \u00e1 einhv\u00f6rja tvo af \u00feeim, sendi \u00fe\u00e1 til Jes\u00fa, og l\u00e9t spyrja hann, hv\u00f6rt hann v\u00e6ri s\u00e1, sem koma \u00e6tti, e\u00f0ur \u00e6ttu \u00feeir annars a\u00f0 v\u00e6nta?<a name=\"20\"><span class=\"versanumer\">20<\/span><\/a>\u00deeir komu til hans og m\u00e6ltu: J\u00f3hannes sk\u00edrari sendi okkur til \u00fe\u00edn, og l\u00e9t spyrja, hv\u00f6rt \u00fe\u00fa v\u00e6rir s\u00e1, sem koma \u00e6tti, e\u00f0a v\u00e9r \u00e6ttum annars a\u00f0 v\u00e6nta.<a name=\"21\"><span class=\"versanumer\">21<\/span><\/a>En svo st\u00f3\u00f0 \u00e1, er \u00feeir komu, a\u00f0 Jes\u00fas var a\u00f0 l\u00e6kna marga, er \u00fej\u00e1\u00f0ir voru af \u00feungum sj\u00fakd\u00f3mum og af illum \u00f6ndum, og m\u00f6rgum blindum gaf hann aftur s\u00fdn \u00feeirra.<a name=\"22\"><span class=\"versanumer\">22<\/span><\/a>\u00de\u00e1 m\u00e6lti Jes\u00fas: fari\u00f0 \u00fei\u00f0 og segi\u00f0 J\u00f3hannesi \u00fea\u00f0, sem \u00fei\u00f0 sj\u00e1i\u00f0 og heyri\u00f0: blindir f\u00e1 s\u00fdn, haltir ganga, l\u00edk\u00fer\u00e1ir hreinsast, daufir heyra, dau\u00f0ir uppr\u00edsa og f\u00e1t\u00e6kum bo\u00f0ast gle\u00f0ibo\u00f0skapurinn <span class='VideyAth'>a)<\/span>;<a name=\"23\"><span class=\"versanumer\">23<\/span><\/a>en s\u00e6ll er s\u00e1, sem ekki hneykslast \u00e1 m\u00e9r.<a name=\"24\"><span class=\"versanumer\">24<\/span><\/a>\u00deegar sendimenn J\u00f3hannesar voru burtu farnir, h\u00f3f Jes\u00fas a\u00f0 tala til f\u00f3lksins um J\u00f3hannes \u00e1 \u00feessa lei\u00f0: hva\u00f0 var \u00fea\u00f0, sem \u00fe\u00e9r f\u00f3ru\u00f0 \u00ed \u00f3bygg\u00f0ir a\u00f0 sj\u00e1? var \u00fea\u00f0 reyrinn, er vindurinn skekur?<a name=\"25\"><span class=\"versanumer\">25<\/span><\/a>hva\u00f0 f\u00f3ru\u00f0 \u00fe\u00e9r a\u00f0 sj\u00e1? var \u00fea\u00f0 ma\u00f0ur skrautb\u00fainn? tr\u00fai\u00f0 m\u00e9r: \u00feeir, sem \u00ed skraut eru b\u00fanir og \u00ed s\u00e6lg\u00e6ti lifa, eru \u00ed konungannaherbergjum.<a name=\"26\"><span class=\"versanumer\">26<\/span><\/a>E\u00f0a hva\u00f0 f\u00f3ru\u00f0 \u00fe\u00e9r \u00fe\u00e1 a\u00f0 sj\u00e1? var \u00fea\u00f0 sp\u00e1ma\u00f0ur? j\u00e1! eg segi y\u00f0ur satt, \u00feann, er hv\u00f6rjum sp\u00e1manni var meiri;<a name=\"27\"><span class=\"versanumer\">27<\/span><\/a>\u00fev\u00ed hann er s\u00e1, um hv\u00f6rn rita\u00f0 er: \u201eminn sendibo\u00f0a sendi eg undan \u00fe\u00e9r, er grei\u00f0a skuli veg \u00feinn\u201c.<a name=\"28\"><span class=\"versanumer\">28<\/span><\/a>Tr\u00fai\u00f0 m\u00e9r: enginn er s\u00e1 af konu f\u00e6ddur, er meiri s\u00e9 en J\u00f3hannes sk\u00edrari. \u00de\u00f3 er s\u00e1, sem <span class='VideyAth'>(\u00f6\u00f0rum)<\/span> er minni \u00ed Gu\u00f0s r\u00edki <span class='VideyAth'>b)<\/span>, honum meiri;<a name=\"29\"><span class=\"versanumer\">29<\/span><\/a>samt lofa\u00f0i \u00f6ll al\u00fe\u00fd\u00f0a og tollheimtumenn er hl\u00fdddu hans kenningu, Gu\u00f0s r\u00e1\u00f0st\u00f6fun, og t\u00f3ku sk\u00edrn hans;<a name=\"30\"><span class=\"versanumer\">30<\/span><\/a>En far\u00edsear og hinir skriftl\u00e6r\u00f0u einkisvirtu Gu\u00f0s r\u00e1\u00f0st\u00f6fun \u00e1 s\u00e9r, og l\u00e9tu ekki sk\u00edrast af honum.<a name=\"31\"><span class=\"versanumer\">31<\/span><\/a>Vi\u00f0 hva\u00f0 skal eg \u00fe\u00e1 saml\u00edkja \u00feessarar aldar m\u00f6nnum, e\u00f0ur hv\u00f6rju eru \u00feeir l\u00edkir?<a name=\"32\"><span class=\"versanumer\">32<\/span><\/a>l\u00edkir eru \u00feeir b\u00f6rnum, sem \u00e1 torgi sitja og kallast \u00e1: v\u00e9r kv\u00e1\u00f0um y\u00f0ur gle\u00f0ikv\u00e6\u00f0i, en \u00fe\u00e9r vildu\u00f0 ekki dansa; v\u00e9r \u00feuldum y\u00f0ur sorgart\u00f6lur, en \u00fe\u00e9r s\u00fdndu\u00f0 engin sorgarmerki.<a name=\"33\"><span class=\"versanumer\">33<\/span><\/a>\u00dev\u00ed J\u00f3hannes sk\u00edrari kom, \u00e1t ekki brau\u00f0 og drakk ekki v\u00edn, og \u00fe\u00e9r segi\u00f0, a\u00f0 hann s\u00e9 vitstola.<a name=\"34\"><span class=\"versanumer\">34<\/span><\/a>Mannsins Sonur kom og neytti alls frj\u00e1lslega, og hann kalli\u00f0 \u00fe\u00e9r math\u00e1k og v\u00ednsvelg, vin tollheimtara og bersyndugra;<a name=\"35\"><span class=\"versanumer\">35<\/span><\/a>en skynsamir menn einir d\u00e6ma r\u00e9tt um skynsama heg\u00f0un.<br \/><a name=\"36\"><span class=\"versanumer\">36<\/span><\/a>Einhv\u00f6rju sinni var \u00fea\u00f0, a\u00f0 einn af fariseum bau\u00f0 honum til matar; kom hann og settist undir bor\u00f0;<a name=\"37\"><span class=\"versanumer\">37<\/span><\/a>en sj\u00e1, \u00fear \u00ed b\u00e6num var kona nokkur bersyndug; \u00feegar h\u00fan var\u00f0 \u00feess v\u00eds, a\u00f0 hann var a\u00f0 mat \u00ed h\u00fasi far\u00edseans, kom h\u00fan me\u00f0 smyrslakr\u00fas;<a name=\"38\"><span class=\"versanumer\">38<\/span><\/a>st\u00f3\u00f0 \u00e1 baka til vi\u00f0 f\u00e6tur hans og gr\u00e9t; s\u00ed\u00f0an \u00fevo\u00f0i h\u00fan f\u00e6tur hans me\u00f0 t\u00e1rum s\u00ednum, \u00feerra\u00f0i \u00fe\u00e1 me\u00f0 h\u00e1ri s\u00ednu, kyssti \u00fe\u00e1 og smur\u00f0i me\u00f0 smyrslunum.<a name=\"39\"><span class=\"versanumer\">39<\/span><\/a>En er far\u00edseinn, sem honum haf\u00f0i bo\u00f0i\u00f0, s\u00e1 \u00feetta, hugsa\u00f0i hann \u00feannig: ef a\u00f0 \u00feessi ma\u00f0ur v\u00e6ri sp\u00e1ma\u00f0ur, \u00fe\u00e1 vissi hann, hva\u00f0a kona \u00fea\u00f0 er, sem hr\u00e6rir vi\u00f0 honum, a\u00f0 h\u00fan er bersyndug.<a name=\"40\"><span class=\"versanumer\">40<\/span><\/a>\u00de\u00e1 m\u00e6lti Jes\u00fas: S\u00edmon! eg hefi nokku\u00f0 a\u00f0 segja \u00fe\u00e9r: hann m\u00e6lti: seg \u00fe\u00fa \u00fea\u00f0 fram, Meistari!<a name=\"41\"><span class=\"versanumer\">41<\/span><\/a>Jes\u00fas m\u00e6lti: l\u00e1nardrottinn nokkur \u00e1tti tvo skuldunauta, \u00f6\u00f0rum \u00feeirra haf\u00f0i hann l\u00e1na\u00f0 fimm hundru\u00f0 peninga, en hinum fimmt\u00edu;<a name=\"42\"><span class=\"versanumer\">42<\/span><\/a>n\u00fa er \u00feeir ekkert \u00e1ttu til a\u00f0 l\u00faka me\u00f0 \u00feessar skuldir, gaf hann \u00fe\u00e6r b\u00e1\u00f0um upp. Hv\u00f6r \u00feeirra heldur \u00fe\u00fa n\u00fa a\u00f0 elski hann meira?<a name=\"43\"><span class=\"versanumer\">43<\/span><\/a>S\u00edmon m\u00e6lti: eg hygg a\u00f0 s\u00e1 muni elska hann meira, sem hann gaf upp st\u00e6rri skuldina. Jes\u00fas sag\u00f0i: \u00fe\u00fa hefir r\u00e9tt \u00e1lykta\u00f0;<a name=\"44\"><span class=\"versanumer\">44<\/span><\/a>snerist s\u00ed\u00f0an a\u00f0 konunni og sag\u00f0i vi\u00f0 S\u00edmon: s\u00e9r \u00fe\u00fa konu \u00feessa? eg kom \u00ed h\u00fas \u00feitt og \u00fe\u00fa gafst m\u00e9r ekki vatn a\u00f0 \u00fevo \u00ed f\u00e6tur m\u00ednar <span class='VideyAth'>a)<\/span>, en h\u00fan hefir v\u00e6tt \u00fe\u00e1 me\u00f0 t\u00e1rum s\u00ednum og \u00feerra\u00f0 \u00fe\u00e1 me\u00f0 h\u00e1ri s\u00ednu.<a name=\"45\"><span class=\"versanumer\">45<\/span><\/a>Ekki minntist \u00fe\u00fa vi\u00f0 mig, en fr\u00e1 \u00fev\u00ed eg kom h\u00e9r, hefir h\u00fan ekki h\u00e6tt a\u00f0 kyssa f\u00e6tur m\u00ednar.<a name=\"46\"><span class=\"versanumer\">46<\/span><\/a>Ekki smur\u00f0ir \u00fe\u00fa h\u00f6fu\u00f0 mitt me\u00f0 vi\u00f0smj\u00f6ri, en h\u00fan hefir smurt f\u00e6tur m\u00ednar me\u00f0 smyrslum;<a name=\"47\"><span class=\"versanumer\">47<\/span><\/a>vegna \u00feessa segi eg \u00fe\u00e9r \u00fea\u00f0, a\u00f0 hennar m\u00f6rgu syndir eru henni fyrirgefnar, \u00fear h\u00fan au\u00f0s\u00fdndi svo mikil elskumerki; \u00fev\u00ed \u00feeim, sem l\u00edti\u00f0 er fyrirgefi\u00f0, hann elskar l\u00edti\u00f0.<a name=\"48\"><span class=\"versanumer\">48<\/span><\/a>S\u00ed\u00f0an sag\u00f0i hann vi\u00f0 konuna: \u00fe\u00e9r eru \u00fe\u00ednar syndir fyrirgefnar.<a name=\"49\"><span class=\"versanumer\">49<\/span><\/a>T\u00f3ku \u00fe\u00e1 bo\u00f0smennirnir a\u00f0 hugsa svo: hv\u00f6r er \u00feessi, sem fyrirgefur jafnvel syndirnar.<a name=\"50\"><span class=\"versanumer\">50<\/span><\/a>En hann sag\u00f0i vi\u00f0 konuna: far \u00fe\u00fa \u00ed fri\u00f0i! \u00fe\u00edn tr\u00fa hefir hj\u00e1lpa\u00f0 \u00fe\u00e9r.<\/p>\n<div class=\"footnoteVidey\">V. 1\u201310. Matt. 8,6\u201313.  V. 8. sj\u00e1 skg. Matt. 8,9.  V. 18\u201335. Matt. 11,2\u201319.  V. 22. a. Nl. a\u00f0 s\u00e1 fyrirheitni Frelsari s\u00e9 kominn.  V. 28. b. \u00de. e. s\u00e1 f\u00e1fr\u00f3\u00f0asti Krists l\u00e6risveinn hefir sk\u00fdrari \u00feekkingu \u00e1 Gu\u00f0s vilja og r\u00e1\u00f0st\u00f6fun, en J\u00f3hannes.  V. 44. a. \u00cd heitum l\u00f6ndum, \u00fear sem menn ganga berf\u00e6ttir (einungis me\u00f0 ilsk\u00f3) var \u00fea\u00f0 skylda vi\u00f0 gesti, a\u00f0 \u00fevo f\u00e6tur \u00feeirra, (1 M\u00f3s. 18,4. D\u00f3m. 19,21).<\/div>\n","protected":false},"excerpt":{"rendered":"<p>Jes\u00fas l\u00e6knar \u00fej\u00f3n hundra\u00f0sh\u00f6f\u00f0ingja nokkurs; endurl\u00edfgar son einnar ekkju; talar vi\u00f0 J\u00f3hannesar l\u00e6risveina um sj\u00e1lfan sig; vi\u00f0 f\u00f3lki\u00f0 um J\u00f3hannes og \u00fej\u00f3\u00f0arinnar vantr\u00fa; forsvarar sj\u00e1lfan sig, og afleysir bersynduga kvinnu. 1\u00deegar Jes\u00fas haf\u00f0i loki\u00f0 \u00feessari r\u00e6\u00f0u \u00ed \u00e1heyrn l\u00fd\u00f0sins, f\u00f3r hann inn \u00ed Kapernaum.2En \u00fej\u00f3n hundra\u00f0sh\u00f6f\u00f0ingja nokkurs l\u00e1 sj\u00fakur, a\u00f0kominn dau\u00f0a, sem honum var n\u00e6sta k\u00e6r.3\u00deessi ma\u00f0ur haf\u00f0i heyrt af Jes\u00fa, og sendi \u00fev\u00ed til hans \u00f6ldunga Gy\u00f0inga, og ba\u00f0 hann koma til s\u00edn, og l\u00e6kna \u00fej\u00f3n sinn.4\u00deeir komu til Jes\u00fa, og beiddu hann al\u00fa\u00f0lega, \u00fev\u00ed hann er\u2014s\u00f6g\u00f0u \u00feeir\u2014ver\u00f0ur a\u00f0 \u00fe\u00fa veitir honum \u00feetta,5\u00fev\u00ed hann elskar \u00fej\u00f3\u00f0 vora, og hefir <a href=\"https:\/\/biblian.is\/videy\/lukasargudspjall-7-kafli\/\"> [&#8230;]<\/a><\/p>\n","protected":false},"author":1,"featured_media":0,"parent":0,"menu_order":0,"comment_status":"open","ping_status":"open","template":"bibliukaflar.php","meta":{"footnotes":""},"class_list":["post-21829","page","type-page","status-publish","hentry"],"_links":{"self":[{"href":"https:\/\/biblian.is\/videy\/wp-json\/wp\/v2\/pages\/21829","targetHints":{"allow":["GET"]}}],"collection":[{"href":"https:\/\/biblian.is\/videy\/wp-json\/wp\/v2\/pages"}],"about":[{"href":"https:\/\/biblian.is\/videy\/wp-json\/wp\/v2\/types\/page"}],"author":[{"embeddable":true,"href":"https:\/\/biblian.is\/videy\/wp-json\/wp\/v2\/users\/1"}],"replies":[{"embeddable":true,"href":"https:\/\/biblian.is\/videy\/wp-json\/wp\/v2\/comments?post=21829"}],"version-history":[{"count":0,"href":"https:\/\/biblian.is\/videy\/wp-json\/wp\/v2\/pages\/21829\/revisions"}],"wp:attachment":[{"href":"https:\/\/biblian.is\/videy\/wp-json\/wp\/v2\/media?parent=21829"}],"curies":[{"name":"wp","href":"https:\/\/api.w.org\/{rel}","templated":true}]}}