{"id":21828,"date":"2018-01-02T01:04:15","date_gmt":"2018-01-02T01:04:15","guid":{"rendered":"http:\/\/biblian.is\/videy\/lukasargudspjall-6-kafli\/"},"modified":"2018-01-02T01:04:15","modified_gmt":"2018-01-02T01:04:15","slug":"lukasargudspjall-6-kafli","status":"publish","type":"page","link":"https:\/\/biblian.is\/videy\/lukasargudspjall-6-kafli\/","title":{"rendered":"L\u00fakasargu\u00f0spjall 6. kafli"},"content":{"rendered":"<div class=\"fyrirsognVidey\">L\u00e6risveinar Jes\u00fa plokku\u00f0u korn\u00f6x \u00e1 hv\u00edldardegi; Jes\u00fas l\u00e6knar mann handarvisinn; er \u00e1 b\u00e6n, \u00fatvelur \u00fe\u00e1 t\u00f3lf postula og l\u00e6knar; kennir hv\u00f6rjir s\u00e6lir s\u00e9u, og um miskunn \u00ed d\u00f3mnum; kennir, a\u00f0 sinnislagi\u00f0 \u00feekkist af verkunum.<\/div>\n<p><a name=\"1\"><span class=\"versanumer\">1<\/span><\/a>\u00dea\u00f0 bar vi\u00f0 \u00e1 hv\u00edldardegi \u00feeim, sem fyrstur er eftir p\u00e1ska, a\u00f0 hann f\u00f3r yfir akurl\u00f6nd nokkur; reittu \u00fe\u00e1 l\u00e6risveinar hans korn\u00f6x nokkur, neru \u00feau me\u00f0 h\u00f6ndum s\u00ednum og \u00e1tu;<a name=\"2\"><span class=\"versanumer\">2<\/span><\/a>\u00fe\u00e1 s\u00f6g\u00f0u nokkrir af far\u00edseunum vi\u00f0 \u00fe\u00e1: hv\u00ed hafist \u00fe\u00e9r \u00fea\u00f0 a\u00f0, sem ekki er leyfilegt \u00e1 hv\u00edldard\u00f6gum?<a name=\"3\"><span class=\"versanumer\">3<\/span><\/a>Jes\u00fas svara\u00f0i \u00feeim: hafi\u00f0 \u00fe\u00e9r ekki lesi\u00f0, hva\u00f0 Dav\u00ed\u00f0 gj\u00f6r\u00f0i, \u00feegar hann og menn hans voru mat\u00feurfar?<a name=\"4\"><span class=\"versanumer\">4<\/span><\/a>a\u00f0 hann f\u00f3r inn \u00ed Gu\u00f0s h\u00fas <span class='VideyAth'>a)<\/span>, t\u00f3k brau\u00f0in helgu, \u00e1t \u00feau sj\u00e1lfur, og gaf fylgdarm\u00f6nnum s\u00ednum; en \u00feessi brau\u00f0 m\u00e1tti enginn eta nema prestarnir;<a name=\"5\"><span class=\"versanumer\">5<\/span><\/a>og enn framar sag\u00f0i hann: Mannsins Sonur er l\u00edka herra hv\u00edldardagsins.<br \/><a name=\"6\"><span class=\"versanumer\">6<\/span><\/a>\u00c1 \u00f6\u00f0rum hv\u00edldar-degi kom hann \u00ed samkunduh\u00fas \u00feeirra og kenndi, var \u00fear \u00fe\u00e1 ma\u00f0ur nokkur, sem haf\u00f0i ena h\u00e6gri h\u00f6nd visna;<a name=\"7\"><span class=\"versanumer\">7<\/span><\/a>en far\u00edsear og enir skriftl\u00e6r\u00f0u g\u00e1fu g\u00e6tur a\u00f0, hv\u00f6rt hann l\u00e6kna\u00f0i \u00e1 hv\u00edldardegi, svo \u00feeir fengi tilefni til a\u00f0 \u00e1saka hann.<a name=\"8\"><span class=\"versanumer\">8<\/span><\/a>\u00de\u00e1 sag\u00f0i Jes\u00fas, sem vissi hva\u00f0 \u00feeir hugsu\u00f0u, vi\u00f0 manninn, sem visna haf\u00f0i h\u00f6ndina: statt\u00fa \u00e1 f\u00e6tur, og kom \u00fe\u00fa fram hinga\u00f0. Ma\u00f0urinn st\u00f3\u00f0 upp og kom.<a name=\"9\"><span class=\"versanumer\">9<\/span><\/a>\u00de\u00e1 sag\u00f0i Jes\u00fas vi\u00f0 \u00fe\u00e1: eg vil spyrja y\u00f0ur: hv\u00f6rt er heldur leyfilegt a\u00f0 gj\u00f6ra \u00e1 hv\u00edldard\u00f6gum gott e\u00f0ur illt; a\u00f0 frelsa l\u00edf manns e\u00f0ur a\u00f0 fyrirfara \u00fev\u00ed?<a name=\"10\"><span class=\"versanumer\">10<\/span><\/a>\u00de\u00e1 hann haf\u00f0i liti\u00f0 \u00ed kring til allra, er vi\u00f0 voru, sag\u00f0i hann vi\u00f0 manninn: r\u00e9ttu fram h\u00f6nd \u00fe\u00edna! hann gj\u00f6r\u00f0i svo, og var\u00f0 h\u00fan \u00fe\u00e1 jafnheil sem hin.<a name=\"11\"><span class=\"versanumer\">11<\/span><\/a>Vi\u00f0 \u00feetta ur\u00f0u \u00feeir afar rei\u00f0ir, og b\u00e1ra saman r\u00e1\u00f0 s\u00edn um, hva\u00f0 \u00feeir skyldu gj\u00f6ra vi\u00f0 Jes\u00fam.<br \/><a name=\"12\"><span class=\"versanumer\">12<\/span><\/a>Um \u00feessar mundir f\u00f3r hann upp \u00e1 eitt fjall a\u00f0 bi\u00f0jast fyrir, og var \u00fear alla n\u00f3ttina \u00e1 b\u00e6n til Gu\u00f0s.<a name=\"13\"><span class=\"versanumer\">13<\/span><\/a>En er dagur kom, kalla\u00f0i hann til s\u00edn l\u00e6risveina s\u00edna, og valdi t\u00f3lf af \u00feeim, sem hann kalla\u00f0i postula;<a name=\"14\"><span class=\"versanumer\">14<\/span><\/a>\u00feessir voru: S\u00edmon, sem hann kalla\u00f0i P\u00e9tur, og Andr\u00e9s br\u00f3\u00f0ir hans, Jakob og J\u00f3hannes, Filippus og Bart\u00f3l\u00f3meus;<a name=\"15\"><span class=\"versanumer\">15<\/span><\/a>Matteus og T\u00f3mas, Jakob Alfeusson, og S\u00edmon, sem kalla\u00f0ist vandl\u00e6tari:<a name=\"16\"><span class=\"versanumer\">16<\/span><\/a>J\u00fadas Jakobsson og J\u00fadas fr\u00e1 Kar\u00edot, sem s\u00ed\u00f0an sveik hann.<a name=\"17\"><span class=\"versanumer\">17<\/span><\/a>Me\u00f0 \u00feeim f\u00f3r hann ni\u00f0ur af fjallinu, og nam sta\u00f0ar \u00e1 velli nokkrum; var \u00fear \u00fe\u00e1 me\u00f0 honum fj\u00f6ldi af l\u00e6risveinum hans og miklar sveitir f\u00f3lks \u00far allri J\u00fadeu og Jer\u00fasalem, og fr\u00e1 sj\u00e1varbygg\u00f0inni hj\u00e1 T\u00fdrus og S\u00edd\u00f3n;<a name=\"18\"><span class=\"versanumer\">18<\/span><\/a>sem komnar voru a\u00f0 heyra hann, og til a\u00f0 l\u00e6knast af sj\u00fakd\u00f3mum s\u00ednum, og \u00feeir er \u00fej\u00e1\u00f0ir voru af \u00f3hreinum \u00f6ndum.<a name=\"19\"><span class=\"versanumer\">19<\/span><\/a>Ur\u00f0u \u00feeir allir heilbrig\u00f0ir, og leitu\u00f0ust \u00feeir allir vi\u00f0 a\u00f0 snerta hann, \u00fev\u00ed kraftur gekk \u00fat fr\u00e1 honum, sem l\u00e6kna\u00f0i \u00fe\u00e1 alla.<a name=\"20\"><span class=\"versanumer\">20<\/span><\/a>Jes\u00fas leit \u00fe\u00e1 til l\u00e6risveina sinna og h\u00f3f svo r\u00e6\u00f0u s\u00edna: S\u00e6lir eru\u00f0 \u00fe\u00e9r, f\u00e1t\u00e6kir! \u00fev\u00ed y\u00f0ar er Gu\u00f0s r\u00edki;<a name=\"21\"><span class=\"versanumer\">21<\/span><\/a>s\u00e6lir eru\u00f0 \u00fe\u00e9r, sem n\u00fa l\u00ed\u00f0i\u00f0 hungur! \u00fe\u00e9r skulu\u00f0 saddir ver\u00f0a; s\u00e6lir eru\u00f0 \u00fe\u00e9r, sem n\u00fa eru\u00f0 sorgbitnir! s\u00ed\u00f0ar munu\u00f0 \u00fe\u00e9r huggun hlj\u00f3ta.<a name=\"22\"><span class=\"versanumer\">22<\/span><\/a>S\u00e6lir eru\u00f0 \u00fe\u00e9r, n\u00e6r menn hatast vi\u00f0 y\u00f0ur vegna Mannsins Sonar, \u00fatsk\u00fafa, lastm\u00e6la og bera \u00fat um y\u00f0ur \u00f3hr\u00f3\u00f0ur, sem v\u00e6ru\u00f0 \u00fe\u00e9r illir menn!<a name=\"23\"><span class=\"versanumer\">23<\/span><\/a>fagni\u00f0 \u00fe\u00e1 og veri\u00f0 k\u00e1tir, \u00fev\u00ed mikil laun munu\u00f0 \u00fe\u00e9r \u00e1 himni hlj\u00f3ta; \u00fev\u00ed \u00feannig breyttu forfe\u00f0ur \u00feeirra vi\u00f0 sp\u00e1mennina.<a name=\"24\"><span class=\"versanumer\">24<\/span><\/a>Vei y\u00f0ur, \u00fe\u00e9r r\u00edku! \u00fev\u00ed \u00fe\u00e9r hafi\u00f0 \u00fatteki\u00f0 y\u00f0ar gle\u00f0i.<a name=\"25\"><span class=\"versanumer\">25<\/span><\/a>Vei y\u00f0ur, \u00fe\u00e9r s\u00f6ddu! \u00fev\u00ed \u00fe\u00e9r munu\u00f0 hungur l\u00ed\u00f0a; ves\u00e6lir eru\u00f0 \u00fe\u00e9r, sem n\u00fa hl\u00e6i\u00f0! \u00fev\u00ed \u00fe\u00e9r munu\u00f0 s\u00fdta og gr\u00e1ta;<a name=\"26\"><span class=\"versanumer\">26<\/span><\/a>ves\u00e6lir eru\u00f0 \u00fe\u00e9r, n\u00e6r menn br\u00faka vi\u00f0 y\u00f0ur fagurgala! \u00fev\u00ed eins gj\u00f6r\u00f0u forfe\u00f0ur y\u00f0ar vi\u00f0 falssp\u00e1mennina.<a name=\"27\"><span class=\"versanumer\">27<\/span><\/a>En y\u00f0ur b\u00fd\u00f0 eg, er or\u00f0 m\u00edn heyri\u00f0: elski\u00f0 \u00f3vini y\u00f0ar, gj\u00f6ri\u00f0 \u00feeim gott, sem hata y\u00f0ur;<a name=\"28\"><span class=\"versanumer\">28<\/span><\/a>\u00e1rni\u00f0 \u00feeim g\u00f3\u00f0s, sem form\u00e6la y\u00f0ur, og bi\u00f0ji\u00f0 fyrir \u00feeim, er y\u00f0ur gj\u00f6ra \u00f3r\u00e9tt.<a name=\"29\"><span class=\"versanumer\">29<\/span><\/a>Sl\u00e1i nokkur \u00feig \u00e1 a\u00f0ra kinn \u00fe\u00edna, \u00fe\u00e1 bj\u00f3\u00f0 \u00fe\u00fa honum hina; og ef einhv\u00f6r tekur fr\u00e1 \u00fe\u00e9r yfirh\u00f6fn \u00fe\u00edna, \u00fe\u00e1 meina\u00f0u honum ekki a\u00f0 taka kyrtil \u00feinn.<a name=\"30\"><span class=\"versanumer\">30<\/span><\/a>Gef \u00fe\u00fa hv\u00f6rjum, sem bi\u00f0ur \u00feig, og ef einhv\u00f6r tekur fr\u00e1 \u00fe\u00e9r \u00fea\u00f0, sem \u00feitt er, \u00fe\u00e1 kref \u00fe\u00fa \u00feess ekki aftur.<a name=\"31\"><span class=\"versanumer\">31<\/span><\/a>Og eins og \u00fe\u00e9r vilji\u00f0 a\u00f0 a\u00f0rir breyti vi\u00f0 y\u00f0ur, eins eigi\u00f0 \u00fe\u00e9r a\u00f0 breyta vi\u00f0 \u00fe\u00e1.<a name=\"32\"><span class=\"versanumer\">32<\/span><\/a>\u00dev\u00ed \u00fe\u00f3 \u00fe\u00e9r elski\u00f0 \u00fe\u00e1, sem y\u00f0ur elska, hva\u00f0 gj\u00f6ri\u00f0 \u00fe\u00e9r \u00ed \u00fev\u00ed \u00fea\u00f0 launavert s\u00e9? \u00fev\u00ed bersyndugir elska einninn \u00fe\u00e1, sem \u00fe\u00e1 elska;<a name=\"33\"><span class=\"versanumer\">33<\/span><\/a>og \u00fe\u00f3 \u00fe\u00e9r gj\u00f6ri\u00f0 \u00feeim gott, sem y\u00f0ur gj\u00f6ra gott, hva\u00f0 gj\u00f6ri\u00f0 \u00fe\u00e9r \u00ed \u00fev\u00ed \u00fea\u00f0 launa s\u00e9 vert? \u00fev\u00ed bersyndugir gj\u00f6ra hi\u00f0 sama.<a name=\"34\"><span class=\"versanumer\">34<\/span><\/a>Og \u00fe\u00f3 \u00fe\u00e9r l\u00e1ni\u00f0 \u00feeim, hj\u00e1 hv\u00f6rjum \u00fe\u00e9r v\u00e6nti\u00f0 a\u00f0 f\u00e1 \u00fea\u00f0 l\u00e1na\u00f0a aftur, hva\u00f0 gj\u00f6ri\u00f0 \u00fe\u00e9r \u00ed \u00fev\u00ed \u00fea\u00f0 launavert s\u00e9? \u00fev\u00ed bersyndugir l\u00e1na l\u00edka s\u00ednum l\u00edkum, svo \u00feeir f\u00e1i fullt aftur.<a name=\"35\"><span class=\"versanumer\">35<\/span><\/a>\u00de\u00e9r \u00fear \u00ed m\u00f3t eigi\u00f0 a\u00f0 elska \u00f3vini y\u00f0ar, gj\u00f6ra gott og l\u00e1na, \u00e1n \u00feess a\u00f0 v\u00e6nta nokkurs aftur; \u00fe\u00e1 mun umbun y\u00f0ar ver\u00f0a mikil og \u00fe\u00e9r munu\u00f0 ver\u00f0a ver\u00f0ir a\u00f0 heita b\u00f6rn hins H\u00e6sta, sem gj\u00f6rir gott b\u00e6\u00f0i vondum og van\u00feakkl\u00e1tum.<a name=\"36\"><span class=\"versanumer\">36<\/span><\/a>Veri\u00f0 \u00fev\u00ed miskunnsamir eins og Fa\u00f0ir y\u00f0ar er miskunnsamur.<a name=\"37\"><span class=\"versanumer\">37<\/span><\/a>Veri\u00f0 eigi \u00f3mildir \u00ed d\u00f3mum y\u00f0rum, a\u00f0 ekki ver\u00f0i \u00f3milt um y\u00f0ur d\u00e6mt. Sakfelli\u00f0 eigi, a\u00f0 \u00fe\u00e9r eigi ver\u00f0i\u00f0 sakfelldir; fyrirgefi\u00f0, \u00fe\u00e1 mun y\u00f0ur fyrirgefi\u00f0 ver\u00f0a.<a name=\"38\"><span class=\"versanumer\">38<\/span><\/a>Gefi\u00f0, svo mun y\u00f0ur gefast, g\u00f3\u00f0ur m\u00e6lir, tro\u00f0inn, skekinn og fleytifullur, mun y\u00f0ur gefinn ver\u00f0a; \u00fev\u00ed me\u00f0 sama m\u00e6li og \u00fe\u00e9r m\u00e6li\u00f0 \u00f6\u00f0rum, mun y\u00f0ur aftur m\u00e6lt ver\u00f0a.<a name=\"39\"><span class=\"versanumer\">39<\/span><\/a>S\u00ed\u00f0an sag\u00f0i hann \u00feeim \u00feetta til d\u00e6mis: hv\u00f6rt f\u00e6r s\u00e1, sem sj\u00e1lfur er blindur, v\u00edsa\u00f0 \u00f6\u00f0rum blindum veg? munu \u00feeir ekki b\u00e1\u00f0ir falla \u00ed gryfju?<a name=\"40\"><span class=\"versanumer\">40<\/span><\/a>L\u00e6risveinninn er ekki fyrir s\u00ednum L\u00e6rimeistara, en s\u00e1, sem er fullnuma, er jafn s\u00ednum L\u00e6rimeistara.<a name=\"41\"><span class=\"versanumer\">41<\/span><\/a>Hv\u00f6rninn f\u00e6r \u00fe\u00fa s\u00e9\u00f0 fl\u00edsina \u00ed auga br\u00f3\u00f0ur \u00fe\u00edns, en g\u00e6tir ekki \u00feess bj\u00e1lkans, sem er \u00ed \u00fe\u00ednu eigin auga?<a name=\"42\"><span class=\"versanumer\">42<\/span><\/a>e\u00f0ur hv\u00f6rninn f\u00e6r \u00fe\u00fa sagt vi\u00f0 hann: br\u00f3\u00f0ir! l\u00e1t \u00fe\u00fa mig taka fl\u00edsina \u00far auga \u00fe\u00e9r, me\u00f0an \u00fe\u00fa gefur ekki gaum a\u00f0 bj\u00e1lkanum \u00ed \u00fe\u00ednu eigin auga? \u00de\u00fa, hr\u00e6snari! drag \u00fe\u00fa fyrst bj\u00e1lkann \u00far \u00fe\u00ednu eigin auga og sj\u00e1\u00f0u s\u00ed\u00f0an til, a\u00f0 \u00fe\u00fa f\u00e1ir dregi\u00f0 fl\u00edsina \u00far auga br\u00f3\u00f0ur \u00fe\u00edns.<a name=\"43\"><span class=\"versanumer\">43<\/span><\/a>\u00dea\u00f0 er ekki gott tr\u00e9, sem ber sl\u00e6ma \u00e1vexti; ekki heldur er \u00fea\u00f0 sl\u00e6mt tr\u00e9, sem ber g\u00f3\u00f0a \u00e1vexti.<a name=\"44\"><span class=\"versanumer\">44<\/span><\/a>S\u00e9rhv\u00f6rt tr\u00e9 \u00feekkist af s\u00ednum \u00e1vexti; \u00fev\u00ed ekki lesa menn f\u00edkjur af \u00feyrnum e\u00f0ur v\u00ednber af \u00feistlum.<a name=\"45\"><span class=\"versanumer\">45<\/span><\/a>G\u00f3\u00f0ur ma\u00f0ur framber gott \u00far g\u00f3\u00f0um sj\u00f3\u00f0i hjarta s\u00edns, en illur ma\u00f0ur framber illt \u00far vondum sj\u00f3\u00f0i s\u00edns hjarta; \u00fev\u00ed \u00fea\u00f0 m\u00e6lir munnurinn, sem hjarta\u00f0 hefir n\u00e6gt af.<a name=\"46\"><span class=\"versanumer\">46<\/span><\/a>\u00dev\u00ed kalli\u00f0 \u00fe\u00e9r mig Herra, og gj\u00f6ri\u00f0 \u00fe\u00f3 ekki hva\u00f0 eg b\u00fd\u00f0 y\u00f0ur?<a name=\"47\"><span class=\"versanumer\">47<\/span><\/a>eg vil segja y\u00f0ur hv\u00f6rjum s\u00e1 er l\u00edkur, sem kemur til m\u00edn og hl\u00fd\u00f0ir minni kenningu og breytir eftir henni,<a name=\"48\"><span class=\"versanumer\">48<\/span><\/a>hann er l\u00edkur manni \u00feeim, er bygg\u00f0i s\u00e9r h\u00fas, gr\u00f3f dj\u00fapt fyrir, og grundvalla\u00f0i \u00fea\u00f0 \u00e1 kletti; n\u00fa er vatnsfl\u00f3\u00f0 kom, skall straumurinn \u00e1 \u00feessu h\u00fasi, en f\u00e9kk hv\u00f6rgi hr\u00e6rt \u00fea\u00f0, \u00fev\u00ed \u00fea\u00f0 var grundvalla\u00f0 \u00e1 kletti.<a name=\"49\"><span class=\"versanumer\">49<\/span><\/a>Hinn, er heyrir m\u00edna kenningu og breytir ekki eftir henni, hann er l\u00edkur manni \u00feeim, er bygg\u00f0i s\u00e9r h\u00fas \u00e1 jar\u00f0vegi, en haf\u00f0i enga undirst\u00f6\u00f0u; \u00feegar straumarnir skullu \u00e1 \u00fev\u00ed, f\u00e9ll \u00fea\u00f0 strax, og \u00feess hrun var\u00f0 miki\u00f0.<\/p>\n<div class=\"footnoteVidey\">V. 1\u20135. sbr. Matt. 12,1\u20138. Mark. 2,23\u201328.  V. 2. 2 M\u00f3s. 20,10. 31,15.  V. 3. 1 Sam. 21,6.  V. 4. a. Tjaldb\u00fa\u00f0ina. 3 M\u00f3s. 24,9. Sbr. 2 M\u00f3s. 29,32.  V. 5. sbr. Mark. 2,28.  V. 6\u201311. Matt. 12,9\u201314. Mark. 3,1\u20136.  V. 12\u201316. Matt. 10,1\u20134. Mark. 3,7\u201312.  V. 17. Mark. 3,7\u201312.  V. 20. Matt. 5,1\u201313.  V. 28. Matt. 5,43.44.  V. 30. Matt. 5,39\u201342.  V. 31. Matt. 7,12.  V. 32. Matt. 5,46.48.  V. 37. Matt. 7,1.2.  V. 41\u201342. Matt. 7,3\u20136.  V. 43\u201344. Matt. 7,16\u201319.  V. 45. Matt. 12,34.  V. 46\u201347. Matt. 7,21\u201323.  V. 48\u201349. Matt. 7,24\u201327.<\/div>\n","protected":false},"excerpt":{"rendered":"<p>L\u00e6risveinar Jes\u00fa plokku\u00f0u korn\u00f6x \u00e1 hv\u00edldardegi; Jes\u00fas l\u00e6knar mann handarvisinn; er \u00e1 b\u00e6n, \u00fatvelur \u00fe\u00e1 t\u00f3lf postula og l\u00e6knar; kennir hv\u00f6rjir s\u00e6lir s\u00e9u, og um miskunn \u00ed d\u00f3mnum; kennir, a\u00f0 sinnislagi\u00f0 \u00feekkist af verkunum. 1\u00dea\u00f0 bar vi\u00f0 \u00e1 hv\u00edldardegi \u00feeim, sem fyrstur er eftir p\u00e1ska, a\u00f0 hann f\u00f3r yfir akurl\u00f6nd nokkur; reittu \u00fe\u00e1 l\u00e6risveinar hans korn\u00f6x nokkur, neru \u00feau me\u00f0 h\u00f6ndum s\u00ednum og \u00e1tu;2\u00fe\u00e1 s\u00f6g\u00f0u nokkrir af far\u00edseunum vi\u00f0 \u00fe\u00e1: hv\u00ed hafist \u00fe\u00e9r \u00fea\u00f0 a\u00f0, sem ekki er leyfilegt \u00e1 hv\u00edldard\u00f6gum?3Jes\u00fas svara\u00f0i \u00feeim: hafi\u00f0 \u00fe\u00e9r ekki lesi\u00f0, hva\u00f0 Dav\u00ed\u00f0 gj\u00f6r\u00f0i, \u00feegar hann og menn hans voru mat\u00feurfar?4a\u00f0 hann f\u00f3r inn <a href=\"https:\/\/biblian.is\/videy\/lukasargudspjall-6-kafli\/\"> [&#8230;]<\/a><\/p>\n","protected":false},"author":1,"featured_media":0,"parent":0,"menu_order":0,"comment_status":"open","ping_status":"open","template":"bibliukaflar.php","meta":{"footnotes":""},"class_list":["post-21828","page","type-page","status-publish","hentry"],"_links":{"self":[{"href":"https:\/\/biblian.is\/videy\/wp-json\/wp\/v2\/pages\/21828","targetHints":{"allow":["GET"]}}],"collection":[{"href":"https:\/\/biblian.is\/videy\/wp-json\/wp\/v2\/pages"}],"about":[{"href":"https:\/\/biblian.is\/videy\/wp-json\/wp\/v2\/types\/page"}],"author":[{"embeddable":true,"href":"https:\/\/biblian.is\/videy\/wp-json\/wp\/v2\/users\/1"}],"replies":[{"embeddable":true,"href":"https:\/\/biblian.is\/videy\/wp-json\/wp\/v2\/comments?post=21828"}],"version-history":[{"count":0,"href":"https:\/\/biblian.is\/videy\/wp-json\/wp\/v2\/pages\/21828\/revisions"}],"wp:attachment":[{"href":"https:\/\/biblian.is\/videy\/wp-json\/wp\/v2\/media?parent=21828"}],"curies":[{"name":"wp","href":"https:\/\/api.w.org\/{rel}","templated":true}]}}