{"id":21826,"date":"2018-01-02T01:04:15","date_gmt":"2018-01-02T01:04:15","guid":{"rendered":"http:\/\/biblian.is\/videy\/lukasargudspjall-4-kafli\/"},"modified":"2018-01-02T01:04:15","modified_gmt":"2018-01-02T01:04:15","slug":"lukasargudspjall-4-kafli","status":"publish","type":"page","link":"https:\/\/biblian.is\/videy\/lukasargudspjall-4-kafli\/","title":{"rendered":"L\u00fakasargu\u00f0spjall 4. kafli"},"content":{"rendered":"<div class=\"fyrirsognVidey\">Jes\u00fa er freista\u00f0; hann kennir \u00ed Gal\u00edleu og Nasaret; \u00ed Kapernaum og l\u00e6knar \u00fear dj\u00f6ful\u00f3\u00f0an, einninn tengdam\u00f3\u00f0ur P\u00e9turs og fleiri sj\u00faka.<\/div>\n<p><a name=\"1\"><span class=\"versanumer\">1<\/span><\/a>S\u00ed\u00f0an sneri Jes\u00fas aftur fr\u00e1 J\u00f3rdan, fullur af heil\u00f6gum anda, og var leiddur af andanum \u00fat \u00e1 ey\u00f0im\u00f6rku;<a name=\"2\"><span class=\"versanumer\">2<\/span><\/a>og h\u00e9r var hann \u00ed fj\u00f6rut\u00edu daga freista\u00f0ur af dj\u00f6flinum, og haf\u00f0i \u00ed \u00fe\u00e1 daga ekki til matar, og er \u00feeir voru li\u00f0nir, t\u00f3k hann loksins a\u00f0 hungra.<a name=\"3\"><span class=\"versanumer\">3<\/span><\/a>\u00de\u00e1 sag\u00f0i dj\u00f6fullinn: ef a\u00f0 \u00fe\u00fa ert Gu\u00f0s Sonur, \u00fe\u00e1 bj\u00f3\u00f0 \u00fe\u00fa, a\u00f0 steinn \u00feessi ver\u00f0i a\u00f0 brau\u00f0i.<a name=\"4\"><span class=\"versanumer\">4<\/span><\/a>Jes\u00fas svara\u00f0i: skrifa\u00f0 er, a\u00f0 ma\u00f0urinn lifi ekki af brau\u00f0i einusaman, heldur af hv\u00f6rju \u00fev\u00ed, er Gu\u00f0 vill.<a name=\"5\"><span class=\"versanumer\">5<\/span><\/a>\u00fear eftir f\u00f3r dj\u00f6fullinn me\u00f0 hann upp \u00e1 h\u00e1tt fjall, og s\u00fdndi honum \u00fea\u00f0an \u00f6ll r\u00edki jar\u00f0arinnar \u00ed einu augnabliki,<a name=\"6\"><span class=\"versanumer\">6<\/span><\/a>og sag\u00f0i: allt \u00feetta veldi mun eg gefa \u00fe\u00e9r me\u00f0 \u00f6llum s\u00ednum bl\u00f3ma, \u00fev\u00ed allt er m\u00e9r \u00fea\u00f0 \u00ed vald gefi\u00f0, svo eg get gefi\u00f0 \u00fea\u00f0 hv\u00f6rjum, sem eg vill;<a name=\"7\"><span class=\"versanumer\">7<\/span><\/a>skal allt \u00feetta vera \u00fe\u00edn eign, ef \u00fe\u00fa fellur fram og tilbi\u00f0ur mig.<a name=\"8\"><span class=\"versanumer\">8<\/span><\/a>Jes\u00fas svara\u00f0i, \u00fea\u00f0 er og skrifa\u00f0: \u201eGu\u00f0 \u00feinn skalt\u00fa tilbi\u00f0ja, og hann einnsaman d\u00fdrka\u201c.<a name=\"9\"><span class=\"versanumer\">9<\/span><\/a>S\u00ed\u00f0an f\u00e6r\u00f0i dj\u00f6fullinn hann til Jer\u00fasalem, og setti hann upp \u00e1 musterisburstina og m\u00e6lti: ef a\u00f0 \u00fe\u00fa ert Gu\u00f0s Sonur, \u00fe\u00e1 l\u00e1t fallast h\u00e9r ofan fyrir,<a name=\"10\"><span class=\"versanumer\">10<\/span><\/a>\u00fev\u00ed \u00fea\u00f0 er rita\u00f0: Gu\u00f0 mun bj\u00f3\u00f0a englum s\u00ednum a\u00f0 g\u00e6ta \u00fe\u00edn og bera \u00feig \u00e1 h\u00f6ndum s\u00e9r,<a name=\"11\"><span class=\"versanumer\">11<\/span><\/a>a\u00f0 ekki steytir \u00fe\u00fa f\u00f3t \u00feinn vi\u00f0 steini.<a name=\"12\"><span class=\"versanumer\">12<\/span><\/a>Jes\u00fas svara\u00f0i: \u00fea\u00f0 er og sagt, a\u00f0 eigi skalt\u00fa freista Drottins Gu\u00f0s \u00fe\u00edns.<a name=\"13\"><span class=\"versanumer\">13<\/span><\/a>Og er dj\u00f6fullinn haf\u00f0i loki\u00f0 \u00feessum freistingum, veik hann fr\u00e1 honum um hr\u00ed\u00f0. <br \/><a name=\"14\"><span class=\"versanumer\">14<\/span><\/a>S\u00ed\u00f0an sneri Jes\u00fas, styrktur Gu\u00f0s Anda krafti, aftur til Gal\u00edleu, og or\u00f0st\u00edr hans barst \u00fat um \u00f6ll n\u00e6rliggjandi h\u00e9r\u00f6\u00f0;<a name=\"15\"><span class=\"versanumer\">15<\/span><\/a>hann kenndi \u00ed samkunduh\u00fasum \u00feeirra, svo allir pr\u00edsu\u00f0u hann;<a name=\"16\"><span class=\"versanumer\">16<\/span><\/a>hann kom og til Nasaret, \u00fear sem hann var uppalinn, og gekk \u00e1 hv\u00edldardeginum, eins og hann var vanur, \u00ed samkunduh\u00fasi\u00f0, og st\u00f3\u00f0 upp til a\u00f0 lesa,<a name=\"17\"><span class=\"versanumer\">17<\/span><\/a>og var honum fengin sp\u00e1d\u00f3msb\u00f3k Esa\u00edsar; en er hann fletti upp b\u00f3kinni, var\u00f0 fyrir honum s\u00e1 sta\u00f0ur, hvar \u00feetta er skrifa\u00f0:<a name=\"18\"><span class=\"versanumer\">18<\/span><\/a>\u201eAndi Drottins er yfir m\u00e9r, \u00fear hann hefir v\u00edgt mig til a\u00f0 flytja f\u00e1t\u00e6kum gle\u00f0ilegan bo\u00f0skap, sent mig til a\u00f0 bo\u00f0a herteknum lausn, blindum a\u00f0 \u00feeir f\u00e1i s\u00fdn s\u00edna aftur, l\u00e1ta \u00fe\u00e1 \u00fej\u00f6ku\u00f0u lausa,<a name=\"19\"><span class=\"versanumer\">19<\/span><\/a>og a\u00f0 kunngj\u00f6ra, a\u00f0 hi\u00f0 \u00fe\u00f3knanlega \u00e1ri\u00f0 Drottins s\u00e9 fyrir hendi\u201c;<a name=\"20\"><span class=\"versanumer\">20<\/span><\/a>s\u00ed\u00f0an l\u00e9t hann aftur b\u00f3kina, f\u00e9kk \u00fej\u00f3ninum, og gekk til s\u00e6tis, en allir, sem \u00ed samkunduh\u00fasinu voru, st\u00f6r\u00f0u \u00e1 hann;<a name=\"21\"><span class=\"versanumer\">21<\/span><\/a>h\u00f3f hann \u00fe\u00e1 m\u00e1l sitt \u00e1 \u00feessa lei\u00f0: \u00ed dag er \u00feessi sp\u00e1d\u00f3mur framkominn, eins og \u00fe\u00e9r eru\u00f0 sj\u00e1lfir vitni til.<a name=\"22\"><span class=\"versanumer\">22<\/span><\/a>Lofu\u00f0u hann \u00fe\u00e1 allir, og d\u00e1\u00f0ust a\u00f0 kenningu hans og bl\u00ed\u00f0u m\u00e1lsnilli, en s\u00f6g\u00f0u \u00fe\u00f3: er \u00feessi ekki sonur J\u00f3seps?<a name=\"23\"><span class=\"versanumer\">23<\/span><\/a>\u00de\u00e1 sag\u00f0i hann vi\u00f0 \u00fe\u00e1: vissulega munu\u00f0 \u00fe\u00e9r heimf\u00e6ra upp \u00e1 mig m\u00e1lt\u00e6ki\u00f0: l\u00e6knir! l\u00e6kna \u00fe\u00fa sj\u00e1lfan \u00feig; v\u00e9r h\u00f6fum heyrt, hva\u00f0 \u00fe\u00fa hefir a\u00f0hafst \u00ed Kapernaum; gj\u00f6r \u00fe\u00fa n\u00fa hi\u00f0 sama h\u00e9r \u00e1 \u00e6ttj\u00f6r\u00f0 \u00feinni.<a name=\"24\"><span class=\"versanumer\">24<\/span><\/a>En\u2014sag\u00f0i hann framvegis\u2014tr\u00fai\u00f0 m\u00e9r til \u00feess: a\u00f0 enginn sp\u00e1ma\u00f0ur er vel metinn \u00e1 \u00e6ttj\u00f6r\u00f0 sinni.<a name=\"25\"><span class=\"versanumer\">25<\/span><\/a>Eg segi y\u00f0ur \u00fea\u00f0 satt: a\u00f0 margar ekkjur voru me\u00f0al \u00cdsraels f\u00f3lks \u00e1 d\u00f6gum El\u00edasar sp\u00e1manns, \u00feegar ekki rigndi \u00ed \u00ferj\u00fa \u00e1r og sex m\u00e1nu\u00f0i, svo miki\u00f0 \u00f3\u00e1r var \u00ed \u00f6llu landinu;<a name=\"26\"><span class=\"versanumer\">26<\/span><\/a>en til engrar \u00feeirra var El\u00edas sendur, nema til ekkjunnar \u00ed Sarefta hj\u00e1 S\u00edd\u00f3n.<a name=\"27\"><span class=\"versanumer\">27<\/span><\/a>Margir voru og l\u00edk\u00fer\u00e1ir me\u00f0al \u00cdsraels manna \u00e1 d\u00f6gum El\u00edseusar sp\u00e1manns, en enginn \u00feeirra var\u00f0 l\u00e6kna\u00f0ur nema Naaman s\u00fdrlenski.<a name=\"28\"><span class=\"versanumer\">28<\/span><\/a>En er \u00feeir, sem \u00ed samkunduh\u00fasinu voru, heyr\u00f0u \u00feetta, ur\u00f0u \u00feeir allir afar rei\u00f0ir,<a name=\"29\"><span class=\"versanumer\">29<\/span><\/a>risu upp, hr\u00f6ktu hann \u00fat af borginni og leiddu hann upp \u00e1 n\u00edpu fjalls \u00feess, \u00e1 hv\u00f6rju borg \u00feeirra var bygg\u00f0 og \u00e6tlu\u00f0u a\u00f0 steypa honum \u00fear ofan fyrir,<a name=\"30\"><span class=\"versanumer\">30<\/span><\/a>en hann gekk burt mitt \u00e1 me\u00f0al \u00feeirra, og f\u00f3r \u00fea\u00f0an.<\/p>\n<p><a name=\"31\"><span class=\"versanumer\">31<\/span><\/a>H\u00e9\u00f0an f\u00f3r hann til Kapernaumborgar \u00ed Gal\u00edleulandi og kenndi \u00feeim \u00e1 hv\u00edldard\u00f6gunum,<a name=\"32\"><span class=\"versanumer\">32<\/span><\/a>og undru\u00f0ust \u00feeir kenningu hans; \u00fev\u00ed hann tala\u00f0i <span class='VideyAth'>a)<\/span> af myndugleika.<a name=\"33\"><span class=\"versanumer\">33<\/span><\/a>\u00cd samkunduh\u00fasinu var ma\u00f0ur nokkur kvalinn \u00f3hreinum anda; hann kalla\u00f0i h\u00e1st\u00f6fum,<a name=\"34\"><span class=\"versanumer\">34<\/span><\/a>og sag\u00f0i: \u00e6, hva\u00f0 \u00feurfum vi\u00f0 a\u00f0 eigast vi\u00f0? Jes\u00fa fr\u00e1 Nasaret! ert\u00fa kominn til a\u00f0 fyrirfara oss? eg veit hv\u00f6r \u00fe\u00fa ert, Gu\u00f0s hinn helgi.<a name=\"35\"><span class=\"versanumer\">35<\/span><\/a>En Jes\u00fas hasta\u00f0i \u00e1 hann, og sag\u00f0i: \u00feegi \u00fe\u00fa, og far \u00fe\u00fa \u00fat af honum; \u00fe\u00e1 hreif dj\u00f6fullinn hann og kasta\u00f0i honum fram \u00e1 me\u00f0al \u00feeirra, yfirgaf hann og gj\u00f6r\u00f0i honum ekki mein.<a name=\"36\"><span class=\"versanumer\">36<\/span><\/a>\u00deetta undru\u00f0ust allir n\u00e6sta mj\u00f6g, og s\u00f6g\u00f0u hv\u00f6r vi\u00f0 annan: hv\u00edl\u00edk r\u00e6\u00f0a er \u00feetta, a\u00f0 hann skipar \u00f3hreinum \u00f6ndum me\u00f0 myndugleika og valdi, og \u00feeir fara?<a name=\"37\"><span class=\"versanumer\">37<\/span><\/a>Barst \u00fe\u00e1 or\u00f0st\u00edr hans \u00fat um \u00f6ll \u00feau h\u00e9r\u00f6\u00f0, er \u00ed grennd voru. <br \/><a name=\"38\"><span class=\"versanumer\">38<\/span><\/a>\u00dar samkunduh\u00fasinu f\u00f3r hann \u00ed h\u00fas S\u00edm\u00f3nar; \u00fear l\u00e1 m\u00f3\u00f0ir konu S\u00edm\u00f3nar mj\u00f6g sj\u00fak af k\u00f6ldu, og b\u00e1\u00f0u \u00feeir hann fyrir hana.<a name=\"39\"><span class=\"versanumer\">39<\/span><\/a>F\u00f3r hann \u00fe\u00e1 til hennar, skipa\u00f0i k\u00f6ldunni a\u00f0 hverfa burt, og hvarf h\u00fan \u00fe\u00e1 fr\u00e1 henni; f\u00f3r \u00fe\u00e1 konan strax \u00e1 f\u00e6tur og \u00fej\u00f3na\u00f0i \u00feeim.<a name=\"40\"><span class=\"versanumer\">40<\/span><\/a>\u00deegar s\u00f3l var sest, f\u00e6r\u00f0u menn til hans alla \u00fe\u00e1 sj\u00faklinga, er haldnir voru af \u00fdmislegum veikindum; lag\u00f0i hann h\u00f6ndur yfir s\u00e9rhv\u00f6rn \u00feeirra, og l\u00e6kna\u00f0i \u00fe\u00e1.<a name=\"41\"><span class=\"versanumer\">41<\/span><\/a>Dj\u00f6flar f\u00f3ru og \u00fat af m\u00f6rgum, \u00e6ptu og s\u00f6g\u00f0u: \u00fe\u00fa ert Sonur Gu\u00f0s; en hann banna\u00f0i \u00feeim a\u00f0 tala, \u00fev\u00ed \u00feeir vissu, a\u00f0 hann var Kristur.<a name=\"42\"><span class=\"versanumer\">42<\/span><\/a>Strax er daga\u00f0i, f\u00f3r hann \u00fat \u00far borginni \u00ed ey\u00f0ista\u00f0 nokkurn, en f\u00f3lki\u00f0 leita\u00f0i hans og fann hann, b\u00e1\u00f0u \u00feeir hann \u00fe\u00e1 innilega, a\u00f0 hann ekki f\u00e6ri fr\u00e1 \u00feeim;<a name=\"43\"><span class=\"versanumer\">43<\/span><\/a>en hann sag\u00f0i: m\u00e9r ber og a\u00f0 bo\u00f0a Gu\u00f0s r\u00edki \u00ed \u00f6\u00f0rum borgum; \u00fev\u00ed til \u00feess er eg sendur.<a name=\"44\"><span class=\"versanumer\">44<\/span><\/a>F\u00f3r hann s\u00ed\u00f0an og kenndi \u00ed samkunduh\u00fasunum \u00ed Gal\u00edleu.<\/p>\n<div class=\"footnoteVidey\">V. 1\u201313. sbr. Matt. 4,1\u201311. Mark. 1,12.13.  V. 4. 5 M\u00f3s. 8,3.  V. 8. 5 M\u00f3s. 6,13.  V. 10. S\u00e1lm. 91,11.12.  V. 12. 5 M\u00f3s. 6,16.  V. 14\u201330. sbr. Matt. 4,12. ff. Mark. 1,14. ff.  V. 18. Es. 61,1.2. 58,6.  V. 26. 1 K\u00f3ng. 17,9.  V. 27. 2 K\u00f3ng. 5,14.  V. 31\u201341. sbr. Mark. 1,21\u201334. Matt. 8,14\u201317.  V. 32. a. \u00de. e. \u00ed umbo\u00f0i Gu\u00f0s. Matt. 7,29.  V. 42\u201344. Mark. 1,35\u201338.<\/div>\n","protected":false},"excerpt":{"rendered":"<p>Jes\u00fa er freista\u00f0; hann kennir \u00ed Gal\u00edleu og Nasaret; \u00ed Kapernaum og l\u00e6knar \u00fear dj\u00f6ful\u00f3\u00f0an, einninn tengdam\u00f3\u00f0ur P\u00e9turs og fleiri sj\u00faka. 1S\u00ed\u00f0an sneri Jes\u00fas aftur fr\u00e1 J\u00f3rdan, fullur af heil\u00f6gum anda, og var leiddur af andanum \u00fat \u00e1 ey\u00f0im\u00f6rku;2og h\u00e9r var hann \u00ed fj\u00f6rut\u00edu daga freista\u00f0ur af dj\u00f6flinum, og haf\u00f0i \u00ed \u00fe\u00e1 daga ekki til matar, og er \u00feeir voru li\u00f0nir, t\u00f3k hann loksins a\u00f0 hungra.3\u00de\u00e1 sag\u00f0i dj\u00f6fullinn: ef a\u00f0 \u00fe\u00fa ert Gu\u00f0s Sonur, \u00fe\u00e1 bj\u00f3\u00f0 \u00fe\u00fa, a\u00f0 steinn \u00feessi ver\u00f0i a\u00f0 brau\u00f0i.4Jes\u00fas svara\u00f0i: skrifa\u00f0 er, a\u00f0 ma\u00f0urinn lifi ekki af brau\u00f0i einusaman, heldur af hv\u00f6rju \u00fev\u00ed, er Gu\u00f0 vill.5\u00fear <a href=\"https:\/\/biblian.is\/videy\/lukasargudspjall-4-kafli\/\"> [&#8230;]<\/a><\/p>\n","protected":false},"author":1,"featured_media":0,"parent":0,"menu_order":0,"comment_status":"open","ping_status":"open","template":"bibliukaflar.php","meta":{"footnotes":""},"class_list":["post-21826","page","type-page","status-publish","hentry"],"_links":{"self":[{"href":"https:\/\/biblian.is\/videy\/wp-json\/wp\/v2\/pages\/21826","targetHints":{"allow":["GET"]}}],"collection":[{"href":"https:\/\/biblian.is\/videy\/wp-json\/wp\/v2\/pages"}],"about":[{"href":"https:\/\/biblian.is\/videy\/wp-json\/wp\/v2\/types\/page"}],"author":[{"embeddable":true,"href":"https:\/\/biblian.is\/videy\/wp-json\/wp\/v2\/users\/1"}],"replies":[{"embeddable":true,"href":"https:\/\/biblian.is\/videy\/wp-json\/wp\/v2\/comments?post=21826"}],"version-history":[{"count":0,"href":"https:\/\/biblian.is\/videy\/wp-json\/wp\/v2\/pages\/21826\/revisions"}],"wp:attachment":[{"href":"https:\/\/biblian.is\/videy\/wp-json\/wp\/v2\/media?parent=21826"}],"curies":[{"name":"wp","href":"https:\/\/api.w.org\/{rel}","templated":true}]}}