{"id":21825,"date":"2018-01-02T01:04:15","date_gmt":"2018-01-02T01:04:15","guid":{"rendered":"http:\/\/biblian.is\/videy\/lukasargudspjall-3-kafli\/"},"modified":"2018-01-02T01:04:15","modified_gmt":"2018-01-02T01:04:15","slug":"lukasargudspjall-3-kafli","status":"publish","type":"page","link":"https:\/\/biblian.is\/videy\/lukasargudspjall-3-kafli\/","title":{"rendered":"L\u00fakasargu\u00f0spjall 3. kafli"},"content":{"rendered":"<div class=\"fyrirsognVidey\">J\u00f3hannes sk\u00edrir og kennir; er settur \u00ed myrkvastofu; sk\u00edrir Jes\u00fam. \u00c6ttartala Jes\u00fa.<\/div>\n<p><a name=\"1\"><span class=\"versanumer\">1<\/span><\/a>\u00c1 fimmt\u00e1nda r\u00edkis\u00e1ri T\u00edber\u00edusar keisara, \u00feegar Pont\u00edus P\u00edlatus var landsh\u00f6f\u00f0ingi \u00ed J\u00fadeu, Her\u00f3des fj\u00f3r\u00f0ungsh\u00f6f\u00f0ingi \u00ed Gal\u00edleu, en Filippus br\u00f3\u00f0ir hans \u00ed \u00cdt\u00far\u00edu og Trakon\u00edtis, og Lysan\u00edas \u00ed Ab\u00edlenu;<a name=\"2\"><span class=\"versanumer\">2<\/span><\/a>\u00feegar \u00feeir Annas og Ka\u00edfas voru \u00e6\u00f0stu prestar; \u00fe\u00e1 kom or\u00f0 Gu\u00f0s til J\u00f3hanesar Sakar\u00edassonar, er var \u00ed \u00f3bygg\u00f0um,<a name=\"3\"><span class=\"versanumer\">3<\/span><\/a>og hann f\u00f3r um \u00f6ll \u00feau h\u00e9r\u00f6\u00f0, er liggja vi\u00f0 J\u00f3rdan og kenndi, a\u00f0 menn skyldu sk\u00edrast i\u00f0runarsk\u00edrn, svo \u00feeir fengi kvittun synda sinna,<a name=\"4\"><span class=\"versanumer\">4<\/span><\/a>eins og segir \u00ed Sp\u00e1d\u00f3msb\u00f3k Esa\u00edsar, er hann kve\u00f0ur svo a\u00f0 or\u00f0i: \u201ekall er heyrt \u00ed \u00f3bygg\u00f0inni, tilb\u00fai\u00f0 veg Drottni, jafni\u00f0 brautir hans;<a name=\"5\"><span class=\"versanumer\">5<\/span><\/a>hv\u00f6rt dalverpi skal uppfyllast, og \u00f6ll fj\u00f6ll og h\u00e1lsar l\u00e6gjast; \u00feeir enir kr\u00f3k\u00f3ttu vegirnir skulu gj\u00f6rast beinir, og \u00feeir hrj\u00f3strugu sl\u00e9ttir,<a name=\"6\"><span class=\"versanumer\">6<\/span><\/a>og hv\u00f6r ma\u00f0ur mun \u00fe\u00e1 geta s\u00e9\u00f0 hj\u00e1lpr\u00e6\u00f0i Gu\u00f0s.\u201c<a name=\"7\"><span class=\"versanumer\">7<\/span><\/a>Hann tala\u00f0i \u00fev\u00ed til \u00feess m\u00faga manns, sem f\u00f3r \u00fat til a\u00f0 sk\u00edrast af honum, og t\u00f3k svo til or\u00f0a: \u00fe\u00e9r, n\u00f6\u00f0rukyn! hv\u00f6r hefir sagt y\u00f0ur, a\u00f0 \u00fe\u00e9r \u00feanninn geti\u00f0 umfl\u00fai\u00f0 tilkomandi hegningu?<a name=\"8\"><span class=\"versanumer\">8<\/span><\/a>til \u00feess ver\u00f0i\u00f0 \u00fe\u00e9r a\u00f0 bera i\u00f0runinni sambo\u00f0na \u00e1vexti. Metnist ekki af \u00fev\u00ed, a\u00f0 \u00fe\u00e9r s\u00e9u\u00f0 Abrahams \u00e6ttar, \u00fev\u00ed, tr\u00fai\u00f0 m\u00e9r! m\u00e1ttugur er Gu\u00f0 a\u00f0 vekja Abrahami b\u00f6rn af steinum \u00feessum <span class='VideyAth'>a)<\/span>.<a name=\"9\"><span class=\"versanumer\">9<\/span><\/a>\u00d6xin er \u00feegar reidd a\u00f0 r\u00f3tum trj\u00e1nna; hv\u00f6rt \u00fea\u00f0 tr\u00e9, sem ekki ber g\u00f3\u00f0an \u00e1v\u00f6xt, skal upph\u00f6ggvi\u00f0 ver\u00f0a og \u00ed eldinn kasta\u00f0.<a name=\"10\"><span class=\"versanumer\">10<\/span><\/a>\u00de\u00e1 spur\u00f0i f\u00f3lki\u00f0 hann a\u00f0, hv\u00f6rninn \u00fea\u00f0 \u00e6tti a\u00f0 haga s\u00e9r?<a name=\"11\"><span class=\"versanumer\">11<\/span><\/a>J\u00f3hannes m\u00e6lti: hv\u00f6r, sem hefir tvo kyrtla, s\u00e1 gefi annan \u00feeim, sem engan hefir; eins \u00e1 s\u00e1 a\u00f0 gj\u00f6ra, sem matf\u00f6ng hefir.<a name=\"12\"><span class=\"versanumer\">12<\/span><\/a>\u00de\u00e1 komu og tollheimtumenn a\u00f0 sk\u00edrast; \u00feessir spur\u00f0u hann einninn og s\u00f6g\u00f0u: Meistari! hv\u00f6rninn eigum v\u00e9r a\u00f0 breyta?<a name=\"13\"><span class=\"versanumer\">13<\/span><\/a>Hann m\u00e6lti: krefjist ekki meir, en y\u00f0ur er bo\u00f0i\u00f0.<a name=\"14\"><span class=\"versanumer\">14<\/span><\/a>L\u00edka spur\u00f0u str\u00ed\u00f0smenn hann, hv\u00f6rninn \u00feeir \u00e6ttu a\u00f0 haga s\u00e9r? hann m\u00e6lti: taki\u00f0 ekki f\u00e9 af neinum me\u00f0 valdi e\u00f0a prettum, heldur l\u00e1ti\u00f0 y\u00f0ur n\u00e6gja me\u00f0 y\u00f0ar m\u00e1lagjald.<a name=\"15\"><span class=\"versanumer\">15<\/span><\/a>\u00deegar n\u00fa f\u00f3lki\u00f0 var komi\u00f0 \u00ed \u00fe\u00e1 \u00e6tlun, og allir voru teknir a\u00f0 halda, a\u00f0 J\u00f3hannes kannske v\u00e6ri Kristur,<a name=\"16\"><span class=\"versanumer\">16<\/span><\/a>sag\u00f0i hann \u00feannig \u00f6llum \u00e1heyrandi: eg sk\u00edri y\u00f0ur einungis \u00ed vatni, en s\u00e1, sem eftir mig kemur, er m\u00e9r svo miklu meiri, a\u00f0 eg er ekki ver\u00f0ur a\u00f0 leysa sk\u00f3\u00fevengi hans. Hann mun y\u00f0ur sk\u00edra me\u00f0 heil\u00f6gum Anda og eldi.<a name=\"17\"><span class=\"versanumer\">17<\/span><\/a>S\u00edna varpsk\u00faflu ber hann \u00ed hendi s\u00e9r, me\u00f0 hv\u00f6rri hann hreinsar sinn l\u00e1fa; korninu mun hann safna \u00ed hl\u00f6\u00f0u, en hismi\u00f0 brenna \u00ed eldi \u00feeim, er ekki slokknar.<a name=\"18\"><span class=\"versanumer\">18<\/span><\/a>Margt anna\u00f0 fleira kenndi hann f\u00f3lkinu.<a name=\"19\"><span class=\"versanumer\">19<\/span><\/a>En vegna \u00feess a\u00f0 J\u00f3hannes haf\u00f0i \u00e1v\u00edta\u00f0 Her\u00f3des jarl, b\u00e6\u00f0i fyrir \u00fea\u00f0, a\u00f0 hann haf\u00f0i teki\u00f0 saman vi\u00f0 Her\u00f3d\u00edas, konu br\u00f3\u00f0ur hans, og fyrir allar \u00fe\u00e6r \u00f3d\u00e1\u00f0ir, sem Her\u00f3des haf\u00f0i gj\u00f6rt,<a name=\"20\"><span class=\"versanumer\">20<\/span><\/a>b\u00e6tti Her\u00f3des \u00fev\u00ed vi\u00f0 allt hitt, a\u00f0 hann loka\u00f0i J\u00f3hannes \u00ed myrkvastofu.<br \/><a name=\"21\"><span class=\"versanumer\">21<\/span><\/a>En svo bar vi\u00f0, \u00feegar allt f\u00f3lk l\u00e9t sig sk\u00edra, a\u00f0 Jes\u00fas var sk\u00edr\u00f0ur og gj\u00f6r\u00f0i b\u00e6n s\u00edna, a\u00f0 himinninn opna\u00f0ist honum,<a name=\"22\"><span class=\"versanumer\">22<\/span><\/a>og Andi Gu\u00f0s steig ni\u00f0ur \u00ed l\u00edkamlegri mynd, eins og d\u00fafa, yfir hann; \u00fe\u00e1 heyr\u00f0ist og r\u00f6dd af himnum, er sag\u00f0i: \u00fe\u00fa ert minn elskulegur Sonur, \u00e1 hv\u00f6rjum eg hefi vel\u00fe\u00f3knun.<br \/><a name=\"23\"><span class=\"versanumer\">23<\/span><\/a>En sj\u00e1lfur var Jes\u00fas h\u00e9r um \u00fer\u00edtugt a\u00f0 aldri, \u00feegar hann h\u00f3f a\u00f0 kenna, og var haldinn sonur J\u00f3seps, sonar El\u00ed;<a name=\"24\"><span class=\"versanumer\">24<\/span><\/a>sonar Mattats, sonar Lev\u00ed, sonar Melki, sonar Janna, sonar J\u00f3seps;<a name=\"25\"><span class=\"versanumer\">25<\/span><\/a>sonar Matat\u00edas, sonar Amos, sonar Na\u00fams, sonar Esl\u00ed, sonar Hagga\u00ed;<a name=\"26\"><span class=\"versanumer\">26<\/span><\/a>sonar Maats, sonar Matat\u00edas, sonar Simei, sonar J\u00f3seps, sonar J\u00fada;<a name=\"27\"><span class=\"versanumer\">27<\/span><\/a>sonar J\u00f3hanna, sonar Hresa, sonar S\u00f3r\u00f3babels, sonar Salatiels, sonar Ner\u00ed;<a name=\"28\"><span class=\"versanumer\">28<\/span><\/a>sonar Melk\u00ed, sonar Addi, sonar K\u00f3sams, sonar Elm\u00f3dans, sonar Ers;<a name=\"29\"><span class=\"versanumer\">29<\/span><\/a>sonar J\u00f3se, sonar Eliesers, sonar J\u00f3rims, sonar Mattats, sonar Lev\u00ed;<a name=\"30\"><span class=\"versanumer\">30<\/span><\/a>sonar S\u00edmeons, sonar J\u00fada, sonar J\u00f3seps, sonar J\u00f3nans, sonar El\u00edakims;<a name=\"31\"><span class=\"versanumer\">31<\/span><\/a>sonar Melea, sonar Mainans, sonar Mattata, sonar Natans, sonar Dav\u00ed\u00f0s;<a name=\"32\"><span class=\"versanumer\">32<\/span><\/a>sonar Jessai, sonar \u00d3be\u00f0s, sonar B\u00f3os, sonar Salm\u00f3ns, sonar Naas\u00f3ns;<a name=\"33\"><span class=\"versanumer\">33<\/span><\/a>sonar Am\u00ednadabs, sonar Arams, sonar Esroms, sonar Fares, sonar J\u00fada;<a name=\"34\"><span class=\"versanumer\">34<\/span><\/a>sonar Jakobs, sonar \u00cdsaks, sonar Abrahams, sonar Tara, sonar Nak\u00f3rs;<a name=\"35\"><span class=\"versanumer\">35<\/span><\/a>sonar Sar\u00faks, sonar Ragavs, sonar Faleks, sonar Ebers, sonar Sala,<a name=\"36\"><span class=\"versanumer\">36<\/span><\/a>sonar Kainans, sonar Arfaxads, sonar Sems, sonar N\u00f3a, sonar Lameks;<a name=\"37\"><span class=\"versanumer\">37<\/span><\/a>sonar Mat\u00fasala, sonar Enoks, sonar Jare\u00f0s, sonar Malaleels, sonar Ka\u00ednans,<a name=\"38\"><span class=\"versanumer\">38<\/span><\/a>sonar Enoss, sonar Sets, sonar Adams, sonar Gu\u00f0s.<\/p>\n<div class=\"footnoteVidey\">V. 2\u20139. sbr. Matt. 3,1\u201312. Mark. 1,1\u20138. J\u00f3h. 1,6.19.23.26.27.  V. 4. Es. 40,3.4.  V. 8. a. Gu\u00f0 l\u00e6tur \u00fe\u00e1, er \u00fe\u00e9r haldi\u00f0 \u00fear til \u00f3l\u00edklegasta\u2014nefnil. hei\u00f0ingjana\u2014heldur nj\u00f3ta fyrirheitis \u00feess, er Abrahami var gefi\u00f0, en y\u00f0ur, eins vondir og \u00fe\u00e9r eru\u00f0. J\u00f3h. 8,39.  V. 19\u201320. sbr. Matt. 14,3\u201310. Mark. 6,17. ff.  V. 21\u201322. Matt. 3,13\u201317. Mark. 1,9\u201311.  V. 23\u201328. sbr. Matt. 1,2\u201316.<\/div>\n","protected":false},"excerpt":{"rendered":"<p>J\u00f3hannes sk\u00edrir og kennir; er settur \u00ed myrkvastofu; sk\u00edrir Jes\u00fam. \u00c6ttartala Jes\u00fa. 1\u00c1 fimmt\u00e1nda r\u00edkis\u00e1ri T\u00edber\u00edusar keisara, \u00feegar Pont\u00edus P\u00edlatus var landsh\u00f6f\u00f0ingi \u00ed J\u00fadeu, Her\u00f3des fj\u00f3r\u00f0ungsh\u00f6f\u00f0ingi \u00ed Gal\u00edleu, en Filippus br\u00f3\u00f0ir hans \u00ed \u00cdt\u00far\u00edu og Trakon\u00edtis, og Lysan\u00edas \u00ed Ab\u00edlenu;2\u00feegar \u00feeir Annas og Ka\u00edfas voru \u00e6\u00f0stu prestar; \u00fe\u00e1 kom or\u00f0 Gu\u00f0s til J\u00f3hanesar Sakar\u00edassonar, er var \u00ed \u00f3bygg\u00f0um,3og hann f\u00f3r um \u00f6ll \u00feau h\u00e9r\u00f6\u00f0, er liggja vi\u00f0 J\u00f3rdan og kenndi, a\u00f0 menn skyldu sk\u00edrast i\u00f0runarsk\u00edrn, svo \u00feeir fengi kvittun synda sinna,4eins og segir \u00ed Sp\u00e1d\u00f3msb\u00f3k Esa\u00edsar, er hann kve\u00f0ur svo a\u00f0 or\u00f0i: \u201ekall er heyrt \u00ed \u00f3bygg\u00f0inni, tilb\u00fai\u00f0 veg Drottni, <a href=\"https:\/\/biblian.is\/videy\/lukasargudspjall-3-kafli\/\"> [&#8230;]<\/a><\/p>\n","protected":false},"author":1,"featured_media":0,"parent":0,"menu_order":0,"comment_status":"open","ping_status":"open","template":"bibliukaflar.php","meta":{"footnotes":""},"class_list":["post-21825","page","type-page","status-publish","hentry"],"_links":{"self":[{"href":"https:\/\/biblian.is\/videy\/wp-json\/wp\/v2\/pages\/21825","targetHints":{"allow":["GET"]}}],"collection":[{"href":"https:\/\/biblian.is\/videy\/wp-json\/wp\/v2\/pages"}],"about":[{"href":"https:\/\/biblian.is\/videy\/wp-json\/wp\/v2\/types\/page"}],"author":[{"embeddable":true,"href":"https:\/\/biblian.is\/videy\/wp-json\/wp\/v2\/users\/1"}],"replies":[{"embeddable":true,"href":"https:\/\/biblian.is\/videy\/wp-json\/wp\/v2\/comments?post=21825"}],"version-history":[{"count":0,"href":"https:\/\/biblian.is\/videy\/wp-json\/wp\/v2\/pages\/21825\/revisions"}],"wp:attachment":[{"href":"https:\/\/biblian.is\/videy\/wp-json\/wp\/v2\/media?parent=21825"}],"curies":[{"name":"wp","href":"https:\/\/api.w.org\/{rel}","templated":true}]}}