{"id":21824,"date":"2018-01-02T01:04:15","date_gmt":"2018-01-02T01:04:15","guid":{"rendered":"http:\/\/biblian.is\/videy\/lukasargudspjall-2-kafli\/"},"modified":"2018-01-02T01:04:15","modified_gmt":"2018-01-02T01:04:15","slug":"lukasargudspjall-2-kafli","status":"publish","type":"page","link":"https:\/\/biblian.is\/videy\/lukasargudspjall-2-kafli\/","title":{"rendered":"L\u00fakasargu\u00f0spjall 2. kafli"},"content":{"rendered":"<div class=\"fyrirsognVidey\">Jes\u00fas f\u00e6\u00f0ist; er umskorinn; f\u00e6r\u00f0ur Drottni til musterisins; er uppalinn \u00ed Nasaret; fer 12 \u00e1ra til p\u00e1skah\u00e1t\u00ed\u00f0arinnar.<\/div>\n<p><a name=\"1\"><span class=\"versanumer\">1<\/span><\/a>Um \u00feessar mundir kom \u00fea\u00f0 bo\u00f0 fr\u00e1 Aug\u00fastus keisara, a\u00f0 taka skyldi manntal um allan heim.<a name=\"2\"><span class=\"versanumer\">2<\/span><\/a><span class='VideyAth'>(\u00deetta manntal var\u00f0 fyrst \u00fe\u00e1 Kyren\u00edus var landsh\u00f6f\u00f0ingi \u00e1 S\u00fdrlandi)<\/span>.<a name=\"3\"><span class=\"versanumer\">3<\/span><\/a>F\u00f3ru \u00fe\u00e1 allir til manntals, hv\u00f6r til sinnar borgar.<a name=\"4\"><span class=\"versanumer\">4<\/span><\/a>\u00de\u00e1 f\u00f3r og J\u00f3sep fr\u00e1 Gal\u00edleu \u00far borginni Nasaret upp til J\u00fadeu til borgar Dav\u00ed\u00f0s, sem heitir Betlehem, \u00fev\u00ed hann var af h\u00fasi <span class='VideyAth'>b)<\/span> og kyn\u00fe\u00e6tti Dav\u00ed\u00f0s,<a name=\"5\"><span class=\"versanumer\">5<\/span><\/a>til manntals, \u00e1samt me\u00f0 Mar\u00edu heitkonu sinni, sem \u00fe\u00e1 var me\u00f0 barni.<a name=\"6\"><span class=\"versanumer\">6<\/span><\/a>En svo bar vi\u00f0 \u00e1 me\u00f0an \u00feau dv\u00f6ldu \u00fear, a\u00f0 kom a\u00f0 \u00feeim t\u00edma, er h\u00fan skyldi ala barni\u00f0,<a name=\"7\"><span class=\"versanumer\">7<\/span><\/a>f\u00e6ddi h\u00fan \u00fe\u00e1 Son sinn frumgetinn, vaf\u00f0i hann reifum og lag\u00f0i hann ni\u00f0ur \u00ed j\u00f6tuna, \u00fev\u00ed \u00feau fengu ekki h\u00fasr\u00fam \u00ed gestaherberginu.<a name=\"8\"><span class=\"versanumer\">8<\/span><\/a>En \u00ed \u00fev\u00ed bygg\u00f0arlagi voru fj\u00e1rhir\u00f0arar, er v\u00f6ktu \u00fati um n\u00f3ttina yfir hj\u00f6r\u00f0 sinni;<a name=\"9\"><span class=\"versanumer\">9<\/span><\/a>og sj\u00e1, engill Drottins st\u00f3\u00f0 hj\u00e1 \u00feeim, og mikil birta lj\u00f3ma\u00f0i \u00ed kringum \u00fe\u00e1, ur\u00f0u \u00feeir vi\u00f0 \u00fea\u00f0 n\u00e6sta hr\u00e6ddir;<a name=\"10\"><span class=\"versanumer\">10<\/span><\/a>\u00fe\u00e1 t\u00f3k engillinn svo til or\u00f0a: \u00f3ttist ekki\u2014sag\u00f0i hann\u2014\u00fev\u00ed eg flyt y\u00f0ur st\u00f3r fagna\u00f0art\u00ed\u00f0indi, sem vi\u00f0koma \u00f6llu f\u00f3lki;<a name=\"11\"><span class=\"versanumer\">11<\/span><\/a>\u00fev\u00ed \u00ed dag er y\u00f0ur Frelsari f\u00e6ddur, hv\u00f6r a\u00f0 er Drottinn Kristur, \u00ed borg Dav\u00ed\u00f0s,<a name=\"12\"><span class=\"versanumer\">12<\/span><\/a>og hafi\u00f0 \u00fea\u00f0 til marks, a\u00f0 \u00fe\u00e9r munu\u00f0 finna reifa\u00f0 barn liggjanda \u00ed j\u00f6tunni.<a name=\"13\"><span class=\"versanumer\">13<\/span><\/a>Strax var \u00fear hj\u00e1 englinum mikill fj\u00f6ldi himneskra hersveita, sem lofu\u00f0u Gu\u00f0 og s\u00f6g\u00f0u:<a name=\"14\"><span class=\"versanumer\">14<\/span><\/a>d\u00fdr\u00f0 s\u00e9 Gu\u00f0i \u00ed upph\u00e6\u00f0um, fri\u00f0ur \u00e1 j\u00f6r\u00f0u, og <span class='VideyAth'>(Gu\u00f0s)<\/span> vel\u00fe\u00f3knan yfir m\u00f6nnunum.<a name=\"15\"><span class=\"versanumer\">15<\/span><\/a>Eftir a\u00f0 englarnir v\u00f3ru farnir til himna, s\u00f6g\u00f0u hir\u00f0ararnir hv\u00f6r vi\u00f0 annan: v\u00e9r skulum fara til Betlehems og sj\u00e1 \u00feenna atbur\u00f0, sem Gu\u00f0 hefir oss kunngj\u00f6rt.<a name=\"16\"><span class=\"versanumer\">16<\/span><\/a>S\u00ed\u00f0an f\u00f3ru \u00feeir me\u00f0 skyndi, fundu Mar\u00edu og J\u00f3sep, og barni\u00f0 liggjanda \u00ed j\u00f6tunni;<a name=\"17\"><span class=\"versanumer\">17<\/span><\/a>sk\u00fdr\u00f0u s\u00ed\u00f0an fr\u00e1 \u00fev\u00ed, er \u00feeim haf\u00f0i veri\u00f0 sagt um sveininn,<a name=\"18\"><span class=\"versanumer\">18<\/span><\/a>og undru\u00f0ust allir, er heyr\u00f0u s\u00f6gu \u00feeirra.<a name=\"19\"><span class=\"versanumer\">19<\/span><\/a>En Mar\u00eda hugfesti allt \u00feetta gaumg\u00e6filega.<a name=\"20\"><span class=\"versanumer\">20<\/span><\/a>S\u00ed\u00f0an sneru hir\u00f0ararnir aftur, lofu\u00f0u Gu\u00f0 og vegs\u00f6mu\u00f0u fyrir allt \u00fea\u00f0, er \u00feeir h\u00f6f\u00f0u s\u00e9\u00f0 og heyrt, sem allt bar saman vi\u00f0 \u00fea\u00f0, er \u00feeim haf\u00f0i sagt veri\u00f0.<br \/><a name=\"21\"><span class=\"versanumer\">21<\/span><\/a>\u00deegar li\u00f0nir voru \u00e1tta dagar, \u00fe\u00e1 hann skyldi umskerast, var hann nefndur J e s \u00fa s, eins og hann var kalla\u00f0ur af englinum <span class='VideyAth'>c)<\/span>, \u00e1\u00f0ur en hann var getinn \u00ed m\u00f3\u00f0url\u00edfi.<br \/><a name=\"22\"><span class=\"versanumer\">22<\/span><\/a>En er \u00feeirra hreinsunart\u00edmi var li\u00f0inn, eins og M\u00f3sisl\u00f6g bj\u00f3\u00f0a, f\u00f3ru \u00feau me\u00f0 hann til Jer\u00fasalem til a\u00f0 f\u00e6ra hann Drottni,<a name=\"23\"><span class=\"versanumer\">23<\/span><\/a><span class='VideyAth'>(eins og bo\u00f0i\u00f0 er \u00ed l\u00f6gm\u00e1li Gu\u00f0s, a\u00f0 \u201eallt karlkyns, er fyrst f\u00e6\u00f0ist af m\u00f3\u00f0url\u00edfi, skal vera Drottni helga\u00f0\u201c)<\/span>,<a name=\"24\"><span class=\"versanumer\">24<\/span><\/a>og f\u00e6ra \u00fe\u00e1 f\u00f3rn, sem bo\u00f0in er \u00ed l\u00f6gm\u00e1li Gu\u00f0s, sem var tv\u00e6r turtild\u00fafur e\u00f0a tveir d\u00fafuungar.<a name=\"25\"><span class=\"versanumer\">25<\/span><\/a>\u00de\u00e1 var \u00ed Jer\u00fasalem s\u00e1 ma\u00f0ur, er S\u00edmeon h\u00e9t, hann var r\u00e1\u00f0vandur og gu\u00f0r\u00e6kinn, og v\u00e6nti eftir huggun \u00cdsraelsmanna, og heilagur Andi var yfir honum.<a name=\"26\"><span class=\"versanumer\">26<\/span><\/a>Honum haf\u00f0i Gu\u00f0 birt, a\u00f0 hann ekki skyldi deyja, fyrr enn hann s\u00e6i Drottins Smur\u00f0a <span class='VideyAth'>a)<\/span>.<a name=\"27\"><span class=\"versanumer\">27<\/span><\/a>S\u00edmeon kom a\u00f0 andans tilla\u00f0an, \u00ed musteri\u00f0, \u00ed \u00fev\u00ed sama og foreldrarnir f\u00e6r\u00f0u \u00feanga\u00f0 sveininn Jes\u00fam, til a\u00f0 fara me\u00f0 hann eftir l\u00f6gm\u00e1linu, eins og si\u00f0ur var til;<a name=\"28\"><span class=\"versanumer\">28<\/span><\/a>hann t\u00f3k hann \u00ed fang s\u00e9r, og lofa\u00f0i Gu\u00f0 me\u00f0 \u00feessum or\u00f0um:<a name=\"29\"><span class=\"versanumer\">29<\/span><\/a>\u201el\u00e1t \u00fe\u00fa n\u00fa, Drottinn! \u00fej\u00f3n \u00feinn \u00ed fri\u00f0i <span class='VideyAth'>(h\u00e9\u00f0an)<\/span> leysast, eins og \u00fe\u00fa hefir m\u00e9r heiti\u00f0,<a name=\"30\"><span class=\"versanumer\">30<\/span><\/a>\u00fear e\u00f0 eg hefi fengi\u00f0 a\u00f0 sj\u00e1 \u00feann,<a name=\"31\"><span class=\"versanumer\">31<\/span><\/a>sem \u00fe\u00fa hefir \u00e6tla\u00f0 til hj\u00e1lpr\u00e6\u00f0is \u00f6llum \u00fej\u00f3\u00f0um,<a name=\"32\"><span class=\"versanumer\">32<\/span><\/a>til uppl\u00fdsingar hei\u00f0ingjum og vegsemdar \u00cdsraelsf\u00f3lki.<a name=\"33\"><span class=\"versanumer\">33<\/span><\/a>En J\u00f3sep og m\u00f3\u00f0ir hans undru\u00f0ust yfir \u00fev\u00ed, er um hann var sp\u00e1\u00f0.<a name=\"34\"><span class=\"versanumer\">34<\/span><\/a>S\u00ed\u00f0an ba\u00f0 S\u00edmeon \u00feeim g\u00f3\u00f0s, og m\u00e6lti svo til Mar\u00edu m\u00f3\u00f0ur hans: \u00feessi er settur til a\u00f0 ver\u00f0a m\u00f6rgum \u00cdsraelsmanna til falls og m\u00f6rgum til vi\u00f0reisnar, og til a\u00f0 ver\u00f0a \u00fea\u00f0 t\u00e1kn <span class='VideyAth'>b)<\/span>, hv\u00f6rju m\u00f3ti ver\u00f0ur m\u00e6lt.<a name=\"35\"><span class=\"versanumer\">35<\/span><\/a>{En <span class='VideyAth'>(sorgar)<\/span>sver\u00f0 mun \u00fe\u00edna eigin s\u00e1lu n\u00edsta,} svo margra hjartans hugrenningar munu ver\u00f0a opinberar <span class='VideyAth'>c)<\/span>.<a name=\"36\"><span class=\"versanumer\">36<\/span><\/a>\u00dear var og Anna sp\u00e1kona, d\u00f3ttir Fan\u00faels af \u00e6tt Assers, h\u00fan var \u00fe\u00e1 hnigin \u00e1 efra aldur, haf\u00f0i veri\u00f0 sj\u00f6 \u00e1r \u00ed hj\u00f3nabandi me\u00f0 manni s\u00ednum, er f\u00e9kk hennar meyjar;<a name=\"37\"><span class=\"versanumer\">37<\/span><\/a>n\u00fa var h\u00fan ekkja, og haf\u00f0i h\u00e9r um bil fj\u00f3ra vetur um \u00e1ttr\u00e6tt. H\u00fan var jafnan \u00ed musterinu, og d\u00fdrka\u00f0i Gu\u00f0 n\u00e6tur og daga me\u00f0 f\u00f6stum og b\u00e6num.<a name=\"38\"><span class=\"versanumer\">38<\/span><\/a>Hana bar \u00fear a\u00f0 \u00ed \u00fev\u00ed sama, pr\u00edsa\u00f0i h\u00fan Gu\u00f0s g\u00e6sku, og lag\u00f0i \u00fat af henni fyrir \u00f6llum \u00feeim \u00ed Jer\u00fasalem, sem Frelsarans v\u00e6ntu.<a name=\"39\"><span class=\"versanumer\">39<\/span><\/a>N\u00fa er \u00feau h\u00f6f\u00f0u loki\u00f0 \u00f6llu, er l\u00f6gm\u00e1l Drottins bau\u00f0, sneru \u00feau aftur til Gal\u00edleu til borgar sinnar Nasaret.<a name=\"40\"><span class=\"versanumer\">40<\/span><\/a>En sveinninn v\u00f3x og styrktist \u00ed anda og fylltist visku; \u00fev\u00ed Gu\u00f0s n\u00e1\u00f0 var yfir honum.<br \/><a name=\"41\"><span class=\"versanumer\">41<\/span><\/a>\u00dea\u00f0 var vani foreldra hans a\u00f0 fara hv\u00f6rt \u00e1r upp til Jer\u00fasalem \u00e1 p\u00e1skum.<a name=\"42\"><span class=\"versanumer\">42<\/span><\/a>N\u00fa bar svo vi\u00f0, \u00feegar hann var t\u00f3lf vetra, a\u00f0 \u00feau fer\u00f0u\u00f0ust \u00feanga\u00f0, eins og si\u00f0ur var til \u00e1 h\u00e1t\u00ed\u00f0inni.<a name=\"43\"><span class=\"versanumer\">43<\/span><\/a>\u00deegar h\u00fan var li\u00f0in, sneru \u00feau aftur heimlei\u00f0is; en sveinninn Jes\u00fas var\u00f0 eftir \u00ed Jer\u00fasalem, svo J\u00f3sep og m\u00f3\u00f0ir hans ur\u00f0u ekki v\u00f6r vi\u00f0 \u00fea\u00f0;<a name=\"44\"><span class=\"versanumer\">44<\/span><\/a>\u00fev\u00ed \u00feau \u00e6tlu\u00f0u a\u00f0 hann mundi vera \u00ed flokki samfer\u00f0amanna \u00feeirra; f\u00f3ru \u00feau svo eina daglei\u00f0, og leitu\u00f0u eftir honum me\u00f0al fr\u00e6nda og kunningja.<a name=\"45\"><span class=\"versanumer\">45<\/span><\/a>Og \u00feegar \u00feau fundu hann ekki, sneru \u00feau aftur til Jer\u00fasalem, og leitu\u00f0u hans \u00fear;<a name=\"46\"><span class=\"versanumer\">46<\/span><\/a>og eftir \u00ferj\u00e1 daga fundu \u00feau hann \u00ed musterinu, hvar hann sat me\u00f0al l\u00e6rife\u00f0ranna, hl\u00fdddi \u00e1 tal \u00feeirra og spur\u00f0i \u00fe\u00e1;<a name=\"47\"><span class=\"versanumer\">47<\/span><\/a>en alla, sem heyr\u00f0u, fur\u00f0a\u00f0i \u00e1 skilningi hans og andsv\u00f6rum.<a name=\"48\"><span class=\"versanumer\">48<\/span><\/a>Og \u00feau undru\u00f0ust n\u00e6sta er \u00feau s\u00e1u hann \u00fear. \u00de\u00e1 sag\u00f0i m\u00f3\u00f0ir hans: \u00fev\u00ed breyttir \u00fe\u00fa svo vi\u00f0 okkur, Sonur minn? fa\u00f0ir \u00feinn og eg leitu\u00f0um \u00fe\u00edn sorgm\u00e6dd.<a name=\"49\"><span class=\"versanumer\">49<\/span><\/a>Hann m\u00e6lti: \u00fev\u00ed hafi\u00f0 \u00fei\u00f0 leita\u00f0 eftir m\u00e9r? vissu\u00f0 \u00fei\u00f0 ekki, a\u00f0 m\u00e9r ber a\u00f0 vera \u00ed \u00fev\u00ed, sem m\u00edns f\u00f6\u00f0ur er?<a name=\"50\"><span class=\"versanumer\">50<\/span><\/a>En \u00feau skildu ekki hva\u00f0 hann meinti.<a name=\"51\"><span class=\"versanumer\">51<\/span><\/a>S\u00ed\u00f0an f\u00f3r hann me\u00f0 \u00feeim til Nasareth, og var \u00feeim hl\u00fd\u00f0inn. Allt \u00feetta hugleiddi m\u00f3\u00f0ir hans;<a name=\"52\"><span class=\"versanumer\">52<\/span><\/a>en Jes\u00fa \u00f3x viska me\u00f0 aldri, og hylli Gu\u00f0s og manna.<\/p>\n<div class=\"footnoteVidey\">V. 4. b. Hv\u00f6r \u00e6ttkv\u00edsl hj\u00e1 Gy\u00f0ingum var skipt \u00ed kyn\u00fe\u00e6tti, og hv\u00f6rjum kyn\u00fe\u00e6tti \u00ed \u00e6ttfe\u00f0rah\u00fas. 4 M\u00f3s. 1,2.18.20. o. s. frv.  V. 21. c. Sj\u00e1 Matt. 1,21.  V. 23. 2 M\u00f3s. 13,2.  V. 24. 3 M\u00f3s. 12,6.8.  V. 26. a. Mess\u00edas.  V. 34. b. sbr. L\u00fak. 11,30.  V. 35. J\u00f3h. 19,25. c. \u00feegar Jes\u00fas var l\u00edfl\u00e1tinn, l\u00fdsti \u00fea\u00f0 s\u00e9r, hv\u00f6r hef\u00f0i elska\u00f0 hann og hans l\u00e6rd\u00f3m af hreinu hjarta, og hv\u00f6rjir af s\u00e9rpl\u00e6gni.  V. 41. sj\u00e1 2 M\u00f3s. 23,14. ff.<\/div>\n","protected":false},"excerpt":{"rendered":"<p>Jes\u00fas f\u00e6\u00f0ist; er umskorinn; f\u00e6r\u00f0ur Drottni til musterisins; er uppalinn \u00ed Nasaret; fer 12 \u00e1ra til p\u00e1skah\u00e1t\u00ed\u00f0arinnar. 1Um \u00feessar mundir kom \u00fea\u00f0 bo\u00f0 fr\u00e1 Aug\u00fastus keisara, a\u00f0 taka skyldi manntal um allan heim.2(\u00deetta manntal var\u00f0 fyrst \u00fe\u00e1 Kyren\u00edus var landsh\u00f6f\u00f0ingi \u00e1 S\u00fdrlandi).3F\u00f3ru \u00fe\u00e1 allir til manntals, hv\u00f6r til sinnar borgar.4\u00de\u00e1 f\u00f3r og J\u00f3sep fr\u00e1 Gal\u00edleu \u00far borginni Nasaret upp til J\u00fadeu til borgar Dav\u00ed\u00f0s, sem heitir Betlehem, \u00fev\u00ed hann var af h\u00fasi b) og kyn\u00fe\u00e6tti Dav\u00ed\u00f0s,5til manntals, \u00e1samt me\u00f0 Mar\u00edu heitkonu sinni, sem \u00fe\u00e1 var me\u00f0 barni.6En svo bar vi\u00f0 \u00e1 me\u00f0an \u00feau dv\u00f6ldu \u00fear, a\u00f0 kom a\u00f0 \u00feeim t\u00edma, <a href=\"https:\/\/biblian.is\/videy\/lukasargudspjall-2-kafli\/\"> [&#8230;]<\/a><\/p>\n","protected":false},"author":1,"featured_media":0,"parent":0,"menu_order":0,"comment_status":"open","ping_status":"open","template":"bibliukaflar.php","meta":{"footnotes":""},"class_list":["post-21824","page","type-page","status-publish","hentry"],"_links":{"self":[{"href":"https:\/\/biblian.is\/videy\/wp-json\/wp\/v2\/pages\/21824","targetHints":{"allow":["GET"]}}],"collection":[{"href":"https:\/\/biblian.is\/videy\/wp-json\/wp\/v2\/pages"}],"about":[{"href":"https:\/\/biblian.is\/videy\/wp-json\/wp\/v2\/types\/page"}],"author":[{"embeddable":true,"href":"https:\/\/biblian.is\/videy\/wp-json\/wp\/v2\/users\/1"}],"replies":[{"embeddable":true,"href":"https:\/\/biblian.is\/videy\/wp-json\/wp\/v2\/comments?post=21824"}],"version-history":[{"count":0,"href":"https:\/\/biblian.is\/videy\/wp-json\/wp\/v2\/pages\/21824\/revisions"}],"wp:attachment":[{"href":"https:\/\/biblian.is\/videy\/wp-json\/wp\/v2\/media?parent=21824"}],"curies":[{"name":"wp","href":"https:\/\/api.w.org\/{rel}","templated":true}]}}