{"id":21822,"date":"2018-01-02T01:04:15","date_gmt":"2018-01-02T01:04:15","guid":{"rendered":"http:\/\/biblian.is\/videy\/markusargudspjall-16-kafli\/"},"modified":"2018-01-02T01:04:15","modified_gmt":"2018-01-02T01:04:15","slug":"markusargudspjall-16-kafli","status":"publish","type":"page","link":"https:\/\/biblian.is\/videy\/markusargudspjall-16-kafli\/","title":{"rendered":"Mark\u00fasargu\u00f0spjall 16. kafli"},"content":{"rendered":"<div class=\"fyrirsognVidey\">Jes\u00fa upprisa og himnaf\u00f6r.<\/div>\n<p><a name=\"1\"><span class=\"versanumer\">1<\/span><\/a>\u00de\u00e1 er hv\u00edldardagurinn var li\u00f0inn, keyptu \u00fe\u00e6r Mar\u00eda fr\u00e1 Magd\u00f6lum og Mar\u00eda Jakobs m\u00f3\u00f0ir smyrsl til a\u00f0 smyrja me\u00f0 l\u00edki\u00f0.<a name=\"2\"><span class=\"versanumer\">2<\/span><\/a>Og mj\u00f6g \u00e1rla hinn fyrsta dag vikunnar f\u00f3ru \u00fe\u00e6r til grafhellisins; \u00fea\u00f0 var um s\u00f3laruppkomu.<a name=\"3\"><span class=\"versanumer\">3<\/span><\/a>\u00de\u00e6r s\u00f6g\u00f0u \u00fe\u00e1 hv\u00f6r vi\u00f0 a\u00f0ra: hv\u00f6r mun velta fyrir oss steininum af hellismunnanum?<a name=\"4\"><span class=\"versanumer\">4<\/span><\/a>En er \u00fe\u00e6r litu til, s\u00e1u \u00fe\u00e6r, a\u00f0 steinninn var fr\u00e1veltur, og var \u00fea\u00f0 miki\u00f0 bjarg.<a name=\"5\"><span class=\"versanumer\">5<\/span><\/a>Gengu \u00fe\u00e6r \u00fe\u00e1 inn \u00ed hellirinn, og s\u00e1u, hvar ungur ma\u00f0ur sat h\u00e6gramegin, skr\u00fdddur hv\u00edtum dragkyrtli, og hnykkti \u00feeim mj\u00f6g vi\u00f0.<a name=\"6\"><span class=\"versanumer\">6<\/span><\/a>En hann sag\u00f0i til \u00feeirra: hr\u00e6\u00f0ist eigi! \u00fe\u00e9r leiti\u00f0 a\u00f0 Jes\u00fa na\u00f0verska, hinum krossfesta; hann er upprisinn og er ekki h\u00e9r. \u00dearna er sta\u00f0urinn, hvar hann var lag\u00f0ur.<a name=\"7\"><span class=\"versanumer\">7<\/span><\/a>Fari\u00f0 heldur og segi\u00f0 l\u00e6risveinum hans og P\u00e9tri, a\u00f0 hann fari \u00e1 undan \u00feeim til Gal\u00edleu; \u00fear munu\u00f0 \u00fe\u00e9r sj\u00e1 hann, eins og hann sag\u00f0i y\u00f0ur.<a name=\"8\"><span class=\"versanumer\">8<\/span><\/a>Konurnar f\u00f3ru \u00fe\u00e1 \u00fat og fl\u00fd\u00f0u fr\u00e1 gr\u00f6finni, \u00fev\u00ed \u00f3tti og ofbo\u00f0 v\u00f3ru yfir \u00fe\u00e6r komin, og engum s\u00f6g\u00f0u \u00fe\u00e6r fr\u00e1 neinu, \u00fev\u00ed \u00fe\u00e6r voru hr\u00e6ddar. <br \/><a name=\"9\"><span class=\"versanumer\">9<\/span><\/a>En er Jes\u00fas var upprisinn, l\u00e9t hann Mar\u00edu fr\u00e1 Magd\u00f6lum, fr\u00e1 hv\u00f6rri hann haf\u00f0i \u00fatreki\u00f0 sj\u00f6 dj\u00f6fla, sj\u00e1 sig fyrst, snemma morguns hinn fyrsta dag vikunnar.<a name=\"10\"><span class=\"versanumer\">10<\/span><\/a>H\u00fan f\u00f3r og kunngj\u00f6r\u00f0i \u00feetta \u00feeim, er me\u00f0 honum h\u00f6f\u00f0u veri\u00f0, sem voru harmandi og gr\u00e1tandi;<a name=\"11\"><span class=\"versanumer\">11<\/span><\/a>en \u00fe\u00f3 \u00feeir heyr\u00f0u, a\u00f0 hann v\u00e6ri l\u00edfs, og a\u00f0 Mar\u00eda hef\u00f0i s\u00e9\u00f0 hann, tr\u00fa\u00f0u \u00feeir \u00fe\u00f3 ekki.<a name=\"12\"><span class=\"versanumer\">12<\/span><\/a>En eftir \u00feetta birtist hann tveimur \u00feeirra, \u00fe\u00e1 \u00feeir voru \u00e1 gangi, og \u00e6tlu\u00f0u \u00fat \u00e1 landsbygg\u00f0ina;<a name=\"13\"><span class=\"versanumer\">13<\/span><\/a>\u00feessir f\u00f3ru og s\u00f6g\u00f0u \u00fea\u00f0 hinum \u00f6\u00f0rum, en \u00feeir vildu heldur ekki tr\u00faa \u00feeim.<a name=\"14\"><span class=\"versanumer\">14<\/span><\/a>S\u00ed\u00f0ast l\u00e9t hann \u00fe\u00e1 ellefu sj\u00e1 sig, \u00fe\u00e1 \u00feeir s\u00e1tu undir bor\u00f0um, og bar hann \u00feeim \u00fe\u00e1 \u00e1 br\u00fdn tr\u00faarleysi \u00feeirra og \u00fever\u00fa\u00f0, a\u00f0 \u00feeir ekki hef\u00f0u vilja\u00f0 tr\u00faa \u00feeim, er s\u00e9\u00f0 h\u00f6f\u00f0u hann upprisinn.<a name=\"15\"><span class=\"versanumer\">15<\/span><\/a>Hann sag\u00f0i \u00fe\u00e1 til \u00feeirra: fari\u00f0 \u00fat um allan heim, og kunngj\u00f6ri\u00f0 gle\u00f0ibo\u00f0skapinn \u00f6llum \u00fej\u00f3\u00f0um.<a name=\"16\"><span class=\"versanumer\">16<\/span><\/a>S\u00e1, sem tr\u00fair og ver\u00f0ur sk\u00edr\u00f0ur, mun h\u00f3lpinn ver\u00f0a, en s\u00e1, sem ekki vill tr\u00faa, mun ford\u00e6mast.<a name=\"17\"><span class=\"versanumer\">17<\/span><\/a>En \u00feessar d\u00e1semdir skulu fylgja \u00feeim, er tr\u00faa: \u00feeir skulu \u00ed m\u00ednu nafni dj\u00f6fla \u00fatreka, tala n\u00fdjum tungum, taka upp h\u00f6ggorma a\u00f0 \u00f3sekju;<a name=\"18\"><span class=\"versanumer\">18<\/span><\/a>ef \u00feeir drekka nokku\u00f0 banv\u00e6nt, \u00fe\u00e1 skal \u00fea\u00f0 \u00feeim ekki granda; yfir sj\u00faka skulu \u00feeir hendur leggja og mun \u00feeim \u00fe\u00e1 batna.<a name=\"19\"><span class=\"versanumer\">19<\/span><\/a>N\u00fa er Drottinn haf\u00f0i enda\u00f0 tal sitt vi\u00f0 \u00fe\u00e1, var\u00f0 hann uppnuminn til himins, og settist til Gu\u00f0s h\u00e6gri handar.<a name=\"20\"><span class=\"versanumer\">20<\/span><\/a>En \u00feeir f\u00f3ru \u00fat og kunngj\u00f6r\u00f0u l\u00e6rd\u00f3minn allsta\u00f0ar, og var kraftur Drottins me\u00f0 \u00feeim, og sta\u00f0festi l\u00e6rd\u00f3minn me\u00f0 t\u00e1knum, er honum fylgdu.<\/p>\n<div class=\"footnoteVidey\">V. 1\u20138. sbr. Matt. 28,1\u201310. L\u00fak. 24,1\u201312. J\u00f3h. 20.  V. 12. sbr. L\u00fak. 24,13. ff.<\/div>\n","protected":false},"excerpt":{"rendered":"<p>Jes\u00fa upprisa og himnaf\u00f6r. 1\u00de\u00e1 er hv\u00edldardagurinn var li\u00f0inn, keyptu \u00fe\u00e6r Mar\u00eda fr\u00e1 Magd\u00f6lum og Mar\u00eda Jakobs m\u00f3\u00f0ir smyrsl til a\u00f0 smyrja me\u00f0 l\u00edki\u00f0.2Og mj\u00f6g \u00e1rla hinn fyrsta dag vikunnar f\u00f3ru \u00fe\u00e6r til grafhellisins; \u00fea\u00f0 var um s\u00f3laruppkomu.3\u00de\u00e6r s\u00f6g\u00f0u \u00fe\u00e1 hv\u00f6r vi\u00f0 a\u00f0ra: hv\u00f6r mun velta fyrir oss steininum af hellismunnanum?4En er \u00fe\u00e6r litu til, s\u00e1u \u00fe\u00e6r, a\u00f0 steinninn var fr\u00e1veltur, og var \u00fea\u00f0 miki\u00f0 bjarg.5Gengu \u00fe\u00e6r \u00fe\u00e1 inn \u00ed hellirinn, og s\u00e1u, hvar ungur ma\u00f0ur sat h\u00e6gramegin, skr\u00fdddur hv\u00edtum dragkyrtli, og hnykkti \u00feeim mj\u00f6g vi\u00f0.6En hann sag\u00f0i til \u00feeirra: hr\u00e6\u00f0ist eigi! \u00fe\u00e9r leiti\u00f0 a\u00f0 Jes\u00fa na\u00f0verska, hinum krossfesta; hann <a href=\"https:\/\/biblian.is\/videy\/markusargudspjall-16-kafli\/\"> [&#8230;]<\/a><\/p>\n","protected":false},"author":1,"featured_media":0,"parent":0,"menu_order":0,"comment_status":"open","ping_status":"open","template":"bibliukaflar.php","meta":{"footnotes":""},"class_list":["post-21822","page","type-page","status-publish","hentry"],"_links":{"self":[{"href":"https:\/\/biblian.is\/videy\/wp-json\/wp\/v2\/pages\/21822","targetHints":{"allow":["GET"]}}],"collection":[{"href":"https:\/\/biblian.is\/videy\/wp-json\/wp\/v2\/pages"}],"about":[{"href":"https:\/\/biblian.is\/videy\/wp-json\/wp\/v2\/types\/page"}],"author":[{"embeddable":true,"href":"https:\/\/biblian.is\/videy\/wp-json\/wp\/v2\/users\/1"}],"replies":[{"embeddable":true,"href":"https:\/\/biblian.is\/videy\/wp-json\/wp\/v2\/comments?post=21822"}],"version-history":[{"count":0,"href":"https:\/\/biblian.is\/videy\/wp-json\/wp\/v2\/pages\/21822\/revisions"}],"wp:attachment":[{"href":"https:\/\/biblian.is\/videy\/wp-json\/wp\/v2\/media?parent=21822"}],"curies":[{"name":"wp","href":"https:\/\/api.w.org\/{rel}","templated":true}]}}