{"id":21821,"date":"2018-01-02T01:04:15","date_gmt":"2018-01-02T01:04:15","guid":{"rendered":"http:\/\/biblian.is\/videy\/markusargudspjall-15-kafli\/"},"modified":"2018-01-02T01:04:15","modified_gmt":"2018-01-02T01:04:15","slug":"markusargudspjall-15-kafli","status":"publish","type":"page","link":"https:\/\/biblian.is\/videy\/markusargudspjall-15-kafli\/","title":{"rendered":"Mark\u00fasargu\u00f0spjall 15. kafli"},"content":{"rendered":"<div class=\"fyrirsognVidey\">Jes\u00fas er \u00e1klaga\u00f0ur, d\u00e6mdur til dau\u00f0a og krossfestur; deyr og er greftra\u00f0ur.<\/div>\n<p><a name=\"1\"><span class=\"versanumer\">1<\/span><\/a>Strax \u00ed d\u00f6gun gj\u00f6r\u00f0u \u00feeir r\u00e1\u00f0 s\u00edn h\u00f6fu\u00f0prestarnir, \u00f6ldungarnir og hinir skriftl\u00e6r\u00f0u og allt r\u00e1\u00f0i\u00f0, bundu Jes\u00fam, f\u00e6r\u00f0u hann burt og seldu P\u00edlatusi \u00ed hendur.<a name=\"2\"><span class=\"versanumer\">2<\/span><\/a>P\u00edlatus spur\u00f0i hann: ert\u00fa konungur Gy\u00f0inga? hann svara\u00f0i: svo er, sem \u00fe\u00fa segir.<a name=\"3\"><span class=\"versanumer\">3<\/span><\/a>H\u00f6fu\u00f0prestarnir b\u00e1ru margar sakir \u00e1 hendur honum.<a name=\"4\"><span class=\"versanumer\">4<\/span><\/a>P\u00edlatus spur\u00f0i hann \u00fe\u00e1 aftur og sag\u00f0i: svarar \u00fe\u00fa engu? sj\u00e1 \u00fe\u00fa, hve margar sakir \u00feeir bera upp \u00e1 \u00feig!<a name=\"5\"><span class=\"versanumer\">5<\/span><\/a>Jes\u00fas svara\u00f0i engu or\u00f0i framar, svo a\u00f0 P\u00edlatus undra\u00f0ist.<a name=\"6\"><span class=\"versanumer\">6<\/span><\/a>En \u00e1 h\u00e1t\u00ed\u00f0inni var P\u00edlatus vanur a\u00f0 l\u00e1ta \u00feeim lausan bandingja \u00feann einn, er \u00feeir sj\u00e1lfir \u00e6sktu s\u00e9r;<a name=\"7\"><span class=\"versanumer\">7<\/span><\/a>en \u00fear var einn, er nefndur var Barabbas, er \u00ed b\u00f6ndum var haf\u00f0ur \u00e1samt me\u00f0 \u00f6\u00f0rum \u00f3aldar m\u00f6nnum, sem \u00ed upphlaupi nokkru h\u00f6f\u00f0u v\u00edg vegi\u00f0.<a name=\"8\"><span class=\"versanumer\">8<\/span><\/a>En er l\u00fd\u00f0urinn t\u00f3k til a\u00f0 kalla upp, og heimta, a\u00f0 hann gj\u00f6r\u00f0i, sem hann var vanur,<a name=\"9\"><span class=\"versanumer\">9<\/span><\/a>\u00fe\u00e1 t\u00f3k P\u00edlatus til or\u00f0a og sag\u00f0i: vilji\u00f0 \u00fe\u00e9r, a\u00f0 eg gefi\u00f0 y\u00f0ur lausan Gy\u00f0inga konunginn?<a name=\"10\"><span class=\"versanumer\">10<\/span><\/a>\u00fev\u00ed hann vissi a\u00f0 h\u00f6fu\u00f0prestarnir h\u00f6f\u00f0u fyrir \u00f6fundar sakir framselt Jes\u00fam.<a name=\"11\"><span class=\"versanumer\">11<\/span><\/a>En h\u00f6fu\u00f0prestarnir \u00e6stu upp m\u00faginn til a\u00f0 bi\u00f0ja: a\u00f0 hann heldur g\u00e6fi \u00feeim Barabbam lausan.<a name=\"12\"><span class=\"versanumer\">12<\/span><\/a>\u00de\u00e1 sag\u00f0i P\u00edlatus aftur til \u00feeirra: hva\u00f0 vilji\u00f0 \u00fe\u00e9r \u00fe\u00e1, a\u00f0 eg gj\u00f6ri vi\u00f0 Gy\u00f0ingakonunginn, er \u00fe\u00e9r svo nefni\u00f0?<a name=\"13\"><span class=\"versanumer\">13<\/span><\/a>\u00deeir k\u00f6llu\u00f0u aftur: krossfest\u00fa hann.<a name=\"14\"><span class=\"versanumer\">14<\/span><\/a>P\u00edlatus spur\u00f0i: hva\u00f0 hefir hann \u00fe\u00e1 til saka gj\u00f6rt? en \u00feeir hr\u00f3pu\u00f0u \u00feess \u00e1kafar: krossfest\u00fa hann!<a name=\"15\"><span class=\"versanumer\">15<\/span><\/a>N\u00fa, me\u00f0 \u00fev\u00ed a\u00f0 P\u00edlatus vildi gj\u00f6ra eftir vild l\u00fd\u00f0sins, \u00fe\u00e1 gaf hann \u00feeim Barabbas lausan, en l\u00e9t h\u00fa\u00f0str\u00fdkja Jes\u00fam, og f\u00e9kk hann svo <span class='VideyAth'>(str\u00ed\u00f0sm\u00f6nnunum)<\/span> \u00ed hendur til krossfestingar.<a name=\"16\"><span class=\"versanumer\">16<\/span><\/a>\u00de\u00e1 leiddu str\u00ed\u00f0smennirnir hann inn \u00ed h\u00f6llina, \u00fea\u00f0 er, inn \u00ed h\u00fas landstj\u00f3rnarans, og stefndu \u00feanga\u00f0 \u00f6llum flokkinum;<a name=\"17\"><span class=\"versanumer\">17<\/span><\/a>\u00feeir f\u00e6r\u00f0u hann \u00ed purpurafat, og settu \u00e1 h\u00f6fu\u00f0 honum k\u00f3r\u00f3nu, fl\u00e9tta\u00f0a af \u00feyrnum,<a name=\"18\"><span class=\"versanumer\">18<\/span><\/a>kv\u00f6ddu hann og s\u00f6g\u00f0u: heill vert\u00fa konungur Gy\u00f0inga!<a name=\"19\"><span class=\"versanumer\">19<\/span><\/a>sl\u00f3gu reyrsprota um h\u00f6fu\u00f0 honum, hr\u00e6ktu \u00e1 hann, kn\u00e9f\u00e9llu og veittu honum lotningu.<a name=\"20\"><span class=\"versanumer\">20<\/span><\/a>En er \u00feeir h\u00f6f\u00f0u spotta\u00f0 hann, f\u00e6r\u00f0u \u00feeir hann \u00far purpurak\u00e1punni, og \u00ed hans eigin kl\u00e6\u00f0i. <br \/><a name=\"21\"><span class=\"versanumer\">21<\/span><\/a>En er \u00feeir leiddu hann \u00fat, til a\u00f0 krossfesta hann, gekk \u00fear framhj\u00e1 ma\u00f0ur nokkur, er S\u00edmon h\u00e9t, fa\u00f0ir \u00feeirra Alexanders og R\u00faffusar, hann kom utan af landsbygg\u00f0inni; \u00feenna mann neyddu \u00feeir til a\u00f0 bera kross hans.<a name=\"22\"><span class=\"versanumer\">22<\/span><\/a>S\u00ed\u00f0an f\u00e6r\u00f0u \u00feeir Jes\u00fam til \u00feess sta\u00f0ar, er heitir Golgata, \u00fea\u00f0 \u00fe\u00fd\u00f0ir Hausaskeljasta\u00f0ur;<a name=\"23\"><span class=\"versanumer\">23<\/span><\/a>\u00fear bu\u00f0u \u00feeir honum v\u00edn a\u00f0 drekka myrrublanda\u00f0, en hann \u00fe\u00e1\u00f0i \u00fea\u00f0 ekki.<a name=\"24\"><span class=\"versanumer\">24<\/span><\/a>En er \u00feeir h\u00f6f\u00f0u krossfest hann, skiptu \u00feeir kl\u00e6\u00f0um hans milli s\u00edn, og k\u00f6stu\u00f0u hlut um, hva\u00f0 hv\u00f6r skyldi eignast.<a name=\"25\"><span class=\"versanumer\">25<\/span><\/a>\u00dea\u00f0 var um \u00feri\u00f0ju stund a\u00f0 \u00feeir krossfestu hann.<a name=\"26\"><span class=\"versanumer\">26<\/span><\/a>Uppi yfir honum var ritu\u00f0 dau\u00f0as\u00f6k hans, \u00feanninn or\u00f0u\u00f0: konungur Gy\u00f0inga.<a name=\"27\"><span class=\"versanumer\">27<\/span><\/a>Tvo r\u00e6ningja krossfestu \u00feeir me\u00f0 honum, annan til h\u00e6gri, hinn til vinstri handar honum;<a name=\"28\"><span class=\"versanumer\">28<\/span><\/a>r\u00e6ttist svo \u00fea\u00f0, er Ritningin segir: \u201eme\u00f0 illvirkjum er hann talinn.\u201c<a name=\"29\"><span class=\"versanumer\">29<\/span><\/a>\u00deeir, sem framhj\u00e1 gengu, illm\u00e6ltu honum, sk\u00f3ku h\u00f6fu\u00f0 s\u00edn og s\u00f6g\u00f0u: svei, \u00fea\u00f0 ert\u00fa, sem \u00e6tla\u00f0ir a\u00f0 ni\u00f0urbrj\u00f3ta musteri\u00f0, og byggja \u00fea\u00f0 upp aftur \u00e1 \u00feremur d\u00f6gum!<a name=\"30\"><span class=\"versanumer\">30<\/span><\/a>bjarga n\u00fa sj\u00e1lfum \u00fe\u00e9r, og st\u00edg ni\u00f0ur af krossinum!<a name=\"31\"><span class=\"versanumer\">31<\/span><\/a>s\u00f6mulei\u00f0is h\u00e6ddu h\u00f6fu\u00f0prestarnir hann s\u00edn \u00e1 milli, \u00e1samt \u00feeim skriftl\u00e6r\u00f0u og s\u00f6g\u00f0u: \u00f6\u00f0rum hj\u00e1lpa\u00f0i hann, sj\u00e1lfum s\u00e9r getur hann ekki bjarga\u00f0.<a name=\"32\"><span class=\"versanumer\">32<\/span><\/a>St\u00edgi n\u00fa Gy\u00f0ingakonungurinn Kristur ofan af krossinum, svo v\u00e9r sj\u00e1um, og \u00fe\u00e1 skulum v\u00e9r tr\u00faa honum. L\u00edka illm\u00e6ltu honum \u00feeir, er me\u00f0 honum voru krossfestir.<a name=\"33\"><span class=\"versanumer\">33<\/span><\/a>En um sj\u00f6ttu stundu gj\u00f6r\u00f0i myrkur yfir allt land, allt til ennar n\u00edunda stundar.<a name=\"34\"><span class=\"versanumer\">34<\/span><\/a>En um n\u00edundu stundu kalla\u00f0i Jes\u00fas h\u00e1rri r\u00f6ddu og sag\u00f0i: E l \u00f3 i, E l \u00f3 i, l a m m a  s a b a c h t a n i! \u00fea\u00f0 \u00fe\u00fd\u00f0ir: Gu\u00f0 minn! Gu\u00f0 minn! \u00fev\u00ed hefir \u00fe\u00fa yfirgefi\u00f0 mig?<a name=\"35\"><span class=\"versanumer\">35<\/span><\/a>En er nokkrir af \u00feeim, sem hj\u00e1 st\u00f3\u00f0u, heyr\u00f0u \u00fea\u00f0, s\u00f6g\u00f0u \u00feeir: sj\u00e1! hann kallar \u00e1 El\u00edas.<a name=\"36\"><span class=\"versanumer\">36<\/span><\/a>Hlj\u00f3p \u00fe\u00e1 einn til, fyllti njar\u00f0arv\u00f6tt me\u00f0 s\u00fart v\u00edn, stakk honum \u00e1 reyrstaf, og gaf honum a\u00f0 drekka, og m\u00e6lti: lofi\u00f0 m\u00e9r a\u00f0! vitum til, hvort El\u00edas kemur a\u00f0 taka hann ofan.<a name=\"37\"><span class=\"versanumer\">37<\/span><\/a>En Jes\u00fas kalla\u00f0i upp h\u00e1st\u00f6fum, og gaf upp andann;<a name=\"38\"><span class=\"versanumer\">38<\/span><\/a>og \u00fe\u00e1 rifna\u00f0i musteristjaldi\u00f0 sundur \u00ed tvennt, fr\u00e1 ofanver\u00f0u og allt ni\u00f0ur \u00ed gegn.<a name=\"39\"><span class=\"versanumer\">39<\/span><\/a>En er hundra\u00f0sh\u00f6f\u00f0inginn, sem st\u00f3\u00f0 gegnt honum, s\u00e1 a\u00f0 hann kalla\u00f0i svo h\u00e1tt, er hann l\u00e9st, \u00fe\u00e1 sag\u00f0i hann: sannarlega hefir \u00feessi ma\u00f0ur veri\u00f0 Sonur Gu\u00f0s.<a name=\"40\"><span class=\"versanumer\">40<\/span><\/a>Konur nokkrar, er st\u00f3\u00f0u \u00e1lengdar, horf\u00f0u og \u00e1 \u00feetta; me\u00f0al \u00feeirra var Mar\u00eda fr\u00e1 Magd\u00f6lum, og Mar\u00eda m\u00f3\u00f0ir Jakobs yngra og J\u00f3sesar, og Sal\u00f3me.<a name=\"41\"><span class=\"versanumer\">41<\/span><\/a>\u00deessar h\u00f6f\u00f0u veri\u00f0 \u00ed fylgd me\u00f0 honum, \u00feegar hann var \u00ed Gal\u00edleu og \u00fej\u00f3na\u00f0 honum; \u00fear voru og margar a\u00f0rar konur, er fari\u00f0 h\u00f6f\u00f0u me\u00f0 honum upp til Jer\u00fasalem.<br \/><a name=\"42\"><span class=\"versanumer\">42<\/span><\/a>En er kv\u00f6ld var komi\u00f0 <span class='VideyAth'>(\u00fea\u00f0 var a\u00f0fangadagskv\u00f6ldi\u00f0 fyrir hv\u00edldardaginn)<\/span>,<a name=\"43\"><span class=\"versanumer\">43<\/span><\/a>\u00fe\u00e1 kom J\u00f3sep af Ar\u00edmatea, g\u00f6fugur r\u00e1\u00f0herra, hv\u00f6r og l\u00edka v\u00e6nti eftir Gu\u00f0s r\u00edki; hann dirf\u00f0ist a\u00f0 fara inn til P\u00edlatusar og bi\u00f0ja hann um l\u00edkama Jes\u00fa.<a name=\"44\"><span class=\"versanumer\">44<\/span><\/a>En P\u00edlatus fur\u00f0a\u00f0i sig \u00e1, a\u00f0 hann skyldi vera \u00feegar l\u00e1tinn,<a name=\"45\"><span class=\"versanumer\">45<\/span><\/a>og l\u00e9t \u00fev\u00ed kalla hundra\u00f0sh\u00f6f\u00f0ingjann fyri sig og spur\u00f0i hann, hv\u00f6rt hann v\u00e6ri fyrir l\u00f6ngu anda\u00f0ur? Og er hann var \u00feess viss af hundra\u00f0sh\u00f6f\u00f0ingjanum, gaf hann J\u00f3sep l\u00edkamann.<a name=\"46\"><span class=\"versanumer\">46<\/span><\/a>Keypti hann \u00fe\u00e1 l\u00edn, t\u00f3k l\u00edki\u00f0 ofan, og sveipa\u00f0i \u00fea\u00f0 \u00ed l\u00edninu, og lag\u00f0i \u00fea\u00f0 \u00ed grafhelli, er h\u00f6ggvinn var \u00fat \u00ed klett, velti s\u00ed\u00f0an steini fyrir hellismunnann.<a name=\"47\"><span class=\"versanumer\">47<\/span><\/a>En \u00fe\u00e6r Mar\u00eda fr\u00e1 Magd\u00f6lum og Mar\u00eda m\u00f3\u00f0ir J\u00f3sesar horf\u00f0u \u00e1, hvar l\u00edki\u00f0 var lagt.<\/p>\n<div class=\"footnoteVidey\">V. 1\u201320. sbr. Matt. 27,1.2.11\u201331. L\u00fak. 23,1\u201325. J\u00f3h. 18,28\u201340. 19,1\u201316.  V. 24. S\u00e1lm. 22,19.  V. 28. Esa. 53,12.  V. 21\u201341. sbr. Matt. 27,32\u201356. L\u00fak. 23,26\u201349. J\u00f3h. 19,17\u201337.  V. 34. S\u00e1lm. 22,2.  V. 42\u201347. sbr. Matt. 27,57\u201361. L\u00fak. 23,50\u201356. J\u00f3h. 19,38\u201342.<\/div>\n","protected":false},"excerpt":{"rendered":"<p>Jes\u00fas er \u00e1klaga\u00f0ur, d\u00e6mdur til dau\u00f0a og krossfestur; deyr og er greftra\u00f0ur. 1Strax \u00ed d\u00f6gun gj\u00f6r\u00f0u \u00feeir r\u00e1\u00f0 s\u00edn h\u00f6fu\u00f0prestarnir, \u00f6ldungarnir og hinir skriftl\u00e6r\u00f0u og allt r\u00e1\u00f0i\u00f0, bundu Jes\u00fam, f\u00e6r\u00f0u hann burt og seldu P\u00edlatusi \u00ed hendur.2P\u00edlatus spur\u00f0i hann: ert\u00fa konungur Gy\u00f0inga? hann svara\u00f0i: svo er, sem \u00fe\u00fa segir.3H\u00f6fu\u00f0prestarnir b\u00e1ru margar sakir \u00e1 hendur honum.4P\u00edlatus spur\u00f0i hann \u00fe\u00e1 aftur og sag\u00f0i: svarar \u00fe\u00fa engu? sj\u00e1 \u00fe\u00fa, hve margar sakir \u00feeir bera upp \u00e1 \u00feig!5Jes\u00fas svara\u00f0i engu or\u00f0i framar, svo a\u00f0 P\u00edlatus undra\u00f0ist.6En \u00e1 h\u00e1t\u00ed\u00f0inni var P\u00edlatus vanur a\u00f0 l\u00e1ta \u00feeim lausan bandingja \u00feann einn, er \u00feeir sj\u00e1lfir \u00e6sktu s\u00e9r;7en \u00fear <a href=\"https:\/\/biblian.is\/videy\/markusargudspjall-15-kafli\/\"> [&#8230;]<\/a><\/p>\n","protected":false},"author":1,"featured_media":0,"parent":0,"menu_order":0,"comment_status":"open","ping_status":"open","template":"bibliukaflar.php","meta":{"footnotes":""},"class_list":["post-21821","page","type-page","status-publish","hentry"],"_links":{"self":[{"href":"https:\/\/biblian.is\/videy\/wp-json\/wp\/v2\/pages\/21821","targetHints":{"allow":["GET"]}}],"collection":[{"href":"https:\/\/biblian.is\/videy\/wp-json\/wp\/v2\/pages"}],"about":[{"href":"https:\/\/biblian.is\/videy\/wp-json\/wp\/v2\/types\/page"}],"author":[{"embeddable":true,"href":"https:\/\/biblian.is\/videy\/wp-json\/wp\/v2\/users\/1"}],"replies":[{"embeddable":true,"href":"https:\/\/biblian.is\/videy\/wp-json\/wp\/v2\/comments?post=21821"}],"version-history":[{"count":0,"href":"https:\/\/biblian.is\/videy\/wp-json\/wp\/v2\/pages\/21821\/revisions"}],"wp:attachment":[{"href":"https:\/\/biblian.is\/videy\/wp-json\/wp\/v2\/media?parent=21821"}],"curies":[{"name":"wp","href":"https:\/\/api.w.org\/{rel}","templated":true}]}}