{"id":21820,"date":"2018-01-02T01:04:15","date_gmt":"2018-01-02T01:04:15","guid":{"rendered":"http:\/\/biblian.is\/videy\/markusargudspjall-14-kafli\/"},"modified":"2018-01-02T01:04:15","modified_gmt":"2018-01-02T01:04:15","slug":"markusargudspjall-14-kafli","status":"publish","type":"page","link":"https:\/\/biblian.is\/videy\/markusargudspjall-14-kafli\/","title":{"rendered":"Mark\u00fasargu\u00f0spjall 14. kafli"},"content":{"rendered":"<div class=\"fyrirsognVidey\">H\u00f6fu\u00f0prestarnir leitast vi\u00f0 a\u00f0 fyrirkoma Jes\u00fa; kona nokkur smyr hann, Jes\u00fas innsetur kv\u00f6ldm\u00e1lt\u00ed\u00f0ina, fyrirsegir P\u00e9turs hr\u00f6sun, Jes\u00fa \u00fej\u00e1ning \u00ed grasgar\u00f0inum; svik J\u00fadasar; Jes\u00fas handtekinn; l\u00e6risveinarnir fl\u00fdja, Jes\u00fas er leiddur til h\u00f6fu\u00f0prestsins; hans me\u00f0kenning fyrir honum; hann ford\u00e6mist, me\u00f0h\u00f6ndlast illa, P\u00e9turs hr\u00f6sun.<\/div>\n<p><a name=\"1\"><span class=\"versanumer\">1<\/span><\/a>Tveimur d\u00f6gum h\u00e9r eftir var p\u00e1skah\u00e1t\u00ed\u00f0, h\u00e1t\u00ed\u00f0 hinna \u00f3s\u00fdr\u00f0u brau\u00f0a <span class='VideyAth'>a)<\/span>; \u00fe\u00e1 leitu\u00f0ust \u00feeir \u00e6\u00f0stu prestar og skriftl\u00e6r\u00f0ir vi\u00f0, hv\u00f6rninn \u00feeir g\u00e6tu fanga\u00f0 hann me\u00f0 svikum, og r\u00e1\u00f0i\u00f0 hann af d\u00f6gum;<a name=\"2\"><span class=\"versanumer\">2<\/span><\/a>s\u00f6g\u00f0u samt: ekki \u00e1 h\u00e1t\u00ed\u00f0inni, svo ekki r\u00edsi \u00f3r\u00f3i milli al\u00fe\u00fd\u00f0unnar.<br \/><a name=\"3\"><span class=\"versanumer\">3<\/span><\/a>N\u00fa er hann var undir bor\u00f0um \u00ed Betan\u00eda \u00ed h\u00fasi S\u00edmonar l\u00edk\u00fer\u00e1a, kom \u00fear kona nokkur, sem haf\u00f0i smyrslafl\u00f6sku \u00far alabastri, fulla me\u00f0 d\u00fdrm\u00e6ta, \u00f3menga\u00f0a nardusol\u00edu; h\u00fan braut fl\u00f6skuna og hellti ol\u00edunni yfir h\u00f6fu\u00f0 honum.<a name=\"4\"><span class=\"versanumer\">4<\/span><\/a>\u00deetta f\u00e9ll sumum illa \u00ed skap, og s\u00f6g\u00f0u: \u00fev\u00ed er \u00feessum smyrslum spillt?<a name=\"5\"><span class=\"versanumer\">5<\/span><\/a>\u00deau hef\u00f0i m\u00e1tt selja fyrir meir en 300 peninga og gefa f\u00e1t\u00e6kum; og t\u00f3ku \u00feeir a\u00f0 \u00e1saka hana h\u00e9r fyrir.<a name=\"6\"><span class=\"versanumer\">6<\/span><\/a>Jes\u00fas m\u00e6lti: l\u00e1ti\u00f0 hana \u00ed fri\u00f0i! \u00fev\u00ed amist \u00fe\u00e9r vi\u00f0 henni? vel gj\u00f6r\u00f0i h\u00fan til m\u00edn.<a name=\"7\"><span class=\"versanumer\">7<\/span><\/a>F\u00e1t\u00e6ka hafi\u00f0 \u00fe\u00e9r \u00e6t\u00ed\u00f0 hj\u00e1 y\u00f0ur, og kunni\u00f0 a\u00f0 gj\u00f6ra \u00feeim gott, n\u00e6r \u00fe\u00e9r vilji\u00f0, en mig hafi\u00f0 \u00fe\u00e9r ekki \u00e6t\u00ed\u00f0 hj\u00e1 y\u00f0ur.<a name=\"8\"><span class=\"versanumer\">8<\/span><\/a>H\u00fan gj\u00f6r\u00f0i hva\u00f0 \u00ed hennar valdi st\u00f3\u00f0; h\u00fan hefir fyrifram smurt l\u00edkama minn til greftrunar;<a name=\"9\"><span class=\"versanumer\">9<\/span><\/a>tr\u00fai\u00f0 m\u00e9r! hvar helst \u00ed \u00f6llum heimi, sem gle\u00f0ibo\u00f0skapurinn ver\u00f0ur bo\u00f0a\u00f0ur, mun \u00feess og geti\u00f0, sem h\u00fan gj\u00f6r\u00f0i, henni til hr\u00f3ss.<br \/><a name=\"10\"><span class=\"versanumer\">10<\/span><\/a>S\u00ed\u00f0an f\u00f3r J\u00fadas fr\u00e1 Kar\u00edot, einn af \u00feeim t\u00f3lf, til enna \u00e6\u00f0stu presta, til \u00feess hann k\u00e6mi honum me\u00f0 svikum \u00e1 \u00feeirra vald;<a name=\"11\"><span class=\"versanumer\">11<\/span><\/a>vi\u00f0 \u00feetta ur\u00f0u \u00feeir gla\u00f0ir, og h\u00e9tu honum f\u00e9, en hann leita\u00f0i, hv\u00f6rninn hann \u00e1 hentugastan h\u00e1tt g\u00e6ti sviki\u00f0 Jes\u00fam.<br \/><a name=\"12\"><span class=\"versanumer\">12<\/span><\/a>\u00c1 fyrsta h\u00e1t\u00ed\u00f0ar degi hinna \u00f3s\u00fdr\u00f0u brau\u00f0a, \u00e1 hv\u00f6rjum p\u00e1skalambinu \u00e1tti a\u00f0 sl\u00e1tra, spur\u00f0u l\u00e6risveinar Jes\u00fa hann um: hvar hann vildi \u00feeir matreiddu honum p\u00e1skalambi\u00f0?<a name=\"13\"><span class=\"versanumer\">13<\/span><\/a>\u00de\u00e1 sendi hann tvo af \u00feeim og sag\u00f0i: fari\u00f0 \u00fe\u00e9r \u00ed borgina, \u00fear munu\u00f0 \u00fe\u00e9r m\u00e6ta mani, sem ber vatnskr\u00fas, fylgi\u00f0 honum,<a name=\"14\"><span class=\"versanumer\">14<\/span><\/a>og segi\u00f0 r\u00e1\u00f0anda \u00feess h\u00fas, sem hann gengur inn \u00ed, a\u00f0 L\u00e6rimeistarinn spyrji: hvar a\u00f0 s\u00e9 \u00fea\u00f0 herbergi, hvar hann geti neytt p\u00e1skalambsins me\u00f0 l\u00e6risveinum s\u00ednum?<a name=\"15\"><span class=\"versanumer\">15<\/span><\/a>og mun hann \u00fear s\u00fdna y\u00f0ur st\u00f3ran loftsal me\u00f0 uppb\u00fanum bekkjum; b\u00fai\u00f0 \u00fe\u00e9r \u00fear oss til matar.<a name=\"16\"><span class=\"versanumer\">16<\/span><\/a>\u00deeir f\u00f3ru, sem \u00feeim var bo\u00f0i\u00f0, komu \u00ed borgina, fundu allt eins og hann haf\u00f0i sagt \u00feeim, og matbjuggu \u00fear p\u00e1skalambi\u00f0.<a name=\"17\"><span class=\"versanumer\">17<\/span><\/a>Um kv\u00f6ldi\u00f0 kom hann sj\u00e1lfur me\u00f0 \u00feeim t\u00f3lf.<a name=\"18\"><span class=\"versanumer\">18<\/span><\/a>\u00deegar \u00feeir voru komnir undir bor\u00f0, og teknir til matar, m\u00e6lti Jes\u00fas: sannlega segi eg y\u00f0ur: einn af y\u00f0ur, sem n\u00fa er a\u00f0 mat me\u00f0 m\u00e9r, mun sv\u00edkja mig.<a name=\"19\"><span class=\"versanumer\">19<\/span><\/a>Vi\u00f0 \u00feetta ur\u00f0u \u00feeir hryggvir, og spur\u00f0u hann einn eftir annan,<a name=\"20\"><span class=\"versanumer\">20<\/span><\/a>hv\u00f6rt hann meinti \u00feetta til s\u00edn? hann svara\u00f0i: \u00fea\u00f0 er einn af \u00feeim t\u00f3lf, sem d\u00fdfir me\u00f0 m\u00e9r \u00ed sama fat;<a name=\"21\"><span class=\"versanumer\">21<\/span><\/a>Mannsins Sonur mun a\u00f0 v\u00edsu l\u00e1ta l\u00edf sitt, eins og sp\u00e1\u00f0 er um hann, en vei \u00feeim, sem sv\u00edkur hann; betra v\u00e6ri honum a\u00f0 hann aldrei v\u00e6ri f\u00e6ddur.<a name=\"22\"><span class=\"versanumer\">22<\/span><\/a>Me\u00f0an \u00feeir enn \u00fe\u00e1 voru undir bor\u00f0um, t\u00f3k Jes\u00fas brau\u00f0i\u00f0, gj\u00f6r\u00f0i Gu\u00f0i \u00feakkir, braut \u00fea\u00f0, r\u00e9tti a\u00f0 \u00feeim, og m\u00e6lti: taki\u00f0 \u00fe\u00e9r vi\u00f0, \u00feetta er minn l\u00edkami.<a name=\"23\"><span class=\"versanumer\">23<\/span><\/a>S\u00ed\u00f0an t\u00f3k hann bikarinn, gj\u00f6r\u00f0i Gu\u00f0i \u00feakkir, og f\u00e9kk \u00feeim hann, og \u00feeir drukku allir af honum;<a name=\"24\"><span class=\"versanumer\">24<\/span><\/a>\u00fe\u00e1 sag\u00f0i hann vi\u00f0 \u00fe\u00e1: \u00feetta er mitt bl\u00f3\u00f0, bl\u00f3\u00f0 hins n\u00fdja s\u00e1ttm\u00e1la, sem fyrir marga ver\u00f0ur \u00fathellt;<a name=\"25\"><span class=\"versanumer\">25<\/span><\/a>eg segi y\u00f0ur \u00fea\u00f0 satt, a\u00f0 h\u00e9\u00f0an \u00ed fr\u00e1 mun eg ekki af v\u00ednvi\u00f0ar\u00e1vexti drekka, til \u00feess dags, er eg drekk af annarskonar \u00e1vexti \u00ed Gu\u00f0s r\u00edki.<br \/><a name=\"26\"><span class=\"versanumer\">26<\/span><\/a>\u00deegar \u00feeir h\u00f6f\u00f0u sungi\u00f0 lofs\u00f6nginn, f\u00f3ru \u00feeir til Vi\u00f0smj\u00f6rsfjallsins;<a name=\"27\"><span class=\"versanumer\">27<\/span><\/a>\u00e1 veginum m\u00e6lti Jes\u00fas: \u00ed n\u00f3tt munu\u00f0 \u00fe\u00e9r allir yfirgefa mig, eins og sagt er \u00ed Ritningunum: \u201en\u00e6r eg dey\u00f0i hir\u00f0irinn, \u00fe\u00e1 munu sau\u00f0irnir tv\u00edstrast\u201c;<a name=\"28\"><span class=\"versanumer\">28<\/span><\/a>en eftir m\u00edna upprisu mun eg ver\u00f0a kominn \u00e1 undan y\u00f0ur til Gal\u00edleu.<a name=\"29\"><span class=\"versanumer\">29<\/span><\/a>\u00de\u00e1 sag\u00f0i P\u00e9tur: \u00fe\u00f3tt allir yfirgefi \u00feig, \u00fe\u00e1 skal eg samt aldrei yfirgefa \u00feig!<a name=\"30\"><span class=\"versanumer\">30<\/span><\/a>Jes\u00fas m\u00e6lti: tr\u00fa \u00fe\u00fa m\u00e9r! n\u00fa \u00ed n\u00f3tt, \u00e1\u00f0ur en haninn hefir gala\u00f0 tvisvar, munt\u00fa \u00ferisvar hafa afneita\u00f0 m\u00e9r.<a name=\"31\"><span class=\"versanumer\">31<\/span><\/a>En hann kva\u00f0 enn frekar a\u00f0, og m\u00e6lti: \u00fe\u00f3tt eg \u00e6tti a\u00f0 l\u00e1ta l\u00edf mitt me\u00f0 \u00fe\u00e9r, skyldi eg \u00fe\u00f3 aldrei afneita \u00fe\u00e9r; eins s\u00f6g\u00f0u allir l\u00e6risveinarnir.<br \/><a name=\"32\"><span class=\"versanumer\">32<\/span><\/a>En er \u00feeir komu \u00ed \u00feann sta\u00f0, er heitir Getsemane, ba\u00f0 hann l\u00e6risveina s\u00edna b\u00ed\u00f0a \u00fear, \u00e1 me\u00f0an hann v\u00e6ri \u00e1 b\u00e6n.<a name=\"33\"><span class=\"versanumer\">33<\/span><\/a>Hann t\u00f3k \u00fe\u00e1 me\u00f0 s\u00e9r P\u00e9tur, Jakob og J\u00f3hannes, og t\u00f3k \u00e1kaflega a\u00f0 hryggjast og harm\u00ferunginn a\u00f0 ver\u00f0a.<a name=\"34\"><span class=\"versanumer\">34<\/span><\/a>\u00de\u00e1 sag\u00f0i hann til \u00feeirra: eg em \u00ed dau\u00f0ans angist; b\u00ed\u00f0i\u00f0 h\u00e9r og vaki\u00f0.<a name=\"35\"><span class=\"versanumer\">35<\/span><\/a>\u00de\u00e1 gekk hann l\u00edti\u00f0 lengra \u00e1fram, f\u00e9ll til jar\u00f0ar og ba\u00f0, a\u00f0 \u00feessi harmastund m\u00e6tti hj\u00e1 s\u00e9r l\u00ed\u00f0a, ef \u00feess v\u00e6ri kostur.<a name=\"36\"><span class=\"versanumer\">36<\/span><\/a>Fa\u00f0ir minn! sag\u00f0i hann, alls ert\u00fa m\u00e1ttugur, l\u00e1t \u00feenna bikar v\u00edkja fr\u00e1 m\u00e9r; \u00fe\u00f3 ekki sem eg vil, heldur sem \u00fe\u00fa vilt.<a name=\"37\"><span class=\"versanumer\">37<\/span><\/a>\u00de\u00e1 kom hann aftur til \u00feeirra, fann hann \u00fe\u00e1 sofandi; \u00fe\u00e1 sag\u00f0i hann til P\u00e9turs: S\u00edmon! sefur \u00fe\u00fa? gast\u00fa ekki vaka\u00f0 um eina stund?<a name=\"38\"><span class=\"versanumer\">38<\/span><\/a>Vaki\u00f0 og bi\u00f0ji\u00f0, a\u00f0 \u00fe\u00e9r falli\u00f0 ekki \u00ed freistni; andinn er a\u00f0 s\u00f6nnu rei\u00f0ub\u00fainn, en holdi\u00f0 er veikt.<a name=\"39\"><span class=\"versanumer\">39<\/span><\/a>\u00cd \u00f6\u00f0ru sinni f\u00f3r hann burtu, og gj\u00f6r\u00f0i b\u00e6n s\u00edna og tala\u00f0i enum s\u00f6mu or\u00f0um.<a name=\"40\"><span class=\"versanumer\">40<\/span><\/a>Og \u00fe\u00e1 er hann kom aftur, fann hann \u00fe\u00e1 aftur sofandi, og voru \u00feeir svo yfirkomnir af svefn\u00feunga, a\u00f0 \u00feeir ekki vissu, hv\u00f6rju \u00feeir sv\u00f6ru\u00f0u honum.<a name=\"41\"><span class=\"versanumer\">41<\/span><\/a>\u00deri\u00f0ja sinn kom hann til \u00feeirra, og sag\u00f0i: sofi\u00f0 n\u00fa \u00fea\u00f0 eftir er, og hv\u00edlist! \u00fea\u00f0 er n\u00f3g\u2014n\u00fa er t\u00edminn kominn; sj\u00e1! Mannsins Sonur mun framseldur ver\u00f0a \u00e1 vald vondum m\u00f6nnum.<a name=\"42\"><span class=\"versanumer\">42<\/span><\/a>Standi\u00f0 upp, f\u00f6rum h\u00e9\u00f0an; s\u00e1 er \u00ed n\u00e1nd, er mig sv\u00edkur.<a name=\"43\"><span class=\"versanumer\">43<\/span><\/a>Jafnskj\u00f3tt, er hann var \u00feetta a\u00f0 tala, kom J\u00fadas, er var einn af \u00feeim t\u00f3lf l\u00e6risveinum, og me\u00f0 honum fj\u00f6ldi mann, b\u00fanir sver\u00f0um og bareflum, sendir fr\u00e1 h\u00f6fu\u00f0prestunum og \u00feeim skriftl\u00e6r\u00f0u og \u00f6ldungunum.<a name=\"44\"><span class=\"versanumer\">44<\/span><\/a>Svikarinn haf\u00f0i sagt \u00feeim \u00feetta til marks: s\u00e1, sem eg kyssi, hann er Jes\u00fas; handtaki\u00f0 hann og lei\u00f0i\u00f0 \u00e1 burt vareyg\u00f0arlega.<a name=\"45\"><span class=\"versanumer\">45<\/span><\/a>Og er hann kom, gekk hann \u00feegar a\u00f0 Jes\u00fa, og segir: Meistari, Meistari; og minntist vi\u00f0 hann.<a name=\"46\"><span class=\"versanumer\">46<\/span><\/a>En hinir l\u00f6g\u00f0u hendur \u00e1 hann og t\u00f3ku hann.<a name=\"47\"><span class=\"versanumer\">47<\/span><\/a>En einn af \u00feeim sem hj\u00e1 st\u00f3\u00f0u, br\u00e1 sver\u00f0i og hj\u00f3 \u00e1 eyra \u00fej\u00f3nustumanni hins \u00e6\u00f0sta prests, svo aft\u00f3k.<a name=\"48\"><span class=\"versanumer\">48<\/span><\/a>\u00de\u00e1 t\u00f3k Jes\u00fas til or\u00f0a og m\u00e6lti til \u00feeirra: \u00fe\u00e9r eru\u00f0 \u00fatfarnir me\u00f0 sver\u00f0um og bareflum til a\u00f0 handtaka mig, sem v\u00e6ri eg r\u00e1nsma\u00f0ur.<a name=\"49\"><span class=\"versanumer\">49<\/span><\/a>Dagsdaglega kenndi eg \u00ed musterinu hj\u00e1 y\u00f0ur, og handt\u00f3ku\u00f0 \u00fe\u00e9r mig samt ekki; en \u00feetta er ske\u00f0 svo sp\u00e1d\u00f3marnir r\u00e6ttust.<a name=\"50\"><span class=\"versanumer\">50<\/span><\/a>\u00de\u00e1 yfirg\u00e1fu hann allir l\u00e6risveinarnir, og fl\u00fd\u00f0u.<a name=\"51\"><span class=\"versanumer\">51<\/span><\/a>Ma\u00f0ur nokkur ungur fylgdist me\u00f0 honum, hann haf\u00f0i l\u00edn eitt kl\u00e6\u00f0a \u00e1 berum s\u00e9r;<a name=\"52\"><span class=\"versanumer\">52<\/span><\/a>og er flokks mennirnir vildu handtaka hann, kasta\u00f0i hann l\u00ednkl\u00e6\u00f0inu, og fl\u00fd\u00f0i nakinn \u00ed burtu fr\u00e1 \u00feeim.<br \/><a name=\"53\"><span class=\"versanumer\">53<\/span><\/a>S\u00ed\u00f0an leiddu \u00feeir Jes\u00fam til h\u00f6fu\u00f0prestsins, og \u00feanga\u00f0 s\u00f6fnu\u00f0ust allir hinir \u00e6\u00f0stu prestar og \u00f6ldungar og hinir skriftl\u00e6r\u00f0u.<a name=\"54\"><span class=\"versanumer\">54<\/span><\/a>P\u00e9tur fylgdi honum \u00e1lengdar, allt inn \u00ed gar\u00f0 h\u00f6fu\u00f0prestsins, settist \u00fear hj\u00e1 \u00fej\u00f3nustum\u00f6nnunum, og orna\u00f0i s\u00e9r vi\u00f0 eldinn.<a name=\"55\"><span class=\"versanumer\">55<\/span><\/a>En h\u00f6fu\u00f0prestarnir og allt \u00fea\u00f0 mikla r\u00e1\u00f0 leita\u00f0i vitna gegn Jes\u00fa, a\u00f0 \u00feeir kynnu a\u00f0 d\u00e6ma hann til dau\u00f0a, en fundu ekkert sakn\u00e6mt um hann;<a name=\"56\"><span class=\"versanumer\">56<\/span><\/a>\u00fev\u00ed \u00fe\u00f3 margir b\u00e6ru lj\u00fagvitni gegn honum, ur\u00f0u \u00fe\u00f3 vitnisbur\u00f0ir \u00feeirra ekki samhlj\u00f3\u00f0a.<a name=\"57\"><span class=\"versanumer\">57<\/span><\/a>Nokkrir st\u00f3\u00f0u upp og b\u00e1ru \u00fea\u00f0 lj\u00fagvitni:<a name=\"58\"><span class=\"versanumer\">58<\/span><\/a>v\u00e9r heyr\u00f0um hann segja: eg skal brj\u00f3ta ni\u00f0ur \u00feetta musteri, er me\u00f0 h\u00f6ndum er gj\u00f6rt, og innan \u00feriggja daga byggja upp anna\u00f0 musteri, \u00fea\u00f0 ekki er me\u00f0 h\u00f6ndum gj\u00f6rt.<a name=\"59\"><span class=\"versanumer\">59<\/span><\/a>En ekki heldur var\u00f0 vitnisbur\u00f0ur \u00feeirra samhlj\u00f3\u00f0a \u00ed \u00feessu.<a name=\"60\"><span class=\"versanumer\">60<\/span><\/a>\u00de\u00e1 gekk h\u00f6fu\u00f0presturinn fram og spur\u00f0i Jes\u00fam: svarar \u00fe\u00fa engu? hv\u00edl\u00edk st\u00f3rm\u00e6li bera \u00feessir \u00e1 hendur \u00fe\u00e9r?<a name=\"61\"><span class=\"versanumer\">61<\/span><\/a>en hann \u00feag\u00f0i og svara\u00f0i engu or\u00f0i. H\u00f6fu\u00f0presturinn spur\u00f0i hann \u00fe\u00e1 enn aftur: ert\u00fa Kristur Sonur hins blessa\u00f0a.<a name=\"62\"><span class=\"versanumer\">62<\/span><\/a>Jes\u00fas svara\u00f0i: eg em hann; og \u00fe\u00e9r munu\u00f0 sj\u00e1 Mannsins Son sitjanda til h\u00e6gri handar \u00feeim Alvalda og komanda \u00ed sk\u00fdjum himins.<a name=\"63\"><span class=\"versanumer\">63<\/span><\/a>\u00de\u00e1 reif h\u00f6fu\u00f0presturinn kl\u00e6\u00f0i s\u00edn og m\u00e6lti: hva\u00f0 \u00feurfum v\u00e9r n\u00fa framar vitna vi\u00f0?<a name=\"64\"><span class=\"versanumer\">64<\/span><\/a>\u00de\u00e9r heyr\u00f0u\u00f0 hans gu\u00f0l\u00f6stun, hva\u00f0 l\u00edst y\u00f0ur? en \u00feeir kv\u00e1\u00f0u hann allir dau\u00f0asekan.<a name=\"65\"><span class=\"versanumer\">65<\/span><\/a>\u00de\u00e1 hr\u00e6ktu sumir \u00e1 hann, huldu hans \u00e1sj\u00f3nu, sl\u00f3gu hann me\u00f0 hnefum og s\u00f6g\u00f0u: sp\u00e1\u00f0u n\u00fa! l\u00edka sl\u00f3gu \u00fej\u00f3narnir hann hnefah\u00f6ggum.<br \/><a name=\"66\"><span class=\"versanumer\">66<\/span><\/a>Me\u00f0an P\u00e9tur var ni\u00f0ri \u00ed forgar\u00f0inum, kom ein af \u00feernum h\u00f6fu\u00f0prestsins,<a name=\"67\"><span class=\"versanumer\">67<\/span><\/a>og \u00fe\u00e1 h\u00fan s\u00e1, hvar P\u00e9tur var a\u00f0 orna s\u00e9r, leit h\u00fan vi\u00f0 honum, og m\u00e6lti: \u00fe\u00fa munt vera einn af l\u00e6risveinum Jes\u00fa na\u00f0verska?<a name=\"68\"><span class=\"versanumer\">68<\/span><\/a>En hann bar \u00e1 m\u00f3ti \u00fev\u00ed, og sag\u00f0i: eg veit ekki og skil ekki, hva\u00f0 \u00fe\u00fa segir. Gekk hann \u00fe\u00e1 \u00fat \u00ed forgar\u00f0inn, og \u00fe\u00e1 g\u00f3l haninn.<a name=\"69\"><span class=\"versanumer\">69<\/span><\/a>\u00deernan s\u00e1 hann \u00fe\u00e1 aftur, og sag\u00f0i vi\u00f0 \u00fe\u00e1, sem hj\u00e1 st\u00f3\u00f0u: \u00feessi er einn af \u00feeim; en hann neita\u00f0i aftur.<a name=\"70\"><span class=\"versanumer\">70<\/span><\/a>Sk\u00f6mmu s\u00ed\u00f0ar s\u00f6g\u00f0u \u00feeir, er \u00fear v\u00f3ru, vi\u00f0 P\u00e9tur: v\u00edst ert\u00fa einn af \u00feeim; \u00fev\u00ed m\u00e1lf\u00e6ri \u00feitt er \u00fev\u00ed l\u00edkast, sem \u00fe\u00fa v\u00e6rir Gal\u00edleari.<a name=\"71\"><span class=\"versanumer\">71<\/span><\/a>\u00de\u00e1 t\u00f3k hann a\u00f0 sverja og s\u00e1rt vi\u00f0 leggja, a\u00f0 ekki b\u00e6ri hann kennsl \u00e1 \u00feenna mann, er \u00feeir t\u00f6lu\u00f0u um.<a name=\"72\"><span class=\"versanumer\">72<\/span><\/a>\u00de\u00e1 g\u00f3l haninn anna\u00f0 sinn. \u00de\u00e1 minntist P\u00e9tur \u00feess, er Jes\u00fas haf\u00f0i sagt vi\u00f0 hann, a\u00f0 \u00e1\u00f0ur en haninn gala\u00f0i tvisvar, mundi hann afneita s\u00e9r \u00ferisvar; fl\u00fdtti hann s\u00e9r \u00fe\u00e1 \u00fat, og gr\u00e9t.<\/p>\n<div class=\"footnoteVidey\">V. 1\u201311. sbr. Matt. 26,1\u201316. L\u00fak. 22,1\u20136. J\u00f3h. 12,1\u20138.  V. 1. a. 2 M\u00f3s. 12,15.  V. 13\u201325. sbr. Matt. 26,16\u201329. L\u00fak. 22,7\u201318.  V. 18\u201321. sbr. J\u00f3h. 13,21\u201327. 1 Kor. 11,23\u201325.  V. 18. sbr. S\u00e1lm. 41,10.  V. 25. sbr. L\u00fak. 22,29.30.  V. 26\u201342. sbr. Matt. 26,30\u201346. L\u00fak. 22,39\u201346. J\u00f3h. 18,1.  V. 27. Sakk. 13,7.  V. 43\u201352. sbr. Matt. 26,47. L\u00fak. 22,47\u201353. J\u00f3h. 18,3\u201311.  V. 53\u201365. sbr. Matt. 26,47\u201358. L\u00fak. 22,54.63\u201371. J\u00f3h. 18,12\u201316.19\u201323.  V. 58. sbr. J\u00f3h. 2,19\u201321.  V. 62. Dan. 7,13.  V. 63. 3 M\u00f3s. 10,6.  V. 66\u201372. sbr. Matt. 26,69\u201372. L\u00fak. 22,55\u201362. J\u00f3h. 18,15\u201318.24\u201327.<\/div>\n","protected":false},"excerpt":{"rendered":"<p>H\u00f6fu\u00f0prestarnir leitast vi\u00f0 a\u00f0 fyrirkoma Jes\u00fa; kona nokkur smyr hann, Jes\u00fas innsetur kv\u00f6ldm\u00e1lt\u00ed\u00f0ina, fyrirsegir P\u00e9turs hr\u00f6sun, Jes\u00fa \u00fej\u00e1ning \u00ed grasgar\u00f0inum; svik J\u00fadasar; Jes\u00fas handtekinn; l\u00e6risveinarnir fl\u00fdja, Jes\u00fas er leiddur til h\u00f6fu\u00f0prestsins; hans me\u00f0kenning fyrir honum; hann ford\u00e6mist, me\u00f0h\u00f6ndlast illa, P\u00e9turs hr\u00f6sun. 1Tveimur d\u00f6gum h\u00e9r eftir var p\u00e1skah\u00e1t\u00ed\u00f0, h\u00e1t\u00ed\u00f0 hinna \u00f3s\u00fdr\u00f0u brau\u00f0a a); \u00fe\u00e1 leitu\u00f0ust \u00feeir \u00e6\u00f0stu prestar og skriftl\u00e6r\u00f0ir vi\u00f0, hv\u00f6rninn \u00feeir g\u00e6tu fanga\u00f0 hann me\u00f0 svikum, og r\u00e1\u00f0i\u00f0 hann af d\u00f6gum;2s\u00f6g\u00f0u samt: ekki \u00e1 h\u00e1t\u00ed\u00f0inni, svo ekki r\u00edsi \u00f3r\u00f3i milli al\u00fe\u00fd\u00f0unnar.3N\u00fa er hann var undir bor\u00f0um \u00ed Betan\u00eda \u00ed h\u00fasi S\u00edmonar l\u00edk\u00fer\u00e1a, kom \u00fear kona nokkur, sem haf\u00f0i smyrslafl\u00f6sku <a href=\"https:\/\/biblian.is\/videy\/markusargudspjall-14-kafli\/\"> [&#8230;]<\/a><\/p>\n","protected":false},"author":1,"featured_media":0,"parent":0,"menu_order":0,"comment_status":"open","ping_status":"open","template":"bibliukaflar.php","meta":{"footnotes":""},"class_list":["post-21820","page","type-page","status-publish","hentry"],"_links":{"self":[{"href":"https:\/\/biblian.is\/videy\/wp-json\/wp\/v2\/pages\/21820","targetHints":{"allow":["GET"]}}],"collection":[{"href":"https:\/\/biblian.is\/videy\/wp-json\/wp\/v2\/pages"}],"about":[{"href":"https:\/\/biblian.is\/videy\/wp-json\/wp\/v2\/types\/page"}],"author":[{"embeddable":true,"href":"https:\/\/biblian.is\/videy\/wp-json\/wp\/v2\/users\/1"}],"replies":[{"embeddable":true,"href":"https:\/\/biblian.is\/videy\/wp-json\/wp\/v2\/comments?post=21820"}],"version-history":[{"count":0,"href":"https:\/\/biblian.is\/videy\/wp-json\/wp\/v2\/pages\/21820\/revisions"}],"wp:attachment":[{"href":"https:\/\/biblian.is\/videy\/wp-json\/wp\/v2\/media?parent=21820"}],"curies":[{"name":"wp","href":"https:\/\/api.w.org\/{rel}","templated":true}]}}