{"id":21818,"date":"2018-01-02T01:04:15","date_gmt":"2018-01-02T01:04:15","guid":{"rendered":"http:\/\/biblian.is\/videy\/markusargudspjall-12-kafli\/"},"modified":"2018-01-02T01:04:15","modified_gmt":"2018-01-02T01:04:15","slug":"markusargudspjall-12-kafli","status":"publish","type":"page","link":"https:\/\/biblian.is\/videy\/markusargudspjall-12-kafli\/","title":{"rendered":"Mark\u00fasargu\u00f0spjall 12. kafli"},"content":{"rendered":"<div class=\"fyrirsognVidey\">Jes\u00fas talar um v\u00edngar\u00f0; um skatt; um upprisuna; um l\u00f6gm\u00e1li\u00f0; um sj\u00e1lfan sig; um gj\u00f6f ekkjunnar.<\/div>\n<p><a name=\"1\"><span class=\"versanumer\">1<\/span><\/a>\u00de\u00e1 sag\u00f0i hann d\u00e6mis\u00f6gu \u00feessa: ma\u00f0ur nokkur planta\u00f0i v\u00edngar\u00f0, og hl\u00f3\u00f0 gar\u00f0 um hann; \u00fear gj\u00f6r\u00f0i hann v\u00ednpressu og bygg\u00f0i \u00fear turn; s\u00ed\u00f0an leig\u00f0i hann v\u00edngar\u00f0inn v\u00edngar\u00f0sm\u00f6nnum, og f\u00f3r \u00far landi.<a name=\"2\"><span class=\"versanumer\">2<\/span><\/a>\u00deegar t\u00edmi var til, sendi hann \u00fej\u00f3n sinn til v\u00edngar\u00f0smannanna, til a\u00f0 veita \u00feeim hluta \u00e1vaxtarins m\u00f3tt\u00f6ku, er hann haf\u00f0i \u00e1skili\u00f0 s\u00e9r;<a name=\"3\"><span class=\"versanumer\">3<\/span><\/a>hann t\u00f3ku \u00feeir h\u00f6ndum, b\u00f6r\u00f0u hann, og sendu aftur t\u00f3mhentan.<a name=\"4\"><span class=\"versanumer\">4<\/span><\/a>\u00de\u00e1 sendi h\u00fasb\u00f3ndinn annan \u00fej\u00f3n til \u00feeirra; \u00feenna b\u00f6r\u00f0u \u00feeir grj\u00f3ti, s\u00e6r\u00f0u hann \u00e1 h\u00f6f\u00f0i, l\u00f6g\u00f0u honum h\u00e1\u00f0ungar til, og l\u00e9tu hann svo fara.<a name=\"5\"><span class=\"versanumer\">5<\/span><\/a>Enn \u00fe\u00e1 sendi hann \u00feann \u00feri\u00f0ja \u00fej\u00f3n til \u00feeirra; hann myrtu \u00feeir. Marga fleiri sendi hann, en suma af \u00feeim b\u00f6r\u00f0u \u00feeir, en suma dr\u00e1pu \u00feeir.<a name=\"6\"><span class=\"versanumer\">6<\/span><\/a>En \u00fe\u00e1 \u00e1tti hann eftir einn einkason, hv\u00f6rjum hann unni mj\u00f6g; \u00feenna sendi hann seinast til \u00feeirra, og sag\u00f0i \u00feeir mundu \u00fe\u00f3 bera vir\u00f0ingu fyrir syni s\u00ednum;<a name=\"7\"><span class=\"versanumer\">7<\/span><\/a>en v\u00edngar\u00f0smennirnir t\u00f3ku r\u00e1\u00f0 s\u00edn saman, og m\u00e6ltu s\u00edn \u00e1 milli: \u00feessi er s\u00e1, sem erfa skal v\u00edngar\u00f0inn, t\u00f6kum hann af l\u00edfi, svo ver\u00f0ur arfurinn vor.<a name=\"8\"><span class=\"versanumer\">8<\/span><\/a>S\u00ed\u00f0an t\u00f3ku \u00feeir hann h\u00f6ndum, myrtu hann, og k\u00f6stu\u00f0u honum \u00fat fyrir v\u00edngar\u00f0inn.<a name=\"9\"><span class=\"versanumer\">9<\/span><\/a>Hva\u00f0 \u00e6tli\u00f0 \u00fe\u00e9r, a\u00f0 eigandi v\u00edngar\u00f0sins muni gj\u00f6ra? hann mun koma og fyrirfara v\u00edngar\u00f0sm\u00f6nnunum, og leigja v\u00edngar\u00f0 sinn \u00f6\u00f0rum.<a name=\"10\"><span class=\"versanumer\">10<\/span><\/a>Hafi\u00f0 \u00fe\u00e9r ekki lesi\u00f0 \u00fea\u00f0: s\u00e1 steinn, er h\u00fasasmi\u00f0irnir \u00fatsk\u00fafu\u00f0u, hann er n\u00fa hornsteinn or\u00f0inn,<a name=\"11\"><span class=\"versanumer\">11<\/span><\/a>af Gu\u00f0i er hann \u00fear til kj\u00f6rinn, \u00fe\u00f3tt oss undarlegt \u00feyki.<a name=\"12\"><span class=\"versanumer\">12<\/span><\/a>\u00de\u00e1 vildu \u00feeir leggja hendur \u00e1 hann, en \u00feor\u00f0u \u00fea\u00f0 ekki fyrir al\u00fe\u00fd\u00f0unni, \u00fev\u00ed \u00feeir skildu, a\u00f0 hann sag\u00f0i d\u00e6mis\u00f6gu \u00feessa upp \u00e1 \u00fe\u00e1; \u00feeir yfirg\u00e1fu hann \u00fev\u00ed og gengu \u00e1 burt. <br \/><a name=\"13\"><span class=\"versanumer\">13<\/span><\/a>Eftir \u00feetta sendu \u00feeir til hans nokkra af far\u00edseum og m\u00f6nnum Her\u00f3desar er leitast skyldu vi\u00f0 a\u00f0 f\u00e1 \u00e1 or\u00f0um hans.<a name=\"14\"><span class=\"versanumer\">14<\/span><\/a>\u00deeir spur\u00f0u hann \u00e1 \u00feessa lei\u00f0: Meistari! oss er kunnugt a\u00f0 \u00fe\u00fa ert sannor\u00f0ur, \u00fe\u00fa m\u00e6lir ekki, sem hv\u00f6r vill heyra, og fer ekki a\u00f0 mannvir\u00f0ingum, heldur kennir \u00fe\u00fa Gu\u00f0s l\u00e6rd\u00f3m r\u00e9ttilega: hv\u00f6rt eigum v\u00e9r a\u00f0 l\u00fata keisaranum skatt e\u00f0ur ekki? hv\u00f6rt skulum v\u00e9r gjalda hann e\u00f0ur ekki?<a name=\"15\"><span class=\"versanumer\">15<\/span><\/a>N\u00fa er Jes\u00fas skildi fl\u00e1ttskap \u00feeirra, m\u00e6lti hann: \u00fev\u00ed freisti\u00f0 \u00fe\u00e9r m\u00edn? f\u00e6ri\u00f0 m\u00e9r peninginn, a\u00f0 eg sj\u00e1i hann; \u00feeir gj\u00f6r\u00f0u svo.<a name=\"16\"><span class=\"versanumer\">16<\/span><\/a>Jes\u00fas spur\u00f0i \u00fe\u00e1: hv\u00f6rs a\u00f0 v\u00e6ri mynd s\u00fa og yfirskrift, er \u00e1 honum st\u00e6\u00f0i? \u00feeir s\u00f6g\u00f0u: a\u00f0 \u00fea\u00f0 v\u00e6ri keisarans;<a name=\"17\"><span class=\"versanumer\">17<\/span><\/a>\u00fe\u00e1 sag\u00f0i Jes\u00fas: gjaldi\u00f0 \u00fe\u00e1 keisaranum, hva\u00f0 keisarans er, og Gu\u00f0i, hva\u00f0 Gu\u00f0s er; og \u00fe\u00e1 fur\u00f0a\u00f0i \u00e1 honum.<a name=\"18\"><span class=\"versanumer\">18<\/span><\/a>N\u00fa komu sad\u00fasear til hans, sem neita \u00fev\u00ed, a\u00f0 dau\u00f0ir menn uppr\u00edsi. \u00deeir l\u00f6g\u00f0u fyrir hann \u00feessa spurningu:<a name=\"19\"><span class=\"versanumer\">19<\/span><\/a>Meistari!\u2014s\u00f6g\u00f0u \u00feeir\u2014M\u00f3sis hefir bo\u00f0i\u00f0 oss: a\u00f0 ef nokkur d\u00e6i barnlaus fr\u00e1 konu sinni, \u00fe\u00e1 skyldi br\u00f3\u00f0ir hans f\u00e1 konu hans, til \u00feess a\u00f0 halda vi\u00f0 \u00e6ttlegg br\u00f3\u00f0ur s\u00edns;<a name=\"20\"><span class=\"versanumer\">20<\/span><\/a>en me\u00f0 oss voru sj\u00f6 br\u00e6\u00f0ur, hinn fyrsti \u00feeirra kvonga\u00f0ist og d\u00f3 barnlaus;<a name=\"21\"><span class=\"versanumer\">21<\/span><\/a>\u00fe\u00e1 gekk annar br\u00f3\u00f0ir hans til a\u00f0 eiga konu hans; hann d\u00f3 og barnlaus;<a name=\"22\"><span class=\"versanumer\">22<\/span><\/a>s\u00ed\u00f0an hinn \u00feri\u00f0ji, og allir sj\u00f6 eignu\u00f0ust hana, og dey\u00f0u barnlausir, en seinast allra dey\u00f0i konan.<a name=\"23\"><span class=\"versanumer\">23<\/span><\/a>Hv\u00f6rs \u00feeirra eiginkona skal h\u00fan n\u00fa ver\u00f0a \u00ed upprisunni, \u00fe\u00e1 \u00feeir uppr\u00edsa? \u00fev\u00ed \u00feeir h\u00f6f\u00f0u \u00e1tt hana allir sj\u00f6.<a name=\"24\"><span class=\"versanumer\">24<\/span><\/a>Jes\u00fas m\u00e6lti: hv\u00f6rt villist \u00fe\u00e9r ekki \u00feess vegna, a\u00f0 \u00fe\u00e9r hv\u00f6rki skilji\u00f0 Ritninguna, n\u00e9 m\u00e1tt Gu\u00f0s?<a name=\"25\"><span class=\"versanumer\">25<\/span><\/a>\u00fev\u00ed \u00feegar menn uppr\u00edsa, munu hv\u00f6rki \u00feeir kv\u00e6nast, n\u00e9 \u00fe\u00e6r giftast, heldur munu \u00feeir ver\u00f0a eins og englar Gu\u00f0s \u00e1 himnum.<a name=\"26\"><span class=\"versanumer\">26<\/span><\/a>En hva\u00f0 upprisu framli\u00f0inna vi\u00f0v\u00edkur, hafi\u00f0 \u00fe\u00e9r ekki lesi\u00f0 \u00ed M\u00f3sisb\u00f3k \u00ed fr\u00e1s\u00f6gunni um runninn, hva\u00f0 Gu\u00f0 sag\u00f0i vi\u00f0 hann, og svo hlj\u00f3\u00f0ar: \u201eEg er Gu\u00f0 Abrahams, Gu\u00f0 \u00cdsaks og Gu\u00f0 Jakobs.\u201c<a name=\"27\"><span class=\"versanumer\">27<\/span><\/a>Gu\u00f0 er ekki Gu\u00f0 dau\u00f0ra, heldur lifendra; er \u00fev\u00ed villa y\u00f0ar st\u00f3r.<a name=\"28\"><span class=\"versanumer\">28<\/span><\/a>\u00de\u00e1 kom til hans einn af \u00feeim skriftl\u00e6r\u00f0u, er heyrt haf\u00f0i \u00e1 samtal \u00feeirra, og hv\u00f6rsu vel a\u00f0 Jes\u00fas haf\u00f0i svara\u00f0 \u00feeim; hann spur\u00f0i \u00e1 \u00feessa lei\u00f0: hv\u00f6r er \u00fea\u00f0 allra \u00e6\u00f0sta bo\u00f0?<a name=\"29\"><span class=\"versanumer\">29<\/span><\/a>Jes\u00fas m\u00e6lti: \u00fea\u00f0 allra \u00e6\u00f0sta bo\u00f0 er \u00feetta: heyr \u00fe\u00fa, \u00cdsrael! Drottinn vor Gu\u00f0 er s\u00e1 einasti Gu\u00f0,<a name=\"30\"><span class=\"versanumer\">30<\/span><\/a>\u00fear fyrir \u00e1tt \u00fe\u00fa a\u00f0 elska Drottin Gu\u00f0 \u00feinn af \u00f6llu \u00fe\u00ednu hjarta, af allri \u00feinni s\u00e1lu, af \u00f6llum huga og \u00f6llum kr\u00f6ftum.<a name=\"31\"><span class=\"versanumer\">31<\/span><\/a>\u00deetta er \u00fea\u00f0 \u00e6\u00f0sta bo\u00f0, og \u00feessu l\u00edkt er hitt: elska skaltu n\u00e1unga \u00feinn eins og sj\u00e1lfan \u00feig; ekkert bo\u00f0 er \u00e6\u00f0ra, en \u00feessi.<a name=\"32\"><span class=\"versanumer\">32<\/span><\/a>\u00de\u00e1 sag\u00f0i hinn skriftl\u00e6r\u00f0i: \u00e1g\u00e6tlega svara\u00f0ir \u00fe\u00fa, og satt er \u00fea\u00f0, a\u00f0 ekki er Gu\u00f0 nema einn, og enginn utan hann;<a name=\"33\"><span class=\"versanumer\">33<\/span><\/a>og a\u00f0 elska Gu\u00f0 af \u00f6llu hjarta, \u00f6llum huga, allri s\u00e1lu og \u00f6llum kr\u00f6ftum, og n\u00e1ungann eins og sj\u00e1lfan sig, er meir \u00e1r\u00ed\u00f0andi, en \u00f6ll bo\u00f0 um brennif\u00f3rnir og offur.<a name=\"34\"><span class=\"versanumer\">34<\/span><\/a>\u00deegar Jes\u00fas heyr\u00f0i \u00feetta skynsamlega andsvar hans, m\u00e6lti hann: \u00fe\u00fa ert ekki langt fr\u00e1 Gu\u00f0s r\u00edki; og enginn \u00feor\u00f0i a\u00f0 \u00fereyta spurningar vi\u00f0 hann framar.<br \/><a name=\"35\"><span class=\"versanumer\">35<\/span><\/a>Og er Jes\u00fas var a\u00f0 kenna \u00ed musterinu sag\u00f0i hann: \u00fev\u00ed segja hinir skriftl\u00e6r\u00f0u, a\u00f0 Kristur s\u00e9 Dav\u00ed\u00f0s sonur?<a name=\"36\"><span class=\"versanumer\">36<\/span><\/a>en Dav\u00ed\u00f0 segir \u00fe\u00f3 sj\u00e1lfur fyrir heilagan Anda: \u201eDrottinn sag\u00f0i vi\u00f0 minn Drottin: sit \u00fe\u00fa m\u00e9r til h\u00e6gri handar, \u00fear til eg gj\u00f6ri \u00f3vini \u00fe\u00edna a\u00f0 sk\u00f6r f\u00f3ta \u00feinna.\u201c<a name=\"37\"><span class=\"versanumer\">37<\/span><\/a>H\u00e9r kallar Dav\u00ed\u00f0 hann sj\u00e1lfur Herra; hv\u00f6rninn kann hann \u00fe\u00e1 a\u00f0 vera sonur hans? og allur l\u00fd\u00f0urinn heyr\u00f0i hann f\u00faslega.<a name=\"38\"><span class=\"versanumer\">38<\/span><\/a>\u00cd kenningu sinni sag\u00f0i hann \u00fe\u00e1 til \u00feeirra: vari\u00f0 y\u00f0ur vi\u00f0 \u00feeim skriftl\u00e6r\u00f0u, sem gjarna br\u00faka s\u00ed\u00f0 kl\u00e6\u00f0i; girnast, a\u00f0 \u00feeim s\u00e9 heilsa\u00f0 \u00e1 mannam\u00f3tum,<a name=\"39\"><span class=\"versanumer\">39<\/span><\/a>sitji \u00ed fyrirs\u00e6ti \u00ed samkundum og s\u00e9u efstir til bor\u00f0s \u00ed veislum;<a name=\"40\"><span class=\"versanumer\">40<\/span><\/a>\u00feeir \u00fatsj\u00faga h\u00fas ekkna, og \u00fea\u00f0 undir yfirhylmingu langra b\u00e6na; \u00feeir munu og \u00feess \u00feyngra straffi s\u00e6ta.<br \/><a name=\"41\"><span class=\"versanumer\">41<\/span><\/a>Einhv\u00f6rju sinni sat Jes\u00fas gegnt f\u00e9hirslu musterisins, og s\u00e1, a\u00f0 fj\u00f6ldi f\u00f3lks lag\u00f0i \u00fear f\u00e9 \u00ed, og margir \u00feeir, er r\u00edkir v\u00f3ru, l\u00f6g\u00f0u miki\u00f0 til;<a name=\"42\"><span class=\"versanumer\">42<\/span><\/a>\u00fe\u00e1 kom \u00fear a\u00f0 ekkja nokkur f\u00e1t\u00e6k, og lag\u00f0i \u00fear \u00ed tvo sm\u00e1peninga, sem eru h\u00e1lfs skildings vir\u00f0i.<a name=\"43\"><span class=\"versanumer\">43<\/span><\/a>\u00de\u00e1 kalla\u00f0i Jes\u00fas til s\u00edn l\u00e6risveina s\u00edna, og sag\u00f0i \u00feeim: tr\u00fai\u00f0 m\u00e9r! \u00feessi f\u00e1t\u00e6ka ekkja hefir meira f\u00e9 lagt \u00ed fj\u00e1rhirsluna, en allir hinir;<a name=\"44\"><span class=\"versanumer\">44<\/span><\/a>\u00fev\u00ed \u00feeir g\u00e1fu allir af \u00fev\u00ed, sem \u00feeir h\u00f6f\u00f0u afgangs, en h\u00fan af f\u00e1t\u00e6kd\u00f3m s\u00ednum, aleigu s\u00edna, alla s\u00edna l\u00edfsbj\u00f6rg.<\/p>\n<div class=\"footnoteVidey\">V. 1\u201312, sbr. Matt. 21,33\u201342. L\u00fak. 20,9\u201319.  V. 10\u201311, sbr. S\u00e1lm. 118,22.23.  V. 13\u201317. Matt. 22,15\u201322. L\u00fak. 20,20\u201326.  V. 18\u201334, sbr. Matt. 22,23\u201340. L\u00fak. 20,27\u201339.  V. 18. Post. Gb. 23,8.  V. 19. 5 M\u00f3s. 25,5.  V. 26. 2 M\u00f3s. 3,2\u20136.  V. 29. sbr. 5 M\u00f3s. 6,4.5. 3 M\u00f3s. 19,18.  V. 31\u201334. sbr. L\u00fak. 10,25\u201337.  V. 35\u201337. Matt. 22,41\u201346. L\u00fak. 20,41\u201344.  V. 36. S\u00e1lm. 110,1.  V. 37\u201340. sbr. Matt. 23,5\u20137. L\u00fak. 20,45\u201347.  V. 41\u201344. sbr. L\u00fak. 21,1\u20134.<\/div>\n","protected":false},"excerpt":{"rendered":"<p>Jes\u00fas talar um v\u00edngar\u00f0; um skatt; um upprisuna; um l\u00f6gm\u00e1li\u00f0; um sj\u00e1lfan sig; um gj\u00f6f ekkjunnar. 1\u00de\u00e1 sag\u00f0i hann d\u00e6mis\u00f6gu \u00feessa: ma\u00f0ur nokkur planta\u00f0i v\u00edngar\u00f0, og hl\u00f3\u00f0 gar\u00f0 um hann; \u00fear gj\u00f6r\u00f0i hann v\u00ednpressu og bygg\u00f0i \u00fear turn; s\u00ed\u00f0an leig\u00f0i hann v\u00edngar\u00f0inn v\u00edngar\u00f0sm\u00f6nnum, og f\u00f3r \u00far landi.2\u00deegar t\u00edmi var til, sendi hann \u00fej\u00f3n sinn til v\u00edngar\u00f0smannanna, til a\u00f0 veita \u00feeim hluta \u00e1vaxtarins m\u00f3tt\u00f6ku, er hann haf\u00f0i \u00e1skili\u00f0 s\u00e9r;3hann t\u00f3ku \u00feeir h\u00f6ndum, b\u00f6r\u00f0u hann, og sendu aftur t\u00f3mhentan.4\u00de\u00e1 sendi h\u00fasb\u00f3ndinn annan \u00fej\u00f3n til \u00feeirra; \u00feenna b\u00f6r\u00f0u \u00feeir grj\u00f3ti, s\u00e6r\u00f0u hann \u00e1 h\u00f6f\u00f0i, l\u00f6g\u00f0u honum h\u00e1\u00f0ungar til, og l\u00e9tu hann svo fara.5Enn <a href=\"https:\/\/biblian.is\/videy\/markusargudspjall-12-kafli\/\"> [&#8230;]<\/a><\/p>\n","protected":false},"author":1,"featured_media":0,"parent":0,"menu_order":0,"comment_status":"open","ping_status":"open","template":"bibliukaflar.php","meta":{"footnotes":""},"class_list":["post-21818","page","type-page","status-publish","hentry"],"_links":{"self":[{"href":"https:\/\/biblian.is\/videy\/wp-json\/wp\/v2\/pages\/21818","targetHints":{"allow":["GET"]}}],"collection":[{"href":"https:\/\/biblian.is\/videy\/wp-json\/wp\/v2\/pages"}],"about":[{"href":"https:\/\/biblian.is\/videy\/wp-json\/wp\/v2\/types\/page"}],"author":[{"embeddable":true,"href":"https:\/\/biblian.is\/videy\/wp-json\/wp\/v2\/users\/1"}],"replies":[{"embeddable":true,"href":"https:\/\/biblian.is\/videy\/wp-json\/wp\/v2\/comments?post=21818"}],"version-history":[{"count":0,"href":"https:\/\/biblian.is\/videy\/wp-json\/wp\/v2\/pages\/21818\/revisions"}],"wp:attachment":[{"href":"https:\/\/biblian.is\/videy\/wp-json\/wp\/v2\/media?parent=21818"}],"curies":[{"name":"wp","href":"https:\/\/api.w.org\/{rel}","templated":true}]}}