{"id":21817,"date":"2018-01-02T01:04:15","date_gmt":"2018-01-02T01:04:15","guid":{"rendered":"http:\/\/biblian.is\/videy\/markusargudspjall-11-kafli\/"},"modified":"2018-01-02T01:04:15","modified_gmt":"2018-01-02T01:04:15","slug":"markusargudspjall-11-kafli","status":"publish","type":"page","link":"https:\/\/biblian.is\/videy\/markusargudspjall-11-kafli\/","title":{"rendered":"Mark\u00fasargu\u00f0spjall 11. kafli"},"content":{"rendered":"<div class=\"fyrirsognVidey\">Jes\u00fas r\u00ed\u00f0ur inn \u00ed Jer\u00fasalem; form\u00e6lir f\u00edkjutr\u00e9nu; hreinsar musteri\u00f0, en vill ekki segja hv\u00f6rja makt hann hafi haft til a\u00f0 hreinsa \u00fea\u00f0.<\/div>\n<p><a name=\"1\"><span class=\"versanumer\">1<\/span><\/a>\u00deegar \u00feeir v\u00f3ru komnir \u00ed n\u00e1nd vi\u00f0 Jer\u00fasalem til Betfage og Betan\u00edu vi\u00f0 Vi\u00f0smj\u00f6rsfjalli\u00f0, \u00fe\u00e1 sendi Jes\u00fas fr\u00e1 s\u00e9r tvo af l\u00e6risveinum s\u00ednum og m\u00e6lti:<a name=\"2\"><span class=\"versanumer\">2<\/span><\/a>fari \u00fei\u00f0 \u00ed \u00feorpi\u00f0, sem gagnvart ykkur er, og strax, sem \u00fei\u00f0 komi\u00f0 \u00feanga\u00f0, munu\u00f0 \u00fei\u00f0 finna fola bundinn, hv\u00f6rjum enginn ma\u00f0ur hefir \u00e1\u00f0ur ri\u00f0i\u00f0, leysi\u00f0 hann og f\u00e6ri\u00f0 m\u00e9r;<a name=\"3\"><span class=\"versanumer\">3<\/span><\/a>en skyldi nokkur spyrja, \u00fev\u00ed \u00fe\u00e9r gj\u00f6ri\u00f0 svo? \u00fe\u00e1 segi\u00f0: a\u00f0 Herra ykkar \u00feurfi hans vi\u00f0, og muni br\u00e1\u00f0um senda hann hinga\u00f0 aftur.<a name=\"4\"><span class=\"versanumer\">4<\/span><\/a>\u00deeir f\u00f3ru lei\u00f0ar sinnar, og fundu folann bundinn fyrir dyrum \u00fati \u00e1 str\u00e6tinu, og leystu hann;<a name=\"5\"><span class=\"versanumer\">5<\/span><\/a>\u00fe\u00e1 spur\u00f0u nokkrir, sem vi\u00f0 v\u00f3ru staddir: \u00fev\u00ed \u00feeir gj\u00f6r\u00f0u \u00feetta?<a name=\"6\"><span class=\"versanumer\">6<\/span><\/a>\u00feeir sv\u00f6ru\u00f0u eins og Jes\u00fas haf\u00f0i bo\u00f0i\u00f0 \u00feeim, og \u00fe\u00e1 l\u00e9tu hinir \u00fe\u00e1 fara.<a name=\"7\"><span class=\"versanumer\">7<\/span><\/a>S\u00ed\u00f0an f\u00e6r\u00f0u l\u00e6risveinarnir Jes\u00fa folann, l\u00f6g\u00f0u kl\u00e6\u00f0i s\u00edn \u00e1 hann, en hann steig \u00e1 bak;<a name=\"8\"><span class=\"versanumer\">8<\/span><\/a>en margir breiddu kl\u00e6\u00f0i s\u00edn \u00e1 veginn, a\u00f0rir hjuggu lim af trj\u00e1num, og str\u00e1\u00f0u \u00fev\u00ed \u00e1 brautina;<a name=\"9\"><span class=\"versanumer\">9<\/span><\/a>en m\u00fagurinn, sem \u00e1 undan f\u00f3r og eftirfylgdi, hr\u00f3pa\u00f0i og sag\u00f0i: heill og blessan Gu\u00f0s s\u00e9 me\u00f0 \u00feeim, sem kemur \u00ed Drottins umbo\u00f0i!<a name=\"10\"><span class=\"versanumer\">10<\/span><\/a>blessa\u00f0 veri hi\u00f0 afturkomna r\u00edki f\u00f6\u00f0urs vors Dav\u00ed\u00f0s! hj\u00e1lpa \u00fe\u00fa sem b\u00fdr \u00e1 h\u00e6\u00f0um!<a name=\"11\"><span class=\"versanumer\">11<\/span><\/a>\u00deegar hann kom inn \u00ed Jer\u00fasalem, gekk hann strax upp \u00ed musteri\u00f0, og \u00feegar hann haf\u00f0i sko\u00f0a\u00f0 \u00fear allt, f\u00f3r hann til Betan\u00edu me\u00f0 \u00feeim t\u00f3lf undir kv\u00f6ld.<br \/><a name=\"12\"><span class=\"versanumer\">12<\/span><\/a>Morguninn eftir, \u00fe\u00e1 \u00feeir f\u00f3ru fr\u00e1 Betan\u00edu, hungra\u00f0i hann;<a name=\"13\"><span class=\"versanumer\">13<\/span><\/a>\u00fe\u00e1 s\u00e1 hann \u00e1lengdar eitt f\u00edkjutr\u00e9, sem laufbl\u00f6\u00f0in voru vaxin \u00e1, \u00feanga\u00f0 f\u00f3r hann a\u00f0 leita, hv\u00f6rt hann ekki fyndi \u00e1v\u00f6xt \u00e1 \u00fev\u00ed; en \u00feegar hann kom, fann hann ekkert nema bl\u00f6\u00f0in t\u00f3m, \u00fev\u00ed \u00fe\u00e1 var ekki f\u00edknat\u00edmi;<a name=\"14\"><span class=\"versanumer\">14<\/span><\/a>hann sag\u00f0i \u00fe\u00e1 vi\u00f0 tr\u00e9\u00f0: nj\u00f3ti \u00fe\u00e1 enginn framar \u00e1vaxtar af \u00fe\u00e9r h\u00e9\u00f0an \u00ed fr\u00e1! \u00feetta heyr\u00f0u l\u00e6risveinar hans;<a name=\"15\"><span class=\"versanumer\">15<\/span><\/a>s\u00ed\u00f0an f\u00f3ru \u00feeir til Jer\u00fasalem, gekk \u00fe\u00e1 Jes\u00fas inn \u00ed musteri\u00f0, og rak \u00fat \u00fe\u00e1, sem seldu \u00fear og keyptu, og hratt um bor\u00f0um \u00feeirra, er skipti h\u00f6f\u00f0u \u00e1 peningum, og st\u00f3lum \u00feeirra, er d\u00fafur seldu,<a name=\"16\"><span class=\"versanumer\">16<\/span><\/a>og engum lei\u00f0 hann a\u00f0 bera <span class='VideyAth'>(nokkurskonar)<\/span> \u00e1h\u00f6ld um musteri\u00f0.<a name=\"17\"><span class=\"versanumer\">17<\/span><\/a>S\u00ed\u00f0an kenndi hann og sag\u00f0i: er ekki skrifa\u00f0 \u00ed Ritningunni: mitt h\u00fas skal vera b\u00e6nah\u00fas fyrir allar \u00fej\u00f3\u00f0ir? en \u00fe\u00e9r hafi\u00f0 gj\u00f6rt \u00far \u00fev\u00ed r\u00e6ningjab\u00e6li.<a name=\"18\"><span class=\"versanumer\">18<\/span><\/a>\u00deegar \u00feeir skriftl\u00e6r\u00f0u og \u00e6\u00f0stu prestar heyr\u00f0u \u00feetta, leitu\u00f0ust \u00feeir vi\u00f0, hv\u00f6rninn \u00feeir g\u00e6tu r\u00e1\u00f0i\u00f0 hann af d\u00f6gum, \u00fev\u00ed \u00feeim st\u00f3\u00f0 \u00f3tti af hans kenningu.<a name=\"19\"><span class=\"versanumer\">19<\/span><\/a>\u00deegar kv\u00f6ld var komi\u00f0, f\u00f3r hann utan borgar.<a name=\"20\"><span class=\"versanumer\">20<\/span><\/a>Um morguninn eftir f\u00f3ru \u00feeir hj\u00e1 f\u00edkjutr\u00e9nu, og s\u00e1u a\u00f0 \u00fea\u00f0 var visna\u00f0 allt fr\u00e1 r\u00f3tum.<a name=\"21\"><span class=\"versanumer\">21<\/span><\/a>\u00de\u00e1 minntist P\u00e9tur \u00feess, sem Jes\u00fas haf\u00f0i sagt og m\u00e6lti: sko\u00f0a\u00f0\u00fa, meistari! f\u00edkjutr\u00e9\u00f0, hv\u00f6rju \u00fe\u00fa form\u00e6ltir, er visna\u00f0.<a name=\"22\"><span class=\"versanumer\">22<\/span><\/a>\u00de\u00e1 sag\u00f0i Jes\u00fas: treysti\u00f0 \u00fe\u00e9r Gu\u00f0i!<a name=\"23\"><span class=\"versanumer\">23<\/span><\/a>tr\u00fai\u00f0 m\u00e9r, ef einhv\u00f6r seg\u00f0i vi\u00f0 fjall \u00feetta: lyft\u00fa \u00fe\u00e9r upp og kasta\u00f0u \u00fe\u00e9r \u00ed hafi\u00f0, og efa\u00f0i ekki \u00ed hjarta s\u00ednu, heldur try\u00f0i, a\u00f0 \u00fea\u00f0 mundi ver\u00f0a, eins og hann seg\u00f0i, \u00fe\u00e1 mundi \u00fea\u00f0 ske.<a name=\"24\"><span class=\"versanumer\">24<\/span><\/a>\u00dear fyrir segi eg y\u00f0ur: um hva\u00f0 helst \u00fe\u00e9r bi\u00f0ji\u00f0 Gu\u00f0, \u00fe\u00e1 tr\u00fai\u00f0 a\u00f0 \u00fe\u00e9r munu\u00f0 \u00fea\u00f0 \u00f6\u00f0last, og \u00fe\u00e1 munu\u00f0 \u00fe\u00e9r f\u00e1 \u00fea\u00f0.<a name=\"25\"><span class=\"versanumer\">25<\/span><\/a>N\u00e6r \u00fe\u00e9r bi\u00f0ji\u00f0, \u00fe\u00e1 fyrirgefi\u00f0, ef y\u00f0ur \u00feykir nokku\u00f0 vi\u00f0 einhv\u00f6rn, svo a\u00f0 Fa\u00f0ir y\u00f0ar \u00e1 himnum fyrirgefi y\u00f0ur einninn y\u00f0ar afbrot;<a name=\"26\"><span class=\"versanumer\">26<\/span><\/a>en ef \u00fe\u00e9r ekki fyrirgefi\u00f0 \u00f6\u00f0rum, mun Fa\u00f0ir y\u00f0ar himneskur ekki heldur forl\u00e1ta y\u00f0ur y\u00f0ar afbrot.<br \/><a name=\"27\"><span class=\"versanumer\">27<\/span><\/a>N\u00fa komu \u00feeir aftur til Jer\u00fasalem, og \u00feegar hann var staddur \u00ed musterinu, komu til hans \u00feeir \u00e6\u00f0stu prestar, skriftl\u00e6r\u00f0ir og \u00f6ldungarnir,<a name=\"28\"><span class=\"versanumer\">28<\/span><\/a>og spur\u00f0u: me\u00f0 hva\u00f0a r\u00e9tti hann gj\u00f6r\u00f0i \u00feetta, e\u00f0a hv\u00f6r honum hef\u00f0i gefi\u00f0 vald til \u00feess?<a name=\"29\"><span class=\"versanumer\">29<\/span><\/a>Jes\u00fas m\u00e6lti: eg vil og spyrja y\u00f0ur eins; ef \u00fe\u00e9r svari\u00f0 m\u00e9r til \u00feess, mun eg og segja y\u00f0ur, \u00ed hv\u00f6rs umbo\u00f0i eg gj\u00f6ri \u00feetta.<br \/><a name=\"30\"><span class=\"versanumer\">30<\/span><\/a>Hv\u00f6rt haf\u00f0i J\u00f3hannes vald a\u00f0 sk\u00edra fr\u00e1 Gu\u00f0i e\u00f0ur m\u00f6nnum? svari\u00f0 m\u00e9r til \u00feess!<a name=\"31\"><span class=\"versanumer\">31<\/span><\/a>\u00feeir hugleiddu \u00feetta me\u00f0 s\u00e9r og hugsu\u00f0u svo: ef v\u00e9r segjum hann hafi haft \u00feetta vald fr\u00e1 Gu\u00f0i, mun hann spyrja: \u00fev\u00ed v\u00e9r ekki h\u00f6fum tr\u00faa\u00f0 honum;<a name=\"32\"><span class=\"versanumer\">32<\/span><\/a>en ef v\u00e9r segjum hann hafa haft \u00fea\u00f0 fr\u00e1 m\u00f6nnum, \u00fe\u00e1 h\u00f6fum v\u00e9r ors\u00f6k til \u00feess a\u00f0 hr\u00e6\u00f0ast f\u00f3lki\u00f0; \u00fev\u00ed allir h\u00e9ldu hann fyrir sannan sp\u00e1mann.<a name=\"33\"><span class=\"versanumer\">33<\/span><\/a>\u00deeir sv\u00f6ru\u00f0u honum \u00fev\u00ed og kv\u00e1\u00f0ust ekki vita \u00fea\u00f0. Jes\u00fas m\u00e6lti: \u00fe\u00e1 segi eg y\u00f0ur heldur ekki, \u00ed hv\u00f6rs umbo\u00f0i eg gj\u00f6ri \u00feetta.<\/p>\n<div class=\"footnoteVidey\">V. 1\u201324. sbr. Matt. 21,1\u201322. L\u00fak. 19,29\u201348. J\u00f3h. 12,12\u201314.  V. 9. sbr. S\u00e1lm. 118,25\u201326.  V. 12\u201314, sbr. Matt. 21,19.20.  V. 15\u201317, sbr. J\u00f3h. 2,13\u201317.  V. 25\u201326, sbr. Matt. 6,14. ff.  V. 27\u201333, sbr. Matt. 21,23\u201327. L\u00fak. 20,1\u20138.<\/div>\n","protected":false},"excerpt":{"rendered":"<p>Jes\u00fas r\u00ed\u00f0ur inn \u00ed Jer\u00fasalem; form\u00e6lir f\u00edkjutr\u00e9nu; hreinsar musteri\u00f0, en vill ekki segja hv\u00f6rja makt hann hafi haft til a\u00f0 hreinsa \u00fea\u00f0. 1\u00deegar \u00feeir v\u00f3ru komnir \u00ed n\u00e1nd vi\u00f0 Jer\u00fasalem til Betfage og Betan\u00edu vi\u00f0 Vi\u00f0smj\u00f6rsfjalli\u00f0, \u00fe\u00e1 sendi Jes\u00fas fr\u00e1 s\u00e9r tvo af l\u00e6risveinum s\u00ednum og m\u00e6lti:2fari \u00fei\u00f0 \u00ed \u00feorpi\u00f0, sem gagnvart ykkur er, og strax, sem \u00fei\u00f0 komi\u00f0 \u00feanga\u00f0, munu\u00f0 \u00fei\u00f0 finna fola bundinn, hv\u00f6rjum enginn ma\u00f0ur hefir \u00e1\u00f0ur ri\u00f0i\u00f0, leysi\u00f0 hann og f\u00e6ri\u00f0 m\u00e9r;3en skyldi nokkur spyrja, \u00fev\u00ed \u00fe\u00e9r gj\u00f6ri\u00f0 svo? \u00fe\u00e1 segi\u00f0: a\u00f0 Herra ykkar \u00feurfi hans vi\u00f0, og muni br\u00e1\u00f0um senda hann hinga\u00f0 aftur.4\u00deeir f\u00f3ru lei\u00f0ar <a href=\"https:\/\/biblian.is\/videy\/markusargudspjall-11-kafli\/\"> [&#8230;]<\/a><\/p>\n","protected":false},"author":1,"featured_media":0,"parent":0,"menu_order":0,"comment_status":"open","ping_status":"open","template":"bibliukaflar.php","meta":{"footnotes":""},"class_list":["post-21817","page","type-page","status-publish","hentry"],"_links":{"self":[{"href":"https:\/\/biblian.is\/videy\/wp-json\/wp\/v2\/pages\/21817","targetHints":{"allow":["GET"]}}],"collection":[{"href":"https:\/\/biblian.is\/videy\/wp-json\/wp\/v2\/pages"}],"about":[{"href":"https:\/\/biblian.is\/videy\/wp-json\/wp\/v2\/types\/page"}],"author":[{"embeddable":true,"href":"https:\/\/biblian.is\/videy\/wp-json\/wp\/v2\/users\/1"}],"replies":[{"embeddable":true,"href":"https:\/\/biblian.is\/videy\/wp-json\/wp\/v2\/comments?post=21817"}],"version-history":[{"count":0,"href":"https:\/\/biblian.is\/videy\/wp-json\/wp\/v2\/pages\/21817\/revisions"}],"wp:attachment":[{"href":"https:\/\/biblian.is\/videy\/wp-json\/wp\/v2\/media?parent=21817"}],"curies":[{"name":"wp","href":"https:\/\/api.w.org\/{rel}","templated":true}]}}