{"id":21814,"date":"2018-01-02T01:04:15","date_gmt":"2018-01-02T01:04:15","guid":{"rendered":"http:\/\/biblian.is\/videy\/markusargudspjall-8-kafli\/"},"modified":"2018-01-02T01:04:15","modified_gmt":"2018-01-02T01:04:15","slug":"markusargudspjall-8-kafli","status":"publish","type":"page","link":"https:\/\/biblian.is\/videy\/markusargudspjall-8-kafli\/","title":{"rendered":"Mark\u00fasargu\u00f0spjall 8. kafli"},"content":{"rendered":"<div class=\"fyrirsognVidey\">Jes\u00fas mettar 4000 manna; talar um s\u00fardeig Her\u00f3desar og far\u00edseanna; gefur s\u00fdn. Me\u00f0kenning l\u00e6risveinanna um Jes\u00fas.<\/div>\n<p><a name=\"1\"><span class=\"versanumer\">1<\/span><\/a>Um \u00feessar mundir bar enn svo vi\u00f0, a\u00f0 mikill f\u00f3lksfj\u00f6ldi var hj\u00e1 honum, og haf\u00f0i ekkert til matar. \u00de\u00e1 kalla\u00f0i Jes\u00fas \u00e1 l\u00e6risveina s\u00edna og sag\u00f0i:<a name=\"2\"><span class=\"versanumer\">2<\/span><\/a>eg aumkast yfir f\u00f3lk \u00feetta, \u00fea\u00f0 hefir n\u00fa hj\u00e1 m\u00e9r veri\u00f0 \u00ed \u00ferj\u00e1 daga og ekkert til matar haft;<a name=\"3\"><span class=\"versanumer\">3<\/span><\/a>en ef eg l\u00e6t \u00fe\u00e1 fara fr\u00e1 m\u00e9r fastandi til heimila sinna, ver\u00f0a \u00feeir magn\u00ferota \u00e1 veginum; \u00fev\u00ed sumir af \u00feeim voru langt a\u00f0 komnir.<a name=\"4\"><span class=\"versanumer\">4<\/span><\/a>\u00de\u00e1 sv\u00f6ru\u00f0u l\u00e6risveinar hans: hv\u00f6rninn f\u00e6r nokkur f\u00e6tt \u00fe\u00e1 h\u00e9r \u00ed \u00f3bygg\u00f0um?<a name=\"5\"><span class=\"versanumer\">5<\/span><\/a>hann spur\u00f0i \u00fe\u00e1: hv\u00f6rsu m\u00f6rg brau\u00f0 \u00feeir hef\u00f0u? \u00feeir s\u00f6g\u00f0u: sj\u00f6.<a name=\"6\"><span class=\"versanumer\">6<\/span><\/a>S\u00ed\u00f0an bau\u00f0 hann f\u00f3lkinu a\u00f0 setjast ni\u00f0ur, t\u00f3k \u00feau sj\u00f6 brau\u00f0, gj\u00f6r\u00f0i Gu\u00f0i \u00feakkir, braut \u00feau og f\u00e9kk \u00feau s\u00ed\u00f0an l\u00e6risveinum s\u00ednum, a\u00f0 \u00feeir leg\u00f0u \u00feau fyrir f\u00f3lki\u00f0. \u00deeir gj\u00f6r\u00f0u, sem \u00feeim var bo\u00f0i\u00f0.<a name=\"7\"><span class=\"versanumer\">7<\/span><\/a>L\u00edka h\u00f6f\u00f0u \u00feeir f\u00e1eina sm\u00e1fiska; hann \u00feakka\u00f0i einninn Gu\u00f0i fyrir \u00fe\u00e1, og bau\u00f0, a\u00f0 \u00fe\u00e1 skyldi einninn frambera;<a name=\"8\"><span class=\"versanumer\">8<\/span><\/a>en \u00feeir neyttu og ur\u00f0u mettir. S\u00ed\u00f0an s\u00f6fnu\u00f0u \u00feeir matarleifunum, og voru \u00fea\u00f0 sj\u00f6 karfir;<a name=\"9\"><span class=\"versanumer\">9<\/span><\/a>en \u00feeir sem neytt h\u00f6f\u00f0u, v\u00f3ru h\u00e9r um fj\u00f6gur \u00fe\u00fasund; og a\u00f0 \u00fev\u00ed b\u00fanu l\u00e9t hann \u00fe\u00e1 fr\u00e1 s\u00e9r fara.<br \/><a name=\"10\"><span class=\"versanumer\">10<\/span><\/a>Strax eftir \u00feetta f\u00f3r hann \u00e1 skipi me\u00f0 l\u00e6risveinum s\u00ednum, og kom \u00ed h\u00e9ra\u00f0i\u00f0 vi\u00f0 Dalman\u00fata.<a name=\"11\"><span class=\"versanumer\">11<\/span><\/a>H\u00e9r komu far\u00edsear og t\u00f3ku a\u00f0 hefja vi\u00f0 hann spurningar, samt krefjast teikns af himni, til a\u00f0 reyna hann;<a name=\"12\"><span class=\"versanumer\">12<\/span><\/a>andvarpa\u00f0i hann \u00fe\u00e1 \u00feungan og m\u00e6lti: \u00fej\u00f3\u00f0 \u00feessi bei\u00f0ist teikns, en eg segi y\u00f0ur satt, henni skal ekki teikn gefast.<a name=\"13\"><span class=\"versanumer\">13<\/span><\/a>S\u00ed\u00f0an skildist hann vi\u00f0 \u00fe\u00e1, steig aftur \u00e1 skip og f\u00f3r yfir um <span class='VideyAth'>a)<\/span>.<a name=\"14\"><span class=\"versanumer\">14<\/span><\/a>\u00deeim haf\u00f0i gleymst a\u00f0 taka me\u00f0 s\u00e9r brau\u00f0, svo \u00feeir h\u00f6f\u00f0u ekki nema eitt \u00ed skipinu;<a name=\"15\"><span class=\"versanumer\">15<\/span><\/a>\u00fe\u00e1 bau\u00f0 Jes\u00fas \u00feeim og sag\u00f0i: varist s\u00fardeig \u00feeirra far\u00edsea og Her\u00f3desar.<a name=\"16\"><span class=\"versanumer\">16<\/span><\/a>\u00de\u00e1 s\u00f6g\u00f0u \u00feeir s\u00edn \u00e1 milli, a\u00f0 Jes\u00fa mundi segja \u00feetta \u00ed \u00fev\u00ed skyni, a\u00f0 \u00feeim hef\u00f0i gleymst a\u00f0 taka brau\u00f0 me\u00f0;<a name=\"17\"><span class=\"versanumer\">17<\/span><\/a>en er hann var\u00f0 \u00feess v\u00eds, m\u00e6lti hann: \u00fev\u00ed f\u00e1ist \u00fe\u00e9r um \u00fea\u00f0, a\u00f0 \u00fe\u00e9r ekki t\u00f3ku\u00f0 brau\u00f0 me\u00f0? e\u00f0ur skilji\u00f0 \u00fe\u00e9r enn ekki? eru vitsmunir y\u00f0ar enn \u00fe\u00e1 svo slj\u00f3vir?<a name=\"18\"><span class=\"versanumer\">18<\/span><\/a>sj\u00e1i\u00f0 \u00fe\u00e9r ekki me\u00f0 berum augum? heyri\u00f0 \u00fe\u00e9r ekki me\u00f0 opnum eyrum?<a name=\"19\"><span class=\"versanumer\">19<\/span><\/a>e\u00f0ur muni\u00f0 \u00fe\u00e9r ekki, \u00feegar eg skipti \u00feeim fimm brau\u00f0um me\u00f0al fimm \u00fe\u00fasunda, hv\u00f6rsu margar karfir me\u00f0 matarleifar hirtu\u00f0 \u00fe\u00e9r \u00fe\u00e1?<a name=\"20\"><span class=\"versanumer\">20<\/span><\/a>\u00feeir sv\u00f6ru\u00f0u: t\u00f3lf. E\u00f0ur \u00feegar eg skipti \u00feeim sj\u00f6 brau\u00f0um me\u00f0al fj\u00f6gra \u00fe\u00fasunda, hv\u00f6rsu margar karfir fullar h\u00f6f\u00f0u\u00f0 \u00fe\u00e9r \u00fe\u00e1 afgangs?<a name=\"21\"><span class=\"versanumer\">21<\/span><\/a>\u00feeir s\u00f6g\u00f0u: sj\u00f6! \u00fe\u00e1 m\u00e6lti hann: hv\u00f6rs vegna geti\u00f0 \u00fe\u00e9r \u00fe\u00e1 ekki \u00feetta skili\u00f0? <br \/><a name=\"22\"><span class=\"versanumer\">22<\/span><\/a>S\u00ed\u00f0an komu \u00feeir til Betsa\u00eddaborgar; h\u00e9r f\u00e6r\u00f0u \u00feeir til hans blindan mann og b\u00e1\u00f0u a\u00f0 hann snerti hann.<a name=\"23\"><span class=\"versanumer\">23<\/span><\/a>Jes\u00fas t\u00f3k \u00ed h\u00f6nd honum, og leiddi hann \u00fat fyrir borgina, hr\u00e6kti \u00ed augu hans, lag\u00f0i hendur yfir hann, og spur\u00f0i hann: hv\u00f6rt hann s\u00e6i nokku\u00f0?<a name=\"24\"><span class=\"versanumer\">24<\/span><\/a>hann lita\u00f0ist um og m\u00e6lti: eg s\u00e9 mennina ganga, eins og eg s\u00e6i tr\u00e9.<a name=\"25\"><span class=\"versanumer\">25<\/span><\/a>\u00cd anna\u00f0 sinn f\u00f3r Jes\u00fas h\u00f6ndum um augu hans, og ba\u00f0 hann l\u00edta upp, var hann \u00fe\u00e1 or\u00f0inn heilskyggn, og s\u00e1 alla gl\u00f6ggt;<a name=\"26\"><span class=\"versanumer\">26<\/span><\/a>honum bau\u00f0 Jes\u00fas a\u00f0 fara til heimilis s\u00edns, en ekki inn \u00ed borgina, ekki heldur segja nokkrum \u00ed \u00feorpinu fr\u00e1 \u00feessu.<br \/><a name=\"27\"><span class=\"versanumer\">27<\/span><\/a>H\u00e9\u00f0an f\u00f3r Jes\u00fas og hans l\u00e6risveinar \u00ed \u00feau \u00feorp, er liggja \u00ed grennd vi\u00f0 borgina C\u00e6sarea, sem kennd er vi\u00f0 Philippus. \u00c1 veginum spur\u00f0i hann l\u00e6risveina s\u00edna: hv\u00f6rn menn h\u00e9ldu hann vera?<a name=\"28\"><span class=\"versanumer\">28<\/span><\/a>\u00deeir s\u00f6g\u00f0u: sumir halda \u00fe\u00fa s\u00e9rt J\u00f3hannes sk\u00edrari, a\u00f0rir, a\u00f0 \u00fe\u00fa s\u00e9rt El\u00edas, enn a\u00f0rir, a\u00f0 \u00fe\u00fa s\u00e9rt einn af sp\u00e1m\u00f6nnunum.<a name=\"29\"><span class=\"versanumer\">29<\/span><\/a>\u00de\u00e1 m\u00e6lti hann: en hv\u00f6r haldi\u00f0 \u00fe\u00e9r eg s\u00e9? Honum svara\u00f0i P\u00e9tur og m\u00e6lti: \u00fe\u00fa ert K r i s t u r;<a name=\"30\"><span class=\"versanumer\">30<\/span><\/a>en hann banna\u00f0i \u00feeim a\u00f0 segja nokkrum fr\u00e1 \u00fev\u00ed.<a name=\"31\"><span class=\"versanumer\">31<\/span><\/a>Eftir \u00fea\u00f0 t\u00f3k Jes\u00fas a\u00f0 segja \u00feeim fr\u00e1: a\u00f0 s\u00e9r b\u00e6ri margt a\u00f0 l\u00ed\u00f0a, \u00fatsk\u00fafast af \u00f6ldungunum, enum \u00e6\u00f0stu prestum og \u00feeim skriftl\u00e6r\u00f0u; l\u00edka l\u00edfl\u00e1tinn a\u00f0 ver\u00f0a, en endurlifna \u00e1 \u00feri\u00f0ja degi eftir.<a name=\"32\"><span class=\"versanumer\">32<\/span><\/a>\u00deetta sag\u00f0i hann \u00feeim me\u00f0 berum or\u00f0um. \u00de\u00e1 P\u00e9tur hann afs\u00ed\u00f0is, og f\u00f3r a\u00f0 \u00e1telja hann;<a name=\"33\"><span class=\"versanumer\">33<\/span><\/a>en hann snerist vi\u00f0, leit til l\u00e6risveina sinna, og \u00e1v\u00edta\u00f0i P\u00e9tur me\u00f0 svofelldum or\u00f0um: far \u00fe\u00fa fr\u00e1 m\u00e9r, Satan! \u00fev\u00ed \u00fe\u00fa skynjar ekki Gu\u00f0s fyrir\u00e6tlanir, heldur manna.<a name=\"34\"><span class=\"versanumer\">34<\/span><\/a>A\u00f0 svo m\u00e6ltu kalla\u00f0i hann \u00e1 f\u00f3lki\u00f0 og l\u00e6risveina s\u00edna, og sag\u00f0i: hv\u00f6r, sem vera vill \u00ed minni fylgd, afneiti sj\u00e1lfum s\u00e9r, taki sinn kross, og fylgi m\u00e9r eftir;<a name=\"35\"><span class=\"versanumer\">35<\/span><\/a>\u00fev\u00ed hv\u00f6r, sem hyggst a\u00f0 for\u00f0a l\u00edfi s\u00ednu, mun \u00fev\u00ed t\u00fdna; en hv\u00f6r, sem vogar \u00fev\u00ed \u00ed h\u00e6ttu fyrir m\u00ednar e\u00f0ur n\u00e1\u00f0arbo\u00f0skapsins sakir, mun f\u00e1 \u00fev\u00ed borgi\u00f0;<a name=\"36\"><span class=\"versanumer\">36<\/span><\/a>\u00fev\u00ed a\u00f0 hv\u00f6rju gagni k\u00e6mi \u00fea\u00f0, \u00fe\u00f3tt ma\u00f0ur eigna\u00f0ist allan heiminn, ef hann li\u00f0i tj\u00f3n \u00e1 s\u00e1lu sinni;<a name=\"37\"><span class=\"versanumer\">37<\/span><\/a>e\u00f0a hva\u00f0 getur ma\u00f0urinn gefi\u00f0 til lausnar s\u00e1lu sinni?<a name=\"38\"><span class=\"versanumer\">38<\/span><\/a>\u00fev\u00ed hv\u00f6r, sem ekki vill kannast vi\u00f0 mig og m\u00edna kenningu fyrir \u00feessari h\u00f3runars\u00f6mu og syndugu kynsl\u00f3\u00f0, vi\u00f0 hann mun Mannsins Sonur ekki heldur kannast, \u00feegar hann kemur me\u00f0 helgum englum \u00ed d\u00fdr\u00f0 f\u00f6\u00f0ur s\u00edns.<a name=\"39\"><span class=\"versanumer\">39<\/span><\/a>Enn framar sag\u00f0i hann: tr\u00fai\u00f0 m\u00e9r, a\u00f0 h\u00e9r eru n\u00fa vi\u00f0staddir nokkrir \u00feeir, sem au\u00f0nast mun a\u00f0 lifa svo lengi, a\u00f0 \u00feeir sj\u00e1i r\u00edki Gu\u00f0s <span class='VideyAth'>a)<\/span> koma me\u00f0 krafti.<\/p>\n<div class=\"footnoteVidey\">V. 1\u20139. sbr. Matt. 15,32\u201339.  V. 10\u201321, sbr. Matt. 15,39. 16,1\u201312.  V. 10. Dalman\u00fata, sta\u00f0ur austanvert vi\u00f0 Gal\u00edleuvatn.  V. 13. a. Yfir um, \u00fe. e. til baka vestur yfir vatni\u00f0.  V. 15, sbr. L\u00fak. 12,1.  V. 27\u201339, sbr. Matt. 16,13\u201328. L\u00fak. 9,18\u201327.  V. 39. a. \u00de. e. Krists l\u00e6rd\u00f3m \u00fatbrei\u00f0ast og hans kirkju eflast.<\/div>\n","protected":false},"excerpt":{"rendered":"<p>Jes\u00fas mettar 4000 manna; talar um s\u00fardeig Her\u00f3desar og far\u00edseanna; gefur s\u00fdn. Me\u00f0kenning l\u00e6risveinanna um Jes\u00fas. 1Um \u00feessar mundir bar enn svo vi\u00f0, a\u00f0 mikill f\u00f3lksfj\u00f6ldi var hj\u00e1 honum, og haf\u00f0i ekkert til matar. \u00de\u00e1 kalla\u00f0i Jes\u00fas \u00e1 l\u00e6risveina s\u00edna og sag\u00f0i:2eg aumkast yfir f\u00f3lk \u00feetta, \u00fea\u00f0 hefir n\u00fa hj\u00e1 m\u00e9r veri\u00f0 \u00ed \u00ferj\u00e1 daga og ekkert til matar haft;3en ef eg l\u00e6t \u00fe\u00e1 fara fr\u00e1 m\u00e9r fastandi til heimila sinna, ver\u00f0a \u00feeir magn\u00ferota \u00e1 veginum; \u00fev\u00ed sumir af \u00feeim voru langt a\u00f0 komnir.4\u00de\u00e1 sv\u00f6ru\u00f0u l\u00e6risveinar hans: hv\u00f6rninn f\u00e6r nokkur f\u00e6tt \u00fe\u00e1 h\u00e9r \u00ed \u00f3bygg\u00f0um?5hann spur\u00f0i \u00fe\u00e1: hv\u00f6rsu m\u00f6rg brau\u00f0 <a href=\"https:\/\/biblian.is\/videy\/markusargudspjall-8-kafli\/\"> [&#8230;]<\/a><\/p>\n","protected":false},"author":1,"featured_media":0,"parent":0,"menu_order":0,"comment_status":"open","ping_status":"open","template":"bibliukaflar.php","meta":{"footnotes":""},"class_list":["post-21814","page","type-page","status-publish","hentry"],"_links":{"self":[{"href":"https:\/\/biblian.is\/videy\/wp-json\/wp\/v2\/pages\/21814","targetHints":{"allow":["GET"]}}],"collection":[{"href":"https:\/\/biblian.is\/videy\/wp-json\/wp\/v2\/pages"}],"about":[{"href":"https:\/\/biblian.is\/videy\/wp-json\/wp\/v2\/types\/page"}],"author":[{"embeddable":true,"href":"https:\/\/biblian.is\/videy\/wp-json\/wp\/v2\/users\/1"}],"replies":[{"embeddable":true,"href":"https:\/\/biblian.is\/videy\/wp-json\/wp\/v2\/comments?post=21814"}],"version-history":[{"count":0,"href":"https:\/\/biblian.is\/videy\/wp-json\/wp\/v2\/pages\/21814\/revisions"}],"wp:attachment":[{"href":"https:\/\/biblian.is\/videy\/wp-json\/wp\/v2\/media?parent=21814"}],"curies":[{"name":"wp","href":"https:\/\/api.w.org\/{rel}","templated":true}]}}