{"id":21813,"date":"2018-01-02T01:04:15","date_gmt":"2018-01-02T01:04:15","guid":{"rendered":"http:\/\/biblian.is\/videy\/markusargudspjall-7-kafli\/"},"modified":"2018-01-02T01:04:15","modified_gmt":"2018-01-02T01:04:15","slug":"markusargudspjall-7-kafli","status":"publish","type":"page","link":"https:\/\/biblian.is\/videy\/markusargudspjall-7-kafli\/","title":{"rendered":"Mark\u00fasargu\u00f0spjall 7. kafli"},"content":{"rendered":"<div class=\"fyrirsognVidey\">Jes\u00fas tekur \u00ed forsvar l\u00e6risveina s\u00edna, \u00fatrekur dj\u00f6ful; l\u00e6knar daufan og m\u00e1lhaltan.<\/div>\n<p><a name=\"1\"><span class=\"versanumer\">1<\/span><\/a>\u00de\u00e1 komu til hans far\u00edsear og nokkrir skriftl\u00e6r\u00f0ir menn, er komnir v\u00f3ru fr\u00e1 Jer\u00fasalem;<a name=\"2\"><span class=\"versanumer\">2<\/span><\/a>og er \u00feeir s\u00e1u, a\u00f0 nokkrir af l\u00e6risveinum hans t\u00f3ku til s\u00edn f\u00e6\u00f0u me\u00f0 vanheil\u00f6gum h\u00f6ndum, \u00fea\u00f0 er: \u00f3\u00fevegnum,<a name=\"3\"><span class=\"versanumer\">3<\/span><\/a><span class='VideyAth'>(\u00fev\u00ed far\u00edsear og Gy\u00f0ingar yfirh\u00f6fu\u00f0 f\u00e1 s\u00e9r ekki mat, nema \u00feeir \u00e1\u00f0ur taki handlaugar, og fylgja \u00feeir \u00ed \u00feessu tilskipunum \u00f6ldunganna; ekki heldur eta \u00feeir matv\u00e6li, sem \u00e1 torgi eru keypt, nema \u00feeim s\u00e9 \u00e1\u00f0ur d\u00fdft \u00ed vatn,<\/span><a name=\"4\"><span class=\"versanumer\">4<\/span><\/a><span class='VideyAth'>og margt anna\u00f0 er \u00fea\u00f0, er \u00feeir hafa undirgengist a\u00f0 g\u00e6ta, svo sem er \u00fevottur \u00e1 drykkjarkerum, k\u00f6nnum, eirkerum og bor\u00f0bekkjum)<\/span>:<a name=\"5\"><span class=\"versanumer\">5<\/span><\/a>\u00de\u00e1 t\u00f3ku far\u00edsear og hinir skriftl\u00e6r\u00f0u svo til or\u00f0a: \u00fev\u00ed fylgja l\u00e6risveinar \u00fe\u00ednir ekki tilskipunum hinna g\u00f6mlu, heldur matast me\u00f0 \u00f3hreinum h\u00f6ndum?<a name=\"6\"><span class=\"versanumer\">6<\/span><\/a>Jes\u00fas m\u00e6lti: snoturlega hefir Esajas fyrirsagt um y\u00f0ur, \u00fe\u00e9r skinhelgir! \u00fea\u00f0 skrifa\u00f0 er: \u201el\u00fd\u00f0ur \u00feessi hei\u00f0rar mig me\u00f0 v\u00f6runum, en hj\u00f6rtu \u00feeirra eru langt fr\u00e1 m\u00e9r;<a name=\"7\"><span class=\"versanumer\">7<\/span><\/a>\u00feeirra d\u00fdrkan \u00e1 m\u00e9r er h\u00e9g\u00f3mleg, er \u00feeir kenna \u00fea\u00f0, sem eru manna tilskipanir.\u201c<a name=\"8\"><span class=\"versanumer\">8<\/span><\/a>\u00de\u00e9r skeyti\u00f0 ekki bo\u00f0um Gu\u00f0s, en haldi\u00f0 fast vi\u00f0 mannatilskipanir, svo sem er \u00fevottur \u00e1 k\u00f6nnum og drykkjukerum, og margt fleira \u00feess h\u00e1ttar gj\u00f6ri\u00f0 \u00fe\u00e9r.<a name=\"9\"><span class=\"versanumer\">9<\/span><\/a>Enn framar sag\u00f0i hann: d\u00e1fallega viti\u00f0 \u00fe\u00e9r a\u00f0 \u00f3n\u00fdta Gu\u00f0s bo\u00f0, svo \u00fe\u00e9r geti\u00f0 fylgt y\u00f0ar eigin setningum!<a name=\"10\"><span class=\"versanumer\">10<\/span><\/a>\u00fev\u00ed M\u00f3ses hefir sagt: \u201ehei\u00f0ra f\u00f6\u00f0ur \u00feinn og m\u00f3\u00f0ur, og hv\u00f6r hann form\u00e6lir f\u00f6\u00f0ur e\u00f0ur m\u00f3\u00f0ur, skal r\u00e9ttdr\u00e6pur\u201c;<a name=\"11\"><span class=\"versanumer\">11<\/span><\/a>\u00fear \u00e1 m\u00f3t segi\u00f0 \u00fe\u00e9r: ef einhv\u00f6r segir vi\u00f0 f\u00f6\u00f0ur e\u00f0ur m\u00f3\u00f0ur: eigur \u00fe\u00e6r, hva\u00f0 me\u00f0 eg kynni a\u00f0 hj\u00e1lpa \u00fe\u00e9r, eru heitf\u00e9,<a name=\"12\"><span class=\"versanumer\">12<\/span><\/a>\u00fe\u00e1 leyfi\u00f0 \u00fe\u00e9r honum ekki a\u00f0 gj\u00f6ra foreldrum s\u00ednum nokku\u00f0 gott framar af \u00feeim,<a name=\"13\"><span class=\"versanumer\">13<\/span><\/a>og \u00f3n\u00fdti\u00f0 \u00feannig Gu\u00f0s l\u00f6g, me\u00f0 y\u00f0ar eigin tilskipunum, \u00feeim er \u00fe\u00e9r sj\u00e1lfir hafi\u00f0 tilsett; og margt anna\u00f0 gj\u00f6ri\u00f0 \u00fe\u00e9r \u00feessu l\u00edkt.<a name=\"14\"><span class=\"versanumer\">14<\/span><\/a>S\u00ed\u00f0an kalla\u00f0i hann saman allan l\u00fd\u00f0inn, og t\u00f3k svo til m\u00e1ls: hl\u00fd\u00f0i\u00f0 m\u00e9r allir, og gefi\u00f0 gaum a\u00f0 \u00fev\u00ed eg segi!<a name=\"15\"><span class=\"versanumer\">15<\/span><\/a>ekkert er \u00fea\u00f0 fyrir utan manninn, sem inn \u00ed hann fer, er hann kunni saurga, heldur \u00fea\u00f0, sem \u00fatfer af manninum, \u00fea\u00f0 er \u00fea\u00f0 sem saurgar hann.<a name=\"16\"><span class=\"versanumer\">16<\/span><\/a>Hv\u00f6r hann hefir eyru a\u00f0 heyra, hann heyri!<a name=\"17\"><span class=\"versanumer\">17<\/span><\/a>En er hann var kominn inn fr\u00e1 f\u00f3lkinu, spur\u00f0u l\u00e6risveinarnir hann um \u00fe\u00fd\u00f0ingu \u00feessarar d\u00e6mis\u00f6gu.<a name=\"18\"><span class=\"versanumer\">18<\/span><\/a>Jes\u00fas m\u00e6lti: eru\u00f0 \u00fe\u00e9r einninn svo skilningslausir? skynji\u00f0 \u00fe\u00e9r ekki, a\u00f0 ekkert af \u00fev\u00ed, sem utan fr\u00e1 kemur inn \u00ed manninn, getur saurga\u00f0 hann;<a name=\"19\"><span class=\"versanumer\">19<\/span><\/a>\u00fev\u00ed ekki fer \u00fea\u00f0 inn \u00ed hjarta hans, heldur \u00ed magann, hva\u00f0an \u00fea\u00f0 fer, eftir e\u00f0lilegri r\u00e1s, hv\u00f6r e\u00f0 f\u00e6\u00f0una hreinsar.<a name=\"20\"><span class=\"versanumer\">20<\/span><\/a>\u00dear \u00e1 m\u00f3t, sag\u00f0i hann, \u00fea\u00f0 sem \u00fatfer af manninum, saurgar hann;<a name=\"21\"><span class=\"versanumer\">21<\/span><\/a>\u00fev\u00ed a\u00f0 innan fr\u00e1 hugskoti mannsins koma illar hugrenningar, h\u00f3r, frillul\u00edfi, manndr\u00e1p,<a name=\"22\"><span class=\"versanumer\">22<\/span><\/a>\u00fej\u00f3fna\u00f0ur, f\u00e9girni, illmennska, hrekkv\u00edsi, \u00f3stj\u00f3rnlegt l\u00edferni, \u00f6fund, lastm\u00e6li, drambsemi, gu\u00f0leysi;<a name=\"23\"><span class=\"versanumer\">23<\/span><\/a>allt \u00feetta kemur a\u00f0 innan og saurgar manninn.<br \/><a name=\"24\"><span class=\"versanumer\">24<\/span><\/a>H\u00e9\u00f0an f\u00f3r hann \u00fear til, er skilur land T\u00fdrusar og S\u00edd\u00f3nar, og gekk \u00fear inn \u00ed h\u00fas nokkurt, og vildi a\u00f0 enginn skyldi ver\u00f0a var vi\u00f0, en gat \u00fe\u00f3 ekki dulist,<a name=\"25\"><span class=\"versanumer\">25<\/span><\/a>\u00fev\u00ed kona nokkur, hv\u00f6rrar d\u00f3ttir kvalin var af \u00f3hreinum anda, fr\u00e9tti til hans, kom og f\u00e9ll honum til f\u00f3ta;<a name=\"26\"><span class=\"versanumer\">26<\/span><\/a>h\u00fan var hei\u00f0in, s\u00fdrlensk a\u00f0 \u00e6tt, \u00far Fenis\u00eda. \u00deessi kona beiddi hann a\u00f0 reka dj\u00f6fulinn \u00fat fr\u00e1 d\u00f3ttur sinni.<a name=\"27\"><span class=\"versanumer\">27<\/span><\/a>Jes\u00fas m\u00e6lti: lofa\u00f0u b\u00f6rnunum a\u00f0 matast fyrst, \u00fev\u00ed ekki s\u00e6mir a\u00f0 taka brau\u00f0i\u00f0 fr\u00e1 \u00feeim og snara \u00fev\u00ed fyrir hvolpa.<a name=\"28\"><span class=\"versanumer\">28<\/span><\/a>Satt er \u00fea\u00f0, Herra! sag\u00f0i h\u00fan; \u00fe\u00f3 eta hvolparnir molana undir bor\u00f0um barnanna.<a name=\"29\"><span class=\"versanumer\">29<\/span><\/a>Hann m\u00e6lti: s\u00f6kum \u00feessa svars, \u00fe\u00e1 far \u00fe\u00fa heim, dj\u00f6fullinn er \u00fatfarinn af d\u00f3ttur \u00feinni.<a name=\"30\"><span class=\"versanumer\">30<\/span><\/a>Og er h\u00fan kom heim, fann h\u00fan a\u00f0 dj\u00f6fullinn var \u00fatfarinn, en d\u00f3ttir hennar l\u00e1 \u00ed rekkju.<a name=\"31\"><span class=\"versanumer\">31<\/span><\/a>Fr\u00e1 landamerkjum T\u00fdrusar og S\u00edd\u00f3nar f\u00f3r hann aftur til sj\u00e1varins \u00ed Gal\u00edl\u00e6u, yfir Dekap\u00f3lisland;<a name=\"32\"><span class=\"versanumer\">32<\/span><\/a>h\u00e9r f\u00e6r\u00f0u \u00feeir honum mann daufan og m\u00e1lhaltan; \u00feeir b\u00e1\u00f0u hann a\u00f0 leggja hendur yfir hann.<a name=\"33\"><span class=\"versanumer\">33<\/span><\/a>Jes\u00fas veik honum til s\u00ed\u00f0u fr\u00e1 fj\u00f6lmenninu, stakk fingrum s\u00ednum \u00ed eyru honum, hr\u00e6kti fr\u00e1 s\u00e9r, og hr\u00e6r\u00f0i vi\u00f0 tungu hans,<a name=\"34\"><span class=\"versanumer\">34<\/span><\/a>leit upp til himins, andvarpa\u00f0i og sag\u00f0i vi\u00f0 hann: E f f a t a! \u00fea\u00f0 \u00fe\u00fd\u00f0ir: opna \u00fe\u00fa \u00feig!<a name=\"35\"><span class=\"versanumer\">35<\/span><\/a>Og strax opnu\u00f0ust hans hlustir, og haft hans tungu losna\u00f0i, og hann tala\u00f0i sk\u00fdrt.<a name=\"36\"><span class=\"versanumer\">36<\/span><\/a>Fr\u00e1 \u00feessu banna\u00f0i hann a\u00f0 segja nokkrum; en \u00feess meir sem hann banna\u00f0i \u00feetta, \u00fev\u00ed framar v\u00ed\u00f0fr\u00e6g\u00f0u \u00feeir \u00fea\u00f0,<a name=\"37\"><span class=\"versanumer\">37<\/span><\/a>og s\u00f6g\u00f0u n\u00e6sta undrunarfullir: allt gj\u00f6rir hann d\u00e1samlega, \u00fev\u00ed heyrnarlausum gefur hann heyrn og m\u00e1llausum m\u00e1l.<\/p>\n<div class=\"footnoteVidey\">V. 1. Matt. 15,1.  V. 2. L\u00fak. 14,38.  V. 6. Es. 29,13.  V. 10. 2 M\u00f3s. 20,12. 21,17.  V. 24\u201330. sbr. Matt. 15,21\u201328.  V. 31\u201337. sbr. Matt. 15,29\u201331. (L\u00fak. 11,14).<\/div>\n","protected":false},"excerpt":{"rendered":"<p>Jes\u00fas tekur \u00ed forsvar l\u00e6risveina s\u00edna, \u00fatrekur dj\u00f6ful; l\u00e6knar daufan og m\u00e1lhaltan. 1\u00de\u00e1 komu til hans far\u00edsear og nokkrir skriftl\u00e6r\u00f0ir menn, er komnir v\u00f3ru fr\u00e1 Jer\u00fasalem;2og er \u00feeir s\u00e1u, a\u00f0 nokkrir af l\u00e6risveinum hans t\u00f3ku til s\u00edn f\u00e6\u00f0u me\u00f0 vanheil\u00f6gum h\u00f6ndum, \u00fea\u00f0 er: \u00f3\u00fevegnum,3(\u00fev\u00ed far\u00edsear og Gy\u00f0ingar yfirh\u00f6fu\u00f0 f\u00e1 s\u00e9r ekki mat, nema \u00feeir \u00e1\u00f0ur taki handlaugar, og fylgja \u00feeir \u00ed \u00feessu tilskipunum \u00f6ldunganna; ekki heldur eta \u00feeir matv\u00e6li, sem \u00e1 torgi eru keypt, nema \u00feeim s\u00e9 \u00e1\u00f0ur d\u00fdft \u00ed vatn,4og margt anna\u00f0 er \u00fea\u00f0, er \u00feeir hafa undirgengist a\u00f0 g\u00e6ta, svo sem er \u00fevottur \u00e1 drykkjarkerum, k\u00f6nnum, eirkerum og <a href=\"https:\/\/biblian.is\/videy\/markusargudspjall-7-kafli\/\"> [&#8230;]<\/a><\/p>\n","protected":false},"author":1,"featured_media":0,"parent":0,"menu_order":0,"comment_status":"open","ping_status":"open","template":"bibliukaflar.php","meta":{"footnotes":""},"class_list":["post-21813","page","type-page","status-publish","hentry"],"_links":{"self":[{"href":"https:\/\/biblian.is\/videy\/wp-json\/wp\/v2\/pages\/21813","targetHints":{"allow":["GET"]}}],"collection":[{"href":"https:\/\/biblian.is\/videy\/wp-json\/wp\/v2\/pages"}],"about":[{"href":"https:\/\/biblian.is\/videy\/wp-json\/wp\/v2\/types\/page"}],"author":[{"embeddable":true,"href":"https:\/\/biblian.is\/videy\/wp-json\/wp\/v2\/users\/1"}],"replies":[{"embeddable":true,"href":"https:\/\/biblian.is\/videy\/wp-json\/wp\/v2\/comments?post=21813"}],"version-history":[{"count":0,"href":"https:\/\/biblian.is\/videy\/wp-json\/wp\/v2\/pages\/21813\/revisions"}],"wp:attachment":[{"href":"https:\/\/biblian.is\/videy\/wp-json\/wp\/v2\/media?parent=21813"}],"curies":[{"name":"wp","href":"https:\/\/api.w.org\/{rel}","templated":true}]}}