{"id":21812,"date":"2018-01-02T01:04:15","date_gmt":"2018-01-02T01:04:15","guid":{"rendered":"http:\/\/biblian.is\/videy\/markusargudspjall-6-kafli\/"},"modified":"2018-01-02T01:04:15","modified_gmt":"2018-01-02T01:04:15","slug":"markusargudspjall-6-kafli","status":"publish","type":"page","link":"https:\/\/biblian.is\/videy\/markusargudspjall-6-kafli\/","title":{"rendered":"Mark\u00fasargu\u00f0spjall 6. kafli"},"content":{"rendered":"<div class=\"fyrirsognVidey\">Jes\u00fas er fyrirlitinn; \u00fatsendir postula; nokkrir \u00e6tla hann s\u00e9 J\u00f3hannes; se\u00f0ur 5000 mans; gengur \u00e1 sj\u00f3num; l\u00e6knar.<\/div>\n<p><a name=\"1\"><span class=\"versanumer\">1<\/span><\/a>\u00dea\u00f0an f\u00f3r hann til \u00e6ttjar\u00f0ar sinnar og l\u00e6risveinar hans voru \u00ed fylgd me\u00f0 honum,<a name=\"2\"><span class=\"versanumer\">2<\/span><\/a>og n\u00e6sta hv\u00edldardag t\u00f3k hann til a\u00f0 kenna \u00ed samkunduh\u00fasinu, og undru\u00f0ust margir, sem \u00fea\u00f0 heyr\u00f0u, og m\u00e6ltu: hva\u00f0an hefir \u00feessi ma\u00f0ur numi\u00f0 \u00feetta? og hv\u00edl\u00edka visku hefir hann \u00f6\u00f0last, og hv\u00edl\u00edk eru \u00feau kraftaverk, er hann fremur?<a name=\"3\"><span class=\"versanumer\">3<\/span><\/a>er hann ekki smi\u00f0urinn, sonur Mar\u00edu og br\u00f3\u00f0ir \u00feeirra Jakobs og J\u00f3sesar, J\u00fadasar og S\u00edmonar? og eru ekki systur hans h\u00e9r me\u00f0 oss? og \u00feeir hneykslu\u00f0ust \u00e1 honum.<a name=\"4\"><span class=\"versanumer\">4<\/span><\/a>En Jes\u00fas m\u00e6lti vi\u00f0 \u00fe\u00e1: hv\u00f6rgi er nokkur sp\u00e1ma\u00f0ur mi\u00f0ur virtur, en \u00e1 f\u00f3sturj\u00f6r\u00f0u sinni og me\u00f0al \u00e6ttmanna sinna og heima;<a name=\"5\"><span class=\"versanumer\">5<\/span><\/a>og hann gat ekkert kraftaverk gj\u00f6rt \u00fear, a\u00f0 undanteknu \u00fev\u00ed, a\u00f0 hann lag\u00f0i hendur yfir f\u00e1eina sj\u00faka og l\u00e6kna\u00f0i \u00fe\u00e1, og fur\u00f0a\u00f0i hann sig \u00e1 tr\u00faarleysi \u00feeirra,<a name=\"6\"><span class=\"versanumer\">6<\/span><\/a>og f\u00f3r um \u00feorpin \u00fear \u00ed kring og kenndi.<br \/><a name=\"7\"><span class=\"versanumer\">7<\/span><\/a>Nokkru s\u00ed\u00f0ar kalla\u00f0i hann \u00fe\u00e1 t\u00f3lf til s\u00edn, og sendi \u00fe\u00e1 fr\u00e1 s\u00e9r tvo og tvo saman, og gaf \u00feeim vald yfir \u00f3hreinum \u00f6ndum;<a name=\"8\"><span class=\"versanumer\">8<\/span><\/a>til fer\u00f0arinnar banna\u00f0i hann \u00feeim a\u00f0 taka nokku\u00f0 me\u00f0 s\u00e9r, nema einungis staf, en hv\u00f6rki nestismal, brau\u00f0 e\u00f0ur f\u00e9 \u00ed beltum s\u00ednum,<a name=\"9\"><span class=\"versanumer\">9<\/span><\/a>en \u00feeir skyldu hafa sk\u00f3 \u00e1 f\u00f3tum; ekki skyldu \u00feeir heldur kl\u00e6\u00f0ast tvennum kyrtlum;<a name=\"10\"><span class=\"versanumer\">10<\/span><\/a>og enn framar sag\u00f0i hann vi\u00f0 \u00fe\u00e1: haldi\u00f0 kyrru fyrir \u00ed hv\u00f6rju \u00fev\u00ed h\u00fasi, er \u00fe\u00e9r taki\u00f0 y\u00f0ur gistingu, \u00fear til \u00fe\u00e9r fari\u00f0 \u00far \u00fev\u00ed \u00feorpi,<a name=\"11\"><span class=\"versanumer\">11<\/span><\/a>en hvar menn ekki vilja veita y\u00f0ur m\u00f3tt\u00f6ku e\u00f0a heyra y\u00f0ur, \u00fe\u00e1 fari\u00f0 \u00fea\u00f0an og hristi\u00f0 duft af f\u00f3tum y\u00f0ar til vitnis gegn \u00feeim.<a name=\"12\"><span class=\"versanumer\">12<\/span><\/a>\u00deeir f\u00f3ru og kenndu f\u00f3lkinu a\u00f0 b\u00e6ta r\u00e1\u00f0 sitt,<a name=\"13\"><span class=\"versanumer\">13<\/span><\/a>r\u00e1ku marga dj\u00f6fla \u00fat, og smur\u00f0u marga sj\u00faka me\u00f0 vi\u00f0smj\u00f6ri, og l\u00e6knu\u00f0u \u00fe\u00e1.<br \/><a name=\"14\"><span class=\"versanumer\">14<\/span><\/a>\u00deetta heyr\u00f0i Her\u00f3des konungur, <span class='VideyAth'>(\u00fev\u00ed miklar s\u00f6gur gengu n\u00fa fr\u00e1 Jes\u00fa)<\/span>, \u00fe\u00e1 s\u00f6g\u00f0u menn: J\u00f3hannes sk\u00edrari er endurlifna\u00f0ur og \u00fev\u00ed gj\u00f6rast sl\u00edk kraftaverk af honum.<a name=\"15\"><span class=\"versanumer\">15<\/span><\/a>Sumir s\u00f6g\u00f0u hann <span class='VideyAth'>a)<\/span> v\u00e6ri El\u00edas, a\u00f0rir, a\u00f0 hann v\u00e6ri sp\u00e1ma\u00f0ur, l\u00edkur \u00feeim fyrri sp\u00e1m\u00f6nnum.<a name=\"16\"><span class=\"versanumer\">16<\/span><\/a>En er Her\u00f3des heyr\u00f0i \u00feetta, m\u00e6lti hann: J\u00f3hannes, sem eg hefi l\u00e1ti\u00f0 h\u00e1lsh\u00f6ggva, er n\u00fa endurlifna\u00f0ur.<a name=\"17\"><span class=\"versanumer\">17<\/span><\/a>\u00dev\u00ed \u00e1\u00f0ur haf\u00f0i Her\u00f3des l\u00e1ti\u00f0 h\u00f6ndla J\u00f3hannes og setja \u00ed myrkvastofu vegna Her\u00f3d\u00edadis, konu Filippusar br\u00f3\u00f0ur hans, hv\u00f6rja Her\u00f3des n\u00fa haf\u00f0i gengi\u00f0 a\u00f0 eiga;<a name=\"18\"><span class=\"versanumer\">18<\/span><\/a>\u00fev\u00ed J\u00f3hannes haf\u00f0i sagt vi\u00f0 Her\u00f3des: \u00fe\u00fa m\u00e1tt ekki eiga br\u00f3\u00f0urkonu \u00fe\u00edna.<a name=\"19\"><span class=\"versanumer\">19<\/span><\/a>Vegna \u00feessa var Her\u00f3d\u00edadi illa til J\u00f3hannesar og vildi r\u00e1\u00f0a honum bana, en gat \u00fea\u00f0 ekki,<a name=\"20\"><span class=\"versanumer\">20<\/span><\/a>\u00fev\u00ed Her\u00f3des virti J\u00f3hannes, \u00fear hann vissi hann vera r\u00e9ttl\u00e1tan og helgan mann, og vernda\u00f0i hann, og gj\u00f6r\u00f0i margt a\u00f0 hans r\u00e1\u00f0um, og heyr\u00f0i hann gjarna.<a name=\"21\"><span class=\"versanumer\">21<\/span><\/a>En sem hentugur dagur kom, \u00fe\u00e1 Her\u00f3des gj\u00f6r\u00f0i veislu \u00e1 s\u00ednum f\u00e6\u00f0ingardegi fyrir g\u00e6\u00f0ingum s\u00ednum, \u00fe\u00fashundra\u00f0sh\u00f6f\u00f0ingjum og enum helstu m\u00f6nnum \u00ed Gal\u00edleu,<a name=\"22\"><span class=\"versanumer\">22<\/span><\/a>kom inn d\u00f3ttir Her\u00f3d\u00edadis og dansa\u00f0i, svo Her\u00f3desi og \u00feeim, sem bo\u00f0nir voru, l\u00edka\u00f0i \u00fea\u00f0 vel. \u00de\u00e1 sag\u00f0i konungurinn vi\u00f0 st\u00falkuna: bi\u00f0 mig hv\u00f6rs \u00fe\u00fa vilt, og mun eg veita \u00fe\u00e9r.<a name=\"23\"><span class=\"versanumer\">23<\/span><\/a>Og hann lofa\u00f0i henni me\u00f0 ei\u00f0i: hv\u00f6rs \u00fe\u00fa bei\u00f0ist af m\u00e9r, \u00fe\u00e1 mun eg veita \u00fe\u00e9r allt a\u00f0 helmingi r\u00edkis m\u00edns;<a name=\"24\"><span class=\"versanumer\">24<\/span><\/a>en h\u00fan gekk \u00fat, og spur\u00f0i m\u00f3\u00f0ur s\u00edna: um hva\u00f0 skal eg bi\u00f0ja?<a name=\"25\"><span class=\"versanumer\">25<\/span><\/a>H\u00fan m\u00e6lti: um h\u00f6fu\u00f0 J\u00f3hannesar sk\u00edrara. H\u00fan kom inn aftur me\u00f0 skyndi til konungsins og m\u00e6lti: eg vil a\u00f0 \u00fe\u00fa gefir m\u00e9r strax h\u00f6fu\u00f0 J\u00f3hannesar sk\u00edrara \u00e1 diski.<a name=\"26\"><span class=\"versanumer\">26<\/span><\/a>Vi\u00f0 \u00feetta var\u00f0 konungurinn n\u00e6sta hryggur, en s\u00f6kum ei\u00f0s \u00feess, er hann haf\u00f0i unni\u00f0, og bo\u00f0smanna sinna, vildi hann ekki synja henni \u00feess;<a name=\"27\"><span class=\"versanumer\">27<\/span><\/a>sendi \u00fe\u00e1 konungurinn strax einn var\u00f0manna sinna <span class='VideyAth'>b)<\/span> og skipa\u00f0i a\u00f0 f\u00e6ra s\u00e9r h\u00f6fu\u00f0 J\u00f3hannesar;<a name=\"28\"><span class=\"versanumer\">28<\/span><\/a>en hann f\u00f3r og afh\u00f6f\u00f0a\u00f0i hann \u00ed myrkvastofunni, kom me\u00f0 h\u00f6fu\u00f0i\u00f0 \u00e1 fati og f\u00e6r\u00f0i meyjunni, en h\u00fan bar \u00fea\u00f0 til m\u00f3\u00f0ur sinnar.<a name=\"29\"><span class=\"versanumer\">29<\/span><\/a>En er l\u00e6risveinar hans heyr\u00f0u \u00feetta, komu \u00feeir, t\u00f3ku l\u00edk hans og l\u00f6g\u00f0u \u00fea\u00f0 \u00ed gr\u00f6f.<br \/><a name=\"30\"><span class=\"versanumer\">30<\/span><\/a>Postularnir komu aftur til Jes\u00fa, og s\u00f6g\u00f0u honum fr\u00e1 \u00f6llu \u00fev\u00ed, sem \u00feeir h\u00f6f\u00f0u gj\u00f6rt og kennt;<a name=\"31\"><span class=\"versanumer\">31<\/span><\/a>\u00fe\u00e1 sag\u00f0i Jes\u00fas til \u00feeirra: fari\u00f0 me\u00f0 m\u00e9r einir \u00e1 afvikinn sta\u00f0, og hv\u00edlist \u00fear um stund, \u00fev\u00ed svo margir v\u00f3ru komandi og farandi, a\u00f0 \u00feeir h\u00f6f\u00f0u ekki matfri\u00f0.<a name=\"32\"><span class=\"versanumer\">32<\/span><\/a>S\u00ed\u00f0an f\u00f3ru \u00feeir einir s\u00e9r \u00e1 skipi til \u00f3bygg\u00f0a,<a name=\"33\"><span class=\"versanumer\">33<\/span><\/a>en menn s\u00e1u \u00feegar \u00feeir f\u00f3ru burt, og margir \u00feekktu \u00fe\u00e1; hlupu menn \u00fev\u00ed saman \u00feanga\u00f0 \u00e1 f\u00e6ti \u00far \u00f6llum borgum og komu \u00feeir \u00e1 undan \u00feeim og fundu hann.<a name=\"34\"><span class=\"versanumer\">34<\/span><\/a>Og er hann steig af skipi, s\u00e1 hann \u00fear mikinn mannfj\u00f6lda, og kenndi \u00ed brj\u00f3sti um \u00fe\u00e1, \u00fev\u00ed \u00feeir v\u00f3ru sem sau\u00f0ir \u00e1n hir\u00f0is, og pr\u00e9dika\u00f0i fyrir \u00feeim um marga hluti;<a name=\"35\"><span class=\"versanumer\">35<\/span><\/a>en er mj\u00f6g var \u00e1li\u00f0i\u00f0 dags, komu l\u00e6risveinar hans til hans og s\u00f6g\u00f0u: v\u00e9r erum h\u00e9r \u00ed ey\u00f0ista\u00f0, og framor\u00f0i\u00f0 er dags,<a name=\"36\"><span class=\"versanumer\">36<\/span><\/a>l\u00e1t \u00fe\u00e1 fr\u00e1 \u00fe\u00e9r, svo \u00feeir geti fari\u00f0 \u00ed bygg\u00f0ina og \u00feorpin h\u00e9r um kring og keypt s\u00e9r vistir, \u00fev\u00ed \u00feeir hafa alls ekkert til matar.<a name=\"37\"><span class=\"versanumer\">37<\/span><\/a>Jes\u00fas m\u00e6lti: gefi\u00f0 \u00fe\u00e9r \u00feeim mat. \u00deeir s\u00f6g\u00f0u til hans: skulum v\u00e9r fara og kaupa \u00feeim mat fyrir 200 peninga, og gefa \u00feeim a\u00f0 eta?<a name=\"38\"><span class=\"versanumer\">38<\/span><\/a>Jes\u00fas m\u00e6lti \u00fe\u00e1: hve m\u00f6rg brau\u00f0 hafi\u00f0 \u00fe\u00e9r? fari\u00f0 og g\u00e6ti\u00f0 a\u00f0 \u00fev\u00ed! \u00feeir gj\u00f6r\u00f0u svo, og s\u00f6g\u00f0ust hafa fimm brau\u00f0 og tvo fiska.<a name=\"39\"><span class=\"versanumer\">39<\/span><\/a>\u00de\u00e1 bau\u00f0 hann \u00feeim a\u00f0 l\u00e1ta f\u00f3lki\u00f0 setjast ni\u00f0ur h\u00f3pum saman \u00ed grasi\u00f0,<a name=\"40\"><span class=\"versanumer\">40<\/span><\/a>og \u00fea\u00f0 settist ni\u00f0ur \u00ed flokkum, og v\u00f3ru hundra\u00f0 \u00ed sumum, en fimmtygir \u00ed sumum.<a name=\"41\"><span class=\"versanumer\">41<\/span><\/a>\u00de\u00e1 t\u00f3k Jes\u00fas \u00feau fimm brau\u00f0in og \u00fe\u00e1 tvo fiska, leit til himins, gj\u00f6r\u00f0i Gu\u00f0i \u00feakkir, braut brau\u00f0in, og f\u00e9kk \u00feau l\u00e6risveinum s\u00ednum, a\u00f0 \u00feeir leg\u00f0u \u00feau fyrir f\u00f3lki\u00f0; sl\u00edkt hi\u00f0 sama skipti hann \u00feeim tveimur fiskum me\u00f0al allra;<a name=\"42\"><span class=\"versanumer\">42<\/span><\/a>en \u00feeir neyttu allir, og ur\u00f0u saddir.<a name=\"43\"><span class=\"versanumer\">43<\/span><\/a>S\u00ed\u00f0an t\u00f3ku \u00feeir upp molana, og ur\u00f0u \u00fea\u00f0 t\u00f3lf karfir fullar, og einnig fiskleifarnar;<a name=\"44\"><span class=\"versanumer\">44<\/span><\/a>en \u00feeir, sem neytt h\u00f6f\u00f0u matarins, v\u00f3ru a\u00f0 t\u00f6lu fimm \u00fe\u00fasundir manna.<br \/><a name=\"45\"><span class=\"versanumer\">45<\/span><\/a>Strax er \u00feessu var loki\u00f0, bau\u00f0 hann l\u00e6risveinum s\u00ednum a\u00f0 st\u00edga \u00e1 skip og fara undan s\u00e9r yfir um til Betsa\u00edda, me\u00f0an hann skildi f\u00f3lki\u00f0 vi\u00f0 sig;<a name=\"46\"><span class=\"versanumer\">46<\/span><\/a>en er hann haf\u00f0i l\u00e1ti\u00f0 f\u00f3lki\u00f0 fr\u00e1 s\u00e9r, f\u00f3r hann upp \u00e1 fjalli\u00f0 a\u00f0 bi\u00f0jast fyrir;<a name=\"47\"><span class=\"versanumer\">47<\/span><\/a>og er kv\u00f6ld var komi\u00f0, var skipi\u00f0 \u00e1 mi\u00f0ju vatninu, en hann einn \u00e1 landi;<a name=\"48\"><span class=\"versanumer\">48<\/span><\/a>\u00fe\u00e1 s\u00e1 Jes\u00fas, a\u00f0 r\u00f3\u00f0urinn gekk \u00feeim mj\u00f6g \u00f6r\u00f0ugt, \u00fev\u00ed andvi\u00f0ri var \u00e1. En n\u00e6r fj\u00f3r\u00f0ungur lif\u00f0i n\u00e6tur, kom hann til \u00feeirra, og gekk \u00e1 sj\u00f3num, og l\u00e9t sem hann \u00e6tla\u00f0i a\u00f0 ganga framhj\u00e1 \u00feeim.<a name=\"49\"><span class=\"versanumer\">49<\/span><\/a>En er \u00feeir s\u00e1u hann ganga \u00e1 sj\u00f3num, meintu \u00feeir a\u00f0 \u00fea\u00f0 mundi vera vofa, og \u00e6ptu upp yfir sig;<a name=\"50\"><span class=\"versanumer\">50<\/span><\/a>\u00fev\u00ed allir s\u00e1u \u00feeir hann, og ur\u00f0u felmtursfullir. Hann varpa\u00f0i \u00fe\u00e1 strax or\u00f0um \u00e1 \u00fe\u00e1, og m\u00e6lti: veri\u00f0 hughraustir, eg er \u00fea\u00f0, \u00f3ttist ekki!<a name=\"51\"><span class=\"versanumer\">51<\/span><\/a>S\u00ed\u00f0an f\u00f3r hann upp \u00ed skipi\u00f0 til \u00feeirra; l\u00e6g\u00f0i \u00fe\u00e1 ve\u00f0ri\u00f0. Og \u00feeir ur\u00f0u mj\u00f6g fr\u00e1numdir og undru\u00f0ust;<a name=\"52\"><span class=\"versanumer\">52<\/span><\/a>\u00fev\u00ed \u00feeir h\u00f6f\u00f0u ekki or\u00f0i\u00f0 hyggnari vi\u00f0 brau\u00f0at\u00e1kni\u00f0, \u00fear e\u00f0 hjarta \u00feeirra var svo blinda\u00f0.<br \/><a name=\"53\"><span class=\"versanumer\">53<\/span><\/a>S\u00ed\u00f0an f\u00f3ru \u00feeir yfirum og lentu vi\u00f0 Genesaretsland.<a name=\"54\"><span class=\"versanumer\">54<\/span><\/a>Og er \u00feeir stigu af skipi, \u00feekkti f\u00f3lki\u00f0 hann strax,<a name=\"55\"><span class=\"versanumer\">55<\/span><\/a>og hlj\u00f3p um allt \u00fea\u00f0 bygg\u00f0arlag, og t\u00f3ku a\u00f0 f\u00e6ra sj\u00faka \u00ed bur\u00f0arrekkjum \u00feanga\u00f0, sem \u00feeir heyr\u00f0u hann v\u00e6ri;<a name=\"56\"><span class=\"versanumer\">56<\/span><\/a>og hvar, sem hann f\u00f3r inn \u00ed \u00feorp, borgir e\u00f0ur b\u00e6i, \u00fe\u00e1 l\u00f6g\u00f0u \u00feeir vanheila menn \u00e1 torgin, og b\u00e1\u00f0u hann, a\u00f0 \u00feeim m\u00e6tti leyfast a\u00f0 snerta einungis kl\u00e6\u00f0afald hans; \u00fev\u00ed \u00feeir, sem snertu \u00fear vi\u00f0, ur\u00f0u heilbrig\u00f0ir.<\/p>\n<div class=\"footnoteVidey\">V. 1\u20136, sbr. Matt. 13,58. (J\u00f3h. 6,42).  V. 7\u201313, sbr. Matt 10,5. ff. L\u00fak. 9,1\u20136. 10,1. ff.  V. 14\u201329, sbr. Matt. 14,1\u201313. L\u00fak. 9,7\u20139.  V. 15. a. Hann, nefnil. Jes\u00fas; Gy\u00f0ingar h\u00e9ldu, a\u00f0 El\u00edas og jafnvel fleiri sp\u00e1menn mundu uppr\u00edsa, \u00e1\u00f0ur en Mess\u00edas k\u00e6mi, J\u00f3h. 1,21\u201325.  V. 27. b. Konungar pl\u00f6gu\u00f0u fyrr meir, a\u00f0 l\u00e1ta var\u00f0menn s\u00edna afl\u00edfa \u00fe\u00e1, sem \u00feeir vildu feiga.  V. 30\u201344, sbr. Matt. 14,13\u201321. L\u00fak. 9,10\u201317. J\u00f3h. 6,1\u201313.  V. 45\u201352, sbr. Matt. 14,22\u201333. J\u00f3h. 6,16\u201321.  V. 47. Matth. 14.<\/div>\n","protected":false},"excerpt":{"rendered":"<p>Jes\u00fas er fyrirlitinn; \u00fatsendir postula; nokkrir \u00e6tla hann s\u00e9 J\u00f3hannes; se\u00f0ur 5000 mans; gengur \u00e1 sj\u00f3num; l\u00e6knar. 1\u00dea\u00f0an f\u00f3r hann til \u00e6ttjar\u00f0ar sinnar og l\u00e6risveinar hans voru \u00ed fylgd me\u00f0 honum,2og n\u00e6sta hv\u00edldardag t\u00f3k hann til a\u00f0 kenna \u00ed samkunduh\u00fasinu, og undru\u00f0ust margir, sem \u00fea\u00f0 heyr\u00f0u, og m\u00e6ltu: hva\u00f0an hefir \u00feessi ma\u00f0ur numi\u00f0 \u00feetta? og hv\u00edl\u00edka visku hefir hann \u00f6\u00f0last, og hv\u00edl\u00edk eru \u00feau kraftaverk, er hann fremur?3er hann ekki smi\u00f0urinn, sonur Mar\u00edu og br\u00f3\u00f0ir \u00feeirra Jakobs og J\u00f3sesar, J\u00fadasar og S\u00edmonar? og eru ekki systur hans h\u00e9r me\u00f0 oss? og \u00feeir hneykslu\u00f0ust \u00e1 honum.4En Jes\u00fas m\u00e6lti vi\u00f0 \u00fe\u00e1: hv\u00f6rgi <a href=\"https:\/\/biblian.is\/videy\/markusargudspjall-6-kafli\/\"> [&#8230;]<\/a><\/p>\n","protected":false},"author":1,"featured_media":0,"parent":0,"menu_order":0,"comment_status":"open","ping_status":"open","template":"bibliukaflar.php","meta":{"footnotes":""},"class_list":["post-21812","page","type-page","status-publish","hentry"],"_links":{"self":[{"href":"https:\/\/biblian.is\/videy\/wp-json\/wp\/v2\/pages\/21812","targetHints":{"allow":["GET"]}}],"collection":[{"href":"https:\/\/biblian.is\/videy\/wp-json\/wp\/v2\/pages"}],"about":[{"href":"https:\/\/biblian.is\/videy\/wp-json\/wp\/v2\/types\/page"}],"author":[{"embeddable":true,"href":"https:\/\/biblian.is\/videy\/wp-json\/wp\/v2\/users\/1"}],"replies":[{"embeddable":true,"href":"https:\/\/biblian.is\/videy\/wp-json\/wp\/v2\/comments?post=21812"}],"version-history":[{"count":0,"href":"https:\/\/biblian.is\/videy\/wp-json\/wp\/v2\/pages\/21812\/revisions"}],"wp:attachment":[{"href":"https:\/\/biblian.is\/videy\/wp-json\/wp\/v2\/media?parent=21812"}],"curies":[{"name":"wp","href":"https:\/\/api.w.org\/{rel}","templated":true}]}}