{"id":21810,"date":"2018-01-02T01:04:15","date_gmt":"2018-01-02T01:04:15","guid":{"rendered":"http:\/\/biblian.is\/videy\/markusargudspjall-4-kafli\/"},"modified":"2018-01-02T01:04:15","modified_gmt":"2018-01-02T01:04:15","slug":"markusargudspjall-4-kafli","status":"publish","type":"page","link":"https:\/\/biblian.is\/videy\/markusargudspjall-4-kafli\/","title":{"rendered":"Mark\u00fasargu\u00f0spjall 4. kafli"},"content":{"rendered":"<div class=\"fyrirsognVidey\">Jes\u00fas kennir \u00ed eftirl\u00edkingum; l\u00e6tur sj\u00f3inn ver\u00f0a kyrran.<\/div>\n<p><a name=\"1\"><span class=\"versanumer\">1<\/span><\/a>Og hann t\u00f3k aftur til a\u00f0 kenna vi\u00f0 sj\u00f3inn, dreif \u00fe\u00e1 til hans svo mikill fj\u00f6ldi f\u00f3lks, a\u00f0 hann hlaut a\u00f0 st\u00edga \u00e1 skip og setjast \u00fear, en m\u00fagurinn allur var \u00e1 landi fram vi\u00f0 sj\u00f3inn; <br \/><a name=\"2\"><span class=\"versanumer\">2<\/span><\/a>\u00fe\u00e1 kenndi hann \u00feeim margt \u00ed d\u00e6mis\u00f6gum, og m\u00e6lti til \u00feeirra \u00ed sinni kenningu:<a name=\"3\"><span class=\"versanumer\">3<\/span><\/a>gefi\u00f0 gaum a\u00f0 m\u00e1li m\u00ednu! sj\u00e1! ma\u00f0ur nokkur f\u00f3r a\u00f0 s\u00e1;<a name=\"4\"><span class=\"versanumer\">4<\/span><\/a>en \u00fea\u00f0 vildi svo til, \u00fe\u00e1 hann var a\u00f0 s\u00e1, a\u00f0 sumt s\u00e6\u00f0i\u00f0 f\u00e9ll vi\u00f0 veginn og fuglar komu og \u00e1tu \u00fea\u00f0;<a name=\"5\"><span class=\"versanumer\">5<\/span><\/a>sumt f\u00e9ll \u00ed gr\u00fdtta j\u00f6r\u00f0 hvar \u00fea\u00f0 haf\u00f0i l\u00edtinn jar\u00f0veg; \u00fea\u00f0 \u00f3x a\u00f0 s\u00f6nnu skj\u00f3tt, \u00fev\u00ed \u00fea\u00f0 haf\u00f0i l\u00edtinn jar\u00f0veg;<a name=\"6\"><span class=\"versanumer\">6<\/span><\/a>en er s\u00f3lin h\u00e6kka\u00f0i \u00e1 lofti, skr\u00e6lna\u00f0i \u00fea\u00f0 og visna\u00f0i, s\u00f6kum \u00feess \u00fea\u00f0 haf\u00f0i ekki n\u00f3gar r\u00e6tur;<a name=\"7\"><span class=\"versanumer\">7<\/span><\/a>sumt f\u00e9ll me\u00f0al \u00feyrna, en \u00feyrnarnir uxu upp og k\u00e6f\u00f0u \u00fea\u00f0, svo \u00fea\u00f0 bar engan \u00e1v\u00f6xt.<a name=\"8\"><span class=\"versanumer\">8<\/span><\/a>En sumt f\u00e9ll \u00ed g\u00f3\u00f0a j\u00f6r\u00f0, \u00fea\u00f0 spratt, \u00f3x og bar \u00e1v\u00f6xt, sumt \u00fer\u00edtugfaldan, sumt fertugfaldan og sumt hundra\u00f0faldan.<a name=\"9\"><span class=\"versanumer\">9<\/span><\/a>Nemi \u00feetta\u2014segir hann\u2014s\u00e1, er nema kann!<a name=\"10\"><span class=\"versanumer\">10<\/span><\/a>S\u00ed\u00f0ar, er hann var einnsaman, spur\u00f0u \u00feeir, sem me\u00f0 honum v\u00f3ru, \u00e1samt \u00feeim t\u00f3lf, um \u00fea\u00f0, hva\u00f0 \u00feessi d\u00e6misaga \u00e6tti a\u00f0 \u00fe\u00fd\u00f0a?<a name=\"11\"><span class=\"versanumer\">11<\/span><\/a>Jes\u00fas m\u00e6lti: y\u00f0ur er unnt a\u00f0 skilja leyndard\u00f3ma Gu\u00f0s r\u00edkis, hinum \u00fat \u00ed fr\u00e1 hl\u00fdtur a\u00f0 kennast me\u00f0 d\u00e6mis\u00f6gum;<a name=\"12\"><span class=\"versanumer\">12<\/span><\/a>\u00fev\u00ed \u00fe\u00f3tt \u00feeir horfi me\u00f0 opnum augum, sj\u00e1 \u00feeir samt ekki, og \u00fe\u00f3tt \u00feeir hlusti me\u00f0 eyrunum, \u00fe\u00e1 skynja \u00feeir ekki; \u00feess vegna b\u00e6ta \u00feeir ekki r\u00e1\u00f0 sitt, til a\u00f0 \u00f6\u00f0last afl\u00e1t fyrir misgj\u00f6r\u00f0ir s\u00ednar.<a name=\"13\"><span class=\"versanumer\">13<\/span><\/a>S\u00ed\u00f0an sag\u00f0i hann vi\u00f0 \u00fe\u00e1: ef \u00fe\u00e9r skilji\u00f0 ekki \u00feessa d\u00e6mis\u00f6gu, hv\u00f6rninn geti\u00f0 \u00fe\u00e9r \u00fe\u00e1 allar d\u00e6mis\u00f6gur skili\u00f0?<a name=\"14\"><span class=\"versanumer\">14<\/span><\/a>S\u00e1\u00f0ma\u00f0urinn \u00fe\u00fd\u00f0ir \u00feann, er kenninguna flytur;<a name=\"15\"><span class=\"versanumer\">15<\/span><\/a>s\u00e6\u00f0i\u00f0, sem vi\u00f0 veginn var s\u00e1\u00f0, merkir \u00fe\u00e1, hv\u00f6rjum kenningin er flutt, og n\u00e6r \u00feeir hafa heyrt hana, kemur Satan strax og tekur kenninguna, er \u00feeim var birt, burt \u00far hj\u00f6rtum \u00feeirra.<a name=\"16\"><span class=\"versanumer\">16<\/span><\/a>Eins merkir s\u00e6\u00f0i\u00f0, sem f\u00e9ll \u00ed gr\u00fdtta j\u00f6r\u00f0 \u00fe\u00e1, sem heyra m\u00edna kenningu og veita henni strax vi\u00f0t\u00f6ku me\u00f0 f\u00f6gnu\u00f0i;<a name=\"17\"><span class=\"versanumer\">17<\/span><\/a>en vegna \u00feess a\u00f0 \u00feeir l\u00e1ta ekki l\u00e6rd\u00f3minn r\u00f3tfestast, heldur eru \u00f3st\u00f6\u00f0ugir, \u00fe\u00e1 kasta \u00feeir strax tr\u00fa sinni, \u00feegar \u00feeir, minnar kenningar vegna, hlj\u00f3ta m\u00f3tl\u00e6ti og ofs\u00f3knum a\u00f0 m\u00e6ta.<a name=\"18\"><span class=\"versanumer\">18<\/span><\/a>S\u00e6\u00f0i\u00f0, hv\u00f6rju s\u00e1\u00f0 var me\u00f0al \u00feyrna, merkir \u00fe\u00e1, er a\u00f0 s\u00f6nnu heyra m\u00edna kenningu,<a name=\"19\"><span class=\"versanumer\">19<\/span><\/a>en umhyggja fyrir l\u00edfi \u00feessu, t\u00e1ldr\u00e6gni au\u00f0\u00e6fanna og girndir til annarra hluta koma til og kefja kenninguna, svo h\u00fan ver\u00f0ur \u00e1vaxtarlaus.<a name=\"20\"><span class=\"versanumer\">20<\/span><\/a>En s\u00e6\u00f0i\u00f0, er f\u00e9ll \u00ed g\u00f3\u00f0a j\u00f6r\u00f0, \u00fe\u00fd\u00f0ir \u00fe\u00e1, er heyra m\u00edna kenningu og f\u00e6ra \u00e1v\u00f6xt, sumir \u00fer\u00edtugfaldan, sumir sextugfaldan og sumir hundra\u00f0faldan.<br \/><a name=\"21\"><span class=\"versanumer\">21<\/span><\/a>S\u00ed\u00f0an sag\u00f0i hann vi\u00f0 \u00fe\u00e1: hv\u00f6rt plaga menn a\u00f0 bera inn lj\u00f3s og hylja \u00fea\u00f0 s\u00ed\u00f0an undir \u00edl\u00e1ti e\u00f0ur bekk? er ekki heldur si\u00f0ur a\u00f0 setja \u00fea\u00f0 \u00ed lj\u00f3sastiku?<a name=\"22\"><span class=\"versanumer\">22<\/span><\/a>\u00dev\u00ed ekkert er svo huli\u00f0, a\u00f0 \u00fea\u00f0 ekki ver\u00f0i opinbert, og ekkert svo f\u00f3lgi\u00f0, a\u00f0 \u00fea\u00f0 ekki ver\u00f0i auglj\u00f3st.<a name=\"23\"><span class=\"versanumer\">23<\/span><\/a>Nemi \u00feetta hv\u00f6r s\u00e1, er nema kann!<a name=\"24\"><span class=\"versanumer\">24<\/span><\/a>Enn framar sag\u00f0i hann vi\u00f0 \u00fe\u00e1: gefi\u00f0 gaum a\u00f0 \u00fev\u00ed, sem \u00fe\u00e9r heyri\u00f0; me\u00f0 \u00feeim sama m\u00e6li, sem \u00fe\u00e9r m\u00e6li\u00f0, mun y\u00f0ur m\u00e6lt ver\u00f0a, og vi\u00f0 y\u00f0ur, sem taki\u00f0 eftir, mun vi\u00f0b\u00e6tt ver\u00f0a;<a name=\"25\"><span class=\"versanumer\">25<\/span><\/a>\u00feeim, sem hefir, mun veitast, en fr\u00e1 hinum, sem ekki hefir, mun teki\u00f0 ver\u00f0a jafnvel \u00fea\u00f0 hann hefir.<br \/><a name=\"26\"><span class=\"versanumer\">26<\/span><\/a>S\u00ed\u00f0an sag\u00f0i hann: eins er \u00fev\u00ed vari\u00f0 me\u00f0 Gu\u00f0s r\u00edki, eins og \u00feegar einhv\u00f6r kastar s\u00e6\u00f0i \u00ed j\u00f6r\u00f0;<a name=\"27\"><span class=\"versanumer\">27<\/span><\/a>hann sefur um n\u00e6tur, en vakir um daga, en s\u00e6\u00f0i\u00f0 vex og dafnar \u00e1n \u00feess hann viti \u00fea\u00f0;<a name=\"28\"><span class=\"versanumer\">28<\/span><\/a>\u00fev\u00ed j\u00f6r\u00f0in ber sj\u00e1lfkrafa \u00e1v\u00f6xt, fyrst kornst\u00f6ngina, s\u00ed\u00f0an axi\u00f0, og seinast fullvaxi\u00f0 korn \u00ed axinu;<a name=\"29\"><span class=\"versanumer\">29<\/span><\/a>en n\u00e6r \u00e1v\u00f6xturinn er fullvaxinn, l\u00e6tur hann sl\u00e1 korni\u00f0, \u00fev\u00ed \u00fe\u00e1 er kornskur\u00f0art\u00edminn fyrir hendi.<br \/><a name=\"30\"><span class=\"versanumer\">30<\/span><\/a>Enn sag\u00f0i hann: hvar vi\u00f0 skal eg jafna Gu\u00f0s r\u00edki? e\u00f0ur hv\u00f6rja eftirl\u00edkingu skal eg br\u00faka, til a\u00f0 lei\u00f0a y\u00f0ur \u00fea\u00f0 fyrir sj\u00f3nir?<a name=\"31\"><span class=\"versanumer\">31<\/span><\/a>L\u00edkt er \u00fea\u00f0 mustar\u00f0skorni; n\u00e6r \u00fev\u00ed er s\u00e1\u00f0, er \u00fea\u00f0 hi\u00f0 minnsta allra fr\u00e6korna;<a name=\"32\"><span class=\"versanumer\">32<\/span><\/a>s\u00ed\u00f0an vex \u00fea\u00f0, og ver\u00f0ur hv\u00f6rju k\u00e1lgresi meira, og f\u00e6r st\u00f3rar greinir, svo fuglar himins geta leita\u00f0 s\u00e9r skj\u00f3ls \u00ed skugga \u00feess.<a name=\"33\"><span class=\"versanumer\">33<\/span><\/a>\u00cd m\u00f6rgum \u00feess konar eftirl\u00edkingum framsetti hann kenningu s\u00edna, eins og best \u00e1tti vi\u00f0 \u00feeirra skilning;<a name=\"34\"><span class=\"versanumer\">34<\/span><\/a>en \u00e1n eftirl\u00edkinga kenndi hann \u00feeim ekki. S\u00ed\u00f0an, \u00feegar hann var einnsaman, lag\u00f0i hann allt \u00fat fyrir l\u00e6risveinum s\u00ednum.<br \/><a name=\"35\"><span class=\"versanumer\">35<\/span><\/a>A\u00f0 kv\u00f6ldi sama dags bau\u00f0 hann l\u00e6risveinum s\u00ednum a\u00f0 fara yfir um sj\u00f3inn.<a name=\"36\"><span class=\"versanumer\">36<\/span><\/a>\u00deeir skildu vi\u00f0 f\u00f3lki\u00f0, og f\u00f3ru me\u00f0 hann me\u00f0 s\u00e9r \u00e1 skipinu, eins og hann st\u00f3\u00f0, en \u00f6nnur skip fylgdust me\u00f0 honum.<a name=\"37\"><span class=\"versanumer\">37<\/span><\/a>\u00de\u00e1 gj\u00f6r\u00f0i ve\u00f0ur miki\u00f0, svo bylgjurnar f\u00e9llu yfir skipi\u00f0, svo a\u00f0 l\u00e1 vi\u00f0 a\u00f0 fyllti;<a name=\"38\"><span class=\"versanumer\">38<\/span><\/a>en hann svaf \u00e1 kodda \u00ed skutnum. \u00deeir f\u00f3ru \u00fe\u00e1 og v\u00f6ktu hann og s\u00f6g\u00f0u: Meistari! hir\u00f0ir \u00fe\u00fa ekki um \u00fea\u00f0, a\u00f0 v\u00e9r tort\u00ednumst?<a name=\"39\"><span class=\"versanumer\">39<\/span><\/a>hann reis \u00fe\u00e1 upp, hasta\u00f0i \u00e1 vindinn og sag\u00f0i vi\u00f0 sj\u00f3inn: \u00feegi \u00fe\u00fa og vert\u00fa kyrr! \u00fe\u00e1 l\u00e6g\u00f0i ve\u00f0ri\u00f0 og var\u00f0 bl\u00ed\u00f0a logn;<a name=\"40\"><span class=\"versanumer\">40<\/span><\/a>s\u00ed\u00f0an sag\u00f0i hann vi\u00f0 \u00fe\u00e1: \u00fev\u00ed eru\u00f0 \u00fe\u00e9r svo huglausir, hv\u00f6rsu gegnir y\u00f0ar vantraust?<br \/><a name=\"41\"><span class=\"versanumer\">41<\/span><\/a>en \u00feeir ur\u00f0u n\u00e6sta hr\u00e6ddir, og s\u00f6g\u00f0u hv\u00f6r vi\u00f0 annan: hv\u00edl\u00edkur er \u00feessi, er b\u00e6\u00f0i ve\u00f0ur og sj\u00f3r hl\u00fd\u00f0a?<\/p>\n<div class=\"footnoteVidey\">V. 1\u201320. Matth. 13,1\u20138. L\u00fak. 8,5\u201315.  V. 8. 1 M\u00f3s. 26,12.  V. 21\u201323, sbr. L\u00fak. 8,6\u201318. (11,33\u201335. Matth 15,14.15. 10,26).  V. 24, sbr. Matt. 7,2.  V. 25, sbr. Matt. 13,12.  V. 30\u201334, sbr. Matt. 13,32.34.  V. 35\u201341. sbr. Matt 8,23\u201327. L\u00fak. 8,22\u201325.<\/div>\n","protected":false},"excerpt":{"rendered":"<p>Jes\u00fas kennir \u00ed eftirl\u00edkingum; l\u00e6tur sj\u00f3inn ver\u00f0a kyrran. 1Og hann t\u00f3k aftur til a\u00f0 kenna vi\u00f0 sj\u00f3inn, dreif \u00fe\u00e1 til hans svo mikill fj\u00f6ldi f\u00f3lks, a\u00f0 hann hlaut a\u00f0 st\u00edga \u00e1 skip og setjast \u00fear, en m\u00fagurinn allur var \u00e1 landi fram vi\u00f0 sj\u00f3inn; 2\u00fe\u00e1 kenndi hann \u00feeim margt \u00ed d\u00e6mis\u00f6gum, og m\u00e6lti til \u00feeirra \u00ed sinni kenningu:3gefi\u00f0 gaum a\u00f0 m\u00e1li m\u00ednu! sj\u00e1! ma\u00f0ur nokkur f\u00f3r a\u00f0 s\u00e1;4en \u00fea\u00f0 vildi svo til, \u00fe\u00e1 hann var a\u00f0 s\u00e1, a\u00f0 sumt s\u00e6\u00f0i\u00f0 f\u00e9ll vi\u00f0 veginn og fuglar komu og \u00e1tu \u00fea\u00f0;5sumt f\u00e9ll \u00ed gr\u00fdtta j\u00f6r\u00f0 hvar \u00fea\u00f0 haf\u00f0i l\u00edtinn jar\u00f0veg; \u00fea\u00f0 \u00f3x <a href=\"https:\/\/biblian.is\/videy\/markusargudspjall-4-kafli\/\"> [&#8230;]<\/a><\/p>\n","protected":false},"author":1,"featured_media":0,"parent":0,"menu_order":0,"comment_status":"open","ping_status":"open","template":"bibliukaflar.php","meta":{"footnotes":""},"class_list":["post-21810","page","type-page","status-publish","hentry"],"_links":{"self":[{"href":"https:\/\/biblian.is\/videy\/wp-json\/wp\/v2\/pages\/21810","targetHints":{"allow":["GET"]}}],"collection":[{"href":"https:\/\/biblian.is\/videy\/wp-json\/wp\/v2\/pages"}],"about":[{"href":"https:\/\/biblian.is\/videy\/wp-json\/wp\/v2\/types\/page"}],"author":[{"embeddable":true,"href":"https:\/\/biblian.is\/videy\/wp-json\/wp\/v2\/users\/1"}],"replies":[{"embeddable":true,"href":"https:\/\/biblian.is\/videy\/wp-json\/wp\/v2\/comments?post=21810"}],"version-history":[{"count":0,"href":"https:\/\/biblian.is\/videy\/wp-json\/wp\/v2\/pages\/21810\/revisions"}],"wp:attachment":[{"href":"https:\/\/biblian.is\/videy\/wp-json\/wp\/v2\/media?parent=21810"}],"curies":[{"name":"wp","href":"https:\/\/api.w.org\/{rel}","templated":true}]}}