{"id":21808,"date":"2018-01-02T01:04:07","date_gmt":"2018-01-02T01:04:07","guid":{"rendered":"http:\/\/biblian.is\/videy\/markusargudspjall-2-kafli\/"},"modified":"2018-01-02T01:04:07","modified_gmt":"2018-01-02T01:04:07","slug":"markusargudspjall-2-kafli","status":"publish","type":"page","link":"https:\/\/biblian.is\/videy\/markusargudspjall-2-kafli\/","title":{"rendered":"Mark\u00fasargu\u00f0spjall 2. kafli"},"content":{"rendered":"<div class=\"fyrirsognVidey\">Jes\u00fas l\u00e6knar; kallar Matteus; tekur l\u00e6risveinana \u00ed forsvar.<\/div>\n<p><a name=\"1\"><span class=\"versanumer\">1<\/span><\/a>Nokkrum d\u00f6gum s\u00ed\u00f0ar kom hann aftur inn \u00ed borgina Kapernaum; og strax er s\u00fa fregn kom, a\u00f0 hann v\u00e6ri \u00ed h\u00fasi s\u00ednu,<a name=\"2\"><span class=\"versanumer\">2<\/span><\/a>safna\u00f0ist \u00feanga\u00f0 svo mikill fj\u00f6ldi f\u00f3lks, a\u00f0 \u00fea\u00f0 komst hv\u00f6rgi fyrir, og jafnvel ekki \u00ed anddyrinu, en hann flutti \u00feeim s\u00edna kenningu;<a name=\"3\"><span class=\"versanumer\">3<\/span><\/a>\u00fe\u00e1 komu til hans menn nokkrir me\u00f0 visinn mann, sem var borinn af fj\u00f3rum;<a name=\"4\"><span class=\"versanumer\">4<\/span><\/a>n\u00fa er \u00feeir g\u00e1tu ekki komist \u00e1 hans fund fyrir mann\u00fer\u00f6nginni, rifu \u00feeir gat \u00e1 \u00feaki\u00f0 uppi yfir honum, og l\u00e9tu s\u00e6ngina s\u00edga \u00fear ni\u00f0ur, hvar \u00ed s\u00e1 visni l\u00e1.<a name=\"5\"><span class=\"versanumer\">5<\/span><\/a>N\u00fa er Jes\u00fas s\u00e1 \u00feeirra tr\u00fana\u00f0artraust, sag\u00f0i hann til \u00feess visna: sonur! syndir \u00fe\u00ednar eru \u00fe\u00e9r fyrirgefnar.<a name=\"6\"><span class=\"versanumer\">6<\/span><\/a>En \u00fear s\u00e1tu nokkrir af \u00feeim skriftl\u00e6r\u00f0u, og hugsu\u00f0u me\u00f0 s\u00e9r:<a name=\"7\"><span class=\"versanumer\">7<\/span><\/a>\u00fev\u00ed talar ma\u00f0ur \u00feessi sl\u00edkar gu\u00f0lastanir? hv\u00f6r kann a\u00f0 fyrirgefa syndirnar nema Gu\u00f0 einn?<a name=\"8\"><span class=\"versanumer\">8<\/span><\/a>Strax fann Jes\u00fas \u00ed anda, a\u00f0 \u00feeir hugsu\u00f0u \u00feetta og sag\u00f0i vi\u00f0 \u00fe\u00e1: \u00fev\u00ed hugsi\u00f0 \u00fe\u00e9r sl\u00edkt \u00ed y\u00f0rum hj\u00f6rtum?<a name=\"9\"><span class=\"versanumer\">9<\/span><\/a>hv\u00f6rt er au\u00f0veldara a\u00f0 segja \u00feeim visna: syndir \u00fe\u00ednar eru \u00fe\u00e9r fyrirgefnar, e\u00f0a segja: statt\u00fa upp, tak s\u00e6ng \u00fe\u00edna og gakk;<a name=\"10\"><span class=\"versanumer\">10<\/span><\/a>en til \u00feess a\u00f0 \u00fe\u00e9r viti\u00f0, a\u00f0 Mannsins Sonur hefir vald til a\u00f0 fyrirgefa syndir \u00e1 j\u00f6r\u00f0u, sag\u00f0i hann \u00feeim visna:<a name=\"11\"><span class=\"versanumer\">11<\/span><\/a>\u00fe\u00e1 segi eg \u00fe\u00e9r! statt\u00fa upp og t\u00e6k s\u00e6ng \u00fe\u00edna og far til h\u00fass \u00fe\u00edns;<a name=\"12\"><span class=\"versanumer\">12<\/span><\/a>en hann st\u00f3\u00f0 strax upp, t\u00f3k s\u00e6ngina og gekk \u00fat, svo allir s\u00e1u. \u00de\u00e1 undru\u00f0ust allir og vegs\u00f6mu\u00f0u Gu\u00f0, og j\u00e1tu\u00f0u: a\u00f0 \u00feeir aldrei hef\u00f0u sl\u00edkt s\u00e9\u00f0. <br \/><a name=\"13\"><span class=\"versanumer\">13<\/span><\/a>\u00dear eftir gekk hann aftur \u00fat til sj\u00e1varins, og allt f\u00f3lki\u00f0 kom til hans, og hann kenndi \u00feeim.<a name=\"14\"><span class=\"versanumer\">14<\/span><\/a>Og er hann gekk framhj\u00e1, s\u00e1 hann mann, er Lev\u00ed h\u00e9t Alfeusson, sitjanda \u00ed tollb\u00fa\u00f0 sinni, og sag\u00f0i vi\u00f0 hann: fylgdu m\u00e9r! hann st\u00f3\u00f0 upp og fylgdi honum.<a name=\"15\"><span class=\"versanumer\">15<\/span><\/a>En svo bar til, er Jes\u00fas var a\u00f0 mat \u00ed h\u00fasi hans, a\u00f0 margir tollheimtumenn og bersyndugir m\u00f6tu\u00f0ust \u00fear \u00e1samt Jes\u00fa og l\u00e6risveinum hans; \u00fev\u00ed margir af \u00feeim v\u00f3ru \u00ed fylgd me\u00f0 honum;<a name=\"16\"><span class=\"versanumer\">16<\/span><\/a>en er \u00feeir skriftl\u00e6r\u00f0u og far\u00edsearnir s\u00e1u hann matast \u00e1samt tollheimtum\u00f6nnum og bersyndugum, s\u00f6g\u00f0u \u00feeir vi\u00f0 l\u00e6risveina hans: hva\u00f0 kemur til, a\u00f0 hann etur og drekkur me\u00f0 tollheimtum\u00f6nnum og bersyndugum?<a name=\"17\"><span class=\"versanumer\">17<\/span><\/a>\u00deegar Jes\u00fas heyr\u00f0i \u00feetta, m\u00e6lti hann: ekki \u00feurfa heilbrig\u00f0ir l\u00e6knis vi\u00f0, heldur \u00feeir, sem sj\u00fakir eru. Eg er ekki kominn til a\u00f0 kalla r\u00e9ttl\u00e1ta, heldur synduga til lifna\u00f0arb\u00f3ta.\u2014<a name=\"18\"><span class=\"versanumer\">18<\/span><\/a>L\u00e6risveinar J\u00f3hannesar og far\u00edseanna voru vanir a\u00f0 fasta <span class='VideyAth'>(oftlega)<\/span>; \u00feeir komu til Jes\u00fa og t\u00f3ku svo til or\u00f0a: \u00fev\u00ed fasta l\u00e6risveinar J\u00f3hannesar og far\u00edseanna, en \u00fe\u00ednir l\u00e6risveinar fasta ekki?<a name=\"19\"><span class=\"versanumer\">19<\/span><\/a>Jes\u00fas svara\u00f0i \u00feeim: hv\u00f6rt kunna br\u00fa\u00f0mennirnir a\u00f0 fasta, \u00e1 me\u00f0an br\u00fa\u00f0guminn er me\u00f0 \u00feeim? svo lengi sem \u00feeir hafa br\u00fa\u00f0gumann me\u00f0 s\u00e9r, ber \u00feeim ekki a\u00f0 fasta;<a name=\"20\"><span class=\"versanumer\">20<\/span><\/a>en s\u00e1 t\u00edmi mun koma, a\u00f0 br\u00fa\u00f0guminn ver\u00f0ur fr\u00e1 \u00feeim tekinn, og \u00fe\u00e1 munu \u00feeir fasta.<a name=\"21\"><span class=\"versanumer\">21<\/span><\/a>Enginn plagar a\u00f0 leggja \u00f3\u00fe\u00e6f\u00f0a b\u00f3t \u00e1 gamalt fat: \u00fev\u00ed annars r\u00edfur hin \u00f3\u00fe\u00e6f\u00f0a b\u00f3t hi\u00f0 gamla fati\u00f0, og ver\u00f0a \u00fe\u00e1 spj\u00f6llin verri;<a name=\"22\"><span class=\"versanumer\">22<\/span><\/a>ekki heldur eru menn vanir a\u00f0 koma n\u00fdju v\u00edni \u00e1 forna belgi, a\u00f0 \u00f6\u00f0rum kosti sprengir hi\u00f0 n\u00fdja v\u00edni\u00f0 belgina og spillist, en belgirnir \u00f3n\u00fdtast; heldur \u00e1 a\u00f0 l\u00e1ta n\u00fdtt v\u00edn \u00e1 n\u00fdja belgi.<br \/><a name=\"23\"><span class=\"versanumer\">23<\/span><\/a>Svo bar vi\u00f0, a\u00f0 Jes\u00fas gekk yfir s\u00e1\u00f0l\u00f6nd nokkur \u00e1 hv\u00edldardegi; \u00fe\u00e1 t\u00f3ku l\u00e6risveinar hans a\u00f0 t\u00edna \u00f6x nokkur \u00e1 lei\u00f0inni.<a name=\"24\"><span class=\"versanumer\">24<\/span><\/a>Far\u00edsearnir s\u00f6g\u00f0u \u00fe\u00e1 vi\u00f0 hann: \u00fev\u00ed gj\u00f6ra l\u00e6risveinar \u00fe\u00ednir \u00fea\u00f0, sem ekki s\u00e6mir \u00e1 hv\u00edldardegi?<a name=\"25\"><span class=\"versanumer\">25<\/span><\/a>Hann svara\u00f0i: haf\u00f0i \u00fe\u00e9r aldrei lesi\u00f0, hva\u00f0 Dav\u00ed\u00f0 gj\u00f6r\u00f0i, \u00feegar hann var mat\u00feurfi og f\u00f6runautar hans,<a name=\"26\"><span class=\"versanumer\">26<\/span><\/a>a\u00f0 hann gekk inn \u00ed Gu\u00f0s h\u00fas, a\u00f0 \u00e1sj\u00e1anda hinum \u00e6\u00f0sta presti Ab\u00edatar, og neytti brau\u00f0anna helgu, sem enginn m\u00e1tti eta nema prestarnir, og gaf \u00feau einnig s\u00ednum fylgdarm\u00f6nnum,<a name=\"27\"><span class=\"versanumer\">27<\/span><\/a>og enn m\u00e6lti hann vi\u00f0 \u00fe\u00e1: hv\u00edldardagurinn er or\u00f0inn til mannsins vegna, en ma\u00f0urinn ekki vegna hv\u00edldardagsins;<a name=\"28\"><span class=\"versanumer\">28<\/span><\/a>\u00deess vegna er Mannsins Sonur og svo Herra hv\u00edldardagsins.<\/p>\n<div class=\"footnoteVidey\">V. 1\u201312, sbr. Matt. 9,1\u20139. L\u00fak. 5,18\u201320.  V. 7. Es. 43,25. V. 13\u201322. sbr. Matt. 9,9\u201317. L\u00fak. 5,27\u201339.  V. 14. Framhj\u00e1, nl. tollb\u00fa\u00f0inni.  V. 18. sbr. L\u00fak. 18,12.  V. 23\u201328. sbr. Matt. 12,1\u20138. L\u00fak. 6,1\u20135.  V. 26. 1 Sam. 21,6.<\/div>\n","protected":false},"excerpt":{"rendered":"<p>Jes\u00fas l\u00e6knar; kallar Matteus; tekur l\u00e6risveinana \u00ed forsvar. 1Nokkrum d\u00f6gum s\u00ed\u00f0ar kom hann aftur inn \u00ed borgina Kapernaum; og strax er s\u00fa fregn kom, a\u00f0 hann v\u00e6ri \u00ed h\u00fasi s\u00ednu,2safna\u00f0ist \u00feanga\u00f0 svo mikill fj\u00f6ldi f\u00f3lks, a\u00f0 \u00fea\u00f0 komst hv\u00f6rgi fyrir, og jafnvel ekki \u00ed anddyrinu, en hann flutti \u00feeim s\u00edna kenningu;3\u00fe\u00e1 komu til hans menn nokkrir me\u00f0 visinn mann, sem var borinn af fj\u00f3rum;4n\u00fa er \u00feeir g\u00e1tu ekki komist \u00e1 hans fund fyrir mann\u00fer\u00f6nginni, rifu \u00feeir gat \u00e1 \u00feaki\u00f0 uppi yfir honum, og l\u00e9tu s\u00e6ngina s\u00edga \u00fear ni\u00f0ur, hvar \u00ed s\u00e1 visni l\u00e1.5N\u00fa er Jes\u00fas s\u00e1 \u00feeirra tr\u00fana\u00f0artraust, sag\u00f0i hann <a href=\"https:\/\/biblian.is\/videy\/markusargudspjall-2-kafli\/\"> [&#8230;]<\/a><\/p>\n","protected":false},"author":1,"featured_media":0,"parent":0,"menu_order":0,"comment_status":"open","ping_status":"open","template":"bibliukaflar.php","meta":{"footnotes":""},"class_list":["post-21808","page","type-page","status-publish","hentry"],"_links":{"self":[{"href":"https:\/\/biblian.is\/videy\/wp-json\/wp\/v2\/pages\/21808","targetHints":{"allow":["GET"]}}],"collection":[{"href":"https:\/\/biblian.is\/videy\/wp-json\/wp\/v2\/pages"}],"about":[{"href":"https:\/\/biblian.is\/videy\/wp-json\/wp\/v2\/types\/page"}],"author":[{"embeddable":true,"href":"https:\/\/biblian.is\/videy\/wp-json\/wp\/v2\/users\/1"}],"replies":[{"embeddable":true,"href":"https:\/\/biblian.is\/videy\/wp-json\/wp\/v2\/comments?post=21808"}],"version-history":[{"count":0,"href":"https:\/\/biblian.is\/videy\/wp-json\/wp\/v2\/pages\/21808\/revisions"}],"wp:attachment":[{"href":"https:\/\/biblian.is\/videy\/wp-json\/wp\/v2\/media?parent=21808"}],"curies":[{"name":"wp","href":"https:\/\/api.w.org\/{rel}","templated":true}]}}