{"id":21807,"date":"2018-01-02T01:04:07","date_gmt":"2018-01-02T01:04:07","guid":{"rendered":"http:\/\/biblian.is\/videy\/markusargudspjall-1-kafli\/"},"modified":"2018-01-02T01:04:07","modified_gmt":"2018-01-02T01:04:07","slug":"markusargudspjall-1-kafli","status":"publish","type":"page","link":"https:\/\/biblian.is\/videy\/markusargudspjall-1-kafli\/","title":{"rendered":"Mark\u00fasargu\u00f0spjall 1. kafli"},"content":{"rendered":"<div class=\"fyrirsognVidey\">Verk J\u00f3hannesar og Jes\u00fa.<\/div>\n<p><a name=\"1\"><span class=\"versanumer\">1<\/span><\/a>\u00deetta er upphaf gle\u00f0ibo\u00f0skaparins Jes\u00fa Krists, Gu\u00f0s Sonar. <br \/><a name=\"2\"><span class=\"versanumer\">2<\/span><\/a>Eins og skrifa\u00f0 er hj\u00e1 sp\u00e1manninum Esajas: \u201esj\u00e1! eg sendi minn sendibo\u00f0a \u00e1 undan \u00fe\u00e9r, s\u00e1 er grei\u00f0a skal veg \u00feinn;<a name=\"3\"><span class=\"versanumer\">3<\/span><\/a>kall er heyrt \u00ed \u00f3bygg\u00f0um: tilb\u00fai\u00f0 veg Drottins, jafni\u00f0 brautir hans:\u201c<a name=\"4\"><span class=\"versanumer\">4<\/span><\/a>\u00feannig ske\u00f0i \u00fea\u00f0, a\u00f0 J\u00f3hannes sk\u00edr\u00f0i \u00ed ey\u00f0im\u00f6rku og kenndi: a\u00f0 \u00feeir, er sk\u00edrast vildu, skyldu b\u00e6ta r\u00e1\u00f0 sitt, til a\u00f0 f\u00e1 fyrirgefningu synda sinna.<a name=\"5\"><span class=\"versanumer\">5<\/span><\/a>Til hans komu allir J\u00fadeu og Jer\u00fasalems innbyggjendur, og voru \u00feeir, sem j\u00e1tu\u00f0u s\u00edn afbrot, sk\u00edr\u00f0ir af honum \u00ed \u00e1nni J\u00f3rdan.<a name=\"6\"><span class=\"versanumer\">6<\/span><\/a>J\u00f3hannes var kl\u00e6ddur \u00falfaldsh\u00e1rum og girtur le\u00f0urbelti um lendar s\u00e9r; f\u00e6\u00f0a hans voru engisprettur og sk\u00f3garhunang.<a name=\"7\"><span class=\"versanumer\">7<\/span><\/a>Hann h\u00f3f svo kenningu s\u00edna: s\u00e1, er eftir mig kemur, er m\u00e9r meiri, og eg er ekki \u00feess ver\u00f0ur, a\u00f0 eg beygi mig til a\u00f0 leysa hans sk\u00f3\u00fevengi.<a name=\"8\"><span class=\"versanumer\">8<\/span><\/a>Eg sk\u00edri y\u00f0ur einungis \u00ed vatni, en hann mun sk\u00edra y\u00f0ur me\u00f0 heil\u00f6gum Anda.<br \/><a name=\"9\"><span class=\"versanumer\">9<\/span><\/a>Svo bar til um \u00feessar mundir, a\u00f0 Jes\u00fas kom fr\u00e1 Nasaret \u00ed Gal\u00edleulandi og l\u00e9t sk\u00edrast af J\u00f3hannesi \u00ed J\u00f3rdan;<a name=\"10\"><span class=\"versanumer\">10<\/span><\/a>en jafnskj\u00f3tt er hann steig upp \u00far vatninu, s\u00e1 J\u00f3hannes himininn opnast og andann fara ni\u00f0ur, eins og d\u00fafu, yfir hann;<a name=\"11\"><span class=\"versanumer\">11<\/span><\/a>\u00fe\u00e1 heyr\u00f0ist r\u00f6dd af himni: \u00fe\u00fa ert Sonur minn elskulegur, \u00e1 hv\u00f6rjum eg hefi vel\u00fe\u00f3knun.<a name=\"12\"><span class=\"versanumer\">12<\/span><\/a>Og strax \u00fear eftir kn\u00fa\u00f0i andinn hann til a\u00f0 v\u00edkja \u00e1 ey\u00f0im\u00f6rku,<a name=\"13\"><span class=\"versanumer\">13<\/span><\/a>og \u00e1 \u00feessari ey\u00f0im\u00f6rku var hann \u00ed fj\u00f6rut\u00edu daga freista\u00f0ur af Satan og me\u00f0al villud\u00fdra; en englar \u00fej\u00f3nu\u00f0u honum.<br \/><a name=\"14\"><span class=\"versanumer\">14<\/span><\/a>En eftir a\u00f0 J\u00f3hannes var framseldur <span class='VideyAth'>(til l\u00edfl\u00e1ts)<\/span>, veik Jes\u00fas \u00ed Gal\u00edleuland, og flutti \u00fear gle\u00f0ibo\u00f0skapinn um Gu\u00f0s r\u00edki, og sag\u00f0i:<a name=\"15\"><span class=\"versanumer\">15<\/span><\/a>t\u00edminn er kominn og Gu\u00f0s r\u00edki er n\u00e1l\u00e6gt; b\u00e6ti\u00f0 r\u00e1\u00f0 y\u00f0ar og tr\u00fai\u00f0 \u00feessum gle\u00f0ibo\u00f0skap.<br \/><a name=\"16\"><span class=\"versanumer\">16<\/span><\/a>\u00deegar hann gekk me\u00f0 sj\u00f3num \u00ed Gal\u00edleu, s\u00e1 hann S\u00edmon og Andr\u00e9s, br\u00f3\u00f0ur hans, sem voru a\u00f0 leggja net \u00ed sj\u00f3inn, \u00fev\u00ed \u00feeir voru fiskimenn.<a name=\"17\"><span class=\"versanumer\">17<\/span><\/a>Jes\u00fas sag\u00f0i til \u00feeirra: fylgi\u00f0 m\u00e9r eftir, og mun eg gj\u00f6ra y\u00f0ur a\u00f0 mannavei\u00f0urum.<a name=\"18\"><span class=\"versanumer\">18<\/span><\/a>\u00deeir yfirg\u00e1fu strax netin, og fylgdu honum.<a name=\"19\"><span class=\"versanumer\">19<\/span><\/a>\u00deegar hann var kominn skammt \u00fea\u00f0an, s\u00e1 hann \u00fe\u00e1 Jakob Sebedeusarson og J\u00f3hannes br\u00f3\u00f0ur hans, sem og svo v\u00f3ru \u00e1 skipi a\u00f0 b\u00e6ta net;<a name=\"20\"><span class=\"versanumer\">20<\/span><\/a>\u00fe\u00e1 kvaddi hann einninn strax til fylgdar vi\u00f0 sig. \u00deeir yfirg\u00e1fu f\u00f6\u00f0ur sinn \u00fear \u00e1 skipinu, samt leiguli\u00f0ana og fylgdu honum.<a name=\"21\"><span class=\"versanumer\">21<\/span><\/a>\u00deeir komu til Kapernaum, og strax gekk Jes\u00fas \u00ed samkunduh\u00fas \u00feeirra og kenndi \u00fear \u00e1 hv\u00edldard\u00f6gum;<a name=\"22\"><span class=\"versanumer\">22<\/span><\/a>en f\u00f3lki\u00f0 undra\u00f0ist mj\u00f6g kenningu hans, \u00fev\u00ed hann kenndi \u00feeim eins og s\u00e1 er hef\u00f0i vald til \u00feess <span class='VideyAth'>(af Gu\u00f0i)<\/span> en ekki eins og hinir skriftl\u00e6r\u00f0u.<a name=\"23\"><span class=\"versanumer\">23<\/span><\/a>\u00cd samkunduh\u00fasi \u00feeirra var ma\u00f0ur nokkur, sem haf\u00f0i \u00f3hreinan anda; hann kalla\u00f0i og sag\u00f0i<a name=\"24\"><span class=\"versanumer\">24<\/span><\/a>\u00e6, hva\u00f0 h\u00f6fum vi\u00f0 saman a\u00f0 s\u00e6lda, Jes\u00fa na\u00f0verski? ert\u00fa kominn til a\u00f0 fyrirfara oss? Eg veit hv\u00f6r \u00fe\u00fa ert, hinn heilagi Gu\u00f0s <span class='VideyAth'>a)<\/span>.<br \/><a name=\"25\"><span class=\"versanumer\">25<\/span><\/a>Jes\u00fas hasta\u00f0i \u00fe\u00e1 \u00e1 hann og m\u00e6lti: \u00feegi \u00fe\u00fa, og far \u00fat af honum!<a name=\"26\"><span class=\"versanumer\">26<\/span><\/a>\u00de\u00e1 hreif hinn \u00f3hreini andi manninn, og f\u00f3r \u00fat af honum \u00f6skrandi.<a name=\"27\"><span class=\"versanumer\">27<\/span><\/a>\u00deetta undru\u00f0ust allir, svo \u00feeir spur\u00f0u hv\u00f6r annan og s\u00f6g\u00f0u: hva\u00f0 er \u00feetta? hv\u00f6r er \u00feessi hin n\u00fdja kenning? \u00fev\u00ed hann skipar jafnvel \u00f3hreinum \u00f6ndum me\u00f0 valdi, og \u00feeir hl\u00fd\u00f0a honum.<a name=\"28\"><span class=\"versanumer\">28<\/span><\/a>En or\u00f0r\u00f3murinn af honum barst strax \u00fat um \u00f6ll \u00feau l\u00f6nd, er l\u00e1gu \u00ed grennd vi\u00f0 Galileuland.<a name=\"29\"><span class=\"versanumer\">29<\/span><\/a>Strax sem \u00feeir komu \u00far samkunduh\u00fasinu, f\u00f3ru \u00feeir til h\u00fass S\u00edmonar og Andr\u00e9sar, \u00e1samt me\u00f0 Jakobi og J\u00f3hannesi;<a name=\"30\"><span class=\"versanumer\">30<\/span><\/a>\u00fear l\u00e1 m\u00f3\u00f0ir konu S\u00edmonar s\u00f3ttveik, og strax var honum sagt fr\u00e1 henni;<a name=\"31\"><span class=\"versanumer\">31<\/span><\/a>hann gekk \u00feanga\u00f0, t\u00f3k \u00ed h\u00f6nd henni, reisti hana \u00e1 f\u00e6tur og \u00fe\u00e1 hvarf strax s\u00f3ttveikin fr\u00e1 henni, og h\u00fan \u00fej\u00f3na\u00f0i \u00feeim.<a name=\"32\"><span class=\"versanumer\">32<\/span><\/a>N\u00fa er kv\u00f6ld kom og s\u00f3l var runnin, f\u00e6r\u00f0u \u00feeir til hans alla veika og dj\u00f6ful\u00f3\u00f0a,<a name=\"33\"><span class=\"versanumer\">33<\/span><\/a>og borgarmenn s\u00f6fnu\u00f0ust allir saman a\u00f0 dyrum h\u00fassins;<a name=\"34\"><span class=\"versanumer\">34<\/span><\/a>en hann l\u00e6kna\u00f0i marga \u00fe\u00e1, er veikir voru af \u00fdmsum sj\u00fakleikum, og rak \u00fat marga dj\u00f6fla, og leyf\u00f0i \u00feeim ekki a\u00f0 segja, a\u00f0 \u00feeir \u00feekktu hann.<br \/><a name=\"35\"><span class=\"versanumer\">35<\/span><\/a>A\u00f0 morgni fyrir d\u00f6gun f\u00f3r hann \u00e1 f\u00e6tur, og gekk \u00fat \u00far borginni \u00ed einn ey\u00f0ista\u00f0, og gj\u00f6r\u00f0i \u00fear b\u00e6n s\u00edna;<a name=\"36\"><span class=\"versanumer\">36<\/span><\/a>en S\u00edmon og \u00feeir, sem me\u00f0 honum voru, eltu hann,<a name=\"37\"><span class=\"versanumer\">37<\/span><\/a>og er \u00feeir fundu hann, s\u00f6g\u00f0u \u00feeir til hans: allir leita \u00fe\u00edn.<a name=\"38\"><span class=\"versanumer\">38<\/span><\/a>\u00de\u00e1 sag\u00f0i Jes\u00fas vi\u00f0 \u00fe\u00e1: v\u00e9r skulum fara \u00ed n\u00e1l\u00e6g \u00feorp, svo eg f\u00e1i einninn \u00fear kennt; \u00fev\u00ed til \u00feess er eg \u00fat farinn <span class='VideyAth'>a)<\/span>.<a name=\"39\"><span class=\"versanumer\">39<\/span><\/a>Og hann kenndi \u00ed samkunduh\u00fasum \u00feeirra um allt Gal\u00edleuland og rak dj\u00f6fla \u00fat.<a name=\"40\"><span class=\"versanumer\">40<\/span><\/a>Og ma\u00f0ur nokkur l\u00edk\u00fer\u00e1r kom til hans, f\u00e9ll til f\u00f3ta hans og ba\u00f0 hann me\u00f0 svofelldum or\u00f0um: ef \u00fe\u00fa vilt, getur \u00fe\u00fa l\u00e6kna\u00f0 mig.<a name=\"41\"><span class=\"versanumer\">41<\/span><\/a>Jes\u00fas kenndi \u00ed brj\u00f3sti um hann, r\u00e9tti \u00fat h\u00f6ndina, snart hann og sag\u00f0i: eg vil, vert\u00fa heill!<a name=\"42\"><span class=\"versanumer\">42<\/span><\/a>og jafnskj\u00f3tt, er Jes\u00fas m\u00e6lti \u00feetta, hvarf af honum l\u00edk\u00fer\u00e1in, og hann var\u00f0 heilbrig\u00f0ur.<a name=\"43\"><span class=\"versanumer\">43<\/span><\/a>Jes\u00fas l\u00e9t hann strax fr\u00e1 s\u00e9r fara, lag\u00f0i r\u00edkt \u00e1 vi\u00f0 hann,<a name=\"44\"><span class=\"versanumer\">44<\/span><\/a>og m\u00e6lti: varast\u00fa a\u00f0 segja \u00feetta nokkrum, heldur far og s\u00fdn \u00feig prestinum, offra \u00fev\u00ed, sem M\u00f3ses bau\u00f0, til sannindamerkis um, a\u00f0 \u00fe\u00fa s\u00e9rt heilbrig\u00f0ur or\u00f0inn.<a name=\"45\"><span class=\"versanumer\">45<\/span><\/a>En ma\u00f0urinn f\u00f3r og tala\u00f0i margt um \u00feetta og bar \u00fea\u00f0 \u00fat, svo Jes\u00fas m\u00e1tti ekki framar koma opinberlega \u00ed borgina; var hann \u00fev\u00ed utanborgar \u00ed ey\u00f0ist\u00f6\u00f0um, og kom f\u00f3lk \u00feanga\u00f0 til hans \u00far \u00f6llum \u00e1ttum.<\/p>\n<div class=\"footnoteVidey\">V. 2. Malak. 3,1.  V. 3. Esa. 40,3.  V. 2\u20138. sbr. Matt. 3,1\u201312. L\u00fak. 3,2\u201318. V. 7\u20138, sbr. J\u00f3h. 1,26.27.33.  V. 9\u201311. sbr. Matt. 3,13\u201317. L\u00fak. 3,21.22. (J\u00f3h. 1,29\u201333).  V. 12\u201313, sbr. Matt. 4,1\u201311. L\u00fak. 4,1\u201313.  V. 14\u201315, sbr. Matt. 4,12\u201317.  V. 16\u201320, sbr. Matt. 4,18\u201322. L\u00fak. 5,1\u201311.  V. 21\u201339, sbr. Matt. 8,14\u201317. L\u00fak. 4,31\u201344.  V. 24. a. Mess\u00edas.  V. 38. a. \u00de. e. fr\u00e1 Kapernaum.  V. 40\u201345. sbr. Matt. 8,2\u20135. L\u00fak. 5,12\u201316.  V. 44. 3 M\u00f3s. 14,3.<\/div>\n","protected":false},"excerpt":{"rendered":"<p>Verk J\u00f3hannesar og Jes\u00fa. 1\u00deetta er upphaf gle\u00f0ibo\u00f0skaparins Jes\u00fa Krists, Gu\u00f0s Sonar. 2Eins og skrifa\u00f0 er hj\u00e1 sp\u00e1manninum Esajas: \u201esj\u00e1! eg sendi minn sendibo\u00f0a \u00e1 undan \u00fe\u00e9r, s\u00e1 er grei\u00f0a skal veg \u00feinn;3kall er heyrt \u00ed \u00f3bygg\u00f0um: tilb\u00fai\u00f0 veg Drottins, jafni\u00f0 brautir hans:\u201c4\u00feannig ske\u00f0i \u00fea\u00f0, a\u00f0 J\u00f3hannes sk\u00edr\u00f0i \u00ed ey\u00f0im\u00f6rku og kenndi: a\u00f0 \u00feeir, er sk\u00edrast vildu, skyldu b\u00e6ta r\u00e1\u00f0 sitt, til a\u00f0 f\u00e1 fyrirgefningu synda sinna.5Til hans komu allir J\u00fadeu og Jer\u00fasalems innbyggjendur, og voru \u00feeir, sem j\u00e1tu\u00f0u s\u00edn afbrot, sk\u00edr\u00f0ir af honum \u00ed \u00e1nni J\u00f3rdan.6J\u00f3hannes var kl\u00e6ddur \u00falfaldsh\u00e1rum og girtur le\u00f0urbelti um lendar s\u00e9r; f\u00e6\u00f0a hans voru engisprettur <a href=\"https:\/\/biblian.is\/videy\/markusargudspjall-1-kafli\/\"> [&#8230;]<\/a><\/p>\n","protected":false},"author":1,"featured_media":0,"parent":0,"menu_order":0,"comment_status":"open","ping_status":"open","template":"bibliukaflar.php","meta":{"footnotes":""},"class_list":["post-21807","page","type-page","status-publish","hentry"],"_links":{"self":[{"href":"https:\/\/biblian.is\/videy\/wp-json\/wp\/v2\/pages\/21807","targetHints":{"allow":["GET"]}}],"collection":[{"href":"https:\/\/biblian.is\/videy\/wp-json\/wp\/v2\/pages"}],"about":[{"href":"https:\/\/biblian.is\/videy\/wp-json\/wp\/v2\/types\/page"}],"author":[{"embeddable":true,"href":"https:\/\/biblian.is\/videy\/wp-json\/wp\/v2\/users\/1"}],"replies":[{"embeddable":true,"href":"https:\/\/biblian.is\/videy\/wp-json\/wp\/v2\/comments?post=21807"}],"version-history":[{"count":0,"href":"https:\/\/biblian.is\/videy\/wp-json\/wp\/v2\/pages\/21807\/revisions"}],"wp:attachment":[{"href":"https:\/\/biblian.is\/videy\/wp-json\/wp\/v2\/media?parent=21807"}],"curies":[{"name":"wp","href":"https:\/\/api.w.org\/{rel}","templated":true}]}}