{"id":21804,"date":"2018-01-02T01:04:07","date_gmt":"2018-01-02T01:04:07","guid":{"rendered":"http:\/\/biblian.is\/videy\/matteusargudspjall-26-kafli\/"},"modified":"2018-01-02T01:04:07","modified_gmt":"2018-01-02T01:04:07","slug":"matteusargudspjall-26-kafli","status":"publish","type":"page","link":"https:\/\/biblian.is\/videy\/matteusargudspjall-26-kafli\/","title":{"rendered":"Matteusargu\u00f0spjall 26. kafli"},"content":{"rendered":"<div class=\"fyrirsognVidey\">Jes\u00fas fyrirsegir s\u00edna p\u00ednu; r\u00e1\u00f0agj\u00f6r\u00f0 Gy\u00f0inga um a\u00f0 dey\u00f0a hann. Hann er smur\u00f0ur \u00ed Betan\u00edu; J\u00fadas b\u00fd\u00f0st til a\u00f0 sv\u00edkja Jes\u00fam. Jes\u00fas etur p\u00e1skalambi\u00f0, innsetur kv\u00f6ldm\u00e1lt\u00ed\u00f0ina. Hans gangur til Vi\u00f0smj\u00f6rsvi\u00f0arfjallsins og p\u00edna \u00ed grasgar\u00f0inum. Hann er tekinn h\u00f6ndum, P\u00e9tur s\u00fdnir v\u00f6rn, l\u00e6risveinarnir fl\u00fdja. Jes\u00fas er f\u00e6r\u00f0ur fyrir hinn andlega r\u00e9tt. Afneitun P\u00e9turs.<\/div>\n<p><a name=\"1\"><span class=\"versanumer\">1<\/span><\/a>N\u00fa er Jes\u00fas haf\u00f0i loki\u00f0 \u00feessari r\u00e6\u00f0u, m\u00e6lti hann vi\u00f0 l\u00e6risveina s\u00edna:<a name=\"2\"><span class=\"versanumer\">2<\/span><\/a>\u00fe\u00e9r viti\u00f0, a\u00f0 eftir tvo daga eru P\u00e1skar; \u00fe\u00e1 mun Mannsins Sonur ofurseldur ver\u00f0a, a\u00f0 hann krossfestist.<br \/><a name=\"3\"><span class=\"versanumer\">3<\/span><\/a>Um \u00feetta bil komu saman \u00feeir \u00e6\u00f0stu prestar og skriftl\u00e6r\u00f0ir og \u00f6ldungar l\u00fd\u00f0sins \u00ed gar\u00f0i h\u00f6fu\u00f0prestsins, er Ka\u00edfas h\u00e9t,<a name=\"4\"><span class=\"versanumer\">4<\/span><\/a>og gj\u00f6r\u00f0u r\u00e1\u00f0 sitt hv\u00f6rnig \u00feeir g\u00e6tu fengi\u00f0 Jes\u00fam h\u00f6ndla\u00f0an me\u00f0 svikum og teki\u00f0 hann af l\u00edfi;<a name=\"5\"><span class=\"versanumer\">5<\/span><\/a>og s\u00fdndist \u00feeim a\u00f0 ekki mundi r\u00e1\u00f0 a\u00f0 gj\u00f6ra \u00feetta \u00e1 h\u00e1t\u00ed\u00f0inni, a\u00f0 ekki yr\u00f0i upphlaup me\u00f0al f\u00f3lksins.<br \/><a name=\"6\"><span class=\"versanumer\">6<\/span><\/a>\u00deegar Jes\u00fas var \u00ed Betan\u00edu h\u00fasi S\u00edmonar l\u00edk\u00fer\u00e1a,<a name=\"7\"><span class=\"versanumer\">7<\/span><\/a>kom til hans kona nokkur, h\u00fan haf\u00f0i fl\u00f6sku me\u00f0 d\u00fdrm\u00e6tum smyrslum \u00ed; \u00feeim hellti h\u00fan yfir h\u00f6fu\u00f0 hans er hann var a\u00f0 mat;<a name=\"8\"><span class=\"versanumer\">8<\/span><\/a>en er l\u00e6risveinar hans s\u00e1u \u00feetta, misl\u00edka\u00f0i \u00feeim \u00fea\u00f0, og m\u00e6ltu: hvar til skal \u00feessi kostna\u00f0ur?<a name=\"9\"><span class=\"versanumer\">9<\/span><\/a>\u00feessi smyrsl hef\u00f0u kunna\u00f0 a\u00f0 seljast miklu ver\u00f0i, og gefast svo f\u00e1t\u00e6kum.<a name=\"10\"><span class=\"versanumer\">10<\/span><\/a>En er Jes\u00fas var\u00f0 \u00feessa var, m\u00e6lti hann: \u00fev\u00ed amist \u00fe\u00e9r vi\u00f0 konu \u00feessari? vel gj\u00f6r\u00f0i h\u00fan til m\u00edn;<a name=\"11\"><span class=\"versanumer\">11<\/span><\/a>\u00fev\u00ed f\u00e1t\u00e6ka munu\u00f0 \u00fe\u00e9r \u00e6t\u00ed\u00f0 hj\u00e1 y\u00f0ur hafa, en mig ekki;<a name=\"12\"><span class=\"versanumer\">12<\/span><\/a>me\u00f0 \u00feessum smyrslum smur\u00f0i h\u00fan mig til minnar greftrunar;<a name=\"13\"><span class=\"versanumer\">13<\/span><\/a>tr\u00fai\u00f0 m\u00e9r, a\u00f0 hvar um heim, sem \u00feessi n\u00e1\u00f0arbo\u00f0skapur ver\u00f0ur kunngj\u00f6r\u00f0ur, mun og \u00feess, er h\u00fan gj\u00f6r\u00f0i, henni til s\u00e6mdar geti\u00f0 ver\u00f0a.<br \/><a name=\"14\"><span class=\"versanumer\">14<\/span><\/a>Um \u00feetta bil f\u00f3r einn af \u00feeim t\u00f3lf, er J\u00fadas h\u00e9t fr\u00e1 Kariot, til enna \u00e6\u00f0stu presta,<a name=\"15\"><span class=\"versanumer\">15<\/span><\/a>og spur\u00f0i \u00fe\u00e1: hva\u00f0 \u00feeir vildu gefa s\u00e9r til a\u00f0 koma honum \u00e1 \u00feeirra vald; en \u00feeir greiddu honum \u00ferj\u00e1t\u00edu silfurpeninga,<a name=\"16\"><span class=\"versanumer\">16<\/span><\/a>og upp fr\u00e1 \u00feessu leita\u00f0i hann lags a\u00f0 sv\u00edkja Jes\u00fam.<br \/><a name=\"17\"><span class=\"versanumer\">17<\/span><\/a>En fyrsta h\u00e1t\u00ed\u00f0ardag enna \u00f3s\u00fdr\u00f0u brau\u00f0anna <span class='VideyAth'>a)<\/span> gengu l\u00e6risveinarnir til Jes\u00fa og spur\u00f0u: hvar vilt\u00fa a\u00f0 v\u00e9r matb\u00faum \u00fe\u00e9r p\u00e1skalambi\u00f0?<a name=\"18\"><span class=\"versanumer\">18<\/span><\/a>hann m\u00e6lti: fari\u00f0 \u00fe\u00e9r \u00ed borgina til manns nokkurs, og segi\u00f0 honum: svo segir Meistarinn: minn t\u00edmi er n\u00e1l\u00e6gur, hj\u00e1 \u00fe\u00e9r vil eg halda p\u00e1ska me\u00f0 l\u00e6risveinum m\u00ednum.<a name=\"19\"><span class=\"versanumer\">19<\/span><\/a>L\u00e6risveinarnir gj\u00f6r\u00f0u, sem hann bau\u00f0 \u00feeim, og efnu\u00f0u \u00fear til p\u00e1ska veislu.<a name=\"20\"><span class=\"versanumer\">20<\/span><\/a>Og er kv\u00f6ld var komi\u00f0, settist hann til bor\u00f0s \u00e1samt \u00feeim t\u00f3lf l\u00e6risveinum s\u00ednum.<a name=\"21\"><span class=\"versanumer\">21<\/span><\/a>N\u00fa er \u00feeir v\u00f3ru undir bor\u00f0 komnir, t\u00f3k hann svo til or\u00f0a: tr\u00fai\u00f0 m\u00e9r: a\u00f0 einn af y\u00f0ur mun sv\u00edkja mig;<a name=\"22\"><span class=\"versanumer\">22<\/span><\/a>og er \u00feeir heyr\u00f0u \u00fea\u00f0, ur\u00f0u \u00feeir mj\u00f6g hryggvir, og spur\u00f0u hann, hv\u00f6r fyrir sig, me\u00f0 svofelldum or\u00f0um: hv\u00f6rt mun eg ver\u00f0a til \u00feess, Herra?<a name=\"23\"><span class=\"versanumer\">23<\/span><\/a>Hann svara\u00f0i: s\u00e1 sem r\u00e9ttir h\u00f6ndina \u00ed fati\u00f0 me\u00f0 m\u00e9r, hann mun sv\u00edkja mig.<a name=\"24\"><span class=\"versanumer\">24<\/span><\/a>Mannsins Sonur mun a\u00f0 s\u00f6nnu l\u00e1ta l\u00edf sitt, eins og \u00fev\u00ed er sp\u00e1\u00f0 fyrir honum, en vei \u00feeim manni, er sv\u00edkur hann! betra v\u00e6ri honum, a\u00f0 hann aldrei v\u00e6ri f\u00e6ddur.<a name=\"25\"><span class=\"versanumer\">25<\/span><\/a>\u00de\u00e1 spur\u00f0i J\u00fadas einninn, s\u00e1 er sveik hann: hv\u00f6rt er eg \u00fea\u00f0, Herra? en Jes\u00fas j\u00e1tti \u00fev\u00ed.<a name=\"26\"><span class=\"versanumer\">26<\/span><\/a>\u00deegar \u00feeir n\u00fa s\u00e1tu undir bor\u00f0um, \u00fe\u00e1 t\u00f3k Jes\u00fas brau\u00f0i\u00f0, gj\u00f6r\u00f0i Gu\u00f0i \u00feakkir, braut \u00fea\u00f0, og gaf s\u00ednum l\u00e6risveinum og m\u00e6lti: taki\u00f0 og eti\u00f0, \u00feetta er minn l\u00edkami.<a name=\"27\"><span class=\"versanumer\">27<\/span><\/a>S\u00ed\u00f0an t\u00f3k hann bikarinn, gj\u00f6r\u00f0i Gu\u00f0i \u00feakkir, gaf \u00feeim hann og m\u00e6lti: drekki\u00f0 h\u00e9r af allir;<a name=\"28\"><span class=\"versanumer\">28<\/span><\/a>\u00feetta er mitt bl\u00f3\u00f0, me\u00f0 hv\u00f6rju hinn n\u00fdi s\u00e1ttm\u00e1linn ver\u00f0ur sta\u00f0festur, og sem fyrir marga mun \u00fathellast til fyrirgefningar syndanna.<a name=\"29\"><span class=\"versanumer\">29<\/span><\/a>En eg segi y\u00f0ur \u00fea\u00f0 satt, a\u00f0 eg mun ekki h\u00e9\u00f0an \u00ed fr\u00e1 drekka af \u00feessum v\u00ednvi\u00f0ar\u00e1vexti, til \u00feess er eg drekk me\u00f0 y\u00f0ur af annarskonar \u00e1vexti \u00ed r\u00edki m\u00edns F\u00f6\u00f0urs.<br \/><a name=\"30\"><span class=\"versanumer\">30<\/span><\/a>\u00deegar \u00feeir h\u00f6f\u00f0u lofs\u00f6nginn sungi\u00f0, f\u00f3ru \u00feeir til Vi\u00f0smj\u00f6rsvi\u00f0arfjallsins.<a name=\"31\"><span class=\"versanumer\">31<\/span><\/a>\u00de\u00e1 m\u00e6lti Jes\u00fas: \u00e1 \u00feessari n\u00f3ttu munu\u00f0 \u00fe\u00e9r allir yfirgefa mig, eins og sagt er \u00ed Ritningunni: \u201en\u00e6r eg dey\u00f0i hir\u00f0irinn, mun hj\u00f6r\u00f0in tv\u00edstrast;\u201c<a name=\"32\"><span class=\"versanumer\">32<\/span><\/a>en eftir \u00fea\u00f0 a\u00f0 eg er upprisinn, mun eg ver\u00f0a kominn \u00e1 undan y\u00f0ur til Gal\u00edl\u00e6u.<a name=\"33\"><span class=\"versanumer\">33<\/span><\/a>\u00de\u00e1 svara\u00f0i P\u00e9tur honum: \u00fe\u00f3tt allir yfirgefi \u00feig, skal eg samt aldrei yfirgefa \u00feig.<a name=\"34\"><span class=\"versanumer\">34<\/span><\/a>Jes\u00fas svara\u00f0i: eg segi \u00fe\u00e9r \u00fea\u00f0 satt, a\u00f0 \u00e1 \u00feessari n\u00f3ttu, \u00e1\u00f0ur en haninn gelur, munt\u00fa \u00ferisvar afneita m\u00e9r.<a name=\"35\"><span class=\"versanumer\">35<\/span><\/a>\u00de\u00e1 m\u00e6lti P\u00e9tur: \u00fe\u00f3tt eg \u00e6tti a\u00f0 l\u00e1ta l\u00edfi\u00f0 me\u00f0 \u00fe\u00e9r, vil eg \u00fe\u00f3 ekki yfirgefa \u00feig. Hi\u00f0 sama s\u00f6g\u00f0u og allir l\u00e6risveinarnir.<br \/><a name=\"36\"><span class=\"versanumer\">36<\/span><\/a>S\u00ed\u00f0an kom Jes\u00fas me\u00f0 \u00feeim til \u00feess sta\u00f0ar, er h\u00e9t Getsemane, \u00fe\u00e1 m\u00e6lti hann til l\u00e6risveina sinna: b\u00ed\u00f0i\u00f0 \u00fe\u00e9r h\u00e9r, \u00e1 me\u00f0an eg fer og gj\u00f6ri b\u00e6n m\u00edna;<a name=\"37\"><span class=\"versanumer\">37<\/span><\/a>en P\u00e9tur og \u00fe\u00e1 tvo sonu Sebedeusar t\u00f3k hann me\u00f0 s\u00e9r; \u00fe\u00e1 t\u00f3k hann a\u00f0 hryggjast, og mj\u00f6g harm\u00ferunginn a\u00f0 ver\u00f0a;<a name=\"38\"><span class=\"versanumer\">38<\/span><\/a>og sag\u00f0i: eg er \u00ed dau\u00f0ans angist, b\u00ed\u00f0i\u00f0 h\u00e9r og vaki\u00f0 me\u00f0 m\u00e9r.<a name=\"39\"><span class=\"versanumer\">39<\/span><\/a>\u00de\u00e1 gekk hann litlu lengra fram, f\u00e9ll fram \u00e1 s\u00edna \u00e1sj\u00f3nu, og ba\u00f0 \u00e1 \u00feenna h\u00e1tt: Fa\u00f0ir minn! ef ske\u00f0 getur, \u00fe\u00e1 v\u00edki fr\u00e1 m\u00e9r \u00feessi kaleikur, \u00fe\u00f3 ekki, sem eg vil, heldur, sem \u00fe\u00fa vilt!<a name=\"40\"><span class=\"versanumer\">40<\/span><\/a>S\u00ed\u00f0an kom hann aftur til l\u00e6risveina sinna, og fann \u00fe\u00e1 sofandi; \u00fe\u00e1 tala\u00f0i hann til P\u00e9turs \u00e1 \u00feessa lei\u00f0; g\u00e1tu\u00f0 \u00fe\u00e9r \u00fe\u00e1 ekki vaka\u00f0 me\u00f0 m\u00e9r eina stund?<a name=\"41\"><span class=\"versanumer\">41<\/span><\/a>vaki\u00f0 og bi\u00f0ji\u00f0, a\u00f0 \u00fe\u00e9r falli\u00f0 ekki \u00ed freistni, andinn er a\u00f0 s\u00f6nnu rei\u00f0ub\u00fainn, en holdi\u00f0 er veikt <span class='VideyAth'>a)<\/span>.<a name=\"42\"><span class=\"versanumer\">42<\/span><\/a>\u00de\u00e1 f\u00f3r hann \u00ed \u00f6\u00f0ru sinni, og gj\u00f6r\u00f0i b\u00e6n s\u00edna \u00e1 \u00feessa lei\u00f0: Fa\u00f0ir minn! ef \u00fea\u00f0 er ekki m\u00f6gulegt, a\u00f0 \u00feessi kaleikur v\u00edki fr\u00e1 m\u00e9r, \u00e1n \u00feess eg drekki hann, \u00fe\u00e1 ver\u00f0i \u00feinn vilji!<a name=\"43\"><span class=\"versanumer\">43<\/span><\/a>S\u00ed\u00f0an kom hann aftur, og fann \u00fe\u00e1 \u00ed \u00f6\u00f0ru sinni sofandi; \u00fev\u00ed svefn\u00feungi mikill var fallinn \u00e1 augu \u00feeirra;<a name=\"44\"><span class=\"versanumer\">44<\/span><\/a>\u00fe\u00e1 f\u00f3r hann enn fr\u00e1 \u00feeim, og gj\u00f6r\u00f0i b\u00e6n s\u00edna \u00ed \u00feri\u00f0ja sinni me\u00f0 s\u00f6mu or\u00f0um og fyrr.<a name=\"45\"><span class=\"versanumer\">45<\/span><\/a>\u00de\u00e1 kom hann enn til l\u00e6risveina sinna og m\u00e6lti: sofi\u00f0 \u00fea\u00f0 sem eftir er <span class='VideyAth'>(t\u00edmans)<\/span>, og hv\u00edlist! Sj\u00e1i\u00f0! stundin n\u00e1lgast, a\u00f0 Mannsins Sonur ver\u00f0ur framseldur \u00e1 vald vondra manna;<a name=\"46\"><span class=\"versanumer\">46<\/span><\/a>standi\u00f0 upp og f\u00f6rum h\u00e9\u00f0an, s\u00e1 er \u00ed n\u00e1nd, er mig sv\u00edkur.<br \/><a name=\"47\"><span class=\"versanumer\">47<\/span><\/a>Me\u00f0an hann var n\u00fa \u00feetta a\u00f0 m\u00e6la, kom J\u00fadas, einn af \u00feeim t\u00f3lf, og me\u00f0 honum flokkur mikill, b\u00fainn me\u00f0 sver\u00f0um og forkum. \u00deetta li\u00f0 h\u00f6f\u00f0u sent \u00feeir \u00e6\u00f0stu prestar og \u00f6ldungar l\u00fd\u00f0sins;<a name=\"48\"><span class=\"versanumer\">48<\/span><\/a>en s\u00e1, er sveik hann, ba\u00f0 \u00fe\u00e1 hafa \u00fea\u00f0 til marks, a\u00f0 s\u00e1, er hann kyssti, hann v\u00e6ri Jes\u00fas, \u00feann skyldu \u00feeir h\u00f6ndla;<a name=\"49\"><span class=\"versanumer\">49<\/span><\/a>og strax gekk hann a\u00f0 Jes\u00fa og m\u00e6lti: heill, Meistari! og minntist vi\u00f0 hann.<a name=\"50\"><span class=\"versanumer\">50<\/span><\/a>Jes\u00fas svara\u00f0i: vinur! \u00fev\u00ed ert\u00fa h\u00e9r kominn? \u00de\u00e1 gengu \u00feeir til Jes\u00fa, l\u00f6g\u00f0u hendur \u00e1 hann og gripu hann.<a name=\"51\"><span class=\"versanumer\">51<\/span><\/a>En einn af fylgdarm\u00f6nnum Jes\u00fa greip til sver\u00f0sins, br\u00e1 \u00fev\u00ed og hj\u00f3 eyra\u00f0 af \u00fej\u00f3nustumanni ens \u00e6\u00f0sta prests.<a name=\"52\"><span class=\"versanumer\">52<\/span><\/a>\u00de\u00e1 sag\u00f0i Jes\u00fas til hans: sl\u00ed\u00f0ra \u00fe\u00fa sver\u00f0 \u00feitt; \u00feeir er me\u00f0 vopnum vega, munu og fyrir vopnum falla.<a name=\"53\"><span class=\"versanumer\">53<\/span><\/a>E\u00f0a meinar \u00fe\u00fa ekki, a\u00f0 ef eg b\u00e6\u00f0i F\u00f6\u00f0ur minn, mundi hann senda m\u00e9r meir en t\u00f3lf fylkingar engla;<a name=\"54\"><span class=\"versanumer\">54<\/span><\/a>en \u00feetta hl\u00fdtur a\u00f0 ske, svo \u00fea\u00f0 komi fram, sem um mig hefir sp\u00e1\u00f0 veri\u00f0.<a name=\"55\"><span class=\"versanumer\">55<\/span><\/a>Um \u00feetta sama bil m\u00e6lti Jes\u00fas vi\u00f0 flokkinn: \u00fe\u00e9r eru\u00f0 farnir \u00fat a\u00f0 h\u00f6ndla mig me\u00f0 sver\u00f0um og forkum, eins og r\u00e6ningja; en \u00e1 hv\u00f6rjum degi hefi eg \u00fe\u00f3 hj\u00e1 y\u00f0ur veri\u00f0, seti\u00f0 og kennt \u00ed musterinu, og \u00fe\u00f3 hafi\u00f0 \u00fe\u00e9r ekki voga\u00f0 a\u00f0 gr\u00edpa mig.<a name=\"56\"><span class=\"versanumer\">56<\/span><\/a>En \u00feetta allt er ske\u00f0, svo \u00fea\u00f0 r\u00e6tist, er sp\u00e1mennirnir hafa sagt. \u00de\u00e1 yfirg\u00e1fu hann allir l\u00e6risveinar hans og fl\u00fd\u00f0u. <br \/><a name=\"57\"><span class=\"versanumer\">57<\/span><\/a>En \u00feeir, sem h\u00f6ndlu\u00f0u Jes\u00fam, leiddu hann til Kaifasar \u00e6\u00f0sta prests, hvar skriftl\u00e6r\u00f0ir og \u00f6ldungarnir voru samankomnir;<a name=\"58\"><span class=\"versanumer\">58<\/span><\/a>en P\u00e9tur fylgdi \u00e1lengdar \u00e1 eftir, allt a\u00f0 gar\u00f0i ens \u00e6\u00f0sta prests. \u00dear gekk hann inn og settist me\u00f0al \u00fej\u00f3nustumannanna, til \u00feess hann s\u00e6i, hv\u00f6r endir \u00fear \u00e1 yr\u00f0i.<a name=\"59\"><span class=\"versanumer\">59<\/span><\/a>En \u00feeir \u00e6\u00f0stu prestar, \u00f6ldungarnir og allt hi\u00f0 mikla R\u00e1\u00f0, leitu\u00f0u lj\u00fagvitna gegn Jes\u00fa, a\u00f0 \u00feeir kynnu a\u00f0 d\u00e6ma hann til dau\u00f0a,<a name=\"60\"><span class=\"versanumer\">60<\/span><\/a>en fundu ekkert sakn\u00e6mt um hann, jafnvel \u00fe\u00f3tt margir lj\u00fagvottar k\u00e6mu fram. S\u00ed\u00f0ast komu fram tveir lj\u00fagvottar,<a name=\"61\"><span class=\"versanumer\">61<\/span><\/a>\u00feeir er s\u00f6g\u00f0ust hafa heyrt hann segja: eg get broti\u00f0 musteri Gu\u00f0s og byggt \u00fea\u00f0 aftur innan \u00feriggja daga.<a name=\"62\"><span class=\"versanumer\">62<\/span><\/a>\u00de\u00e1 st\u00f3\u00f0 upp s\u00e1 \u00e6\u00f0sti prestur og m\u00e6lti: svarar \u00fe\u00fa engu til \u00feess, sem \u00feessir \u00e1saka \u00feig um?<a name=\"63\"><span class=\"versanumer\">63<\/span><\/a>En Jes\u00fas \u00feag\u00f0i. \u00de\u00e1 m\u00e6lti hinn \u00e6\u00f0sti prestur: eg s\u00e6ri \u00feig vi\u00f0 enn lifanda Gu\u00f0, a\u00f0 \u00fe\u00fa segir oss \u00fea\u00f0, ef \u00fe\u00fa ert Kristur Sonur Gu\u00f0s.<a name=\"64\"><span class=\"versanumer\">64<\/span><\/a>Jes\u00fas svara\u00f0i: svo er, sem \u00fe\u00fa sag\u00f0ir, en tr\u00fai\u00f0 m\u00e9r: a\u00f0 eftir \u00feetta munu\u00f0 \u00fe\u00e9r sj\u00e1 Mannsins Son sitjanda til h\u00e6gri handar ens alvalda Gu\u00f0s, og komanda \u00ed sk\u00fdjum himins.<a name=\"65\"><span class=\"versanumer\">65<\/span><\/a>\u00de\u00e1 reif hinn \u00e6\u00f0sti prestur s\u00edn kl\u00e6\u00f0i og m\u00e6lti: hann gu\u00f0lastar; hva\u00f0 \u00feurfum v\u00e9r n\u00fa framar vitnanna vi\u00f0? n\u00fa heyr\u00f0u\u00f0 \u00fe\u00e9r sj\u00e1lfir hans gu\u00f0l\u00f6stun.<a name=\"66\"><span class=\"versanumer\">66<\/span><\/a>Hva\u00f0 l\u00edst y\u00f0ur? en \u00feeir kv\u00e1\u00f0u hann allir dau\u00f0a sekan.<a name=\"67\"><span class=\"versanumer\">67<\/span><\/a>\u00de\u00e1 hr\u00e6ktu \u00feeir \u00ed andlit honum og sl\u00f3gu hann, sumir me\u00f0 hnefum og sumir me\u00f0 l\u00f3fum,<a name=\"68\"><span class=\"versanumer\">68<\/span><\/a>og m\u00e6ltu: sp\u00e1\u00f0u n\u00fa, Kristur? hv\u00f6r var \u00fea\u00f0, sem sl\u00f3 \u00feig? <br \/><a name=\"69\"><span class=\"versanumer\">69<\/span><\/a>N\u00fa er P\u00e9tur sat utarlega, \u00ed gar\u00f0inum, kom til hans amb\u00e1tt nokkur, og m\u00e6lti: \u00fe\u00fa varst me\u00f0 Jes\u00fa enum galverska!<a name=\"70\"><span class=\"versanumer\">70<\/span><\/a>en hann neita\u00f0i \u00fev\u00ed, svo allir heyr\u00f0u, og m\u00e6lti: ekki veit eg, hva\u00f0 \u00fea\u00f0 er, sem \u00fe\u00fa talar um.<a name=\"71\"><span class=\"versanumer\">71<\/span><\/a>En er hann gekk \u00fat \u00ed fordyri\u00f0, \u00fe\u00e1 leit hann \u00f6nnur amb\u00e1tt og m\u00e6lti vi\u00f0 \u00fe\u00e1, sem hj\u00e1 v\u00f3ru: \u00feessi ma\u00f0ur var me\u00f0 Jes\u00fa enum na\u00f0verska;<a name=\"72\"><span class=\"versanumer\">72<\/span><\/a>en hann neita\u00f0i aftur me\u00f0 ei\u00f0i, og kva\u00f0st ekki \u00feekkja \u00feann mann.<a name=\"73\"><span class=\"versanumer\">73<\/span><\/a>Sk\u00f6mmu s\u00ed\u00f0ar t\u00f3ku \u00feeir til or\u00f0a, er hj\u00e1 v\u00f3ru og s\u00f6g\u00f0u vi\u00f0 P\u00e9tur: v\u00edst ert\u00fa af hans m\u00f6nnum; \u00fea\u00f0 augl\u00fdsir m\u00e1l \u00feitt.<a name=\"74\"><span class=\"versanumer\">74<\/span><\/a>\u00de\u00e1 t\u00f3k hann a\u00f0 sverja og form\u00e6la s\u00e9r, a\u00f0 hann ekki \u00feekkti \u00feenna mann, og \u00ed \u00fev\u00ed sama g\u00f3l haninn;<a name=\"75\"><span class=\"versanumer\">75<\/span><\/a>\u00fe\u00e1 minntist P\u00e9tur \u00feess, er Jes\u00fas haf\u00f0i m\u00e6lt: a\u00f0 \u00e1\u00f0ur en haninn gala\u00f0i, mundi hann \u00ferisvar afneita s\u00e9r; gekk s\u00ed\u00f0an \u00fat og gr\u00e9t s\u00e1ran.<\/p>\n<div class=\"footnoteVidey\">V. 1\u201316. sbr. Mark. 14,1\u201311. L\u00fak. 22,1\u20136.  V. 15, sj\u00e1 Sak. 11,12.  V. 17\u201329, sbr. Mark. 14,12\u201325. L\u00fak. 22,7\u201323. a. \u00de. e. p\u00e1ska, sj\u00e1 2 M\u00f3s. 12,17\u201320.  V. 28, sbr. 2 M\u00f3s. 24,8.  V. 30\u201335. sbr. Mark. 14,26\u201331. L\u00fak. 22,31\u201339. J\u00f3h. 13,36\u201338. 18,1.  V. 31. Sakk. 13,7.  V. 36\u201346, sbr. Mark. 14,32\u201342. L\u00fak. 22,40\u201346.  V. 41. a. \u00de. e. y\u00f0ar vilji er a\u00f0 s\u00f6nnu g\u00f3\u00f0ur, en y\u00f0ur vantar kraftana, sbr. R\u00f3m. 7,15\u201323.  V. 47\u201356. sbr. Mark. 14,42\u201352. L\u00fak. 22,47\u201353. J\u00f3h. 18,2\u201311.  V. 57\u201368. sbr. Mark. 14,53\u201365. L\u00fak. 22,54.55.63\u201371. J\u00f3h. 18,12\u201327.  V. 69\u201375. sbr. Mark. 14,66\u201372. L\u00fak. 22,56\u201362. (J\u00f3h. 18,12\u201327).<\/div>\n","protected":false},"excerpt":{"rendered":"<p>Jes\u00fas fyrirsegir s\u00edna p\u00ednu; r\u00e1\u00f0agj\u00f6r\u00f0 Gy\u00f0inga um a\u00f0 dey\u00f0a hann. Hann er smur\u00f0ur \u00ed Betan\u00edu; J\u00fadas b\u00fd\u00f0st til a\u00f0 sv\u00edkja Jes\u00fam. Jes\u00fas etur p\u00e1skalambi\u00f0, innsetur kv\u00f6ldm\u00e1lt\u00ed\u00f0ina. Hans gangur til Vi\u00f0smj\u00f6rsvi\u00f0arfjallsins og p\u00edna \u00ed grasgar\u00f0inum. Hann er tekinn h\u00f6ndum, P\u00e9tur s\u00fdnir v\u00f6rn, l\u00e6risveinarnir fl\u00fdja. Jes\u00fas er f\u00e6r\u00f0ur fyrir hinn andlega r\u00e9tt. Afneitun P\u00e9turs. 1N\u00fa er Jes\u00fas haf\u00f0i loki\u00f0 \u00feessari r\u00e6\u00f0u, m\u00e6lti hann vi\u00f0 l\u00e6risveina s\u00edna:2\u00fe\u00e9r viti\u00f0, a\u00f0 eftir tvo daga eru P\u00e1skar; \u00fe\u00e1 mun Mannsins Sonur ofurseldur ver\u00f0a, a\u00f0 hann krossfestist.3Um \u00feetta bil komu saman \u00feeir \u00e6\u00f0stu prestar og skriftl\u00e6r\u00f0ir og \u00f6ldungar l\u00fd\u00f0sins \u00ed gar\u00f0i h\u00f6fu\u00f0prestsins, er Ka\u00edfas h\u00e9t,4og gj\u00f6r\u00f0u r\u00e1\u00f0 <a href=\"https:\/\/biblian.is\/videy\/matteusargudspjall-26-kafli\/\"> [&#8230;]<\/a><\/p>\n","protected":false},"author":1,"featured_media":0,"parent":0,"menu_order":0,"comment_status":"open","ping_status":"open","template":"bibliukaflar.php","meta":{"footnotes":""},"class_list":["post-21804","page","type-page","status-publish","hentry"],"_links":{"self":[{"href":"https:\/\/biblian.is\/videy\/wp-json\/wp\/v2\/pages\/21804","targetHints":{"allow":["GET"]}}],"collection":[{"href":"https:\/\/biblian.is\/videy\/wp-json\/wp\/v2\/pages"}],"about":[{"href":"https:\/\/biblian.is\/videy\/wp-json\/wp\/v2\/types\/page"}],"author":[{"embeddable":true,"href":"https:\/\/biblian.is\/videy\/wp-json\/wp\/v2\/users\/1"}],"replies":[{"embeddable":true,"href":"https:\/\/biblian.is\/videy\/wp-json\/wp\/v2\/comments?post=21804"}],"version-history":[{"count":0,"href":"https:\/\/biblian.is\/videy\/wp-json\/wp\/v2\/pages\/21804\/revisions"}],"wp:attachment":[{"href":"https:\/\/biblian.is\/videy\/wp-json\/wp\/v2\/media?parent=21804"}],"curies":[{"name":"wp","href":"https:\/\/api.w.org\/{rel}","templated":true}]}}