{"id":21803,"date":"2018-01-02T01:04:07","date_gmt":"2018-01-02T01:04:07","guid":{"rendered":"http:\/\/biblian.is\/videy\/matteusargudspjall-25-kafli\/"},"modified":"2018-01-02T01:04:07","modified_gmt":"2018-01-02T01:04:07","slug":"matteusargudspjall-25-kafli","status":"publish","type":"page","link":"https:\/\/biblian.is\/videy\/matteusargudspjall-25-kafli\/","title":{"rendered":"Matteusargu\u00f0spjall 25. kafli"},"content":{"rendered":"<div class=\"fyrirsognVidey\">D\u00e6misaga um \u00fe\u00e6r forsj\u00e1lu og \u00f3forsj\u00e1lu meyjar; um h\u00fasb\u00f3ndann er f\u00e9kk \u00fej\u00f3num s\u00ednum f\u00e9 sitt \u00ed hendur; um d\u00f3madag.<\/div>\n<p><a name=\"1\"><span class=\"versanumer\">1<\/span><\/a>Eins er \u00fev\u00ed vari\u00f0 me\u00f0 Gu\u00f0s r\u00edki og me\u00f0 t\u00edu meyjar, sem t\u00f3ku lampa s\u00edna og f\u00f3ru \u00e1 m\u00f3ti br\u00fa\u00f0gumanum:<a name=\"2\"><span class=\"versanumer\">2<\/span><\/a>fimm af \u00feeim voru forsj\u00e1lar, en fimm \u00f3forsj\u00e1lar.<a name=\"3\"><span class=\"versanumer\">3<\/span><\/a>\u00de\u00e6r \u00f3forsj\u00e1lu t\u00f3ku a\u00f0 s\u00f6nnu lampa s\u00edna, en ekki t\u00f3ku \u00fe\u00e6r vi\u00f0smj\u00f6r me\u00f0 s\u00e9r.<a name=\"4\"><span class=\"versanumer\">4<\/span><\/a>En \u00fe\u00e6r forsj\u00e1lu t\u00f3ku vi\u00f0smj\u00f6r me\u00f0 s\u00e9r \u00ed kerum s\u00ednum.<a name=\"5\"><span class=\"versanumer\">5<\/span><\/a>En er fresta\u00f0ist koma br\u00fa\u00f0gumans, syfja\u00f0i \u00fe\u00e6r allar, og f\u00f3ru a\u00f0 sofa;<a name=\"6\"><span class=\"versanumer\">6<\/span><\/a>en um mi\u00f0n\u00e6tti var kalla\u00f0 og sagt: a\u00f0 br\u00fa\u00f0guminn k\u00e6mi og a\u00f0 \u00fe\u00e6r skyldu fara \u00fat \u00e1 m\u00f3ti honum.<a name=\"7\"><span class=\"versanumer\">7<\/span><\/a>\u00de\u00e1 v\u00f6knu\u00f0u allar meyjarnar, og t\u00f3ku a\u00f0 b\u00faa lampa s\u00edna.<a name=\"8\"><span class=\"versanumer\">8<\/span><\/a>\u00de\u00e1 s\u00f6g\u00f0u \u00fe\u00e6r \u00f3forsj\u00e1lu til hinna forsj\u00e1lu: gefi\u00f0 oss nokku\u00f0 af y\u00f0ar vi\u00f0smj\u00f6ri, \u00fev\u00ed annars munu lj\u00f3s vor slokkna.<a name=\"9\"><span class=\"versanumer\">9<\/span><\/a>Hinar forsj\u00e1lu sv\u00f6ru\u00f0u: v\u00e9r erum hr\u00e6ddar um a\u00f0 \u00fea\u00f0 muni ekki endast handa oss og y\u00f0ur; fari\u00f0 heldur til \u00feeirra, er vi\u00f0smj\u00f6r selja, og kaupi\u00f0 \u00fear vi\u00f0smj\u00f6r handa y\u00f0ur.<a name=\"10\"><span class=\"versanumer\">10<\/span><\/a>En er \u00fe\u00e6r voru burtfarnar til kaupa \u00feessara, \u00fe\u00e1 kom br\u00fa\u00f0guminn; og \u00fe\u00e6r, sem tilb\u00fanar voru, fylgdu honum \u00ed br\u00fa\u00f0kaupsstofuna; s\u00ed\u00f0an var dyrunum loka\u00f0.<a name=\"11\"><span class=\"versanumer\">11<\/span><\/a>Um s\u00ed\u00f0ir komu og hinar meyjarnar, og s\u00f6g\u00f0u: Herra! Herra! lj\u00fak upp fyrir oss.<a name=\"12\"><span class=\"versanumer\">12<\/span><\/a>En hann m\u00e6lti: eg kannast \u00f6ldungis ekki vi\u00f0 y\u00f0ur.<a name=\"13\"><span class=\"versanumer\">13<\/span><\/a>Veri\u00f0 \u00fear fyrir vakandi, \u00fev\u00ed \u00fe\u00e9r viti\u00f0 ekki daginn n\u00e9 stundina <span class='VideyAth'>a)<\/span>.<a name=\"14\"><span class=\"versanumer\">14<\/span><\/a>\u00dev\u00ed \u00feessu er eins h\u00e1tta\u00f0 og manni \u00feeim, er fer\u00f0a\u00f0ist utanlands, og kalla\u00f0i \u00e1\u00f0ur til s\u00edn \u00fej\u00f3na s\u00edna, og seldi \u00feeim \u00ed hendur f\u00e9 sitt.<a name=\"15\"><span class=\"versanumer\">15<\/span><\/a>Einum f\u00e9kk hann fimm pund, \u00f6\u00f0rum tv\u00f6 og enum \u00feri\u00f0ja eitt, eftir s\u00e9rhv\u00f6rs \u00feeirra dugna\u00f0i, og a\u00f0 svo gj\u00f6r\u00f0u f\u00f3r hann strax lei\u00f0ar sinnar.<a name=\"16\"><span class=\"versanumer\">16<\/span><\/a>\u00de\u00e1 f\u00f3r s\u00e1, er vi\u00f0 fimm pundum teki\u00f0 haf\u00f0i, var\u00f0i \u00feeim til kaupeyris, og \u00e1vaxta\u00f0i \u00feau um helming.<a name=\"17\"><span class=\"versanumer\">17<\/span><\/a>Eins gj\u00f6r\u00f0i s\u00e1, er vi\u00f0 tveim pundum haf\u00f0i teki\u00f0, a\u00f0 hann gr\u00e6ddi \u00e1 \u00feeim \u00f6nnur tv\u00f6.<a name=\"18\"><span class=\"versanumer\">18<\/span><\/a>En s\u00e1, er vi\u00f0 \u00fev\u00ed eina haf\u00f0i teki\u00f0, f\u00f3r og f\u00f3l f\u00e9 h\u00fasb\u00f3nda s\u00edns \u00ed j\u00f6r\u00f0u.<a name=\"19\"><span class=\"versanumer\">19<\/span><\/a>En er langur t\u00edmi var li\u00f0inn, kom h\u00fasb\u00f3ndinn heim, og kraf\u00f0ist a\u00f0 \u00feeir skyldu gj\u00f6ra skil \u00e1 f\u00e9nu.<a name=\"20\"><span class=\"versanumer\">20<\/span><\/a>\u00de\u00e1 kom s\u00e1, er vi\u00f0 fimm pundum haf\u00f0i teki\u00f0, og bar fram \u00f6nnur fimm pund og m\u00e6lti: Herra! \u00fe\u00fa seldir m\u00e9r \u00ed hendur fimm pund; \u00e1 \u00feeim hef eg unni\u00f0 \u00f6nnur fimm pund.<a name=\"21\"><span class=\"versanumer\">21<\/span><\/a>Herrann m\u00e6lti: vel hefir \u00fe\u00fa gj\u00f6rt, \u00fe\u00fa g\u00f3\u00f0i \u00fej\u00f3n! \u00fe\u00fa varst tr\u00far yfir litlu, eg mun setja \u00feig yfir miki\u00f0; gakk inn \u00ed f\u00f6gnu\u00f0 \u00fe\u00edns herra <span class='VideyAth'>b)<\/span>.<a name=\"22\"><span class=\"versanumer\">22<\/span><\/a>N\u00fa kom s\u00e1, er haf\u00f0i fengi\u00f0 tv\u00f6 pund og m\u00e6lti: Herra! tv\u00f6 pund f\u00e9kkstu m\u00e9r \u00ed hendur, \u00e1 \u00feeim hefi eg gr\u00e6tt \u00f6nnur tv\u00f6 pund.<a name=\"23\"><span class=\"versanumer\">23<\/span><\/a>\u00de\u00e1 m\u00e6lti Herrann: vel l\u00edkar m\u00e9r vi\u00f0 \u00feig, \u00fe\u00fa tr\u00fai og g\u00f3\u00f0i \u00fej\u00f3n! \u00fe\u00fa varst tr\u00far yfir litlu, n\u00fa mun eg setja \u00feig yfir miki\u00f0; gakk inn \u00ed \u00fe\u00edns Herra f\u00f6gnu\u00f0.<a name=\"24\"><span class=\"versanumer\">24<\/span><\/a>S\u00ed\u00f0an kom s\u00e1 fram, sem teki\u00f0 haf\u00f0i vi\u00f0 einu pundi, og m\u00e6lti: eg vissi, Herra! a\u00f0 \u00fe\u00fa varst har\u00f0ur ma\u00f0ur, sem uppsker, hvar \u00fe\u00fa ekki s\u00e1ir, og t\u00ednir saman, hvar \u00fe\u00fa str\u00e1\u00f0ir ekki;<a name=\"25\"><span class=\"versanumer\">25<\/span><\/a>\u00feetta hr\u00e6ddumst eg, og f\u00f3r \u00fev\u00ed og f\u00f3l \u00feitt pund \u00ed j\u00f6r\u00f0u; l\u00edt n\u00fa \u00e1, \u00fear hefir \u00fe\u00fa \u00feitt.<a name=\"26\"><span class=\"versanumer\">26<\/span><\/a>\u00de\u00e1 svara\u00f0i Herrann: \u00fe\u00fa \u00f3tr\u00fai og lati \u00fej\u00f3n! \u00fear e\u00f0 \u00fe\u00fa vissir, a\u00f0 eg uppsker, hvar eg ekki s\u00e1i, og t\u00edni saman, \u00fear eg ekki str\u00e1i,<a name=\"27\"><span class=\"versanumer\">27<\/span><\/a>\u00fe\u00e1 \u00e1ttir \u00fe\u00fa a\u00f0 f\u00e1 f\u00e9 mitt \u00ed hendur verslunarm\u00f6nnum, svo a\u00f0, n\u00e6r eg k\u00e6mi, kynni eg a\u00f0 taka vi\u00f0 \u00fev\u00ed me\u00f0 \u00e1vexti.<a name=\"28\"><span class=\"versanumer\">28<\/span><\/a>Taki\u00f0 \u00fev\u00ed af honum hans pund, og selji\u00f0 \u00feeim \u00ed hendur, sem hefir t\u00edu pund;<a name=\"29\"><span class=\"versanumer\">29<\/span><\/a>s\u00e9rhv\u00f6rjum, sem hefir, honum mun veitt ver\u00f0a, svo hann hafi yfirflj\u00f3tanlegt; en fr\u00e1 \u00feeim, sem ekki hefir, mun og \u00fea\u00f0 litla takast er  hann \u00e1;<a name=\"30\"><span class=\"versanumer\">30<\/span><\/a>en \u00feessum vonda \u00fej\u00f3ni skulu\u00f0 \u00fe\u00e9r varpa \u00ed myrkri\u00f0 fyrir utan, hvar e\u00f0 vera mun gr\u00e1tur og gn\u00edstur tanna.<br \/><a name=\"31\"><span class=\"versanumer\">31<\/span><\/a>\u00deegar Mannsins Sonur kemur \u00ed d\u00fdr\u00f0 sinni og allir englar me\u00f0 honum, \u00fe\u00e1 mun hann sitja \u00ed s\u00ednu d\u00fdr\u00f0ar h\u00e1s\u00e6ti,<a name=\"32\"><span class=\"versanumer\">32<\/span><\/a>og allar \u00fej\u00f3\u00f0ir munu safnast til hans; hann mun a\u00f0skilja \u00fe\u00e1 <span class='VideyAth'>a)<\/span>, eins og \u00feegar hir\u00f0ir skilur sau\u00f0i fr\u00e1 h\u00f6frum,<a name=\"33\"><span class=\"versanumer\">33<\/span><\/a>og skipa sau\u00f0unum s\u00e9r til h\u00e6gri, en h\u00f6frunum til vinstri hli\u00f0ar;<a name=\"34\"><span class=\"versanumer\">34<\/span><\/a>\u00fe\u00e1 mun konungurinn segja vi\u00f0 \u00fe\u00e1, sem eru honum til h\u00e6gri handar: komi\u00f0, \u00fe\u00e9r \u00e1stvinir m\u00edns F\u00f6\u00f0urs! og eignist \u00fea\u00f0 r\u00edki, sem y\u00f0ur var fyrirb\u00fai\u00f0 fr\u00e1 upphafi heimsins.<a name=\"35\"><span class=\"versanumer\">35<\/span><\/a>Mat\u00feurfi var eg og \u00fe\u00e9r veittu\u00f0 m\u00e9r f\u00e6\u00f0u; \u00feyrstur var eg og \u00fe\u00e9r g\u00e1fu\u00f0 m\u00e9r a\u00f0 drekka; gestur var eg, og \u00fe\u00e9r h\u00fdstu\u00f0 mig;<a name=\"36\"><span class=\"versanumer\">36<\/span><\/a>kl\u00e6\u00f0f\u00e1r, og \u00fe\u00e9r g\u00e1fu\u00f0 m\u00e9r f\u00f6t; sj\u00fakur, og \u00fe\u00e9r hj\u00fakru\u00f0u\u00f0 m\u00e9r; \u00ed d\u00fdflissu, og \u00fe\u00e9r vitju\u00f0u\u00f0 m\u00edn.<a name=\"37\"><span class=\"versanumer\">37<\/span><\/a>\u00de\u00e1 munu Gu\u00f0s vinir svara: Herra! n\u00e6r s\u00e1um v\u00e9r \u00feig mat\u00feurfa, og veittum \u00fe\u00e9r f\u00e6\u00f0u? \u00feyrstan, og g\u00e1fum \u00fe\u00e9r a\u00f0 drekka?<a name=\"38\"><span class=\"versanumer\">38<\/span><\/a>gest, og h\u00fdstum \u00feig? kl\u00e6\u00f0f\u00e1an, og g\u00e1fum \u00fe\u00e9r f\u00f6t?<a name=\"39\"><span class=\"versanumer\">39<\/span><\/a>n\u00e6r s\u00e1um v\u00e9r \u00feig sj\u00fakan e\u00f0ur \u00ed myrkvastofu, og vitju\u00f0um \u00fe\u00edn?<a name=\"40\"><span class=\"versanumer\">40<\/span><\/a>\u00de\u00e1 mun konungurinn svara: eg segi y\u00f0ur \u00fea\u00f0 satt: a\u00f0 hva\u00f0 \u00fe\u00e9r gj\u00f6r\u00f0u\u00f0 vi\u00f0 einn af \u00feessum minnstu br\u00e6\u00f0rum m\u00ednum, \u00fea\u00f0 hafi\u00f0 \u00fe\u00e9r m\u00e9r gj\u00f6rt.<a name=\"41\"><span class=\"versanumer\">41<\/span><\/a>S\u00ed\u00f0an mun hann segja vi\u00f0 \u00fe\u00e1, sem eru honum til vinstri hli\u00f0ar: fari\u00f0 fr\u00e1 m\u00e9r b\u00f6lva\u00f0ir \u00ed \u00feann eil\u00edfa eld, sem b\u00fainn er dj\u00f6flinum og \u00e1rum hans;<a name=\"42\"><span class=\"versanumer\">42<\/span><\/a>\u00fev\u00ed ekki g\u00e1fu\u00f0 \u00fe\u00e9r m\u00e9r f\u00e6\u00f0u, \u00fe\u00e1 eg var mat\u00feurfi; ekki \u00feyrstum a\u00f0 drekka;<a name=\"43\"><span class=\"versanumer\">43<\/span><\/a>ekki h\u00fdstu\u00f0 \u00fe\u00e9r mig h\u00e6lislausan; ekki g\u00e1fu\u00f0 \u00fe\u00e9r m\u00e9r kl\u00e6\u00f0f\u00e1um f\u00f6t, og ekki vitju\u00f0u\u00f0 \u00fe\u00e9r m\u00edn \u00ed fangelsi.<a name=\"44\"><span class=\"versanumer\">44<\/span><\/a>\u00de\u00e1 munu \u00feeir svara: Herra! n\u00e6r s\u00e1um v\u00e9r \u00feig mat\u00feurfa, e\u00f0ur \u00feyrstan, h\u00e6lislausan, e\u00f0ur kl\u00e6\u00f0f\u00e1an, sj\u00fakan e\u00f0ur \u00ed fangelsi, a\u00f0 v\u00e9r ekki hj\u00e1lpu\u00f0um \u00fe\u00e9r.<a name=\"45\"><span class=\"versanumer\">45<\/span><\/a>En hann mun svara: sannlega segi eg y\u00f0ur: \u00fea\u00f0, sem \u00fe\u00e9r ekki gj\u00f6r\u00f0u\u00f0 einum af \u00feessum m\u00ednum minnstu br\u00e6\u00f0rum, \u00fea\u00f0 gj\u00f6r\u00f0u\u00f0 \u00fe\u00e9r ekki heldur m\u00e9r.<a name=\"46\"><span class=\"versanumer\">46<\/span><\/a>\u00de\u00e1 munu \u00feessir fara til \u00e6varandi kvala, en \u00feeir g\u00f3\u00f0u til eil\u00edfrar s\u00e6lu.<\/p>\n<div class=\"footnoteVidey\">V. 1. Sbr. Makk. 9,37. S\u00e1lm. 45,14\u201315.  V. 13. a. Nl. n\u00e6r Mannsins Sonur muni koma.  V. 21. \u00de. e. vertu bor\u00f0gestur \u00ed \u00feeirri gle\u00f0iveislu, sem eg gj\u00f6ri eftir m\u00edna heimkomu.  V. 32. a. Nl. \u00fe\u00e1 g\u00f3\u00f0u fr\u00e1 \u00feeim vondu.  V. 35, sbr. 1 Kor. 13,13. 2 Kor. 5,10.<\/div>\n","protected":false},"excerpt":{"rendered":"<p>D\u00e6misaga um \u00fe\u00e6r forsj\u00e1lu og \u00f3forsj\u00e1lu meyjar; um h\u00fasb\u00f3ndann er f\u00e9kk \u00fej\u00f3num s\u00ednum f\u00e9 sitt \u00ed hendur; um d\u00f3madag. 1Eins er \u00fev\u00ed vari\u00f0 me\u00f0 Gu\u00f0s r\u00edki og me\u00f0 t\u00edu meyjar, sem t\u00f3ku lampa s\u00edna og f\u00f3ru \u00e1 m\u00f3ti br\u00fa\u00f0gumanum:2fimm af \u00feeim voru forsj\u00e1lar, en fimm \u00f3forsj\u00e1lar.3\u00de\u00e6r \u00f3forsj\u00e1lu t\u00f3ku a\u00f0 s\u00f6nnu lampa s\u00edna, en ekki t\u00f3ku \u00fe\u00e6r vi\u00f0smj\u00f6r me\u00f0 s\u00e9r.4En \u00fe\u00e6r forsj\u00e1lu t\u00f3ku vi\u00f0smj\u00f6r me\u00f0 s\u00e9r \u00ed kerum s\u00ednum.5En er fresta\u00f0ist koma br\u00fa\u00f0gumans, syfja\u00f0i \u00fe\u00e6r allar, og f\u00f3ru a\u00f0 sofa;6en um mi\u00f0n\u00e6tti var kalla\u00f0 og sagt: a\u00f0 br\u00fa\u00f0guminn k\u00e6mi og a\u00f0 \u00fe\u00e6r skyldu fara \u00fat \u00e1 m\u00f3ti honum.7\u00de\u00e1 v\u00f6knu\u00f0u allar meyjarnar, <a href=\"https:\/\/biblian.is\/videy\/matteusargudspjall-25-kafli\/\"> [&#8230;]<\/a><\/p>\n","protected":false},"author":1,"featured_media":0,"parent":0,"menu_order":0,"comment_status":"open","ping_status":"open","template":"bibliukaflar.php","meta":{"footnotes":""},"class_list":["post-21803","page","type-page","status-publish","hentry"],"_links":{"self":[{"href":"https:\/\/biblian.is\/videy\/wp-json\/wp\/v2\/pages\/21803","targetHints":{"allow":["GET"]}}],"collection":[{"href":"https:\/\/biblian.is\/videy\/wp-json\/wp\/v2\/pages"}],"about":[{"href":"https:\/\/biblian.is\/videy\/wp-json\/wp\/v2\/types\/page"}],"author":[{"embeddable":true,"href":"https:\/\/biblian.is\/videy\/wp-json\/wp\/v2\/users\/1"}],"replies":[{"embeddable":true,"href":"https:\/\/biblian.is\/videy\/wp-json\/wp\/v2\/comments?post=21803"}],"version-history":[{"count":0,"href":"https:\/\/biblian.is\/videy\/wp-json\/wp\/v2\/pages\/21803\/revisions"}],"wp:attachment":[{"href":"https:\/\/biblian.is\/videy\/wp-json\/wp\/v2\/media?parent=21803"}],"curies":[{"name":"wp","href":"https:\/\/api.w.org\/{rel}","templated":true}]}}