{"id":21802,"date":"2018-01-02T01:04:07","date_gmt":"2018-01-02T01:04:07","guid":{"rendered":"http:\/\/biblian.is\/videy\/matteusargudspjall-24-kafli\/"},"modified":"2018-01-02T01:04:07","modified_gmt":"2018-01-02T01:04:07","slug":"matteusargudspjall-24-kafli","status":"publish","type":"page","link":"https:\/\/biblian.is\/videy\/matteusargudspjall-24-kafli\/","title":{"rendered":"Matteusargu\u00f0spjall 24. kafli"},"content":{"rendered":"<div class=\"fyrirsognVidey\">Jes\u00fas sp\u00e1ir um ey\u00f0ileggingu Jer\u00fasalems og heimsins, og um andvaraleysi manna, og r\u00e6\u00f0ur til \u00e1rvekni.<\/div>\n<p><a name=\"1\"><span class=\"versanumer\">1<\/span><\/a>N\u00fa er Jes\u00fas gekk \u00fat \u00far musterinu, \u00fe\u00e1 s\u00fdndu l\u00e6risveinar hans honum byggingu \u00feess;<a name=\"2\"><span class=\"versanumer\">2<\/span><\/a>\u00fe\u00e1 m\u00e6lti hann: vex y\u00f0ur \u00feetta <span class='VideyAth'>(mj\u00f6g)<\/span> \u00ed augum? sannlega segi eg y\u00f0ur: allt \u00feetta, mun svo \u00f6ldungis ey\u00f0ilagt ver\u00f0a, a\u00f0 ekki mun \u00fear steinn yfir steini vera. <br \/><a name=\"3\"><span class=\"versanumer\">3<\/span><\/a>En \u00feegar hann haf\u00f0i sett sig ni\u00f0ur \u00e1 Vi\u00f0smj\u00f6rsvi\u00f0arfjallinu, gengu l\u00e6risveinar hans til hans einslega og s\u00f6g\u00f0u: seg oss hv\u00f6n\u00e6r \u00feetta mun framkoma, og hv\u00f6rt vera mun merki \u00feinnar tilkomu og enda veraldarinnar.<a name=\"4\"><span class=\"versanumer\">4<\/span><\/a>Jes\u00fas m\u00e6lti: varist \u00fea\u00f0 a\u00f0 enginn villi y\u00f0ur,<a name=\"5\"><span class=\"versanumer\">5<\/span><\/a>\u00fev\u00ed margir munu koma undir m\u00ednu nafni, og segja sig Krist a\u00f0 vera, og munu marga afvega lei\u00f0a.<a name=\"6\"><span class=\"versanumer\">6<\/span><\/a>En n\u00e6r \u00fe\u00e9r fr\u00e9tti\u00f0 styrj\u00f6ld og \u00f3fri\u00f0ar t\u00ed\u00f0indi, \u00fe\u00e1 sj\u00e1i\u00f0 til, a\u00f0 \u00fe\u00e9r skelfist ekki; \u00fev\u00ed \u00feetta hl\u00fdtur allt a\u00f0 ske, en \u00fe\u00f3 er enn ekki endirinn kominn,<a name=\"7\"><span class=\"versanumer\">7<\/span><\/a>\u00fev\u00ed ein \u00fej\u00f3\u00f0 mun r\u00edsa m\u00f3t annarri, og eitt r\u00edki m\u00f3t \u00f6\u00f0ru, \u00fe\u00e1 mun og \u00ed \u00fdmsum st\u00f6\u00f0um vera hall\u00e6ri, dreps\u00f3tt og jar\u00f0skj\u00e1lftar.<a name=\"8\"><span class=\"versanumer\">8<\/span><\/a>\u00deetta er byrjan eymdanna.<a name=\"9\"><span class=\"versanumer\">9<\/span><\/a>\u00de\u00e1 munu menn selja y\u00f0ur \u00ed \u00e1nau\u00f0 og af l\u00edfi taka, og allar \u00fej\u00f3\u00f0ir munu y\u00f0ur hata fyrir m\u00ednar sakir.<a name=\"10\"><span class=\"versanumer\">10<\/span><\/a>Margir munu \u00fe\u00e1 kasta tr\u00fa sinni, hv\u00f6r annan framselja og a\u00f0 hatri hafa;<a name=\"11\"><span class=\"versanumer\">11<\/span><\/a>\u00fe\u00e1 munu og uppkoma margir falskennendur, \u00feeir er marga munu afvegalei\u00f0a,<a name=\"12\"><span class=\"versanumer\">12<\/span><\/a>og sakir vaxandi rangsleitni mun k\u00e6rleiki margra k\u00f3lna.<a name=\"13\"><span class=\"versanumer\">13<\/span><\/a>En hv\u00f6r, sem st\u00f6\u00f0ugur stendur allt til enda, hann mun h\u00f3lpinn ver\u00f0a.<a name=\"14\"><span class=\"versanumer\">14<\/span><\/a>En kenningin um Gu\u00f0s r\u00edki mun um gj\u00f6rvallan heim bo\u00f0u\u00f0 ver\u00f0a, svo fyrir \u00f6llum \u00fej\u00f3\u00f0um vitnist \u00fear um; og \u00fe\u00e1 mun endirinn koma.<a name=\"15\"><span class=\"versanumer\">15<\/span><\/a>En n\u00e6r \u00fe\u00e9r sj\u00e1i\u00f0 vi\u00f0urstygg\u00f0 ey\u00f0ileggingarinnar \u00ed \u00feeim helga sta\u00f0 <span class='VideyAth'>a)<\/span>, um hv\u00f6rja Dan\u00edel sp\u00e1\u00f0 hefir <span class='VideyAth'>(hann, sem les \u00fea\u00f0 gefi gaum a\u00f0 \u00fev\u00ed)<\/span>,<a name=\"16\"><span class=\"versanumer\">16<\/span><\/a>\u00fe\u00e1 fl\u00fdi hv\u00f6r s\u00e1, sem \u00ed J\u00fadeu er, til fjalla;<a name=\"17\"><span class=\"versanumer\">17<\/span><\/a>hv\u00f6r s\u00e1, sem er \u00e1 h\u00fas\u00feaki, varist hann a\u00f0 fara ofan \u00ed h\u00fas sitt til a\u00f0 taka nokku\u00f0 \u00fea\u00f0an.<a name=\"18\"><span class=\"versanumer\">18<\/span><\/a>Hv\u00f6r hann er \u00e1 akri, sn\u00fai hann ekki til baka a\u00f0 taka kl\u00e6\u00f0i s\u00edn.<a name=\"19\"><span class=\"versanumer\">19<\/span><\/a>\u00c6! ves\u00e6lar eru \u00e1 \u00feeim t\u00edma konur \u00feunga\u00f0ar, og \u00fe\u00e6r, er b\u00f6rn hafa \u00e1 brj\u00f3sti.<a name=\"20\"><span class=\"versanumer\">20<\/span><\/a>En bi\u00f0ji\u00f0 \u00fe\u00e9r, a\u00f0 y\u00f0ar fl\u00f3tti ver\u00f0i ekki um vetur, e\u00f0ur \u00e1 hv\u00edldardegi;<a name=\"21\"><span class=\"versanumer\">21<\/span><\/a>\u00fev\u00ed \u00fe\u00e1 mun vera svo st\u00f3r h\u00f6rmung, a\u00f0 engin hefir \u00fev\u00edl\u00edk veri\u00f0 fr\u00e1 byrjun heims til \u00feessarar t\u00ed\u00f0ar, og ekki heldur mun s\u00ed\u00f0ar ver\u00f0a;<a name=\"22\"><span class=\"versanumer\">22<\/span><\/a>og nema \u00feessir dagar styttist, mundi enginn l\u00edfi halda, en fyrir \u00fatvaldra sakir mun \u00feessi t\u00edmi styttast.<a name=\"23\"><span class=\"versanumer\">23<\/span><\/a>\u00de\u00f3 nokkur segi y\u00f0ur \u00fe\u00e1, a\u00f0 Kristur s\u00e9 h\u00e9r e\u00f0ur \u00fear, \u00fe\u00e1 skulu\u00f0 \u00fe\u00e9r ekki tr\u00faa;<a name=\"24\"><span class=\"versanumer\">24<\/span><\/a>\u00fev\u00ed a\u00f0 margir falskristar og falskennendur munu \u00fe\u00e1 upp koma, og gj\u00f6ra st\u00f3r undur og t\u00e1kn, svo a\u00f0 \u00ed villu munu lei\u00f0ast, ef \u00fea\u00f0 ske kynni, jafnvel \u00fatvaldir.<a name=\"25\"><span class=\"versanumer\">25<\/span><\/a>G\u00e6ti\u00f0 n\u00fa \u00feess, a\u00f0 eg hefi sagt y\u00f0ur \u00feetta fyrir.<a name=\"26\"><span class=\"versanumer\">26<\/span><\/a>\u00deegar \u00feeir n\u00fa segja y\u00f0ur, a\u00f0 hann s\u00e9 \u00ed ey\u00f0im\u00f6rku, \u00fe\u00e1 fari\u00f0 ekki \u00fat \u00feanga\u00f0, og \u00feegar \u00feeir segja, a\u00f0 hann s\u00e9 \u00ed leynih\u00fasum, \u00fe\u00e1 tr\u00fai\u00f0 \u00fev\u00ed ekki.<a name=\"27\"><span class=\"versanumer\">27<\/span><\/a>\u00dev\u00ed, eins og eldingin \u00fat gengur fr\u00e1 austri og sk\u00edn allt til vesturs, eins mun ver\u00f0a tilkoma Mannsins Sonar;<a name=\"28\"><span class=\"versanumer\">28<\/span><\/a>\u00fev\u00ed \u00fear sem hr\u00e6i\u00f0 er, \u00feanga\u00f0 munu ernirnir safnast.<a name=\"29\"><span class=\"versanumer\">29<\/span><\/a>En strax eftir \u00feessa h\u00f6rmung mun s\u00f3l sortna og tungl missa birtu sinnar, en stj\u00f6rnur munu hrapa af himni og kraftar himnanna hr\u00e6rast.<a name=\"30\"><span class=\"versanumer\">30<\/span><\/a>\u00de\u00e1 mun teikn Mannsins Sonar birtast \u00e1 himni, og allar \u00fej\u00f3\u00f0ir munu \u00f3ttast, n\u00e6r \u00fe\u00e6r sj\u00e1 hann komanda \u00ed sk\u00fdjum himins me\u00f0 veldi og vegsemd mikilli.<a name=\"31\"><span class=\"versanumer\">31<\/span><\/a>\u00de\u00e1 mun hann senda engla s\u00edna me\u00f0 hvellum l\u00fa\u00f0ri til a\u00f0 samansafna hans \u00fatv\u00f6ldum \u00far \u00f6llum \u00e1ttum, fr\u00e1 einu heims skauti til annars.<a name=\"32\"><span class=\"versanumer\">32<\/span><\/a>Taki\u00f0 y\u00f0ur d\u00e6mi af f\u00edkjutr\u00e9 \u00feessu, n\u00e6r greinir \u00feess eru \u00fevalar or\u00f0nar, og bl\u00f6\u00f0in taka \u00fat a\u00f0 springa, \u00fe\u00e1 viti\u00f0 \u00fe\u00e9r a\u00f0 sumari\u00f0 er \u00ed n\u00e1nd;<a name=\"33\"><span class=\"versanumer\">33<\/span><\/a>svo fer og n\u00e6r \u00fe\u00e9r sj\u00e1i\u00f0 allt \u00feetta, \u00fe\u00e1 megi\u00f0 \u00fe\u00e9r vita a\u00f0 \u00feetta mun vera n\u00e6rri og fyrir dyrum.<a name=\"34\"><span class=\"versanumer\">34<\/span><\/a>Sannlega segi eg y\u00f0ur, a\u00f0 \u00feessi kynsl\u00f3\u00f0 mun ekki undir lok li\u00f0in, \u00e1\u00f0ur en allt \u00feetta kemur fram.<a name=\"35\"><span class=\"versanumer\">35<\/span><\/a>Fyrr mun himin og j\u00f6r\u00f0 forganga, en m\u00edn or\u00f0 r\u00e6tist ekki.<a name=\"36\"><span class=\"versanumer\">36<\/span><\/a>En \u00feann dag og t\u00edma veit enginn fyrir, og ekki englar \u00e1 himnum, nema Fa\u00f0irinn einn.<a name=\"37\"><span class=\"versanumer\">37<\/span><\/a>En eins og dagar N\u00f3a voru, eins mun tilkoma Mannsins Sonar ver\u00f0a.<a name=\"38\"><span class=\"versanumer\">38<\/span><\/a>\u00dev\u00ed eins og menn fyrir fl\u00f3\u00f0i\u00f0 h\u00e9ldu sig vel a\u00f0 mat og drykk, karlar og konur giftust, allt til \u00feess dags, \u00e1 hv\u00f6rjum N\u00f3i gekk \u00ed \u00f6rkina,<a name=\"39\"><span class=\"versanumer\">39<\/span><\/a>og vissu ekki fyrr af, en fl\u00f3\u00f0i\u00f0 kom og t\u00f3k \u00fe\u00e1 alla: eins mun og ver\u00f0a tilkoma Mannsins Sonar.<a name=\"40\"><span class=\"versanumer\">40<\/span><\/a>Tveir munu \u00fe\u00e1 \u00e1 akri vera, s\u00e1 annar mun me\u00f0tekinn ver\u00f0a, hinn eftirskilinn;<a name=\"41\"><span class=\"versanumer\">41<\/span><\/a>tv\u00e6r konur munu \u00fe\u00e1 mala \u00ed kvernh\u00fasi, \u00f6nnur \u00feeirra mun ver\u00f0a me\u00f0tekin, hin eftirskilin.<a name=\"42\"><span class=\"versanumer\">42<\/span><\/a>Veri\u00f0 \u00fev\u00ed vakandi,  \u00fe\u00e9r viti\u00f0 ekki n\u00e6r Herra y\u00f0ar muni koma;<a name=\"43\"><span class=\"versanumer\">43<\/span><\/a>en \u00fea\u00f0 viti\u00f0 \u00fe\u00e9r, a\u00f0 ef h\u00fasb\u00f3ndinn vissi, um hv\u00f6rja stund n\u00e6tur a\u00f0 \u00fej\u00f3furinn k\u00e6mi, \u00fe\u00e1 mundi hann vaka, og ekki leyfa a\u00f0 brotin v\u00e6ru upp h\u00fas s\u00edn.<a name=\"44\"><span class=\"versanumer\">44<\/span><\/a>Veri\u00f0 \u00fe\u00e9r \u00fev\u00ed vi\u00f0b\u00fanir, \u00fev\u00ed Mannsins Sonur mun koma \u00feegar \u00fe\u00e9r s\u00edst \u00e6tli\u00f0.<a name=\"45\"><span class=\"versanumer\">45<\/span><\/a>S\u00e6ll er \u00fej\u00f3n s\u00e1, sem sakir tr\u00famennsku sinnar og forsj\u00e1lni er settur af h\u00fasb\u00f3nda s\u00ednum yfir skuldali\u00f0 hans, a\u00f0 gefa \u00fev\u00ed mat \u00ed r\u00e9ttan t\u00edma,<a name=\"46\"><span class=\"versanumer\">46<\/span><\/a>ef a\u00f0 h\u00fasb\u00f3ndinn, n\u00e6r hann kemur, finnur, a\u00f0 hann gj\u00f6rir \u00feetta verk sitt dyggilega;<a name=\"47\"><span class=\"versanumer\">47<\/span><\/a>\u00fev\u00ed, tr\u00fai\u00f0 m\u00e9r, hann mun setja hann yfir allar eigur s\u00ednar.<a name=\"48\"><span class=\"versanumer\">48<\/span><\/a>En s\u00e9 n\u00fa \u00fej\u00f3n \u00feessi \u00f3tr\u00far, og hugsi, a\u00f0 h\u00fasb\u00f3ndi sinn muni ekki svo br\u00e1\u00f0um koma,<a name=\"49\"><span class=\"versanumer\">49<\/span><\/a>taki s\u00ed\u00f0an a\u00f0 berja \u00e1 sam\u00fej\u00f3num s\u00ednum og hafa samneyti vi\u00f0 ofdrykkjumenn,<a name=\"50\"><span class=\"versanumer\">50<\/span><\/a>\u00fe\u00e1 mun h\u00fasb\u00f3ndi hans koma, \u00feegar hann varir sem minnst, og \u00e1 \u00feeirri stund, er hann \u00e6tla\u00f0i s\u00edst,<a name=\"51\"><span class=\"versanumer\">51<\/span><\/a>og l\u00e1ta hann m\u00e6ta h\u00f6r\u00f0um refsingum og gj\u00f6ra hlut hans jafnan augna\u00fej\u00f3num, me\u00f0al hv\u00f6rra vera mun gr\u00e1tur og gn\u00edstran tanna.<\/p>\n<div class=\"footnoteVidey\">K. 24 og 25, sbr. Mark. 13. L\u00fak. 21,5\u201336.  V. 15. Dan. 9,26.27. 12,11. a. \u00de. e. \u00ed Jer\u00fasalem, hvar Gu\u00f0s musteri var.  V. 28. Habak. 1,8. Job. 39,32.33. L\u00fak. 17,36.  V. 29. J\u00f3el. 2,10. Esa. 13,10. Esek. 32,7.<\/div>\n","protected":false},"excerpt":{"rendered":"<p>Jes\u00fas sp\u00e1ir um ey\u00f0ileggingu Jer\u00fasalems og heimsins, og um andvaraleysi manna, og r\u00e6\u00f0ur til \u00e1rvekni. 1N\u00fa er Jes\u00fas gekk \u00fat \u00far musterinu, \u00fe\u00e1 s\u00fdndu l\u00e6risveinar hans honum byggingu \u00feess;2\u00fe\u00e1 m\u00e6lti hann: vex y\u00f0ur \u00feetta (mj\u00f6g) \u00ed augum? sannlega segi eg y\u00f0ur: allt \u00feetta, mun svo \u00f6ldungis ey\u00f0ilagt ver\u00f0a, a\u00f0 ekki mun \u00fear steinn yfir steini vera. 3En \u00feegar hann haf\u00f0i sett sig ni\u00f0ur \u00e1 Vi\u00f0smj\u00f6rsvi\u00f0arfjallinu, gengu l\u00e6risveinar hans til hans einslega og s\u00f6g\u00f0u: seg oss hv\u00f6n\u00e6r \u00feetta mun framkoma, og hv\u00f6rt vera mun merki \u00feinnar tilkomu og enda veraldarinnar.4Jes\u00fas m\u00e6lti: varist \u00fea\u00f0 a\u00f0 enginn villi y\u00f0ur,5\u00fev\u00ed margir munu koma undir <a href=\"https:\/\/biblian.is\/videy\/matteusargudspjall-24-kafli\/\"> [&#8230;]<\/a><\/p>\n","protected":false},"author":1,"featured_media":0,"parent":0,"menu_order":0,"comment_status":"open","ping_status":"open","template":"bibliukaflar.php","meta":{"footnotes":""},"class_list":["post-21802","page","type-page","status-publish","hentry"],"_links":{"self":[{"href":"https:\/\/biblian.is\/videy\/wp-json\/wp\/v2\/pages\/21802","targetHints":{"allow":["GET"]}}],"collection":[{"href":"https:\/\/biblian.is\/videy\/wp-json\/wp\/v2\/pages"}],"about":[{"href":"https:\/\/biblian.is\/videy\/wp-json\/wp\/v2\/types\/page"}],"author":[{"embeddable":true,"href":"https:\/\/biblian.is\/videy\/wp-json\/wp\/v2\/users\/1"}],"replies":[{"embeddable":true,"href":"https:\/\/biblian.is\/videy\/wp-json\/wp\/v2\/comments?post=21802"}],"version-history":[{"count":0,"href":"https:\/\/biblian.is\/videy\/wp-json\/wp\/v2\/pages\/21802\/revisions"}],"wp:attachment":[{"href":"https:\/\/biblian.is\/videy\/wp-json\/wp\/v2\/media?parent=21802"}],"curies":[{"name":"wp","href":"https:\/\/api.w.org\/{rel}","templated":true}]}}