{"id":21801,"date":"2018-01-02T01:04:07","date_gmt":"2018-01-02T01:04:07","guid":{"rendered":"http:\/\/biblian.is\/videy\/matteusargudspjall-23-kafli\/"},"modified":"2018-01-02T01:04:07","modified_gmt":"2018-01-02T01:04:07","slug":"matteusargudspjall-23-kafli","status":"publish","type":"page","link":"https:\/\/biblian.is\/videy\/matteusargudspjall-23-kafli\/","title":{"rendered":"Matteusargu\u00f0spjall 23. kafli"},"content":{"rendered":"<div class=\"fyrirsognVidey\">Jes\u00fas b\u00fd\u00f0ur f\u00f3lkinu a\u00f0 hl\u00fd\u00f0a kenningum far\u00edseanna, en ekki breyta eftir \u00feeim; \u00e1v\u00edtar fariseana; fyrirsegir Jer\u00fasalems ey\u00f0ileggingu.<\/div>\n<p><a name=\"1\"><span class=\"versanumer\">1<\/span><\/a>\u00de\u00e1 h\u00f3f Jes\u00fas svo r\u00e6\u00f0u s\u00edna vi\u00f0 l\u00e6risveina s\u00edna og l\u00fd\u00f0inn:<a name=\"2\"><span class=\"versanumer\">2<\/span><\/a>\u00e1 M\u00f3sis st\u00f3li sitja skriftl\u00e6r\u00f0ir og far\u00edsear;<a name=\"3\"><span class=\"versanumer\">3<\/span><\/a>\u00f6llu \u00fev\u00ed, er \u00feeir bj\u00f3\u00f0a y\u00f0ur, skulu\u00f0 \u00fe\u00e9r hl\u00fd\u00f0a, en eftir framfer\u00f0i \u00feeirra skulu\u00f0 \u00fe\u00e9r ekki breyta, \u00fev\u00ed \u00feeir bj\u00f3\u00f0a \u00fea\u00f0, er \u00feeir sj\u00e1lfir ekki halda.<a name=\"4\"><span class=\"versanumer\">4<\/span><\/a>\u00deeir binda m\u00f6nnum byr\u00f0ar \u00feungar og \u00f6r\u00f0ugar a\u00f0 bera og leggja \u00feeim \u00e1 her\u00f0ar, en sj\u00e1lfir vilja \u00feeir ekki hr\u00e6ra vi\u00f0 \u00feeim fingri s\u00ednum.<a name=\"5\"><span class=\"versanumer\">5<\/span><\/a>Allt hva\u00f0 \u00feeir gj\u00f6ra, fremja \u00feeir til hr\u00f3ss s\u00e9r, \u00feeir st\u00e6kka minnisbl\u00f6\u00f0 s\u00edn og brei\u00f0ka k\u00f6gur kl\u00e6\u00f0a sinna.<a name=\"6\"><span class=\"versanumer\">6<\/span><\/a>\u00deeir vilja efstir sitja a\u00f0 bo\u00f0i hv\u00f6rju, og \u00ed samkundum;<a name=\"7\"><span class=\"versanumer\">7<\/span><\/a>\u00feeir girnast a\u00f0 l\u00e1ta kve\u00f0ja sig \u00e1 torgum og meistarar a\u00f0 nefnast.<a name=\"8\"><span class=\"versanumer\">8<\/span><\/a>En \u00fe\u00e9r skulu\u00f0 ekki l\u00e1ta y\u00f0ur meistara kalla, \u00fev\u00ed einn er y\u00f0ar meistari, en \u00fe\u00e9r eru\u00f0 allir br\u00e6\u00f0ur.<a name=\"9\"><span class=\"versanumer\">9<\/span><\/a>Engan skulu\u00f0 \u00fe\u00e9r heldur f\u00f6\u00f0ur y\u00f0ar kalla \u00ed heimi \u00feessum; \u00fev\u00ed einn er Fa\u00f0ir y\u00f0ar, s\u00e1 \u00e1 himnum er.<a name=\"10\"><span class=\"versanumer\">10<\/span><\/a>Ekki heldur skulu\u00f0 \u00fe\u00e9r l\u00e1ta y\u00f0ur fr\u00e6\u00f0ara nefna, \u00fev\u00ed einn er y\u00f0ar Fr\u00e6\u00f0ari, sem er Kristur.<a name=\"11\"><span class=\"versanumer\">11<\/span><\/a>Hv\u00f6r, sem vill vera y\u00f0ar mestur, hann s\u00e9 \u00fej\u00f3n hinna;<a name=\"12\"><span class=\"versanumer\">12<\/span><\/a>\u00fev\u00ed hv\u00f6r sig sj\u00e1lfan upphefur, mun ni\u00f0url\u00e6gjast, en hv\u00f6r sig sj\u00e1lfan l\u00edtill\u00e6kkar, hann mun upphafinn ver\u00f0a.<a name=\"13\"><span class=\"versanumer\">13<\/span><\/a>Vei y\u00f0ur skriftl\u00e6r\u00f0um og far\u00edseum! \u00fe\u00e9r hr\u00e6snarar! sem f\u00e9fletti\u00f0 ekkjur undir yfirhylmingu langra b\u00e6na, \u00fear fyrir mun og y\u00f0ar hegning \u00feyngri ver\u00f0a.<a name=\"14\"><span class=\"versanumer\">14<\/span><\/a>Vei y\u00f0ur skriftl\u00e6r\u00f0um og far\u00edseum! \u00fe\u00e9r hr\u00e6snarar! sem l\u00e6si\u00f0 fyrir m\u00f6nnum himnar\u00edki, og hir\u00f0i\u00f0 sj\u00e1lfir ekki um a\u00f0 innganga \u00ed \u00fea\u00f0; en leyfi\u00f0 heldur ekki inng\u00f6ngu \u00feeim, sem hennar leita.<a name=\"15\"><span class=\"versanumer\">15<\/span><\/a>Vei y\u00f0ur skriftl\u00e6r\u00f0um og far\u00edseum! sem fari\u00f0 um l\u00f6nd \u00f6ll og h\u00f6f til \u00feess a\u00f0 gj\u00f6ra menn a\u00f0 Gy\u00f0ingum, og a\u00f0 \u00fev\u00ed b\u00fanu gj\u00f6ri\u00f0 \u00fe\u00e9r \u00fe\u00e1 a\u00f0 barni helv\u00edtis, h\u00e1lfu verri en \u00fe\u00e9r sj\u00e1lfir eru\u00f0.<a name=\"16\"><span class=\"versanumer\">16<\/span><\/a>Vei y\u00f0ur, \u00fe\u00e9r blindu lei\u00f0s\u00f6gumenn! sem kenni\u00f0: a\u00f0 \u00fe\u00f3tt einn sverji vi\u00f0 musteri\u00f0, \u00fe\u00e1 s\u00e9 s\u00e1 ei\u00f0ur \u00f3gildur, en ef einhv\u00f6r sver vi\u00f0 gulli\u00f0, sem er \u00ed musterinu, \u00fe\u00e1 s\u00e1 s\u00e1 ei\u00f0ur gildur.<a name=\"17\"><span class=\"versanumer\">17<\/span><\/a>\u00de\u00e9r d\u00e1rar og blindir! hv\u00f6rt er meira vert? gulli\u00f0 e\u00f0ur musteri\u00f0, sem gulli\u00f0 helgar?<a name=\"18\"><span class=\"versanumer\">18<\/span><\/a>og ennframar segi\u00f0 \u00fe\u00e9r: a\u00f0 hv\u00f6r, sem sver vi\u00f0 altari\u00f0, \u00fe\u00e1 s\u00e9 s\u00e1 ei\u00f0ur \u00f3n\u00fdtur, en hv\u00f6r, sem sver vi\u00f0 f\u00f3rnina \u00e1 altarinu, \u00fe\u00e1 s\u00e9 hann skyldur a\u00f0 halda ei\u00f0 sinn.<a name=\"19\"><span class=\"versanumer\">19<\/span><\/a>\u00de\u00e9r heimskir og blindir! hv\u00f6rt er \u00fe\u00e1 meira vert, f\u00f3rnin e\u00f0ur altari\u00f0, sem f\u00f3rnina helgar?<a name=\"20\"><span class=\"versanumer\">20<\/span><\/a>Hv\u00f6r hann n\u00fa sver vi\u00f0 altari\u00f0, sver b\u00e6\u00f0i vi\u00f0 \u00fea\u00f0 og vi\u00f0 allt, sem \u00e1 \u00fev\u00ed er,<a name=\"21\"><span class=\"versanumer\">21<\/span><\/a>og hv\u00f6r hann sver vi\u00f0 musteri\u00f0, sver b\u00e6\u00f0i vi\u00f0 \u00fea\u00f0 og vi\u00f0 hann, sem b\u00fdr \u00ed \u00fev\u00ed;<a name=\"22\"><span class=\"versanumer\">22<\/span><\/a>og hv\u00f6r, sem sver vi\u00f0 himininn, hann sver vi\u00f0 h\u00e1s\u00e6ti Gu\u00f0s og vi\u00f0 \u00feann, er \u00ed \u00fev\u00ed situr.<a name=\"23\"><span class=\"versanumer\">23<\/span><\/a>Vei y\u00f0ur, \u00fe\u00e9r far\u00edsear og skriftl\u00e6r\u00f0ir! \u00fe\u00e9r hr\u00e6snarar, sem gjaldi\u00f0 t\u00edund af myntu, an\u00eds og k\u00fameni, en hir\u00f0i\u00f0 ekki um \u00fea\u00f0 \u00ed l\u00f6gm\u00e1linu, sem mest \u00e1 r\u00ed\u00f0ur <span class='VideyAth'>a)<\/span>, sem er r\u00e9ttv\u00edsi, miskunnsemi og tr\u00fa; \u00feetta bar y\u00f0ur a\u00f0 gj\u00f6ra, en hitt ekki \u00f3gj\u00f6rt a\u00f0 l\u00e1ta.<a name=\"24\"><span class=\"versanumer\">24<\/span><\/a>\u00de\u00e9r blindir lei\u00f0s\u00f6gumenn! sem fr\u00e1s\u00edi\u00f0 fluguna, en svelgi\u00f0 \u00falfaldann.<a name=\"25\"><span class=\"versanumer\">25<\/span><\/a>Vei y\u00f0ur, \u00fe\u00e9r skriftl\u00e6r\u00f0ir og far\u00edsear, \u00fe\u00e9r hr\u00e6snarar! sem f\u00e6gi\u00f0 utan bikara y\u00f0ra, og bor\u00f0diska, sem innra fullir eru r\u00e1ns og ofneyslu.<a name=\"26\"><span class=\"versanumer\">26<\/span><\/a>\u00de\u00fa blindur far\u00edsei, f\u00e6g fyrst bikar \u00feinn og bor\u00f0disk innan, \u00fe\u00e1 mun hann og utan hreinn ver\u00f0a.<a name=\"27\"><span class=\"versanumer\">27<\/span><\/a>Vei y\u00f0ur, \u00fe\u00e9r far\u00edsear og skriftl\u00e6r\u00f0ir, \u00fe\u00e9r hr\u00e6snarar! l\u00edkir eru\u00f0 \u00fe\u00e9r k\u00f6lku\u00f0um gr\u00f6fum framli\u00f0inna, sem a\u00f0 utanver\u00f0u eru a\u00f0 s\u00f6nnu fallegar \u00fatlits, en innan eru \u00fe\u00e6r fullar me\u00f0 dau\u00f0ra manna bein og alls kyns \u00f3hreinindi;<a name=\"28\"><span class=\"versanumer\">28<\/span><\/a>\u00feannig s\u00fdnist \u00fe\u00e9r g\u00f3\u00f0ir hi\u00f0 ytra fyrir manna <span class='VideyAth'>(sj\u00f3num)<\/span>, en innan eru\u00f0 \u00fe\u00e9r fullir hr\u00e6sni og \u00f3r\u00e9ttinda.<a name=\"29\"><span class=\"versanumer\">29<\/span><\/a>Vei y\u00f0ur, \u00fe\u00e9r skriftl\u00e6r\u00f0ir og far\u00edsear! \u00fe\u00e9r hr\u00e6snarar, sem uppbyggi\u00f0 legsta\u00f0i sp\u00e1mannanna og pr\u00fd\u00f0i\u00f0 lei\u00f0i helgra manna og segi\u00f0:<a name=\"30\"><span class=\"versanumer\">30<\/span><\/a>a\u00f0 hef\u00f0u\u00f0 \u00fe\u00e9r lifa\u00f0 \u00e1 d\u00f6gum fe\u00f0ra y\u00f0varra, skyldu\u00f0 \u00fe\u00e9r ekki hafa veri\u00f0 me\u00f0 \u00feeim a\u00f0 l\u00edfl\u00e1ti sp\u00e1mannanna;<a name=\"31\"><span class=\"versanumer\">31<\/span><\/a>\u00feannig vi\u00f0urkenni\u00f0 \u00fe\u00e9r sj\u00e1lfir, a\u00f0 \u00fe\u00e9r s\u00e9u\u00f0 ni\u00f0jar \u00feeirra, sem t\u00f3ku sp\u00e1mennina af l\u00edfi;<a name=\"32\"><span class=\"versanumer\">32<\/span><\/a>b\u00e6ti\u00f0 n\u00fa l\u00edka \u00fev\u00ed ofan \u00e1, sem fe\u00f0ur y\u00f0ar brast \u00e1 \u00ed vonskunni!<a name=\"33\"><span class=\"versanumer\">33<\/span><\/a>\u00de\u00e9r h\u00f6ggormar, \u00fe\u00e9r n\u00f6\u00f0rukyn! hv\u00f6rninn geti\u00f0 \u00fe\u00e9r umfl\u00fai\u00f0 helv\u00edtis straff?<a name=\"34\"><span class=\"versanumer\">34<\/span><\/a>\u00dev\u00ed sj\u00e1! eg mun senda til y\u00f0ar sp\u00e1menn, spekinga og skriftl\u00e6r\u00f0a, suma munu\u00f0 \u00fe\u00e9r l\u00edfl\u00e1ta og \u00e1 kross festa, suma munu\u00f0 \u00fe\u00e9r h\u00fa\u00f0str\u00fdkja og \u00ed samkunduh\u00fasum y\u00f0rum, og hrekja \u00far einni borg \u00ed a\u00f0ra.<a name=\"35\"><span class=\"versanumer\">35<\/span><\/a>\u00deannig munu\u00f0 \u00fe\u00e9r sekir ver\u00f0a um l\u00edfl\u00e1t allra gu\u00f0smanna sem saklausir eru af d\u00f6gum teknir, fr\u00e1 mor\u00f0i Abels ens g\u00f3\u00f0a, allt til Sakar\u00edasar Barak\u00edassonar, hv\u00f6rn \u00fe\u00e9r dr\u00e1pu\u00f0 \u00e1 milli altaris og musteris.<a name=\"36\"><span class=\"versanumer\">36<\/span><\/a>Sannlega segi eg y\u00f0ur, a\u00f0 allt \u00feetta mun koma yfir \u00feessa kynsl\u00f3\u00f0.<br \/><a name=\"37\"><span class=\"versanumer\">37<\/span><\/a>Jer\u00fasalem, Jer\u00fasalem! \u00fe\u00fa sem l\u00edfl\u00e6tur sp\u00e1mennina, og gr\u00fdtir \u00fe\u00e1 sem til \u00fe\u00edn eru sendir, hv\u00f6rsu oft hefi eg vilja\u00f0 samansafna b\u00f6rnum \u00fe\u00ednum, eins og \u00feegar h\u00e6nan safnar ungum s\u00ednum undir v\u00e6ngi s\u00e9r; en \u00fe\u00e9r hafi\u00f0 ekki vilja\u00f0 \u00fea\u00f0.<a name=\"38\"><span class=\"versanumer\">38<\/span><\/a>\u00dear fyrir skal y\u00f0ar b\u00fasta\u00f0ur ey\u00f0ilag\u00f0ur ver\u00f0a.<a name=\"39\"><span class=\"versanumer\">39<\/span><\/a>En \u00fea\u00f0 segi eg y\u00f0ur fyrir satt: a\u00f0 \u00fe\u00e9r munu\u00f0 ekki sj\u00e1 mig h\u00e9\u00f0an af, \u00feanga\u00f0 til \u00fe\u00e9r segi\u00f0: blessa\u00f0ur s\u00e9 s\u00e1, sem kemur \u00ed Drottins erindi!<\/p>\n<div class=\"footnoteVidey\">V. 1\u20134, sbr. L\u00fak. 11,46.  V. 5\u20137. sbr. Mark. 12,38\u201339. L\u00fak. 20,45\u201346.  V. 5. 4. M\u00f3s. 15,38\u201340.  V. 23. a. Or\u00f0i\u00f0 \u00ed textanum, Barytera; \u00fe\u00fd\u00f0ir b\u00e6\u00f0i \u00fea\u00f0, sem mest \u00e1 r\u00ed\u00f0ur, og l\u00edka \u00fea\u00f0 sem \u00feyngst er a\u00f0 uppfylla, sbr. L\u00fak. 11,42.  V. 29\u201336, sbr. L\u00fak. 11,47\u201351.  V. 34. sbr. L\u00fak. 11,49.50.  V. 37\u201339, sbr. L\u00fak. 13,34\u201335.<\/div>\n","protected":false},"excerpt":{"rendered":"<p>Jes\u00fas b\u00fd\u00f0ur f\u00f3lkinu a\u00f0 hl\u00fd\u00f0a kenningum far\u00edseanna, en ekki breyta eftir \u00feeim; \u00e1v\u00edtar fariseana; fyrirsegir Jer\u00fasalems ey\u00f0ileggingu. 1\u00de\u00e1 h\u00f3f Jes\u00fas svo r\u00e6\u00f0u s\u00edna vi\u00f0 l\u00e6risveina s\u00edna og l\u00fd\u00f0inn:2\u00e1 M\u00f3sis st\u00f3li sitja skriftl\u00e6r\u00f0ir og far\u00edsear;3\u00f6llu \u00fev\u00ed, er \u00feeir bj\u00f3\u00f0a y\u00f0ur, skulu\u00f0 \u00fe\u00e9r hl\u00fd\u00f0a, en eftir framfer\u00f0i \u00feeirra skulu\u00f0 \u00fe\u00e9r ekki breyta, \u00fev\u00ed \u00feeir bj\u00f3\u00f0a \u00fea\u00f0, er \u00feeir sj\u00e1lfir ekki halda.4\u00deeir binda m\u00f6nnum byr\u00f0ar \u00feungar og \u00f6r\u00f0ugar a\u00f0 bera og leggja \u00feeim \u00e1 her\u00f0ar, en sj\u00e1lfir vilja \u00feeir ekki hr\u00e6ra vi\u00f0 \u00feeim fingri s\u00ednum.5Allt hva\u00f0 \u00feeir gj\u00f6ra, fremja \u00feeir til hr\u00f3ss s\u00e9r, \u00feeir st\u00e6kka minnisbl\u00f6\u00f0 s\u00edn og brei\u00f0ka k\u00f6gur kl\u00e6\u00f0a sinna.6\u00deeir vilja <a href=\"https:\/\/biblian.is\/videy\/matteusargudspjall-23-kafli\/\"> [&#8230;]<\/a><\/p>\n","protected":false},"author":1,"featured_media":0,"parent":0,"menu_order":0,"comment_status":"open","ping_status":"open","template":"bibliukaflar.php","meta":{"footnotes":""},"class_list":["post-21801","page","type-page","status-publish","hentry"],"_links":{"self":[{"href":"https:\/\/biblian.is\/videy\/wp-json\/wp\/v2\/pages\/21801","targetHints":{"allow":["GET"]}}],"collection":[{"href":"https:\/\/biblian.is\/videy\/wp-json\/wp\/v2\/pages"}],"about":[{"href":"https:\/\/biblian.is\/videy\/wp-json\/wp\/v2\/types\/page"}],"author":[{"embeddable":true,"href":"https:\/\/biblian.is\/videy\/wp-json\/wp\/v2\/users\/1"}],"replies":[{"embeddable":true,"href":"https:\/\/biblian.is\/videy\/wp-json\/wp\/v2\/comments?post=21801"}],"version-history":[{"count":0,"href":"https:\/\/biblian.is\/videy\/wp-json\/wp\/v2\/pages\/21801\/revisions"}],"wp:attachment":[{"href":"https:\/\/biblian.is\/videy\/wp-json\/wp\/v2\/media?parent=21801"}],"curies":[{"name":"wp","href":"https:\/\/api.w.org\/{rel}","templated":true}]}}