{"id":21800,"date":"2018-01-02T01:04:07","date_gmt":"2018-01-02T01:04:07","guid":{"rendered":"http:\/\/biblian.is\/videy\/matteusargudspjall-22-kafli\/"},"modified":"2018-01-02T01:04:07","modified_gmt":"2018-01-02T01:04:07","slug":"matteusargudspjall-22-kafli","status":"publish","type":"page","link":"https:\/\/biblian.is\/videy\/matteusargudspjall-22-kafli\/","title":{"rendered":"Matteusargu\u00f0spjall 22. kafli"},"content":{"rendered":"<div class=\"fyrirsognVidey\">Jes\u00fas segir d\u00e6mis\u00f6guna um br\u00fa\u00f0kaup eins konungs sonar; \u00farskur\u00f0ar, a\u00f0 gefa skuli Keisaranum skatt, hnekkir m\u00f3tm\u00e6lum sad\u00faseanna gegn upprisunni; kennir, hv\u00f6rt s\u00e9 \u00e6\u00f0sta bo\u00f0or\u00f0i\u00f0 \u00ed l\u00f6gm\u00e1linu, og a\u00f0 Kristur s\u00e9 ekki einungis ni\u00f0ji Dav\u00ed\u00f0s, heldur og einninn hans Drottinn.<\/div>\n<p><a name=\"1\"><span class=\"versanumer\">1<\/span><\/a>\u00de\u00e1 h\u00f3f Jes\u00fas enn a\u00f0 kenna \u00feeim \u00ed d\u00e6mis\u00f6gum og m\u00e6lti:<a name=\"2\"><span class=\"versanumer\">2<\/span><\/a>himnar\u00edki er l\u00edkt \u00feeim konungi, er h\u00e9lt br\u00fa\u00f0kaup sonar s\u00edns;<a name=\"3\"><span class=\"versanumer\">3<\/span><\/a>og sendi \u00fat \u00fej\u00f3na s\u00edna a\u00f0 bj\u00f3\u00f0a bo\u00f0sgestunum til br\u00fa\u00f0kaupsins, en \u00feeir vildu ekki koma.<a name=\"4\"><span class=\"versanumer\">4<\/span><\/a>\u00de\u00e1 sendi hann \u00ed \u00f6\u00f0ru sinni a\u00f0ra \u00fej\u00f3na, og bau\u00f0 \u00feeim segja: a\u00f0 hann hef\u00f0i b\u00fai\u00f0 veisluna, a\u00f0 uxar hans og ali\u00f0 f\u00e9 v\u00e6ri sl\u00e1tra\u00f0, og allt til rei\u00f0u, og a\u00f0 \u00feeir skyldu koma til br\u00fa\u00f0kaupsins.<a name=\"5\"><span class=\"versanumer\">5<\/span><\/a>En \u00feeir skeyttu \u00fev\u00ed ekki, f\u00f3ru burt, einn \u00e1 akur sinn, og annar til sinnar kaupverslunar;<a name=\"6\"><span class=\"versanumer\">6<\/span><\/a>en sumir t\u00f3ku sendimennina og sm\u00e1nu\u00f0u \u00fe\u00e1 og dr\u00e1pu.<a name=\"7\"><span class=\"versanumer\">7<\/span><\/a>En er konungurinn heyr\u00f0i \u00feetta, var\u00f0 hann rei\u00f0ur, sendi li\u00f0 sitt, og l\u00e9t taka mor\u00f0ingja \u00feessa af l\u00edfi, en brenna borg \u00feeirra.<a name=\"8\"><span class=\"versanumer\">8<\/span><\/a>S\u00ed\u00f0an m\u00e6lti hann vi\u00f0 \u00fej\u00f3na s\u00edna: br\u00fa\u00f0kaupi\u00f0 er a\u00f0 s\u00f6nnu b\u00fai\u00f0, en \u00feeir, sem bo\u00f0nir v\u00f3ru, v\u00f3ru \u00feess eigi ver\u00f0ir;<a name=\"9\"><span class=\"versanumer\">9<\/span><\/a>fari\u00f0 \u00fev\u00ed \u00fat \u00e1 gatnam\u00f3t, og bj\u00f3\u00f0i\u00f0 \u00feeim, er \u00fe\u00e9r finni\u00f0, til br\u00fa\u00f0kaupsins.<a name=\"10\"><span class=\"versanumer\">10<\/span><\/a>\u00deeir gj\u00f6r\u00f0u, sem hann m\u00e6lti fyrir, og s\u00f6fnu\u00f0u saman \u00f6llum, sem \u00feeir fundu, vondum og g\u00f3\u00f0um, svo veislusalurinn var\u00f0 alskipa\u00f0ur bo\u00f0sgestum.<a name=\"11\"><span class=\"versanumer\">11<\/span><\/a>En er konungurinn kom a\u00f0 sj\u00e1 gesti s\u00edna, s\u00e1 hann \u00fear mann nokkurn, er ekki var kl\u00e6ddur br\u00fa\u00f0kaupskl\u00e6\u00f0i.<a name=\"12\"><span class=\"versanumer\">12<\/span><\/a>Hann m\u00e6lti vi\u00f0 hann: \u00fev\u00ed komst \u00fe\u00fa hinga\u00f0, k\u00e6ri! og kl\u00e6ddir \u00feig ekki br\u00fa\u00f0kaupskl\u00e6\u00f0um? en ma\u00f0urinn ansa\u00f0i engu.<a name=\"13\"><span class=\"versanumer\">13<\/span><\/a>\u00de\u00e1 bau\u00f0 konungurinn \u00fej\u00f3num s\u00ednum: fj\u00f6tri\u00f0 hann \u00e1 h\u00f6ndum og f\u00f3tum, og kasti\u00f0 honum \u00fat \u00ed myrkri\u00f0 fyrir utan, hvar e\u00f0 vera mun gr\u00e1tur og gn\u00edstur tanna.<a name=\"14\"><span class=\"versanumer\">14<\/span><\/a>\u00dev\u00ed margir eru kalla\u00f0ir, en f\u00e1ir \u00fatvaldir.<br \/><a name=\"15\"><span class=\"versanumer\">15<\/span><\/a>\u00de\u00e1 b\u00e1ru farisear r\u00e1\u00f0 s\u00edn saman um \u00fea\u00f0, hv\u00f6rninn \u00feeir kynnu a\u00f0 vei\u00f0a hann \u00ed or\u00f0um,<a name=\"16\"><span class=\"versanumer\">16<\/span><\/a>og sendu til hans nokkra af l\u00e6risveinum s\u00ednum og fylgdarm\u00f6nnum Her\u00f3desar, er spyrja skyldu \u00e1 \u00feessa lei\u00f0: Meistari! oss er \u00fea\u00f0 kunnugt a\u00f0 \u00fe\u00fa ert sannor\u00f0ur og kennir Gu\u00f0s vilja einl\u00e6glega, \u00fe\u00fa m\u00e6lir ekki, sem hv\u00f6r vill heyra, og fer ekki a\u00f0 mannvir\u00f0ingum;<a name=\"17\"><span class=\"versanumer\">17<\/span><\/a>seg oss n\u00fa hva\u00f0 \u00fe\u00e9r s\u00fdnist, hv\u00f6rt \u00fea\u00f0 leyfist a\u00f0 gjalda keisaranum skatt e\u00f0ur ekki.<a name=\"18\"><span class=\"versanumer\">18<\/span><\/a>En er Jes\u00fas skildi fl\u00e1ttskap \u00feeirra, m\u00e6lti hann: \u00fev\u00ed freisti\u00f0 \u00fe\u00e9r m\u00edn, hr\u00e6snarar?<a name=\"19\"><span class=\"versanumer\">19<\/span><\/a>s\u00fdni\u00f0 m\u00e9r skattpeninginn. \u00deeir f\u00e6r\u00f0u honum \u00fe\u00e1 peninginn.<a name=\"20\"><span class=\"versanumer\">20<\/span><\/a>\u00de\u00e1 spur\u00f0i hann hv\u00f6rs a\u00f0 v\u00e6ri mynd s\u00fa og nafn, er \u00e1 honum st\u00f3\u00f0;<a name=\"21\"><span class=\"versanumer\">21<\/span><\/a>\u00feeir s\u00f6g\u00f0u honum \u00fea\u00f0 v\u00e6ri keisarans. \u00de\u00e1 m\u00e6lti Jes\u00fas vi\u00f0 \u00fe\u00e1: gjaldi\u00f0 \u00fe\u00e1 keisaranum hva\u00f0 keisarans er, og Gu\u00f0i hva\u00f0 Gu\u00f0s er.<a name=\"22\"><span class=\"versanumer\">22<\/span><\/a>En er \u00feeir heyr\u00f0u \u00fea\u00f0, undru\u00f0ust \u00feeir, yfirg\u00e1fu hann og f\u00f3ru \u00fea\u00f0an.<br \/><a name=\"23\"><span class=\"versanumer\">23<\/span><\/a>\u00deenna sama dag komu til hans sad\u00fasear, hv\u00f6rjir a\u00f0 neita upprisu framli\u00f0inna, l\u00f6g\u00f0u fyrir hann \u00feessa spurningu:<a name=\"24\"><span class=\"versanumer\">24<\/span><\/a>og s\u00f6g\u00f0u: Meistari! M\u00f3ses bau\u00f0: \u201ea\u00f0 ef nokkur d\u00e6i barnlaus, \u00fe\u00e1 skyldi br\u00f3\u00f0ir hans f\u00e1 konu hans til \u00feess a\u00f0 vi\u00f0halda \u00e6ttlegg br\u00f3\u00f0ur s\u00edns\u201c.<a name=\"25\"><span class=\"versanumer\">25<\/span><\/a>En h\u00e9r voru me\u00f0 oss sj\u00f6 br\u00e6\u00f0ur; hinn fyrsti gekk a\u00f0 eiga konu og dey\u00f0i barnlaus, eftirl\u00e9t konu s\u00edna br\u00f3\u00f0ur s\u00ednum;<a name=\"26\"><span class=\"versanumer\">26<\/span><\/a>eins hin annar og \u00feri\u00f0ji, allt til \u00feess sj\u00f6unda;<a name=\"27\"><span class=\"versanumer\">27<\/span><\/a>en seinast \u00feeirra allra d\u00f3 konan.<a name=\"28\"><span class=\"versanumer\">28<\/span><\/a>Hv\u00f6rs \u00feessara sj\u00f6 eiginkona skal h\u00fan ver\u00f0a \u00ed upprisunni, \u00fev\u00ed \u00feeir h\u00f6f\u00f0u \u00e1tt hana allir?<a name=\"29\"><span class=\"versanumer\">29<\/span><\/a>Jes\u00fas svara\u00f0i \u00feeim: \u00fe\u00e9r villist og skilji\u00f0 ekki Ritninguna, n\u00e9 m\u00e1tt Gu\u00f0s;<a name=\"30\"><span class=\"versanumer\">30<\/span><\/a>\u00fev\u00ed \u00ed \u00f6\u00f0ru l\u00edfi munu hv\u00f6rki karlar n\u00e9 konur giftast, heldur eru \u00feeir eins og englar Gu\u00f0s \u00e1 himnum.<a name=\"31\"><span class=\"versanumer\">31<\/span><\/a>En hva\u00f0 vi\u00f0v\u00edkur upprisu framli\u00f0inna, hv\u00f6rt hafi\u00f0 \u00fe\u00e9r \u00fe\u00e1 ekki lesi\u00f0 \u00fea\u00f0, er Gu\u00f0 hefir sagt y\u00f0ur:<a name=\"32\"><span class=\"versanumer\">32<\/span><\/a>\u201eEg er Gu\u00f0 Abrahams, Gu\u00f0 \u00cdsaks og Gu\u00f0 Jakobs\u201c. N\u00fa er Gu\u00f0 ekki Gu\u00f0 dau\u00f0ra heldur lifendra;<a name=\"33\"><span class=\"versanumer\">33<\/span><\/a>en er f\u00f3lki\u00f0 heyr\u00f0i \u00feetta, undra\u00f0ist \u00fea\u00f0 hans kenningu. <br \/><a name=\"34\"><span class=\"versanumer\">34<\/span><\/a>N\u00fa er farisear vissu, a\u00f0 hann haf\u00f0i gj\u00f6rt sad\u00fasea or\u00f0lausa, h\u00e9ldu \u00feeir r\u00e1\u00f0 sitt;<a name=\"35\"><span class=\"versanumer\">35<\/span><\/a>og st\u00f3\u00f0 \u00fe\u00e1 upp l\u00f6gvitringur nokkur til a\u00f0 freista hans, og sag\u00f0i:<a name=\"36\"><span class=\"versanumer\">36<\/span><\/a>Meistari! hv\u00f6rt er \u00fea\u00f0 \u00e6\u00f0sta bo\u00f0 \u00ed l\u00f6gm\u00e1linu? Jes\u00fas svara\u00f0i honum:<a name=\"37\"><span class=\"versanumer\">37<\/span><\/a>\u201eelska skalt\u00fa Drottin Gu\u00f0 \u00feinn af \u00f6llu hjarta, allri s\u00e1lu \u00feinni og \u00f6llu hugskoti \u00fe\u00ednu\u201c.<a name=\"38\"><span class=\"versanumer\">38<\/span><\/a>\u00deetta er hi\u00f0 \u00e6\u00f0sta og helsta bo\u00f0,<a name=\"39\"><span class=\"versanumer\">39<\/span><\/a>og \u00feessu l\u00edkt er hitt: \u201eelska n\u00e1unga \u00feinn sem sj\u00e1lfan \u00feig\u201c.<a name=\"40\"><span class=\"versanumer\">40<\/span><\/a>\u00cd \u00feessum tveimur bo\u00f0um er innifali\u00f0 allt \u00fea\u00f0 er M\u00f3ses og sp\u00e1mennirnir hafa kennt.<br \/><a name=\"41\"><span class=\"versanumer\">41<\/span><\/a>En er farisear voru samankomnir, spur\u00f0i Jes\u00fas \u00fe\u00e1 a\u00f0 og m\u00e6lti:<a name=\"42\"><span class=\"versanumer\">42<\/span><\/a>hv\u00f6rrar \u00e6ttar \u00e6tli\u00f0 \u00fe\u00e9r a\u00f0 Kristur muni vera? \u00feeir sv\u00f6ru\u00f0u: af Dav\u00ed\u00f0s\u00e6tt.<a name=\"43\"><span class=\"versanumer\">43<\/span><\/a>Jes\u00fas m\u00e6lti: \u00fev\u00ed kallar Dav\u00ed\u00f0 hann \u00fe\u00e1 Drottin \u00ed andagift sinni, er hann segir:<a name=\"44\"><span class=\"versanumer\">44<\/span><\/a>\u201eDrottinn m\u00e6lti svo vi\u00f0 minn Drottin: sit \u00fe\u00fa m\u00e9r til h\u00e6gri handar, \u00feanga\u00f0 til eg hefi gj\u00f6rt \u00f3vini \u00feina a\u00f0 sk\u00f6r f\u00f3ta \u00feinna\u201c.<a name=\"45\"><span class=\"versanumer\">45<\/span><\/a>\u00dear e\u00f0 n\u00fa Dav\u00ed\u00f0 kallar hann Drottin, hv\u00f6rninn kann hann \u00fe\u00e1 hans ni\u00f0ji a\u00f0 vera?<a name=\"46\"><span class=\"versanumer\">46<\/span><\/a>\u00deessu gat enginn einu or\u00f0i svara\u00f0, eigi heldur dirf\u00f0ist nokkur upp fr\u00e1 \u00feessu a\u00f0 spyrja hann nokkurs.<\/p>\n<div class=\"footnoteVidey\">V. 1\u201314. sbr. L\u00fak. 14,16\u201324.  V. 15\u201333. sbr. Mark. 12,13\u201327. L\u00fak. 20,20\u201340.  V. 17, sbr. Post. 5,37.  V. 23. Post. gb. 23,6.8.  V. 24. 5 M\u00f3s. 25,5\u201310.  V. 32. 2 M\u00f3s. 3,6.15.  V. 34. Mark. 12,28.  V. 35. L\u00fak. 10,25.  V. 37. 5 M\u00f3s. 6,5.  V. 39. 3 M\u00f3s. 19,18.  V. 41. Mark. 12,35. L\u00fak. 20,41.  V. 43. S\u00e1lm. 110,1.<\/div>\n","protected":false},"excerpt":{"rendered":"<p>Jes\u00fas segir d\u00e6mis\u00f6guna um br\u00fa\u00f0kaup eins konungs sonar; \u00farskur\u00f0ar, a\u00f0 gefa skuli Keisaranum skatt, hnekkir m\u00f3tm\u00e6lum sad\u00faseanna gegn upprisunni; kennir, hv\u00f6rt s\u00e9 \u00e6\u00f0sta bo\u00f0or\u00f0i\u00f0 \u00ed l\u00f6gm\u00e1linu, og a\u00f0 Kristur s\u00e9 ekki einungis ni\u00f0ji Dav\u00ed\u00f0s, heldur og einninn hans Drottinn. 1\u00de\u00e1 h\u00f3f Jes\u00fas enn a\u00f0 kenna \u00feeim \u00ed d\u00e6mis\u00f6gum og m\u00e6lti:2himnar\u00edki er l\u00edkt \u00feeim konungi, er h\u00e9lt br\u00fa\u00f0kaup sonar s\u00edns;3og sendi \u00fat \u00fej\u00f3na s\u00edna a\u00f0 bj\u00f3\u00f0a bo\u00f0sgestunum til br\u00fa\u00f0kaupsins, en \u00feeir vildu ekki koma.4\u00de\u00e1 sendi hann \u00ed \u00f6\u00f0ru sinni a\u00f0ra \u00fej\u00f3na, og bau\u00f0 \u00feeim segja: a\u00f0 hann hef\u00f0i b\u00fai\u00f0 veisluna, a\u00f0 uxar hans og ali\u00f0 f\u00e9 v\u00e6ri sl\u00e1tra\u00f0, og allt til <a href=\"https:\/\/biblian.is\/videy\/matteusargudspjall-22-kafli\/\"> [&#8230;]<\/a><\/p>\n","protected":false},"author":1,"featured_media":0,"parent":0,"menu_order":0,"comment_status":"open","ping_status":"open","template":"bibliukaflar.php","meta":{"footnotes":""},"class_list":["post-21800","page","type-page","status-publish","hentry"],"_links":{"self":[{"href":"https:\/\/biblian.is\/videy\/wp-json\/wp\/v2\/pages\/21800","targetHints":{"allow":["GET"]}}],"collection":[{"href":"https:\/\/biblian.is\/videy\/wp-json\/wp\/v2\/pages"}],"about":[{"href":"https:\/\/biblian.is\/videy\/wp-json\/wp\/v2\/types\/page"}],"author":[{"embeddable":true,"href":"https:\/\/biblian.is\/videy\/wp-json\/wp\/v2\/users\/1"}],"replies":[{"embeddable":true,"href":"https:\/\/biblian.is\/videy\/wp-json\/wp\/v2\/comments?post=21800"}],"version-history":[{"count":0,"href":"https:\/\/biblian.is\/videy\/wp-json\/wp\/v2\/pages\/21800\/revisions"}],"wp:attachment":[{"href":"https:\/\/biblian.is\/videy\/wp-json\/wp\/v2\/media?parent=21800"}],"curies":[{"name":"wp","href":"https:\/\/api.w.org\/{rel}","templated":true}]}}