{"id":21797,"date":"2018-01-02T01:04:07","date_gmt":"2018-01-02T01:04:07","guid":{"rendered":"http:\/\/biblian.is\/videy\/matteusargudspjall-19-kafli\/"},"modified":"2018-01-02T01:04:07","modified_gmt":"2018-01-02T01:04:07","slug":"matteusargudspjall-19-kafli","status":"publish","type":"page","link":"https:\/\/biblian.is\/videy\/matteusargudspjall-19-kafli\/","title":{"rendered":"Matteusargu\u00f0spjall 19. kafli"},"content":{"rendered":"<div class=\"fyrirsognVidey\">Jes\u00fas l\u00e6knar; talar um hj\u00f3naskilna\u00f0 og hj\u00faskap, blessar yfir ungb\u00f6rn; talar vi\u00f0 hinn r\u00edka ungling; talar um hina r\u00edku; hughreystir \u00fe\u00e1, sem yfirgefi allt hans vegna.<\/div>\n<p><a name=\"1\"><span class=\"versanumer\">1<\/span><\/a>N\u00fa er Jes\u00fas haf\u00f0i loki\u00f0 \u00feessari r\u00e6\u00f0u, veik hann burt \u00far Gal\u00edleu, og fer\u00f0a\u00f0ist til \u00feeirra h\u00e9ra\u00f0a \u00ed J\u00fadeu, sem liggja hinumegin J\u00f3rdanar;<a name=\"2\"><span class=\"versanumer\">2<\/span><\/a>\u00feanga\u00f0 fylgdi honum mikill fj\u00f6ldi f\u00f3lks, og l\u00e6kna\u00f0i hann \u00fear \u00fe\u00e1 af \u00feeim, sem sj\u00fakir voru;<a name=\"3\"><span class=\"versanumer\">3<\/span><\/a>\u00fe\u00e1 komu til hans farisear, vildu freista hans og spur\u00f0u: hv\u00f6rt <span class='VideyAth'>(giftum)<\/span> manni leyf\u00f0ist a\u00f0 skilja vi\u00f0 konu s\u00edna fyrir hv\u00f6rja eina s\u00f6k?<a name=\"4\"><span class=\"versanumer\">4<\/span><\/a>Hann m\u00e6lti: hafi\u00f0 \u00fe\u00e9r ekki lesi\u00f0, a\u00f0 Skaparinn gj\u00f6r\u00f0i \u00ed \u00f6ndver\u00f0u karlmann og konu, og m\u00e6lti:<a name=\"5\"><span class=\"versanumer\">5<\/span><\/a>\u201efyrir \u00feessa s\u00f6k skal ma\u00f0urinn yfirgefa foreldra s\u00edna, en sameinast konu sinni, svo \u00feau b\u00e6\u00f0i s\u00e9u einn ma\u00f0ur\u201c;<a name=\"6\"><span class=\"versanumer\">6<\/span><\/a>og \u00fear e\u00f0 \u00feau eru n\u00fa s\u00ed\u00f0an ekki tveir, heldur einn ma\u00f0ur, svo ber <span class='VideyAth'>(giftum)<\/span> manni ekki a\u00f0 skilja \u00fea\u00f0 sundur, er Gu\u00f0 sameina\u00f0i.<a name=\"7\"><span class=\"versanumer\">7<\/span><\/a>\u00deeir m\u00e6ltu: \u00fev\u00ed bau\u00f0 \u00fe\u00e1 M\u00f3ses a\u00f0 gefa skilna\u00f0arskr\u00e1 og skilja svo vi\u00f0 konu s\u00edna?<a name=\"8\"><span class=\"versanumer\">8<\/span><\/a>Hann m\u00e6lti: sakir mannvonsku y\u00f0ar leyf\u00f0i M\u00f3ses y\u00f0ur a\u00f0 skiljast vi\u00f0 konur y\u00f0ar, en \u00ed \u00f6ndver\u00f0u var \u00feetta ekki \u00feanninn.<a name=\"9\"><span class=\"versanumer\">9<\/span><\/a>\u00dev\u00ed tr\u00fai\u00f0 m\u00e9r! a\u00f0 hv\u00f6r, sem skilur sig vi\u00f0 konu s\u00edna nema fyrir h\u00f3rd\u00f3mssakir, og gengur a\u00f0 eiga a\u00f0ra, s\u00e1 dr\u00fdgir h\u00f3r; og hv\u00f6r hann tekur s\u00e9r konu \u00fe\u00e1, sem skili\u00f0 hefir vi\u00f0 mann sinn, s\u00e1 dr\u00fdgir einninn h\u00f3rd\u00f3m.<a name=\"10\"><span class=\"versanumer\">10<\/span><\/a>\u00de\u00e1 m\u00e6ltu l\u00e6risveinar hans: s\u00e9 \u00feannig \u00e1komi\u00f0 milli manns og konu, \u00fe\u00e1 er ekki gott a\u00f0 giftast.<a name=\"11\"><span class=\"versanumer\">11<\/span><\/a>Jes\u00fas svara\u00f0i: \u00feetta <span class='VideyAth'>a)<\/span> geta ekki allir, heldur \u00feeir einir, sem \u00fea\u00f0 er gefi\u00f0;<a name=\"12\"><span class=\"versanumer\">12<\/span><\/a>\u00fev\u00ed sumir eru f\u00e6ddir svo, a\u00f0 \u00feeir eru \u00f3h\u00e6fir til hj\u00faskapar, a\u00f0rir eru geltir af manna v\u00f6ldum; \u00fe\u00e1 eru og \u00feeir, er halda s\u00e9r fr\u00e1 hj\u00faskap fyrir Gu\u00f0s r\u00edkis sakir; gj\u00f6ri \u00feeir \u00fea\u00f0 er geta. <br \/><a name=\"13\"><span class=\"versanumer\">13<\/span><\/a>\u00de\u00e1 voru ungb\u00f6rn f\u00e6r\u00f0 til hans, til \u00feess a\u00f0 hann leg\u00f0i hendur yfir \u00feau og \u00e1rna\u00f0i \u00feeim g\u00f3\u00f0s; en l\u00e6risveinar hans vildu varna \u00feeim \u00feess.<a name=\"14\"><span class=\"versanumer\">14<\/span><\/a>Jes\u00fas m\u00e6lti: leyfi\u00f0 b\u00f6rnunum a\u00f0 koma til m\u00edn og hindri\u00f0 \u00feau ekki, \u00fev\u00ed mitt r\u00edki heyrir sl\u00edkum til.<a name=\"15\"><span class=\"versanumer\">15<\/span><\/a>Og er hann haf\u00f0i \u00feetta m\u00e6lt, lag\u00f0i hann hendur yfir \u00feau, og f\u00f3r \u00fea\u00f0an.<a name=\"16\"><span class=\"versanumer\">16<\/span><\/a>\u00de\u00e1 kom ma\u00f0ur nokkur til hans, og t\u00f3k svo til or\u00f0a: g\u00f3\u00f0i Meistari! hva\u00f0 gott skal eg gj\u00f6ra til \u00feess a\u00f0 eg \u00f6\u00f0list eil\u00edft l\u00edf?<a name=\"17\"><span class=\"versanumer\">17<\/span><\/a>Jes\u00fas m\u00e6lti: \u00fev\u00ed spyr \u00fe\u00fa mig a\u00f0 \u00fev\u00ed, hva\u00f0 gott s\u00e9? einn er s\u00e1, sem g\u00f3\u00f0ur er. En ef \u00fe\u00fa vilt innganga til l\u00edfsins, \u00fe\u00e1 haltu bo\u00f0or\u00f0in.<a name=\"18\"><span class=\"versanumer\">18<\/span><\/a>Hann spur\u00f0i: hv\u00f6r helst? Jes\u00fas m\u00e6lti: \u00feessi, eigi skalt\u00fa mann vega; eigi h\u00f3rast; eigi stela; eigi lj\u00fagvitni bera;<a name=\"19\"><span class=\"versanumer\">19<\/span><\/a>hei\u00f0ra f\u00f6\u00f0ur og m\u00f3\u00f0ur, og elska n\u00e1unga \u00feinn sem sj\u00e1lfan \u00feig.<a name=\"20\"><span class=\"versanumer\">20<\/span><\/a>\u00de\u00e1 m\u00e6lti hinn ungi ma\u00f0ur: \u00feessa hefir eg alls g\u00e6tt fr\u00e1 barnsbeini; hv\u00f6rs er m\u00e9r \u00fe\u00e1 enn \u00fe\u00e1 vant?<a name=\"21\"><span class=\"versanumer\">21<\/span><\/a>Jes\u00fas m\u00e6lti: viljir \u00fe\u00fa algj\u00f6r vera, \u00fe\u00e1 far og sel eigur \u00fe\u00ednar, og gef \u00fe\u00e6r f\u00e1t\u00e6kum, \u00fe\u00e1 muntu fj\u00e1rsj\u00f3\u00f0 eignast \u00e1 himni; kom svo og fylg m\u00e9r.<a name=\"22\"><span class=\"versanumer\">22<\/span><\/a>En er hinn ungi ma\u00f0ur heyr\u00f0i \u00feetta, var\u00f0 hann hryggur, og f\u00f3r \u00ed burtu; \u00fev\u00ed hann var mj\u00f6g au\u00f0ugur a\u00f0 f\u00e9.<a name=\"23\"><span class=\"versanumer\">23<\/span><\/a>\u00de\u00e1 t\u00f3k Jes\u00fas til or\u00f0a vi\u00f0 l\u00e6risveina s\u00edna: sannlega segi eg y\u00f0ur: a\u00f0 torvelt mun \u00fea\u00f0 ver\u00f0a r\u00edkum manni a\u00f0 inn ganga \u00ed himnar\u00edki <span class='VideyAth'>a)<\/span>;<a name=\"24\"><span class=\"versanumer\">24<\/span><\/a>og ennframar segi eg y\u00f0ur: a\u00f0 au\u00f0veldara er \u00falfaldanum a\u00f0 ganga \u00ed gegnum n\u00e1lar-auga\u00f0, en r\u00edkum manni inn \u00ed Gu\u00f0s r\u00edki.<a name=\"25\"><span class=\"versanumer\">25<\/span><\/a>N\u00fa er l\u00e6risveinar hans heyr\u00f0u \u00feetta, hnykkti \u00feeim mj\u00f6g vi\u00f0, og m\u00e6ltu: hv\u00f6r getur \u00fe\u00e1 or\u00f0i\u00f0 h\u00f3lpinn?<a name=\"26\"><span class=\"versanumer\">26<\/span><\/a>\u00de\u00e1 leit Jes\u00fas til \u00feeirra og m\u00e6lti: m\u00f6nnum er \u00feetta a\u00f0 v\u00edsu \u00f3m\u00f6gulegt <span class='VideyAth'>b)<\/span>, en Gu\u00f0i er enginn hlutur \u00f3m\u00e1ttugur.<a name=\"27\"><span class=\"versanumer\">27<\/span><\/a>\u00de\u00e1 t\u00f3k P\u00e9tur til or\u00f0a: v\u00e9r yfirg\u00e1fum allt og fylgdum \u00fe\u00e9r, hv\u00edl\u00edk laun munum v\u00e9r h\u00e9r fyrir hlj\u00f3ta?<a name=\"28\"><span class=\"versanumer\">28<\/span><\/a>Jes\u00fas m\u00e6lti: sannlega segi eg y\u00f0ur: a\u00f0 \u00fe\u00e9r, sem hafi\u00f0 fylgt m\u00e9r, munu\u00f0 \u00ed endursk\u00f6puninni, \u00fe\u00e1 Mannsins Sonur situr \u00e1 s\u00ednum veldisst\u00f3li, einninn sitja \u00e1 t\u00f3lf h\u00e1s\u00e6tum, og d\u00e6ma \u00fe\u00e6r t\u00f3lf kynkv\u00edslir \u00cdsraels;<a name=\"29\"><span class=\"versanumer\">29<\/span><\/a>og hv\u00f6r helst, sem yfirgefi\u00f0 hefir h\u00fas, br\u00e6\u00f0ur, systur, f\u00f6\u00f0ur, m\u00f3\u00f0ur, konu, b\u00f6rn e\u00f0ur eignir fyrir m\u00ednar sakir, mun f\u00e1 hundra\u00f0falt og \u00f6\u00f0last eil\u00edft l\u00edf.<a name=\"30\"><span class=\"versanumer\">30<\/span><\/a>En margir \u00feeir, sem fyrstir eru <span class='VideyAth'>c)<\/span>, munu ver\u00f0a s\u00ed\u00f0astir, og \u00feeir s\u00ed\u00f0ustu <span class='VideyAth'>d)<\/span> fyrstir.<\/p>\n<div class=\"footnoteVidey\">V. 1\u201312. Mark. 10,1\u201312.  V. 5. 1 M\u00f3s. 2,24.  V. 7. 5 M\u00f3s. 24,1.  V. 11. a. A\u00f0 vera \u00f3giftur.  V. 13\u201315. sbr. Mark. 10,13\u201316. L\u00fak. 18,15\u201317.  V. 16\u201330. sbr. Mark. 10,17\u201331. L\u00fak. 18,18\u201330.  V. 23. a. \u00de. e. f\u00e1 inng\u00f6ngu \u00ed Krists r\u00edki.  V. 26. b. Nefnil. \u00e1n Gu\u00f0s a\u00f0sto\u00f0ar.  V. 30. c. \u00de. e. \u00feeir \u00feykjast unni\u00f0 hafa til mestu launa af Gu\u00f0i. d. \u00deeir s\u00ed\u00f0ustu, \u00feeir sem til engra launa \u00feykjast unni\u00f0 hafa, heldur einungis treysta Gu\u00f0s n\u00e1\u00f0.<\/div>\n","protected":false},"excerpt":{"rendered":"<p>Jes\u00fas l\u00e6knar; talar um hj\u00f3naskilna\u00f0 og hj\u00faskap, blessar yfir ungb\u00f6rn; talar vi\u00f0 hinn r\u00edka ungling; talar um hina r\u00edku; hughreystir \u00fe\u00e1, sem yfirgefi allt hans vegna. 1N\u00fa er Jes\u00fas haf\u00f0i loki\u00f0 \u00feessari r\u00e6\u00f0u, veik hann burt \u00far Gal\u00edleu, og fer\u00f0a\u00f0ist til \u00feeirra h\u00e9ra\u00f0a \u00ed J\u00fadeu, sem liggja hinumegin J\u00f3rdanar;2\u00feanga\u00f0 fylgdi honum mikill fj\u00f6ldi f\u00f3lks, og l\u00e6kna\u00f0i hann \u00fear \u00fe\u00e1 af \u00feeim, sem sj\u00fakir voru;3\u00fe\u00e1 komu til hans farisear, vildu freista hans og spur\u00f0u: hv\u00f6rt (giftum) manni leyf\u00f0ist a\u00f0 skilja vi\u00f0 konu s\u00edna fyrir hv\u00f6rja eina s\u00f6k?4Hann m\u00e6lti: hafi\u00f0 \u00fe\u00e9r ekki lesi\u00f0, a\u00f0 Skaparinn gj\u00f6r\u00f0i \u00ed \u00f6ndver\u00f0u karlmann og konu, og <a href=\"https:\/\/biblian.is\/videy\/matteusargudspjall-19-kafli\/\"> [&#8230;]<\/a><\/p>\n","protected":false},"author":1,"featured_media":0,"parent":0,"menu_order":0,"comment_status":"open","ping_status":"open","template":"bibliukaflar.php","meta":{"footnotes":""},"class_list":["post-21797","page","type-page","status-publish","hentry"],"_links":{"self":[{"href":"https:\/\/biblian.is\/videy\/wp-json\/wp\/v2\/pages\/21797","targetHints":{"allow":["GET"]}}],"collection":[{"href":"https:\/\/biblian.is\/videy\/wp-json\/wp\/v2\/pages"}],"about":[{"href":"https:\/\/biblian.is\/videy\/wp-json\/wp\/v2\/types\/page"}],"author":[{"embeddable":true,"href":"https:\/\/biblian.is\/videy\/wp-json\/wp\/v2\/users\/1"}],"replies":[{"embeddable":true,"href":"https:\/\/biblian.is\/videy\/wp-json\/wp\/v2\/comments?post=21797"}],"version-history":[{"count":0,"href":"https:\/\/biblian.is\/videy\/wp-json\/wp\/v2\/pages\/21797\/revisions"}],"wp:attachment":[{"href":"https:\/\/biblian.is\/videy\/wp-json\/wp\/v2\/media?parent=21797"}],"curies":[{"name":"wp","href":"https:\/\/api.w.org\/{rel}","templated":true}]}}