{"id":21796,"date":"2018-01-02T01:04:07","date_gmt":"2018-01-02T01:04:07","guid":{"rendered":"http:\/\/biblian.is\/videy\/matteusargudspjall-18-kafli\/"},"modified":"2018-01-02T01:04:07","modified_gmt":"2018-01-02T01:04:07","slug":"matteusargudspjall-18-kafli","status":"publish","type":"page","link":"https:\/\/biblian.is\/videy\/matteusargudspjall-18-kafli\/","title":{"rendered":"Matteusargu\u00f0spjall 18. kafli"},"content":{"rendered":"<div class=\"fyrirsognVidey\">Jes\u00fas varar vi\u00f0 ofmetna\u00f0i og hneykslunum; kennir a\u00f0 hann s\u00e9 kominn til a\u00f0 frelsa hi\u00f0 tapa\u00f0a; hv\u00f6rninn \u00feeir \u00e6ttu a\u00f0 heg\u00f0a s\u00e9r vi\u00f0 br\u00f3\u00f0ur sinn, er syndga\u00f0i, talar um sameina\u00f0ar b\u00e6nir, um a\u00f0 fyrirgefa, og d\u00e6misaga \u00fear upp \u00e1.<\/div>\n<p><a name=\"1\"><span class=\"versanumer\">1<\/span><\/a>Um \u00feetta leyti komu l\u00e6risveinar Jes\u00fa til hans og spur\u00f0u hann: hv\u00f6r \u00feeirra mundi mestur ver\u00f0a \u00ed himnar\u00edki?<a name=\"2\"><span class=\"versanumer\">2<\/span><\/a>Jes\u00fas kalla\u00f0i barn eitt til s\u00edn, setti \u00fea\u00f0 \u00e1 me\u00f0al \u00feeirra,<a name=\"3\"><span class=\"versanumer\">3<\/span><\/a>og m\u00e6lti: sannlega segi eg y\u00f0ur: nema \u00fe\u00e9r taki\u00f0 sinnaskipti og ver\u00f0i\u00f0 b\u00f6rnum l\u00edkir, munu\u00f0 \u00fe\u00e9r ekki koma \u00ed himnar\u00edki.<a name=\"4\"><span class=\"versanumer\">4<\/span><\/a>En hv\u00f6r, sem er l\u00edtill\u00e1tur eins og barn \u00feetta, hann mun mestur ver\u00f0a \u00ed himnar\u00edki;<a name=\"5\"><span class=\"versanumer\">5<\/span><\/a>og hv\u00f6r, sem tekur vel \u00e1 m\u00f3ti \u00fev\u00edl\u00edku barni fyrir m\u00edna skuld, \u00fea\u00f0 er sem hann taki vel \u00e1 m\u00f3ti m\u00e9r.<a name=\"6\"><span class=\"versanumer\">6<\/span><\/a>En ef nokkur hneykslar einhv\u00f6rn af \u00feessum m\u00ednum umkomulausu l\u00e6risveinum, betra v\u00e6ri \u00fea\u00f0 \u00feeim, a\u00f0 kvarnarsteinn hengdist vi\u00f0 h\u00e1ls honum og honum v\u00e6ri \u00ed haf s\u00f6kkt.<a name=\"7\"><span class=\"versanumer\">7<\/span><\/a>\u00d3! hv\u00f6rsu ves\u00e6ll er heimurinn sakir hneykslananna; \u00fe\u00f3 kann ekki hj\u00e1 \u00fev\u00ed a\u00f0 fara, a\u00f0 hneykslanir komi, en ves\u00e6ll er \u00fe\u00f3 s\u00e1, sem hneykslinu veldur.<a name=\"8\"><span class=\"versanumer\">8<\/span><\/a>Ef h\u00f6nd \u00fe\u00edn e\u00f0ur f\u00f3tur hneykslar \u00feig, \u00fe\u00e1 h\u00f6gg hann af og kasta honum burtu, \u00fev\u00ed betra er \u00fe\u00e9r h\u00f6ltum og handarvana a\u00f0 \u00f6\u00f0last s\u00e6lu, en a\u00f0 \u00fe\u00fa hafir tv\u00e6r hendur og tvo f\u00e6tur, og ver\u00f0ir \u00ed eil\u00edfan eld kasta\u00f0ur.<a name=\"9\"><span class=\"versanumer\">9<\/span><\/a>Og ef auga \u00feitt hneykslar \u00feig, \u00fe\u00e1 sting \u00fea\u00f0 \u00fat og kasta \u00fev\u00ed \u00e1 burt, betra er \u00fe\u00e9r eineyg\u00f0um eil\u00edfa s\u00e6lu a\u00f0 \u00f6\u00f0last, en a\u00f0 \u00fe\u00fa hafir b\u00e6\u00f0i augu \u00fe\u00edn og \u00fe\u00e9r ver\u00f0i \u00ed helv\u00edtiseld kasta\u00f0.<a name=\"10\"><span class=\"versanumer\">10<\/span><\/a>G\u00e6ti\u00f0 y\u00f0ar, a\u00f0 \u00fe\u00e9r ekki forsm\u00e1i\u00f0 nokkurn \u00feessara umkomuleysingja, \u00fev\u00ed eg segi y\u00f0ur: a\u00f0 englar \u00feeirra \u00e1 himnum sj\u00e1 auglit m\u00edns himneska F\u00f6\u00f0ur,<a name=\"11\"><span class=\"versanumer\">11<\/span><\/a>\u00fev\u00ed til \u00feess kom Mannsins Sonur, a\u00f0 hann frelsa\u00f0i \u00fea\u00f0, er tapa\u00f0 var.<a name=\"12\"><span class=\"versanumer\">12<\/span><\/a>Hva\u00f0 l\u00edst y\u00f0ur? ef einhv\u00f6r \u00e6tti hundra\u00f0 sau\u00f0a, og skyldi einn af \u00feeim villast fr\u00e1; mundi hann ekki skilja \u00fe\u00e1 n\u00edut\u00edu og n\u00edu eftir vi\u00f0 fj\u00f6llin, og fara a\u00f0 leita \u00feess, er fr\u00e1 var villtur?<a name=\"13\"><span class=\"versanumer\">13<\/span><\/a>Og ef honum au\u00f0nast a\u00f0 finna hann, \u00fe\u00e1 tr\u00fai\u00f0 m\u00e9r, a\u00f0 hann gle\u00f0st meir yfir honum, en yfir \u00feeim n\u00edut\u00edu og n\u00edu, sem ekki villtust;<a name=\"14\"><span class=\"versanumer\">14<\/span><\/a>eins vill y\u00f0ar himneski Fa\u00f0ir ekki, a\u00f0 nokkur \u00feessara umkomulausu skuli tapast.<a name=\"15\"><span class=\"versanumer\">15<\/span><\/a>Brj\u00f3ti \u00feinn br\u00f3\u00f0ir nokku\u00f0 \u00e1 m\u00f3ti \u00fe\u00e9r, \u00fe\u00e1 vanda fyrst um vi\u00f0 hann heimuglega, og ef hann hl\u00fd\u00f0ir \u00fe\u00e9r, hefir \u00fe\u00fa hann frelstan.<a name=\"16\"><span class=\"versanumer\">16<\/span><\/a>En vilji hann \u00fe\u00e9r ekki hl\u00fd\u00f0a, \u00fe\u00e1 tak me\u00f0 \u00fe\u00e9r einn e\u00f0ur tvo, svo a\u00f0 m\u00e1li\u00f0 ver\u00f0i sami\u00f0 fyrir till\u00f6gur tveggja e\u00f0ur \u00feriggja votta,<a name=\"17\"><span class=\"versanumer\">17<\/span><\/a>en vilji hann \u00feeim ekki hl\u00fd\u00f0a, \u00fe\u00e1 seg \u00fea\u00f0 samkundunni; og vilji hann ekki samkundunni hl\u00fd\u00f0a, \u00fe\u00e1 halt\u00fa hann, sem v\u00e6ri hann hei\u00f0ingi og skattheimtari;<a name=\"18\"><span class=\"versanumer\">18<\/span><\/a>eg segi y\u00f0ur \u00fea\u00f0 fyrir sann: a\u00f0 hva\u00f0 \u00fe\u00e9r bindi\u00f0 \u00e1 j\u00f6r\u00f0u, skal \u00e1 himni bundi\u00f0 vera, og hva\u00f0 \u00fe\u00e9r leysi\u00f0 \u00e1 j\u00f6r\u00f0u, skal \u00e1 himni leyst vera.<a name=\"19\"><span class=\"versanumer\">19<\/span><\/a>Ennframar segi eg y\u00f0ur: a\u00f0 ef tveir bi\u00f0ja nokkurs samhuga, mun \u00fea\u00f0 \u00feeim af m\u00ednum himneska F\u00f6\u00f0ur veitt ver\u00f0a;<a name=\"20\"><span class=\"versanumer\">20<\/span><\/a>hvar, sem tveir e\u00f0a \u00fer\u00edr eru samankomnir \u00ed m\u00ednu erindi, \u00fear vil eg vera mitt \u00e1 me\u00f0al \u00feeirra. <br \/><a name=\"21\"><span class=\"versanumer\">21<\/span><\/a>\u00de\u00e1 gekk P\u00e9tur til hans og m\u00e6lti: hv\u00f6rsu oft skal eg fyrirgefa \u00feeim, sem gj\u00f6rir \u00e1 m\u00f3ti m\u00e9r? er ekki n\u00f3g a\u00f0 gj\u00f6ra \u00fea\u00f0 sj\u00f6 sinnum?<a name=\"22\"><span class=\"versanumer\">22<\/span><\/a>Jes\u00fas m\u00e6lti: ekki sj\u00f6 sinnum, heldur sj\u00f6t\u00edu sinnum sj\u00f6 sinnum.<a name=\"23\"><span class=\"versanumer\">23<\/span><\/a>\u00dear fyrir er Gu\u00f0s r\u00edki eins h\u00e1tta\u00f0 og konungi einum, er reikningsskap vildi halda vi\u00f0 \u00fej\u00f3na s\u00edna;<a name=\"24\"><span class=\"versanumer\">24<\/span><\/a>en er hann t\u00f3k reikninginn a\u00f0 halda, var f\u00e6r\u00f0ur til hans ma\u00f0ur s\u00e1, er honum var skyldugur um t\u00edu \u00fe\u00fasund punda <span class='VideyAth'>a)<\/span>;<a name=\"25\"><span class=\"versanumer\">25<\/span><\/a>og sem hann n\u00fa ekki haf\u00f0i \u00feau til a\u00f0 borga me\u00f0 skuld s\u00edna, bau\u00f0 konungurinn, a\u00f0 selja skyldi sj\u00e1lfan hann, konu hans og b\u00f6rn og alla eigu hans a\u00f0 borga \u00fear me\u00f0 skuldina;<a name=\"26\"><span class=\"versanumer\">26<\/span><\/a>\u00fe\u00e1 f\u00e9ll \u00fej\u00f3ninn til f\u00f3ta hans og m\u00e6lti: uml\u00ed\u00f0 \u00fe\u00fa mig, herra! allt skal eg \u00fe\u00e9r l\u00faka;<a name=\"27\"><span class=\"versanumer\">27<\/span><\/a>\u00fe\u00e1 aumkva\u00f0ist herrann yfir \u00feenna \u00fej\u00f3n, l\u00e9t hann \u00e1 burtu fara og gaf honum upp alla skuldina.<a name=\"28\"><span class=\"versanumer\">28<\/span><\/a>En er hann f\u00f3r \u00fat, hitti hann einn af s\u00ednum sam\u00fej\u00f3num, er honum var skyldugur um hundra\u00f0 peninga; \u00feenna t\u00f3k hann h\u00f6ndum, t\u00f3k fyrir kverkar honum og m\u00e6lti: gjald \u00fe\u00fa \u00fea\u00f0 \u00fe\u00fa ert m\u00e9r skyldugur;<a name=\"29\"><span class=\"versanumer\">29<\/span><\/a>en sam\u00fej\u00f3n hans f\u00e9ll fram a\u00f0 f\u00f3tum honum, og ba\u00f0, a\u00f0 hann vildi uml\u00ed\u00f0a sig, og lofa\u00f0i a\u00f0 l\u00faka honum allt;<a name=\"30\"><span class=\"versanumer\">30<\/span><\/a>en hann vildi ekki, og setti hann \u00ed myrkvastofu, uns hann haf\u00f0i skuldinni loki\u00f0.<a name=\"31\"><span class=\"versanumer\">31<\/span><\/a>En er sam\u00fej\u00f3nar hans s\u00e1u hva\u00f0 ske\u00f0i, ur\u00f0u \u00feeir mj\u00f6g hryggvir. F\u00f3ru \u00feeir \u00fev\u00ed og s\u00f6g\u00f0u konungi allt hva\u00f0 gj\u00f6rst haf\u00f0i.<a name=\"32\"><span class=\"versanumer\">32<\/span><\/a>\u00de\u00e1 l\u00e9t hann kalla \u00feenna mann fyrir sig og m\u00e6lti: \u00fe\u00fa illi \u00feegn! alla \u00feessa skuld gaf eg \u00fe\u00e9r upp, sakir \u00feess \u00fe\u00fa ba\u00f0st mig;<a name=\"33\"><span class=\"versanumer\">33<\/span><\/a>hv\u00f6rt s\u00e6mdi \u00fe\u00e9r \u00fe\u00e1 ekki einninn a\u00f0 vera miskunnsamur vi\u00f0 \u00feinn sam\u00fej\u00f3n, eins og eg var miskunnsamur vi\u00f0 \u00feig?<a name=\"34\"><span class=\"versanumer\">34<\/span><\/a>\u00de\u00e1 var\u00f0 konungurinn rei\u00f0ur, og bau\u00f0 a\u00f0 selja hann \u00ed hendur var\u00f0m\u00f6nnum myrkvastofunnar, uns hann hef\u00f0i goldi\u00f0 allt \u00fea\u00f0, er hann var skuldugur.<a name=\"35\"><span class=\"versanumer\">35<\/span><\/a>\u00deann veg mun og minn himneski Fa\u00f0ir breyta vi\u00f0 y\u00f0ur, ef \u00fe\u00e9r ekki, hv\u00f6r og einn, forl\u00e1ti\u00f0 \u00f6\u00f0rum af heilum huga s\u00edn afbrot.<\/p>\n<div class=\"footnoteVidey\">V. 1\u201311. sbr. Mark. 9,32\u201347. L\u00fak. 9,46\u201348. 17,1\u20132.  V. 12\u201314. Sbr. L\u00fak. 15,3\u20137.  V. 15. L\u00fak. 17,3. 3 M\u00f3s. 19,17.  V. 16. 5 M\u00f3s. 17,6.  V. 24. a. Talent, sem stendur \u00ed h\u00f6fu\u00f0textanum, og sem h\u00e9r \u00fatleggst pund, eru 6000 peningar (denarii, e\u00f0a drachm\u00e6), sj\u00e1 k. 17,27, skgr.<\/div>\n","protected":false},"excerpt":{"rendered":"<p>Jes\u00fas varar vi\u00f0 ofmetna\u00f0i og hneykslunum; kennir a\u00f0 hann s\u00e9 kominn til a\u00f0 frelsa hi\u00f0 tapa\u00f0a; hv\u00f6rninn \u00feeir \u00e6ttu a\u00f0 heg\u00f0a s\u00e9r vi\u00f0 br\u00f3\u00f0ur sinn, er syndga\u00f0i, talar um sameina\u00f0ar b\u00e6nir, um a\u00f0 fyrirgefa, og d\u00e6misaga \u00fear upp \u00e1. 1Um \u00feetta leyti komu l\u00e6risveinar Jes\u00fa til hans og spur\u00f0u hann: hv\u00f6r \u00feeirra mundi mestur ver\u00f0a \u00ed himnar\u00edki?2Jes\u00fas kalla\u00f0i barn eitt til s\u00edn, setti \u00fea\u00f0 \u00e1 me\u00f0al \u00feeirra,3og m\u00e6lti: sannlega segi eg y\u00f0ur: nema \u00fe\u00e9r taki\u00f0 sinnaskipti og ver\u00f0i\u00f0 b\u00f6rnum l\u00edkir, munu\u00f0 \u00fe\u00e9r ekki koma \u00ed himnar\u00edki.4En hv\u00f6r, sem er l\u00edtill\u00e1tur eins og barn \u00feetta, hann mun mestur ver\u00f0a \u00ed himnar\u00edki;5og <a href=\"https:\/\/biblian.is\/videy\/matteusargudspjall-18-kafli\/\"> [&#8230;]<\/a><\/p>\n","protected":false},"author":1,"featured_media":0,"parent":0,"menu_order":0,"comment_status":"open","ping_status":"open","template":"bibliukaflar.php","meta":{"footnotes":""},"class_list":["post-21796","page","type-page","status-publish","hentry"],"_links":{"self":[{"href":"https:\/\/biblian.is\/videy\/wp-json\/wp\/v2\/pages\/21796","targetHints":{"allow":["GET"]}}],"collection":[{"href":"https:\/\/biblian.is\/videy\/wp-json\/wp\/v2\/pages"}],"about":[{"href":"https:\/\/biblian.is\/videy\/wp-json\/wp\/v2\/types\/page"}],"author":[{"embeddable":true,"href":"https:\/\/biblian.is\/videy\/wp-json\/wp\/v2\/users\/1"}],"replies":[{"embeddable":true,"href":"https:\/\/biblian.is\/videy\/wp-json\/wp\/v2\/comments?post=21796"}],"version-history":[{"count":0,"href":"https:\/\/biblian.is\/videy\/wp-json\/wp\/v2\/pages\/21796\/revisions"}],"wp:attachment":[{"href":"https:\/\/biblian.is\/videy\/wp-json\/wp\/v2\/media?parent=21796"}],"curies":[{"name":"wp","href":"https:\/\/api.w.org\/{rel}","templated":true}]}}