{"id":21794,"date":"2018-01-02T01:04:07","date_gmt":"2018-01-02T01:04:07","guid":{"rendered":"http:\/\/biblian.is\/videy\/matteusargudspjall-16-kafli\/"},"modified":"2018-01-02T01:04:07","modified_gmt":"2018-01-02T01:04:07","slug":"matteusargudspjall-16-kafli","status":"publish","type":"page","link":"https:\/\/biblian.is\/videy\/matteusargudspjall-16-kafli\/","title":{"rendered":"Matteusargu\u00f0spjall 16. kafli"},"content":{"rendered":"<div class=\"fyrirsognVidey\">Jes\u00fas \u00e1v\u00edtar far\u00edseana, er \u00e6skja teikns, og varar vi\u00f0 s\u00fardeigi \u00feeirra. P\u00e9tur j\u00e1tar, a\u00f0 Jes\u00fas s\u00e9 Gu\u00f0s Sonur; Jes\u00fas segir fyrir s\u00edna p\u00ednu, og \u00e1v\u00edtar P\u00e9tur; talar um sj\u00e1lfsafneitun og s\u00edna tilkomu.<\/div>\n<p><a name=\"1\"><span class=\"versanumer\">1<\/span><\/a>\u00de\u00e1 komu til hans far\u00edsear og sad\u00fasear, freistu\u00f0u hans, og kr\u00f6f\u00f0ust, a\u00f0 hann vildi s\u00fdna \u00feeim teikn af himni.<a name=\"2\"><span class=\"versanumer\">2<\/span><\/a>Hann m\u00e6lti: a\u00f0 kv\u00f6ldi, \u00feegar ro\u00f0i er \u00e1 lofti, \u00fe\u00e1 segi\u00f0 \u00fe\u00e9r, \u00fea\u00f0 bo\u00f0i gott ve\u00f0urlag;<a name=\"3\"><span class=\"versanumer\">3<\/span><\/a>og snemma dags, \u00feegar lofti\u00f0 \u00fe\u00e1 er rautt og \u00edskyggilegt, segi\u00f0 \u00fe\u00e9r, a\u00f0 \u00feann dag muni ver\u00f0a illvi\u00f0ri. \u00de\u00e9r, hr\u00e6snarar! himinsins yfirbrag\u00f0 viti\u00f0 \u00fe\u00e9r a\u00f0 d\u00e6ma, en kenniteikn \u00feessara t\u00edma vilji\u00f0 \u00fe\u00e9r ekki athuga.<a name=\"4\"><span class=\"versanumer\">4<\/span><\/a>\u00deessi vonda og h\u00f3rsama \u00fej\u00f3\u00f0 bei\u00f0ist teikns, og henni skal ekki teikn gefast, nema teikn J\u00f3nasar sp\u00e1manns; og er hann haf\u00f0i \u00feetta sagt, skildist hann vi\u00f0 \u00fe\u00e1 og f\u00f3r \u00fea\u00f0an.<br \/><a name=\"5\"><span class=\"versanumer\">5<\/span><\/a>En er l\u00e6risveinar hans f\u00f3ru yfir um, h\u00f6f\u00f0u \u00feeir gleymt a\u00f0 taka brau\u00f0 me\u00f0.<a name=\"6\"><span class=\"versanumer\">6<\/span><\/a>\u00de\u00e1 m\u00e6lti Jes\u00fas: vari\u00f0 y\u00f0ur vi\u00f0 s\u00fardeigi \u00feeirra far\u00edsea og sad\u00fasea.<a name=\"7\"><span class=\"versanumer\">7<\/span><\/a>\u00de\u00e1 t\u00f6lu\u00f0u \u00feeir s\u00edn \u00e1 milli: a\u00f0 hann mundi segja \u00feetta s\u00f6kum \u00feess, a\u00f0 \u00feeir ekki h\u00f6f\u00f0u teki\u00f0 brau\u00f0 me\u00f0 s\u00e9r;<a name=\"8\"><span class=\"versanumer\">8<\/span><\/a>og er Jes\u00fas var\u00f0 \u00feess var, m\u00e6lti hann: \u00fev\u00ed \u00e6tli\u00f0 \u00fe\u00e9r, tr\u00faarveikir! a\u00f0 eg hafi sagt \u00feetta s\u00f6kum \u00feess, a\u00f0 \u00fe\u00e9r gleymdu\u00f0 a\u00f0 taka brau\u00f0in me\u00f0;<a name=\"9\"><span class=\"versanumer\">9<\/span><\/a>eru\u00f0 \u00fe\u00e9r enn \u00fe\u00e1 svo skilningslausir? e\u00f0ur minnist \u00fe\u00e9r ekki \u00feeirra fimm brau\u00f0anna, handa \u00feeim fimm \u00fe\u00fasundum manna, og hv\u00f6rsu margar karfir \u00fe\u00e9r h\u00f6f\u00f0u\u00f0 \u00fe\u00e1 afgangs?<a name=\"10\"><span class=\"versanumer\">10<\/span><\/a>Ekki heldur \u00feeirra sj\u00f6 brau\u00f0anna, handa \u00feeim fj\u00f3rum \u00fe\u00fasundum, og hv\u00f6rsu margar karfir \u00fe\u00e9r \u00fe\u00e1 fylltu\u00f0 me\u00f0 leifar?<a name=\"11\"><span class=\"versanumer\">11<\/span><\/a>\u00dev\u00ed skynji\u00f0 \u00fe\u00e9r \u00fe\u00e1 ekki, a\u00f0 eg sag\u00f0i ekki til y\u00f0ar brau\u00f0anna vegna, a\u00f0 \u00fe\u00e9r skyldu\u00f0 varast s\u00fardeig farisea og sad\u00fasea?<a name=\"12\"><span class=\"versanumer\">12<\/span><\/a>\u00de\u00e1 skildu \u00feeir, a\u00f0 hann ekki haf\u00f0i vara\u00f0 \u00fe\u00e1 vi\u00f0 s\u00fardeigi brau\u00f0s, heldur vi\u00f0 l\u00e6rd\u00f3mi fariseanna og sad\u00faseanna.<br \/><a name=\"13\"><span class=\"versanumer\">13<\/span><\/a>\u00deegar Jes\u00fas kom \u00ed h\u00e9r\u00f6\u00f0 Sesareu Filipp\u00ed, spur\u00f0i hann l\u00e6risveina s\u00edna: hv\u00f6r halda menn a\u00f0 eg Mannsins Sonur s\u00e9?<a name=\"14\"><span class=\"versanumer\">14<\/span><\/a>\u00feeir sv\u00f6ru\u00f0u: sumir J\u00f3hannes sk\u00edrara, a\u00f0rir Elias, og enn a\u00f0rir Jerem\u00edas e\u00f0ur einn af sp\u00e1m\u00f6nnunum.<a name=\"15\"><span class=\"versanumer\">15<\/span><\/a>\u00de\u00e1 m\u00e6lti hann: en hv\u00f6rn hyggi\u00f0 \u00fe\u00e9r mig vera?<a name=\"16\"><span class=\"versanumer\">16<\/span><\/a>Honum svara\u00f0i S\u00edmon P\u00e9tur, og m\u00e6lti: \u00fe\u00fa ert Kristur Sonur ens lifanda <span class='VideyAth'>(sanna)<\/span> Gu\u00f0s.<a name=\"17\"><span class=\"versanumer\">17<\/span><\/a>Jes\u00fas m\u00e6lti: s\u00e6ll ert \u00fe\u00fa, S\u00edmon J\u00f3nasson! \u00fev\u00ed mannleg viska hefir \u00fe\u00e9r ekki \u00feetta augl\u00fdst, heldur Fa\u00f0ir minn \u00e1 himnum.<a name=\"18\"><span class=\"versanumer\">18<\/span><\/a>En eg segi \u00fe\u00e9r: a\u00f0 \u00fe\u00fa ert P\u00e9tur <span class='VideyAth'>(hellusteinn)<\/span> a)<\/span>, og \u00e1 \u00feessari hellu vil eg byggja m\u00edna samkundu, og helv\u00edtis makt skal aldrei \u00e1 henni sigrast;<a name=\"19\"><span class=\"versanumer\">19<\/span><\/a>\u00fe\u00e9r vil eg og f\u00e1 lykla himnar\u00edkis, svo a\u00f0 hva\u00f0 sem \u00fe\u00fa bindur \u00e1 j\u00f6r\u00f0u, skal \u00e1 himni bundi\u00f0 vera, og hva\u00f0 \u00fe\u00fa leyfir \u00e1 j\u00f6r\u00f0u, skal \u00e1 himni leyft vera.<a name=\"20\"><span class=\"versanumer\">20<\/span><\/a>S\u00ed\u00f0an banna\u00f0i hann l\u00e6risveinum s\u00ednum a\u00f0 segja nokkrum \u00fea\u00f0 hann v\u00e6ri Kristur.<a name=\"21\"><span class=\"versanumer\">21<\/span><\/a>Eftir \u00feetta t\u00f3k Jes\u00fas a\u00f0 augl\u00fdsa l\u00e6risveinum s\u00ednum, a\u00f0 s\u00e9r b\u00e6ri a\u00f0 fara til Jer\u00fasalem, og l\u00ed\u00f0a \u00fear margt af \u00f6ldungunum, prestah\u00f6f\u00f0ingjunum og \u00feeim skriftl\u00e6r\u00f0u, l\u00edka l\u00edfl\u00e1tinn a\u00f0 ver\u00f0a og uppr\u00edsa \u00e1 \u00feri\u00f0ja degi.<a name=\"22\"><span class=\"versanumer\">22<\/span><\/a>\u00de\u00e1 t\u00f3k P\u00e9tur hann afs\u00ed\u00f0is, \u00e1taldi hann og m\u00e6lti: Gu\u00f0 n\u00e1\u00f0i \u00feig, Herra! komi \u00feetta aldrei fram vi\u00f0 \u00feig!<a name=\"23\"><span class=\"versanumer\">23<\/span><\/a>En Jes\u00fas snerist vi\u00f0 honum og m\u00e6lti: v\u00edk fr\u00e1 m\u00e9r, Satan! \u00fe\u00fa ert m\u00e9r til \u00e1steytingar. \u00de\u00fa skynjar ekki Gu\u00f0s vilja, heldur manna.<a name=\"24\"><span class=\"versanumer\">24<\/span><\/a>\u00de\u00e1 m\u00e6lti Jes\u00fas til l\u00e6risveina sinna: hv\u00f6r, sem vill fylgja m\u00e9r, afneiti sj\u00e1lfum s\u00e9r, taki sinn kross upp \u00e1 sig, og fylgi m\u00e9r eftir.<a name=\"25\"><span class=\"versanumer\">25<\/span><\/a>Hv\u00f6r hann hyggur a\u00f0 for\u00f0a l\u00edfi s\u00ednu, mun \u00fev\u00ed t\u00fdna, en hv\u00f6r, sem vogar \u00fev\u00ed \u00ed h\u00e6ttu fyrir m\u00edna skuld, mun f\u00e1 \u00fev\u00ed borgi\u00f0.<a name=\"26\"><span class=\"versanumer\">26<\/span><\/a>\u00dev\u00ed a\u00f0 hv\u00f6rju gagni k\u00e6mi \u00fea\u00f0, \u00fe\u00f3tt einn eigna\u00f0ist allan heiminn, ef hann li\u00f0i tj\u00f3n \u00e1 s\u00e1lu sinni? e\u00f0a hva\u00f0 getur ma\u00f0urinn gefi\u00f0 til lausnar s\u00e1lu sinni?<a name=\"27\"><span class=\"versanumer\">27<\/span><\/a>\u00dev\u00ed Mannsins Son mun koma me\u00f0 d\u00fdr\u00f0 s\u00edns F\u00f6\u00f0urs og englum s\u00ednum, og \u00fe\u00e1 mun hann gjalda hv\u00f6rjum sem einum eftir verkum s\u00ednum.<a name=\"28\"><span class=\"versanumer\">28<\/span><\/a>Sannlega segi eg y\u00f0ur: a\u00f0 h\u00e9r eru n\u00fa vi\u00f0staddir nokkrir \u00feeir, sem au\u00f0nast mun a\u00f0 lifa svo lengi, a\u00f0 \u00feeir sj\u00e1i Mannsins Son koma til r\u00edkis s\u00edns.<\/p>\n<div class=\"footnoteVidey\">V. 1\u201314. sbr. Mark. 8,11.12.  V. 4. sbr. L\u00fak. 11,16\u201329.  V. 5\u201312. sbr. Mark. 8,13\u201321.  V. 13\u201328. Mark. 8,27\u201339. L\u00fak. 9,18\u201327.  V. 18. a. Sj\u00e1 J\u00f3h. 1,42.<\/div>\n","protected":false},"excerpt":{"rendered":"<p>Jes\u00fas \u00e1v\u00edtar far\u00edseana, er \u00e6skja teikns, og varar vi\u00f0 s\u00fardeigi \u00feeirra. P\u00e9tur j\u00e1tar, a\u00f0 Jes\u00fas s\u00e9 Gu\u00f0s Sonur; Jes\u00fas segir fyrir s\u00edna p\u00ednu, og \u00e1v\u00edtar P\u00e9tur; talar um sj\u00e1lfsafneitun og s\u00edna tilkomu. 1\u00de\u00e1 komu til hans far\u00edsear og sad\u00fasear, freistu\u00f0u hans, og kr\u00f6f\u00f0ust, a\u00f0 hann vildi s\u00fdna \u00feeim teikn af himni.2Hann m\u00e6lti: a\u00f0 kv\u00f6ldi, \u00feegar ro\u00f0i er \u00e1 lofti, \u00fe\u00e1 segi\u00f0 \u00fe\u00e9r, \u00fea\u00f0 bo\u00f0i gott ve\u00f0urlag;3og snemma dags, \u00feegar lofti\u00f0 \u00fe\u00e1 er rautt og \u00edskyggilegt, segi\u00f0 \u00fe\u00e9r, a\u00f0 \u00feann dag muni ver\u00f0a illvi\u00f0ri. \u00de\u00e9r, hr\u00e6snarar! himinsins yfirbrag\u00f0 viti\u00f0 \u00fe\u00e9r a\u00f0 d\u00e6ma, en kenniteikn \u00feessara t\u00edma vilji\u00f0 \u00fe\u00e9r ekki athuga.4\u00deessi vonda <a href=\"https:\/\/biblian.is\/videy\/matteusargudspjall-16-kafli\/\"> [&#8230;]<\/a><\/p>\n","protected":false},"author":1,"featured_media":0,"parent":0,"menu_order":0,"comment_status":"open","ping_status":"open","template":"bibliukaflar.php","meta":{"footnotes":""},"class_list":["post-21794","page","type-page","status-publish","hentry"],"_links":{"self":[{"href":"https:\/\/biblian.is\/videy\/wp-json\/wp\/v2\/pages\/21794","targetHints":{"allow":["GET"]}}],"collection":[{"href":"https:\/\/biblian.is\/videy\/wp-json\/wp\/v2\/pages"}],"about":[{"href":"https:\/\/biblian.is\/videy\/wp-json\/wp\/v2\/types\/page"}],"author":[{"embeddable":true,"href":"https:\/\/biblian.is\/videy\/wp-json\/wp\/v2\/users\/1"}],"replies":[{"embeddable":true,"href":"https:\/\/biblian.is\/videy\/wp-json\/wp\/v2\/comments?post=21794"}],"version-history":[{"count":0,"href":"https:\/\/biblian.is\/videy\/wp-json\/wp\/v2\/pages\/21794\/revisions"}],"wp:attachment":[{"href":"https:\/\/biblian.is\/videy\/wp-json\/wp\/v2\/media?parent=21794"}],"curies":[{"name":"wp","href":"https:\/\/api.w.org\/{rel}","templated":true}]}}