{"id":21792,"date":"2018-01-02T01:04:07","date_gmt":"2018-01-02T01:04:07","guid":{"rendered":"http:\/\/biblian.is\/videy\/matteusargudspjall-14-kafli\/"},"modified":"2018-01-02T01:04:07","modified_gmt":"2018-01-02T01:04:07","slug":"matteusargudspjall-14-kafli","status":"publish","type":"page","link":"https:\/\/biblian.is\/videy\/matteusargudspjall-14-kafli\/","title":{"rendered":"Matteusargu\u00f0spjall 14. kafli"},"content":{"rendered":"<div class=\"fyrirsognVidey\">Her\u00f3des heldur, a\u00f0 J\u00f3hannes, hv\u00f6rn hann haf\u00f0i l\u00e1ti\u00f0 h\u00e1lsh\u00f6ggva, s\u00e9 endurlifna\u00f0ur. Jes\u00fas mettar 5000 manns, gengur \u00e1 sj\u00f3num, l\u00e6knar.<\/div>\n<p><a name=\"1\"><span class=\"versanumer\">1<\/span><\/a>Um \u00feessar mundir kom fregnin af Jes\u00fa til eyrna Her\u00f3desar fj\u00f3r\u00f0ungsh\u00f6f\u00f0ingja;<a name=\"2\"><span class=\"versanumer\">2<\/span><\/a>\u00fe\u00e1 m\u00e6lti hann vi\u00f0 menn s\u00edna: \u00feessi er J\u00f3hannes sk\u00edrari, hann er risinn upp fr\u00e1 dau\u00f0um, \u00fear fyrir fremur hann svo mikil kraftaverk.<a name=\"3\"><span class=\"versanumer\">3<\/span><\/a>En Her\u00f3des haf\u00f0i l\u00e1ti\u00f0 handtaka J\u00f3hannes, fj\u00f6tra hann og setja \u00ed myrkvastofu, sakir Her\u00f3d\u00edadis konu Filippusar br\u00f3\u00f0ur s\u00edns;<a name=\"4\"><span class=\"versanumer\">4<\/span><\/a>\u00fev\u00ed J\u00f3hannes haf\u00f0i sagt vi\u00f0 hann: \u00fe\u00fa m\u00e1tt ekki taka saman vi\u00f0 hana;<a name=\"5\"><span class=\"versanumer\">5<\/span><\/a>og \u00fe\u00f3tt hann vildi l\u00e1ta drepa hann, \u00feor\u00f0i hann \u00fea\u00f0 \u00fe\u00f3 ekki, sakir al\u00fe\u00fd\u00f0unnar; \u00fev\u00ed allir h\u00e9ldu J\u00f3hannes vera sp\u00e1mann.<a name=\"6\"><span class=\"versanumer\">6<\/span><\/a>En \u00e1 f\u00e6\u00f0ingarh\u00e1t\u00ed\u00f0 Her\u00f3desar, dansa\u00f0i d\u00f3ttir Her\u00f3\u00edadis fyrir gestunum, og f\u00e9ll honum \u00fea\u00f0 svo vel \u00ed ge\u00f0,<a name=\"7\"><span class=\"versanumer\">7<\/span><\/a>a\u00f0 hann h\u00e9t me\u00f0 ei\u00f0i a\u00f0 veita henni hva\u00f0 h\u00fan umbeiddi.<a name=\"8\"><span class=\"versanumer\">8<\/span><\/a>En h\u00fan ba\u00f0, eftir undirlagi m\u00f3\u00f0ur sinnar, a\u00f0 hann g\u00e6fi s\u00e9r \u00e1 diski h\u00f6fu\u00f0 J\u00f3hannesar sk\u00edrara.<a name=\"9\"><span class=\"versanumer\">9<\/span><\/a>Vi\u00f0 \u00feetta var\u00f0 konungurinn hryggur, en sakir ei\u00f0s s\u00edns og \u00feeirra, er voru \u00ed bo\u00f0i hans, bau\u00f0 hann, a\u00f0 \u00feetta skyldi henni veitast.<a name=\"10\"><span class=\"versanumer\">10<\/span><\/a>Sendi hann \u00fev\u00ed og l\u00e9t h\u00e1lsh\u00f6ggva J\u00f3hannes \u00ed myrkvastofunni,<a name=\"11\"><span class=\"versanumer\">11<\/span><\/a>en h\u00f6fu\u00f0 hans var lagt \u00e1 fat og gefi\u00f0 meyjunni, en h\u00fan f\u00e6r\u00f0i m\u00f3\u00f0ur sinni.<a name=\"12\"><span class=\"versanumer\">12<\/span><\/a>En l\u00e6risveinar hans t\u00f3ku l\u00edk hans og greftru\u00f0u \u00fea\u00f0, kunngj\u00f6r\u00f0u s\u00ed\u00f0an Jes\u00fa hva\u00f0 ske\u00f0 haf\u00f0i;<a name=\"13\"><span class=\"versanumer\">13<\/span><\/a>og er Jes\u00fas heyr\u00f0i \u00fea\u00f0, f\u00f3r hann \u00e1 skipi til ey\u00f0ibygg\u00f0a einnsaman, og er f\u00f3lki\u00f0 var \u00feess v\u00edst, fylgdi \u00fea\u00f0 honum \u00e1 landi \u00far borgunum.<br \/><a name=\"14\"><span class=\"versanumer\">14<\/span><\/a>En er hann gekk fram, leit hann mikinn fj\u00f6lda f\u00f3lks, kenndi \u00ed brj\u00f3sti um \u00fe\u00e1, og l\u00e6kna\u00f0i \u00fe\u00e1 \u00e1 me\u00f0al \u00feeirra, sem krankir voru.<a name=\"15\"><span class=\"versanumer\">15<\/span><\/a>En er kv\u00f6ld var komi\u00f0, komu l\u00e6risveinar hans til hans og m\u00e6ltu: v\u00e9r erum h\u00e9r \u00ed ey\u00f0im\u00f6rku, og dagur er n\u00fa li\u00f0inn a\u00f0 mestu, l\u00e1ttu f\u00f3lki\u00f0 fr\u00e1 \u00fe\u00e9r, a\u00f0 \u00fea\u00f0 fari \u00ed \u00feorpin a\u00f0 kaupa s\u00e9r vistir.<a name=\"16\"><span class=\"versanumer\">16<\/span><\/a>Jes\u00fas m\u00e6lti: ekki \u00feurfa \u00feeir burtu a\u00f0 fara; gefi\u00f0 \u00fe\u00e9r \u00feeim mat.<a name=\"17\"><span class=\"versanumer\">17<\/span><\/a>\u00deeir m\u00e6ltu: ekki h\u00f6fum v\u00e9r h\u00e9r nema fimm brau\u00f0 og tvo fiska.<a name=\"18\"><span class=\"versanumer\">18<\/span><\/a>Hann bau\u00f0 \u00feeim a\u00f0 f\u00e6ra s\u00e9r \u00feetta.<a name=\"19\"><span class=\"versanumer\">19<\/span><\/a>S\u00ed\u00f0an sag\u00f0i hann f\u00f3lkinu a\u00f0 setjast ni\u00f0ur \u00ed grasi\u00f0, t\u00f3k \u00feau fimm brau\u00f0 og \u00fe\u00e1 tvo fiska, leit til himins, gj\u00f6r\u00f0i Gu\u00f0i \u00feakkir; s\u00ed\u00f0an braut hann brau\u00f0in, og f\u00e9kk l\u00e6risveinum s\u00ednum \u00feau, en \u00feeir f\u00e6r\u00f0u \u00feau f\u00f3lkinu;<a name=\"20\"><span class=\"versanumer\">20<\/span><\/a>og allir neyttu, til \u00feess \u00feeir v\u00f3ru mettir; \u00fe\u00e1 t\u00f3ku \u00feeir afgangsleifarnar, og v\u00f3ru \u00fea\u00f0 t\u00f3lf karfir fullar;<a name=\"21\"><span class=\"versanumer\">21<\/span><\/a>en \u00feeir, sem neytt h\u00f6f\u00f0u, v\u00f3ru h\u00e9r um fimm \u00fe\u00fasundir manna, auk kvenna og barna. <br \/><a name=\"22\"><span class=\"versanumer\">22<\/span><\/a>Strax er \u00feetta var ske\u00f0, bau\u00f0 hann l\u00e6risveinum s\u00ednum a\u00f0 st\u00edga \u00e1 skip og fara undan s\u00e9r yfirum \u00e1 me\u00f0an hann v\u00e6ri a\u00f0 koma fr\u00e1 s\u00e9r f\u00f3lkinu.<a name=\"23\"><span class=\"versanumer\">23<\/span><\/a>Og sem hann haf\u00f0i l\u00e1ti\u00f0 f\u00f3lki\u00f0 fr\u00e1 s\u00e9r, f\u00f3r hann einnsaman upp \u00e1 fjall nokkurt a\u00f0 bi\u00f0jast fyrir; og er kv\u00f6ld var komi\u00f0, var hann \u00fear einn;<a name=\"24\"><span class=\"versanumer\">24<\/span><\/a>\u00fe\u00e1 var skipi\u00f0 n\u00e6stum komi\u00f0 \u00e1 mitt vatni\u00f0, og l\u00e1 undir \u00e1f\u00f6llum, en andvi\u00f0ri var.<a name=\"25\"><span class=\"versanumer\">25<\/span><\/a>En er n\u00e6r fj\u00f3r\u00f0ungur lif\u00f0i n\u00e6tur, kom hann til \u00feeirra gangandi \u00e1 sj\u00f3num.<a name=\"26\"><span class=\"versanumer\">26<\/span><\/a>En er l\u00e6risveinarnir s\u00e1u hann ganga \u00e1 sj\u00f3num, ur\u00f0u \u00feeir felmtsfullir, og s\u00f6g\u00f0u: \u00fea\u00f0 er vofa; og t\u00f3ku a\u00f0 \u00e6pa af hr\u00e6\u00f0slu;<a name=\"27\"><span class=\"versanumer\">27<\/span><\/a>en Jes\u00fas varpa\u00f0i strax or\u00f0um \u00e1 \u00fe\u00e1, og m\u00e6lti: veri\u00f0 \u00f3hr\u00e6ddir, eg er \u00fea\u00f0, hr\u00e6\u00f0ist ekki!<a name=\"28\"><span class=\"versanumer\">28<\/span><\/a>Honum ansa\u00f0i P\u00e9tur og m\u00e6lti: ef \u00fe\u00fa ert \u00fea\u00f0, Herra! \u00fe\u00e1 seg a\u00f0 eg komi til \u00fe\u00edn \u00e1 vatninu.<a name=\"29\"><span class=\"versanumer\">29<\/span><\/a>Jes\u00fas m\u00e6lti: kom \u00fe\u00fa; \u00fe\u00e1 f\u00f3r P\u00e9tur \u00fatbyr\u00f0is og t\u00f3k a\u00f0 ganga \u00e1 vatninu til Jes\u00fa.<a name=\"30\"><span class=\"versanumer\">30<\/span><\/a>En er hann s\u00e1 fellibil einn har\u00f0an, hr\u00e6ddist hann, og er hann t\u00f3k til a\u00f0 s\u00f6kkva, kalla\u00f0i hann og m\u00e6lti: hj\u00e1lpa \u00fe\u00fa m\u00e9r, Herra!<a name=\"31\"><span class=\"versanumer\">31<\/span><\/a>\u00fe\u00e1 r\u00e9tti Jes\u00fas strax \u00fat h\u00f6nd s\u00edna, t\u00f3k til hans og sag\u00f0i: \u00fe\u00fa tr\u00faarlitli! \u00fev\u00ed efa\u00f0ist \u00fe\u00fa?<a name=\"32\"><span class=\"versanumer\">32<\/span><\/a>Og er \u00feeir stigu \u00e1 skipi\u00f0, l\u00e6g\u00f0i ve\u00f0ri\u00f0;<a name=\"33\"><span class=\"versanumer\">33<\/span><\/a>en \u00feeir, sem \u00e1 skipinu v\u00f3ru, f\u00e9llu fram fyrir honum og m\u00e6ltu: vissulega ertu Gu\u00f0s Sonur!<br \/><a name=\"34\"><span class=\"versanumer\">34<\/span><\/a>S\u00ed\u00f0an f\u00f3ru \u00feeir yfirum, og komu \u00ed Genesaretsland.<a name=\"35\"><span class=\"versanumer\">35<\/span><\/a>En er \u00feeir, sem \u00fear bjuggu, \u00feekktu hann, sendu \u00feeir \u00ed alla bygg\u00f0ina umhverfis, og f\u00e6r\u00f0u til hans alla \u00fe\u00e1, sem sj\u00fakir v\u00f3ru,<a name=\"36\"><span class=\"versanumer\">36<\/span><\/a>og beiddust, a\u00f0 hann vildi leyfa \u00feeim a\u00f0eins a\u00f0 snerta fald kl\u00e6\u00f0a sinna, en \u00feeir, er hann snertu, ur\u00f0u heilbrig\u00f0ir.<\/p>\n<div class=\"footnoteVidey\">V. 1\u201313, sbr. Mark. 6,14\u201329. L\u00fak. 9,7\u20139.  V. 4. 3 M\u00f3s. 18,16.  V. 14\u201336. sbr. Mark. 6,32\u201356. L\u00fak. 9,10\u201317. J\u00f3h. 6,1\u201321.<\/div>\n","protected":false},"excerpt":{"rendered":"<p>Her\u00f3des heldur, a\u00f0 J\u00f3hannes, hv\u00f6rn hann haf\u00f0i l\u00e1ti\u00f0 h\u00e1lsh\u00f6ggva, s\u00e9 endurlifna\u00f0ur. Jes\u00fas mettar 5000 manns, gengur \u00e1 sj\u00f3num, l\u00e6knar. 1Um \u00feessar mundir kom fregnin af Jes\u00fa til eyrna Her\u00f3desar fj\u00f3r\u00f0ungsh\u00f6f\u00f0ingja;2\u00fe\u00e1 m\u00e6lti hann vi\u00f0 menn s\u00edna: \u00feessi er J\u00f3hannes sk\u00edrari, hann er risinn upp fr\u00e1 dau\u00f0um, \u00fear fyrir fremur hann svo mikil kraftaverk.3En Her\u00f3des haf\u00f0i l\u00e1ti\u00f0 handtaka J\u00f3hannes, fj\u00f6tra hann og setja \u00ed myrkvastofu, sakir Her\u00f3d\u00edadis konu Filippusar br\u00f3\u00f0ur s\u00edns;4\u00fev\u00ed J\u00f3hannes haf\u00f0i sagt vi\u00f0 hann: \u00fe\u00fa m\u00e1tt ekki taka saman vi\u00f0 hana;5og \u00fe\u00f3tt hann vildi l\u00e1ta drepa hann, \u00feor\u00f0i hann \u00fea\u00f0 \u00fe\u00f3 ekki, sakir al\u00fe\u00fd\u00f0unnar; \u00fev\u00ed allir h\u00e9ldu J\u00f3hannes vera sp\u00e1mann.6En <a href=\"https:\/\/biblian.is\/videy\/matteusargudspjall-14-kafli\/\"> [&#8230;]<\/a><\/p>\n","protected":false},"author":1,"featured_media":0,"parent":0,"menu_order":0,"comment_status":"open","ping_status":"open","template":"bibliukaflar.php","meta":{"footnotes":""},"class_list":["post-21792","page","type-page","status-publish","hentry"],"_links":{"self":[{"href":"https:\/\/biblian.is\/videy\/wp-json\/wp\/v2\/pages\/21792","targetHints":{"allow":["GET"]}}],"collection":[{"href":"https:\/\/biblian.is\/videy\/wp-json\/wp\/v2\/pages"}],"about":[{"href":"https:\/\/biblian.is\/videy\/wp-json\/wp\/v2\/types\/page"}],"author":[{"embeddable":true,"href":"https:\/\/biblian.is\/videy\/wp-json\/wp\/v2\/users\/1"}],"replies":[{"embeddable":true,"href":"https:\/\/biblian.is\/videy\/wp-json\/wp\/v2\/comments?post=21792"}],"version-history":[{"count":0,"href":"https:\/\/biblian.is\/videy\/wp-json\/wp\/v2\/pages\/21792\/revisions"}],"wp:attachment":[{"href":"https:\/\/biblian.is\/videy\/wp-json\/wp\/v2\/media?parent=21792"}],"curies":[{"name":"wp","href":"https:\/\/api.w.org\/{rel}","templated":true}]}}