{"id":21791,"date":"2018-01-02T01:04:07","date_gmt":"2018-01-02T01:04:07","guid":{"rendered":"http:\/\/biblian.is\/videy\/matteusargudspjall-13-kafli\/"},"modified":"2018-01-02T01:04:07","modified_gmt":"2018-01-02T01:04:07","slug":"matteusargudspjall-13-kafli","status":"publish","type":"page","link":"https:\/\/biblian.is\/videy\/matteusargudspjall-13-kafli\/","title":{"rendered":"Matteusargu\u00f0spjall 13. kafli"},"content":{"rendered":"<div class=\"fyrirsognVidey\">D\u00e6mis\u00f6gur um s\u00e6\u00f0i\u00f0, illgresi\u00f0, mustar\u00f0skorni\u00f0, s\u00fardeigi\u00f0. \u00datlegging \u00feeirrar um illgresi\u00f0; fj\u00e1rsj\u00f3\u00f0urinn; perlan; neti\u00f0. Kristur er fyrirlitinn \u00ed s\u00ednu f\u00f6\u00f0urlandi.<\/div>\n<p><a name=\"1\"><span class=\"versanumer\">1<\/span><\/a>\u00deenna dag gekk Jes\u00fas heiman og settist vi\u00f0 sj\u00f3inn.<a name=\"2\"><span class=\"versanumer\">2<\/span><\/a>\u00de\u00e1 dreif til hans svo mikill fj\u00f6ldi f\u00f3lks, a\u00f0 hann hlaut a\u00f0 st\u00edga \u00e1 skip og setjast \u00fear, en allur f\u00f3lksfj\u00f6ldinn st\u00f3\u00f0 \u00ed fj\u00f6runni;<a name=\"3\"><span class=\"versanumer\">3<\/span><\/a>\u00fe\u00e1 kenndi hann \u00feeim margt \u00ed d\u00e6mis\u00f6gum, og h\u00f3f svo r\u00e6\u00f0u s\u00edna: S\u00e1\u00f0ma\u00f0ur nokkur gekk \u00fat a\u00f0 s\u00e1,<a name=\"4\"><span class=\"versanumer\">4<\/span><\/a>en er hann var a\u00f0 s\u00e1, f\u00e9ll sumt s\u00e6\u00f0i\u00f0 vi\u00f0 veginn og fuglar \u00e1tu \u00fea\u00f0.<a name=\"5\"><span class=\"versanumer\">5<\/span><\/a>Sumt f\u00e9ll \u00ed gr\u00fdtta j\u00f6r\u00f0, hvar \u00fea\u00f0 haf\u00f0i ekki n\u00f3gan jar\u00f0veg, \u00fea\u00f0 v\u00f3x a\u00f0 s\u00f6nnu skj\u00f3tt, \u00fev\u00ed \u00fea\u00f0 haf\u00f0i litla j\u00f6r\u00f0;<a name=\"6\"><span class=\"versanumer\">6<\/span><\/a>en er s\u00f3l h\u00e6kka\u00f0i <span class='VideyAth'>(\u00e1 lofti)<\/span>, skr\u00e6lna\u00f0i \u00fea\u00f0 og visna\u00f0i, s\u00f6kum \u00feess \u00fea\u00f0 haf\u00f0i ekki n\u00e6gar r\u00e6tur.<a name=\"7\"><span class=\"versanumer\">7<\/span><\/a>Sumt f\u00e9ll me\u00f0al \u00feyrna, og \u00feyrnarnir uxu upp og k\u00e6f\u00f0u \u00fea\u00f0.<a name=\"8\"><span class=\"versanumer\">8<\/span><\/a>En sumt f\u00e9ll \u00ed g\u00f3\u00f0a j\u00f6r\u00f0 og bar \u00e1v\u00f6xt, sumt hundra\u00f0faldan, sumt sextugfaldan og sumt \u00fer\u00edtugfaldan;<a name=\"9\"><span class=\"versanumer\">9<\/span><\/a>nemi hv\u00f6r, sem nema kann!<a name=\"10\"><span class=\"versanumer\">10<\/span><\/a>\u00de\u00e1 komu til hans l\u00e6risveinar hans og spur\u00f0u hann, \u00fev\u00ed hann kenndi f\u00f3lkinu \u00ed d\u00e6mis\u00f6gum?<a name=\"11\"><span class=\"versanumer\">11<\/span><\/a>en hann svara\u00f0i \u00feeim: af \u00fev\u00ed y\u00f0ur er unnt a\u00f0 skilja leynda d\u00f3ma Gu\u00f0s r\u00edkis, en hinum er \u00feess ekki unnt;<a name=\"12\"><span class=\"versanumer\">12<\/span><\/a>\u00fev\u00ed \u00feeim, er hefir, mun veitast, svo hann yfirflj\u00f3tanlega hafi, en fr\u00e1 hinum, er ekki hefir, mun takast jafnvel \u00fea\u00f0 hann hefir;<a name=\"13\"><span class=\"versanumer\">13<\/span><\/a>en \u00feess vegna kenni eg \u00feeim \u00ed d\u00e6mis\u00f6gum, a\u00f0 \u00fe\u00f3 \u00feeir sj\u00e1i, er \u00fea\u00f0 sem s\u00e6ju \u00feeir ekki, og \u00fe\u00f3tt \u00feeir heyri, er \u00fea\u00f0 sem heyr\u00f0u \u00feeir ekki e\u00f0a skildu.<a name=\"14\"><span class=\"versanumer\">14<\/span><\/a>Sannast \u00fev\u00ed \u00e1 \u00feeim sp\u00e1d\u00f3mur Esajasar, er svo segir: \u201e\u00de\u00e9r munu\u00f0 heyra, en \u00fe\u00f3 ekki skilja; \u00fe\u00e9r munu\u00f0 sj\u00e1, en \u00fe\u00f3 ekki \u00feekkja;<a name=\"15\"><span class=\"versanumer\">15<\/span><\/a>\u00fev\u00ed l\u00fd\u00f0ur \u00feessi er heimskur, hann heyrir dauflega, og l\u00fdkur augum s\u00ednum a\u00f0 hann ekki skuli sj\u00e1, heyra e\u00f0ur skilja, og sn\u00faa til m\u00edn, svo eg l\u00e6kni hann.\u201c<a name=\"16\"><span class=\"versanumer\">16<\/span><\/a>En s\u00e6l eru y\u00f0ar augu, sem sj\u00e1, og eyru y\u00f0ar, sem heyra;<a name=\"17\"><span class=\"versanumer\">17<\/span><\/a>Gu\u00f0s vinir f\u00fdstust a\u00f0 sj\u00e1 \u00fea\u00f0, sem \u00fe\u00e9r sj\u00e1i\u00f0, og heyra \u00fea\u00f0, sem \u00fe\u00e9r heyri\u00f0, en heppna\u00f0ist \u00fea\u00f0 ekki.<a name=\"18\"><span class=\"versanumer\">18<\/span><\/a>Heyri\u00f0 n\u00fa \u00fatsk\u00fdringu d\u00e6mis\u00f6gunnar um s\u00e1\u00f0manninn:<a name=\"19\"><span class=\"versanumer\">19<\/span><\/a>n\u00e6r nokkur heyrir l\u00e6rd\u00f3minn um Gu\u00f0s r\u00edki og skilur hann ekki, \u00fe\u00e1 kemur hinn vondi og tekur burt \u00fea\u00f0, sem s\u00e1\u00f0 var, \u00far hjarta hans. \u00deetta merkir s\u00e6\u00f0is, sem hj\u00e1 veginum var s\u00e1\u00f0.<a name=\"20\"><span class=\"versanumer\">20<\/span><\/a>En \u00fea\u00f0, sem \u00ed gr\u00fdtta j\u00f6r\u00f0 f\u00e9ll, merkir \u00feann, er heyrir m\u00edna kenningu og veitir henni vi\u00f0t\u00f6ku me\u00f0 f\u00f6gnu\u00f0i,<a name=\"21\"><span class=\"versanumer\">21<\/span><\/a>en h\u00fan hefir ekki vi\u00f0n\u00e1m hj\u00e1 honum, nema um stundarsakir. \u00dev\u00ed \u00feegar honum m\u00e6tir m\u00f3tgangur og ofs\u00f3knir fyrir kenningarinnar skuld, \u00fe\u00e1 fellur hann strax fr\u00e1.<a name=\"22\"><span class=\"versanumer\">22<\/span><\/a>En \u00fea\u00f0, er s\u00e1\u00f0 var me\u00f0al \u00feyrna, merkir \u00feann, sem a\u00f0 s\u00f6nnu heyrir m\u00edna kenningu, en umhyggja fyrir l\u00edfi \u00feessu og t\u00e1ldr\u00e6gni au\u00f0\u00e6fanna kefja hana, svo hann ber engan \u00e1v\u00f6xt.<a name=\"23\"><span class=\"versanumer\">23<\/span><\/a>En \u00fea\u00f0, er f\u00e9ll \u00ed g\u00f3\u00f0a j\u00f6r\u00f0, merkir \u00fe\u00e1, sem heyra m\u00edna kenningu og skilja hana og f\u00e6ra \u00e1v\u00f6xt, sumir hundra\u00f0faldan, sumir sextugfaldan og sumir \u00fer\u00edtugfaldan. <br \/><a name=\"24\"><span class=\"versanumer\">24<\/span><\/a>A\u00f0ra d\u00e6mis\u00f6gu sag\u00f0i hann \u00feeim, er svo hlj\u00f3\u00f0ar: l\u00edkt er Gu\u00f0s r\u00edki manni \u00feeim, er s\u00e1\u00f0i g\u00f3\u00f0u s\u00e6\u00f0i \u00ed akur sinn;<a name=\"25\"><span class=\"versanumer\">25<\/span><\/a>en er menn voru \u00ed svefni, kom \u00f3vinur hans og s\u00e1\u00f0i illgresi me\u00f0al hveitisins og f\u00f3r s\u00ed\u00f0an \u00e1 brott.<a name=\"26\"><span class=\"versanumer\">26<\/span><\/a>En er s\u00e6\u00f0i\u00f0 spratt upp og t\u00f3k a\u00f0 bera \u00e1v\u00f6xt, \u00fe\u00e1 kom og illgresi\u00f0 \u00ed lj\u00f3s.<a name=\"27\"><span class=\"versanumer\">27<\/span><\/a>\u00de\u00e1 gengu \u00fej\u00f3nar h\u00fassb\u00f3ndans til hans og s\u00f6g\u00f0u: Herra! s\u00e1\u00f0ir \u00fe\u00fa ekki g\u00f3\u00f0u s\u00e6\u00f0i \u00ed akur \u00feinn? e\u00f0ur \u00fev\u00ed ber hann illgresi?<a name=\"28\"><span class=\"versanumer\">28<\/span><\/a>hann m\u00e6lti: \u00fea\u00f0 hefir \u00f3vinurinn gj\u00f6rt. \u00de\u00e1 s\u00f6g\u00f0u \u00fej\u00f3narnir: vilt\u00fa ekki a\u00f0 v\u00e9r f\u00f6rum og uppr\u00e6tum \u00fea\u00f0?<a name=\"29\"><span class=\"versanumer\">29<\/span><\/a>hann sag\u00f0i; ekki vil eg \u00fea\u00f0, a\u00f0 \u00fe\u00e9r ekki, n\u00e6r \u00fe\u00e9r uppr\u00e6ti\u00f0 illgresi\u00f0, r\u00edfi\u00f0 hveiti\u00f0 upp me\u00f0;<a name=\"30\"><span class=\"versanumer\">30<\/span><\/a>l\u00e1ti\u00f0 hv\u00f6rttveggja vaxa saman til kornskerunnar; og \u00feegar kornskerut\u00edminn kemur, vil eg bj\u00f3\u00f0a kornskerum\u00f6nnunum, a\u00f0 safna fyrst saman illgresinu og binda \u00fea\u00f0 \u00ed knippi til a\u00f0 brennast; en safna hveitinu \u00ed m\u00edna kornhl\u00f6\u00f0u. <br \/><a name=\"31\"><span class=\"versanumer\">31<\/span><\/a>\u00deessa d\u00e6mis\u00f6gu sag\u00f0i hann \u00feeim einninn: l\u00edkt er Gu\u00f0s r\u00edki mustar\u00f0skorni \u00fev\u00ed, er ma\u00f0ur nokkur t\u00f3k og s\u00e1\u00f0i \u00ed akri s\u00ednum.<a name=\"32\"><span class=\"versanumer\">32<\/span><\/a>Minnst er \u00fea\u00f0 allra fr\u00e6korna, en n\u00e6r \u00fea\u00f0 vex, er \u00fea\u00f0 meira enn nokkurt k\u00e1lgresi, og ver\u00f0ur svo st\u00f3rt, sem eik, svo a\u00f0 fuglar himins koma og leita s\u00e9r sk\u00fdlis \u00ed greinum \u00feess.<a name=\"33\"><span class=\"versanumer\">33<\/span><\/a>Enn sag\u00f0i hann \u00feeim \u00feessa d\u00e6mis\u00f6gu: l\u00edkt er Gu\u00f0s r\u00edki s\u00fardegi \u00fev\u00ed, er kona ein t\u00f3k og hno\u00f0a\u00f0i \u00fev\u00ed saman vi\u00f0 \u00ferj\u00e1 m\u00e6lira hveitis, uns \u00fea\u00f0 allt s\u00fdr\u00f0ist.<a name=\"34\"><span class=\"versanumer\">34<\/span><\/a>\u00deetta allt kenndi Jes\u00fas \u00ed d\u00e6mis\u00f6gum, og fyrir utan d\u00e6mis\u00f6gur kenndi hann \u00feeim ekki;<a name=\"35\"><span class=\"versanumer\">35<\/span><\/a>svo a\u00f0 \u00fea\u00f0 sanna\u00f0ist, er sp\u00e1ma\u00f0urinn segir: \u201eeg mun kenna \u00ed d\u00e6mis\u00f6gum, og \u00fe\u00e1 hluti, er huldir hafa veri\u00f0, fr\u00e1 \u00fev\u00ed er heimur h\u00f3fst, mun eg m\u00e6la.\u201c<br \/><a name=\"36\"><span class=\"versanumer\">36<\/span><\/a>S\u00ed\u00f0an l\u00e9t hann f\u00f3lki\u00f0 fr\u00e1 s\u00e9r fara og f\u00f3r til h\u00fass s\u00edns; \u00fe\u00e1 komu til hans l\u00e6risveinar hans og b\u00e1\u00f0u hann, a\u00f0 hann vildi \u00fatsk\u00fdra \u00feeim d\u00e6mis\u00f6guna um illgresi\u00f0.<a name=\"37\"><span class=\"versanumer\">37<\/span><\/a>Hann m\u00e6lti: s\u00e1 er s\u00e1\u00f0i \u00fev\u00ed g\u00f3\u00f0a s\u00e6\u00f0i, \u00fe\u00fd\u00f0ir Mannsins Son;<a name=\"38\"><span class=\"versanumer\">38<\/span><\/a>akurinn \u00fe\u00fd\u00f0ir ver\u00f6ldina; hinn g\u00f3\u00f0i \u00e1v\u00f6xturinn \u00fe\u00fd\u00f0ir Gu\u00f0s b\u00f6rn; illgresi\u00f0 \u00fe\u00fd\u00f0ir b\u00f6rn hins vonda;<a name=\"39\"><span class=\"versanumer\">39<\/span><\/a>en \u00f3vinurinn, er s\u00e1\u00f0i \u00fev\u00ed, merkir dj\u00f6fulinn; kornskerumennirnir merkja englana.<a name=\"40\"><span class=\"versanumer\">40<\/span><\/a>\u00dev\u00ed eins og menn plaga a\u00f0 safna illgresi og brenna \u00fea\u00f0, eins mun fara vi\u00f0 enda veraldar \u00feessarar;<a name=\"41\"><span class=\"versanumer\">41<\/span><\/a>Mannsins Sonur mun \u00fe\u00e1 senda engla s\u00edna, a\u00f0 \u00feeir samansafni \u00far hans r\u00edki \u00f6llum \u00feeim, er a\u00f0ra afvega lei\u00f0a og rangt gj\u00f6ra,<a name=\"42\"><span class=\"versanumer\">42<\/span><\/a>og kasta \u00feeim \u00ed ofna gl\u00f3anda; \u00fear mun vera gr\u00e1tur og gn\u00edstur tanna;<a name=\"43\"><span class=\"versanumer\">43<\/span><\/a>\u00fe\u00e1 munu \u00feeir g\u00f3\u00f0u sk\u00edna sem s\u00f3l \u00ed r\u00edki F\u00f6\u00f0urs \u00feeirra. Nemi \u00feetta hv\u00f6r, sem nema kann!<a name=\"44\"><span class=\"versanumer\">44<\/span><\/a>Enn er Gu\u00f0s r\u00edki l\u00edkt f\u00e9sj\u00f3\u00f0, er f\u00f3lginn var \u00e1 akri, hv\u00f6rn ma\u00f0ur nokkur fann og leyndi honum, en sakir gle\u00f0i \u00feeirrar f\u00f3r hann burt, og seldi allar eigur s\u00ednar og keypti akurinn.<a name=\"45\"><span class=\"versanumer\">45<\/span><\/a>Enn er Gu\u00f0s r\u00edki l\u00edkt \u00feeim kaupmanni, er leita\u00f0i a\u00f0 g\u00f3\u00f0um perlum;<a name=\"46\"><span class=\"versanumer\">46<\/span><\/a>en er hann fann eina d\u00fdrm\u00e6ta perlu, f\u00f3r hann og seldi allt hva\u00f0 hann \u00e1tti, og keypti hana.<a name=\"47\"><span class=\"versanumer\">47<\/span><\/a>Enn er Gu\u00f0s r\u00edki l\u00edkt neti \u00fev\u00ed er lagt var \u00ed sj\u00f3, \u00ed hv\u00f6rju a\u00f0 veiddust alls kyns fiskar;<a name=\"48\"><span class=\"versanumer\">48<\/span><\/a>og er \u00fea\u00f0 var fullt, dr\u00f3gu menn \u00fea\u00f0 upp \u00ed fj\u00f6runa, settust s\u00ed\u00f0an og s\u00f6fnu\u00f0u \u00feeim g\u00f3\u00f0u \u00ed \u00edl\u00e1t, en k\u00f6stu\u00f0u \u00feeim \u00f3\u00e6tu \u00fat aftur.<a name=\"49\"><span class=\"versanumer\">49<\/span><\/a>Eins mun fara vi\u00f0 enda heimsins; \u00fe\u00e1 munu englar Gu\u00f0s fara og skilja vonda menn fr\u00e1 g\u00f3\u00f0um;<a name=\"50\"><span class=\"versanumer\">50<\/span><\/a>og kasta \u00feeim vondu \u00ed ofn brennanda, hvar vera mun gr\u00e1tur og gn\u00edstur tanna.<a name=\"51\"><span class=\"versanumer\">51<\/span><\/a>S\u00ed\u00f0an spur\u00f0i Jes\u00fas \u00fe\u00e1, hv\u00f6rt \u00feeir skildu allt \u00feetta? en \u00feeir kv\u00e1\u00f0ust \u00fea\u00f0 skilja.<a name=\"52\"><span class=\"versanumer\">52<\/span><\/a>\u00de\u00e1 m\u00e6lti hann: h\u00e9r fyrir er hv\u00f6r s\u00e1 kennari, sem uppfr\u00e6ddur er til a\u00f0 \u00fej\u00f3na a\u00f0 \u00fatbrei\u00f0slu Gu\u00f0s r\u00edkis, l\u00edkur \u00feeim h\u00fasf\u00f6\u00f0ur, sem framber \u00far for\u00f0ab\u00fari s\u00ednu b\u00e6\u00f0i n\u00fdtt og gamalt. <br \/><a name=\"53\"><span class=\"versanumer\">53<\/span><\/a>En er Jes\u00fas haf\u00f0i loki\u00f0 \u00feessum d\u00e6mis\u00f6gum, veik hann \u00fea\u00f0an,<a name=\"54\"><span class=\"versanumer\">54<\/span><\/a>og kom til \u00e6ttjar\u00f0ar sinnar, og kenndi \u00feeim \u00ed samkundum \u00feeirra, svo \u00feeir undru\u00f0ust og m\u00e6ltu: hva\u00f0an hefir \u00feessi ma\u00f0ur sl\u00edka speki og kraftaverka g\u00e1fu?<a name=\"55\"><span class=\"versanumer\">55<\/span><\/a>er hann ekki Sonur smi\u00f0sins? heitir ekki m\u00f3\u00f0ir hans Mar\u00eda? og br\u00e6\u00f0ur hans Jakob og J\u00f3ses, S\u00edmon og J\u00fadas?<a name=\"56\"><span class=\"versanumer\">56<\/span><\/a>og systur hans, eru \u00fe\u00e6r ekki allar h\u00e9r hj\u00e1 oss? hva\u00f0an hefir hann \u00fe\u00e1 \u00feessi allt \u00feetta?<a name=\"57\"><span class=\"versanumer\">57<\/span><\/a>og \u00feeir hneykslu\u00f0ust \u00e1 honum; en Jes\u00fas sag\u00f0i til \u00feeirra: sp\u00e1ma\u00f0ur er hv\u00f6rgi minna metinn en \u00e1 sinni f\u00f3sturj\u00f6r\u00f0u og me\u00f0al \u00e6ttingja sinna.<a name=\"58\"><span class=\"versanumer\">58<\/span><\/a>Hann framdi \u00fear ekki heldur m\u00f6rg kraftaverk sakir vantr\u00faar \u00feeirra.<\/p>\n<div class=\"footnoteVidey\">V. 1\u201323 sbr. Mark. 4,1\u201320: L\u00fak. 8,5\u201315.  V. 12. S\u00e1 sem hefir er s\u00e1, sem nemur og skilur; hinn sem ekki skilur, gleymir flj\u00f3tt \u00fev\u00ed litla, sem hann hefir numi\u00f0.  V. 14. Esaj. 6,9.10.  V. 31\u201334, sbr. Mark. 4,30\u201334. L\u00fak. 13,18\u201321.  V. 35. S\u00e1lm. 78,2. Efes. 3,8\u201310.  V. 53\u201358, sbr. Mark. 6,1\u20136.<\/div>\n","protected":false},"excerpt":{"rendered":"<p>D\u00e6mis\u00f6gur um s\u00e6\u00f0i\u00f0, illgresi\u00f0, mustar\u00f0skorni\u00f0, s\u00fardeigi\u00f0. \u00datlegging \u00feeirrar um illgresi\u00f0; fj\u00e1rsj\u00f3\u00f0urinn; perlan; neti\u00f0. Kristur er fyrirlitinn \u00ed s\u00ednu f\u00f6\u00f0urlandi. 1\u00deenna dag gekk Jes\u00fas heiman og settist vi\u00f0 sj\u00f3inn.2\u00de\u00e1 dreif til hans svo mikill fj\u00f6ldi f\u00f3lks, a\u00f0 hann hlaut a\u00f0 st\u00edga \u00e1 skip og setjast \u00fear, en allur f\u00f3lksfj\u00f6ldinn st\u00f3\u00f0 \u00ed fj\u00f6runni;3\u00fe\u00e1 kenndi hann \u00feeim margt \u00ed d\u00e6mis\u00f6gum, og h\u00f3f svo r\u00e6\u00f0u s\u00edna: S\u00e1\u00f0ma\u00f0ur nokkur gekk \u00fat a\u00f0 s\u00e1,4en er hann var a\u00f0 s\u00e1, f\u00e9ll sumt s\u00e6\u00f0i\u00f0 vi\u00f0 veginn og fuglar \u00e1tu \u00fea\u00f0.5Sumt f\u00e9ll \u00ed gr\u00fdtta j\u00f6r\u00f0, hvar \u00fea\u00f0 haf\u00f0i ekki n\u00f3gan jar\u00f0veg, \u00fea\u00f0 v\u00f3x a\u00f0 s\u00f6nnu skj\u00f3tt, \u00fev\u00ed \u00fea\u00f0 haf\u00f0i <a href=\"https:\/\/biblian.is\/videy\/matteusargudspjall-13-kafli\/\"> [&#8230;]<\/a><\/p>\n","protected":false},"author":1,"featured_media":0,"parent":0,"menu_order":0,"comment_status":"open","ping_status":"open","template":"bibliukaflar.php","meta":{"footnotes":""},"class_list":["post-21791","page","type-page","status-publish","hentry"],"_links":{"self":[{"href":"https:\/\/biblian.is\/videy\/wp-json\/wp\/v2\/pages\/21791","targetHints":{"allow":["GET"]}}],"collection":[{"href":"https:\/\/biblian.is\/videy\/wp-json\/wp\/v2\/pages"}],"about":[{"href":"https:\/\/biblian.is\/videy\/wp-json\/wp\/v2\/types\/page"}],"author":[{"embeddable":true,"href":"https:\/\/biblian.is\/videy\/wp-json\/wp\/v2\/users\/1"}],"replies":[{"embeddable":true,"href":"https:\/\/biblian.is\/videy\/wp-json\/wp\/v2\/comments?post=21791"}],"version-history":[{"count":0,"href":"https:\/\/biblian.is\/videy\/wp-json\/wp\/v2\/pages\/21791\/revisions"}],"wp:attachment":[{"href":"https:\/\/biblian.is\/videy\/wp-json\/wp\/v2\/media?parent=21791"}],"curies":[{"name":"wp","href":"https:\/\/api.w.org\/{rel}","templated":true}]}}