{"id":21790,"date":"2018-01-02T01:04:07","date_gmt":"2018-01-02T01:04:07","guid":{"rendered":"http:\/\/biblian.is\/videy\/matteusargudspjall-12-kafli\/"},"modified":"2018-01-02T01:04:07","modified_gmt":"2018-01-02T01:04:07","slug":"matteusargudspjall-12-kafli","status":"publish","type":"page","link":"https:\/\/biblian.is\/videy\/matteusargudspjall-12-kafli\/","title":{"rendered":"Matteusargu\u00f0spjall 12. kafli"},"content":{"rendered":"<div class=\"fyrirsognVidey\">L\u00e6risveinar Jes\u00fa t\u00edna korn\u00f6x \u00e1 hv\u00edldardegi, Jes\u00fas l\u00e6knar visna h\u00f6nd, l\u00e6knar dj\u00f6ful\u00f3\u00f0an, sem var blindur og m\u00e1llaus, og forsvarar sig fyrir \u00e1lasi far\u00edsea; \u00feeir krefja hann teikns. M\u00f3\u00f0ir hans og \u00e6ttingjar vilja tala vi\u00f0 hann.<\/div>\n<p><a name=\"1\"><span class=\"versanumer\">1<\/span><\/a>Einhv\u00f6rju sinni f\u00f3r Jes\u00fas \u00e1 hv\u00edldardegi me\u00f0 s\u00ednum l\u00e6risveinum, yfir s\u00e1\u00f0l\u00f6nd nokkur; en er l\u00e6risveina hans svengdi, t\u00f3ku \u00feeir til a\u00f0 t\u00edna korn\u00f6xin og eta.<a name=\"2\"><span class=\"versanumer\">2<\/span><\/a>\u00deegar farisear s\u00e1u \u00fea\u00f0, s\u00f6g\u00f0u \u00feeir til hans: sj\u00e1! l\u00e6risveinar \u00fe\u00ednir gj\u00f6ra \u00fea\u00f0, sem ekki leyfist \u00e1 hv\u00edldardegi.<a name=\"3\"><span class=\"versanumer\">3<\/span><\/a>Jes\u00fas m\u00e6lti: hafi\u00f0 \u00fe\u00e9r ekki lesi\u00f0, hva\u00f0 Dav\u00ed\u00f0 gj\u00f6r\u00f0i, \u00feegar hann var mat\u00feurfi og menn hans?<a name=\"4\"><span class=\"versanumer\">4<\/span><\/a>a\u00f0 hann gekk inn \u00ed Gu\u00f0s h\u00fas og neytti brau\u00f0anna helgu, sem hv\u00f6rki hann n\u00e9 fylgdarmenn hans og engir, nema prestarnir einir, m\u00e1ttu eta.<a name=\"5\"><span class=\"versanumer\">5<\/span><\/a>E\u00f0ur hafi\u00f0 \u00fe\u00e9r ekki lesi\u00f0 \u00ed l\u00f6gm\u00e1lsb\u00f3kinni: a\u00f0 prestar vanhelga hv\u00edldardaginn \u00ed musterinu \u00e1 hv\u00edldard\u00f6gunum og eru \u00fe\u00f3 s\u00fdknir saka?<a name=\"6\"><span class=\"versanumer\">6<\/span><\/a>En eg segi y\u00f0ur fyrir sann: a\u00f0 h\u00e9r er s\u00e1, sem meiri er en musteri\u00f0.<a name=\"7\"><span class=\"versanumer\">7<\/span><\/a>Ef \u00fe\u00e9r hef\u00f0u\u00f0 skili\u00f0, hva\u00f0 \u00fea\u00f0 \u00fe\u00fd\u00f0ir: \u201em\u00e9r er mannelska \u00feekkari enn offur\u201c, mundu\u00f0 \u00fe\u00e9r ekki hafa sakfellt \u00feessa, sem saklausir eru,<a name=\"8\"><span class=\"versanumer\">8<\/span><\/a>\u00fev\u00ed mannsins Sonur er herra hv\u00edldardagsins. <br \/><a name=\"9\"><span class=\"versanumer\">9<\/span><\/a>\u00dea\u00f0an f\u00f3r hann til samkundu \u00feeirra;<a name=\"10\"><span class=\"versanumer\">10<\/span><\/a>h\u00e9r var ma\u00f0ur nokkur, er haf\u00f0i visna h\u00f6nd; \u00fe\u00e1 spur\u00f0u \u00feeir hann, hv\u00f6rt leyfilegt v\u00e6ri a\u00f0 l\u00e6kna \u00e1 hv\u00edldard\u00f6gum? til \u00feess \u00feeir g\u00e6tu fengi\u00f0 tilefni til a\u00f0 \u00e1saka hann.<a name=\"11\"><span class=\"versanumer\">11<\/span><\/a>Hann svara\u00f0i \u00feeim: er s\u00e1 nokkur y\u00f0ar \u00e1 me\u00f0al, sem \u00e1 einn sau\u00f0, og falli sau\u00f0urinn \u00ed pytt \u00e1 hv\u00edldardegi, tekur ekki eigandinn hann strax, og dregur hann upp?<a name=\"12\"><span class=\"versanumer\">12<\/span><\/a>Hva\u00f0 miklu er \u00fe\u00f3 ekki ma\u00f0urinn \u00e6\u00f0ri en sau\u00f0urinn? \u00feess vegna er leyfilegt a\u00f0 gj\u00f6ra \u00fea\u00f0, sem gott er, \u00e1 hv\u00edldard\u00f6gum.<a name=\"13\"><span class=\"versanumer\">13<\/span><\/a>S\u00ed\u00f0an sag\u00f0i hann vi\u00f0 manninn, r\u00e9ttu fram h\u00f6nd \u00fe\u00edna! hann gj\u00f6r\u00f0i svo, og var\u00f0 h\u00fan \u00fe\u00e1 heil, sem hin.<a name=\"14\"><span class=\"versanumer\">14<\/span><\/a>En farisearnir gengu \u00fat og b\u00e1ru saman r\u00e1\u00f0 s\u00edn \u00ed gegn honum um \u00fea\u00f0, hv\u00f6rnin \u00feeir fengju r\u00e1\u00f0i\u00f0 hann af d\u00f6gum.<a name=\"15\"><span class=\"versanumer\">15<\/span><\/a>\u00deegar Jes\u00fas var\u00f0 \u00feess v\u00eds, veik hann \u00fea\u00f0an, og fylgdi honum \u00fe\u00e1 mikill fj\u00f6ldi f\u00f3lks, og hann l\u00e6kna\u00f0i \u00fe\u00e1 alla,<a name=\"16\"><span class=\"versanumer\">16<\/span><\/a>og banna\u00f0i \u00feeim strengilega a\u00f0 gj\u00f6ra sig uppv\u00edsan.<a name=\"17\"><span class=\"versanumer\">17<\/span><\/a>Sanna\u00f0ist \u00fe\u00e1 \u00fea\u00f0 sem sp\u00e1ma\u00f0urinn Esajas sag\u00f0i:<a name=\"18\"><span class=\"versanumer\">18<\/span><\/a>\u201eSj\u00e1! \u00fej\u00f3n minn, hv\u00f6rn eg hefi \u00fatvali\u00f0, minn \u00e1stf\u00f3lgna, sem m\u00e9r er \u00fe\u00f3knanlegur, honum vil eg gefa minn andakraft, a\u00f0 hann kenni hei\u00f0num \u00fej\u00f3\u00f0um hva\u00f0 r\u00e9tt er;<a name=\"19\"><span class=\"versanumer\">19<\/span><\/a>hann mun eigi \u00fer\u00e1tta, og eigi h\u00e1reysti gj\u00f6ra, og hans kall mun eigi \u00e1 str\u00e6tum heyrast.<a name=\"20\"><span class=\"versanumer\">20<\/span><\/a>Hinn br\u00e1ka\u00f0a reyrinn mun hann eigi \u00ed sundur brj\u00f3ta, og hi\u00f0 dapra lj\u00f3s ekki sl\u00f6kkva, \u00feanga\u00f0 til sannleikurinn hefir sigur unni\u00f0;<a name=\"21\"><span class=\"versanumer\">21<\/span><\/a>\u00e1 hann munu \u00fej\u00f3\u00f0irnar treysta\u201c.<br \/><a name=\"22\"><span class=\"versanumer\">22<\/span><\/a>\u00de\u00e1 var f\u00e6r\u00f0ur til hans ma\u00f0ur dj\u00f6ful\u00f3\u00f0ur, blindur og m\u00e1llaus, \u00feenna l\u00e6kna\u00f0i hann, svo s\u00e1 hinn blindi og m\u00e1llausi f\u00e9kk b\u00e6\u00f0i m\u00e1l sitt og s\u00fdn.<a name=\"23\"><span class=\"versanumer\">23<\/span><\/a>\u00deetta undra\u00f0ist allt f\u00f3lki\u00f0 og sag\u00f0i: mun ekki \u00feessi ma\u00f0ur vera ni\u00f0ji <span class='VideyAth'>a)<\/span> Dav\u00ed\u00f0s?<a name=\"24\"><span class=\"versanumer\">24<\/span><\/a>En er far\u00edsear heyr\u00f0u \u00fea\u00f0, s\u00f6g\u00f0u \u00feeir: ekki rekur \u00feessi dj\u00f6fla \u00fat, nema me\u00f0 fulltingi dj\u00f6flah\u00f6f\u00f0ingjans Belseb\u00fals.<a name=\"25\"><span class=\"versanumer\">25<\/span><\/a>N\u00fa er Jes\u00fas s\u00e1 \u00feeirra hugrenningar, sag\u00f0i hann til \u00feeirra: hv\u00f6rt \u00fea\u00f0 r\u00edki, hvar innbyr\u00f0is sundur\u00feykki er, mun ey\u00f0ileggjast, og hv\u00f6r s\u00e1 sta\u00f0ur e\u00f0ur heimili, hvar innbyr\u00f0is sundur\u00feykki er, f\u00e6r ekki sta\u00f0ist.<a name=\"26\"><span class=\"versanumer\">26<\/span><\/a>Ef n\u00fa einn dj\u00f6full rekur annan \u00fat, \u00fe\u00e1 eru \u00feeir innbyr\u00f0is sundur\u00feykkir, og hv\u00f6rninn skyldi dj\u00f6fulsins r\u00edki \u00fe\u00e1 standast?<a name=\"27\"><span class=\"versanumer\">27<\/span><\/a>og ef eg rek dj\u00f6fla \u00fat me\u00f0 Belseb\u00fals fulltingi, fyrir hv\u00f6rs a\u00f0sto\u00f0 \u00fatreka \u00fe\u00e1 y\u00f0ar l\u00e6risveinar \u00fe\u00e1? \u00feeir skulu \u00fev\u00ed vera y\u00f0rir d\u00f3mendur.<a name=\"28\"><span class=\"versanumer\">28<\/span><\/a>En eg ef rek dj\u00f6fla \u00fat fyrir Gu\u00f0s Anda, \u00fe\u00e1 er Gu\u00f0s r\u00edki komi\u00f0 til y\u00f0ar.<a name=\"29\"><span class=\"versanumer\">29<\/span><\/a>Hv\u00f6r f\u00e6r brotist inn \u00ed h\u00fas ens sterka og r\u00e6nt h\u00fasb\u00fana\u00f0i hans, nema hann bindi hinn sterka \u00e1\u00f0ur, \u00fe\u00e1 fyrst getur hann r\u00e6nt h\u00fas hans.<a name=\"30\"><span class=\"versanumer\">30<\/span><\/a>Hv\u00f6r, sem ekki er me\u00f0 m\u00e9r, hann er m\u00f3ti m\u00e9r, og hv\u00f6r, sem ekki samansafnar me\u00f0 m\u00e9r, s\u00e1 sundurdreifir.<a name=\"31\"><span class=\"versanumer\">31<\/span><\/a>\u00deess vegna segi eg y\u00f0ur: a\u00f0 hv\u00f6rs kyns synd og gu\u00f0lastan kann m\u00f6nnum fyrirgefin a\u00f0 ver\u00f0a, en sm\u00e1narleg or\u00f0 gegn Andanum, munu m\u00f6nnum ekki fyrirgefast.<a name=\"32\"><span class=\"versanumer\">32<\/span><\/a>\u00de\u00f3tt einhv\u00f6r lasti Mannsins Son, kann honum \u00fea\u00f0 forl\u00e1ti\u00f0 a\u00f0 ver\u00f0a, en ef nokkur talar gegn heil\u00f6gum Anda, \u00fe\u00e1 mun honum \u00fea\u00f0 ekki fyrirgefast, hv\u00f6rki \u00ed \u00feessu n\u00e9 komanda l\u00edfi.<a name=\"33\"><span class=\"versanumer\">33<\/span><\/a>Ef tr\u00e9\u00f0 er gott, eru og \u00e1vextirnir g\u00f3\u00f0ir, en s\u00e9 \u00fea\u00f0 sl\u00e6mt, eru \u00e1vextirnir sl\u00e6mir; \u00fev\u00ed af \u00e1vextinum \u00feekkist tr\u00e9\u00f0.<a name=\"34\"><span class=\"versanumer\">34<\/span><\/a>\u00de\u00e9r n\u00f6\u00f0rukyn! hv\u00f6rninn skyldu\u00f0 \u00fe\u00e9r kunna gott a\u00f0 m\u00e6la, \u00fear \u00fe\u00e9r sj\u00e1lfir eru\u00f0 vondir? \u00fev\u00ed \u00fea\u00f0 m\u00e6lir munnurinn, sem hjarta\u00f0 hefir n\u00e6gt af.<a name=\"35\"><span class=\"versanumer\">35<\/span><\/a>G\u00f3\u00f0ur ma\u00f0ur framber illt \u00far vondum sj\u00f3\u00f0i.<a name=\"36\"><span class=\"versanumer\">36<\/span><\/a>Eg segi y\u00f0ur satt: fyrir hv\u00f6rt \u00fea\u00f0 illyr\u00f0i, er menn m\u00e6la, skulu \u00feeir \u00e1 d\u00f3msins degi reikningsskap l\u00faka;<a name=\"37\"><span class=\"versanumer\">37<\/span><\/a>\u00fev\u00ed af \u00fe\u00ednum or\u00f0um munt\u00fa s\u00fdkn e\u00f0ur sakfelldur ver\u00f0a. <br \/><a name=\"38\"><span class=\"versanumer\">38<\/span><\/a>\u00de\u00e1 s\u00f6g\u00f0u nokkrir skriftl\u00e6r\u00f0ir og far\u00edsear til hans: Meistari! v\u00e9r viljum gjarna sj\u00e1 teikn af \u00fe\u00e9r.<a name=\"39\"><span class=\"versanumer\">39<\/span><\/a>Hann m\u00e6lti: \u00feessi vonda og h\u00f3rsama \u00fej\u00f3\u00f0 bei\u00f0ist teikns, en henni skal ekki teikn gefast nema teikn J\u00f3nasar sp\u00e1manns;<a name=\"40\"><span class=\"versanumer\">40<\/span><\/a>\u00dev\u00ed eins og J\u00f3nas var \u00ed hvalfiskjarins kvi\u00f0i \u00ed \u00ferj\u00e1 daga og \u00ferj\u00e1r n\u00e6tur, svo mun og Mannsins Son vera \u00ed \u00ferj\u00e1 daga og \u00ferj\u00e1r n\u00e6tur \u00ed fylgsnum jar\u00f0ar.<a name=\"41\"><span class=\"versanumer\">41<\/span><\/a>Nin\u00edveborgarmenn munu framkoma \u00e1 degi d\u00f3msins me\u00f0 \u00fej\u00f3\u00f0 \u00feessari, og s\u00fdna a\u00f0 h\u00fan s\u00e9 straffs sek, \u00fev\u00ed \u00feeir gj\u00f6r\u00f0u umb\u00f3t vi\u00f0 kenningu J\u00f3nasar; og sj\u00e1i\u00f0! h\u00e9r er s\u00e1, sem honum er meiri.<a name=\"42\"><span class=\"versanumer\">42<\/span><\/a>Drottningin \u00far su\u00f0ur\u00e1tt mun framkoma \u00e1 d\u00f3msins degi gegn  \u00fej\u00f3\u00f0 \u00feessari og augl\u00fdsa hana straffs seka a\u00f0 vera; \u00fev\u00ed h\u00fan kom af fjarl\u00e6gu landi a\u00f0 heyra speki Sal\u00f3mons; en sj\u00e1i\u00f0! h\u00e9r er s\u00e1, sem honum er meiri.<a name=\"43\"><span class=\"versanumer\">43<\/span><\/a>N\u00e6r \u00f3hreinn andi fer \u00fat af nokkrum, \u00fe\u00e1 r\u00e1far hann um ey\u00f0imerkur, leitar h\u00edb\u00fdlis og finnur ekki;<a name=\"44\"><span class=\"versanumer\">44<\/span><\/a>\u00fe\u00e1 segir hann me\u00f0 s\u00e9r: eg vil aftur sn\u00faa til h\u00fass m\u00edns, hva\u00f0an eg f\u00f3r, og er hann kemur aftur, finnur hann \u00fea\u00f0 t\u00f3mt, s\u00f3pa\u00f0 og pr\u00fdtt;<a name=\"45\"><span class=\"versanumer\">45<\/span><\/a>\u00fe\u00e1 fer hann s\u00ed\u00f0an og tekur me\u00f0 s\u00e9r sj\u00f6 a\u00f0ra anda s\u00e9r ska\u00f0legri, og er \u00feeir eru \u00feanga\u00f0 innkomnir, byggja \u00feeir \u00fear; ver\u00f0ur svo \u00fea\u00f0 s\u00ed\u00f0ara \u00e1sigkomulag mannsins verra en hi\u00f0 fyrra. Eins mun fara fyrir \u00feessari vondu \u00fej\u00f3\u00f0. <br \/><a name=\"46\"><span class=\"versanumer\">46<\/span><\/a>\u00de\u00e1 er hann enn n\u00fa var a\u00f0 tala til l\u00fd\u00f0sins, st\u00f3\u00f0u m\u00f3\u00f0ir hans og br\u00e6\u00f0ur fyrir dyrum \u00fati og vildu m\u00e6la vi\u00f0 hann.<a name=\"47\"><span class=\"versanumer\">47<\/span><\/a>\u00de\u00e1 sag\u00f0i einhv\u00f6r honum: m\u00f3\u00f0ir \u00fe\u00edn og br\u00e6\u00f0ur \u00fe\u00ednir eru \u00fati og vilja tala vi\u00f0 \u00feig.<a name=\"48\"><span class=\"versanumer\">48<\/span><\/a>En hann sag\u00f0i vi\u00f0 \u00feann, er \u00feetta m\u00e6lti: hv\u00f6r er m\u00f3\u00f0ir m\u00edn og br\u00e6\u00f0ur m\u00ednir?<a name=\"49\"><span class=\"versanumer\">49<\/span><\/a>og v\u00edsa\u00f0i me\u00f0 h\u00f6ndinni til l\u00e6risveina sinna og sag\u00f0i: \u00feessir eru m\u00f3\u00f0ir m\u00edn og br\u00e6\u00f0ur m\u00ednir;<a name=\"50\"><span class=\"versanumer\">50<\/span><\/a>\u00fev\u00ed hv\u00f6r hann gj\u00f6rir vilja m\u00edns himneska F\u00f6\u00f0urs, hann er minn br\u00f3\u00f0ir, systir og m\u00f3\u00f0ir.<\/p>\n<div class=\"footnoteVidey\">K. 12,1\u20138. sbr. Mark. 2,23\u201328: L\u00fak. 6,1\u20135.  V. 3. 1 Sam. 21,6.  V. 4. 3 M\u00f3s. 24,9.  V. 5. Prestarnir unnu a\u00f0 f\u00f3rnf\u00e6ringum \u00e1 hv\u00edldard\u00f6gum, 4 M\u00f3s. 28,9.  V. 7. H\u00f3s. 6,12.  V. 9\u201321, sbr. Mark. 3,1\u20135. L\u00fak. 6,6\u201311.  V. 17. Esa. 42,1.  V. 22\u201332, sbr. L\u00fak. 11,14\u201323: Mark. 3,22\u201329, (L\u00fak. 12,10).  V. 23, a. Mess\u00edas.  V. 35. Sj\u00f3\u00f0i, \u00fe. e. sj\u00f3\u00f0i hjartans.  V. 39\u201342. sbr. L\u00fak. 11,29\u201332.  V. 43\u201345, sbr. L\u00fak. 11,24\u201325.  V. 46\u201350, sbr. Mark. 3,31\u201335. L\u00fak. 8,19\u201321.<\/div>\n","protected":false},"excerpt":{"rendered":"<p>L\u00e6risveinar Jes\u00fa t\u00edna korn\u00f6x \u00e1 hv\u00edldardegi, Jes\u00fas l\u00e6knar visna h\u00f6nd, l\u00e6knar dj\u00f6ful\u00f3\u00f0an, sem var blindur og m\u00e1llaus, og forsvarar sig fyrir \u00e1lasi far\u00edsea; \u00feeir krefja hann teikns. M\u00f3\u00f0ir hans og \u00e6ttingjar vilja tala vi\u00f0 hann. 1Einhv\u00f6rju sinni f\u00f3r Jes\u00fas \u00e1 hv\u00edldardegi me\u00f0 s\u00ednum l\u00e6risveinum, yfir s\u00e1\u00f0l\u00f6nd nokkur; en er l\u00e6risveina hans svengdi, t\u00f3ku \u00feeir til a\u00f0 t\u00edna korn\u00f6xin og eta.2\u00deegar farisear s\u00e1u \u00fea\u00f0, s\u00f6g\u00f0u \u00feeir til hans: sj\u00e1! l\u00e6risveinar \u00fe\u00ednir gj\u00f6ra \u00fea\u00f0, sem ekki leyfist \u00e1 hv\u00edldardegi.3Jes\u00fas m\u00e6lti: hafi\u00f0 \u00fe\u00e9r ekki lesi\u00f0, hva\u00f0 Dav\u00ed\u00f0 gj\u00f6r\u00f0i, \u00feegar hann var mat\u00feurfi og menn hans?4a\u00f0 hann gekk inn \u00ed Gu\u00f0s h\u00fas og neytti <a href=\"https:\/\/biblian.is\/videy\/matteusargudspjall-12-kafli\/\"> [&#8230;]<\/a><\/p>\n","protected":false},"author":1,"featured_media":0,"parent":0,"menu_order":0,"comment_status":"open","ping_status":"open","template":"bibliukaflar.php","meta":{"footnotes":""},"class_list":["post-21790","page","type-page","status-publish","hentry"],"_links":{"self":[{"href":"https:\/\/biblian.is\/videy\/wp-json\/wp\/v2\/pages\/21790","targetHints":{"allow":["GET"]}}],"collection":[{"href":"https:\/\/biblian.is\/videy\/wp-json\/wp\/v2\/pages"}],"about":[{"href":"https:\/\/biblian.is\/videy\/wp-json\/wp\/v2\/types\/page"}],"author":[{"embeddable":true,"href":"https:\/\/biblian.is\/videy\/wp-json\/wp\/v2\/users\/1"}],"replies":[{"embeddable":true,"href":"https:\/\/biblian.is\/videy\/wp-json\/wp\/v2\/comments?post=21790"}],"version-history":[{"count":0,"href":"https:\/\/biblian.is\/videy\/wp-json\/wp\/v2\/pages\/21790\/revisions"}],"wp:attachment":[{"href":"https:\/\/biblian.is\/videy\/wp-json\/wp\/v2\/media?parent=21790"}],"curies":[{"name":"wp","href":"https:\/\/api.w.org\/{rel}","templated":true}]}}