{"id":21787,"date":"2018-01-02T01:04:00","date_gmt":"2018-01-02T01:04:00","guid":{"rendered":"http:\/\/biblian.is\/videy\/matteusargudspjall-9-kafli\/"},"modified":"2018-01-02T01:04:00","modified_gmt":"2018-01-02T01:04:00","slug":"matteusargudspjall-9-kafli","status":"publish","type":"page","link":"https:\/\/biblian.is\/videy\/matteusargudspjall-9-kafli\/","title":{"rendered":"Matteusargu\u00f0spjall 9. kafli"},"content":{"rendered":"<div class=\"fyrirsognVidey\">Jes\u00fas l\u00e6knar visinn mann; kve\u00f0ur Matteus til fylgdar, og forsvarar sig og l\u00e6risveinana; l\u00e6knar bl\u00f3\u00f0fallssj\u00faka kvinnu, og uppvekur d\u00f3ttur Ja\u00edrusar; l\u00e6knar tvo blinda, og einn dj\u00f6ful\u00f3\u00f0an; aumkast yfir l\u00fd\u00f0inn.<\/div>\n<p><a name=\"1\"><span class=\"versanumer\">1<\/span><\/a>Hann steig \u00fe\u00e1 \u00e1 skip, f\u00f3r yfir um og kom \u00ed s\u00edna borg.<a name=\"2\"><span class=\"versanumer\">2<\/span><\/a>\u00de\u00e1 var f\u00e6r\u00f0ur til hans visinn ma\u00f0ur, sem l\u00e1 \u00ed rekkju; og er Jes\u00fas s\u00e1 tr\u00fa \u00feeirra, sag\u00f0i hann til hins visna: vert\u00fa hughraustur, sonur! \u00fe\u00ednar syndir eru \u00fe\u00e9r fyrirgefnar;<a name=\"3\"><span class=\"versanumer\">3<\/span><\/a>\u00feetta \u00e1litu nokkrir skriftl\u00e6r\u00f0ir a\u00f0 vera gu\u00f0l\u00f6stun;<a name=\"4\"><span class=\"versanumer\">4<\/span><\/a>og er Jes\u00fas var\u00f0 var vi\u00f0 hva\u00f0 \u00feeir hugsu\u00f0u, sag\u00f0i hann: \u00fev\u00ed hugsi\u00f0 \u00fe\u00e9r svo illt?<a name=\"5\"><span class=\"versanumer\">5<\/span><\/a>Hv\u00f6rt er au\u00f0veldara a\u00f0 segja: syndir \u00fe\u00ednar eru \u00fe\u00e9r fyrigefnar, e\u00f0ur a\u00f0 segja: statt upp og gakk?<a name=\"6\"><span class=\"versanumer\">6<\/span><\/a>En til \u00feess a\u00f0 \u00fe\u00e9r skuli\u00f0 vita, a\u00f0 Mannsins Sonur hefir vald til a\u00f0 fyrirgefa syndir \u00e1 j\u00f6r\u00f0unni, \u00fe\u00e1\u2014segir hann til hins visna\u2014statt upp, tak s\u00e6ng \u00fe\u00edna og gakk heim til \u00fe\u00edn,<a name=\"7\"><span class=\"versanumer\">7<\/span><\/a>og hann st\u00f3\u00f0 upp og f\u00f3r heim til s\u00edn.<a name=\"8\"><span class=\"versanumer\">8<\/span><\/a>\u00deegar f\u00f3lki\u00f0 s\u00e1 \u00feetta, undra\u00f0ist \u00fea\u00f0 og lofa\u00f0i Gu\u00f0, a\u00f0 hann hef\u00f0i gefi\u00f0 m\u00f6nnunum sl\u00edkt vald. <br \/><a name=\"9\"><span class=\"versanumer\">9<\/span><\/a>\u00deegar Jes\u00fas f\u00f3r \u00fea\u00f0an, s\u00e1 hann mann sitja hj\u00e1 tollb\u00fa\u00f0inni, Matteus a\u00f0 nafni; \u00feenna kvaddi hann til fylgdar vi\u00f0 sig; hann st\u00f3\u00f0 upp og fylgdi honum.<a name=\"10\"><span class=\"versanumer\">10<\/span><\/a>En svo bar til, er Jes\u00fas var a\u00f0 mat \u00ed h\u00fasi hans, a\u00f0 margir tollheimtarar og bersyndugir komu \u00feanga\u00f0, og m\u00f6tu\u00f0ust \u00fear me\u00f0 Jes\u00fa, og l\u00e6risveinum hans;<a name=\"11\"><span class=\"versanumer\">11<\/span><\/a>og er far\u00edsear s\u00e1u \u00fea\u00f0, s\u00f6g\u00f0u \u00feeir til l\u00e6risveina hans: \u00fev\u00ed matast L\u00e6rimeistari y\u00f0ar me\u00f0 tollheimturum og bersyndugum?<a name=\"12\"><span class=\"versanumer\">12<\/span><\/a>\u00deegar Jes\u00fas heyr\u00f0i \u00fea\u00f0, m\u00e6lti hann til \u00feeirra: ekki \u00feurfa heilbrig\u00f0ir l\u00e6knis vi\u00f0, heldur \u00feeir, sem vanheilir eru;<a name=\"13\"><span class=\"versanumer\">13<\/span><\/a>en fari\u00f0 \u00fe\u00e9r og nemi\u00f0 hva\u00f0 \u00fea\u00f0 \u00fe\u00fd\u00f0ir: \u201e\u00feekkari er m\u00e9r mannelska, en offur;\u201c \u00fev\u00ed ekki eg er kominn til a\u00f0 kalla r\u00e9ttl\u00e1ta heldur synduga til si\u00f0b\u00f3ta.<br \/><a name=\"14\"><span class=\"versanumer\">14<\/span><\/a>\u00de\u00e1 komu til hans l\u00e6risveinar J\u00f3hannesar, og spur\u00f0u: \u00fev\u00ed f\u00f6stum v\u00e9r og far\u00edsearnir svo oft, en \u00fe\u00ednir l\u00e6risveinar fasta ekki?<a name=\"15\"><span class=\"versanumer\">15<\/span><\/a>Jes\u00fas svara\u00f0i: \u00fea\u00f0 s\u00e6mir ekki a\u00f0 br\u00fa\u00f0mennirnir s\u00e9u me\u00f0 hryggu brag\u00f0i, me\u00f0an br\u00fa\u00f0guminn er me\u00f0 \u00feeim. En s\u00e1 t\u00edmi mun koma, a\u00f0 br\u00fa\u00f0guminn ver\u00f0ur numinn fr\u00e1 \u00feeim, og \u00fe\u00e1 munu \u00feeir fasta.<a name=\"16\"><span class=\"versanumer\">16<\/span><\/a>Enginn leggur n\u00fdja b\u00f3t \u00e1 gamalt fat, \u00fev\u00ed b\u00f3tin r\u00edfur fati\u00f0 og spj\u00f6llin ver\u00f0a verri;<a name=\"17\"><span class=\"versanumer\">17<\/span><\/a>ekki heldur eru menn vanir a\u00f0 koma n\u00fdju v\u00edni \u00ed gamla belgi, \u00fev\u00ed annars springa belgirnir, v\u00edni\u00f0 spillist, og belgirnir \u00f3n\u00fdtast. Heldur er n\u00fdtt v\u00edn l\u00e1ti\u00f0 \u00ed n\u00fdja belgi, og er \u00fe\u00e1 hv\u00f6rttveggja vel geymt. <br \/><a name=\"18\"><span class=\"versanumer\">18<\/span><\/a>En er hann var \u00feetta a\u00f0 tala, kom inn til hans h\u00f6f\u00f0ingi nokkur, tilba\u00f0 hann og sag\u00f0i: d\u00f3ttir m\u00edn er n\u00fddau\u00f0, kom \u00fe\u00fa og legg h\u00f6nd yfir hana, \u00fe\u00e1 mun h\u00fan lifna.<a name=\"19\"><span class=\"versanumer\">19<\/span><\/a>Jes\u00fas f\u00f3r me\u00f0 honum og l\u00e6risveinar hans;<a name=\"20\"><span class=\"versanumer\">20<\/span><\/a>og sj\u00e1! \u00fe\u00e1 kom kona nokkur, sem haf\u00f0i haft bl\u00f3\u00f0fall \u00ed t\u00f3lf \u00e1r, a\u00f0 baki honum og snart fald hans kl\u00e6\u00f0a;<a name=\"21\"><span class=\"versanumer\">21<\/span><\/a>\u00fev\u00ed h\u00fan sag\u00f0i me\u00f0 sj\u00e1lfri s\u00e9r: ef eg a\u00f0eins f\u00e6 snorti\u00f0 yfirh\u00f6fn hans, \u00fe\u00e1 mun m\u00e9r batna;<a name=\"22\"><span class=\"versanumer\">22<\/span><\/a>en Jes\u00fas snerist vi\u00f0, og \u00fe\u00e1 hann leit hana, sag\u00f0i hann: vertu hughraust, d\u00f3ttir! tr\u00fa \u00fe\u00edn hefir hj\u00e1lpa\u00f0 \u00fe\u00e9r, og var\u00f0 h\u00fan strax heilbrig\u00f0.<a name=\"23\"><span class=\"versanumer\">23<\/span><\/a>N\u00fa er hann kom \u00ed h\u00fas h\u00f6f\u00f0ingjans, og s\u00e1 \u00fear p\u00edpara, og \u00feys f\u00f3lksins,<a name=\"24\"><span class=\"versanumer\">24<\/span><\/a>sag\u00f0i hann til \u00feeirra: Fari\u00f0 \u00fe\u00e9r \u00ed burtu! ekki er st\u00falkan dau\u00f0, heldur sefur h\u00fan, en \u00feeir hl\u00f3gu a\u00f0 honum.<a name=\"25\"><span class=\"versanumer\">25<\/span><\/a>En \u00fe\u00e1 b\u00fai\u00f0 var a\u00f0 r\u00fdma f\u00f3lkinu \u00fat, gekk hann inn, og t\u00f3k \u00ed h\u00f6nd henni, og reis \u00fe\u00e1 st\u00falkan upp;<a name=\"26\"><span class=\"versanumer\">26<\/span><\/a>og barst fregnin um \u00feetta \u00fat um allt \u00fea\u00f0 h\u00e9ra\u00f0. <br \/><a name=\"27\"><span class=\"versanumer\">27<\/span><\/a>\u00deegar Jes\u00fas f\u00f3r \u00fea\u00f0an, fylgdu honum tveir menn blindir; \u00feeir k\u00f6llu\u00f0u \u00feannig: Jes\u00fa! ni\u00f0ji Dav\u00ed\u00f0s, miskunna \u00fe\u00fa okkur!<a name=\"28\"><span class=\"versanumer\">28<\/span><\/a>En er hann var kominn til h\u00fass, komu \u00feeir blindu til hans. Jes\u00fas sag\u00f0i til \u00feeirra: tr\u00fai\u00f0 \u00fe\u00e9r, a\u00f0 eg geti \u00feetta gj\u00f6rt? \u00feeir s\u00f6g\u00f0u: j\u00e1, Herra!<a name=\"29\"><span class=\"versanumer\">29<\/span><\/a>\u00de\u00e1 snart hann augu \u00feeirra og m\u00e6lti: ver\u00f0i ykkur a\u00f0 tr\u00fa ykkar!<a name=\"30\"><span class=\"versanumer\">30<\/span><\/a>Og augu \u00feeirra opnu\u00f0ust; \u00fe\u00e1 lag\u00f0i Jes\u00fas r\u00edkt \u00e1 vi\u00f0 \u00fe\u00e1, a\u00f0 segja engum manni fr\u00e1 \u00feessu.<a name=\"31\"><span class=\"versanumer\">31<\/span><\/a>En strax, sem \u00feeir v\u00f3ru komnir \u00fat, b\u00e1ru \u00feeir hans or\u00f0st\u00edr \u00fat um allt \u00fea\u00f0 h\u00e9ra\u00f0. <br \/><a name=\"32\"><span class=\"versanumer\">32<\/span><\/a>\u00deegar \u00feeir v\u00f3ru \u00ed burt farnir, var f\u00e6r\u00f0ur til hans ma\u00f0ur nokkur m\u00e1llaus, dj\u00f6ful\u00f3\u00f0ur;<a name=\"33\"><span class=\"versanumer\">33<\/span><\/a>og er dj\u00f6fullinn var \u00fatrekinn, f\u00e9kk s\u00e1 m\u00e1li\u00f0, er m\u00e1llaus var. \u00deetta undra\u00f0ist f\u00f3lki\u00f0 og m\u00e6lti: aldrei hefir \u00fev\u00edl\u00edkt s\u00e9st me\u00f0al \u00cdsraels manna.<a name=\"34\"><span class=\"versanumer\">34<\/span><\/a>En far\u00edsearnir s\u00f6g\u00f0u: a\u00f0 hann r\u00e6ki dj\u00f6fla \u00fat me\u00f0 hj\u00e1lp dj\u00f6fla h\u00f6f\u00f0ingjans. <br \/><a name=\"35\"><span class=\"versanumer\">35<\/span><\/a>S\u00ed\u00f0an f\u00f3r Jes\u00fas um allar borgir og \u00feorp, kenndi \u00ed samkundum \u00feeirra, og flutti gle\u00f0ibo\u00f0skapinn um Gu\u00f0s r\u00edki; hann l\u00e6kna\u00f0i alls kyns sj\u00fakd\u00f3ma og krankleika;<a name=\"36\"><span class=\"versanumer\">36<\/span><\/a>en er hann s\u00e1 f\u00f3lki\u00f0, kenndi hann \u00ed brj\u00f3sti um \u00fea\u00f0, \u00fev\u00ed \u00fea\u00f0 var \u00fej\u00e1\u00f0 og hir\u00f0ingarlaust, sem s\u00fa hj\u00f6r\u00f0, er engan hir\u00f0ir hefir.<a name=\"37\"><span class=\"versanumer\">37<\/span><\/a>\u00de\u00e1 sag\u00f0i hann vi\u00f0 l\u00e6risveina s\u00edna: kornskeran er a\u00f0 s\u00f6nnu mikil, en verkamennirnir f\u00e1ir;<a name=\"38\"><span class=\"versanumer\">38<\/span><\/a>bi\u00f0ji\u00f0 \u00fev\u00ed Herrann kornskerunnar, a\u00f0 hann vilji senda verkamenn til sinnar kornskeru.<\/p>\n<div class=\"footnoteVidey\">V. 1\u20138. Sbr. Mark. 2,1\u201312. L\u00fak. 5,17\u201326. s\u00edna borg, \u00fe. e. Kapernaum.  V. 9\u201317. Sbr. Mark. 2,13\u201322. L\u00fak. 5,17\u201339.  V. 13. H\u00f3s. 6,6.  V. 18\u201326, sbr. Mark. 5,22\u201343. L\u00fak. 8,41\u201356.  V. 34, sbr. Matt 12,34.  V. 37, sbr. L\u00fak. 10,2.<\/div>\n","protected":false},"excerpt":{"rendered":"<p>Jes\u00fas l\u00e6knar visinn mann; kve\u00f0ur Matteus til fylgdar, og forsvarar sig og l\u00e6risveinana; l\u00e6knar bl\u00f3\u00f0fallssj\u00faka kvinnu, og uppvekur d\u00f3ttur Ja\u00edrusar; l\u00e6knar tvo blinda, og einn dj\u00f6ful\u00f3\u00f0an; aumkast yfir l\u00fd\u00f0inn. 1Hann steig \u00fe\u00e1 \u00e1 skip, f\u00f3r yfir um og kom \u00ed s\u00edna borg.2\u00de\u00e1 var f\u00e6r\u00f0ur til hans visinn ma\u00f0ur, sem l\u00e1 \u00ed rekkju; og er Jes\u00fas s\u00e1 tr\u00fa \u00feeirra, sag\u00f0i hann til hins visna: vert\u00fa hughraustur, sonur! \u00fe\u00ednar syndir eru \u00fe\u00e9r fyrirgefnar;3\u00feetta \u00e1litu nokkrir skriftl\u00e6r\u00f0ir a\u00f0 vera gu\u00f0l\u00f6stun;4og er Jes\u00fas var\u00f0 var vi\u00f0 hva\u00f0 \u00feeir hugsu\u00f0u, sag\u00f0i hann: \u00fev\u00ed hugsi\u00f0 \u00fe\u00e9r svo illt?5Hv\u00f6rt er au\u00f0veldara a\u00f0 segja: syndir \u00fe\u00ednar eru \u00fe\u00e9r <a href=\"https:\/\/biblian.is\/videy\/matteusargudspjall-9-kafli\/\"> [&#8230;]<\/a><\/p>\n","protected":false},"author":1,"featured_media":0,"parent":0,"menu_order":0,"comment_status":"open","ping_status":"open","template":"bibliukaflar.php","meta":{"footnotes":""},"class_list":["post-21787","page","type-page","status-publish","hentry"],"_links":{"self":[{"href":"https:\/\/biblian.is\/videy\/wp-json\/wp\/v2\/pages\/21787","targetHints":{"allow":["GET"]}}],"collection":[{"href":"https:\/\/biblian.is\/videy\/wp-json\/wp\/v2\/pages"}],"about":[{"href":"https:\/\/biblian.is\/videy\/wp-json\/wp\/v2\/types\/page"}],"author":[{"embeddable":true,"href":"https:\/\/biblian.is\/videy\/wp-json\/wp\/v2\/users\/1"}],"replies":[{"embeddable":true,"href":"https:\/\/biblian.is\/videy\/wp-json\/wp\/v2\/comments?post=21787"}],"version-history":[{"count":0,"href":"https:\/\/biblian.is\/videy\/wp-json\/wp\/v2\/pages\/21787\/revisions"}],"wp:attachment":[{"href":"https:\/\/biblian.is\/videy\/wp-json\/wp\/v2\/media?parent=21787"}],"curies":[{"name":"wp","href":"https:\/\/api.w.org\/{rel}","templated":true}]}}