{"id":21786,"date":"2018-01-02T01:04:00","date_gmt":"2018-01-02T01:04:00","guid":{"rendered":"http:\/\/biblian.is\/videy\/matteusargudspjall-8-kafli\/"},"modified":"2018-01-02T01:04:00","modified_gmt":"2018-01-02T01:04:00","slug":"matteusargudspjall-8-kafli","status":"publish","type":"page","link":"https:\/\/biblian.is\/videy\/matteusargudspjall-8-kafli\/","title":{"rendered":"Matteusargu\u00f0spjall 8. kafli"},"content":{"rendered":"<div class=\"fyrirsognVidey\">Jes\u00fas l\u00e6knar l\u00edk\u00fer\u00e1an mann, \u00fej\u00f3n hundra\u00f0sh\u00f6f\u00f0ingjans, m\u00f3\u00f0ur konu P\u00e9turs og fleiri sj\u00faka; talar um \u00f6r\u00f0ugleika vi\u00f0 \u00fea\u00f0, a\u00f0 fylgja s\u00e9r; kyrrir vind og sj\u00f3, \u00fatrekur dj\u00f6fla.<\/div>\n<p><a name=\"1\"><span class=\"versanumer\">1<\/span><\/a>En er hann gekk ni\u00f0ur af fjallinu, fylgdi honum mikill fj\u00f6ldi f\u00f3lks;<a name=\"2\"><span class=\"versanumer\">2<\/span><\/a>\u00fe\u00e1 kom til hans l\u00edk\u00fer\u00e1r ma\u00f0ur, tilba\u00f0 hann og m\u00e6lti: Herra! ef \u00fe\u00fa vilt, getur \u00fe\u00fa hreinsa\u00f0 mig;<a name=\"3\"><span class=\"versanumer\">3<\/span><\/a>\u00fe\u00e1 r\u00e9tti Jes\u00fas \u00fat h\u00f6ndina, snerti hann og sag\u00f0i: eg vil, vert\u00fa hreinn;<a name=\"4\"><span class=\"versanumer\">4<\/span><\/a>og strax var\u00f0 hann hreinn af l\u00edk\u00fer\u00e1 sinni.<a name=\"5\"><span class=\"versanumer\">5<\/span><\/a>\u00de\u00e1 sag\u00f0i Jes\u00fas vi\u00f0 hann: varast\u00fa a\u00f0 segja \u00feetta nokkrum, heldur far og s\u00fdn \u00feig prestinum, og offra \u00feeirri g\u00e1fu, sem M\u00f3ses bau\u00f0, \u00f6\u00f0rum til sannindamerkis. <br \/><a name=\"6\"><span class=\"versanumer\">6<\/span><\/a>\u00deegar hann kom inn \u00ed Kapernaum, kom til hans hundra\u00f0sh\u00f6f\u00f0ingi nokkur, og t\u00f3k svo til or\u00f0a: \u00fej\u00f3n minn liggur heima visinn, og er mj\u00f6g \u00feungt haldinn.<a name=\"7\"><span class=\"versanumer\">7<\/span><\/a>Jes\u00fas sag\u00f0i: eg skal koma og l\u00e6kna hann;<a name=\"8\"><span class=\"versanumer\">8<\/span><\/a>\u00fe\u00e1 svara\u00f0i hundra\u00f0sh\u00f6f\u00f0inginn: Herra! ekki er eg ver\u00f0ur \u00feess, a\u00f0 \u00fe\u00fa gangir inn undir mitt \u00feak. Bj\u00f3\u00f0 \u00fe\u00fa a\u00f0eins me\u00f0 einu or\u00f0i, og mun minn \u00fej\u00f3n heill ver\u00f0a.<a name=\"9\"><span class=\"versanumer\">9<\/span><\/a>\u00dev\u00ed n\u00e6r eg, sem er yfirvaldi undirgefinn og hefi a\u00f0 r\u00e1\u00f0a yfir str\u00ed\u00f0sm\u00f6nnum, b\u00fd\u00f0 einum \u00feeirra a\u00f0 fara, \u00fe\u00e1 fer hann, og \u00f6\u00f0rum a\u00f0 koma, \u00fe\u00e1 kemur hann, e\u00f0a \u00fer\u00e6li m\u00ednum a\u00f0 gj\u00f6ra eitthva\u00f0, \u00fe\u00e1 gj\u00f6rir hann \u00fea\u00f0.<a name=\"10\"><span class=\"versanumer\">10<\/span><\/a>\u00deegar Jes\u00fas heyr\u00f0i \u00feetta, undra\u00f0ist hann og m\u00e6lti vi\u00f0 \u00fe\u00e1, sem fylgdu honum: sannlega segi eg y\u00f0ur, a\u00f0 sl\u00edka tr\u00fa hefi eg ekki fundi\u00f0 me\u00f0al Gy\u00f0inga;<a name=\"11\"><span class=\"versanumer\">11<\/span><\/a>en \u00fe\u00e9r skulu\u00f0 vita, a\u00f0 margir munu koma a\u00f0 austan og vestan, og sitja til bor\u00f0s me\u00f0 Abraham, \u00cdsak og Jakob \u00ed r\u00edki himnanna;<a name=\"12\"><span class=\"versanumer\">12<\/span><\/a>en \u00feeir, sem \u00feetta r\u00edki var \u00e6tla\u00f0, munu ver\u00f0a reknir \u00ed myrkri\u00f0 fyrir utan, hvar vera mun gr\u00e1tur og gn\u00edstur tanna.<a name=\"13\"><span class=\"versanumer\">13<\/span><\/a>S\u00ed\u00f0an sag\u00f0i Jes\u00fas vi\u00f0 hundra\u00f0sh\u00f6f\u00f0ingjann: far \u00fe\u00fa heim, ver\u00f0i \u00fe\u00e9r eftir tr\u00fa \u00feinni, og samstundis var\u00f0 \u00fej\u00f3n hans heilbrig\u00f0ur. <br \/><a name=\"14\"><span class=\"versanumer\">14<\/span><\/a>S\u00ed\u00f0an kom Jes\u00fas \u00ed h\u00fas P\u00e9turs, og s\u00e1 \u00fear m\u00f3\u00f0ur konu hans; h\u00fan l\u00e1 sj\u00fak af k\u00f6ldu;<a name=\"15\"><span class=\"versanumer\">15<\/span><\/a>t\u00f3k hann \u00fe\u00e1 \u00ed h\u00f6nd henni, og \u00fe\u00e1 yfirgaf kaldan hana, en h\u00fan f\u00f3r \u00e1 f\u00e6tur og bar \u00feeim mat.<a name=\"16\"><span class=\"versanumer\">16<\/span><\/a>Um kv\u00f6ldi\u00f0 f\u00e6r\u00f0u \u00feeir til hans marga dj\u00f6ful\u00f3\u00f0a, og rak hann andana \u00fat me\u00f0 or\u00f0i einu og alla \u00fe\u00e1, sem sj\u00fakir voru, l\u00e6kna\u00f0i hann;<a name=\"17\"><span class=\"versanumer\">17<\/span><\/a>sanna\u00f0ist \u00fe\u00e1 \u00fea\u00f0, sem sp\u00e1ma\u00f0urinn Esajas sag\u00f0i: \u201ehann burtt\u00f3k vor krankd\u00e6mi, og bar vorn sj\u00fakleika.\u201c<br \/><a name=\"18\"><span class=\"versanumer\">18<\/span><\/a>En \u00feegar Jes\u00fas s\u00e1 fj\u00f6lda f\u00f3lks hj\u00e1 s\u00e9r, bau\u00f0 hann a\u00f0 fara yfir um sj\u00f3inn;<a name=\"19\"><span class=\"versanumer\">19<\/span><\/a>\u00fe\u00e1 kom einn skriftl\u00e6r\u00f0ur til hans og sag\u00f0i vi\u00f0 hann: Meistari! eg vil fylgja \u00fe\u00e9r hv\u00f6rt sem \u00fe\u00fa fer.<a name=\"20\"><span class=\"versanumer\">20<\/span><\/a>Jes\u00fas m\u00e6lti: refar hafa holur og fuglar himinsins sk\u00fdli, en Mannsins Sonur hefir hv\u00f6rgi h\u00f6f\u00f0i s\u00ednu a\u00f0 halla.<a name=\"21\"><span class=\"versanumer\">21<\/span><\/a>Annar ma\u00f0ur, sem var einn af l\u00e6risveinum hans, sag\u00f0i til hans: Herra! leyf m\u00e9r fyrst a\u00f0 fara og grafa f\u00f6\u00f0ur minn.<a name=\"22\"><span class=\"versanumer\">22<\/span><\/a>Jes\u00fas m\u00e6lti: fylg \u00fe\u00fa m\u00e9r, og l\u00e1t \u00fe\u00e1 dau\u00f0u <span class='VideyAth'>a)<\/span> grafa s\u00edna dau\u00f0u. <br \/><a name=\"23\"><span class=\"versanumer\">23<\/span><\/a>S\u00ed\u00f0an steig hann \u00e1 skip og l\u00e6risveinar hans me\u00f0 honum;<a name=\"24\"><span class=\"versanumer\">24<\/span><\/a>gj\u00f6r\u00f0i \u00fe\u00e1 svo mikinn storm, a\u00f0 skipi\u00f0 huldi af bylgjunum, en hann svaf;<a name=\"25\"><span class=\"versanumer\">25<\/span><\/a>\u00fe\u00e1 gengu l\u00e6risveinarnir til hans og v\u00f6ktu hann og s\u00f6g\u00f0u: hj\u00e1lpa \u00fe\u00fa oss, Herra! v\u00e9r forg\u00f6ngum.<a name=\"26\"><span class=\"versanumer\">26<\/span><\/a>En hann svara\u00f0i: hv\u00ed eru\u00f0 \u00fe\u00e9r svo hr\u00e6ddir? \u00fe\u00e9r, tr\u00faarveiku! \u00dev\u00ed n\u00e6st st\u00f3\u00f0 hann upp og hasta\u00f0i \u00e1 vindinn og sj\u00f3inn; var\u00f0 \u00fe\u00e1 bl\u00ed\u00f0a logn.<a name=\"27\"><span class=\"versanumer\">27<\/span><\/a>\u00deetta undru\u00f0ust menn mj\u00f6g og s\u00f6g\u00f0u: hv\u00edl\u00edkur er \u00feessi, a\u00f0 b\u00e6\u00f0i ve\u00f0ur og sj\u00f3r hl\u00fd\u00f0a honum? <br \/><a name=\"28\"><span class=\"versanumer\">28<\/span><\/a>\u00deegar hann kom yfir um \u00ed h\u00e9ra\u00f0 Gergesumanna, hlupu \u00ed m\u00f3ti honum tveir menn dj\u00f6ful\u00f3\u00f0ir, sem komu \u00far gr\u00f6fum dau\u00f0ra manna, svo \u00f3lmir, a\u00f0 engum var f\u00e6rt a\u00f0 fara \u00feann veg.<a name=\"29\"><span class=\"versanumer\">29<\/span><\/a>Og sj\u00e1! \u00feeir hrinu upp og s\u00f6g\u00f0u: hva\u00f0 h\u00f6fum v\u00e9r og \u00fe\u00fa, Gu\u00f0s Son! saman a\u00f0 s\u00e6lda? Ert\u00fa kominn hinga\u00f0, \u00e1\u00f0ur en t\u00edmi er til, a\u00f0 kvelja okkur?<a name=\"30\"><span class=\"versanumer\">30<\/span><\/a>En svo st\u00f3\u00f0 \u00e1, a\u00f0 st\u00f3r hj\u00f6r\u00f0 sv\u00edna var \u00e1 beit langt \u00fea\u00f0an.<a name=\"31\"><span class=\"versanumer\">31<\/span><\/a>Dj\u00f6flarnir b\u00e1\u00f0u hann \u00fe\u00e1: ef \u00fe\u00fa \u00e6tlar a\u00f0 reka oss \u00fat, \u00fe\u00e1 leyf oss a\u00f0 fara \u00ed sv\u00ednahj\u00f6r\u00f0ina.<a name=\"32\"><span class=\"versanumer\">32<\/span><\/a>Hann segir: fari\u00f0 \u00fei\u00f0! \u00feeir f\u00f3ru \u00fat, og \u00ed sv\u00ednin; \u00e6r\u00f0ist \u00fe\u00e1 hj\u00f6r\u00f0in og steypti s\u00e9r ofan fyrir hengflug \u00ed sj\u00f3inn og t\u00fdndist \u00fear.<a name=\"33\"><span class=\"versanumer\">33<\/span><\/a>En \u00feeir, er sv\u00ednanna g\u00e6ttu, fl\u00fd\u00f0u til borgarinnar, og s\u00f6g\u00f0u \u00fear allt, sem fari\u00f0 haf\u00f0i, eins um \u00fe\u00e1 dj\u00f6ful\u00f3\u00f0u.<a name=\"34\"><span class=\"versanumer\">34<\/span><\/a>\u00de\u00e1 f\u00f3ru allir borgarmenn til m\u00f3ts vi\u00f0 Jes\u00fam, og \u00feegar \u00feeir fundu hann, b\u00e1\u00f0u \u00feeir hann a\u00f0 fara \u00e1 burt \u00far \u00feeirra landareign.<\/p>\n<div class=\"footnoteVidey\">V. 2\u20135. Sbr. Mark. 1,40\u201345. L\u00fak. 4,12\u201316.  V. 5. 3 M\u00f3s. 14,2\u201332.  V. 6\u201313, sbr. L\u00fak. 7,2\u201310.  V. 9. Sj\u00fakd\u00f3marnir munu hl\u00fd\u00f0a Jes\u00fa, eins og str\u00ed\u00f0smenn yfirbo\u00f0ara s\u00ednum.  V. 14\u201317, sbr Mark. 1,21\u201334. L\u00fak. 4,31\u201341.  V. 17, sbr. Esaj. 53,4.  V. 18\u201322, sbr. L\u00fak. 9,57\u201361.  V. 20. Dan. 7,13.  V. 22. a. \u00de. e. \u00fe\u00e1 holdlega sinnu\u00f0u.  V. 23\u201327, sbr. Mark. 4,35\u201341. L\u00fak. 8,22\u201325.  V. 28\u201334, sbr. Mark. 5,1\u201320. L\u00fak. 8,26\u201339.<\/div>\n","protected":false},"excerpt":{"rendered":"<p>Jes\u00fas l\u00e6knar l\u00edk\u00fer\u00e1an mann, \u00fej\u00f3n hundra\u00f0sh\u00f6f\u00f0ingjans, m\u00f3\u00f0ur konu P\u00e9turs og fleiri sj\u00faka; talar um \u00f6r\u00f0ugleika vi\u00f0 \u00fea\u00f0, a\u00f0 fylgja s\u00e9r; kyrrir vind og sj\u00f3, \u00fatrekur dj\u00f6fla. 1En er hann gekk ni\u00f0ur af fjallinu, fylgdi honum mikill fj\u00f6ldi f\u00f3lks;2\u00fe\u00e1 kom til hans l\u00edk\u00fer\u00e1r ma\u00f0ur, tilba\u00f0 hann og m\u00e6lti: Herra! ef \u00fe\u00fa vilt, getur \u00fe\u00fa hreinsa\u00f0 mig;3\u00fe\u00e1 r\u00e9tti Jes\u00fas \u00fat h\u00f6ndina, snerti hann og sag\u00f0i: eg vil, vert\u00fa hreinn;4og strax var\u00f0 hann hreinn af l\u00edk\u00fer\u00e1 sinni.5\u00de\u00e1 sag\u00f0i Jes\u00fas vi\u00f0 hann: varast\u00fa a\u00f0 segja \u00feetta nokkrum, heldur far og s\u00fdn \u00feig prestinum, og offra \u00feeirri g\u00e1fu, sem M\u00f3ses bau\u00f0, \u00f6\u00f0rum til sannindamerkis. 6\u00deegar <a href=\"https:\/\/biblian.is\/videy\/matteusargudspjall-8-kafli\/\"> [&#8230;]<\/a><\/p>\n","protected":false},"author":1,"featured_media":0,"parent":0,"menu_order":0,"comment_status":"open","ping_status":"open","template":"bibliukaflar.php","meta":{"footnotes":""},"class_list":["post-21786","page","type-page","status-publish","hentry"],"_links":{"self":[{"href":"https:\/\/biblian.is\/videy\/wp-json\/wp\/v2\/pages\/21786","targetHints":{"allow":["GET"]}}],"collection":[{"href":"https:\/\/biblian.is\/videy\/wp-json\/wp\/v2\/pages"}],"about":[{"href":"https:\/\/biblian.is\/videy\/wp-json\/wp\/v2\/types\/page"}],"author":[{"embeddable":true,"href":"https:\/\/biblian.is\/videy\/wp-json\/wp\/v2\/users\/1"}],"replies":[{"embeddable":true,"href":"https:\/\/biblian.is\/videy\/wp-json\/wp\/v2\/comments?post=21786"}],"version-history":[{"count":0,"href":"https:\/\/biblian.is\/videy\/wp-json\/wp\/v2\/pages\/21786\/revisions"}],"wp:attachment":[{"href":"https:\/\/biblian.is\/videy\/wp-json\/wp\/v2\/media?parent=21786"}],"curies":[{"name":"wp","href":"https:\/\/api.w.org\/{rel}","templated":true}]}}