{"id":21785,"date":"2018-01-02T01:04:00","date_gmt":"2018-01-02T01:04:00","guid":{"rendered":"http:\/\/biblian.is\/videy\/matteusargudspjall-7-kafli\/"},"modified":"2018-01-02T01:04:00","modified_gmt":"2018-01-02T01:04:00","slug":"matteusargudspjall-7-kafli","status":"publish","type":"page","link":"https:\/\/biblian.is\/videy\/matteusargudspjall-7-kafli\/","title":{"rendered":"Matteusargu\u00f0spjall 7. kafli"},"content":{"rendered":"<div class=\"fyrirsognVidey\">Jes\u00fas varar vi\u00f0 \u00f3mildum d\u00f3mum; talar um b\u00e6n; um kjarna l\u00f6gm\u00e1lsins, um veginn til l\u00edfsins, um falssp\u00e1menn og hr\u00e6snara.<\/div>\n<p><a name=\"1\"><span class=\"versanumer\">1<\/span><\/a>Veri\u00f0 ekki \u00f3mildir \u00ed d\u00f3mum y\u00f0ar um a\u00f0ra, a\u00f0 ei d\u00e6mi \u00feeir eins um y\u00f0ur;<a name=\"2\"><span class=\"versanumer\">2<\/span><\/a>\u00fev\u00ed l\u00edkur d\u00f3mur og \u00fe\u00e9r felli\u00f0 yfir \u00f6\u00f0rum, mun yfir y\u00f0ur felldur ver\u00f0a, og eins og \u00fe\u00e9r m\u00e6li\u00f0 \u00f6\u00f0rum, munu \u00feeir aftur m\u00e6la y\u00f0ur.<a name=\"3\"><span class=\"versanumer\">3<\/span><\/a>Hv\u00f6rnig s\u00e9r \u00fe\u00fa fl\u00edsina \u00ed \u00fe\u00edns br\u00f3\u00f0urs auga, en g\u00e6tir ekki \u00feess bj\u00e1lkans, sem er \u00ed \u00fe\u00ednu eigin auga?<a name=\"4\"><span class=\"versanumer\">4<\/span><\/a>E\u00f0a hv\u00f6rnin f\u00e6r \u00fe\u00fa sagt vi\u00f0 hann: l\u00e1tt\u00fa mig taka fl\u00edsina \u00far auga \u00fe\u00e9r, me\u00f0an bj\u00e1lki er \u00ed \u00fe\u00ednu eigin auga?<a name=\"5\"><span class=\"versanumer\">5<\/span><\/a>\u00de\u00fa hr\u00e6snari! drag fyrst bj\u00e1lkann \u00far \u00fe\u00ednu eigin auga, og sj\u00e1\u00f0u s\u00ed\u00f0an til a\u00f0 \u00fe\u00fa f\u00e1ir dregi\u00f0 fl\u00edsina \u00far \u00fe\u00edns br\u00f3\u00f0urs auga.<br \/><a name=\"6\"><span class=\"versanumer\">6<\/span><\/a>Kasti\u00f0 ekki helgid\u00f3mum fyrir hunda, n\u00e9 perlum y\u00f0ar fyrir sv\u00edn, a\u00f0 \u00feau ekki tro\u00f0i \u00fe\u00e6r f\u00f3tum, sn\u00faist s\u00ed\u00f0an a\u00f0 sj\u00e1lfum y\u00f0ur, og r\u00edfi y\u00f0ur \u00ed sundur. <br \/><a name=\"7\"><span class=\"versanumer\">7<\/span><\/a>Bi\u00f0ji\u00f0, \u00fe\u00e1 mun y\u00f0ur gefast; leiti\u00f0 \u00fe\u00e1 munu\u00f0 \u00fe\u00e9r finna; kn\u00fdi\u00f0 \u00e1, og \u00fe\u00e1 mun fyrir y\u00f0ur upploki\u00f0 ver\u00f0a;<a name=\"8\"><span class=\"versanumer\">8<\/span><\/a>\u00fev\u00ed hv\u00f6r sem bi\u00f0ur, hann \u00f6\u00f0last; hv\u00f6r, er leitar, hann finnur; og hv\u00f6r, er \u00e1 kn\u00fdr, fyrir honum mun upploki\u00f0 ver\u00f0a.<a name=\"9\"><span class=\"versanumer\">9<\/span><\/a>E\u00f0ur er nokkur s\u00e1 af y\u00f0ur, sem g\u00e6fi syni s\u00ednum stein, ef hann b\u00e6\u00f0i um brau\u00f0;<a name=\"10\"><span class=\"versanumer\">10<\/span><\/a>e\u00f0a h\u00f6ggorm, ef hann b\u00e6\u00f0i um fisk?<a name=\"11\"><span class=\"versanumer\">11<\/span><\/a>Ef n\u00fa \u00fe\u00e9r, sem vondir eru\u00f0, t\u00edmi\u00f0 a\u00f0 gefa b\u00f6rnum y\u00f0ar g\u00f3\u00f0ar gjafir, hv\u00f6rsu miklu framar mun \u00fe\u00e1 ekki y\u00f0ar himneskur Fa\u00f0ir gefa \u00feeim g\u00f3\u00f0a hluti, sem bi\u00f0ja hann \u00feess?<a name=\"12\"><span class=\"versanumer\">12<\/span><\/a>Allt hva\u00f0 \u00fe\u00e9r vilji\u00f0 a\u00f0 mennirnir gj\u00f6ri y\u00f0ur, \u00fea\u00f0 skulu\u00f0 \u00fe\u00e9r og \u00feeim gj\u00f6ra; \u00feetta er kjarni l\u00f6gm\u00e1lsins og sp\u00e1mannanna. <br \/><a name=\"13\"><span class=\"versanumer\">13<\/span><\/a>Gangi\u00f0 um hi\u00f0 \u00fer\u00f6ngva hli\u00f0; \u00fev\u00ed \u00fea\u00f0 hli\u00f0 er v\u00edtt og s\u00e1 vegur er brei\u00f0ur, sem liggur til gl\u00f6tunar, og margir eru \u00feeir, sem hann ganga.<a name=\"14\"><span class=\"versanumer\">14<\/span><\/a>Hv\u00f6rsu er \u00fea\u00f0 hli\u00f0 \u00fer\u00f6ngt og mj\u00f3r s\u00e1 vegur, er til l\u00edfsins lei\u00f0ir, og f\u00e1ir \u00feeir, er hann rata?<a name=\"15\"><span class=\"versanumer\">15<\/span><\/a>G\u00e6ti\u00f0 y\u00f0ar fyrir falskennendum, sem koma til y\u00f0ar \u00ed sau\u00f0aham, en hi\u00f0 innra eru \u00feeir gr\u00e1\u00f0ugir vargar;<a name=\"16\"><span class=\"versanumer\">16<\/span><\/a>af \u00feeirra \u00e1v\u00f6xtum skulu\u00f0 \u00fe\u00e9r \u00feekkja \u00fe\u00e1; hv\u00f6rt geta menn lesi\u00f0 v\u00ednber af \u00feyrnum e\u00f0ur f\u00edkjur af \u00feistlum?<a name=\"17\"><span class=\"versanumer\">17<\/span><\/a>\u00deannig ber hv\u00f6rt gott tr\u00e9 g\u00f3\u00f0an \u00e1v\u00f6xt, en sl\u00e6mt tr\u00e9 sl\u00e6man \u00e1v\u00f6xt.<a name=\"18\"><span class=\"versanumer\">18<\/span><\/a>Gott tr\u00e9 getur ekki bori\u00f0 sl\u00e6man \u00e1v\u00f6xt, ekki heldur sl\u00e6mt tr\u00e9 g\u00f3\u00f0an \u00e1v\u00f6xt.<a name=\"19\"><span class=\"versanumer\">19<\/span><\/a>En hv\u00f6rt \u00fea\u00f0 tr\u00e9, sem ekki ber g\u00f3\u00f0an \u00e1v\u00f6xt, skal ver\u00f0a upph\u00f6ggvi\u00f0 og \u00ed eld kasta\u00f0;<a name=\"20\"><span class=\"versanumer\">20<\/span><\/a>\u00fear fyrir kunni\u00f0 \u00fe\u00e9r af \u00e1v\u00f6xtum \u00feeirra a\u00f0 \u00feekkja \u00fe\u00e1.<a name=\"21\"><span class=\"versanumer\">21<\/span><\/a>Ekki munu allir \u00feeir, sem til m\u00edn segja: Herra! Herra! koma \u00ed himnar\u00edki, heldur \u00feeir einir, sem gj\u00f6ra vilja m\u00edns himneska F\u00f6\u00f0urs.<a name=\"22\"><span class=\"versanumer\">22<\/span><\/a>\u00c1 \u00feeim degi munu margir segja til m\u00edn: Herra! Herra! h\u00f6fu\u00f0 v\u00e9r ekki \u00ed \u00fe\u00ednu umbo\u00f0i kennt, reki\u00f0 dj\u00f6fla \u00fat og gj\u00f6rt m\u00f6rg kraftaverk?<a name=\"23\"><span class=\"versanumer\">23<\/span><\/a>en eg mun segja \u00feeim berlega: aldrei \u00feekkta eg y\u00f0ur fyrir m\u00edna; fari\u00f0 fr\u00e1 m\u00e9r, \u00fe\u00e9r illgj\u00f6r\u00f0a menn!<a name=\"24\"><span class=\"versanumer\">24<\/span><\/a>Hv\u00f6r hann heyrir \u00feessa m\u00edna kenningu og breytir eftir henni, honum vil eg l\u00edkja vi\u00f0 forsj\u00e1lan mann, er bygg\u00f0i h\u00fas sitt \u00e1 bjargi;<a name=\"25\"><span class=\"versanumer\">25<\/span><\/a>n\u00fa kom steypiregn og vatnsfl\u00f3\u00f0, stormar risu og buldu \u00e1 \u00fev\u00ed h\u00fasi, en \u00fea\u00f0 f\u00e9ll samt ekki, \u00fev\u00ed \u00fea\u00f0 var grundvalla\u00f0 \u00e1 bjargi.<a name=\"26\"><span class=\"versanumer\">26<\/span><\/a>\u00dear \u00e1 m\u00f3t er s\u00e1, sem heyrir \u00feessa m\u00edna kenningu, og breytir ekki eftir henni, l\u00edkur heimskum manni, er bygg\u00f0i h\u00fas sitt \u00e1 sandi;<a name=\"27\"><span class=\"versanumer\">27<\/span><\/a>n\u00fa kom steypiregn og vatnsfl\u00f3\u00f0, stormar risu og dundu \u00e1 \u00fev\u00ed h\u00fasi, \u00fe\u00e1 f\u00e9ll \u00fea\u00f0, og \u00feess hrun var\u00f0 miki\u00f0. <br \/><a name=\"28\"><span class=\"versanumer\">28<\/span><\/a>\u00deegar Jes\u00fas haf\u00f0i loki\u00f0 \u00feessari r\u00e6\u00f0u, undra\u00f0ist l\u00fd\u00f0urinn mj\u00f6g yfir kenningu hans;<a name=\"29\"><span class=\"versanumer\">29<\/span><\/a>\u00fev\u00ed hann kenndi svo sem s\u00e1, er haf\u00f0i Gu\u00f0s umbo\u00f0 \u00e1 hendi, en ekki sem hinir skriftl\u00e6r\u00f0u.<\/p>\n<div class=\"footnoteVidey\">V. 7\u201312, sbr. L\u00fak. 11,9\u201313.  V. 22. \u00deeim degi, \u00fe. e. d\u00f3ms degi.<\/div>\n","protected":false},"excerpt":{"rendered":"<p>Jes\u00fas varar vi\u00f0 \u00f3mildum d\u00f3mum; talar um b\u00e6n; um kjarna l\u00f6gm\u00e1lsins, um veginn til l\u00edfsins, um falssp\u00e1menn og hr\u00e6snara. 1Veri\u00f0 ekki \u00f3mildir \u00ed d\u00f3mum y\u00f0ar um a\u00f0ra, a\u00f0 ei d\u00e6mi \u00feeir eins um y\u00f0ur;2\u00fev\u00ed l\u00edkur d\u00f3mur og \u00fe\u00e9r felli\u00f0 yfir \u00f6\u00f0rum, mun yfir y\u00f0ur felldur ver\u00f0a, og eins og \u00fe\u00e9r m\u00e6li\u00f0 \u00f6\u00f0rum, munu \u00feeir aftur m\u00e6la y\u00f0ur.3Hv\u00f6rnig s\u00e9r \u00fe\u00fa fl\u00edsina \u00ed \u00fe\u00edns br\u00f3\u00f0urs auga, en g\u00e6tir ekki \u00feess bj\u00e1lkans, sem er \u00ed \u00fe\u00ednu eigin auga?4E\u00f0a hv\u00f6rnin f\u00e6r \u00fe\u00fa sagt vi\u00f0 hann: l\u00e1tt\u00fa mig taka fl\u00edsina \u00far auga \u00fe\u00e9r, me\u00f0an bj\u00e1lki er \u00ed \u00fe\u00ednu eigin auga?5\u00de\u00fa hr\u00e6snari! drag fyrst bj\u00e1lkann \u00far <a href=\"https:\/\/biblian.is\/videy\/matteusargudspjall-7-kafli\/\"> [&#8230;]<\/a><\/p>\n","protected":false},"author":1,"featured_media":0,"parent":0,"menu_order":0,"comment_status":"open","ping_status":"open","template":"bibliukaflar.php","meta":{"footnotes":""},"class_list":["post-21785","page","type-page","status-publish","hentry"],"_links":{"self":[{"href":"https:\/\/biblian.is\/videy\/wp-json\/wp\/v2\/pages\/21785","targetHints":{"allow":["GET"]}}],"collection":[{"href":"https:\/\/biblian.is\/videy\/wp-json\/wp\/v2\/pages"}],"about":[{"href":"https:\/\/biblian.is\/videy\/wp-json\/wp\/v2\/types\/page"}],"author":[{"embeddable":true,"href":"https:\/\/biblian.is\/videy\/wp-json\/wp\/v2\/users\/1"}],"replies":[{"embeddable":true,"href":"https:\/\/biblian.is\/videy\/wp-json\/wp\/v2\/comments?post=21785"}],"version-history":[{"count":0,"href":"https:\/\/biblian.is\/videy\/wp-json\/wp\/v2\/pages\/21785\/revisions"}],"wp:attachment":[{"href":"https:\/\/biblian.is\/videy\/wp-json\/wp\/v2\/media?parent=21785"}],"curies":[{"name":"wp","href":"https:\/\/api.w.org\/{rel}","templated":true}]}}