{"id":21782,"date":"2018-01-02T01:04:00","date_gmt":"2018-01-02T01:04:00","guid":{"rendered":"http:\/\/biblian.is\/videy\/matteusargudspjall-4-kafli\/"},"modified":"2018-01-02T01:04:00","modified_gmt":"2018-01-02T01:04:00","slug":"matteusargudspjall-4-kafli","status":"publish","type":"page","link":"https:\/\/biblian.is\/videy\/matteusargudspjall-4-kafli\/","title":{"rendered":"Matteusargu\u00f0spjall 4. kafli"},"content":{"rendered":"<div class=\"fyrirsognVidey\">Jes\u00fa er freista\u00f0 af dj\u00f6flinum; Hann v\u00edkur burt fr\u00e1 J\u00fadeu og b\u00fdr \u00ed Kapernaum; kennir, kve\u00f0ur fj\u00f3ra l\u00e6risveina s\u00e9r til fylgdar, kennir s\u00ed\u00f0an og l\u00e6knar.<\/div>\n<p><a name=\"1\"><span class=\"versanumer\">1<\/span><\/a>Eftir \u00fea\u00f0 var Jes\u00fas leiddur af Anda \u00e1 ey\u00f0im\u00f6rku, a\u00f0 hann freista\u00f0ist af dj\u00f6flinum;<a name=\"2\"><span class=\"versanumer\">2<\/span><\/a>og er hann haf\u00f0i fasta\u00f0 fj\u00f6rut\u00edu daga og fj\u00f6rut\u00edu n\u00e6tur, t\u00f3k hann loks a\u00f0 hungra.<a name=\"3\"><span class=\"versanumer\">3<\/span><\/a>\u00de\u00e1 kom freistarinn til hans og sag\u00f0i: ef \u00fe\u00fa ert Gu\u00f0s Sonur, \u00fe\u00e1 bj\u00f3\u00f0 \u00fe\u00fa, a\u00f0 steinar \u00feessir ver\u00f0i a\u00f0 brau\u00f0um.<a name=\"4\"><span class=\"versanumer\">4<\/span><\/a>Jes\u00fas svara\u00f0i: skrifa\u00f0 stendur, \u201ema\u00f0urinn lifir ekki af einusaman brau\u00f0i, heldur af s\u00e9rhv\u00f6rju \u00fev\u00ed, sem Gu\u00f0 vill.\u201c<a name=\"5\"><span class=\"versanumer\">5<\/span><\/a>\u00deessu n\u00e6st t\u00f3k dj\u00f6fullinn hann me\u00f0 s\u00e9r \u00ed borgina helgu, og f\u00f3r me\u00f0 hann upp \u00e1 musterisburstina, og sag\u00f0i vi\u00f0 hann:<a name=\"6\"><span class=\"versanumer\">6<\/span><\/a>ef a\u00f0 \u00fe\u00fa ert Sonur Gu\u00f0s, \u00fe\u00e1 kasta \u00fe\u00e9r h\u00e9r ofan fyrir, \u00fev\u00ed skrifa\u00f0 er: \u201eGu\u00f0 mun bj\u00f3\u00f0a englum s\u00ednum a\u00f0 sj\u00e1 \u00fe\u00e9r borgi\u00f0, og \u00feeir munu bera \u00feig \u00e1 h\u00f6ndum s\u00e9r, a\u00f0 ekki steytir \u00fe\u00fa f\u00f3t \u00feinn vi\u00f0 steini.\u201c<a name=\"7\"><span class=\"versanumer\">7<\/span><\/a>Jes\u00fas svara\u00f0i honum: aftur stendur skrifa\u00f0: \u201eekki skalt\u00fa freista Drottins Gu\u00f0s \u00fe\u00edns.\u201c<a name=\"8\"><span class=\"versanumer\">8<\/span><\/a>Enn \u00e1 n\u00fd f\u00f3r dj\u00f6fullinn me\u00f0 hann upp \u00e1 ofurh\u00e1tt fjall, og s\u00fdndi honum \u00fea\u00f0an \u00f6ll r\u00edki veraldarinnar og \u00feeirra d\u00fdr\u00f0 og m\u00e6lti:<a name=\"9\"><span class=\"versanumer\">9<\/span><\/a>allt \u00feetta mun eg gefa \u00fe\u00e9r, ef \u00fe\u00fa fellur fram og tilbi\u00f0ur mig.<a name=\"10\"><span class=\"versanumer\">10<\/span><\/a>\u00de\u00e1 m\u00e6lti Jes\u00fas: far fr\u00e1 m\u00e9r Satan! \u00fev\u00ed svo er skrifa\u00f0: \u201eDrottin Gu\u00f0 \u00feinn skalt\u00fa tilbi\u00f0ja og honum einum \u00fej\u00f3na.\u201c<a name=\"11\"><span class=\"versanumer\">11<\/span><\/a>\u00de\u00e1 yfirgaf dj\u00f6fullinn hann, og sj\u00e1! englar komu og \u00fej\u00f3nu\u00f0u honum. <br \/><a name=\"12\"><span class=\"versanumer\">12<\/span><\/a>En sem Jes\u00fas heyr\u00f0i a\u00f0 J\u00f3hannes var settur \u00ed fangelsi, veik hann til Gal\u00edleu,<a name=\"13\"><span class=\"versanumer\">13<\/span><\/a>og f\u00f3r fr\u00e1 Nasaret, og settist a\u00f0 \u00ed Kapernaum, er liggur vi\u00f0 sj\u00e1vars\u00ed\u00f0una \u00e1 Sab\u00falons og Neftaleims landam\u00e6rum,<a name=\"14\"><span class=\"versanumer\">14<\/span><\/a>svo a\u00f0 r\u00e6ttist \u00fea\u00f0, sem sp\u00e1ma\u00f0urinn Esajas segir:<a name=\"15\"><span class=\"versanumer\">15<\/span><\/a>\u201eLand Sab\u00falons og Neftaleims vi\u00f0 sj\u00f3inn hinumegin J\u00f3rdanar, Gal\u00edlea hin hei\u00f0na,<a name=\"16\"><span class=\"versanumer\">16<\/span><\/a>l\u00fd\u00f0ur s\u00e1 er \u00ed myrkri sat, s\u00e1 lj\u00f3s miki\u00f0, og \u00feeim, sem bjuggu \u00ed enu dimma dau\u00f0ans landi, er lj\u00f3s upprunni\u00f0.\u201c<a name=\"17\"><span class=\"versanumer\">17<\/span><\/a>Upp fr\u00e1 \u00feessu h\u00f3f Jes\u00fas a\u00f0 kenna, og segja: b\u00e6ti\u00f0 r\u00e1\u00f0 y\u00f0ar, himnar\u00edki er n\u00e1l\u00e6gt.<br \/><a name=\"18\"><span class=\"versanumer\">18<\/span><\/a>Einhv\u00f6rju sinni er hann gekk me\u00f0 sj\u00f3num \u00ed Gal\u00edleu, leit hann tvo br\u00e6\u00f0ur, S\u00edmon sem kalla\u00f0ur var P\u00e9tur og Andr\u00e9s br\u00f3\u00f0ur hans, er v\u00f3ru a\u00f0 leggja net \u00ed sj\u00f3, \u00fev\u00ed \u00feeir v\u00f3ru fiskimenn;<a name=\"19\"><span class=\"versanumer\">19<\/span><\/a>og sag\u00f0i til \u00feeirra: fylgi\u00f0 m\u00e9r, og mun eg gj\u00f6ra y\u00f0ur a\u00f0 mannavei\u00f0urum;<a name=\"20\"><span class=\"versanumer\">20<\/span><\/a>\u00feeir yfirg\u00e1fu strax netin, og fylgdu honum.<a name=\"21\"><span class=\"versanumer\">21<\/span><\/a>Og sem hann gekk \u00fea\u00f0an lengra \u00e1fram, leit hann a\u00f0ra tvo br\u00e6\u00f0ur, Jakob Sebedeusson og J\u00f3hannes br\u00f3\u00f0ur hans \u00e1 skipi me\u00f0 Sebedeusi f\u00f6\u00f0ur \u00feeirra, og v\u00f3ru \u00feeir a\u00f0 b\u00e6ta net s\u00edn; \u00fe\u00e1 kvaddi hann einninn til fylgdar vi\u00f0 sig;<a name=\"22\"><span class=\"versanumer\">22<\/span><\/a>\u00feeir yfirg\u00e1fu strax skipi\u00f0 og f\u00f6\u00f0ur sinn, og r\u00e9\u00f0ust til fylgdar vi\u00f0 hann. <br \/><a name=\"23\"><span class=\"versanumer\">23<\/span><\/a>S\u00ed\u00f0an f\u00f3r Jes\u00fas um alla Gal\u00edleu og kenndi \u00ed samkundum \u00feeirra, og flutti \u00feeim gle\u00f0ibo\u00f0skapinn um Gu\u00f0s r\u00edki, og l\u00e6kna\u00f0i alls kyns sj\u00fakd\u00f3ma og krankleika me\u00f0al l\u00fd\u00f0sins;<a name=\"24\"><span class=\"versanumer\">24<\/span><\/a>og barst or\u00f0st\u00edr hans um allt S\u00fdrland. Og f\u00e6r\u00f0u menn til hans alla sj\u00faka, sem af \u00fdmislegum krankleikum og \u00feungum sj\u00fakd\u00f3mum haldnir v\u00f3ru, dj\u00f6ful\u00f3\u00f0a, tunglsj\u00faka, m\u00e1ttvana, og l\u00e6kna\u00f0i hann \u00fe\u00e1.<a name=\"25\"><span class=\"versanumer\">25<\/span><\/a>Og fylgdi honum mikill fj\u00f6ldi f\u00f3lks \u00far Gal\u00edleu og Dekap\u00f3lis, Jer\u00fasalem og J\u00fadeu, og \u00far landinu fyrir handan J\u00f3rdan.<\/p>\n<div class=\"footnoteVidey\">Matt. 4,1\u201311. samanber. Mark. 1,12\u201313, L\u00fak. 4,1\u201313.  V. 4. 5 M\u00f3s. 83.  V. 6. Ps. 91,11. 12.  V. 7. 5 M\u00f3s. 6,16.  V. 10. 5 M\u00f3s. 6,13. 10,12. Matt. 4,12\u201317, Sbr. Mark. 1,14\u201315.  V. 14. Es. 9,1. 2 K\u00f3ng. 15,29.  V. 18\u201322. Sbr. Mark. 1,16\u201320. L\u00fak. 5,1\u201311. (J\u00f3h. 1,35\u201343.)  V. 23\u201325. Sbr. Mark. 1,35\u201339. L\u00fak. 4,42\u201344.<\/div>\n","protected":false},"excerpt":{"rendered":"<p>Jes\u00fa er freista\u00f0 af dj\u00f6flinum; Hann v\u00edkur burt fr\u00e1 J\u00fadeu og b\u00fdr \u00ed Kapernaum; kennir, kve\u00f0ur fj\u00f3ra l\u00e6risveina s\u00e9r til fylgdar, kennir s\u00ed\u00f0an og l\u00e6knar. 1Eftir \u00fea\u00f0 var Jes\u00fas leiddur af Anda \u00e1 ey\u00f0im\u00f6rku, a\u00f0 hann freista\u00f0ist af dj\u00f6flinum;2og er hann haf\u00f0i fasta\u00f0 fj\u00f6rut\u00edu daga og fj\u00f6rut\u00edu n\u00e6tur, t\u00f3k hann loks a\u00f0 hungra.3\u00de\u00e1 kom freistarinn til hans og sag\u00f0i: ef \u00fe\u00fa ert Gu\u00f0s Sonur, \u00fe\u00e1 bj\u00f3\u00f0 \u00fe\u00fa, a\u00f0 steinar \u00feessir ver\u00f0i a\u00f0 brau\u00f0um.4Jes\u00fas svara\u00f0i: skrifa\u00f0 stendur, \u201ema\u00f0urinn lifir ekki af einusaman brau\u00f0i, heldur af s\u00e9rhv\u00f6rju \u00fev\u00ed, sem Gu\u00f0 vill.\u201c5\u00deessu n\u00e6st t\u00f3k dj\u00f6fullinn hann me\u00f0 s\u00e9r \u00ed borgina helgu, og f\u00f3r <a href=\"https:\/\/biblian.is\/videy\/matteusargudspjall-4-kafli\/\"> [&#8230;]<\/a><\/p>\n","protected":false},"author":1,"featured_media":0,"parent":0,"menu_order":0,"comment_status":"open","ping_status":"open","template":"bibliukaflar.php","meta":{"footnotes":""},"class_list":["post-21782","page","type-page","status-publish","hentry"],"_links":{"self":[{"href":"https:\/\/biblian.is\/videy\/wp-json\/wp\/v2\/pages\/21782","targetHints":{"allow":["GET"]}}],"collection":[{"href":"https:\/\/biblian.is\/videy\/wp-json\/wp\/v2\/pages"}],"about":[{"href":"https:\/\/biblian.is\/videy\/wp-json\/wp\/v2\/types\/page"}],"author":[{"embeddable":true,"href":"https:\/\/biblian.is\/videy\/wp-json\/wp\/v2\/users\/1"}],"replies":[{"embeddable":true,"href":"https:\/\/biblian.is\/videy\/wp-json\/wp\/v2\/comments?post=21782"}],"version-history":[{"count":0,"href":"https:\/\/biblian.is\/videy\/wp-json\/wp\/v2\/pages\/21782\/revisions"}],"wp:attachment":[{"href":"https:\/\/biblian.is\/videy\/wp-json\/wp\/v2\/media?parent=21782"}],"curies":[{"name":"wp","href":"https:\/\/api.w.org\/{rel}","templated":true}]}}