{"id":21781,"date":"2018-01-02T01:04:00","date_gmt":"2018-01-02T01:04:00","guid":{"rendered":"http:\/\/biblian.is\/videy\/matteusargudspjall-3-kafli\/"},"modified":"2018-01-02T01:04:00","modified_gmt":"2018-01-02T01:04:00","slug":"matteusargudspjall-3-kafli","status":"publish","type":"page","link":"https:\/\/biblian.is\/videy\/matteusargudspjall-3-kafli\/","title":{"rendered":"Matteusargu\u00f0spjall 3. kafli"},"content":{"rendered":"<div class=\"fyrirsognVidey\">J\u00f3hannes kennir, sk\u00edrir, \u00e1minnir; Jes\u00fas er sk\u00edr\u00f0ur af J\u00f3hannesi.<\/div>\n<p><a name=\"1\"><span class=\"versanumer\">1<\/span><\/a>\u00c1 \u00feeim t\u00edma kom J\u00f3hannes sk\u00edrari, og h\u00f3f \u00feessa kenningu \u00ed \u00f3bygg\u00f0um J\u00fadeulands:<a name=\"2\"><span class=\"versanumer\">2<\/span><\/a>B\u00e6ti\u00f0 r\u00e1\u00f0 y\u00f0ar, \u00fev\u00ed himnar\u00edki er n\u00e1l\u00e6gt.<a name=\"3\"><span class=\"versanumer\">3<\/span><\/a>Um hann er \u00fea\u00f0, sem sp\u00e1ma\u00f0urinn Esajas kemst svo a\u00f0 or\u00f0i: \u201e\u00cd \u00f3bygg\u00f0um er kalla\u00f0: tilb\u00fai\u00f0 veg Drottni, beini\u00f0 brautir hans.\u201c<a name=\"4\"><span class=\"versanumer\">4<\/span><\/a>En sj\u00e1lfur bar J\u00f3hannes kl\u00e6\u00f0na\u00f0 af \u00falfaldah\u00e1rum, og haf\u00f0i le\u00f0urbelti um s\u00ednar lendar; til matar haf\u00f0i hann engisprettur og sk\u00f3garhunang.<a name=\"5\"><span class=\"versanumer\">5<\/span><\/a>\u00de\u00e1 kom til hans f\u00f3lk fr\u00e1 Jer\u00fasalem og \u00far allri J\u00fadeu, og \u00far \u00f6llum h\u00e9r\u00f6\u00f0um vi\u00f0 J\u00f3rdan,<a name=\"6\"><span class=\"versanumer\">6<\/span><\/a>og hann sk\u00edr\u00f0i \u00fe\u00e1 \u00ed \u00e1nni, \u00feegar \u00feeir h\u00f6f\u00f0u j\u00e1ta\u00f0 s\u00edn afbrot.<a name=\"7\"><span class=\"versanumer\">7<\/span><\/a>En sem hann s\u00e1 marga far\u00edsea og sad\u00fasea koma til sinnar sk\u00edrnar, sag\u00f0i hann svo vi\u00f0 \u00fe\u00e1: \u00fe\u00e9r, n\u00f6\u00f0ruungar! hv\u00f6r hefir kennt y\u00f0ur, a\u00f0 \u00fe\u00e9r \u00feannig g\u00e6tu\u00f0 umfl\u00fai\u00f0 tilkomandi hegningu?<a name=\"8\"><span class=\"versanumer\">8<\/span><\/a>til \u00feess ver\u00f0i\u00f0 \u00fe\u00e9r a\u00f0 bera \u00feann \u00e1v\u00f6xt, er sambj\u00f3\u00f0i betru\u00f0u hugarfari.<a name=\"9\"><span class=\"versanumer\">9<\/span><\/a>Segi\u00f0 ekki af s\u00e9r\u00fe\u00f3tta me\u00f0 sj\u00e1lfum y\u00f0ur: v\u00e9r eigum Abraham fyrir f\u00f6\u00f0ur, \u00fev\u00ed tr\u00fai\u00f0 m\u00e9r, a\u00f0 m\u00e1ttugur er Gu\u00f0 a\u00f0 vekja Abrahami b\u00f6rn af steinum \u00feessum;<a name=\"10\"><span class=\"versanumer\">10<\/span><\/a>\u00fev\u00ed n\u00fa \u00feegar r\u00ed\u00f0ur \u00f6xin a\u00f0 r\u00f3tum trj\u00e1nna, og mun \u00fe\u00e1 hv\u00f6rt \u00fea\u00f0 tr\u00e9, sem ekki ber g\u00f3\u00f0an \u00e1v\u00f6xt, upph\u00f6ggvi\u00f0 ver\u00f0a og \u00ed eld kasta\u00f0.<a name=\"11\"><span class=\"versanumer\">11<\/span><\/a>Eg sk\u00edri y\u00f0ur einungis \u00ed vatni til lifna\u00f0arb\u00f3ta, en s\u00e1, sem eftir mig kemur, er m\u00e9r svo miklu meiri, a\u00f0 eg ekki er ver\u00f0ur a\u00f0 bera sk\u00f3kl\u00e6\u00f0i hans; hann mun sk\u00edra y\u00f0ur me\u00f0 heil\u00f6gum Anda og eldi;<a name=\"12\"><span class=\"versanumer\">12<\/span><\/a>s\u00edna varpsk\u00faflu ber hann \u00ed hendi s\u00e9r, me\u00f0 hv\u00f6rri hann hreinsar sinn l\u00e1fa; korninu mun hann safna \u00ed hl\u00f6\u00f0u, en hismi\u00f0 mun hann brenna \u00ed \u00f3sl\u00f6kkvanda eldi. <br \/><a name=\"13\"><span class=\"versanumer\">13<\/span><\/a>Um \u00feessar mundir kom Jes\u00fas \u00far Gal\u00edleu til J\u00f3rdanar, til J\u00f3hannesar, \u00feess erindis a\u00f0 sk\u00edrast af honum,<a name=\"14\"><span class=\"versanumer\">14<\/span><\/a>en J\u00f3hannes skora\u00f0ist undan \u00fev\u00ed, og sag\u00f0i: m\u00e9r er \u00fe\u00f6rf a\u00f0 eg sk\u00edrist af \u00fe\u00e9r, og \u00fe\u00fa kemur til m\u00edn.<a name=\"15\"><span class=\"versanumer\">15<\/span><\/a>Jes\u00fas svara\u00f0i honum og sag\u00f0i: veitt\u00fa m\u00e9r \u00feetta, \u00fev\u00ed \u00feannig heyrir okkur a\u00f0 gj\u00f6ra allt \u00fea\u00f0, sem r\u00e9tt er; og \u00fe\u00e1 l\u00e9t J\u00f3hannes \u00fea\u00f0 eftir honum.<a name=\"16\"><span class=\"versanumer\">16<\/span><\/a>Og sem Jes\u00fas var sk\u00edr\u00f0ur, st\u00e9 hann jafnskj\u00f3tt upp \u00far vatninu, og sj\u00e1! \u00fe\u00e1 opnu\u00f0ust himnarnir upp yfir honum, og J\u00f3hannes s\u00e1 Gu\u00f0s Anda ofanst\u00edga eins og d\u00fafu, og koma yfir hann;<a name=\"17\"><span class=\"versanumer\">17<\/span><\/a>og sj\u00e1! \u00fe\u00e1 heyr\u00f0ist r\u00f6dd af himnum, er sag\u00f0i: \u00feessi er Sonur minn elskulegur, \u00e1 hv\u00f6rjum eg hefi vel\u00fe\u00f3knun.<\/p>\n<div class=\"footnoteVidey\">Matt. 3,1 og fylg. Sbr. Mark. 1,2\u201311. L\u00fak. 3,1\u201322.  V. 3. Esa 40,3.<\/div>\n","protected":false},"excerpt":{"rendered":"<p>J\u00f3hannes kennir, sk\u00edrir, \u00e1minnir; Jes\u00fas er sk\u00edr\u00f0ur af J\u00f3hannesi. 1\u00c1 \u00feeim t\u00edma kom J\u00f3hannes sk\u00edrari, og h\u00f3f \u00feessa kenningu \u00ed \u00f3bygg\u00f0um J\u00fadeulands:2B\u00e6ti\u00f0 r\u00e1\u00f0 y\u00f0ar, \u00fev\u00ed himnar\u00edki er n\u00e1l\u00e6gt.3Um hann er \u00fea\u00f0, sem sp\u00e1ma\u00f0urinn Esajas kemst svo a\u00f0 or\u00f0i: \u201e\u00cd \u00f3bygg\u00f0um er kalla\u00f0: tilb\u00fai\u00f0 veg Drottni, beini\u00f0 brautir hans.\u201c4En sj\u00e1lfur bar J\u00f3hannes kl\u00e6\u00f0na\u00f0 af \u00falfaldah\u00e1rum, og haf\u00f0i le\u00f0urbelti um s\u00ednar lendar; til matar haf\u00f0i hann engisprettur og sk\u00f3garhunang.5\u00de\u00e1 kom til hans f\u00f3lk fr\u00e1 Jer\u00fasalem og \u00far allri J\u00fadeu, og \u00far \u00f6llum h\u00e9r\u00f6\u00f0um vi\u00f0 J\u00f3rdan,6og hann sk\u00edr\u00f0i \u00fe\u00e1 \u00ed \u00e1nni, \u00feegar \u00feeir h\u00f6f\u00f0u j\u00e1ta\u00f0 s\u00edn afbrot.7En sem hann s\u00e1 marga far\u00edsea og <a href=\"https:\/\/biblian.is\/videy\/matteusargudspjall-3-kafli\/\"> [&#8230;]<\/a><\/p>\n","protected":false},"author":1,"featured_media":0,"parent":0,"menu_order":0,"comment_status":"open","ping_status":"open","template":"bibliukaflar.php","meta":{"footnotes":""},"class_list":["post-21781","page","type-page","status-publish","hentry"],"_links":{"self":[{"href":"https:\/\/biblian.is\/videy\/wp-json\/wp\/v2\/pages\/21781","targetHints":{"allow":["GET"]}}],"collection":[{"href":"https:\/\/biblian.is\/videy\/wp-json\/wp\/v2\/pages"}],"about":[{"href":"https:\/\/biblian.is\/videy\/wp-json\/wp\/v2\/types\/page"}],"author":[{"embeddable":true,"href":"https:\/\/biblian.is\/videy\/wp-json\/wp\/v2\/users\/1"}],"replies":[{"embeddable":true,"href":"https:\/\/biblian.is\/videy\/wp-json\/wp\/v2\/comments?post=21781"}],"version-history":[{"count":0,"href":"https:\/\/biblian.is\/videy\/wp-json\/wp\/v2\/pages\/21781\/revisions"}],"wp:attachment":[{"href":"https:\/\/biblian.is\/videy\/wp-json\/wp\/v2\/media?parent=21781"}],"curies":[{"name":"wp","href":"https:\/\/api.w.org\/{rel}","templated":true}]}}