{"id":21780,"date":"2018-01-02T01:04:00","date_gmt":"2018-01-02T01:04:00","guid":{"rendered":"http:\/\/biblian.is\/videy\/matteusargudspjall-2-kafli\/"},"modified":"2018-01-02T01:04:00","modified_gmt":"2018-01-02T01:04:00","slug":"matteusargudspjall-2-kafli","status":"publish","type":"page","link":"https:\/\/biblian.is\/videy\/matteusargudspjall-2-kafli\/","title":{"rendered":"Matteusargu\u00f0spjall 2. kafli"},"content":{"rendered":"<div class=\"fyrirsognVidey\">Vitringar veita Krist\u00ed lotningu. Hann fl\u00fdr til Egyptalands. Her\u00f3des l\u00e6tur dey\u00f0a sveinb\u00f6rnin \u00ed Betlehem. Jes\u00fas kemur til Nasaret.<\/div>\n<p><a name=\"1\"><span class=\"versanumer\">1<\/span><\/a>\u00deegar n\u00fa Jes\u00fas var f\u00e6ddur \u00ed Betlehem \u00ed J\u00fadeu, \u00e1 d\u00f6gum Her\u00f3desar konungs, komu vitringar \u00far Austurl\u00f6ndum til Jer\u00fasalem, og s\u00f6g\u00f0u:<a name=\"2\"><span class=\"versanumer\">2<\/span><\/a>hvar er s\u00e1 n\u00fdf\u00e6ddi konungur Gy\u00f0inga? v\u00e9r h\u00f6fum s\u00e9\u00f0 hans stj\u00f6rnu \u00ed Austurl\u00f6ndum, og erum komnir til a\u00f0 veita honum lotningu.<a name=\"3\"><span class=\"versanumer\">3<\/span><\/a>En er Her\u00f3des konungur heyr\u00f0i \u00feetta, var\u00f0 hann skelfdur, og \u00f6ll Jer\u00fasalem me\u00f0 honum,<a name=\"4\"><span class=\"versanumer\">4<\/span><\/a>og l\u00e9t samankalla alla \u00e6\u00f0stu presta og l\u00f6gl\u00e6r\u00f0a l\u00fd\u00f0sins, og spur\u00f0i \u00fe\u00e1: hvar Kristur \u00e6tti a\u00f0 f\u00e6\u00f0ast?<a name=\"5\"><span class=\"versanumer\">5<\/span><\/a>\u00deeir s\u00f6g\u00f0u honum: \u00ed Betlehem \u00ed J\u00fadeu; \u00fev\u00ed \u00feannig hef\u00f0i sp\u00e1ma\u00f0urinn skrifa\u00f0:<a name=\"6\"><span class=\"versanumer\">6<\/span><\/a>\u201e\u00de\u00fa Betlehem \u00ed J\u00fadeu er enganveginn hin minnsta \u00e1 me\u00f0al merkisborga J\u00fadeu; \u00fev\u00ed fr\u00e1 \u00fe\u00e9r mun koma h\u00f6f\u00f0ingi, er r\u00e1\u00f0a skal fyrir m\u00ednum l\u00fd\u00f0 \u00cdsrael\u201c.<a name=\"7\"><span class=\"versanumer\">7<\/span><\/a>\u00de\u00e1 kalla\u00f0i Her\u00f3des vitringana til s\u00edn \u00e1 laun, og spur\u00f0i \u00fe\u00e1 vandlega: n\u00e6r stjarnan hef\u00f0i s\u00e9st?<a name=\"8\"><span class=\"versanumer\">8<\/span><\/a>sendi \u00fe\u00e1 s\u00ed\u00f0an til Betlehem og sag\u00f0i: fari\u00f0, og haldi\u00f0 vandlega spurnum fyrir um barni\u00f0, og \u00feegar \u00fe\u00e9r haf\u00f0i \u00fea\u00f0 fundi\u00f0, kunngj\u00f6ri\u00f0 m\u00e9r \u00fea\u00f0, a\u00f0 eg einninn geti komi\u00f0 a\u00f0 au\u00f0s\u00fdna \u00fev\u00ed lotningu.<a name=\"9\"><span class=\"versanumer\">9<\/span><\/a>En \u00fe\u00e1 \u00feeir h\u00f6f\u00f0u heyrt konunginn, f\u00f3ru \u00feeir lei\u00f0ar sinnar. Og sj\u00e1! stjarna s\u00fa, sem \u00feeir h\u00f6f\u00f0u s\u00e9\u00f0 \u00ed Austurl\u00f6ndum, gekk undan \u00feeim, \u00fear til hana bar \u00fear yfir, hvar barni\u00f0 var;<a name=\"10\"><span class=\"versanumer\">10<\/span><\/a>og er \u00feeir s\u00e1u stj\u00f6rnuna, gl\u00f6ddust \u00feeir harla mj\u00f6g,<a name=\"11\"><span class=\"versanumer\">11<\/span><\/a>gengu inn \u00ed h\u00fasi\u00f0, og fundu \u00fear barni\u00f0 \u00e1samt me\u00f0 Mar\u00edu m\u00f3\u00f0ur \u00feess, f\u00e9llu fram og veittu \u00fev\u00ed lotningu. \u00dear n\u00e6st opnu\u00f0u \u00feeir fj\u00e1rhirslur s\u00ednar, og f\u00e6r\u00f0u \u00fev\u00ed gjafir, gull, reykelsi og myrru.<a name=\"12\"><span class=\"versanumer\">12<\/span><\/a>S\u00ed\u00f0an gaf Gu\u00f0 \u00feeim \u00e1v\u00edsun \u00ed draumi, a\u00f0 \u00feeir skyldu ekki sn\u00faa aftur til Her\u00f3desar; f\u00f3ru \u00feeir \u00fev\u00ed a\u00f0ra lei\u00f0 til baka til s\u00edns lands. <br \/><a name=\"13\"><span class=\"versanumer\">13<\/span><\/a>\u00deegar \u00feeir voru burtu farnir, vitra\u00f0ist engill Drottins J\u00f3sep \u00ed draumi, og sag\u00f0i: statt upp! og tak barni\u00f0 og m\u00f3\u00f0ur \u00feess, og fl\u00fd til Egyptalands, og ver \u00feanga\u00f0 til eg segi \u00fe\u00e9r; \u00fev\u00ed Her\u00f3des mun leita barnsins a\u00f0 fyrirfara \u00fev\u00ed.<a name=\"14\"><span class=\"versanumer\">14<\/span><\/a>En \u00fe\u00e1 hann vakna\u00f0i, t\u00f3k hann barni\u00f0 og m\u00f3\u00f0ur \u00feess samn\u00e6ttis, og f\u00f3r til Egyptalands,<a name=\"15\"><span class=\"versanumer\">15<\/span><\/a>og dvaldi \u00fear til \u00feess Her\u00f3des var dau\u00f0ur; svo a\u00f0 r\u00e6ttist \u00fea\u00f0, sem Drottinn sag\u00f0i fyrir sp\u00e1manninn: \u201eaf Egyptalandi kalla\u00f0i eg Son minn.\u201c<br \/><a name=\"16\"><span class=\"versanumer\">16<\/span><\/a>En er Her\u00f3des s\u00e1 a\u00f0 hann var gabba\u00f0ur af vitringunum, var\u00f0 hann afar rei\u00f0ur; sendi \u00fat og l\u00e9t myr\u00f0a \u00f6ll sveinb\u00f6rn \u00ed Betlehem, og \u00ed \u00feeim h\u00e9r\u00f6\u00f0um, er \u00fear voru \u00ed grennd, tv\u00e6vetur og \u00feau, er yngri voru, sem svara\u00f0i \u00feeirri t\u00edmalengd, er hann haf\u00f0i komist eftir af vitringunum.<a name=\"17\"><span class=\"versanumer\">17<\/span><\/a>Sanna\u00f0ist \u00fe\u00e1 \u00fea\u00f0, sem sp\u00e1ma\u00f0urinn Jerem\u00edas segir:<a name=\"18\"><span class=\"versanumer\">18<\/span><\/a>\u201e\u00cd Rama heyr\u00f0ust hlj\u00f3\u00f0, kveinstafir, gr\u00e1tur og vein miki\u00f0, Rakel harmar b\u00f6rn s\u00edn, og vill ekki huggast l\u00e1ta, \u00fev\u00ed \u00fea\u00f0 er \u00fatgj\u00f6rt um \u00feau.\u201c<br \/><a name=\"19\"><span class=\"versanumer\">19<\/span><\/a>\u00deegar Her\u00f3des var dau\u00f0ur, vitra\u00f0ist engill Drottins J\u00f3sep \u00ed draumi \u00ed Egyptalandi, og sag\u00f0i:<a name=\"20\"><span class=\"versanumer\">20<\/span><\/a>statt upp! og tak barni\u00f0 og m\u00f3\u00f0ur \u00feess og far til Gy\u00f0ingalands, \u00fev\u00ed \u00feeir eru dau\u00f0ir, er seti\u00f0 hafa um l\u00edf barnsins.<a name=\"21\"><span class=\"versanumer\">21<\/span><\/a>J\u00f3sep st\u00f3\u00f0 upp, t\u00f3k barni\u00f0 og m\u00f3\u00f0ur \u00feess, og f\u00f3r til Gy\u00f0ingalands.<a name=\"22\"><span class=\"versanumer\">22<\/span><\/a>En er hann heyr\u00f0i a\u00f0 Arkelaus hef\u00f0i teki\u00f0 vi\u00f0 r\u00edki \u00ed J\u00fadeu, \u00ed sta\u00f0 Her\u00f3desar f\u00f6\u00f0ur s\u00edns, bar hann ekki traust til a\u00f0 fara \u00feanga\u00f0, og veik \u00fev\u00ed, eftir \u00e1v\u00edsun Gu\u00f0s \u00ed draumi, \u00ed Gal\u00edleuland,<a name=\"23\"><span class=\"versanumer\">23<\/span><\/a>og settist a\u00f0 \u00ed borg \u00feeirri, er heitir Nasaret, svo a\u00f0 \u00fea\u00f0 r\u00e6ttist, sem sp\u00e1mennirnir h\u00f6f\u00f0u fyrirsagt: a\u00f0 hann skyldi na\u00f0verskur kallast.<\/p>\n<div class=\"footnoteVidey\">V. 5. Mik. 5,1.  V. 15. H\u00f3s. 11,1.  V. 17. Jer. 31,15.<\/div>\n","protected":false},"excerpt":{"rendered":"<p>Vitringar veita Krist\u00ed lotningu. Hann fl\u00fdr til Egyptalands. Her\u00f3des l\u00e6tur dey\u00f0a sveinb\u00f6rnin \u00ed Betlehem. Jes\u00fas kemur til Nasaret. 1\u00deegar n\u00fa Jes\u00fas var f\u00e6ddur \u00ed Betlehem \u00ed J\u00fadeu, \u00e1 d\u00f6gum Her\u00f3desar konungs, komu vitringar \u00far Austurl\u00f6ndum til Jer\u00fasalem, og s\u00f6g\u00f0u:2hvar er s\u00e1 n\u00fdf\u00e6ddi konungur Gy\u00f0inga? v\u00e9r h\u00f6fum s\u00e9\u00f0 hans stj\u00f6rnu \u00ed Austurl\u00f6ndum, og erum komnir til a\u00f0 veita honum lotningu.3En er Her\u00f3des konungur heyr\u00f0i \u00feetta, var\u00f0 hann skelfdur, og \u00f6ll Jer\u00fasalem me\u00f0 honum,4og l\u00e9t samankalla alla \u00e6\u00f0stu presta og l\u00f6gl\u00e6r\u00f0a l\u00fd\u00f0sins, og spur\u00f0i \u00fe\u00e1: hvar Kristur \u00e6tti a\u00f0 f\u00e6\u00f0ast?5\u00deeir s\u00f6g\u00f0u honum: \u00ed Betlehem \u00ed J\u00fadeu; \u00fev\u00ed \u00feannig hef\u00f0i sp\u00e1ma\u00f0urinn skrifa\u00f0:6\u201e\u00de\u00fa Betlehem <a href=\"https:\/\/biblian.is\/videy\/matteusargudspjall-2-kafli\/\"> [&#8230;]<\/a><\/p>\n","protected":false},"author":1,"featured_media":0,"parent":0,"menu_order":0,"comment_status":"open","ping_status":"open","template":"bibliukaflar.php","meta":{"footnotes":""},"class_list":["post-21780","page","type-page","status-publish","hentry"],"_links":{"self":[{"href":"https:\/\/biblian.is\/videy\/wp-json\/wp\/v2\/pages\/21780","targetHints":{"allow":["GET"]}}],"collection":[{"href":"https:\/\/biblian.is\/videy\/wp-json\/wp\/v2\/pages"}],"about":[{"href":"https:\/\/biblian.is\/videy\/wp-json\/wp\/v2\/types\/page"}],"author":[{"embeddable":true,"href":"https:\/\/biblian.is\/videy\/wp-json\/wp\/v2\/users\/1"}],"replies":[{"embeddable":true,"href":"https:\/\/biblian.is\/videy\/wp-json\/wp\/v2\/comments?post=21780"}],"version-history":[{"count":0,"href":"https:\/\/biblian.is\/videy\/wp-json\/wp\/v2\/pages\/21780\/revisions"}],"wp:attachment":[{"href":"https:\/\/biblian.is\/videy\/wp-json\/wp\/v2\/media?parent=21780"}],"curies":[{"name":"wp","href":"https:\/\/api.w.org\/{rel}","templated":true}]}}