{"id":21779,"date":"2018-01-02T01:04:00","date_gmt":"2018-01-02T01:04:00","guid":{"rendered":"http:\/\/biblian.is\/videy\/matteusargudspjall-1-kafli\/"},"modified":"2018-01-02T01:04:00","modified_gmt":"2018-01-02T01:04:00","slug":"matteusargudspjall-1-kafli","status":"publish","type":"page","link":"https:\/\/biblian.is\/videy\/matteusargudspjall-1-kafli\/","title":{"rendered":"Matteusargu\u00f0spjall 1. kafli"},"content":{"rendered":"<div class=\"fyrirsognVidey\">\u00c6ttartala Krists; hans getna\u00f0ur af heil\u00f6gum Anda; nafn hans og f\u00e6\u00f0ing.<\/div>\n<p><a name=\"1\"><span class=\"versanumer\">1<\/span><\/a>\u00deetta er \u00e6ttartala Jes\u00fa Krists, sem kominn er af \u00e6ttum \u00feeirra Dav\u00ed\u00f0s og Abrahams:<a name=\"2\"><span class=\"versanumer\">2<\/span><\/a>Abraham gat \u00cdsak; \u00cdsak gat Jakob; Jakob gat J\u00fadas og br\u00e6\u00f0ur hans;<a name=\"3\"><span class=\"versanumer\">3<\/span><\/a>J\u00fada gat Fares og Sara vi\u00f0 Tamar; Fares gat Esrom; Esrom gat Aram;<a name=\"4\"><span class=\"versanumer\">4<\/span><\/a>Aram gat Aminadab; Aminadab gat Naason; Naason gat Salm\u00f3n;<a name=\"5\"><span class=\"versanumer\">5<\/span><\/a>Salm\u00f3n gat B\u00f3os vi\u00f0 Rakab; B\u00f3os gat Obe\u00f0 vi\u00f0 Rut; Obe\u00f0 gat Jessai;<a name=\"6\"><span class=\"versanumer\">6<\/span><\/a>Jessai gat Dav\u00ed\u00f0 konung; Dav\u00ed\u00f0 gat Salomon vi\u00f0 konu Uriasar;<a name=\"7\"><span class=\"versanumer\">7<\/span><\/a>Salomon gat R\u00f3b\u00f3am; R\u00f3b\u00f3am gat Ab\u00eda; Ab\u00eda gat Asa;<a name=\"8\"><span class=\"versanumer\">8<\/span><\/a>Asa gat J\u00f3safat; J\u00f3safat gat J\u00f3ram; J\u00f3ram gat Osias;<a name=\"9\"><span class=\"versanumer\">9<\/span><\/a>Osias gat J\u00f3atam; J\u00f3atam gat Akas; Akas gat Esek\u00edas; <br \/><a name=\"10\"><span class=\"versanumer\">10<\/span><\/a>Esek\u00edas gat Manasses; Manasses gat Amon; Amon gat J\u00f3s\u00edas;<a name=\"11\"><span class=\"versanumer\">11<\/span><\/a>J\u00f3s\u00edaas gat Jekon\u00edas og br\u00e6\u00f0ur hans um \u00feann bab\u00fdloniska herlei\u00f0ingart\u00edma.<a name=\"12\"><span class=\"versanumer\">12<\/span><\/a>En eftir herlei\u00f0inguna gat Jekon\u00edas Salat\u00edel; Salat\u00edel gat S\u00f3r\u00f3babel;<a name=\"13\"><span class=\"versanumer\">13<\/span><\/a>S\u00f3r\u00f3babel gat Abi\u00fa\u00f0; Abi\u00fa\u00f0 gat Eliakeim; Eliakeim gat As\u00f3r;<a name=\"14\"><span class=\"versanumer\">14<\/span><\/a>As\u00f3r gat Sad\u00f3k; Sad\u00f3k gat Akeim; Akeim gat Eli\u00fa\u00f0;<a name=\"15\"><span class=\"versanumer\">15<\/span><\/a>Eli\u00fa\u00f0 gat Eleasar; Eleasar gat Mattan; Mattan gat Jakob;<a name=\"16\"><span class=\"versanumer\">16<\/span><\/a>Jakob gat J\u00f3sep, mann Mar\u00edu, sem var m\u00f3\u00f0ir Jes\u00fa, hv\u00f6r e\u00f0 kallast Kristur.<a name=\"17\"><span class=\"versanumer\">17<\/span><\/a>Eru \u00feanninn alls 14 \u00e6ttli\u00f0ir fr\u00e1 Abraham til Dav\u00ed\u00f0s, fr\u00e1 Dav\u00ed\u00f0 til \u00feeirrar bab\u00fdlonisku herlei\u00f0ingar 14, og 14 fr\u00e1 herlei\u00f0ingunni til Krists. <br \/><a name=\"18\"><span class=\"versanumer\">18<\/span><\/a>F\u00e6\u00f0ing Jes\u00fa Krists ske\u00f0i me\u00f0 \u00feessum atbur\u00f0um: m\u00f3\u00f0ir hans Mar\u00eda var f\u00f6stnu\u00f0 J\u00f3sep, en \u00e1\u00f0ur en \u00feau komu saman, fannst h\u00fan barnshafandi af heil\u00f6gum Anda;<a name=\"19\"><span class=\"versanumer\">19<\/span><\/a>En festarma\u00f0ur hennar J\u00f3sep, sem var valmenni, og ekki vildi gj\u00f6ra henni opinbera minnkun, \u00e1setti s\u00e9r a\u00f0 skiljast heimuglega vi\u00f0 hana.<a name=\"20\"><span class=\"versanumer\">20<\/span><\/a>\u00deegar hann haf\u00f0i \u00feetta \u00ed hyggju, \u00fe\u00e1 vitra\u00f0ist honum engill Gu\u00f0s \u00ed draumi og sag\u00f0i: J\u00f3sep, \u00e6ttni\u00f0ji Dav\u00ed\u00f0s! v\u00edla \u00fe\u00fa ekki fyrir \u00fe\u00e9r a\u00f0 ganga a\u00f0 eiga Mar\u00edu festarkonu \u00fe\u00edna; \u00fev\u00ed s\u00e1 \u00feungi, er h\u00fan gengur me\u00f0, er getinn af heil\u00f6gum Anda.<a name=\"21\"><span class=\"versanumer\">21<\/span><\/a>H\u00fan mun son f\u00e6\u00f0a, hann skalt\u00fa l\u00e1ta heita Jes\u00fas, \u00fev\u00ed hann mun frelsa sitt f\u00f3lk fr\u00e1 \u00feess syndum.<a name=\"22\"><span class=\"versanumer\">22<\/span><\/a>En allt \u00feetta ske\u00f0i, svo a\u00f0 r\u00e6ttist \u00fea\u00f0, sem Drottinn m\u00e6lti fyrir sp\u00e1manninn, er svo sag\u00f0i:<a name=\"23\"><span class=\"versanumer\">23<\/span><\/a>\u201eSj\u00e1! mey mun barnshafandi ver\u00f0a og son f\u00e6\u00f0a, hann munu menn heita l\u00e1ta Emman\u00fael\u201c; \u00fea\u00f0 \u00fe\u00fd\u00f0ir: Gu\u00f0 er me\u00f0 oss.<a name=\"24\"><span class=\"versanumer\">24<\/span><\/a>\u00deegar J\u00f3sep vakna\u00f0i, gj\u00f6r\u00f0i hann, sem engill Drottins haf\u00f0i bo\u00f0i\u00f0, og t\u00f3k festarkonu s\u00edna til s\u00edn;<a name=\"25\"><span class=\"versanumer\">25<\/span><\/a>en haf\u00f0i \u00fe\u00f3 ekki samr\u00e6\u00f0i vi\u00f0 hana, uns h\u00fan \u00f3l sinn frumgetinn son, hv\u00f6rn hann l\u00e9t heita Jes\u00fas.<\/p>\n<div class=\"footnoteVidey\">V. 19. 5 M\u00f3s. 21,23\u201324.  V. 22. Es. 7,14.<\/div>\n","protected":false},"excerpt":{"rendered":"<p>\u00c6ttartala Krists; hans getna\u00f0ur af heil\u00f6gum Anda; nafn hans og f\u00e6\u00f0ing. 1\u00deetta er \u00e6ttartala Jes\u00fa Krists, sem kominn er af \u00e6ttum \u00feeirra Dav\u00ed\u00f0s og Abrahams:2Abraham gat \u00cdsak; \u00cdsak gat Jakob; Jakob gat J\u00fadas og br\u00e6\u00f0ur hans;3J\u00fada gat Fares og Sara vi\u00f0 Tamar; Fares gat Esrom; Esrom gat Aram;4Aram gat Aminadab; Aminadab gat Naason; Naason gat Salm\u00f3n;5Salm\u00f3n gat B\u00f3os vi\u00f0 Rakab; B\u00f3os gat Obe\u00f0 vi\u00f0 Rut; Obe\u00f0 gat Jessai;6Jessai gat Dav\u00ed\u00f0 konung; Dav\u00ed\u00f0 gat Salomon vi\u00f0 konu Uriasar;7Salomon gat R\u00f3b\u00f3am; R\u00f3b\u00f3am gat Ab\u00eda; Ab\u00eda gat Asa;8Asa gat J\u00f3safat; J\u00f3safat gat J\u00f3ram; J\u00f3ram gat Osias;9Osias gat J\u00f3atam; J\u00f3atam gat Akas; Akas gat <a href=\"https:\/\/biblian.is\/videy\/matteusargudspjall-1-kafli\/\"> [&#8230;]<\/a><\/p>\n","protected":false},"author":1,"featured_media":0,"parent":0,"menu_order":0,"comment_status":"open","ping_status":"open","template":"bibliukaflar.php","meta":{"footnotes":""},"class_list":["post-21779","page","type-page","status-publish","hentry"],"_links":{"self":[{"href":"https:\/\/biblian.is\/videy\/wp-json\/wp\/v2\/pages\/21779","targetHints":{"allow":["GET"]}}],"collection":[{"href":"https:\/\/biblian.is\/videy\/wp-json\/wp\/v2\/pages"}],"about":[{"href":"https:\/\/biblian.is\/videy\/wp-json\/wp\/v2\/types\/page"}],"author":[{"embeddable":true,"href":"https:\/\/biblian.is\/videy\/wp-json\/wp\/v2\/users\/1"}],"replies":[{"embeddable":true,"href":"https:\/\/biblian.is\/videy\/wp-json\/wp\/v2\/comments?post=21779"}],"version-history":[{"count":0,"href":"https:\/\/biblian.is\/videy\/wp-json\/wp\/v2\/pages\/21779\/revisions"}],"wp:attachment":[{"href":"https:\/\/biblian.is\/videy\/wp-json\/wp\/v2\/media?parent=21779"}],"curies":[{"name":"wp","href":"https:\/\/api.w.org\/{rel}","templated":true}]}}