{"id":21777,"date":"2018-01-02T01:04:00","date_gmt":"2018-01-02T01:04:00","guid":{"rendered":"http:\/\/biblian.is\/videy\/malaki-3-kafli\/"},"modified":"2018-01-13T21:02:24","modified_gmt":"2018-01-13T21:02:24","slug":"malaki-3-kafli","status":"publish","type":"page","link":"https:\/\/biblian.is\/videy\/malaki-3-kafli\/","title":{"rendered":"Malak\u00ed 3. kafli"},"content":{"rendered":"<div class=\"fyrirsognVidey\">Malak\u00edas talar um Mess\u00edas; um \u00fe\u00e1 sem svikust um a\u00f0 gjalda til musterisins; um mismun \u00e1 \u00feeim gu\u00f0hr\u00e6ddu og andvaralausu.<\/div>\n<p><a name=\"1\"><\/a><span class=\"versanumer\">1<\/span>Sj\u00e1i\u00f0! eg sendi minn engil, sem grei\u00f0a skal veginn fyrir m\u00e9r; br\u00e1\u00f0um skal hann koma til s\u00edns musteris, s\u00e1 herra, hv\u00f6rs \u00fe\u00e9r leiti\u00f0, s\u00e1 s\u00e1ttm\u00e1lans engill, hv\u00f6rs \u00fe\u00e9r \u00e6ski\u00f0. Sj\u00e1i\u00f0! hann kemur, segir Drottinn allsherjar.<a name=\"2\"><\/a><span class=\"versanumer\">2<\/span>En hv\u00f6r m\u00e1 afbera \u00feann dag er hann kemur? Hv\u00f6r f\u00e6r sta\u00f0ist, \u00fe\u00e1 hann l\u00e6tur sig sj\u00e1? \u00dev\u00ed hann er sem eldur m\u00e1lmbr\u00e6\u00f0slumannsins, og sem l\u00fatarsalt \u00fevottamannanna.<a name=\"3\"><\/a><span class=\"versanumer\">3<\/span>Hann skal sitja, og silfri\u00f0 br\u00e6\u00f0a og hreinsa; hann skal hreinsa Lev\u00edni\u00f0ja, og gj\u00f6ra \u00fe\u00e1 sk\u00edra sem gull og sem silfur; og \u00feeir <span class=\"VideyAth\">(einir)<\/span> skulu Drottni tilheyra, sem frambera f\u00f3rnir \u00ed r\u00e9ttl\u00e6ti.<a name=\"4\"><\/a><span class=\"versanumer\">4<\/span>\u00de\u00e1 skal f\u00f3rn J\u00fadani\u00f0ja og Jer\u00fasalemsborgarmanna ver\u00f0a Drottni \u00feakkn\u00e6mileg, eins og for\u00f0um daga, eins og \u00e1 fyrri t\u00ed\u00f0um.<a name=\"5\"><\/a><span class=\"versanumer\">5<\/span>En eg vil n\u00e1l\u00e6gja mig y\u00f0ur til d\u00f3ms, og skyndilega fram ganga sem vitni \u00ed gegn galdram\u00f6nnum, h\u00f3rd\u00f3msm\u00f6nnum, meins\u00e6rism\u00f6nnum, m\u00f3ti \u00feeim sem hafa af daglaunamanninum laun hans, \u00fer\u00f6ngva ekkjum og f\u00f6\u00f0urleysingjum, k\u00faga \u00fatlendinginn, og \u00f3ttast mig ekki, segir Drottinn allsherjar.<a name=\"6\"><\/a><span class=\"versanumer\">6<\/span>\u00dev\u00ed eg Drottinn em \u00f3umbreytanlegur; \u00feess vegna eru\u00f0 \u00fe\u00e9r, Jakobsni\u00f0jar, ekki me\u00f0 \u00f6llu ey\u00f0ilag\u00f0ir.<br \/>\n<a name=\"7\"><\/a><span class=\"versanumer\">7<\/span>Allt \u00ed fr\u00e1 d\u00f6gum fe\u00f0ra y\u00f0varra hafi\u00f0 \u00fe\u00e9r viki\u00f0 fr\u00e1 m\u00ednum skipunum, og ekki g\u00e6tt \u00feeirra. Sn\u00fai\u00f0 y\u00f0ur til m\u00edn, \u00fe\u00e1 vil eg sn\u00faa m\u00e9r til y\u00f0ar, segir Drottinn allsherjar. \u00de\u00e9r spyrji\u00f0: \u201ehv\u00ed skulum v\u00e9r sn\u00faa oss\u201c?\u2014<a name=\"8\"><\/a><span class=\"versanumer\">8<\/span>\u00c1 ma\u00f0urinn a\u00f0 pretta Gu\u00f0? \u00fev\u00ed mig hafi\u00f0 \u00fe\u00e9r pretta\u00f0! \u00de\u00e9r spyrji\u00f0: \u201e\u00ed hv\u00f6rju prettum v\u00e9r \u00feig\u201c?\u2014\u00cd t\u00edundum og lyftingarf\u00f3rnum.<a name=\"9\"><\/a><span class=\"versanumer\">9<\/span>St\u00f3r \u00f3blessan liggur fyrir y\u00f0ur, fyrir \u00fea\u00f0 a\u00f0 \u00fe\u00e9r, gj\u00f6rvallt landsf\u00f3lki\u00f0, pretti\u00f0 mig.<a name=\"10\"><\/a><span class=\"versanumer\">10<\/span>Flytji\u00f0 alla t\u00edundina \u00ed vistaklefann, svo a\u00f0 n\u00f3g vist s\u00e9 til \u00ed m\u00ednu h\u00fasi! og viti\u00f0 svo til, segir Drottinn allsherjar, hv\u00f6rt eg skal ekki upp l\u00faka fyrir y\u00f0ur vatnsr\u00e1sum himinsins, og \u00fathella yfir y\u00f0ur yfirgn\u00e6fanlegri blessun.<a name=\"11\"><\/a><span class=\"versanumer\">11<\/span>Eg skal f\u00e6la burt spillid\u00fdrin fr\u00e1 y\u00f0ur, svo \u00feau skulu ekki spilla fyrir y\u00f0ur gr\u00f3\u00f0a jar\u00f0arinnar, og v\u00edntr\u00e9\u00f0 skal ekki ver\u00f0a y\u00f0ur \u00e1vaxtarlaust \u00e1 akrinum, segir Drottinn allsherjar.<a name=\"12\"><\/a><span class=\"versanumer\">12<\/span>Allar \u00fej\u00f3\u00f0ir skulu pr\u00edsa y\u00f0ur s\u00e6la, og y\u00f0ar land skal vera \u00e6skilegt land, segir Drottinn allsherjar.<br \/>\n<a name=\"13\"><\/a><span class=\"versanumer\">13<\/span>H\u00f6r\u00f0 er y\u00f0ar r\u00e6\u00f0a \u00ed gegn m\u00e9r, segir Drottinn. \u00de\u00e9r spyrji\u00f0: \u201ehva\u00f0 t\u00f6lum v\u00e9r \u00ed gegn \u00fe\u00e9r?\u201c<a name=\"14\"><\/a><span class=\"versanumer\">14<\/span>\u00de\u00e9r segi\u00f0: \u201e\u00fea\u00f0 er til einskis a\u00f0 \u00fej\u00f3na Gu\u00f0i! hva\u00f0a \u00e1rangur h\u00f6fum v\u00e9r af a\u00f0 v\u00e9r g\u00e6tum \u00feess, sem hann vill g\u00e6ta l\u00e1ta, og g\u00f6ngum \u00ed sorgarb\u00faningi fyrir augliti Drottins allsherjar?<a name=\"15\"><\/a><span class=\"versanumer\">15<\/span>\u00deess vegna teljum v\u00e9r \u00fe\u00e1 s\u00e6lli, sem eru gu\u00f0lausir syndarar; \u00feeim sem gu\u00f0leysi fremja, gengur allt a\u00f0 \u00f3skum; \u00feeir freista Gu\u00f0s, og komast \u00fe\u00f3 vel af\u201c.<a name=\"16\"><\/a><span class=\"versanumer\">16<\/span>\u00deeir \u00fear \u00e1 m\u00f3ti, sem \u00f3ttast Drottin, segja svo hv\u00f6r vi\u00f0 annan: \u201eDrottinn gefur g\u00e6tur a\u00f0, og heyrir; frammi fyrir hans augliti liggur skrifu\u00f0 minnisb\u00f3k um \u00fe\u00e1, sem \u00f3ttast Drottin og hugsa um hans nafn\u201c.<a name=\"17\"><\/a><span class=\"versanumer\">17<\/span>J\u00e1, \u00feeir skulu vera m\u00ednir, segir Drottinn allsherjar, \u00e1 \u00feeim degi, \u00fe\u00e1 eg tilrei\u00f0i m\u00e9r m\u00edna eiginlega eign; og eg skal v\u00e6gja \u00feeim, eins og ma\u00f0ur v\u00e6gir syni s\u00ednum, sem \u00fej\u00f3nar honum.<a name=\"18\"><\/a><span class=\"versanumer\">18<\/span>\u00de\u00e1 skal y\u00f0ur gefa \u00e1 a\u00f0 l\u00edta \u00feann mismun, sem er \u00e1 milli r\u00e9ttl\u00e1ts manns og \u00f3gu\u00f0legs, \u00e1 milli \u00feess, sem Gu\u00f0i \u00fej\u00f3nar, og hins, sem ekki \u00fej\u00f3nar honum.<\/p>\n<div class=\"footnoteVidey\"><\/div>\n","protected":false},"excerpt":{"rendered":"<p>Malak\u00edas talar um Mess\u00edas; um \u00fe\u00e1 sem svikust um a\u00f0 gjalda til musterisins; um mismun \u00e1 \u00feeim gu\u00f0hr\u00e6ddu og andvaralausu. 1Sj\u00e1i\u00f0! eg sendi minn engil, sem grei\u00f0a skal veginn fyrir m\u00e9r; br\u00e1\u00f0um skal hann koma til s\u00edns musteris, s\u00e1 herra, hv\u00f6rs \u00fe\u00e9r leiti\u00f0, s\u00e1 s\u00e1ttm\u00e1lans engill, hv\u00f6rs \u00fe\u00e9r \u00e6ski\u00f0. Sj\u00e1i\u00f0! hann kemur, segir Drottinn allsherjar.2En hv\u00f6r m\u00e1 afbera \u00feann dag er hann kemur? Hv\u00f6r f\u00e6r sta\u00f0ist, \u00fe\u00e1 hann l\u00e6tur sig sj\u00e1? \u00dev\u00ed hann er sem eldur m\u00e1lmbr\u00e6\u00f0slumannsins, og sem l\u00fatarsalt \u00fevottamannanna.3Hann skal sitja, og silfri\u00f0 br\u00e6\u00f0a og hreinsa; hann skal hreinsa Lev\u00edni\u00f0ja, og gj\u00f6ra \u00fe\u00e1 sk\u00edra sem gull og sem <a href=\"https:\/\/biblian.is\/videy\/malaki-3-kafli\/\"> [&#8230;]<\/a><\/p>\n","protected":false},"author":1,"featured_media":0,"parent":0,"menu_order":0,"comment_status":"open","ping_status":"open","template":"bibliukaflar.php","meta":{"footnotes":""},"class_list":["post-21777","page","type-page","status-publish","hentry"],"_links":{"self":[{"href":"https:\/\/biblian.is\/videy\/wp-json\/wp\/v2\/pages\/21777","targetHints":{"allow":["GET"]}}],"collection":[{"href":"https:\/\/biblian.is\/videy\/wp-json\/wp\/v2\/pages"}],"about":[{"href":"https:\/\/biblian.is\/videy\/wp-json\/wp\/v2\/types\/page"}],"author":[{"embeddable":true,"href":"https:\/\/biblian.is\/videy\/wp-json\/wp\/v2\/users\/1"}],"replies":[{"embeddable":true,"href":"https:\/\/biblian.is\/videy\/wp-json\/wp\/v2\/comments?post=21777"}],"version-history":[{"count":0,"href":"https:\/\/biblian.is\/videy\/wp-json\/wp\/v2\/pages\/21777\/revisions"}],"wp:attachment":[{"href":"https:\/\/biblian.is\/videy\/wp-json\/wp\/v2\/media?parent=21777"}],"curies":[{"name":"wp","href":"https:\/\/api.w.org\/{rel}","templated":true}]}}