{"id":21776,"date":"2018-01-02T01:04:00","date_gmt":"2018-01-02T01:04:00","guid":{"rendered":"http:\/\/biblian.is\/videy\/malaki-2-kafli\/"},"modified":"2018-01-13T21:03:04","modified_gmt":"2018-01-13T21:03:04","slug":"malaki-2-kafli","status":"publish","type":"page","link":"https:\/\/biblian.is\/videy\/malaki-2-kafli\/","title":{"rendered":"Malak\u00ed 2. kafli"},"content":{"rendered":"<div class=\"fyrirsognVidey\">Malak\u00edas pr\u00e9dikar m\u00f3ti hir\u00f0uleysi kennimannanna, og m\u00f3ti hj\u00f3naskilna\u00f0i.<\/div>\n<p><a name=\"1\"><span class=\"versanumer\">1<\/span><\/a>Og n\u00fa, \u00fe\u00e9r kennimenn, y\u00f0ur gef eg \u00feessa \u00e1minningu.<a name=\"2\"><span class=\"versanumer\">2<\/span><\/a>Ef \u00fe\u00e9r vilji\u00f0 ekki \u00feessu gaum gefa, og ekki l\u00e1ta y\u00f0ur um \u00fea\u00f0 huga\u00f0, a\u00f0 gefa m\u00ednu nafni d\u00fdr\u00f0ina <span class='VideyAth'>a)<\/span>, segir Drottinn allsherjar, \u00fe\u00e1 vil eg senda \u00f3hamingju yfir y\u00f0ur, og l\u00e1ta \u00f3blessun koma \u00ed \u00fe\u00e1 velgj\u00f6rninga, sem \u00fe\u00e9r \u00feiggi\u00f0 af m\u00e9r; j\u00e1, eg hefi l\u00e1ti\u00f0 \u00f3blessunina \u00feegar koma, af \u00fev\u00ed \u00fe\u00e9r hafi\u00f0 allir veri\u00f0 skeytingarlausir.<a name=\"3\"><span class=\"versanumer\">3<\/span><\/a>Sj\u00e1i\u00f0, eg vil spilla fr\u00e6kornunum fyrir y\u00f0ur, og dreifa gori \u00ed andlit y\u00f0ur, gori f\u00f3rnard\u00fdra y\u00f0varra, og \u00fea\u00f0 skal draga y\u00f0ur til s\u00edn.<a name=\"4\"><span class=\"versanumer\">4<\/span><\/a>Og \u00fe\u00e9r skulu\u00f0 vi\u00f0urkenna, a\u00f0 eg hefi gefi\u00f0 y\u00f0ur \u00feessa \u00e1minningu, til \u00feess minn s\u00e1ttm\u00e1li vi\u00f0 Lev\u00ed \u00e6ttmenn m\u00e6tti haldast, segir Drottinn allsherjar.<a name=\"5\"><span class=\"versanumer\">5<\/span><\/a>Minn s\u00e1ttm\u00e1li vi\u00f0 Lev\u00ed \u00e6ttmenn var l\u00edf og fri\u00f0ur; eg gaf \u00feeim m\u00edn bo\u00f0or\u00f0, til \u00feess \u00feeir skyldi \u00f3ttast mig, og \u00feeir skelfdust fyrir m\u00ednu nafni.<a name=\"6\"><span class=\"versanumer\">6<\/span><\/a>L\u00f6gm\u00e1li\u00f0 var \u00f3brj\u00e1la\u00f0 \u00ed munni \u00feeirra, og ekkert rangt fannst \u00e1 \u00feeirra v\u00f6rum; \u00feeir framgengu fri\u00f0samlega og r\u00e9ttv\u00edslega fyrir m\u00e9r, og sneru m\u00f6rgum manni fr\u00e1 syndum.<a name=\"7\"><span class=\"versanumer\">7<\/span><\/a>\u00dev\u00ed varir kennimannsins eiga a\u00f0 var\u00f0veita \u00feekkingu, og menn eiga a\u00f0 s\u00e6kja l\u00f6gm\u00e1li\u00f0 \u00ed munn honum, \u00fev\u00ed hann er sendibo\u00f0i Drottins allsherjar.<a name=\"8\"><span class=\"versanumer\">8<\/span><\/a>En \u00fe\u00e9r hafi\u00f0 viki\u00f0 af veginum, og leitt marga menn aflei\u00f0is fr\u00e1 l\u00f6gm\u00e1linu; \u00fe\u00e9r hafi\u00f0 \u00f3n\u00fdtt s\u00e1ttm\u00e1lann vi\u00f0 Lev\u00edni\u00f0ja, segir Drottinn allsherjar.<a name=\"9\"><span class=\"versanumer\">9<\/span><\/a>Eg hefi einmitt \u00feess vegna komi\u00f0 y\u00f0ur \u00ed fyrirlitningu og \u00f3vir\u00f0ingu hj\u00e1 gj\u00f6rv\u00f6llum l\u00fd\u00f0num, af \u00fev\u00ed \u00fe\u00e9r ekki g\u00e6ti\u00f0 minna vega, heldur fari\u00f0 a\u00f0 mannvir\u00f0ingum \u00ed l\u00f6gm\u00e1linu.<a name=\"10\"><span class=\"versanumer\">10<\/span><\/a>H\u00f6fum v\u00e9r ekki allir einn f\u00f6\u00f0ur? Hefir ekki einn Gu\u00f0 skapa\u00f0 oss? Hv\u00f6rs vegna erum v\u00e9r \u00fe\u00e1 svo trygg\u00f0arlausir hv\u00f6r vi\u00f0 annan, a\u00f0 vanhelga s\u00e1ttm\u00e1l fe\u00f0ra vorra? <br \/><a name=\"11\"><span class=\"versanumer\">11<\/span><\/a>J\u00fadani\u00f0jar eru ei\u00f0rofar, og sv\u00edvir\u00f0ingar vi\u00f0gangast me\u00f0al \u00cdsraelsmanna og \u00ed Jer\u00fasalemsborg; \u00fev\u00ed J\u00fadani\u00f0jar sm\u00e1na Drottins heilaga l\u00fd\u00f0, hv\u00f6rn hann elskar, me\u00f0 \u00fev\u00ed \u00feeir ganga a\u00f0 eiga \u00fe\u00e6r konur, sem tr\u00faa \u00e1 \u00fatlensk go\u00f0.<a name=\"12\"><span class=\"versanumer\">12<\/span><\/a>Fyrir \u00feeim manni, sem sl\u00edkt gj\u00f6rir, skal Drottinn afm\u00e1 af tjaldb\u00fa\u00f0um Jakobsni\u00f0ja alla \u00fe\u00e1, sem a\u00f0 honum standa <span class='VideyAth'>a)<\/span>, og eins \u00feann, sem framber <span class='VideyAth'>(hans)<\/span> f\u00f3rn fyrir Drottin allsherjar.<a name=\"13\"><span class=\"versanumer\">13<\/span><\/a>H\u00e9r ofan \u00e1 gj\u00f6ri\u00f0 \u00fe\u00e9r \u00feetta: \u00fe\u00e9r byrgi\u00f0 altari Drottins me\u00f0 t\u00e1rum, gr\u00e1ti og andv\u00f6rpunum <span class='VideyAth'>b)<\/span>, svo eg get ekki framar liti\u00f0 \u00e1 y\u00f0ar f\u00f3rn, og ekkert \u00feegi\u00f0 me\u00f0 vel\u00fe\u00f3knun af y\u00f0ar hendi.<a name=\"14\"><span class=\"versanumer\">14<\/span><\/a>\u00de\u00e9r spyrji\u00f0: \u201ehv\u00f6rs vegna?\u201c\u2014Af \u00fev\u00ed Drottinn var vottur <span class='VideyAth'>(a\u00f0 f\u00e9lagsskapnum)<\/span> milli \u00fe\u00edn og \u00feinnar ungd\u00f3mskvinnu, sem \u00fe\u00fa br\u00e1st tr\u00fana\u00f0i vi\u00f0, en \u00fe\u00f3tt h\u00fan v\u00e6ri bundin \u00ed f\u00e9lag vi\u00f0 \u00feig og eiginkona \u00fe\u00edn eftir gj\u00f6r\u00f0u s\u00e1ttm\u00e1li.<a name=\"15\"><span class=\"versanumer\">15<\/span><\/a>\u00deannig breytti ekki hinn einstaki ma\u00f0ur <span class='VideyAth'>(Abraham)<\/span>, sem var allt \u00f6\u00f0ruv\u00edsi lyndur. Hva\u00f0 gj\u00f6r\u00f0i \u00fe\u00e1 hinn einstaki? Hann leita\u00f0i s\u00e9r afkv\u00e6mis, eftir fyrirheiti Gu\u00f0s. Veri\u00f0 \u00fev\u00ed vakandi yfir y\u00f0ar hjarta, a\u00f0 enginn y\u00f0ar breg\u00f0i tr\u00fana\u00f0i vi\u00f0 s\u00edna ungd\u00f3ms kvinnu.<a name=\"16\"><span class=\"versanumer\">16<\/span><\/a>\u00dev\u00ed eg hata hj\u00f3naskilna\u00f0inn, segir Drottinn, \u00cdsraels Gu\u00f0, en \u00fe\u00f3tt menn vilji brei\u00f0a kl\u00e6\u00f0i sitt yfir \u00fe\u00e1 rangsleitni, segir Drottinn allsherjar. Hafi\u00f0 \u00fev\u00ed g\u00e1t \u00e1 y\u00f0ar hjarta, a\u00f0 \u00fe\u00e9r ekki s\u00fdni\u00f0 af y\u00f0ur nokkurn \u00f3tr\u00fana\u00f0.<a name=\"17\"><span class=\"versanumer\">17<\/span><\/a>\u00de\u00e9r \u00fereyti\u00f0 Drottin me\u00f0 y\u00f0ar or\u00f0um. \u00de\u00e9r spyrji\u00f0: me\u00f0 hv\u00f6rju \u00fereytum v\u00e9r hann?\u2014Me\u00f0 \u00fev\u00ed, a\u00f0 \u00fe\u00e9r segi\u00f0: \u201es\u00e9rhv\u00f6r, sem illt gj\u00f6rir, er g\u00f3\u00f0ur \u00ed augum Drottins, um sl\u00edka \u00feykir honum v\u00e6nt; e\u00f0a hvar er s\u00e1 Gu\u00f0, sem d\u00e6mir\u201c?<\/p>\n<div class=\"footnoteVidey\"><\/div>\n","protected":false},"excerpt":{"rendered":"<p>Malak\u00edas pr\u00e9dikar m\u00f3ti hir\u00f0uleysi kennimannanna, og m\u00f3ti hj\u00f3naskilna\u00f0i. 1Og n\u00fa, \u00fe\u00e9r kennimenn, y\u00f0ur gef eg \u00feessa \u00e1minningu.2Ef \u00fe\u00e9r vilji\u00f0 ekki \u00feessu gaum gefa, og ekki l\u00e1ta y\u00f0ur um \u00fea\u00f0 huga\u00f0, a\u00f0 gefa m\u00ednu nafni d\u00fdr\u00f0ina a), segir Drottinn allsherjar, \u00fe\u00e1 vil eg senda \u00f3hamingju yfir y\u00f0ur, og l\u00e1ta \u00f3blessun koma \u00ed \u00fe\u00e1 velgj\u00f6rninga, sem \u00fe\u00e9r \u00feiggi\u00f0 af m\u00e9r; j\u00e1, eg hefi l\u00e1ti\u00f0 \u00f3blessunina \u00feegar koma, af \u00fev\u00ed \u00fe\u00e9r hafi\u00f0 allir veri\u00f0 skeytingarlausir.3Sj\u00e1i\u00f0, eg vil spilla fr\u00e6kornunum fyrir y\u00f0ur, og dreifa gori \u00ed andlit y\u00f0ur, gori f\u00f3rnard\u00fdra y\u00f0varra, og \u00fea\u00f0 skal draga y\u00f0ur til s\u00edn.4Og \u00fe\u00e9r skulu\u00f0 vi\u00f0urkenna, a\u00f0 eg hefi <a href=\"https:\/\/biblian.is\/videy\/malaki-2-kafli\/\"> [&#8230;]<\/a><\/p>\n","protected":false},"author":1,"featured_media":0,"parent":0,"menu_order":0,"comment_status":"open","ping_status":"open","template":"bibliukaflar.php","meta":{"footnotes":""},"class_list":["post-21776","page","type-page","status-publish","hentry"],"_links":{"self":[{"href":"https:\/\/biblian.is\/videy\/wp-json\/wp\/v2\/pages\/21776","targetHints":{"allow":["GET"]}}],"collection":[{"href":"https:\/\/biblian.is\/videy\/wp-json\/wp\/v2\/pages"}],"about":[{"href":"https:\/\/biblian.is\/videy\/wp-json\/wp\/v2\/types\/page"}],"author":[{"embeddable":true,"href":"https:\/\/biblian.is\/videy\/wp-json\/wp\/v2\/users\/1"}],"replies":[{"embeddable":true,"href":"https:\/\/biblian.is\/videy\/wp-json\/wp\/v2\/comments?post=21776"}],"version-history":[{"count":0,"href":"https:\/\/biblian.is\/videy\/wp-json\/wp\/v2\/pages\/21776\/revisions"}],"wp:attachment":[{"href":"https:\/\/biblian.is\/videy\/wp-json\/wp\/v2\/media?parent=21776"}],"curies":[{"name":"wp","href":"https:\/\/api.w.org\/{rel}","templated":true}]}}