{"id":21773,"date":"2018-01-02T01:04:00","date_gmt":"2018-01-02T01:04:00","guid":{"rendered":"http:\/\/biblian.is\/videy\/sakaria-13-kafli\/"},"modified":"2018-01-02T01:04:00","modified_gmt":"2018-01-02T01:04:00","slug":"sakaria-13-kafli","status":"publish","type":"page","link":"https:\/\/biblian.is\/videy\/sakaria-13-kafli\/","title":{"rendered":"Sakar\u00eda 13. kafli"},"content":{"rendered":"<div class=\"fyrirsognVidey\">Um \u00fea\u00f0 hv\u00f6rsu Gu\u00f0 mun betra sitt f\u00f3lk, afm\u00e1 hj\u00e1gu\u00f0ad\u00fdrkun og lygisp\u00e1menn, og hreinsa sinn s\u00f6fnu\u00f0.<\/div>\n<p><a name=\"1\"><span class=\"versanumer\">1<\/span><\/a>\u00c1 \u00feeim degi skal standa opinn brunnur handa Dav\u00ed\u00f0s\u00e6tt og handa innbyggjendum Jer\u00fasalemsborgar til a\u00f0 af\u00fevo syndir og \u00f3hreinleika.<a name=\"2\"><span class=\"versanumer\">2<\/span><\/a>\u00c1 \u00feeim degi vil eg, segir Drottinn allsherjar, afm\u00e1 n\u00f6fn skur\u00f0go\u00f0anna \u00far landinu, svo \u00feeirra skal eigi framar minnst ver\u00f0a; s\u00f6mulei\u00f0is vil eg \u00fatreka af landinu <span class='VideyAth'>(fals)<\/span>sp\u00e1mennina og hinn \u00f3hreina anda.<a name=\"3\"><span class=\"versanumer\">3<\/span><\/a>Og ef nokkur sp\u00e1ir framar, \u00fe\u00e1 skal fa\u00f0ir hans og m\u00f3\u00f0ir, sem \u00f3lu hann, segja til hans: \u201e\u00fe\u00fa skalt ekki lifa, \u00fev\u00ed \u00fe\u00fa hefir tala\u00f0 lygi \u00ed nafni Drottins\u201c; og fa\u00f0ir hans og m\u00f3\u00f0ir, sem \u00f3lu hann, skulu leggja hann \u00ed gegn, s\u00f6kum \u00feess hann sp\u00e1ir.<a name=\"4\"><span class=\"versanumer\">4<\/span><\/a>\u00c1 \u00feeim degi skulu sp\u00e1mennirnir ver\u00f0a til skammar, s\u00e9rhv\u00f6r s\u00f6kum \u00feeirra sj\u00f3na, er hann \u00fe\u00f3ttist sj\u00e1, \u00feegar hann sp\u00e1\u00f0i; og \u00feeir skulu ekki \u00edkl\u00e6\u00f0ast lo\u00f0k\u00e1pum til a\u00f0 blekkja a\u00f0ra.<a name=\"5\"><span class=\"versanumer\">5<\/span><\/a>\u00de\u00e1 skal hv\u00f6r einn segja: eg er engi sp\u00e1ma\u00f0ur heldur akurverksma\u00f0ur, \u00fev\u00ed eg hefi unni\u00f0 allt \u00ed fr\u00e1 ungd\u00e6mi m\u00ednu.<a name=\"6\"><span class=\"versanumer\">6<\/span><\/a>Og spyrji nokkur hann, \u201eaf hv\u00f6rju eru \u00feessi s\u00e1r, sem \u00fe\u00fa hefir \u00e1 h\u00f6ndum \u00fe\u00ednum?\u201c \u00de\u00e1 mun hann svara: \u201eaf \u00fev\u00ed eg hefi veri\u00f0 sleginn \u00ed h\u00fasi \u00feeirra, sem elsku\u00f0u mig\u201c. <br \/><a name=\"7\"><span class=\"versanumer\">7<\/span><\/a>Vert \u00e1 lofti, sver\u00f0, yfir m\u00ednum hir\u00f0ir, yfir \u00feeim manni, sem m\u00e9r er n\u00e1nastur, segir Drottinn allsherjar; sl\u00e1 \u00fe\u00fa hir\u00f0irinn, svo hj\u00f6r\u00f0in tv\u00edstrist; eg vil samt hefta h\u00f6nd m\u00edna, og halda henni yfir sm\u00e1f\u00e9nu.<a name=\"8\"><span class=\"versanumer\">8<\/span><\/a>Svo skal til ganga \u00ed gj\u00f6rv\u00f6llu landinu, segir Drottinn, a\u00f0 tveir hlutir landsf\u00f3lksins skulu afm\u00e1st og upp gefa \u00f6nd s\u00edna, en \u00feri\u00f0jungur \u00feess eftir ver\u00f0a.<a name=\"9\"><span class=\"versanumer\">9<\/span><\/a>En \u00feenna \u00feri\u00f0jung vil eg l\u00e1ta \u00ed eld, og hreinsa hann, eins og silfur er hreinsa\u00f0, og pr\u00f3fa hann, eins og gull er pr\u00f3fa\u00f0. \u00de\u00e1 mun hann \u00e1kalla mitt nafn, og eg vil b\u00e6nheyra hann; eg vil segja: \u00feetta er mitt f\u00f3lk; og hann mun segja: Drottinn er minn Gu\u00f0.<\/p>\n<div class=\"footnoteVidey\"><\/div>\n","protected":false},"excerpt":{"rendered":"<p>Um \u00fea\u00f0 hv\u00f6rsu Gu\u00f0 mun betra sitt f\u00f3lk, afm\u00e1 hj\u00e1gu\u00f0ad\u00fdrkun og lygisp\u00e1menn, og hreinsa sinn s\u00f6fnu\u00f0. 1\u00c1 \u00feeim degi skal standa opinn brunnur handa Dav\u00ed\u00f0s\u00e6tt og handa innbyggjendum Jer\u00fasalemsborgar til a\u00f0 af\u00fevo syndir og \u00f3hreinleika.2\u00c1 \u00feeim degi vil eg, segir Drottinn allsherjar, afm\u00e1 n\u00f6fn skur\u00f0go\u00f0anna \u00far landinu, svo \u00feeirra skal eigi framar minnst ver\u00f0a; s\u00f6mulei\u00f0is vil eg \u00fatreka af landinu (fals)sp\u00e1mennina og hinn \u00f3hreina anda.3Og ef nokkur sp\u00e1ir framar, \u00fe\u00e1 skal fa\u00f0ir hans og m\u00f3\u00f0ir, sem \u00f3lu hann, segja til hans: \u201e\u00fe\u00fa skalt ekki lifa, \u00fev\u00ed \u00fe\u00fa hefir tala\u00f0 lygi \u00ed nafni Drottins\u201c; og fa\u00f0ir hans og m\u00f3\u00f0ir, sem \u00f3lu <a href=\"https:\/\/biblian.is\/videy\/sakaria-13-kafli\/\"> [&#8230;]<\/a><\/p>\n","protected":false},"author":1,"featured_media":0,"parent":0,"menu_order":0,"comment_status":"open","ping_status":"open","template":"bibliukaflar.php","meta":{"footnotes":""},"class_list":["post-21773","page","type-page","status-publish","hentry"],"_links":{"self":[{"href":"https:\/\/biblian.is\/videy\/wp-json\/wp\/v2\/pages\/21773","targetHints":{"allow":["GET"]}}],"collection":[{"href":"https:\/\/biblian.is\/videy\/wp-json\/wp\/v2\/pages"}],"about":[{"href":"https:\/\/biblian.is\/videy\/wp-json\/wp\/v2\/types\/page"}],"author":[{"embeddable":true,"href":"https:\/\/biblian.is\/videy\/wp-json\/wp\/v2\/users\/1"}],"replies":[{"embeddable":true,"href":"https:\/\/biblian.is\/videy\/wp-json\/wp\/v2\/comments?post=21773"}],"version-history":[{"count":0,"href":"https:\/\/biblian.is\/videy\/wp-json\/wp\/v2\/pages\/21773\/revisions"}],"wp:attachment":[{"href":"https:\/\/biblian.is\/videy\/wp-json\/wp\/v2\/media?parent=21773"}],"curies":[{"name":"wp","href":"https:\/\/api.w.org\/{rel}","templated":true}]}}