{"id":21770,"date":"2018-01-02T01:04:00","date_gmt":"2018-01-02T01:04:00","guid":{"rendered":"http:\/\/biblian.is\/videy\/sakaria-10-kafli\/"},"modified":"2018-01-02T01:04:00","modified_gmt":"2018-01-02T01:04:00","slug":"sakaria-10-kafli","status":"publish","type":"page","link":"https:\/\/biblian.is\/videy\/sakaria-10-kafli\/","title":{"rendered":"Sakar\u00eda 10. kafli"},"content":{"rendered":"<div class=\"fyrirsognVidey\">Framhald um var\u00f0veislu Gu\u00f0s \u00e1 Gy\u00f0ingal\u00fd\u00f0.<\/div>\n<p><a name=\"1\"><span class=\"versanumer\">1<\/span><\/a>Bi\u00f0ji\u00f0 Drottin um regn \u00e1 vort\u00edmanum, bi\u00f0ji\u00f0 Drottin \u00fear um, hann sem skapar eldingarnar; \u00fe\u00e1 mun hann gefa y\u00f0ur regnsk\u00farir, og s\u00e9rhv\u00f6rjum manni jar\u00f0argr\u00f3\u00f0a.<a name=\"2\"><span class=\"versanumer\">2<\/span><\/a>\u00dev\u00ed h\u00fasgo\u00f0in tala h\u00e9g\u00f3ma, sp\u00e1mennirnir sj\u00e1 lygisj\u00f3nir, draumarnir segja markleysu og gefa \u00f3n\u00fdta huggun. \u00deess vegna r\u00e1fu\u00f0u <span class='VideyAth'>(forfe\u00f0ur y\u00f0ar)<\/span> eins og sau\u00f0ir, og voru bjargarlausir; \u00fev\u00ed \u00fe\u00e1 vanta\u00f0i g\u00f3\u00f0an hir\u00f0ir.<a name=\"3\"><span class=\"versanumer\">3<\/span><\/a>M\u00edn rei\u00f0i var upptendru\u00f0 gegn hir\u00f0urunum, og eg var\u00f0 a\u00f0 vitja hafranna. En n\u00fa vill Drottinn allsherjar vitja sinnar hjar\u00f0ar, J\u00fadani\u00f0ja; hann mun l\u00e1ta \u00fe\u00e1 ver\u00f0a sem skrautb\u00fainn hest \u00ed bardaga;<a name=\"4\"><span class=\"versanumer\">4<\/span><\/a>fr\u00e1 \u00feeim munu \u00fatganga \u00fej\u00f3\u00f0h\u00f6f\u00f0ingjar, merkismenn, bogmenn, og \u00fear me\u00f0 alls konar hermenn.<a name=\"5\"><span class=\"versanumer\">5<\/span><\/a>\u00deeir skulu vera eins og berserkir, sem \u00ed orrustum f\u00f3ttro\u00f0a <span class='VideyAth'>(\u00f3vini s\u00edna)<\/span> ni\u00f0ur \u00ed bleytuna \u00e1 str\u00e6tunum; \u00feeir skulu berjast, \u00fev\u00ed Drottinn er me\u00f0 \u00feeim, svo a\u00f0 \u00feeir, sem \u00e1 hestum r\u00ed\u00f0a, skulu ver\u00f0a s\u00e9r til minnkunar.<a name=\"6\"><span class=\"versanumer\">6<\/span><\/a>Eg vil gj\u00f6ra J\u00fada \u00e6ttkv\u00edsl sterka, og hj\u00e1lpa J\u00f3seps\u00e6tt; eg vil setja \u00fe\u00e1 aftur inn \u00ed b\u00fasta\u00f0i \u00feeirra, \u00fev\u00ed eg hefi me\u00f0aumkvun me\u00f0 \u00feeim; \u00feeir skulu vera, eins og eg hef\u00f0i ekki \u00fatsk\u00fafa\u00f0 \u00feeim: \u00fev\u00ed eg er Drottinn, Gu\u00f0 \u00feeirra, og eg vil b\u00e6nheyra \u00fe\u00e1.<a name=\"7\"><span class=\"versanumer\">7<\/span><\/a>Efraimsni\u00f0jar skulu ver\u00f0a sem kappar; \u00feeirra hjarta skal ver\u00f0a glatt eins og af v\u00edni; b\u00f6rn \u00feeirra skulu sj\u00e1 \u00fea\u00f0, og gle\u00f0jast, \u00feeirra hjarta skal fagna \u00ed Drottni.<a name=\"8\"><span class=\"versanumer\">8<\/span><\/a>Eg vil bl\u00edstra til \u00feeirra, og safna \u00feeim saman, \u00fev\u00ed eg hefi keypt \u00fe\u00e1 lausa; \u00feeir skulu ver\u00f0a eins margir, eins og \u00feeir voru fyrrum.<a name=\"9\"><span class=\"versanumer\">9<\/span><\/a>Eg vil \u00fatbrei\u00f0a \u00fe\u00e1 me\u00f0al \u00fej\u00f3\u00f0anna, og \u00feeir skulu minnast m\u00edn \u00ed fjarl\u00e6gum l\u00f6ndum; \u00feeir skulu lifa \u00e1samt me\u00f0 b\u00f6rnum s\u00ednum, og koma heim aftur.<a name=\"10\"><span class=\"versanumer\">10<\/span><\/a>Eg vil lei\u00f0a \u00fe\u00e1 aftur fr\u00e1 Egyptalandi, og safna \u00feeim saman \u00far Ass\u00fdr\u00edulandi; eg vil flytja \u00fe\u00e1 inn \u00ed Gileadsland og L\u00edbanonsland, og \u00fear skal ver\u00f0a of\u00fer\u00f6nglent fyrir \u00fe\u00e1.<a name=\"11\"><span class=\"versanumer\">11<\/span><\/a>Gegnum \u00ferengingar haf skulu \u00feeir ganga, en hann <span class='VideyAth'>(Drottinn)<\/span> mun ni\u00f0ur sl\u00e1 bylgjur hafsins, og allir \u00e1lar flj\u00f3tsins <span class='VideyAth'>(N\u00edlar)<\/span> skulu \u00feorna; ofdramb Ass\u00fdr\u00edukonungs skal ni\u00f0urb\u00e6last, og veldissproti Egyptalands \u00e1 burtu v\u00edkja.<a name=\"12\"><span class=\"versanumer\">12<\/span><\/a>Eg vil styrkja \u00fe\u00e1 \u00ed Drottni, og \u00ed hans nafni skulu \u00feeir fram ganga, segir Drottinn.<\/p>\n<div class=\"footnoteVidey\"><\/div>\n","protected":false},"excerpt":{"rendered":"<p>Framhald um var\u00f0veislu Gu\u00f0s \u00e1 Gy\u00f0ingal\u00fd\u00f0. 1Bi\u00f0ji\u00f0 Drottin um regn \u00e1 vort\u00edmanum, bi\u00f0ji\u00f0 Drottin \u00fear um, hann sem skapar eldingarnar; \u00fe\u00e1 mun hann gefa y\u00f0ur regnsk\u00farir, og s\u00e9rhv\u00f6rjum manni jar\u00f0argr\u00f3\u00f0a.2\u00dev\u00ed h\u00fasgo\u00f0in tala h\u00e9g\u00f3ma, sp\u00e1mennirnir sj\u00e1 lygisj\u00f3nir, draumarnir segja markleysu og gefa \u00f3n\u00fdta huggun. \u00deess vegna r\u00e1fu\u00f0u (forfe\u00f0ur y\u00f0ar) eins og sau\u00f0ir, og voru bjargarlausir; \u00fev\u00ed \u00fe\u00e1 vanta\u00f0i g\u00f3\u00f0an hir\u00f0ir.3M\u00edn rei\u00f0i var upptendru\u00f0 gegn hir\u00f0urunum, og eg var\u00f0 a\u00f0 vitja hafranna. En n\u00fa vill Drottinn allsherjar vitja sinnar hjar\u00f0ar, J\u00fadani\u00f0ja; hann mun l\u00e1ta \u00fe\u00e1 ver\u00f0a sem skrautb\u00fainn hest \u00ed bardaga;4fr\u00e1 \u00feeim munu \u00fatganga \u00fej\u00f3\u00f0h\u00f6f\u00f0ingjar, merkismenn, bogmenn, og \u00fear me\u00f0 alls konar <a href=\"https:\/\/biblian.is\/videy\/sakaria-10-kafli\/\"> [&#8230;]<\/a><\/p>\n","protected":false},"author":1,"featured_media":0,"parent":0,"menu_order":0,"comment_status":"open","ping_status":"open","template":"bibliukaflar.php","meta":{"footnotes":""},"class_list":["post-21770","page","type-page","status-publish","hentry"],"_links":{"self":[{"href":"https:\/\/biblian.is\/videy\/wp-json\/wp\/v2\/pages\/21770","targetHints":{"allow":["GET"]}}],"collection":[{"href":"https:\/\/biblian.is\/videy\/wp-json\/wp\/v2\/pages"}],"about":[{"href":"https:\/\/biblian.is\/videy\/wp-json\/wp\/v2\/types\/page"}],"author":[{"embeddable":true,"href":"https:\/\/biblian.is\/videy\/wp-json\/wp\/v2\/users\/1"}],"replies":[{"embeddable":true,"href":"https:\/\/biblian.is\/videy\/wp-json\/wp\/v2\/comments?post=21770"}],"version-history":[{"count":0,"href":"https:\/\/biblian.is\/videy\/wp-json\/wp\/v2\/pages\/21770\/revisions"}],"wp:attachment":[{"href":"https:\/\/biblian.is\/videy\/wp-json\/wp\/v2\/media?parent=21770"}],"curies":[{"name":"wp","href":"https:\/\/api.w.org\/{rel}","templated":true}]}}