{"id":21769,"date":"2018-01-02T01:03:52","date_gmt":"2018-01-02T01:03:52","guid":{"rendered":"http:\/\/biblian.is\/videy\/sakaria-9-kafli\/"},"modified":"2018-01-02T01:03:52","modified_gmt":"2018-01-02T01:03:52","slug":"sakaria-9-kafli","status":"publish","type":"page","link":"https:\/\/biblian.is\/videy\/sakaria-9-kafli\/","title":{"rendered":"Sakar\u00eda 9. kafli"},"content":{"rendered":"<div class=\"fyrirsognVidey\">Sakar\u00edas sp\u00e1ir ey\u00f0ileggingu S\u00fdrlandi, Fen\u00edkalandi og Filistalandi; og a\u00f0 Filistar muni um s\u00ed\u00f0ir l\u00e1ta af bl\u00f3tum og taka sanna tr\u00fa; segir, a\u00f0 Gu\u00f0 muni senda Mess\u00edas og vernda volduglega sitt f\u00f3lk.<\/div>\n<p><a name=\"1\"><span class=\"versanumer\">1<\/span><\/a>D\u00f3mur Drottins er upp kve\u00f0inn yfir Hadrakslandi, og mun fram koma \u00e1 Damaskusborg; \u00fev\u00ed Drottinn hefir g\u00e1t \u00e1 \u00f6\u00f0rum m\u00f6nnum, eins og \u00e1 \u00e6ttkv\u00edslum \u00cdsraelsmanna.<a name=\"2\"><span class=\"versanumer\">2<\/span><\/a>S\u00f6mulei\u00f0is mun hann fram koma \u00e1 Hamatslandi, sem \u00fear liggur hj\u00e1, og \u00e1 T\u00fdrusborg og S\u00eddonsborg, \u00fev\u00ed \u00fe\u00e6r eru sl\u00e6gvitrar mj\u00f6g.<a name=\"3\"><span class=\"versanumer\">3<\/span><\/a>\u00de\u00f3 T\u00fdrusborg hafi byggt s\u00e9r \u00f6ruggt v\u00edgi, og safna\u00f0 silfri sem sandi, og gulli sem saur \u00e1 str\u00e6tum:<a name=\"4\"><span class=\"versanumer\">4<\/span><\/a>\u00de\u00e1 skal \u00fe\u00f3 hinn Alvaldi ey\u00f0a hana, og steypa veldi hennar \u00ed sj\u00f3inn, og sj\u00e1lf skal h\u00fan ver\u00f0a ey\u00f0il\u00f6g\u00f0 af eldi.<a name=\"5\"><span class=\"versanumer\">5<\/span><\/a>Askalonsborg skal sj\u00e1 \u00fea\u00f0, og \u00f3ttast; Gasaborg skal sj\u00e1 \u00fea\u00f0, og skj\u00e1lfa mj\u00f6g; einnig Ekronsborg, \u00fev\u00ed hennar von er horfin; konunginum er \u00ed burtu svipt fr\u00e1 Gasaborg, og Askalonsborg liggur \u00ed ey\u00f0i.<a name=\"6\"><span class=\"versanumer\">6<\/span><\/a>\u00datlendingar skulu b\u00faa \u00ed Asdodsborg; \u00feannig vil eg gj\u00f6ra enda \u00e1 ofdrambi Filista.<a name=\"7\"><span class=\"versanumer\">7<\/span><\/a>\u00de\u00f3 vil eg hreinsa bl\u00f3\u00f0i\u00f0 af vitum \u00feeirra, og taka burtu \u00fe\u00e6r vi\u00f0urstygg\u00f0ir, sem tolla milli tanna \u00feeirra <span class='VideyAth'>c)<\/span>, svo a\u00f0 \u00feeir, sem eftir ver\u00f0a af \u00feeim, skulu einnig tilheyra Gu\u00f0i vorum, og ver\u00f0a sem \u00e6ttfe\u00f0ur \u00ed J\u00fadar\u00edki, og Ekronsborgarmenn eins og Jeb\u00fasborgarmenn <span class='VideyAth'>d)<\/span>. <br \/><a name=\"8\"><span class=\"versanumer\">8<\/span><\/a>Eg vil setja herb\u00fa\u00f0ir \u00ed kring um mitt h\u00fas, til varnar m\u00f3ti herli\u00f0i og hleypiflokkum <span class='VideyAth'>(\u00f3vinanna)<\/span>; enginn k\u00fagari skal framar va\u00f0a yfir \u00fe\u00e1; \u00fev\u00ed n\u00fa hefi eg s\u00e9\u00f0 <span class='VideyAth'>(me\u00f0fer\u00f0ina \u00e1 m\u00ednu f\u00f3lki)<\/span> me\u00f0 m\u00ednum augum.<a name=\"9\"><span class=\"versanumer\">9<\/span><\/a>Fagna \u00fe\u00fa mj\u00f6g, S\u00edons d\u00f3ttir! Kyrja \u00fe\u00fa upp, Jer\u00fasalemsd\u00f3ttir! Sj\u00e1! \u00feinn konungur kemur til \u00fe\u00edn! r\u00e9ttl\u00e1tur er hann og sigurs\u00e6ll, l\u00edtill\u00e1tur, og r\u00ed\u00f0ur \u00e1 asna, \u00e1 ungum \u00f6snufola.<a name=\"10\"><span class=\"versanumer\">10<\/span><\/a>Eg vil ey\u00f0a \u00f6llum v\u00f6gnum hj\u00e1 Efraims\u00e6tt, og \u00f6llum hestum \u00ed Jer\u00fasalemsborg; \u00f6llum herborgum skal og eytt ver\u00f0a: \u00fev\u00ed hann skal kenna \u00fej\u00f3\u00f0unum fri\u00f0, og veldi hans skal n\u00e1 fr\u00e1 hafi til hafs, og fr\u00e1 flj\u00f3ti til landsenda.<a name=\"11\"><span class=\"versanumer\">11<\/span><\/a>Og \u00fe\u00fa <span class='VideyAth'>(\u00cdsraelsl\u00fd\u00f0ur)<\/span>! samkv\u00e6mt s\u00e1ttm\u00e1lanum vi\u00f0 \u00feig, sem me\u00f0 bl\u00f3\u00f0i er sta\u00f0festur <span class='VideyAth'>a)<\/span> sleppti eg bandingjum \u00fe\u00ednum \u00fat af hinni vatnslausu gryfjunni <span class='VideyAth'>b)<\/span>.<a name=\"12\"><span class=\"versanumer\">12<\/span><\/a>Sn\u00fai\u00f0 aftur til hins trausta v\u00edgisins, \u00fe\u00e9r herteknu, sem v\u00e6nti\u00f0 lausnarinnar <span class='VideyAth'>c)<\/span>! Einnig \u00ed dag gj\u00f6ri eg \u00fea\u00f0 heyrumkunnugt, a\u00f0 tv\u00f6faldlega vil eg \u00fe\u00e9r endurgjalda.<a name=\"13\"><span class=\"versanumer\">13<\/span><\/a>\u00dev\u00ed eg hefi J\u00fadar\u00edki fyrir spenntan streng, og Efraims\u00e6tt fyrir uppdreginn boga; eg vek sonu \u00fe\u00edna, S\u00edonsfjall, m\u00f3ti \u00fe\u00ednum sonum, Grikkland, og gj\u00f6ri \u00feig a\u00f0 sver\u00f0i \u00ed hermannshendi.<a name=\"14\"><span class=\"versanumer\">14<\/span><\/a>Drottinn skal birtast \u00ed \u00f6ndver\u00f0u li\u00f0i \u00feeirra, og hans \u00f6rvar \u00fat fara, sem eldingar; Drottinn hinn alvaldi skal \u00feeyta l\u00fa\u00f0urinn og ganga fram \u00ed sunnanstormum.<a name=\"15\"><span class=\"versanumer\">15<\/span><\/a>Drottinn allsherjar skal vera \u00feeirra hl\u00edf, en \u00feeir skulu ey\u00f0ileggja og undir f\u00f3tum tro\u00f0a sl\u00f6ngusteinana, \u00feeir skulu va\u00f0a \u00e1fram, <span class='VideyAth'>(bl\u00f3\u00f0i)<\/span> drukknir eins og af v\u00edni, l\u00f6\u00f0randi, sem f\u00f3rnarsk\u00e1lir, sem horn upp af altari.<a name=\"16\"><span class=\"versanumer\">16<\/span><\/a>Drottinn, Gu\u00f0 \u00feeirra, mun frelsa sinn l\u00fd\u00f0 \u00e1 \u00feeim degi, eins og hir\u00f0irinn hj\u00f6r\u00f0 s\u00edna; og v\u00edg\u00f0ir steinar skulu uppreistir standa \u00ed hans landi.<a name=\"17\"><span class=\"versanumer\">17<\/span><\/a>\u00dev\u00ed hv\u00f6rsu st\u00f3r er hans g\u00e6ska! hv\u00f6rsu fagrar hans gjafir! af korni og v\u00ednberjalegi skulu ungir sveinar og meyjar <span class='VideyAth'>(aftur)<\/span> upprenna.<\/p>\n<div class=\"footnoteVidey\">V. 7. c. \u00de. e. Eg skal l\u00e1ta \u00fe\u00e1 h\u00e6tta bl\u00f3tum og a\u00f0 eta af skur\u00f0go\u00f0af\u00f3rnum. d. \u00de. e. Jer\u00fasalemsborgarmenn, \u00fev\u00ed Jer\u00fasalemsborg h\u00e9t \u00e1\u00f0ur Jeb\u00fasborg, D\u00f3m. 19,10.  V. 11. a. Hebr. bl\u00f3\u00f0 s\u00e1ttm\u00e1lans, \u00fe. e. s\u00e1ttm\u00e1li, sta\u00f0festur me\u00f0 f\u00f3rnf\u00e6ringu. b. \u00de. e. frelsa\u00f0i \u00feig \u00far Egyptalands \u00e1nau\u00f0.  V. 12. c. Hebr., \u00fe\u00e9r vonarbandingjar. Hi\u00f0 trausta v\u00edgi er S\u00edonsfjall, Jer\u00fasalemsborg.<\/div>\n","protected":false},"excerpt":{"rendered":"<p>Sakar\u00edas sp\u00e1ir ey\u00f0ileggingu S\u00fdrlandi, Fen\u00edkalandi og Filistalandi; og a\u00f0 Filistar muni um s\u00ed\u00f0ir l\u00e1ta af bl\u00f3tum og taka sanna tr\u00fa; segir, a\u00f0 Gu\u00f0 muni senda Mess\u00edas og vernda volduglega sitt f\u00f3lk. 1D\u00f3mur Drottins er upp kve\u00f0inn yfir Hadrakslandi, og mun fram koma \u00e1 Damaskusborg; \u00fev\u00ed Drottinn hefir g\u00e1t \u00e1 \u00f6\u00f0rum m\u00f6nnum, eins og \u00e1 \u00e6ttkv\u00edslum \u00cdsraelsmanna.2S\u00f6mulei\u00f0is mun hann fram koma \u00e1 Hamatslandi, sem \u00fear liggur hj\u00e1, og \u00e1 T\u00fdrusborg og S\u00eddonsborg, \u00fev\u00ed \u00fe\u00e6r eru sl\u00e6gvitrar mj\u00f6g.3\u00de\u00f3 T\u00fdrusborg hafi byggt s\u00e9r \u00f6ruggt v\u00edgi, og safna\u00f0 silfri sem sandi, og gulli sem saur \u00e1 str\u00e6tum:4\u00de\u00e1 skal \u00fe\u00f3 hinn Alvaldi ey\u00f0a hana, og <a href=\"https:\/\/biblian.is\/videy\/sakaria-9-kafli\/\"> [&#8230;]<\/a><\/p>\n","protected":false},"author":1,"featured_media":0,"parent":0,"menu_order":0,"comment_status":"open","ping_status":"open","template":"bibliukaflar.php","meta":{"footnotes":""},"class_list":["post-21769","page","type-page","status-publish","hentry"],"_links":{"self":[{"href":"https:\/\/biblian.is\/videy\/wp-json\/wp\/v2\/pages\/21769","targetHints":{"allow":["GET"]}}],"collection":[{"href":"https:\/\/biblian.is\/videy\/wp-json\/wp\/v2\/pages"}],"about":[{"href":"https:\/\/biblian.is\/videy\/wp-json\/wp\/v2\/types\/page"}],"author":[{"embeddable":true,"href":"https:\/\/biblian.is\/videy\/wp-json\/wp\/v2\/users\/1"}],"replies":[{"embeddable":true,"href":"https:\/\/biblian.is\/videy\/wp-json\/wp\/v2\/comments?post=21769"}],"version-history":[{"count":0,"href":"https:\/\/biblian.is\/videy\/wp-json\/wp\/v2\/pages\/21769\/revisions"}],"wp:attachment":[{"href":"https:\/\/biblian.is\/videy\/wp-json\/wp\/v2\/media?parent=21769"}],"curies":[{"name":"wp","href":"https:\/\/api.w.org\/{rel}","templated":true}]}}