{"id":21768,"date":"2018-01-02T01:03:52","date_gmt":"2018-01-02T01:03:52","guid":{"rendered":"http:\/\/biblian.is\/videy\/sakaria-8-kafli\/"},"modified":"2018-01-02T01:03:52","modified_gmt":"2018-01-02T01:03:52","slug":"sakaria-8-kafli","status":"publish","type":"page","link":"https:\/\/biblian.is\/videy\/sakaria-8-kafli\/","title":{"rendered":"Sakar\u00eda 8. kafli"},"content":{"rendered":"<div class=\"fyrirsognVidey\">Framhald: Gu\u00f0s miskunn vi\u00f0 \u00fe\u00e1 \u00feverbrotnu Gy\u00f0inga; sp\u00e1ma\u00f0urinn hughreystir Gy\u00f0inga og upphvetur \u00fe\u00e1 til sannrar Gu\u00f0sd\u00fdrkunar.<\/div>\n<p><a name=\"1\"><span class=\"versanumer\">1<\/span><\/a>Ennfremur tala\u00f0i Drottinn allsherjar til m\u00edn \u00feessum or\u00f0um:<a name=\"2\"><span class=\"versanumer\">2<\/span><\/a>Svo segir Drottinn allsherjar: eg vil r\u00e9tta hlut S\u00edonsfjalls me\u00f0 st\u00f3rri vandl\u00e6tingu, me\u00f0 st\u00f3rri rei\u00f0i vil eg r\u00e9tta hlut \u00feess.<a name=\"3\"><span class=\"versanumer\">3<\/span><\/a>Svo segir Drottinn: eg vil sn\u00faa m\u00e9r aftur til S\u00edonsfjalls, og b\u00faa mitt \u00ed Jer\u00fasalemsborg; og Jer\u00fasalemsborg skal kallast Sannleiksborg, og fjall Drottins allsherjar skal kallast fjall heilagleikans.<a name=\"4\"><span class=\"versanumer\">4<\/span><\/a>Svo segir Drottinn allsherjar: gamlir menn og gamlar konur skulu \u00e1 s\u00ed\u00f0an sitja \u00e1 str\u00e6tum Jer\u00fasalemsborgar, og hv\u00f6rt \u00feeirra hafa staf \u00ed hendi s\u00e9r, fyrir elli sakir;<a name=\"5\"><span class=\"versanumer\">5<\/span><\/a>og str\u00e6ti borgarinnar skulu full vera af ungum sveinum og meyjum, sem leika s\u00e9r \u00e1 str\u00e6tunum.<br \/><a name=\"6\"><span class=\"versanumer\">6<\/span><\/a>Svo segir Drottinn allsherjar: jafnvel \u00fe\u00f3 \u00fea\u00f0, sem fram skal koma \u00e1 \u00feeim d\u00f6gum, s\u00fdnist torvelt \u00ed augum \u00feessa eftiror\u00f0na f\u00f3lks, skyldi \u00fea\u00f0 \u00fear fyrir vera torvelt fyrir mig? segir Drottinn allsherjar.<a name=\"7\"><span class=\"versanumer\">7<\/span><\/a>Svo segir Drottinn allsherjar: sj\u00e1, eg frelsa l\u00fd\u00f0 minn \u00far \u00f6llum l\u00f6ndum, hv\u00f6rt sem \u00feau liggja m\u00f3ti austri e\u00f0a vestri.<a name=\"8\"><span class=\"versanumer\">8<\/span><\/a>Eg vil lei\u00f0a \u00fe\u00e1 hinga\u00f0, og \u00feeir skulu b\u00faa mitt \u00ed Jer\u00fasalemsborg; \u00feeir skulu vera mitt f\u00f3lk, og eg vil vera \u00feeirra Gu\u00f0 \u00ed sannleika og r\u00e9ttl\u00e6ti.<a name=\"9\"><span class=\"versanumer\">9<\/span><\/a>Svo segir Drottinn allsherjar: veri\u00f0 hughraustir, \u00fe\u00e9r sem \u00e1 \u00feessum d\u00f6gum heyri\u00f0 \u00feessi or\u00f0 af munni \u00feeirra sp\u00e1manna <span class='VideyAth'>a)<\/span>, sem uppi voru \u00feann dag er lag\u00f0ur var grundv\u00f6llur til h\u00fass Drottins allsherjar, svo a\u00f0 musteri\u00f0 yr\u00f0i uppbyggt.<a name=\"10\"><span class=\"versanumer\">10<\/span><\/a>\u00dev\u00ed \u00e1 undan \u00feeim d\u00f6gum var\u00f0 enginn \u00e1rangur af erfi\u00f0i manna, og ekkert gagn haft af kvikf\u00e9na\u00f0i; hv\u00f6rt sem ma\u00f0ur gekk \u00fat e\u00f0a einn, var enginn fri\u00f0ur fyrir \u00f3vinum; og eg hleypti hv\u00f6rjum manni upp \u00e1 m\u00f3ti \u00f6\u00f0rum.<a name=\"11\"><span class=\"versanumer\">11<\/span><\/a>En n\u00fa vil eg eigi vera eins vi\u00f0 \u00fe\u00e1, sem eftir eru af \u00feessari \u00fej\u00f3\u00f0, eins og eg var \u00ed fyrri daga, segir Drottinn allsherjar.<a name=\"12\"><span class=\"versanumer\">12<\/span><\/a>Fr\u00e6kornin skulu vera \u00ed fri\u00f0i: v\u00edntr\u00e9\u00f0 skal bera sinn \u00e1v\u00f6xt, j\u00f6r\u00f0in skal gefa sinn gr\u00f3\u00f0a, og himinninn s\u00edna d\u00f6gg. Allt \u00feetta vil eg l\u00e1ta eftirleifum \u00feessa f\u00f3lks \u00ed skaut falla.<a name=\"13\"><span class=\"versanumer\">13<\/span><\/a>\u00de\u00e1 skal svo fara, a\u00f0 eins og \u00fe\u00e9r J\u00fadar\u00edkismenn og \u00fe\u00e9r \u00cdsraelsmenn voru\u00f0 \u00e1\u00f0ur \u00e1litnir af \u00f6\u00f0rum \u00fej\u00f3\u00f0um sem \u00f3hamingjumenn, eins vil eg n\u00fa svo a\u00f0sto\u00f0a y\u00f0ur, a\u00f0 \u00fe\u00e9r skulu\u00f0 ver\u00f0a \u00e1litnir au\u00f0numenn. \u00d3ttist \u00fev\u00ed ekki, heldur veri\u00f0 hughraustir!<a name=\"14\"><span class=\"versanumer\">14<\/span><\/a>\u00dev\u00ed svo segir Drottinn allsherjar: eins og eg t\u00f3k \u00fea\u00f0 fyrir mig, a\u00f0 vera har\u00f0ur vi\u00f0 y\u00f0ur og ekki v\u00e6gja y\u00f0ur, \u00feegar forfe\u00f0ur y\u00f0ar reittu mig til rei\u00f0i, segir Drottinn allsherjar:<a name=\"15\"><span class=\"versanumer\">15<\/span><\/a>eins hefi eg \u00fear \u00e1 m\u00f3ti teki\u00f0 \u00fea\u00f0 fyrir mig, a\u00f0 vera g\u00f3\u00f0ur vi\u00f0 innbyggjendur Jer\u00fasalemsborgar og vi\u00f0 J\u00fadar\u00edkismenn \u00e1 \u00feessum d\u00f6gum. \u00d3ttist \u00fev\u00ed ekki!<a name=\"16\"><span class=\"versanumer\">16<\/span><\/a>\u00deetta er \u00fea\u00f0, sem y\u00f0ur ber a\u00f0 \u00e1stunda: tali\u00f0 sannindi, hv\u00f6r vi\u00f0 annan; d\u00e6mi\u00f0 r\u00e9tta og fri\u00f0v\u00e6nlega d\u00f3ma \u00e1 y\u00f0ar \u00feingum;<a name=\"17\"><span class=\"versanumer\">17<\/span><\/a>enginn y\u00f0ar hugsi \u00f6\u00f0rum illt \u00ed hjarta s\u00ednu; elski\u00f0 ekki rangan ei\u00f0! \u00fev\u00ed allt \u00feess konar hata eg, segir Drottinn.<br \/><a name=\"18\"><span class=\"versanumer\">18<\/span><\/a>\u00dev\u00ed n\u00e6st tala\u00f0i Drottinn allsherjar til m\u00edn \u00feessum or\u00f0um:<a name=\"19\"><span class=\"versanumer\">19<\/span><\/a>Svo segir Drottinn allsherjar: fastan \u00ed hinum fj\u00f3r\u00f0a m\u00e1nu\u00f0i <span class='VideyAth'>a)<\/span>, fastan \u00ed hinum fimmta m\u00e1nu\u00f0i, fastan \u00ed hinum sj\u00f6unda m\u00e1nu\u00f0i, og fastan \u00ed hinum t\u00edunda m\u00e1nu\u00f0i <span class='VideyAth'>b)<\/span> skal ver\u00f0a J\u00fadar\u00edkis m\u00f6nnum til fagna\u00f0ar og gle\u00f0i og a\u00f0 \u00e6skilegum l\u00f6gh\u00e1t\u00ed\u00f0um. Elski\u00f0 a\u00f0eins sannleik og fri\u00f0!<a name=\"20\"><span class=\"versanumer\">20<\/span><\/a>Svo segir Drottinn allsherjar: eitt sinn skal \u00fea\u00f0 ver\u00f0a, a\u00f0 \u00fej\u00f3\u00f0ir og innbyggjendur margra borga munu koma,<a name=\"21\"><span class=\"versanumer\">21<\/span><\/a>og innbyggjendur einnar borgar skulu fara til annarrar borgar, og segja: l\u00e1tum oss fara til a\u00f0 bi\u00f0ja Drottinn miskunnar og til a\u00f0 leita Drottins allsherjar!\u2014\u201eEg vil fara!\u201c\u2014\u201eog eg l\u00edka!\u201c<a name=\"22\"><span class=\"versanumer\">22<\/span><\/a>Skulu \u00fe\u00e1 margir menn og voldugar \u00fej\u00f3\u00f0ir koma til a\u00f0 leita Drottins allsherjar \u00ed Jer\u00fasalemsborg, og bi\u00f0ja Drottinn miskunnar me\u00f0 au\u00f0mj\u00fakri b\u00e6n.<a name=\"23\"><span class=\"versanumer\">23<\/span><\/a>Svo segir Drottinn allsherjar: \u00e1 \u00feeim d\u00f6gum skal \u00fea\u00f0 ver\u00f0a, a\u00f0 t\u00edu menn af \u00fej\u00f3\u00f0um \u00fdmissra tungna skulu taka \u00ed kyrtilskaut eins J\u00fadamanns, og segja: v\u00e9r viljum fara me\u00f0 y\u00f0ur, \u00fev\u00ed v\u00e9r heyrum, a\u00f0 Gu\u00f0 er me\u00f0 y\u00f0ur.<\/p>\n<div class=\"footnoteVidey\">V. 9. a. \u00de. e. sp\u00e1mennirnir, Sakarias og Hagga\u00ed.  V. 19. a. \u00deegar Kaldear t\u00f3ku Jer\u00fasalemsborg. Jer 52,6. b. \u00de\u00e1 ums\u00e1tur Jer\u00fasalemsborgar h\u00f3fst, 2 K\u00f3ng. 25,1. Jer. 52,4.<\/div>\n","protected":false},"excerpt":{"rendered":"<p>Framhald: Gu\u00f0s miskunn vi\u00f0 \u00fe\u00e1 \u00feverbrotnu Gy\u00f0inga; sp\u00e1ma\u00f0urinn hughreystir Gy\u00f0inga og upphvetur \u00fe\u00e1 til sannrar Gu\u00f0sd\u00fdrkunar. 1Ennfremur tala\u00f0i Drottinn allsherjar til m\u00edn \u00feessum or\u00f0um:2Svo segir Drottinn allsherjar: eg vil r\u00e9tta hlut S\u00edonsfjalls me\u00f0 st\u00f3rri vandl\u00e6tingu, me\u00f0 st\u00f3rri rei\u00f0i vil eg r\u00e9tta hlut \u00feess.3Svo segir Drottinn: eg vil sn\u00faa m\u00e9r aftur til S\u00edonsfjalls, og b\u00faa mitt \u00ed Jer\u00fasalemsborg; og Jer\u00fasalemsborg skal kallast Sannleiksborg, og fjall Drottins allsherjar skal kallast fjall heilagleikans.4Svo segir Drottinn allsherjar: gamlir menn og gamlar konur skulu \u00e1 s\u00ed\u00f0an sitja \u00e1 str\u00e6tum Jer\u00fasalemsborgar, og hv\u00f6rt \u00feeirra hafa staf \u00ed hendi s\u00e9r, fyrir elli sakir;5og str\u00e6ti borgarinnar skulu full <a href=\"https:\/\/biblian.is\/videy\/sakaria-8-kafli\/\"> [&#8230;]<\/a><\/p>\n","protected":false},"author":1,"featured_media":0,"parent":0,"menu_order":0,"comment_status":"open","ping_status":"open","template":"bibliukaflar.php","meta":{"footnotes":""},"class_list":["post-21768","page","type-page","status-publish","hentry"],"_links":{"self":[{"href":"https:\/\/biblian.is\/videy\/wp-json\/wp\/v2\/pages\/21768","targetHints":{"allow":["GET"]}}],"collection":[{"href":"https:\/\/biblian.is\/videy\/wp-json\/wp\/v2\/pages"}],"about":[{"href":"https:\/\/biblian.is\/videy\/wp-json\/wp\/v2\/types\/page"}],"author":[{"embeddable":true,"href":"https:\/\/biblian.is\/videy\/wp-json\/wp\/v2\/users\/1"}],"replies":[{"embeddable":true,"href":"https:\/\/biblian.is\/videy\/wp-json\/wp\/v2\/comments?post=21768"}],"version-history":[{"count":0,"href":"https:\/\/biblian.is\/videy\/wp-json\/wp\/v2\/pages\/21768\/revisions"}],"wp:attachment":[{"href":"https:\/\/biblian.is\/videy\/wp-json\/wp\/v2\/media?parent=21768"}],"curies":[{"name":"wp","href":"https:\/\/api.w.org\/{rel}","templated":true}]}}