{"id":21767,"date":"2018-01-02T01:03:52","date_gmt":"2018-01-02T01:03:52","guid":{"rendered":"http:\/\/biblian.is\/videy\/sakaria-7-kafli\/"},"modified":"2018-01-02T01:03:52","modified_gmt":"2018-01-02T01:03:52","slug":"sakaria-7-kafli","status":"publish","type":"page","link":"https:\/\/biblian.is\/videy\/sakaria-7-kafli\/","title":{"rendered":"Sakar\u00eda 7. kafli"},"content":{"rendered":"<div class=\"fyrirsognVidey\">Sakar\u00edas br\u00fdnir fyrir Gy\u00f0ingum a\u00f0 hreint hjartalag og r\u00e1\u00f0vant l\u00edferni s\u00e9 meir vert, en f\u00f6stuhald.<\/div>\n<p><a name=\"1\"><span class=\"versanumer\">1<\/span><\/a>\u00c1 fj\u00f3r\u00f0a \u00e1ri Dar\u00ed\u00ed konungs kom or\u00f0 Drottins til Sakar\u00edass; \u00fea\u00f0 var fj\u00f3r\u00f0a dag hins n\u00edunda m\u00e1na\u00f0ar, \u00feess er kallast kislev;<a name=\"2\"><span class=\"versanumer\">2<\/span><\/a>\u00feegar \u00feeir Sareser og Regem-Melek og menn \u00feeirra voru sendir til Drottins h\u00fass, til \u00feess a\u00f0 leita miskunnar Drottins me\u00f0 au\u00f0mj\u00fakri b\u00e6n,<a name=\"3\"><span class=\"versanumer\">3<\/span><\/a>og til \u00feess a\u00f0 a\u00f0spyrja kennimenn \u00fe\u00e1, er \u00fej\u00f3nu\u00f0u \u00ed h\u00fasi Drottins allsherjar, og sp\u00e1mennina me\u00f0 \u00feessum or\u00f0um: skal eg enn \u00fe\u00e1 syrgja og fasta \u00ed hinum fimmta m\u00e1na\u00f0i <span class='VideyAth'>e)<\/span>, eins og eg hefi gj\u00f6rt n\u00fa upp \u00ed m\u00f6rg \u00e1r?<a name=\"4\"><span class=\"versanumer\">4<\/span><\/a>\u00de\u00e1 tala\u00f0i Drottinn allsherjar til m\u00edn svofelldum or\u00f0um:<a name=\"5\"><span class=\"versanumer\">5<\/span><\/a>Tala \u00fe\u00fa \u00feessum or\u00f0um til alls landsf\u00f3lksins og kennimannanna: \u00feegar \u00fe\u00e9r f\u00f6stu\u00f0u\u00f0 og h\u00e9ldu\u00f0 sorgarh\u00e1t\u00ed\u00f0 \u00ed hinum fimmta og hinum sj\u00f6unda <span class='VideyAth'>f)<\/span> m\u00e1nu\u00f0i, og \u00fea\u00f0 uppi \u00ed sj\u00f6tygi \u00e1r, var \u00fea\u00f0 \u00fe\u00e1 m\u00edn vegna a\u00f0 \u00fe\u00e9r f\u00f6stu\u00f0u\u00f0? var \u00fea\u00f0 fyrir mig?<a name=\"6\"><span class=\"versanumer\">6<\/span><\/a>Og \u00feegar \u00fe\u00e9r \u00e1tu\u00f0 og drukku\u00f0, voru \u00fe\u00e9r \u00fea\u00f0 \u00fe\u00e1 ekki, sem \u00e1tu\u00f0? voru\u00f0 \u00fe\u00e9r \u00fea\u00f0 ekki, sem drukku\u00f0?<a name=\"7\"><span class=\"versanumer\">7<\/span><\/a>Voru \u00fea\u00f0 ekki einmitt \u00feau or\u00f0, sem Drottinn l\u00e9t kunngj\u00f6ra fyrir munn hinna fyrri sp\u00e1manna, me\u00f0an Jer\u00fasalemsborg var enn \u00fe\u00e1 vi\u00f0 l\u00fd\u00f0i og \u00ed fri\u00f0i, og borgir hennar umhverfis \u00ed kring um hana, og me\u00f0an bygg\u00f0in enn \u00fe\u00e1 st\u00f3\u00f0 \u00ed su\u00f0urhluta landsins og \u00e1 l\u00e1glendinu?<a name=\"8\"><span class=\"versanumer\">8<\/span><\/a>Enn tala\u00f0i Drottinn \u00feessum or\u00f0um til Sakar\u00edass:<a name=\"9\"><span class=\"versanumer\">9<\/span><\/a>Svo sag\u00f0i Drottinn allsherjar: \u201ed\u00e6mi\u00f0 r\u00e9tta d\u00f3ma, au\u00f0s\u00fdni\u00f0 hv\u00f6r \u00f6\u00f0rum k\u00e6rleika og miskunnsemi,<a name=\"10\"><span class=\"versanumer\">10<\/span><\/a>veiti\u00f0 ekki \u00e1gang ekkjum, muna\u00f0arleysingjum, \u00fatlendum e\u00f0a f\u00e1t\u00e6kum m\u00f6nnum! Enginn y\u00f0ar hugsi \u00f6\u00f0rum illt!\u201c<a name=\"11\"><span class=\"versanumer\">11<\/span><\/a>En \u00feeir treg\u00f0u\u00f0ust vi\u00f0 a\u00f0 gefa \u00fev\u00ed gaum, gj\u00f6r\u00f0ust m\u00f3tsn\u00fanir, og daufheyr\u00f0ust vi\u00f0;<a name=\"12\"><span class=\"versanumer\">12<\/span><\/a>\u00feeir gj\u00f6r\u00f0u hj\u00f6rtu s\u00edn a\u00f0 demanti, til \u00feess \u00feeir skyldu ekki heyra l\u00f6gm\u00e1li\u00f0, og \u00feau or\u00f0, er Drottinn allsherjar sendi fyrir sinn anda, fyrir munn hinna fyrri sp\u00e1manna; hv\u00f6rs vegna Drottinn allsherjar var\u00f0 \u00feeim st\u00f3rlega rei\u00f0ur.<a name=\"13\"><span class=\"versanumer\">13<\/span><\/a>\u00deess vegna, eins og \u00feeir vildu ekki heyra, \u00feegar kalla\u00f0 var til \u00feeirra, eins vil eg ekki heldur heyra, \u00feegar \u00feeir kalla til m\u00edn, segir Drottinn allsherjar.<a name=\"14\"><span class=\"versanumer\">14<\/span><\/a>\u00de\u00e1 tv\u00edstra\u00f0i eg \u00feeim me\u00f0al margh\u00e1tta\u00f0ra \u00fej\u00f3\u00f0a, sem \u00feeir \u00feektu engin deili \u00e1; og landi\u00f0 l\u00e1 \u00ed ey\u00f0i eftir \u00fe\u00e1, svo enginn f\u00f3r \u00fear um, og enginn bj\u00f3 \u00fear; hi\u00f0 \u00e1g\u00e6ta landi\u00f0 var\u00f0 a\u00f0 au\u00f0n.<\/p>\n<div class=\"footnoteVidey\">V. 3. e. Gy\u00f0ingar h\u00e9ldu tilskipa\u00f0a f\u00f6stu \u00ed herlei\u00f0ingunni \u00ed hinum 5ta m\u00e1nu\u00f0i, af \u00fev\u00ed musteri\u00f0 haf\u00f0i \u00ed \u00feeim m\u00e1nu\u00f0i veri\u00f0 ey\u00f0ilagt, 2 K\u00f3ng. 25,8.  V. 5. f. \u00cd \u00feeim m\u00e1nu\u00f0i var Gedal\u00eda drepinn, og tv\u00edstra\u00f0 \u00feeim Gy\u00f0ingum, er honum fylgdu 2 K\u00f3ng. 25,25. Jer. 41.<\/div>\n","protected":false},"excerpt":{"rendered":"<p>Sakar\u00edas br\u00fdnir fyrir Gy\u00f0ingum a\u00f0 hreint hjartalag og r\u00e1\u00f0vant l\u00edferni s\u00e9 meir vert, en f\u00f6stuhald. 1\u00c1 fj\u00f3r\u00f0a \u00e1ri Dar\u00ed\u00ed konungs kom or\u00f0 Drottins til Sakar\u00edass; \u00fea\u00f0 var fj\u00f3r\u00f0a dag hins n\u00edunda m\u00e1na\u00f0ar, \u00feess er kallast kislev;2\u00feegar \u00feeir Sareser og Regem-Melek og menn \u00feeirra voru sendir til Drottins h\u00fass, til \u00feess a\u00f0 leita miskunnar Drottins me\u00f0 au\u00f0mj\u00fakri b\u00e6n,3og til \u00feess a\u00f0 a\u00f0spyrja kennimenn \u00fe\u00e1, er \u00fej\u00f3nu\u00f0u \u00ed h\u00fasi Drottins allsherjar, og sp\u00e1mennina me\u00f0 \u00feessum or\u00f0um: skal eg enn \u00fe\u00e1 syrgja og fasta \u00ed hinum fimmta m\u00e1na\u00f0i e), eins og eg hefi gj\u00f6rt n\u00fa upp \u00ed m\u00f6rg \u00e1r?4\u00de\u00e1 tala\u00f0i Drottinn allsherjar til <a href=\"https:\/\/biblian.is\/videy\/sakaria-7-kafli\/\"> [&#8230;]<\/a><\/p>\n","protected":false},"author":1,"featured_media":0,"parent":0,"menu_order":0,"comment_status":"open","ping_status":"open","template":"bibliukaflar.php","meta":{"footnotes":""},"class_list":["post-21767","page","type-page","status-publish","hentry"],"_links":{"self":[{"href":"https:\/\/biblian.is\/videy\/wp-json\/wp\/v2\/pages\/21767","targetHints":{"allow":["GET"]}}],"collection":[{"href":"https:\/\/biblian.is\/videy\/wp-json\/wp\/v2\/pages"}],"about":[{"href":"https:\/\/biblian.is\/videy\/wp-json\/wp\/v2\/types\/page"}],"author":[{"embeddable":true,"href":"https:\/\/biblian.is\/videy\/wp-json\/wp\/v2\/users\/1"}],"replies":[{"embeddable":true,"href":"https:\/\/biblian.is\/videy\/wp-json\/wp\/v2\/comments?post=21767"}],"version-history":[{"count":0,"href":"https:\/\/biblian.is\/videy\/wp-json\/wp\/v2\/pages\/21767\/revisions"}],"wp:attachment":[{"href":"https:\/\/biblian.is\/videy\/wp-json\/wp\/v2\/media?parent=21767"}],"curies":[{"name":"wp","href":"https:\/\/api.w.org\/{rel}","templated":true}]}}