{"id":21766,"date":"2018-01-02T01:03:52","date_gmt":"2018-01-02T01:03:52","guid":{"rendered":"http:\/\/biblian.is\/videy\/sakaria-6-kafli\/"},"modified":"2018-01-02T01:03:52","modified_gmt":"2018-01-02T01:03:52","slug":"sakaria-6-kafli","status":"publish","type":"page","link":"https:\/\/biblian.is\/videy\/sakaria-6-kafli\/","title":{"rendered":"Sakar\u00eda 6. kafli"},"content":{"rendered":"<div class=\"fyrirsognVidey\">Fj\u00f3rir vagnar me\u00f0 fj\u00f3rum hestum fyrir fara yfir j\u00f6r\u00f0ina, til a\u00f0 hegna m\u00f3tst\u00f6\u00f0um\u00f6nnum Gu\u00f0s safna\u00f0ar. K\u00f3r\u00f3na\u00f0ur J\u00f3s\u00faa, hinn \u00e6\u00f0sti kennima\u00f0ur.<\/div>\n<p><a name=\"1\"><span class=\"versanumer\">1<\/span><\/a>Eg h\u00f3f aftur upp augu m\u00edn, og s\u00e1 hvar fj\u00f3rir vagnar komu \u00fat \u00e1 me\u00f0al tveggja fjalla, en \u00feau fj\u00f6ll voru eirfj\u00f6ll.<a name=\"2\"><span class=\"versanumer\">2<\/span><\/a>Fyrir fyrsta vagninum voru rau\u00f0ir hestar, fyrir \u00f6\u00f0rum vagninum svartir hestar,<a name=\"3\"><span class=\"versanumer\">3<\/span><\/a>fyrir \u00feri\u00f0ja vagninum hv\u00edtir hestar, og fyrir hinum fj\u00f3r\u00f0a rau\u00f0skj\u00f3ttir.<a name=\"4\"><span class=\"versanumer\">4<\/span><\/a>Eg spur\u00f0i \u00fe\u00e1 engilinn, sem vi\u00f0 mig tala\u00f0i: hv\u00f6rjir eru \u00feessir, herra?<a name=\"5\"><span class=\"versanumer\">5<\/span><\/a>Engillinn svara\u00f0i m\u00e9r, og sag\u00f0i: \u00feetta eru \u00feeir fj\u00f3rir himins andar, sem \u00fat eru gengnir, eftir a\u00f0 \u00feeir hafa sta\u00f0i\u00f0 frammi fyrir Drottni allrar jar\u00f0arinnar.<a name=\"6\"><span class=\"versanumer\">6<\/span><\/a>Vagninn me\u00f0 hinum sv\u00f6rtu hestum fer \u00ed m\u00f3ti Nor\u00f0urlandinu <span class='VideyAth'>a)<\/span>, og hinir hv\u00edtu fylgja \u00feeim, en hinir skj\u00f3ttu fara m\u00f3ti Su\u00f0urlandinu <span class='VideyAth'>b)<\/span>.<a name=\"7\"><span class=\"versanumer\">7<\/span><\/a>Hinir rau\u00f0u fara \u00fat, og eru r\u00e1\u00f0nir til a\u00f0 fara yfir alla j\u00f6r\u00f0ina; \u00fev\u00ed til \u00feeirra hefir veri\u00f0 sagt: fari\u00f0 yfir allt jar\u00f0r\u00edki\u00f0; og n\u00fa fara \u00feeir yfir allt jar\u00f0r\u00edki.<a name=\"8\"><span class=\"versanumer\">8<\/span><\/a>Enn kalla\u00f0i engillinn til m\u00edn, og sag\u00f0i: sj\u00e1 \u00fe\u00fa! \u00feeir sem fara \u00ed m\u00f3ti Nor\u00f0urlandinu, skulu l\u00e1ta rei\u00f0i m\u00edna sta\u00f0n\u00e6mast \u00ed Nor\u00f0urlandinu.<br \/><a name=\"9\"><span class=\"versanumer\">9<\/span><\/a>Enn tala\u00f0i Drottinn til m\u00edn svol\u00e1tandi or\u00f0um:<a name=\"10\"><span class=\"versanumer\">10<\/span><\/a>\u00fe\u00fa skalt taka vi\u00f0 sendingum hinna herleiddu, af \u00feeim Helda\u00ed, Tob\u00edasi og Jedaja <span class='VideyAth'>(\u00fev\u00ed hinn sama dag skaltu ganga heiman og koma \u00ed h\u00fas J\u00f3s\u00edas Seffan\u00edassonar, hvar sendimennirnir fr\u00e1 Babel halda til)<\/span>.<a name=\"11\"><span class=\"versanumer\">11<\/span><\/a>\u00de\u00fa skalt taka vi\u00f0 gulli og silfri af \u00feeim, og b\u00faa til k\u00f3r\u00f3nur, og setja \u00fe\u00e6r \u00e1 h\u00f6fu\u00f0 J\u00f3s\u00faa J\u00f3sadakssonar, hins \u00e6\u00f0sta kennimanns,<a name=\"12\"><span class=\"versanumer\">12<\/span><\/a>og seg til hans \u00feessum or\u00f0um: Svo segir Drottinn allsherjar: ma\u00f0ur nokkur kemur, s\u00e1 heitir Semack, \u00fev\u00ed hann skal spretta upp af s\u00ednum reit, og byggja musteri Drottins.<a name=\"13\"><span class=\"versanumer\">13<\/span><\/a>Musteri Drottins skal hann byggja, og tignina bera, hann skal sitja og drottna \u00e1 s\u00ednum veldisst\u00f3li, og hann skal kennima\u00f0ur vera \u00e1 s\u00ednum veldisst\u00f3li, og milli \u00feeirra beggja <span class='VideyAth'>c)<\/span> skal vera fri\u00f0arsamband.<a name=\"14\"><span class=\"versanumer\">14<\/span><\/a>\u00deessar k\u00f3r\u00f3nur skulu vera \u00feeim Helem <span class='VideyAth'>d)<\/span>, Tob\u00edasi, Jedaja og Hen <span class='VideyAth'>d)<\/span> Seffan\u00edassyni til minningar \u00ed musteri Drottins.<a name=\"15\"><span class=\"versanumer\">15<\/span><\/a>Menn skulu koma af fjarl\u00e6gum l\u00f6ndum til a\u00f0 byggja musteri Drottins: og \u00fe\u00e9r skulu\u00f0 vi\u00f0urkenna, a\u00f0 Drottinn allsherjar hefir sent mig til y\u00f0ar. \u00deetta skal r\u00e6tast, ef \u00fe\u00e9r vilji\u00f0 hl\u00fd\u00f0a r\u00f6ddu Drottins, y\u00f0vars Gu\u00f0s.<\/p>\n<div class=\"footnoteVidey\">V. 6. a. \u00de. e. Ass\u00fdr\u00edulandi og Babelslandi. b. \u00de. e. Egyptalandi.  V. 13. c. Milli Drottins og Mess\u00edass.  V. 14. d. Sama sem Helda\u00ed og J\u00f3s\u00edas \u00ed 10 v.; \u00fea\u00f0 var ekki sjaldg\u00e6ft, a\u00f0 sami ma\u00f0ur haf\u00f0i tv\u00f6 n\u00f6fn.<\/div>\n","protected":false},"excerpt":{"rendered":"<p>Fj\u00f3rir vagnar me\u00f0 fj\u00f3rum hestum fyrir fara yfir j\u00f6r\u00f0ina, til a\u00f0 hegna m\u00f3tst\u00f6\u00f0um\u00f6nnum Gu\u00f0s safna\u00f0ar. K\u00f3r\u00f3na\u00f0ur J\u00f3s\u00faa, hinn \u00e6\u00f0sti kennima\u00f0ur. 1Eg h\u00f3f aftur upp augu m\u00edn, og s\u00e1 hvar fj\u00f3rir vagnar komu \u00fat \u00e1 me\u00f0al tveggja fjalla, en \u00feau fj\u00f6ll voru eirfj\u00f6ll.2Fyrir fyrsta vagninum voru rau\u00f0ir hestar, fyrir \u00f6\u00f0rum vagninum svartir hestar,3fyrir \u00feri\u00f0ja vagninum hv\u00edtir hestar, og fyrir hinum fj\u00f3r\u00f0a rau\u00f0skj\u00f3ttir.4Eg spur\u00f0i \u00fe\u00e1 engilinn, sem vi\u00f0 mig tala\u00f0i: hv\u00f6rjir eru \u00feessir, herra?5Engillinn svara\u00f0i m\u00e9r, og sag\u00f0i: \u00feetta eru \u00feeir fj\u00f3rir himins andar, sem \u00fat eru gengnir, eftir a\u00f0 \u00feeir hafa sta\u00f0i\u00f0 frammi fyrir Drottni allrar jar\u00f0arinnar.6Vagninn me\u00f0 hinum sv\u00f6rtu hestum <a href=\"https:\/\/biblian.is\/videy\/sakaria-6-kafli\/\"> [&#8230;]<\/a><\/p>\n","protected":false},"author":1,"featured_media":0,"parent":0,"menu_order":0,"comment_status":"open","ping_status":"open","template":"bibliukaflar.php","meta":{"footnotes":""},"class_list":["post-21766","page","type-page","status-publish","hentry"],"_links":{"self":[{"href":"https:\/\/biblian.is\/videy\/wp-json\/wp\/v2\/pages\/21766","targetHints":{"allow":["GET"]}}],"collection":[{"href":"https:\/\/biblian.is\/videy\/wp-json\/wp\/v2\/pages"}],"about":[{"href":"https:\/\/biblian.is\/videy\/wp-json\/wp\/v2\/types\/page"}],"author":[{"embeddable":true,"href":"https:\/\/biblian.is\/videy\/wp-json\/wp\/v2\/users\/1"}],"replies":[{"embeddable":true,"href":"https:\/\/biblian.is\/videy\/wp-json\/wp\/v2\/comments?post=21766"}],"version-history":[{"count":0,"href":"https:\/\/biblian.is\/videy\/wp-json\/wp\/v2\/pages\/21766\/revisions"}],"wp:attachment":[{"href":"https:\/\/biblian.is\/videy\/wp-json\/wp\/v2\/media?parent=21766"}],"curies":[{"name":"wp","href":"https:\/\/api.w.org\/{rel}","templated":true}]}}